{"id":5518,"date":"2014-07-29T12:35:07","date_gmt":"2014-07-29T12:35:07","guid":{"rendered":"https:\/\/www.allgeier.com\/de\/?page_id=5518"},"modified":"2023-01-22T17:10:04","modified_gmt":"2023-01-22T17:10:04","slug":"allgeier-se-allgeier-meldet-halbjahreszahlen","status":"publish","type":"page","link":"https:\/\/www.allgeier.com\/de\/investor-relations\/adhoc-announcements\/allgeier-se-allgeier-meldet-halbjahreszahlen\/","title":{"rendered":"ALLGEIER SE: Allgeier meldet Halbjahreszahlen"},"content":{"rendered":"<p><b>ALLGEIER SE  \/ Schlagwort(e): Halbjahresergebnis<\/b>29.07.2014 14:35Ver\u00f6ffentlichung einer Ad-hoc-Mitteilung nach \u00a7 15 WpHG, \u00fcbermittelt durchdie DGAP &#8211; ein Unternehmen der EQS Group AG.F\u00fcr den Inhalt der Mitteilung ist der Emittent verantwortlich.&#8212;&#8212;&#8212;&#8212;&#8212;&#8212;&#8212;&#8212;&#8212;&#8212;&#8212;&#8212;&#8212;&#8212;&#8212;&#8212;&#8212;&#8212;&#8212;&#8212;&#8212;&#8212;&#8212;&#8212;&#8212;M\u00fcnchen, 29.07.2014 &#8211; Allgeier SE (ISIN DE0005086300, WKN 508630)verzeichnet gem\u00e4\u00df vorl\u00e4ufiger Zahlen in den ersten sechs Monaten desGesch\u00e4ftsjahres 2014 (01. Januar 2014 &#8211; 30. Juni 2014) eine stabileUmsatzentwicklung. Das vorl\u00e4ufige EBITDA ging aufgrund derGesch\u00e4ftsentwicklung im Segment Experts zur\u00fcck. Die beiden \u00fcbrigen Segmentekonnten dagegen zum Teil deutliches Wachstum berichten. Der vorl\u00e4ufigeKonzernumsatz einschlie\u00dflich des aufgegebenen Gesch\u00e4fts blieb im erstenHalbjahr 2014 gegen\u00fcber den ersten sechs Monaten des Jahres 2013 mit 226,6Mio. Euro nahezu unver\u00e4ndert (Vorjahr: 227,3 Mio. Euro). Das vorl\u00e4ufigeEBITDA einschlie\u00dflich des aufgegebenen Gesch\u00e4fts fiel gegen\u00fcber demVergleichszeitraum des Vorjahres um 7 Prozent auf 11,5 Mio. Euro (Vorjahr:12,3 Mio. Euro). Das vorl\u00e4ufige EBIT (Ergebnis vor Zinsen und Steuern)einschlie\u00dflich des aufgegebenen Gesch\u00e4fts ging entsprechend auf 5,0 Mio.Euro zur\u00fcck (Vorjahr: 6,2 Mio. Euro). Das vorl\u00e4ufige EBT (Ergebnis vorSteuern) erreichte mit 3,3 Mio. Euro nahezu das Ergebnis derVorjahresperiode (Vorjahr: 3,5 Mio. Euro). Nach Abzug eines vorl\u00e4ufigenSteueraufwands von 1,5 Mio. Euro (Vorjahr: 1,4 Mio. Euro) erreichteAllgeier im ersten Halbjahr 2014 ein vorl\u00e4ufiges Periodenergebnis von 1,8Mio. Euro (Vorjahr: 2,1 Mio. Euro). Dabei betrug der vorl\u00e4ufige Umsatz desfortgef\u00fchrten Gesch\u00e4fts (ohne das aufgegebene Gesch\u00e4ft) im Berichtszeitraum202,4 Mio. Euro (Vorjahr: 202,9 Mio. Euro). Das vorl\u00e4ufige EBITDA desfortgef\u00fchrten Gesch\u00e4fts betrug w\u00e4hrend der Periode 10,7 Mio. Euro (Vorjahr:11,8 Mio. Euro).Der in den Halbjahreszahlen als aufgegebenes Gesch\u00e4ft gezeigteGesch\u00e4ftsbereich wird im Juli 2014 endkonsolidiert. Aus dem Abgang diesesGesch\u00e4fts erwartet der Allgeier Konzern einen Ertrag aus der Ver\u00e4u\u00dferungvon rund 1 Mio. Euro.Die Bilanzsumme reduzierte sich im ersten Halbjahr 2014 gem\u00e4\u00df vorl\u00e4ufigerZahlen mit 283,2 Mio. Euro am 30. Juni 2014 gegen\u00fcber dem Jahresende 2013leicht (31. Dezember 2013: 289,3 Mio. Euro). Der R\u00fcckgang der Bilanzsummeist wesentlich auf saisonale und stichtagsbedingte Schwankungen des WorkingCapitals, im ersten Halbjahr 2014 erfolgte Auszahlungen im Rahmen derAkquisitionst\u00e4tigkeit sowie die Zahlung der Dividende auf das Ergebnis desGesch\u00e4ftsjahres 2013 an die Aktion\u00e4re der Allgeier SE zur\u00fcckzuf\u00fchren. DerAllgeier Konzern verf\u00fcgt zum Bilanzstichtag \u00fcber liquide Mittel in H\u00f6he von35,0 Mio. Euro (31. Dezember 2013: 46,7 Mio. Euro). Die kurz- undlangfristigen Finanzschulden haben sich zum 30. Juni 2014 auf 77,9 Mio.Euro erh\u00f6ht (31. Dezember 2013: 75,5 Mio. Euro). Das Konzerneigenkapitalreduzierte sich leicht auf 93,3 Mio. Euro am 30. Juni 2014 (31. Dezember2013: 94,7 Mio. Euro).Der Halbjahresfinanzbericht 2014 der Allgeier SE wird am 14. August 2014ver\u00f6ffentlicht und ist dann unter www.allgeier.com einzusehen.Kontakt:Allgeier SECorporate Communications &amp; Investor RelationsDr. Christopher Gro\u00dfeWehrlestra\u00dfe 1281679 M\u00fcnchenTel.: +49 (0)89\/998421-0Fax: +49 (0)89\/998421-11E-Mail: ir@allgeier.comWeb: www.allgeier.comAllgeier SE ist eines der f\u00fchrenden IT-Unternehmen f\u00fcr BusinessPerformance: Mit einer auf Innovationen und Zukunftstrends ausgerichtetenWachstumsstrategie sowie einem integrativen unternehmerischen Modellverbindet Allgeier die Vorteile eines internationalen Anbieters mit denTugenden mittelst\u00e4ndischer Unternehmer. Operative Divisionen mitindividuellen fachlichen oder branchenbezogenen Schwerpunkten arbeitengemeinsam f\u00fcr \u00fcber 2.000 Kunden aus nahezu allen Branchen. Mit \u00fcber 4.600angestellten Mitarbeitern und mehr als 1.300 freiberuflichen Expertenbietet Allgeier den Kunden als One-Stop-Shop ein umfassendes L\u00f6sungs- undLeistungsportfolio. Zu den Kunden von Allgeier z\u00e4hlen global arbeitendeKonzerne genauso wie innovative mittelst\u00e4ndische Betriebe, die sich durchleistungsstarke IT-L\u00f6sungen, intelligente Software und flexiblePersonaldienstleistungen strategische Vorteile sichern wollen. Die starkwachsende Gruppe mit Hauptsitz in M\u00fcnchen verf\u00fcgt \u00fcber mehr als 90Niederlassungen im deutschsprachigen Raum, im \u00fcbrigen Europa sowie inIndien, Mexiko und den USA. 2013 erzielte Allgeier einen Umsatz von 478Mio. Euro. Allgeier SE belegt in der L\u00fcnendonk(R)-Liste 2014 &#8222;F\u00fchrendedeutsche mittelst\u00e4ndische IT-Beratungs- und Systemintegrations-Unternehmen&#8220;den ersten Platz. Die Division Allgeier Experts ist nachL\u00fcnendonk(R)-Marktsegmentstudie 2013 &#8222;Der Markt f\u00fcr Rekrutierung,Vermittlung und Steuerung von IT-Freelancern in Deutschland&#8220; unter den TOP3 IT-Personaldienstleistern in Deutschland. Die Gesellschaft ist amRegulierten Markt der Frankfurter Wertpapierb\u00f6rse im General Standardgelistet (WKN 508630, ISIN DE0005086300). Weitere Informationen unter:www.allgeier.com.29.07.2014 Die DGAP Distributionsservices umfassen gesetzliche Meldepflichten, Corporate News\/Finanznachrichten und Pressemitteilungen. DGAP-Medienarchive unter www.dgap-medientreff.de und www.dgap.de&#8212;&#8212;&#8212;&#8212;&#8212;&#8212;&#8212;&#8212;&#8212;&#8212;&#8212;&#8212;&#8212;&#8212;&#8212;&#8212;&#8212;&#8212;&#8212;&#8212;&#8212;&#8212;&#8212;&#8212;&#8212; Sprache:      DeutschUnternehmen:  ALLGEIER SE              Wehrlestra\u00dfe 12              81679 M\u00fcnchen              DeutschlandTelefon:      +49 (0) 89 &#8211; 99 84 21 0Fax:          +49 (0) 89 &#8211; 99 84 21 11E-Mail:       info@allgeier.comInternet:     http:\/\/www.allgeier.comISIN:         DE0005086300WKN:          508630Indizes:      CDAXB\u00f6rsen:       Regulierter Markt in Frankfurt (General Standard);              Freiverkehr in Berlin, D\u00fcsseldorf, Hamburg, Stuttgart Ende der Mitteilung                             DGAP News-Service &#8212;&#8212;&#8212;&#8212;&#8212;&#8212;&#8212;&#8212;&#8212;&#8212;&#8212;&#8212;&#8212;&#8212;&#8212;&#8212;&#8212;&#8212;&#8212;&#8212;&#8212;&#8212;&#8212;&#8212;&#8212;<\/p>\n","protected":false},"excerpt":{"rendered":"<p>M\u00fcnchen, 29.07.2014 &#8211; Allgeier SE (ISIN DE0005086300, WKN 508630) verzeichnet gem\u00e4\u00df vorl\u00e4ufiger Zahlen in den ersten sechs Monaten des Gesch\u00e4ftsjahres 2014 (01. Januar 2014 &#8211; 30. Juni 2014) eine stabile Umsatzentwicklung. Das vorl\u00e4ufige EBITDA ging aufgrund der Gesch\u00e4ftsentwicklung im Segment Experts<\/p>\n","protected":false},"author":4,"featured_media":0,"parent":1155,"menu_order":0,"comment_status":"close","ping_status":"closed","template":"","meta":{"_acf_changed":false,"footnotes":""},"categories":[],"tags":[],"class_list":["post-5518","page","type-page","status-publish","hentry"],"acf":[],"yoast_head":"<!-- This site is optimized with the Yoast SEO plugin v27.4 - https:\/\/yoast.com\/product\/yoast-seo-wordpress\/ -->\n<title>ALLGEIER SE: Allgeier meldet Halbjahreszahlen - Allgeier SE<\/title>\n<meta name=\"robots\" content=\"index, follow, max-snippet:-1, max-image-preview:large, max-video-preview:-1\" \/>\n<link rel=\"canonical\" href=\"https:\/\/www.allgeier.com\/de\/investor-relations\/adhoc-announcements\/allgeier-se-allgeier-meldet-halbjahreszahlen\/\" \/>\n<meta property=\"og:locale\" content=\"de_DE\" \/>\n<meta property=\"og:type\" content=\"article\" \/>\n<meta property=\"og:title\" content=\"ALLGEIER SE: Allgeier meldet Halbjahreszahlen - Allgeier SE\" \/>\n<meta property=\"og:description\" content=\"M\u00fcnchen, 29.07.2014 - Allgeier SE (ISIN DE0005086300, WKN 508630) verzeichnet gem\u00e4\u00df vorl\u00e4ufiger Zahlen in den ersten sechs Monaten des Gesch\u00e4ftsjahres 2014 (01. Januar 2014 - 30. Juni 2014) eine stabile Umsatzentwicklung. Das vorl\u00e4ufige EBITDA ging aufgrund der Gesch\u00e4ftsentwicklung im Segment Experts\" \/>\n<meta property=\"og:url\" content=\"https:\/\/www.allgeier.com\/de\/investor-relations\/adhoc-announcements\/allgeier-se-allgeier-meldet-halbjahreszahlen\/\" \/>\n<meta property=\"og:site_name\" content=\"Allgeier SE\" \/>\n<meta property=\"article:modified_time\" content=\"2023-01-22T17:10:04+00:00\" \/>\n<meta name=\"twitter:card\" content=\"summary_large_image\" \/>\n<meta name=\"twitter:label1\" content=\"Gesch\u00e4tzte Lesezeit\" \/>\n\t<meta name=\"twitter:data1\" content=\"3\u00a0Minuten\" \/>\n<script type=\"application\/ld+json\" class=\"yoast-schema-graph\">{\"@context\":\"https:\\\/\\\/schema.org\",\"@graph\":[{\"@type\":\"WebPage\",\"@id\":\"https:\\\/\\\/www.allgeier.com\\\/de\\\/investor-relations\\\/adhoc-announcements\\\/allgeier-se-allgeier-meldet-halbjahreszahlen\\\/\",\"url\":\"https:\\\/\\\/www.allgeier.com\\\/de\\\/investor-relations\\\/adhoc-announcements\\\/allgeier-se-allgeier-meldet-halbjahreszahlen\\\/\",\"name\":\"ALLGEIER SE: Allgeier meldet Halbjahreszahlen - Allgeier SE\",\"isPartOf\":{\"@id\":\"https:\\\/\\\/www.allgeier.com\\\/de\\\/#website\"},\"datePublished\":\"2014-07-29T12:35:07+00:00\",\"dateModified\":\"2023-01-22T17:10:04+00:00\",\"breadcrumb\":{\"@id\":\"https:\\\/\\\/www.allgeier.com\\\/de\\\/investor-relations\\\/adhoc-announcements\\\/allgeier-se-allgeier-meldet-halbjahreszahlen\\\/#breadcrumb\"},\"inLanguage\":\"de\",\"potentialAction\":[{\"@type\":\"ReadAction\",\"target\":[\"https:\\\/\\\/www.allgeier.com\\\/de\\\/investor-relations\\\/adhoc-announcements\\\/allgeier-se-allgeier-meldet-halbjahreszahlen\\\/\"]}]},{\"@type\":\"BreadcrumbList\",\"@id\":\"https:\\\/\\\/www.allgeier.com\\\/de\\\/investor-relations\\\/adhoc-announcements\\\/allgeier-se-allgeier-meldet-halbjahreszahlen\\\/#breadcrumb\",\"itemListElement\":[{\"@type\":\"ListItem\",\"position\":1,\"name\":\"Home\",\"item\":\"https:\\\/\\\/www.allgeier.com\\\/de\\\/\"},{\"@type\":\"ListItem\",\"position\":2,\"name\":\"Investor Relations\",\"item\":\"https:\\\/\\\/www.allgeier.com\\\/de\\\/investor-relations\\\/\"},{\"@type\":\"ListItem\",\"position\":3,\"name\":\"Ad hoc-Mitteilungen\",\"item\":\"https:\\\/\\\/www.allgeier.com\\\/de\\\/investor-relations\\\/adhoc-announcements\\\/\"},{\"@type\":\"ListItem\",\"position\":4,\"name\":\"ALLGEIER SE: Allgeier meldet Halbjahreszahlen\"}]},{\"@type\":\"WebSite\",\"@id\":\"https:\\\/\\\/www.allgeier.com\\\/de\\\/#website\",\"url\":\"https:\\\/\\\/www.allgeier.com\\\/de\\\/\",\"name\":\"Allgeier SE\",\"description\":\"Software &amp; IT Services for digital transformation\",\"potentialAction\":[{\"@type\":\"SearchAction\",\"target\":{\"@type\":\"EntryPoint\",\"urlTemplate\":\"https:\\\/\\\/www.allgeier.com\\\/de\\\/?s={search_term_string}\"},\"query-input\":{\"@type\":\"PropertyValueSpecification\",\"valueRequired\":true,\"valueName\":\"search_term_string\"}}],\"inLanguage\":\"de\"}]}<\/script>\n<!-- \/ Yoast SEO plugin. -->","yoast_head_json":{"title":"ALLGEIER SE: Allgeier meldet Halbjahreszahlen - Allgeier SE","robots":{"index":"index","follow":"follow","max-snippet":"max-snippet:-1","max-image-preview":"max-image-preview:large","max-video-preview":"max-video-preview:-1"},"canonical":"https:\/\/www.allgeier.com\/de\/investor-relations\/adhoc-announcements\/allgeier-se-allgeier-meldet-halbjahreszahlen\/","og_locale":"de_DE","og_type":"article","og_title":"ALLGEIER SE: Allgeier meldet Halbjahreszahlen - Allgeier SE","og_description":"M\u00fcnchen, 29.07.2014 - Allgeier SE (ISIN DE0005086300, WKN 508630) verzeichnet gem\u00e4\u00df vorl\u00e4ufiger Zahlen in den ersten sechs Monaten des Gesch\u00e4ftsjahres 2014 (01. Januar 2014 - 30. Juni 2014) eine stabile Umsatzentwicklung. Das vorl\u00e4ufige EBITDA ging aufgrund der Gesch\u00e4ftsentwicklung im Segment Experts","og_url":"https:\/\/www.allgeier.com\/de\/investor-relations\/adhoc-announcements\/allgeier-se-allgeier-meldet-halbjahreszahlen\/","og_site_name":"Allgeier SE","article_modified_time":"2023-01-22T17:10:04+00:00","twitter_card":"summary_large_image","twitter_misc":{"Gesch\u00e4tzte Lesezeit":"3\u00a0Minuten"},"schema":{"@context":"https:\/\/schema.org","@graph":[{"@type":"WebPage","@id":"https:\/\/www.allgeier.com\/de\/investor-relations\/adhoc-announcements\/allgeier-se-allgeier-meldet-halbjahreszahlen\/","url":"https:\/\/www.allgeier.com\/de\/investor-relations\/adhoc-announcements\/allgeier-se-allgeier-meldet-halbjahreszahlen\/","name":"ALLGEIER SE: Allgeier meldet Halbjahreszahlen - Allgeier SE","isPartOf":{"@id":"https:\/\/www.allgeier.com\/de\/#website"},"datePublished":"2014-07-29T12:35:07+00:00","dateModified":"2023-01-22T17:10:04+00:00","breadcrumb":{"@id":"https:\/\/www.allgeier.com\/de\/investor-relations\/adhoc-announcements\/allgeier-se-allgeier-meldet-halbjahreszahlen\/#breadcrumb"},"inLanguage":"de","potentialAction":[{"@type":"ReadAction","target":["https:\/\/www.allgeier.com\/de\/investor-relations\/adhoc-announcements\/allgeier-se-allgeier-meldet-halbjahreszahlen\/"]}]},{"@type":"BreadcrumbList","@id":"https:\/\/www.allgeier.com\/de\/investor-relations\/adhoc-announcements\/allgeier-se-allgeier-meldet-halbjahreszahlen\/#breadcrumb","itemListElement":[{"@type":"ListItem","position":1,"name":"Home","item":"https:\/\/www.allgeier.com\/de\/"},{"@type":"ListItem","position":2,"name":"Investor Relations","item":"https:\/\/www.allgeier.com\/de\/investor-relations\/"},{"@type":"ListItem","position":3,"name":"Ad hoc-Mitteilungen","item":"https:\/\/www.allgeier.com\/de\/investor-relations\/adhoc-announcements\/"},{"@type":"ListItem","position":4,"name":"ALLGEIER SE: Allgeier meldet Halbjahreszahlen"}]},{"@type":"WebSite","@id":"https:\/\/www.allgeier.com\/de\/#website","url":"https:\/\/www.allgeier.com\/de\/","name":"Allgeier SE","description":"Software &amp; IT Services for digital transformation","potentialAction":[{"@type":"SearchAction","target":{"@type":"EntryPoint","urlTemplate":"https:\/\/www.allgeier.com\/de\/?s={search_term_string}"},"query-input":{"@type":"PropertyValueSpecification","valueRequired":true,"valueName":"search_term_string"}}],"inLanguage":"de"}]}},"_links":{"self":[{"href":"https:\/\/www.allgeier.com\/de\/wp-json\/wp\/v2\/pages\/5518","targetHints":{"allow":["GET"]}}],"collection":[{"href":"https:\/\/www.allgeier.com\/de\/wp-json\/wp\/v2\/pages"}],"about":[{"href":"https:\/\/www.allgeier.com\/de\/wp-json\/wp\/v2\/types\/page"}],"author":[{"embeddable":true,"href":"https:\/\/www.allgeier.com\/de\/wp-json\/wp\/v2\/users\/4"}],"replies":[{"embeddable":true,"href":"https:\/\/www.allgeier.com\/de\/wp-json\/wp\/v2\/comments?post=5518"}],"version-history":[{"count":1,"href":"https:\/\/www.allgeier.com\/de\/wp-json\/wp\/v2\/pages\/5518\/revisions"}],"predecessor-version":[{"id":5519,"href":"https:\/\/www.allgeier.com\/de\/wp-json\/wp\/v2\/pages\/5518\/revisions\/5519"}],"up":[{"embeddable":true,"href":"https:\/\/www.allgeier.com\/de\/wp-json\/wp\/v2\/pages\/1155"}],"wp:attachment":[{"href":"https:\/\/www.allgeier.com\/de\/wp-json\/wp\/v2\/media?parent=5518"}],"wp:term":[{"taxonomy":"category","embeddable":true,"href":"https:\/\/www.allgeier.com\/de\/wp-json\/wp\/v2\/categories?post=5518"},{"taxonomy":"post_tag","embeddable":true,"href":"https:\/\/www.allgeier.com\/de\/wp-json\/wp\/v2\/tags?post=5518"}],"curies":[{"name":"wp","href":"https:\/\/api.w.org\/{rel}","templated":true}]}}