{"id":5520,"date":"2014-04-28T13:55:32","date_gmt":"2014-04-28T13:55:32","guid":{"rendered":"https:\/\/www.allgeier.com\/de\/?page_id=5520"},"modified":"2023-01-22T17:10:04","modified_gmt":"2023-01-22T17:10:04","slug":"allgeier-se-aufsichtsrat-stellt-jahresabschluss-fest-und-schlaegt-dividende-vor","status":"publish","type":"page","link":"https:\/\/www.allgeier.com\/de\/investor-relations\/adhoc-announcements\/allgeier-se-aufsichtsrat-stellt-jahresabschluss-fest-und-schlaegt-dividende-vor\/","title":{"rendered":"Allgeier SE: Aufsichtsrat stellt Jahresabschluss fest und schl\u00e4gt Dividende vor"},"content":{"rendered":"<p><b>ALLGEIER SE  \/ Schlagwort(e): Jahresergebnis\/Dividende<\/b>28.04.2014 15:55Ver\u00f6ffentlichung einer Ad-hoc-Mitteilung nach \u00a7 15 WpHG, \u00fcbermittelt durchdie DGAP &#8211; ein Unternehmen der EQS Group AG.F\u00fcr den Inhalt der Mitteilung ist der Emittent verantwortlich.&#8212;&#8212;&#8212;&#8212;&#8212;&#8212;&#8212;&#8212;&#8212;&#8212;&#8212;&#8212;&#8212;&#8212;&#8212;&#8212;&#8212;&#8212;&#8212;&#8212;&#8212;&#8212;&#8212;&#8212;&#8212;M\u00fcnchen, 28.04.2014 &#8211; Der Aufsichtsrat der Allgeier SE (ISIN DE0005086300,WKN 508630) hat in seiner Sitzung am 28. April 2014 den testierten Jahres-und Konzernabschluss der Allgeier SE f\u00fcr das Gesch\u00e4ftsjahr 2013 gebilligt.Der Jahresabschluss ist damit festgestellt. Die finalen Konzernzahlenentsprechen im Wesentlichen den in der Ad hoc-Mitteilung vom 18. M\u00e4rz 2014angek\u00fcndigten vorl\u00e4ufigen Zahlen.Umsatz und Ergebnisentwicklung nach IFRSAllgeier SE verzeichnet im Gesch\u00e4ftsjahr 2013 (01. Januar 2013 bis 31.Dezember 2013) weiteres Wachstum. Der Konzern hat sich entschlossen, einenGesch\u00e4ftsteil zu ver\u00e4u\u00dfern und zeigt diesen im Jahresabschluss nach IFRSals aufgegebenes Gesch\u00e4ft.Der Konzernumsatz 2013 aus fortgef\u00fchrtem und aufgegebenem Gesch\u00e4ft nachIFRS stieg auf 477,6 Mio. Euro (Vorjahr: 422,8 Mio. Euro), was einemWachstum von 13 Prozent entspricht. Das Konzern-EBITDA aus fortgef\u00fchrtemund aufgegebenem Gesch\u00e4ft erh\u00f6hte sich um 28 Prozent auf 30,1 Mio. Euro(Vorjahr: 23,5 Mio. Euro). Das Konzern-EBIT (Ergebnis vor Zinsen undSteuern) aus fortgef\u00fchrtem und aufgegebenem Gesch\u00e4ft stieg gegen\u00fcber demVorjahr um 61 Prozent auf 15,6 Mio. Euro (Vorjahr: 9,7 Mio. Euro). NachZinsen erzielte der Konzern ein Ergebnis vor Steuern aus fortgef\u00fchrtem undaufgegebenem Gesch\u00e4ft in H\u00f6he von 11,4 Mio. Euro (Vorjahr: 6,7 Mio. Euro).Unter Ber\u00fccksichtigung des Ergebnisses aus dem bereits ver\u00e4u\u00dferten Gesch\u00e4ftin H\u00f6he von -0,3 Mio. Euro (Vorjahr: 5,1 Mio. Euro) erreichte der Konzernein Periodenergebnis nach Steuern in H\u00f6he von 3,7 Mio. Euro (Vorjahr: 9,2Mio. Euro). Der Umsatz des fortgef\u00fchrten Gesch\u00e4fts betrug im abgelaufenenGesch\u00e4ftsjahr 421,3 Mio. Euro (Vorjahr: 374,8 Mio. Euro). Das EBITDA desfortgef\u00fchrten Gesch\u00e4fts betrug w\u00e4hrend der Periode 27,9 Mio. Euro (Vorjahr:23,3 Mio. Euro).Das Ergebnis je Aktie aus fortgef\u00fchrtem und aufgegebenem Gesch\u00e4ft imBerichtsjahr betr\u00e4gt damit 0,42 Euro (Vorjahr: 1,05 Euro). Das um dieAbschreibungen aus Akquisitionst\u00e4tigkeit und weitere Effekte mitau\u00dferordentlichem Charakter bereinigte Ergebnis je Aktie aus fortgef\u00fchrtemund aufgegebenem Gesch\u00e4ft betr\u00e4gt 1,63 Euro (Vorjahr: 1,91 Euro).Eckdaten der BilanzDas Eigenkapital stieg auf 94,7 Mio. Euro zum 31. Dezember 2013 (Vorjahr:93,4 Mio. Euro). Dem Allgeier Konzern standen zum 31. Dezember 2013 liquideMittel in H\u00f6he von 46,7 Mio. Euro (ohne das aufgegebene Gesch\u00e4ft) zurVerf\u00fcgung (Vorjahr: 38,9 Mio. Euro). Die kurz- und langfristigenFinanzschulden haben sich zum Bilanzstichtag leicht auf 75,5 Mio. Euroerh\u00f6ht (Vorjahr: 73,8 Mio. Euro). Die Bilanzsumme betrug 289,3 Mio. Euro(Vorjahr: 289,6 Mio. Euro).GewinnverwendungVorstand und Aufsichtsrat haben heute, am 28. April 2014, beschlossen, derHauptversammlung vorzuschlagen, aus dem im Jahresabschluss der Allgeier SEausgewiesenen Bilanzgewinn per 31. Dezember 2013 in H\u00f6he von 27.381.862,33EUR eine Dividende in H\u00f6he von 0,50 EUR je Aktie an die Aktion\u00e4reauszusch\u00fctten. Der verbleibende Bilanzgewinn soll auf neue Rechnungvorgetragen werden.Die Vorjahreszahlen f\u00fcr 2012 wurden aufgrund zwischenzeitlicherIFRS-\u00c4nderungen entsprechend angepasst. Der Gesch\u00e4ftsbericht 2013 wird am30. April 2014 ver\u00f6ffentlicht und ist dann unter www.allgeier.comeinzusehen.Kontakt:Allgeier SECorporate Communications &amp; Investor RelationsDr. Christopher Gro\u00dfeWehrlestra\u00dfe 1281679 M\u00fcnchenTel.: +49 (0)89\/998421-0Fax: +49 (0)89\/998421-11E-Mail: ir@allgeier.comWeb: www.allgeier.comAllgeier SE ist eines der f\u00fchrenden IT-Unternehmen f\u00fcr BusinessPerformance: Mit einer auf Innovationen und Zukunftstrends ausgerichtetenWachstumsstrategie sowie einem integrativen unternehmerischen Modellverbindet Allgeier die Vorteile eines internationalen Anbieters mit denTugenden mittelst\u00e4ndischer Unternehmer. Operative Divisionen mitindividuellen fachlichen oder branchenbezogenen Schwerpunkten arbeitengemeinsam f\u00fcr \u00fcber 2.000 Kunden aus nahezu allen Branchen. Mit \u00fcber 4.600angestellten Mitarbeitern und mehr als 1.300 freiberuflichen Expertenbietet Allgeier den Kunden als One-Stop-Shop ein umfassendes L\u00f6sungs- undLeistungsportfolio. Zu den Kunden von Allgeier z\u00e4hlen global arbeitendeKonzerne genauso wie innovative mittelst\u00e4ndische Betriebe, die sich durchleistungsstarke IT-L\u00f6sungen, intelligente Software und flexiblePersonaldienstleistungen strategische Vorteile sichern wollen. Die starkwachsende Gruppe mit Hauptsitz in M\u00fcnchen verf\u00fcgt \u00fcber mehr als 90Niederlassungen im deutschsprachigen Raum, im \u00fcbrigen Europa sowie inIndien, Mexiko und den USA. 2013 erzielte Allgeier einen Umsatz von 478Mio. Euro. Allgeier SE belegt in der L\u00fcnendonk(R)-Liste 2013 &#8222;F\u00fchrendedeutsche mittelst\u00e4ndische IT-Beratungs- und Systemintegrations-Unternehmen&#8220;den ersten Platz. Die Division Allgeier Experts ist nachL\u00fcnendonk(R)-Marktsegmentstudie 2013 &#8222;Der Markt f\u00fcr Rekrutierung,Vermittlung und Steuerung von IT-Freelancern in Deutschland&#8220; unter den TOP3 IT-Personaldienstleistern in Deutschland. Die Gesellschaft ist amRegulierten Markt der Frankfurter Wertpapierb\u00f6rse im General Standardgelistet (WKN 508630, ISIN DE0005086300). Weitere Informationen unter:www.allgeier.com.28.04.2014 Die DGAP Distributionsservices umfassen gesetzliche Meldepflichten, Corporate News\/Finanznachrichten und Pressemitteilungen. DGAP-Medienarchive unter www.dgap-medientreff.de und www.dgap.de&#8212;&#8212;&#8212;&#8212;&#8212;&#8212;&#8212;&#8212;&#8212;&#8212;&#8212;&#8212;&#8212;&#8212;&#8212;&#8212;&#8212;&#8212;&#8212;&#8212;&#8212;&#8212;&#8212;&#8212;&#8212; Sprache:      DeutschUnternehmen:  ALLGEIER SE              Wehrlestra\u00dfe 12              81679 M\u00fcnchen              DeutschlandTelefon:      +49 (0) 89 &#8211; 99 84 21 0Fax:          +49 (0) 89 &#8211; 99 84 21 11E-Mail:       info@allgeier.comInternet:     http:\/\/www.allgeier.comISIN:         DE0005086300WKN:          508630Indizes:      CDAXB\u00f6rsen:       Regulierter Markt in Frankfurt (General Standard);              Freiverkehr in Berlin, D\u00fcsseldorf, Hamburg, Stuttgart Ende der Mitteilung                             DGAP News-Service &#8212;&#8212;&#8212;&#8212;&#8212;&#8212;&#8212;&#8212;&#8212;&#8212;&#8212;&#8212;&#8212;&#8212;&#8212;&#8212;&#8212;&#8212;&#8212;&#8212;&#8212;&#8212;&#8212;&#8212;&#8212;<\/p>\n","protected":false},"excerpt":{"rendered":"<p>M\u00fcnchen, 28.04.2014 &#8211; Der Aufsichtsrat der Allgeier SE (ISIN DE0005086300, WKN 508630) hat in seiner Sitzung am 28. April 2014 den testierten Jahres- und Konzernabschluss der Allgeier SE f\u00fcr das Gesch\u00e4ftsjahr 2013 gebilligt. Der Jahresabschluss ist damit festgestellt. Die finalen Konzernzahlen entsprechen<\/p>\n","protected":false},"author":4,"featured_media":0,"parent":1155,"menu_order":0,"comment_status":"close","ping_status":"closed","template":"","meta":{"_acf_changed":false,"footnotes":""},"categories":[],"tags":[],"class_list":["post-5520","page","type-page","status-publish","hentry"],"acf":[],"yoast_head":"<!-- This site is optimized with the Yoast SEO plugin v27.4 - https:\/\/yoast.com\/product\/yoast-seo-wordpress\/ -->\n<title>Allgeier SE: Aufsichtsrat stellt Jahresabschluss fest und schl\u00e4gt Dividende vor - Allgeier SE<\/title>\n<meta name=\"robots\" content=\"index, follow, max-snippet:-1, max-image-preview:large, max-video-preview:-1\" \/>\n<link rel=\"canonical\" href=\"https:\/\/www.allgeier.com\/de\/investor-relations\/adhoc-announcements\/allgeier-se-aufsichtsrat-stellt-jahresabschluss-fest-und-schlaegt-dividende-vor\/\" \/>\n<meta property=\"og:locale\" content=\"de_DE\" \/>\n<meta property=\"og:type\" content=\"article\" \/>\n<meta property=\"og:title\" content=\"Allgeier SE: Aufsichtsrat stellt Jahresabschluss fest und schl\u00e4gt Dividende vor - Allgeier SE\" \/>\n<meta property=\"og:description\" content=\"M\u00fcnchen, 28.04.2014 - Der Aufsichtsrat der Allgeier SE (ISIN DE0005086300, WKN 508630) hat in seiner Sitzung am 28. April 2014 den testierten Jahres- und Konzernabschluss der Allgeier SE f\u00fcr das Gesch\u00e4ftsjahr 2013 gebilligt. Der Jahresabschluss ist damit festgestellt. Die finalen Konzernzahlen entsprechen\" \/>\n<meta property=\"og:url\" content=\"https:\/\/www.allgeier.com\/de\/investor-relations\/adhoc-announcements\/allgeier-se-aufsichtsrat-stellt-jahresabschluss-fest-und-schlaegt-dividende-vor\/\" \/>\n<meta property=\"og:site_name\" content=\"Allgeier SE\" \/>\n<meta property=\"article:modified_time\" content=\"2023-01-22T17:10:04+00:00\" \/>\n<meta name=\"twitter:card\" content=\"summary_large_image\" \/>\n<meta name=\"twitter:label1\" content=\"Gesch\u00e4tzte Lesezeit\" \/>\n\t<meta name=\"twitter:data1\" content=\"4\u00a0Minuten\" \/>\n<script type=\"application\/ld+json\" class=\"yoast-schema-graph\">{\"@context\":\"https:\\\/\\\/schema.org\",\"@graph\":[{\"@type\":\"WebPage\",\"@id\":\"https:\\\/\\\/www.allgeier.com\\\/de\\\/investor-relations\\\/adhoc-announcements\\\/allgeier-se-aufsichtsrat-stellt-jahresabschluss-fest-und-schlaegt-dividende-vor\\\/\",\"url\":\"https:\\\/\\\/www.allgeier.com\\\/de\\\/investor-relations\\\/adhoc-announcements\\\/allgeier-se-aufsichtsrat-stellt-jahresabschluss-fest-und-schlaegt-dividende-vor\\\/\",\"name\":\"Allgeier SE: Aufsichtsrat stellt Jahresabschluss fest und schl\u00e4gt Dividende vor - Allgeier SE\",\"isPartOf\":{\"@id\":\"https:\\\/\\\/www.allgeier.com\\\/de\\\/#website\"},\"datePublished\":\"2014-04-28T13:55:32+00:00\",\"dateModified\":\"2023-01-22T17:10:04+00:00\",\"breadcrumb\":{\"@id\":\"https:\\\/\\\/www.allgeier.com\\\/de\\\/investor-relations\\\/adhoc-announcements\\\/allgeier-se-aufsichtsrat-stellt-jahresabschluss-fest-und-schlaegt-dividende-vor\\\/#breadcrumb\"},\"inLanguage\":\"de\",\"potentialAction\":[{\"@type\":\"ReadAction\",\"target\":[\"https:\\\/\\\/www.allgeier.com\\\/de\\\/investor-relations\\\/adhoc-announcements\\\/allgeier-se-aufsichtsrat-stellt-jahresabschluss-fest-und-schlaegt-dividende-vor\\\/\"]}]},{\"@type\":\"BreadcrumbList\",\"@id\":\"https:\\\/\\\/www.allgeier.com\\\/de\\\/investor-relations\\\/adhoc-announcements\\\/allgeier-se-aufsichtsrat-stellt-jahresabschluss-fest-und-schlaegt-dividende-vor\\\/#breadcrumb\",\"itemListElement\":[{\"@type\":\"ListItem\",\"position\":1,\"name\":\"Home\",\"item\":\"https:\\\/\\\/www.allgeier.com\\\/de\\\/\"},{\"@type\":\"ListItem\",\"position\":2,\"name\":\"Investor Relations\",\"item\":\"https:\\\/\\\/www.allgeier.com\\\/de\\\/investor-relations\\\/\"},{\"@type\":\"ListItem\",\"position\":3,\"name\":\"Ad hoc-Mitteilungen\",\"item\":\"https:\\\/\\\/www.allgeier.com\\\/de\\\/investor-relations\\\/adhoc-announcements\\\/\"},{\"@type\":\"ListItem\",\"position\":4,\"name\":\"Allgeier SE: Aufsichtsrat stellt Jahresabschluss fest und schl\u00e4gt Dividende vor\"}]},{\"@type\":\"WebSite\",\"@id\":\"https:\\\/\\\/www.allgeier.com\\\/de\\\/#website\",\"url\":\"https:\\\/\\\/www.allgeier.com\\\/de\\\/\",\"name\":\"Allgeier SE\",\"description\":\"Software &amp; IT Services for digital transformation\",\"potentialAction\":[{\"@type\":\"SearchAction\",\"target\":{\"@type\":\"EntryPoint\",\"urlTemplate\":\"https:\\\/\\\/www.allgeier.com\\\/de\\\/?s={search_term_string}\"},\"query-input\":{\"@type\":\"PropertyValueSpecification\",\"valueRequired\":true,\"valueName\":\"search_term_string\"}}],\"inLanguage\":\"de\"}]}<\/script>\n<!-- \/ Yoast SEO plugin. -->","yoast_head_json":{"title":"Allgeier SE: Aufsichtsrat stellt Jahresabschluss fest und schl\u00e4gt Dividende vor - Allgeier SE","robots":{"index":"index","follow":"follow","max-snippet":"max-snippet:-1","max-image-preview":"max-image-preview:large","max-video-preview":"max-video-preview:-1"},"canonical":"https:\/\/www.allgeier.com\/de\/investor-relations\/adhoc-announcements\/allgeier-se-aufsichtsrat-stellt-jahresabschluss-fest-und-schlaegt-dividende-vor\/","og_locale":"de_DE","og_type":"article","og_title":"Allgeier SE: Aufsichtsrat stellt Jahresabschluss fest und schl\u00e4gt Dividende vor - Allgeier SE","og_description":"M\u00fcnchen, 28.04.2014 - Der Aufsichtsrat der Allgeier SE (ISIN DE0005086300, WKN 508630) hat in seiner Sitzung am 28. April 2014 den testierten Jahres- und Konzernabschluss der Allgeier SE f\u00fcr das Gesch\u00e4ftsjahr 2013 gebilligt. Der Jahresabschluss ist damit festgestellt. Die finalen Konzernzahlen entsprechen","og_url":"https:\/\/www.allgeier.com\/de\/investor-relations\/adhoc-announcements\/allgeier-se-aufsichtsrat-stellt-jahresabschluss-fest-und-schlaegt-dividende-vor\/","og_site_name":"Allgeier SE","article_modified_time":"2023-01-22T17:10:04+00:00","twitter_card":"summary_large_image","twitter_misc":{"Gesch\u00e4tzte Lesezeit":"4\u00a0Minuten"},"schema":{"@context":"https:\/\/schema.org","@graph":[{"@type":"WebPage","@id":"https:\/\/www.allgeier.com\/de\/investor-relations\/adhoc-announcements\/allgeier-se-aufsichtsrat-stellt-jahresabschluss-fest-und-schlaegt-dividende-vor\/","url":"https:\/\/www.allgeier.com\/de\/investor-relations\/adhoc-announcements\/allgeier-se-aufsichtsrat-stellt-jahresabschluss-fest-und-schlaegt-dividende-vor\/","name":"Allgeier SE: Aufsichtsrat stellt Jahresabschluss fest und schl\u00e4gt Dividende vor - Allgeier SE","isPartOf":{"@id":"https:\/\/www.allgeier.com\/de\/#website"},"datePublished":"2014-04-28T13:55:32+00:00","dateModified":"2023-01-22T17:10:04+00:00","breadcrumb":{"@id":"https:\/\/www.allgeier.com\/de\/investor-relations\/adhoc-announcements\/allgeier-se-aufsichtsrat-stellt-jahresabschluss-fest-und-schlaegt-dividende-vor\/#breadcrumb"},"inLanguage":"de","potentialAction":[{"@type":"ReadAction","target":["https:\/\/www.allgeier.com\/de\/investor-relations\/adhoc-announcements\/allgeier-se-aufsichtsrat-stellt-jahresabschluss-fest-und-schlaegt-dividende-vor\/"]}]},{"@type":"BreadcrumbList","@id":"https:\/\/www.allgeier.com\/de\/investor-relations\/adhoc-announcements\/allgeier-se-aufsichtsrat-stellt-jahresabschluss-fest-und-schlaegt-dividende-vor\/#breadcrumb","itemListElement":[{"@type":"ListItem","position":1,"name":"Home","item":"https:\/\/www.allgeier.com\/de\/"},{"@type":"ListItem","position":2,"name":"Investor Relations","item":"https:\/\/www.allgeier.com\/de\/investor-relations\/"},{"@type":"ListItem","position":3,"name":"Ad hoc-Mitteilungen","item":"https:\/\/www.allgeier.com\/de\/investor-relations\/adhoc-announcements\/"},{"@type":"ListItem","position":4,"name":"Allgeier SE: Aufsichtsrat stellt Jahresabschluss fest und schl\u00e4gt Dividende vor"}]},{"@type":"WebSite","@id":"https:\/\/www.allgeier.com\/de\/#website","url":"https:\/\/www.allgeier.com\/de\/","name":"Allgeier SE","description":"Software &amp; IT Services for digital transformation","potentialAction":[{"@type":"SearchAction","target":{"@type":"EntryPoint","urlTemplate":"https:\/\/www.allgeier.com\/de\/?s={search_term_string}"},"query-input":{"@type":"PropertyValueSpecification","valueRequired":true,"valueName":"search_term_string"}}],"inLanguage":"de"}]}},"_links":{"self":[{"href":"https:\/\/www.allgeier.com\/de\/wp-json\/wp\/v2\/pages\/5520","targetHints":{"allow":["GET"]}}],"collection":[{"href":"https:\/\/www.allgeier.com\/de\/wp-json\/wp\/v2\/pages"}],"about":[{"href":"https:\/\/www.allgeier.com\/de\/wp-json\/wp\/v2\/types\/page"}],"author":[{"embeddable":true,"href":"https:\/\/www.allgeier.com\/de\/wp-json\/wp\/v2\/users\/4"}],"replies":[{"embeddable":true,"href":"https:\/\/www.allgeier.com\/de\/wp-json\/wp\/v2\/comments?post=5520"}],"version-history":[{"count":1,"href":"https:\/\/www.allgeier.com\/de\/wp-json\/wp\/v2\/pages\/5520\/revisions"}],"predecessor-version":[{"id":5521,"href":"https:\/\/www.allgeier.com\/de\/wp-json\/wp\/v2\/pages\/5520\/revisions\/5521"}],"up":[{"embeddable":true,"href":"https:\/\/www.allgeier.com\/de\/wp-json\/wp\/v2\/pages\/1155"}],"wp:attachment":[{"href":"https:\/\/www.allgeier.com\/de\/wp-json\/wp\/v2\/media?parent=5520"}],"wp:term":[{"taxonomy":"category","embeddable":true,"href":"https:\/\/www.allgeier.com\/de\/wp-json\/wp\/v2\/categories?post=5520"},{"taxonomy":"post_tag","embeddable":true,"href":"https:\/\/www.allgeier.com\/de\/wp-json\/wp\/v2\/tags?post=5520"}],"curies":[{"name":"wp","href":"https:\/\/api.w.org\/{rel}","templated":true}]}}