{"id":5524,"date":"2014-03-18T14:25:42","date_gmt":"2014-03-18T15:25:42","guid":{"rendered":"https:\/\/www.allgeier.com\/de\/?page_id=5524"},"modified":"2023-01-22T17:10:04","modified_gmt":"2023-01-22T17:10:04","slug":"allgeier-veraeussert-geschaeftsteil-an-cancom","status":"publish","type":"page","link":"https:\/\/www.allgeier.com\/de\/investor-relations\/adhoc-announcements\/allgeier-veraeussert-geschaeftsteil-an-cancom\/","title":{"rendered":"Allgeier ver\u00e4u\u00dfert Gesch\u00e4ftsteil an Cancom"},"content":{"rendered":"<p><b>ALLGEIER SE  \/ Schlagwort(e): Verkauf\/Strategische Unternehmensentscheidung<\/b>18.03.2014 16:25Ver\u00f6ffentlichung einer Ad-hoc-Mitteilung nach \u00a7 15 WpHG, \u00fcbermittelt durchdie DGAP &#8211; ein Unternehmen der EQS Group AG.F\u00fcr den Inhalt der Mitteilung ist der Emittent verantwortlich.&#8212;&#8212;&#8212;&#8212;&#8212;&#8212;&#8212;&#8212;&#8212;&#8212;&#8212;&#8212;&#8212;&#8212;&#8212;&#8212;&#8212;&#8212;&#8212;&#8212;&#8212;&#8212;&#8212;&#8212;&#8212;M\u00fcnchen, 18.03.2014 &#8211; Vorstand und Aufsichtsrat der Allgeier SE (ISINDE0005086300, WKN 508630) haben heute entschieden, die TochtergesellschaftDidas Business Services GmbH mit Sitz in Langenfeld an die Cancom SE zuver\u00e4u\u00dfern. Kerngesch\u00e4ft der Didas sind IT-Dienstleistungen im BereichSystemintegration von der Beratung, Konzeption, Umsetzung bis zum Betriebmit einem Volumen von ca. 55 Mio. Euro Umsatz in 2013.Allgeier und Cancom einigten sich heute auf die Eckpunkte der Transaktionim Sinne eines Letter of Intent. Der Kaufpreis, der im Bereich einer f\u00fcrdas verkaufte Gesch\u00e4ft \u00fcblichen Marktbewertung liegen wird, wird von CancomSE in Aktien bezahlt werden. Die Fertigstellung und Unterzeichnung derendg\u00fcltigen Vertr\u00e4ge wird in den n\u00e4chsten Wochen erwartet. Die Durchf\u00fchrungder Transaktion wird nach Freigabe durch die Kartellbeh\u00f6rden erfolgen.Beide Parteien sind \u00fcberzeugt davon, dass die Cancom f\u00fcr die k\u00fcnftigeEntwicklung des Gesch\u00e4fts der Didas Business Services GmbH das optimaleUmfeld bietet. Bei Allgeier stand das Gesch\u00e4ft der Didas nach denEntscheidungen zur Fokussierung des Gesch\u00e4fts auf die Bereiche AllgeierExperts, Allgeier IT Solutions mit k\u00fcnftigem Schwerpunkt auf dem Gesch\u00e4ftmit Standard-Business-Software sowie Allgeier Projects mit Schwerpunkt aufdie Entwicklung und die Betreuung von individuellen Softwarel\u00f6sungen f\u00fcrdie Gesch\u00e4ftsprozesse der Kunden nicht mehr im Mittelpunkt der k\u00fcnftigenEntwicklung. Sowohl Allgeier als auch Cancom sind offen f\u00fcr eine k\u00fcnftigeZusammenarbeit im Bereich Systemintegration.Kontakt:Allgeier SECorporate Communications &amp; Investor RelationsDr. Christopher Gro\u00dfeWehrlestra\u00dfe 1281679 M\u00fcnchenTel.: +49 (0)89\/998421-0Fax: +49 (0)89\/998421-11E-Mail: ir@allgeier.comWeb: www.allgeier.comAllgeier SE ist eines der f\u00fchrenden IT-Unternehmen f\u00fcr BusinessPerformance: Mit einer auf Innovationen und Zukunftstrends ausgerichtetenWachstumsstrategie sowie einem integrativen unternehmerischen Modellverbindet Allgeier die Vorteile eines internationalen Anbieters mit denTugenden mittelst\u00e4ndischer Unternehmer. Operative Divisionen mitindividuellen fachlichen oder branchenbezogenen Schwerpunkten arbeitengemeinsam f\u00fcr \u00fcber 2.000 Kunden aus nahezu allen Branchen. Mit \u00fcber 4.600angestellten Mitarbeitern und mehr als 1.300 freiberuflichen Expertenbietet Allgeier den Kunden als One-Stop-Shop ein umfassendes L\u00f6sungs- undLeistungsportfolio. Zu den Kunden von Allgeier z\u00e4hlen global arbeitendeKonzerne genauso wie innovative mittelst\u00e4ndische Betriebe, die sich durchleistungsstarke IT-L\u00f6sungen, intelligente Software und flexiblePersonaldienstleistungen strategische Vorteile sichern wollen. Die starkwachsende Gruppe mit Hauptsitz in M\u00fcnchen verf\u00fcgt \u00fcber mehr als 100Niederlassungen im deutschsprachigen Raum, im \u00fcbrigen Europa sowie inIndien, Mexiko und den USA. 2012 erzielte Allgeier einen Umsatz von 423Mio. Euro. Allgeier SE belegt in der L\u00fcnendonk(R)-Liste 2013 &#8222;F\u00fchrendedeutsche mittelst\u00e4ndische IT-Beratungs- und Systemintegrations-Unternehmen&#8220;den ersten Platz. Die Division Allgeier Experts ist nachL\u00fcnendonk(R)-Marktsegmentstudie 2013 &#8222;Der Markt f\u00fcr Rekrutierung,Vermittlung und Steuerung von IT-Freelancern in Deutschland&#8220; unter den TOP3 IT-Personaldienstleistern in Deutschland. Die Gesellschaft ist amRegulierten Markt der Frankfurter Wertpapierb\u00f6rse im General Standardgelistet (WKN 508630, ISIN DE0005086300). Weitere Informationen unter:www.allgeier.com.18.03.2014 Die DGAP Distributionsservices umfassen gesetzliche Meldepflichten, Corporate News\/Finanznachrichten und Pressemitteilungen. DGAP-Medienarchive unter www.dgap-medientreff.de und www.dgap.de&#8212;&#8212;&#8212;&#8212;&#8212;&#8212;&#8212;&#8212;&#8212;&#8212;&#8212;&#8212;&#8212;&#8212;&#8212;&#8212;&#8212;&#8212;&#8212;&#8212;&#8212;&#8212;&#8212;&#8212;&#8212; Sprache:      DeutschUnternehmen:  ALLGEIER SE              Wehrlestra\u00dfe 12              81679 M\u00fcnchen              DeutschlandTelefon:      +49 (0) 89 &#8211; 99 84 21 0Fax:          +49 (0) 89 &#8211; 99 84 21 11E-Mail:       info@allgeier.comInternet:     http:\/\/www.allgeier.comISIN:         DE0005086300WKN:          508630Indizes:      CDAXB\u00f6rsen:       Regulierter Markt in Frankfurt (General Standard);              Freiverkehr in Berlin, D\u00fcsseldorf, Hamburg, Stuttgart Ende der Mitteilung                             DGAP News-Service &#8212;&#8212;&#8212;&#8212;&#8212;&#8212;&#8212;&#8212;&#8212;&#8212;&#8212;&#8212;&#8212;&#8212;&#8212;&#8212;&#8212;&#8212;&#8212;&#8212;&#8212;&#8212;&#8212;&#8212;&#8212;<\/p>\n","protected":false},"excerpt":{"rendered":"<p>M\u00fcnchen, 18.03.2014 &#8211; Vorstand und Aufsichtsrat der Allgeier SE (ISIN DE0005086300, WKN 508630) haben heute entschieden, die Tochtergesellschaft Didas Business Services GmbH mit Sitz in Langenfeld an die Cancom SE zu ver\u00e4u\u00dfern. Kerngesch\u00e4ft der Didas sind IT-Dienstleistungen im Bereich Systemintegration<\/p>\n","protected":false},"author":4,"featured_media":0,"parent":1155,"menu_order":0,"comment_status":"close","ping_status":"closed","template":"","meta":{"_acf_changed":false,"footnotes":""},"categories":[],"tags":[],"class_list":["post-5524","page","type-page","status-publish","hentry"],"acf":[],"yoast_head":"<!-- This site is optimized with the Yoast SEO plugin v27.4 - https:\/\/yoast.com\/product\/yoast-seo-wordpress\/ -->\n<title>Allgeier ver\u00e4u\u00dfert Gesch\u00e4ftsteil an Cancom - Allgeier SE<\/title>\n<meta name=\"robots\" content=\"index, follow, max-snippet:-1, max-image-preview:large, max-video-preview:-1\" \/>\n<link rel=\"canonical\" href=\"https:\/\/www.allgeier.com\/de\/investor-relations\/adhoc-announcements\/allgeier-veraeussert-geschaeftsteil-an-cancom\/\" \/>\n<meta property=\"og:locale\" content=\"de_DE\" \/>\n<meta property=\"og:type\" content=\"article\" \/>\n<meta property=\"og:title\" content=\"Allgeier ver\u00e4u\u00dfert Gesch\u00e4ftsteil an Cancom - Allgeier SE\" \/>\n<meta property=\"og:description\" content=\"M\u00fcnchen, 18.03.2014 - Vorstand und Aufsichtsrat der Allgeier SE (ISIN DE0005086300, WKN 508630) haben heute entschieden, die Tochtergesellschaft Didas Business Services GmbH mit Sitz in Langenfeld an die Cancom SE zu ver\u00e4u\u00dfern. Kerngesch\u00e4ft der Didas sind IT-Dienstleistungen im Bereich Systemintegration\" \/>\n<meta property=\"og:url\" content=\"https:\/\/www.allgeier.com\/de\/investor-relations\/adhoc-announcements\/allgeier-veraeussert-geschaeftsteil-an-cancom\/\" \/>\n<meta property=\"og:site_name\" content=\"Allgeier SE\" \/>\n<meta property=\"article:modified_time\" content=\"2023-01-22T17:10:04+00:00\" \/>\n<meta name=\"twitter:card\" content=\"summary_large_image\" \/>\n<meta name=\"twitter:label1\" content=\"Gesch\u00e4tzte Lesezeit\" \/>\n\t<meta name=\"twitter:data1\" content=\"3\u00a0Minuten\" \/>\n<script type=\"application\/ld+json\" class=\"yoast-schema-graph\">{\"@context\":\"https:\\\/\\\/schema.org\",\"@graph\":[{\"@type\":\"WebPage\",\"@id\":\"https:\\\/\\\/www.allgeier.com\\\/de\\\/investor-relations\\\/adhoc-announcements\\\/allgeier-veraeussert-geschaeftsteil-an-cancom\\\/\",\"url\":\"https:\\\/\\\/www.allgeier.com\\\/de\\\/investor-relations\\\/adhoc-announcements\\\/allgeier-veraeussert-geschaeftsteil-an-cancom\\\/\",\"name\":\"Allgeier ver\u00e4u\u00dfert Gesch\u00e4ftsteil an Cancom - Allgeier SE\",\"isPartOf\":{\"@id\":\"https:\\\/\\\/www.allgeier.com\\\/de\\\/#website\"},\"datePublished\":\"2014-03-18T15:25:42+00:00\",\"dateModified\":\"2023-01-22T17:10:04+00:00\",\"breadcrumb\":{\"@id\":\"https:\\\/\\\/www.allgeier.com\\\/de\\\/investor-relations\\\/adhoc-announcements\\\/allgeier-veraeussert-geschaeftsteil-an-cancom\\\/#breadcrumb\"},\"inLanguage\":\"de\",\"potentialAction\":[{\"@type\":\"ReadAction\",\"target\":[\"https:\\\/\\\/www.allgeier.com\\\/de\\\/investor-relations\\\/adhoc-announcements\\\/allgeier-veraeussert-geschaeftsteil-an-cancom\\\/\"]}]},{\"@type\":\"BreadcrumbList\",\"@id\":\"https:\\\/\\\/www.allgeier.com\\\/de\\\/investor-relations\\\/adhoc-announcements\\\/allgeier-veraeussert-geschaeftsteil-an-cancom\\\/#breadcrumb\",\"itemListElement\":[{\"@type\":\"ListItem\",\"position\":1,\"name\":\"Home\",\"item\":\"https:\\\/\\\/www.allgeier.com\\\/de\\\/\"},{\"@type\":\"ListItem\",\"position\":2,\"name\":\"Investor Relations\",\"item\":\"https:\\\/\\\/www.allgeier.com\\\/de\\\/investor-relations\\\/\"},{\"@type\":\"ListItem\",\"position\":3,\"name\":\"Ad hoc-Mitteilungen\",\"item\":\"https:\\\/\\\/www.allgeier.com\\\/de\\\/investor-relations\\\/adhoc-announcements\\\/\"},{\"@type\":\"ListItem\",\"position\":4,\"name\":\"Allgeier ver\u00e4u\u00dfert Gesch\u00e4ftsteil an Cancom\"}]},{\"@type\":\"WebSite\",\"@id\":\"https:\\\/\\\/www.allgeier.com\\\/de\\\/#website\",\"url\":\"https:\\\/\\\/www.allgeier.com\\\/de\\\/\",\"name\":\"Allgeier SE\",\"description\":\"Software &amp; IT Services for digital transformation\",\"potentialAction\":[{\"@type\":\"SearchAction\",\"target\":{\"@type\":\"EntryPoint\",\"urlTemplate\":\"https:\\\/\\\/www.allgeier.com\\\/de\\\/?s={search_term_string}\"},\"query-input\":{\"@type\":\"PropertyValueSpecification\",\"valueRequired\":true,\"valueName\":\"search_term_string\"}}],\"inLanguage\":\"de\"}]}<\/script>\n<!-- \/ Yoast SEO plugin. -->","yoast_head_json":{"title":"Allgeier ver\u00e4u\u00dfert Gesch\u00e4ftsteil an Cancom - Allgeier SE","robots":{"index":"index","follow":"follow","max-snippet":"max-snippet:-1","max-image-preview":"max-image-preview:large","max-video-preview":"max-video-preview:-1"},"canonical":"https:\/\/www.allgeier.com\/de\/investor-relations\/adhoc-announcements\/allgeier-veraeussert-geschaeftsteil-an-cancom\/","og_locale":"de_DE","og_type":"article","og_title":"Allgeier ver\u00e4u\u00dfert Gesch\u00e4ftsteil an Cancom - Allgeier SE","og_description":"M\u00fcnchen, 18.03.2014 - Vorstand und Aufsichtsrat der Allgeier SE (ISIN DE0005086300, WKN 508630) haben heute entschieden, die Tochtergesellschaft Didas Business Services GmbH mit Sitz in Langenfeld an die Cancom SE zu ver\u00e4u\u00dfern. Kerngesch\u00e4ft der Didas sind IT-Dienstleistungen im Bereich Systemintegration","og_url":"https:\/\/www.allgeier.com\/de\/investor-relations\/adhoc-announcements\/allgeier-veraeussert-geschaeftsteil-an-cancom\/","og_site_name":"Allgeier SE","article_modified_time":"2023-01-22T17:10:04+00:00","twitter_card":"summary_large_image","twitter_misc":{"Gesch\u00e4tzte Lesezeit":"3\u00a0Minuten"},"schema":{"@context":"https:\/\/schema.org","@graph":[{"@type":"WebPage","@id":"https:\/\/www.allgeier.com\/de\/investor-relations\/adhoc-announcements\/allgeier-veraeussert-geschaeftsteil-an-cancom\/","url":"https:\/\/www.allgeier.com\/de\/investor-relations\/adhoc-announcements\/allgeier-veraeussert-geschaeftsteil-an-cancom\/","name":"Allgeier ver\u00e4u\u00dfert Gesch\u00e4ftsteil an Cancom - Allgeier SE","isPartOf":{"@id":"https:\/\/www.allgeier.com\/de\/#website"},"datePublished":"2014-03-18T15:25:42+00:00","dateModified":"2023-01-22T17:10:04+00:00","breadcrumb":{"@id":"https:\/\/www.allgeier.com\/de\/investor-relations\/adhoc-announcements\/allgeier-veraeussert-geschaeftsteil-an-cancom\/#breadcrumb"},"inLanguage":"de","potentialAction":[{"@type":"ReadAction","target":["https:\/\/www.allgeier.com\/de\/investor-relations\/adhoc-announcements\/allgeier-veraeussert-geschaeftsteil-an-cancom\/"]}]},{"@type":"BreadcrumbList","@id":"https:\/\/www.allgeier.com\/de\/investor-relations\/adhoc-announcements\/allgeier-veraeussert-geschaeftsteil-an-cancom\/#breadcrumb","itemListElement":[{"@type":"ListItem","position":1,"name":"Home","item":"https:\/\/www.allgeier.com\/de\/"},{"@type":"ListItem","position":2,"name":"Investor Relations","item":"https:\/\/www.allgeier.com\/de\/investor-relations\/"},{"@type":"ListItem","position":3,"name":"Ad hoc-Mitteilungen","item":"https:\/\/www.allgeier.com\/de\/investor-relations\/adhoc-announcements\/"},{"@type":"ListItem","position":4,"name":"Allgeier ver\u00e4u\u00dfert Gesch\u00e4ftsteil an Cancom"}]},{"@type":"WebSite","@id":"https:\/\/www.allgeier.com\/de\/#website","url":"https:\/\/www.allgeier.com\/de\/","name":"Allgeier SE","description":"Software &amp; IT Services for digital transformation","potentialAction":[{"@type":"SearchAction","target":{"@type":"EntryPoint","urlTemplate":"https:\/\/www.allgeier.com\/de\/?s={search_term_string}"},"query-input":{"@type":"PropertyValueSpecification","valueRequired":true,"valueName":"search_term_string"}}],"inLanguage":"de"}]}},"_links":{"self":[{"href":"https:\/\/www.allgeier.com\/de\/wp-json\/wp\/v2\/pages\/5524","targetHints":{"allow":["GET"]}}],"collection":[{"href":"https:\/\/www.allgeier.com\/de\/wp-json\/wp\/v2\/pages"}],"about":[{"href":"https:\/\/www.allgeier.com\/de\/wp-json\/wp\/v2\/types\/page"}],"author":[{"embeddable":true,"href":"https:\/\/www.allgeier.com\/de\/wp-json\/wp\/v2\/users\/4"}],"replies":[{"embeddable":true,"href":"https:\/\/www.allgeier.com\/de\/wp-json\/wp\/v2\/comments?post=5524"}],"version-history":[{"count":1,"href":"https:\/\/www.allgeier.com\/de\/wp-json\/wp\/v2\/pages\/5524\/revisions"}],"predecessor-version":[{"id":5525,"href":"https:\/\/www.allgeier.com\/de\/wp-json\/wp\/v2\/pages\/5524\/revisions\/5525"}],"up":[{"embeddable":true,"href":"https:\/\/www.allgeier.com\/de\/wp-json\/wp\/v2\/pages\/1155"}],"wp:attachment":[{"href":"https:\/\/www.allgeier.com\/de\/wp-json\/wp\/v2\/media?parent=5524"}],"wp:term":[{"taxonomy":"category","embeddable":true,"href":"https:\/\/www.allgeier.com\/de\/wp-json\/wp\/v2\/categories?post=5524"},{"taxonomy":"post_tag","embeddable":true,"href":"https:\/\/www.allgeier.com\/de\/wp-json\/wp\/v2\/tags?post=5524"}],"curies":[{"name":"wp","href":"https:\/\/api.w.org\/{rel}","templated":true}]}}