{"id":5526,"date":"2014-03-18T12:40:00","date_gmt":"2014-03-18T13:40:00","guid":{"rendered":"https:\/\/www.allgeier.com\/de\/?page_id=5526"},"modified":"2023-01-22T17:10:04","modified_gmt":"2023-01-22T17:10:04","slug":"allgeier-setzt-wachstum-im-geschaeftsjahr-2013-fort","status":"publish","type":"page","link":"https:\/\/www.allgeier.com\/de\/investor-relations\/adhoc-announcements\/allgeier-setzt-wachstum-im-geschaeftsjahr-2013-fort\/","title":{"rendered":"Allgeier setzt Wachstum im Gesch\u00e4ftsjahr 2013 fort"},"content":{"rendered":"<p><b>ALLGEIER SE  \/ Schlagwort(e): Vorl\u00e4ufiges Ergebnis<\/b>18.03.2014 14:40Ver\u00f6ffentlichung einer Ad-hoc-Mitteilung nach \u00a7 15 WpHG, \u00fcbermittelt durchdie DGAP &#8211; ein Unternehmen der EQS Group AG.F\u00fcr den Inhalt der Mitteilung ist der Emittent verantwortlich.&#8212;&#8212;&#8212;&#8212;&#8212;&#8212;&#8212;&#8212;&#8212;&#8212;&#8212;&#8212;&#8212;&#8212;&#8212;&#8212;&#8212;&#8212;&#8212;&#8212;&#8212;&#8212;&#8212;&#8212;&#8212;M\u00fcnchen, 18.03.2014 &#8211; Allgeier SE (ISIN DE0005086300, WKN 508630)verzeichnet gem\u00e4\u00df vorl\u00e4ufiger Zahlen im Gesch\u00e4ftsjahr 2013 (01. Januar 2013bis 31. Dezember 2013) weiteres Wachstum. Der Konzern hat sichentschlossen, einen Gesch\u00e4ftsteil zu ver\u00e4u\u00dfern und wird diesen imJahresabschluss nach IFRS als aufgegebenes Gesch\u00e4ft zeigen.Der vorl\u00e4ufige Konzernumsatz aus fortgef\u00fchrtem und aufgegebenem Gesch\u00e4ftnach IFRS stieg auf 477,6 Mio. Euro (Vorjahr: 422,8 Mio. Euro), was einemWachstum von 13 Prozent entspricht. Das vorl\u00e4ufige Konzern-EBITDA ausfortgef\u00fchrtem und aufgegebenem Gesch\u00e4ft erh\u00f6hte sich um 27 Prozent auf 30,0Mio. Euro (Vorjahr: 23,5 Mio. Euro). Das vorl\u00e4ufige Konzern-EBIT (Ergebnisvor Zinsen und Steuern) aus fortgef\u00fchrtem und aufgegebenem Gesch\u00e4ft stieggegen\u00fcber dem Vorjahr um 60 Prozent auf 15,5 Mio. Euro (Vorjahr: 9,7 Mio.Euro). Der Konzern erzielte ein Ergebnis vor Steuern aus fortgef\u00fchrtem undaufgegebenem Gesch\u00e4ft in H\u00f6he von 11,1 Mio. Euro (Vorjahr 11,9 Mio. Euro).Nach Abzug aller Ertragsteuern erreichte der Konzern ein vorl\u00e4ufigesPeriodenergebnis vor Minderheiten aus fortgef\u00fchrtem und aufgegebenemGesch\u00e4ft in H\u00f6he von 3,6 Mio. Euro (Vorjahr: 9,2 Mio. Euro). Der Umsatz desfortgef\u00fchrten Gesch\u00e4fts betrug im abgelaufenen Gesch\u00e4ftsjahr 421,3 Mio.Euro (Vorjahr: 374,8 Mio. Euro). Das EBITDA des fortgef\u00fchrten Gesch\u00e4ftsbetrug w\u00e4hrend der Periode 27,9 Mio. Euro (Vorjahr: 23,3 Mio. Euro).Das vorl\u00e4ufige Ergebnis je Aktie aus fortgef\u00fchrtem und aufgegebenemGesch\u00e4ft im Berichtsjahr betr\u00e4gt damit 0,42 Euro (Vorjahr: 1,05 Euro). Dasvorl\u00e4ufige um die Abschreibungen aus Akquisitionst\u00e4tigkeit und weitereEffekte mit au\u00dferordentlichem Charakter bereinigte Ergebnis je Aktie ausfortgef\u00fchrtem und aufgegebenem Gesch\u00e4ft betr\u00e4gt 1,62 Euro (Vorjahr: 1,90Euro).Das vorl\u00e4ufige Eigenkapital stieg auf 94,7 Mio. Euro zum 31. Dezember 2013(Vorjahr: 93,4 Mio. Euro). Dem Allgeier Konzern standen ohne dasaufgegebene Gesch\u00e4ft zum 31. Dezember 2013 liquide Mittel in H\u00f6he von 46,4Mio. Euro zur Verf\u00fcgung (Vorjahr: 38,9 Mio. Euro). Die kurz- undlangfristigen Finanzschulden haben sich zum Bilanzstichtag auf 75,3 Mio.Euro erh\u00f6ht (Vorjahr: 73,8 Mio. Euro). Die Bilanzsumme betrug 289,5 Mio.Euro (Vorjahr: 289,6 Mio. Euro).Die Vorjahreszahlen f\u00fcr 2012 wurden aufgrund zwischenzeitlicher IFRS\u00c4nderungen entsprechend angepasst. Alle genannten IFRS-Zahlen sindvorl\u00e4ufig und vom Konzernabschlusspr\u00fcfer noch nicht abschlie\u00dfend gepr\u00fcft.Die Ver\u00f6ffentlichung des Allgeier Gesch\u00e4ftsberichts 2013 ist f\u00fcr den 30.April 2014 vorgesehen.Kontakt:Allgeier SECorporate Communications &amp; Investor RelationsDr. Christopher Gro\u00dfeWehrlestra\u00dfe 1281679 M\u00fcnchenTel.: +49 (0)89\/998421-0Fax: +49 (0)89\/998421-11E-Mail: ir@allgeier.comWeb: www.allgeier.comAllgeier SE ist eines der f\u00fchrenden IT-Unternehmen f\u00fcr BusinessPerformance: Mit einer auf Innovationen und Zukunftstrends ausgerichtetenWachstumsstrategie sowie einem integrativen unternehmerischen Modellverbindet Allgeier die Vorteile eines internationalen Anbieters mit denTugenden mittelst\u00e4ndischer Unternehmer. Operative Divisionen mitindividuellen fachlichen oder branchenbezogenen Schwerpunkten arbeitengemeinsam f\u00fcr \u00fcber 2.000 Kunden aus nahezu allen Branchen. Mit \u00fcber 4.600angestellten Mitarbeitern und mehr als 1.300 freiberuflichen Expertenbietet Allgeier den Kunden als One-Stop-Shop ein umfassendes L\u00f6sungs- undLeistungsportfolio. Zu den Kunden von Allgeier z\u00e4hlen global arbeitendeKonzerne genauso wie innovative mittelst\u00e4ndische Betriebe, die sich durchleistungsstarke IT-L\u00f6sungen, intelligente Software und flexiblePersonaldienstleistungen strategische Vorteile sichern wollen. Die starkwachsende Gruppe mit Hauptsitz in M\u00fcnchen verf\u00fcgt \u00fcber mehr als 100Niederlassungen im deutschsprachigen Raum, im \u00fcbrigen Europa sowie inIndien, Mexiko und den USA. 2012 erzielte Allgeier einen Umsatz von 423Mio. Euro. Allgeier SE belegt in der L\u00fcnendonk(R)-Liste 2013 &#8222;F\u00fchrendedeutsche mittelst\u00e4ndische IT-Beratungs- und Systemintegrations-Unternehmen&#8220;den ersten Platz. Die Division Allgeier Experts ist nachL\u00fcnendonk(R)-Marktsegmentstudie 2013 &#8222;Der Markt f\u00fcr Rekrutierung,Vermittlung und Steuerung von IT-Freelancern in Deutschland&#8220; unter den TOP3 IT-Personaldienstleistern in Deutschland. Die Gesellschaft ist amRegulierten Markt der Frankfurter Wertpapierb\u00f6rse im General Standardgelistet (WKN 508630, ISIN DE0005086300). Weitere Informationen unter:www.allgeier.com.18.03.2014 Die DGAP Distributionsservices umfassen gesetzliche Meldepflichten, Corporate News\/Finanznachrichten und Pressemitteilungen. DGAP-Medienarchive unter www.dgap-medientreff.de und www.dgap.de&#8212;&#8212;&#8212;&#8212;&#8212;&#8212;&#8212;&#8212;&#8212;&#8212;&#8212;&#8212;&#8212;&#8212;&#8212;&#8212;&#8212;&#8212;&#8212;&#8212;&#8212;&#8212;&#8212;&#8212;&#8212; Sprache:      DeutschUnternehmen:  ALLGEIER SE              Wehrlestra\u00dfe 12              81679 M\u00fcnchen              DeutschlandTelefon:      +49 (0) 89 &#8211; 99 84 21 0Fax:          +49 (0) 89 &#8211; 99 84 21 11E-Mail:       info@allgeier.comInternet:     http:\/\/www.allgeier.comISIN:         DE0005086300WKN:          508630Indizes:      CDAXB\u00f6rsen:       Regulierter Markt in Frankfurt (General Standard);              Freiverkehr in Berlin, D\u00fcsseldorf, Hamburg, Stuttgart Ende der Mitteilung                             DGAP News-Service &#8212;&#8212;&#8212;&#8212;&#8212;&#8212;&#8212;&#8212;&#8212;&#8212;&#8212;&#8212;&#8212;&#8212;&#8212;&#8212;&#8212;&#8212;&#8212;&#8212;&#8212;&#8212;&#8212;&#8212;&#8212;<\/p>\n","protected":false},"excerpt":{"rendered":"<p>M\u00fcnchen, 18.03.2014 &#8211; Allgeier SE (ISIN DE0005086300, WKN 508630) verzeichnet gem\u00e4\u00df vorl\u00e4ufiger Zahlen im Gesch\u00e4ftsjahr 2013 (01. Januar 2013 bis 31. Dezember 2013) weiteres Wachstum. Der Konzern hat sich entschlossen, einen Gesch\u00e4ftsteil zu ver\u00e4u\u00dfern und wird diesen im Jahresabschluss nach IFRS als<\/p>\n","protected":false},"author":4,"featured_media":0,"parent":1155,"menu_order":0,"comment_status":"close","ping_status":"closed","template":"","meta":{"_acf_changed":false,"footnotes":""},"categories":[],"tags":[],"class_list":["post-5526","page","type-page","status-publish","hentry"],"acf":[],"yoast_head":"<!-- This site is optimized with the Yoast SEO plugin v27.4 - https:\/\/yoast.com\/product\/yoast-seo-wordpress\/ -->\n<title>Allgeier setzt Wachstum im Gesch\u00e4ftsjahr 2013 fort - Allgeier SE<\/title>\n<meta name=\"robots\" content=\"index, follow, max-snippet:-1, max-image-preview:large, max-video-preview:-1\" \/>\n<link rel=\"canonical\" href=\"https:\/\/www.allgeier.com\/de\/investor-relations\/adhoc-announcements\/allgeier-setzt-wachstum-im-geschaeftsjahr-2013-fort\/\" \/>\n<meta property=\"og:locale\" content=\"de_DE\" \/>\n<meta property=\"og:type\" content=\"article\" \/>\n<meta property=\"og:title\" content=\"Allgeier setzt Wachstum im Gesch\u00e4ftsjahr 2013 fort - Allgeier SE\" \/>\n<meta property=\"og:description\" content=\"M\u00fcnchen, 18.03.2014 - Allgeier SE (ISIN DE0005086300, WKN 508630) verzeichnet gem\u00e4\u00df vorl\u00e4ufiger Zahlen im Gesch\u00e4ftsjahr 2013 (01. Januar 2013 bis 31. Dezember 2013) weiteres Wachstum. Der Konzern hat sich entschlossen, einen Gesch\u00e4ftsteil zu ver\u00e4u\u00dfern und wird diesen im Jahresabschluss nach IFRS als\" \/>\n<meta property=\"og:url\" content=\"https:\/\/www.allgeier.com\/de\/investor-relations\/adhoc-announcements\/allgeier-setzt-wachstum-im-geschaeftsjahr-2013-fort\/\" \/>\n<meta property=\"og:site_name\" content=\"Allgeier SE\" \/>\n<meta property=\"article:modified_time\" content=\"2023-01-22T17:10:04+00:00\" \/>\n<meta name=\"twitter:card\" content=\"summary_large_image\" \/>\n<meta name=\"twitter:label1\" content=\"Gesch\u00e4tzte Lesezeit\" \/>\n\t<meta name=\"twitter:data1\" content=\"3\u00a0Minuten\" \/>\n<script type=\"application\/ld+json\" class=\"yoast-schema-graph\">{\"@context\":\"https:\\\/\\\/schema.org\",\"@graph\":[{\"@type\":\"WebPage\",\"@id\":\"https:\\\/\\\/www.allgeier.com\\\/de\\\/investor-relations\\\/adhoc-announcements\\\/allgeier-setzt-wachstum-im-geschaeftsjahr-2013-fort\\\/\",\"url\":\"https:\\\/\\\/www.allgeier.com\\\/de\\\/investor-relations\\\/adhoc-announcements\\\/allgeier-setzt-wachstum-im-geschaeftsjahr-2013-fort\\\/\",\"name\":\"Allgeier setzt Wachstum im Gesch\u00e4ftsjahr 2013 fort - Allgeier SE\",\"isPartOf\":{\"@id\":\"https:\\\/\\\/www.allgeier.com\\\/de\\\/#website\"},\"datePublished\":\"2014-03-18T13:40:00+00:00\",\"dateModified\":\"2023-01-22T17:10:04+00:00\",\"breadcrumb\":{\"@id\":\"https:\\\/\\\/www.allgeier.com\\\/de\\\/investor-relations\\\/adhoc-announcements\\\/allgeier-setzt-wachstum-im-geschaeftsjahr-2013-fort\\\/#breadcrumb\"},\"inLanguage\":\"de\",\"potentialAction\":[{\"@type\":\"ReadAction\",\"target\":[\"https:\\\/\\\/www.allgeier.com\\\/de\\\/investor-relations\\\/adhoc-announcements\\\/allgeier-setzt-wachstum-im-geschaeftsjahr-2013-fort\\\/\"]}]},{\"@type\":\"BreadcrumbList\",\"@id\":\"https:\\\/\\\/www.allgeier.com\\\/de\\\/investor-relations\\\/adhoc-announcements\\\/allgeier-setzt-wachstum-im-geschaeftsjahr-2013-fort\\\/#breadcrumb\",\"itemListElement\":[{\"@type\":\"ListItem\",\"position\":1,\"name\":\"Home\",\"item\":\"https:\\\/\\\/www.allgeier.com\\\/de\\\/\"},{\"@type\":\"ListItem\",\"position\":2,\"name\":\"Investor Relations\",\"item\":\"https:\\\/\\\/www.allgeier.com\\\/de\\\/investor-relations\\\/\"},{\"@type\":\"ListItem\",\"position\":3,\"name\":\"Ad hoc-Mitteilungen\",\"item\":\"https:\\\/\\\/www.allgeier.com\\\/de\\\/investor-relations\\\/adhoc-announcements\\\/\"},{\"@type\":\"ListItem\",\"position\":4,\"name\":\"Allgeier setzt Wachstum im Gesch\u00e4ftsjahr 2013 fort\"}]},{\"@type\":\"WebSite\",\"@id\":\"https:\\\/\\\/www.allgeier.com\\\/de\\\/#website\",\"url\":\"https:\\\/\\\/www.allgeier.com\\\/de\\\/\",\"name\":\"Allgeier SE\",\"description\":\"Software &amp; IT Services for digital transformation\",\"potentialAction\":[{\"@type\":\"SearchAction\",\"target\":{\"@type\":\"EntryPoint\",\"urlTemplate\":\"https:\\\/\\\/www.allgeier.com\\\/de\\\/?s={search_term_string}\"},\"query-input\":{\"@type\":\"PropertyValueSpecification\",\"valueRequired\":true,\"valueName\":\"search_term_string\"}}],\"inLanguage\":\"de\"}]}<\/script>\n<!-- \/ Yoast SEO plugin. -->","yoast_head_json":{"title":"Allgeier setzt Wachstum im Gesch\u00e4ftsjahr 2013 fort - Allgeier SE","robots":{"index":"index","follow":"follow","max-snippet":"max-snippet:-1","max-image-preview":"max-image-preview:large","max-video-preview":"max-video-preview:-1"},"canonical":"https:\/\/www.allgeier.com\/de\/investor-relations\/adhoc-announcements\/allgeier-setzt-wachstum-im-geschaeftsjahr-2013-fort\/","og_locale":"de_DE","og_type":"article","og_title":"Allgeier setzt Wachstum im Gesch\u00e4ftsjahr 2013 fort - Allgeier SE","og_description":"M\u00fcnchen, 18.03.2014 - Allgeier SE (ISIN DE0005086300, WKN 508630) verzeichnet gem\u00e4\u00df vorl\u00e4ufiger Zahlen im Gesch\u00e4ftsjahr 2013 (01. Januar 2013 bis 31. Dezember 2013) weiteres Wachstum. Der Konzern hat sich entschlossen, einen Gesch\u00e4ftsteil zu ver\u00e4u\u00dfern und wird diesen im Jahresabschluss nach IFRS als","og_url":"https:\/\/www.allgeier.com\/de\/investor-relations\/adhoc-announcements\/allgeier-setzt-wachstum-im-geschaeftsjahr-2013-fort\/","og_site_name":"Allgeier SE","article_modified_time":"2023-01-22T17:10:04+00:00","twitter_card":"summary_large_image","twitter_misc":{"Gesch\u00e4tzte Lesezeit":"3\u00a0Minuten"},"schema":{"@context":"https:\/\/schema.org","@graph":[{"@type":"WebPage","@id":"https:\/\/www.allgeier.com\/de\/investor-relations\/adhoc-announcements\/allgeier-setzt-wachstum-im-geschaeftsjahr-2013-fort\/","url":"https:\/\/www.allgeier.com\/de\/investor-relations\/adhoc-announcements\/allgeier-setzt-wachstum-im-geschaeftsjahr-2013-fort\/","name":"Allgeier setzt Wachstum im Gesch\u00e4ftsjahr 2013 fort - Allgeier SE","isPartOf":{"@id":"https:\/\/www.allgeier.com\/de\/#website"},"datePublished":"2014-03-18T13:40:00+00:00","dateModified":"2023-01-22T17:10:04+00:00","breadcrumb":{"@id":"https:\/\/www.allgeier.com\/de\/investor-relations\/adhoc-announcements\/allgeier-setzt-wachstum-im-geschaeftsjahr-2013-fort\/#breadcrumb"},"inLanguage":"de","potentialAction":[{"@type":"ReadAction","target":["https:\/\/www.allgeier.com\/de\/investor-relations\/adhoc-announcements\/allgeier-setzt-wachstum-im-geschaeftsjahr-2013-fort\/"]}]},{"@type":"BreadcrumbList","@id":"https:\/\/www.allgeier.com\/de\/investor-relations\/adhoc-announcements\/allgeier-setzt-wachstum-im-geschaeftsjahr-2013-fort\/#breadcrumb","itemListElement":[{"@type":"ListItem","position":1,"name":"Home","item":"https:\/\/www.allgeier.com\/de\/"},{"@type":"ListItem","position":2,"name":"Investor Relations","item":"https:\/\/www.allgeier.com\/de\/investor-relations\/"},{"@type":"ListItem","position":3,"name":"Ad hoc-Mitteilungen","item":"https:\/\/www.allgeier.com\/de\/investor-relations\/adhoc-announcements\/"},{"@type":"ListItem","position":4,"name":"Allgeier setzt Wachstum im Gesch\u00e4ftsjahr 2013 fort"}]},{"@type":"WebSite","@id":"https:\/\/www.allgeier.com\/de\/#website","url":"https:\/\/www.allgeier.com\/de\/","name":"Allgeier SE","description":"Software &amp; IT Services for digital transformation","potentialAction":[{"@type":"SearchAction","target":{"@type":"EntryPoint","urlTemplate":"https:\/\/www.allgeier.com\/de\/?s={search_term_string}"},"query-input":{"@type":"PropertyValueSpecification","valueRequired":true,"valueName":"search_term_string"}}],"inLanguage":"de"}]}},"_links":{"self":[{"href":"https:\/\/www.allgeier.com\/de\/wp-json\/wp\/v2\/pages\/5526","targetHints":{"allow":["GET"]}}],"collection":[{"href":"https:\/\/www.allgeier.com\/de\/wp-json\/wp\/v2\/pages"}],"about":[{"href":"https:\/\/www.allgeier.com\/de\/wp-json\/wp\/v2\/types\/page"}],"author":[{"embeddable":true,"href":"https:\/\/www.allgeier.com\/de\/wp-json\/wp\/v2\/users\/4"}],"replies":[{"embeddable":true,"href":"https:\/\/www.allgeier.com\/de\/wp-json\/wp\/v2\/comments?post=5526"}],"version-history":[{"count":1,"href":"https:\/\/www.allgeier.com\/de\/wp-json\/wp\/v2\/pages\/5526\/revisions"}],"predecessor-version":[{"id":5527,"href":"https:\/\/www.allgeier.com\/de\/wp-json\/wp\/v2\/pages\/5526\/revisions\/5527"}],"up":[{"embeddable":true,"href":"https:\/\/www.allgeier.com\/de\/wp-json\/wp\/v2\/pages\/1155"}],"wp:attachment":[{"href":"https:\/\/www.allgeier.com\/de\/wp-json\/wp\/v2\/media?parent=5526"}],"wp:term":[{"taxonomy":"category","embeddable":true,"href":"https:\/\/www.allgeier.com\/de\/wp-json\/wp\/v2\/categories?post=5526"},{"taxonomy":"post_tag","embeddable":true,"href":"https:\/\/www.allgeier.com\/de\/wp-json\/wp\/v2\/tags?post=5526"}],"curies":[{"name":"wp","href":"https:\/\/api.w.org\/{rel}","templated":true}]}}