{"id":5528,"date":"2014-03-03T16:49:50","date_gmt":"2014-03-03T17:49:50","guid":{"rendered":"https:\/\/www.allgeier.com\/de\/?page_id=5528"},"modified":"2023-01-22T17:10:04","modified_gmt":"2023-01-22T17:10:04","slug":"allgeier-se-erweitert-vorstand","status":"publish","type":"page","link":"https:\/\/www.allgeier.com\/de\/investor-relations\/adhoc-announcements\/allgeier-se-erweitert-vorstand\/","title":{"rendered":"Allgeier SE erweitert Vorstand"},"content":{"rendered":"<p><b>ALLGEIER SE  \/ Schlagwort(e): Personalie<\/b>03.03.2014 18:49Ver\u00f6ffentlichung einer Ad-hoc-Mitteilung nach \u00a7 15 WpHG, \u00fcbermittelt durchdie DGAP &#8211; ein Unternehmen der EQS Group AG.F\u00fcr den Inhalt der Mitteilung ist der Emittent verantwortlich.&#8212;&#8212;&#8212;&#8212;&#8212;&#8212;&#8212;&#8212;&#8212;&#8212;&#8212;&#8212;&#8212;&#8212;&#8212;&#8212;&#8212;&#8212;&#8212;&#8212;&#8212;&#8212;&#8212;&#8212;&#8212;M\u00fcnchen, 03. M\u00e4rz 2014 &#8211; Der Aufsichtsrat der Allgeier SE (ISINDE0005086300, WKN 508630) hat Herrn Manas Fuloria mit Wirkung zum heutigenTage zum Mitglied des Vorstands ernannt.Manas Fuloria ist einer der Mitgr\u00fcnder der zur Allgeier Gruppe geh\u00f6rendenNagarro Inc. und zeichnet f\u00fcr das Business Development in Europa und in derasiatisch-pazifischen Region verantwortlich. Er ist Experte f\u00fcrTechnologiemanagement und Betriebsf\u00fchrung und hat in dieser Fachrichtung ander Stanford University seinen Master erworben und am Indian Institute ofTechnology, Delhi, promoviert. Vor seiner unternehmerischen T\u00e4tigkeit warer in der Gruppe &#8222;Technology and Operations Management&#8220; der HarvardBusiness School t\u00e4tig und hat mehrere Fortune 500-Unternehmen beraten.Manas Fuloria ist in Gurgaon, Indien, niedergelassen.Kontakt:Allgeier SECorporate Communications &amp; Investor RelationsDr. Christopher Gro\u00dfeWehrlestra\u00dfe 1281679 M\u00fcnchenTel.: +49 (0)89\/998421-0Fax: +49 (0)89\/998421-11E-Mail: ir@allgeier.comWeb: www.allgeier.comAllgeier SE ist eines der f\u00fchrenden IT-Unternehmen f\u00fcr BusinessPerformance: Mit einer konsequent auf Innovationen und Zukunftstrendsausgerichteten Wachstumsstrategie sowie einem integrativenunternehmerischen Modell verbindet Allgeier die Vorteile einesinternationalen Anbieters mit den Tugenden mittelst\u00e4ndischer Unternehmer.Sechs operative Divisionen mit individuellen fachlichen oderbranchenbezogenen Schwerpunkten arbeiten gemeinsam f\u00fcr \u00fcber 2.000 Kundenaus nahezu allen Branchen. Mit \u00fcber 4.500 angestellten Mitarbeitern undmehr als 1.300 freiberuflichen IT-Experten bietet Allgeier den Kunden alsOne-Stop-Shop ein umfassendes L\u00f6sungs- und Leistungsportfolio. Zu denKunden von Allgeier z\u00e4hlen global arbeitende Konzerne genauso wieinnovative mittelst\u00e4ndische Betriebe, die sich durch leistungsstarkeIT-L\u00f6sungen, intelligente Software und flexible Personaldienstleistungenstrategische Vorteile sichern wollen. Die stark wachsende Gruppe mitHauptsitz in M\u00fcnchen verf\u00fcgt \u00fcber mehr als 100 Niederlassungen imdeutschsprachigen Raum, im \u00fcbrigen Europa sowie in Indien, Mexiko und denUSA. 2012 erzielte Allgeier einen Umsatz von 423 Mio. Euro. Allgeier SEbelegt in der L\u00fcnendonk(R)-Liste 2013 &#8222;F\u00fchrende deutsche mittelst\u00e4ndischeIT-Beratungs- und Systemintegrations-Unternehmen&#8220; den ersten Platz. DieDivision Allgeier Experts ist nach L\u00fcnendonk(R)-Marktsegmentstudie 2013&#8243;Der Markt f\u00fcr Rekrutierung, Vermittlung und Steuerung von IT-Freelancernin Deutschland&#8220; unter den TOP 3 IT-Personaldienstleistern in Deutschland.Die Gesellschaft ist am Regulierten Markt der Frankfurter Wertpapierb\u00f6rseim General Standard gelistet (WKN 508630, ISIN DE0005086300). WeitereInformationen unter: www.allgeier.com.03.03.2014 Die DGAP Distributionsservices umfassen gesetzliche Meldepflichten, Corporate News\/Finanznachrichten und Pressemitteilungen. DGAP-Medienarchive unter www.dgap-medientreff.de und www.dgap.de&#8212;&#8212;&#8212;&#8212;&#8212;&#8212;&#8212;&#8212;&#8212;&#8212;&#8212;&#8212;&#8212;&#8212;&#8212;&#8212;&#8212;&#8212;&#8212;&#8212;&#8212;&#8212;&#8212;&#8212;&#8212; Sprache:      DeutschUnternehmen:  ALLGEIER SE              Wehrlestra\u00dfe 12              81679 M\u00fcnchen              DeutschlandTelefon:      +49 (0) 89 &#8211; 99 84 21 0Fax:          +49 (0) 89 &#8211; 99 84 21 11E-Mail:       info@allgeier.comInternet:     http:\/\/www.allgeier.comISIN:         DE0005086300WKN:          508630Indizes:      CDAXB\u00f6rsen:       Regulierter Markt in Frankfurt (General Standard);              Freiverkehr in Berlin, D\u00fcsseldorf, Hamburg, Stuttgart Ende der Mitteilung                             DGAP News-Service &#8212;&#8212;&#8212;&#8212;&#8212;&#8212;&#8212;&#8212;&#8212;&#8212;&#8212;&#8212;&#8212;&#8212;&#8212;&#8212;&#8212;&#8212;&#8212;&#8212;&#8212;&#8212;&#8212;&#8212;&#8212;<\/p>\n","protected":false},"excerpt":{"rendered":"<p>M\u00fcnchen, 03. M\u00e4rz 2014 &#8211; Der Aufsichtsrat der Allgeier SE (ISIN DE0005086300, WKN 508630) hat Herrn Manas Fuloria mit Wirkung zum heutigen Tage zum Mitglied des Vorstands ernannt. Manas Fuloria ist einer der Mitgr\u00fcnder der zur Allgeier Gruppe geh\u00f6renden Nagarro Inc. und zeichnet f\u00fcr das Business Development<\/p>\n","protected":false},"author":4,"featured_media":0,"parent":1155,"menu_order":0,"comment_status":"close","ping_status":"closed","template":"","meta":{"_acf_changed":false,"footnotes":""},"categories":[],"tags":[],"class_list":["post-5528","page","type-page","status-publish","hentry"],"acf":[],"yoast_head":"<!-- This site is optimized with the Yoast SEO plugin v27.4 - https:\/\/yoast.com\/product\/yoast-seo-wordpress\/ -->\n<title>Allgeier SE erweitert Vorstand - Allgeier SE<\/title>\n<meta name=\"robots\" content=\"index, follow, max-snippet:-1, max-image-preview:large, max-video-preview:-1\" \/>\n<link rel=\"canonical\" href=\"https:\/\/www.allgeier.com\/de\/investor-relations\/adhoc-announcements\/allgeier-se-erweitert-vorstand\/\" \/>\n<meta property=\"og:locale\" content=\"de_DE\" \/>\n<meta property=\"og:type\" content=\"article\" \/>\n<meta property=\"og:title\" content=\"Allgeier SE erweitert Vorstand - Allgeier SE\" \/>\n<meta property=\"og:description\" content=\"M\u00fcnchen, 03. M\u00e4rz 2014 - Der Aufsichtsrat der Allgeier SE (ISIN DE0005086300, WKN 508630) hat Herrn Manas Fuloria mit Wirkung zum heutigen Tage zum Mitglied des Vorstands ernannt. Manas Fuloria ist einer der Mitgr\u00fcnder der zur Allgeier Gruppe geh\u00f6renden Nagarro Inc. und zeichnet f\u00fcr das Business Development\" \/>\n<meta property=\"og:url\" content=\"https:\/\/www.allgeier.com\/de\/investor-relations\/adhoc-announcements\/allgeier-se-erweitert-vorstand\/\" \/>\n<meta property=\"og:site_name\" content=\"Allgeier SE\" \/>\n<meta property=\"article:modified_time\" content=\"2023-01-22T17:10:04+00:00\" \/>\n<meta name=\"twitter:card\" content=\"summary_large_image\" \/>\n<meta name=\"twitter:label1\" content=\"Gesch\u00e4tzte Lesezeit\" \/>\n\t<meta name=\"twitter:data1\" content=\"2\u00a0Minuten\" \/>\n<script type=\"application\/ld+json\" class=\"yoast-schema-graph\">{\"@context\":\"https:\\\/\\\/schema.org\",\"@graph\":[{\"@type\":\"WebPage\",\"@id\":\"https:\\\/\\\/www.allgeier.com\\\/de\\\/investor-relations\\\/adhoc-announcements\\\/allgeier-se-erweitert-vorstand\\\/\",\"url\":\"https:\\\/\\\/www.allgeier.com\\\/de\\\/investor-relations\\\/adhoc-announcements\\\/allgeier-se-erweitert-vorstand\\\/\",\"name\":\"Allgeier SE erweitert Vorstand - Allgeier SE\",\"isPartOf\":{\"@id\":\"https:\\\/\\\/www.allgeier.com\\\/de\\\/#website\"},\"datePublished\":\"2014-03-03T17:49:50+00:00\",\"dateModified\":\"2023-01-22T17:10:04+00:00\",\"breadcrumb\":{\"@id\":\"https:\\\/\\\/www.allgeier.com\\\/de\\\/investor-relations\\\/adhoc-announcements\\\/allgeier-se-erweitert-vorstand\\\/#breadcrumb\"},\"inLanguage\":\"de\",\"potentialAction\":[{\"@type\":\"ReadAction\",\"target\":[\"https:\\\/\\\/www.allgeier.com\\\/de\\\/investor-relations\\\/adhoc-announcements\\\/allgeier-se-erweitert-vorstand\\\/\"]}]},{\"@type\":\"BreadcrumbList\",\"@id\":\"https:\\\/\\\/www.allgeier.com\\\/de\\\/investor-relations\\\/adhoc-announcements\\\/allgeier-se-erweitert-vorstand\\\/#breadcrumb\",\"itemListElement\":[{\"@type\":\"ListItem\",\"position\":1,\"name\":\"Home\",\"item\":\"https:\\\/\\\/www.allgeier.com\\\/de\\\/\"},{\"@type\":\"ListItem\",\"position\":2,\"name\":\"Investor Relations\",\"item\":\"https:\\\/\\\/www.allgeier.com\\\/de\\\/investor-relations\\\/\"},{\"@type\":\"ListItem\",\"position\":3,\"name\":\"Ad hoc-Mitteilungen\",\"item\":\"https:\\\/\\\/www.allgeier.com\\\/de\\\/investor-relations\\\/adhoc-announcements\\\/\"},{\"@type\":\"ListItem\",\"position\":4,\"name\":\"Allgeier SE erweitert Vorstand\"}]},{\"@type\":\"WebSite\",\"@id\":\"https:\\\/\\\/www.allgeier.com\\\/de\\\/#website\",\"url\":\"https:\\\/\\\/www.allgeier.com\\\/de\\\/\",\"name\":\"Allgeier SE\",\"description\":\"Software &amp; IT Services for digital transformation\",\"potentialAction\":[{\"@type\":\"SearchAction\",\"target\":{\"@type\":\"EntryPoint\",\"urlTemplate\":\"https:\\\/\\\/www.allgeier.com\\\/de\\\/?s={search_term_string}\"},\"query-input\":{\"@type\":\"PropertyValueSpecification\",\"valueRequired\":true,\"valueName\":\"search_term_string\"}}],\"inLanguage\":\"de\"}]}<\/script>\n<!-- \/ Yoast SEO plugin. -->","yoast_head_json":{"title":"Allgeier SE erweitert Vorstand - Allgeier SE","robots":{"index":"index","follow":"follow","max-snippet":"max-snippet:-1","max-image-preview":"max-image-preview:large","max-video-preview":"max-video-preview:-1"},"canonical":"https:\/\/www.allgeier.com\/de\/investor-relations\/adhoc-announcements\/allgeier-se-erweitert-vorstand\/","og_locale":"de_DE","og_type":"article","og_title":"Allgeier SE erweitert Vorstand - Allgeier SE","og_description":"M\u00fcnchen, 03. M\u00e4rz 2014 - Der Aufsichtsrat der Allgeier SE (ISIN DE0005086300, WKN 508630) hat Herrn Manas Fuloria mit Wirkung zum heutigen Tage zum Mitglied des Vorstands ernannt. Manas Fuloria ist einer der Mitgr\u00fcnder der zur Allgeier Gruppe geh\u00f6renden Nagarro Inc. und zeichnet f\u00fcr das Business Development","og_url":"https:\/\/www.allgeier.com\/de\/investor-relations\/adhoc-announcements\/allgeier-se-erweitert-vorstand\/","og_site_name":"Allgeier SE","article_modified_time":"2023-01-22T17:10:04+00:00","twitter_card":"summary_large_image","twitter_misc":{"Gesch\u00e4tzte Lesezeit":"2\u00a0Minuten"},"schema":{"@context":"https:\/\/schema.org","@graph":[{"@type":"WebPage","@id":"https:\/\/www.allgeier.com\/de\/investor-relations\/adhoc-announcements\/allgeier-se-erweitert-vorstand\/","url":"https:\/\/www.allgeier.com\/de\/investor-relations\/adhoc-announcements\/allgeier-se-erweitert-vorstand\/","name":"Allgeier SE erweitert Vorstand - Allgeier SE","isPartOf":{"@id":"https:\/\/www.allgeier.com\/de\/#website"},"datePublished":"2014-03-03T17:49:50+00:00","dateModified":"2023-01-22T17:10:04+00:00","breadcrumb":{"@id":"https:\/\/www.allgeier.com\/de\/investor-relations\/adhoc-announcements\/allgeier-se-erweitert-vorstand\/#breadcrumb"},"inLanguage":"de","potentialAction":[{"@type":"ReadAction","target":["https:\/\/www.allgeier.com\/de\/investor-relations\/adhoc-announcements\/allgeier-se-erweitert-vorstand\/"]}]},{"@type":"BreadcrumbList","@id":"https:\/\/www.allgeier.com\/de\/investor-relations\/adhoc-announcements\/allgeier-se-erweitert-vorstand\/#breadcrumb","itemListElement":[{"@type":"ListItem","position":1,"name":"Home","item":"https:\/\/www.allgeier.com\/de\/"},{"@type":"ListItem","position":2,"name":"Investor Relations","item":"https:\/\/www.allgeier.com\/de\/investor-relations\/"},{"@type":"ListItem","position":3,"name":"Ad hoc-Mitteilungen","item":"https:\/\/www.allgeier.com\/de\/investor-relations\/adhoc-announcements\/"},{"@type":"ListItem","position":4,"name":"Allgeier SE erweitert Vorstand"}]},{"@type":"WebSite","@id":"https:\/\/www.allgeier.com\/de\/#website","url":"https:\/\/www.allgeier.com\/de\/","name":"Allgeier SE","description":"Software &amp; IT Services for digital transformation","potentialAction":[{"@type":"SearchAction","target":{"@type":"EntryPoint","urlTemplate":"https:\/\/www.allgeier.com\/de\/?s={search_term_string}"},"query-input":{"@type":"PropertyValueSpecification","valueRequired":true,"valueName":"search_term_string"}}],"inLanguage":"de"}]}},"_links":{"self":[{"href":"https:\/\/www.allgeier.com\/de\/wp-json\/wp\/v2\/pages\/5528","targetHints":{"allow":["GET"]}}],"collection":[{"href":"https:\/\/www.allgeier.com\/de\/wp-json\/wp\/v2\/pages"}],"about":[{"href":"https:\/\/www.allgeier.com\/de\/wp-json\/wp\/v2\/types\/page"}],"author":[{"embeddable":true,"href":"https:\/\/www.allgeier.com\/de\/wp-json\/wp\/v2\/users\/4"}],"replies":[{"embeddable":true,"href":"https:\/\/www.allgeier.com\/de\/wp-json\/wp\/v2\/comments?post=5528"}],"version-history":[{"count":1,"href":"https:\/\/www.allgeier.com\/de\/wp-json\/wp\/v2\/pages\/5528\/revisions"}],"predecessor-version":[{"id":5529,"href":"https:\/\/www.allgeier.com\/de\/wp-json\/wp\/v2\/pages\/5528\/revisions\/5529"}],"up":[{"embeddable":true,"href":"https:\/\/www.allgeier.com\/de\/wp-json\/wp\/v2\/pages\/1155"}],"wp:attachment":[{"href":"https:\/\/www.allgeier.com\/de\/wp-json\/wp\/v2\/media?parent=5528"}],"wp:term":[{"taxonomy":"category","embeddable":true,"href":"https:\/\/www.allgeier.com\/de\/wp-json\/wp\/v2\/categories?post=5528"},{"taxonomy":"post_tag","embeddable":true,"href":"https:\/\/www.allgeier.com\/de\/wp-json\/wp\/v2\/tags?post=5528"}],"curies":[{"name":"wp","href":"https:\/\/api.w.org\/{rel}","templated":true}]}}