{"id":5530,"date":"2013-12-11T16:12:31","date_gmt":"2013-12-11T17:12:31","guid":{"rendered":"https:\/\/www.allgeier.com\/de\/?page_id=5530"},"modified":"2023-01-22T17:10:05","modified_gmt":"2023-01-22T17:10:05","slug":"allgeier-se-ad-hoc-berichtigung-nach-%c2%a7-15-wphg-2","status":"publish","type":"page","link":"https:\/\/www.allgeier.com\/de\/investor-relations\/adhoc-announcements\/allgeier-se-ad-hoc-berichtigung-nach-%c2%a7-15-wphg-2\/","title":{"rendered":"Allgeier SE: Ad-hoc-Berichtigung nach \u00a7 15 WpHG"},"content":{"rendered":"<p><b>ALLGEIER SE  \/ Schlagwort(e): Transaktion eigene Aktien\/Kapitalma\u00dfnahme<\/b>11.12.2013 18:12Ver\u00f6ffentlichung einer Ad-hoc-Mitteilung nach \u00a7 15 WpHG, \u00fcbermittelt durchdie DGAP &#8211; ein Unternehmen der EQS Group AG.F\u00fcr den Inhalt der Mitteilung ist der Emittent verantwortlich.&#8212;&#8212;&#8212;&#8212;&#8212;&#8212;&#8212;&#8212;&#8212;&#8212;&#8212;&#8212;&#8212;&#8212;&#8212;&#8212;&#8212;&#8212;&#8212;&#8212;&#8212;&#8212;&#8212;&#8212;&#8212;Die Allgeier SE (ISIN DE0005086300, WKN 508630) hat in der heutigenAd-hoc-Mitteilung (08:03 Uhr) die Gesamtzahl der eigenen Aktien mit 760.493beziffert. Leider ist diese Zahl falsch; tats\u00e4chlich betrug die Gesamtzahlder eigenen Aktien vor der Transaktion 746.579 Aktien.Kontakt:Allgeier SEDr. Christopher GrosseWehrlestr. 1281679 M\u00fcnchenTel.: +49 (0)89\/998421-0Fax: +49 (0)89\/998421-11eMail: ir@allgeier-holding.de Web: www.allgeier.comAllgeier SE ist eines der f\u00fchrenden IT-Unternehmen f\u00fcr BusinessPerformance: Mit einer konsequent auf Innovationen und Zukunftstrendsausgerichteten Wachstumsstrategie sowie einem integrativenunternehmerischen Modell verbindet Allgeier die Vorteile einesinternationalen Anbieters mit den Tugenden mittelst\u00e4ndischer Unternehmer.Sechs operative Divisionen mit individuellen fachlichen oderbranchenbezogenen Schwerpunkten arbeiten gemeinsam f\u00fcr \u00fcber 2.000 Kundenaus nahezu allen Branchen. Mit \u00fcber 4.400 angestellten Mitarbeitern undmehr als 1.300 freiberuflichen IT-Experten bietet Allgeier den Kunden alsOne-Stop-Shop ein umfassendes L\u00f6sungs- und Leistungsportfolio. Zu denKunden von Allgeier z\u00e4hlen global arbeitende Konzerne genauso wieinnovative mittelst\u00e4ndische Betriebe, die sich durch leistungsstarkeIT-L\u00f6sungen, intelligente Software und flexible Personaldienstleistungenstrategische Vorteile sichern wollen. Die stark wachsende Gruppe mitHauptsitz in M\u00fcnchen verf\u00fcgt \u00fcber mehr als 90 Niederlassungen imdeutschsprachigen Raum, im \u00fcbrigen Europa sowie in Indien, Mexiko und denUSA. 2012 erzielte Allgeier einen Umsatz von 423 Mio. Euro. Allgeier SEbelegt in der L\u00fcnendonk(R)-Liste 2013 &#8218;F\u00fchrende deutsche mittelst\u00e4ndischeIT-Beratungs- und Systemintegrations-Unternehmen&#8216; den ersten Platz. DieDivision Allgeier Experts ist nach L\u00fcnendonk(R)-Marktsegmentstudie 2013&#8217;Der Markt f\u00fcr Rekrutierung, Vermittlung und Steuerung von IT-Freelancernin Deutschland&#8216; unter den TOP 3 IT-Personaldienstleistern in Deutschland.Die Gesellschaft ist am Regulierten Markt der Frankfurter Wertpapierb\u00f6rseim General Standard gelistet (WKN 508630, ISIN DE0005086300). WeitereInformationen unter: www.allgeier.com.11.12.2013 Die DGAP Distributionsservices umfassen gesetzliche Meldepflichten, Corporate News\/Finanznachrichten und Pressemitteilungen. DGAP-Medienarchive unter www.dgap-medientreff.de und www.dgap.de&#8212;&#8212;&#8212;&#8212;&#8212;&#8212;&#8212;&#8212;&#8212;&#8212;&#8212;&#8212;&#8212;&#8212;&#8212;&#8212;&#8212;&#8212;&#8212;&#8212;&#8212;&#8212;&#8212;&#8212;&#8212; Sprache:      DeutschUnternehmen:  ALLGEIER SE              Wehrlestra\u00dfe 12              81679 M\u00fcnchen              DeutschlandTelefon:      +49 (0) 89 &#8211; 99 84 21 0Fax:          +49 (0) 89 &#8211; 99 84 21 11E-Mail:       info@allgeier.comInternet:     http:\/\/www.allgeier.comISIN:         DE0005086300WKN:          508630Indizes:      CDAXB\u00f6rsen:       Regulierter Markt in Frankfurt (General Standard);              Freiverkehr in Berlin, D\u00fcsseldorf, Hamburg, Stuttgart Ende der Mitteilung                             DGAP News-Service &#8212;&#8212;&#8212;&#8212;&#8212;&#8212;&#8212;&#8212;&#8212;&#8212;&#8212;&#8212;&#8212;&#8212;&#8212;&#8212;&#8212;&#8212;&#8212;&#8212;&#8212;&#8212;&#8212;&#8212;&#8212;<\/p>\n","protected":false},"excerpt":{"rendered":"<p>Die Allgeier SE (ISIN DE0005086300, WKN 508630) hat in der heutigen Ad-hoc-Mitteilung (08:03 Uhr) die Gesamtzahl der eigenen Aktien mit 760.493 beziffert. Leider ist diese Zahl falsch; tats\u00e4chlich betrug die Gesamtzahl der eigenen Aktien vor der Transaktion 746.579 Aktien. Kontakt: Allgeier SE Dr. Christopher<\/p>\n","protected":false},"author":4,"featured_media":0,"parent":1155,"menu_order":0,"comment_status":"close","ping_status":"closed","template":"","meta":{"_acf_changed":false,"footnotes":""},"categories":[],"tags":[],"class_list":["post-5530","page","type-page","status-publish","hentry"],"acf":[],"yoast_head":"<!-- This site is optimized with the Yoast SEO plugin v27.4 - https:\/\/yoast.com\/product\/yoast-seo-wordpress\/ -->\n<title>Allgeier SE: Ad-hoc-Berichtigung nach \u00a7 15 WpHG - Allgeier SE<\/title>\n<meta name=\"robots\" content=\"index, follow, max-snippet:-1, max-image-preview:large, max-video-preview:-1\" \/>\n<link rel=\"canonical\" href=\"https:\/\/www.allgeier.com\/de\/investor-relations\/adhoc-announcements\/allgeier-se-ad-hoc-berichtigung-nach-\u00a7-15-wphg-2\/\" \/>\n<meta property=\"og:locale\" content=\"de_DE\" \/>\n<meta property=\"og:type\" content=\"article\" \/>\n<meta property=\"og:title\" content=\"Allgeier SE: Ad-hoc-Berichtigung nach \u00a7 15 WpHG - Allgeier SE\" \/>\n<meta property=\"og:description\" content=\"Die Allgeier SE (ISIN DE0005086300, WKN 508630) hat in der heutigen Ad-hoc-Mitteilung (08:03 Uhr) die Gesamtzahl der eigenen Aktien mit 760.493 beziffert. Leider ist diese Zahl falsch; tats\u00e4chlich betrug die Gesamtzahl der eigenen Aktien vor der Transaktion 746.579 Aktien. Kontakt: Allgeier SE Dr. Christopher\" \/>\n<meta property=\"og:url\" content=\"https:\/\/www.allgeier.com\/de\/investor-relations\/adhoc-announcements\/allgeier-se-ad-hoc-berichtigung-nach-\u00a7-15-wphg-2\/\" \/>\n<meta property=\"og:site_name\" content=\"Allgeier SE\" \/>\n<meta property=\"article:modified_time\" content=\"2023-01-22T17:10:05+00:00\" \/>\n<meta name=\"twitter:card\" content=\"summary_large_image\" \/>\n<meta name=\"twitter:label1\" content=\"Gesch\u00e4tzte Lesezeit\" \/>\n\t<meta name=\"twitter:data1\" content=\"2\u00a0Minuten\" \/>\n<script type=\"application\/ld+json\" class=\"yoast-schema-graph\">{\"@context\":\"https:\\\/\\\/schema.org\",\"@graph\":[{\"@type\":\"WebPage\",\"@id\":\"https:\\\/\\\/www.allgeier.com\\\/de\\\/investor-relations\\\/adhoc-announcements\\\/allgeier-se-ad-hoc-berichtigung-nach-%c2%a7-15-wphg-2\\\/\",\"url\":\"https:\\\/\\\/www.allgeier.com\\\/de\\\/investor-relations\\\/adhoc-announcements\\\/allgeier-se-ad-hoc-berichtigung-nach-%c2%a7-15-wphg-2\\\/\",\"name\":\"Allgeier SE: Ad-hoc-Berichtigung nach \u00a7 15 WpHG - Allgeier SE\",\"isPartOf\":{\"@id\":\"https:\\\/\\\/www.allgeier.com\\\/de\\\/#website\"},\"datePublished\":\"2013-12-11T17:12:31+00:00\",\"dateModified\":\"2023-01-22T17:10:05+00:00\",\"breadcrumb\":{\"@id\":\"https:\\\/\\\/www.allgeier.com\\\/de\\\/investor-relations\\\/adhoc-announcements\\\/allgeier-se-ad-hoc-berichtigung-nach-%c2%a7-15-wphg-2\\\/#breadcrumb\"},\"inLanguage\":\"de\",\"potentialAction\":[{\"@type\":\"ReadAction\",\"target\":[\"https:\\\/\\\/www.allgeier.com\\\/de\\\/investor-relations\\\/adhoc-announcements\\\/allgeier-se-ad-hoc-berichtigung-nach-%c2%a7-15-wphg-2\\\/\"]}]},{\"@type\":\"BreadcrumbList\",\"@id\":\"https:\\\/\\\/www.allgeier.com\\\/de\\\/investor-relations\\\/adhoc-announcements\\\/allgeier-se-ad-hoc-berichtigung-nach-%c2%a7-15-wphg-2\\\/#breadcrumb\",\"itemListElement\":[{\"@type\":\"ListItem\",\"position\":1,\"name\":\"Home\",\"item\":\"https:\\\/\\\/www.allgeier.com\\\/de\\\/\"},{\"@type\":\"ListItem\",\"position\":2,\"name\":\"Investor Relations\",\"item\":\"https:\\\/\\\/www.allgeier.com\\\/de\\\/investor-relations\\\/\"},{\"@type\":\"ListItem\",\"position\":3,\"name\":\"Ad hoc-Mitteilungen\",\"item\":\"https:\\\/\\\/www.allgeier.com\\\/de\\\/investor-relations\\\/adhoc-announcements\\\/\"},{\"@type\":\"ListItem\",\"position\":4,\"name\":\"Allgeier SE: Ad-hoc-Berichtigung nach \u00a7 15 WpHG\"}]},{\"@type\":\"WebSite\",\"@id\":\"https:\\\/\\\/www.allgeier.com\\\/de\\\/#website\",\"url\":\"https:\\\/\\\/www.allgeier.com\\\/de\\\/\",\"name\":\"Allgeier SE\",\"description\":\"Software &amp; IT Services for digital transformation\",\"potentialAction\":[{\"@type\":\"SearchAction\",\"target\":{\"@type\":\"EntryPoint\",\"urlTemplate\":\"https:\\\/\\\/www.allgeier.com\\\/de\\\/?s={search_term_string}\"},\"query-input\":{\"@type\":\"PropertyValueSpecification\",\"valueRequired\":true,\"valueName\":\"search_term_string\"}}],\"inLanguage\":\"de\"}]}<\/script>\n<!-- \/ Yoast SEO plugin. -->","yoast_head_json":{"title":"Allgeier SE: Ad-hoc-Berichtigung nach \u00a7 15 WpHG - Allgeier SE","robots":{"index":"index","follow":"follow","max-snippet":"max-snippet:-1","max-image-preview":"max-image-preview:large","max-video-preview":"max-video-preview:-1"},"canonical":"https:\/\/www.allgeier.com\/de\/investor-relations\/adhoc-announcements\/allgeier-se-ad-hoc-berichtigung-nach-\u00a7-15-wphg-2\/","og_locale":"de_DE","og_type":"article","og_title":"Allgeier SE: Ad-hoc-Berichtigung nach \u00a7 15 WpHG - Allgeier SE","og_description":"Die Allgeier SE (ISIN DE0005086300, WKN 508630) hat in der heutigen Ad-hoc-Mitteilung (08:03 Uhr) die Gesamtzahl der eigenen Aktien mit 760.493 beziffert. Leider ist diese Zahl falsch; tats\u00e4chlich betrug die Gesamtzahl der eigenen Aktien vor der Transaktion 746.579 Aktien. Kontakt: Allgeier SE Dr. Christopher","og_url":"https:\/\/www.allgeier.com\/de\/investor-relations\/adhoc-announcements\/allgeier-se-ad-hoc-berichtigung-nach-\u00a7-15-wphg-2\/","og_site_name":"Allgeier SE","article_modified_time":"2023-01-22T17:10:05+00:00","twitter_card":"summary_large_image","twitter_misc":{"Gesch\u00e4tzte Lesezeit":"2\u00a0Minuten"},"schema":{"@context":"https:\/\/schema.org","@graph":[{"@type":"WebPage","@id":"https:\/\/www.allgeier.com\/de\/investor-relations\/adhoc-announcements\/allgeier-se-ad-hoc-berichtigung-nach-%c2%a7-15-wphg-2\/","url":"https:\/\/www.allgeier.com\/de\/investor-relations\/adhoc-announcements\/allgeier-se-ad-hoc-berichtigung-nach-%c2%a7-15-wphg-2\/","name":"Allgeier SE: Ad-hoc-Berichtigung nach \u00a7 15 WpHG - Allgeier SE","isPartOf":{"@id":"https:\/\/www.allgeier.com\/de\/#website"},"datePublished":"2013-12-11T17:12:31+00:00","dateModified":"2023-01-22T17:10:05+00:00","breadcrumb":{"@id":"https:\/\/www.allgeier.com\/de\/investor-relations\/adhoc-announcements\/allgeier-se-ad-hoc-berichtigung-nach-%c2%a7-15-wphg-2\/#breadcrumb"},"inLanguage":"de","potentialAction":[{"@type":"ReadAction","target":["https:\/\/www.allgeier.com\/de\/investor-relations\/adhoc-announcements\/allgeier-se-ad-hoc-berichtigung-nach-%c2%a7-15-wphg-2\/"]}]},{"@type":"BreadcrumbList","@id":"https:\/\/www.allgeier.com\/de\/investor-relations\/adhoc-announcements\/allgeier-se-ad-hoc-berichtigung-nach-%c2%a7-15-wphg-2\/#breadcrumb","itemListElement":[{"@type":"ListItem","position":1,"name":"Home","item":"https:\/\/www.allgeier.com\/de\/"},{"@type":"ListItem","position":2,"name":"Investor Relations","item":"https:\/\/www.allgeier.com\/de\/investor-relations\/"},{"@type":"ListItem","position":3,"name":"Ad hoc-Mitteilungen","item":"https:\/\/www.allgeier.com\/de\/investor-relations\/adhoc-announcements\/"},{"@type":"ListItem","position":4,"name":"Allgeier SE: Ad-hoc-Berichtigung nach \u00a7 15 WpHG"}]},{"@type":"WebSite","@id":"https:\/\/www.allgeier.com\/de\/#website","url":"https:\/\/www.allgeier.com\/de\/","name":"Allgeier SE","description":"Software &amp; IT Services for digital transformation","potentialAction":[{"@type":"SearchAction","target":{"@type":"EntryPoint","urlTemplate":"https:\/\/www.allgeier.com\/de\/?s={search_term_string}"},"query-input":{"@type":"PropertyValueSpecification","valueRequired":true,"valueName":"search_term_string"}}],"inLanguage":"de"}]}},"_links":{"self":[{"href":"https:\/\/www.allgeier.com\/de\/wp-json\/wp\/v2\/pages\/5530","targetHints":{"allow":["GET"]}}],"collection":[{"href":"https:\/\/www.allgeier.com\/de\/wp-json\/wp\/v2\/pages"}],"about":[{"href":"https:\/\/www.allgeier.com\/de\/wp-json\/wp\/v2\/types\/page"}],"author":[{"embeddable":true,"href":"https:\/\/www.allgeier.com\/de\/wp-json\/wp\/v2\/users\/4"}],"replies":[{"embeddable":true,"href":"https:\/\/www.allgeier.com\/de\/wp-json\/wp\/v2\/comments?post=5530"}],"version-history":[{"count":1,"href":"https:\/\/www.allgeier.com\/de\/wp-json\/wp\/v2\/pages\/5530\/revisions"}],"predecessor-version":[{"id":5531,"href":"https:\/\/www.allgeier.com\/de\/wp-json\/wp\/v2\/pages\/5530\/revisions\/5531"}],"up":[{"embeddable":true,"href":"https:\/\/www.allgeier.com\/de\/wp-json\/wp\/v2\/pages\/1155"}],"wp:attachment":[{"href":"https:\/\/www.allgeier.com\/de\/wp-json\/wp\/v2\/media?parent=5530"}],"wp:term":[{"taxonomy":"category","embeddable":true,"href":"https:\/\/www.allgeier.com\/de\/wp-json\/wp\/v2\/categories?post=5530"},{"taxonomy":"post_tag","embeddable":true,"href":"https:\/\/www.allgeier.com\/de\/wp-json\/wp\/v2\/tags?post=5530"}],"curies":[{"name":"wp","href":"https:\/\/api.w.org\/{rel}","templated":true}]}}