{"id":5534,"date":"2013-12-11T06:03:52","date_gmt":"2013-12-11T07:03:52","guid":{"rendered":"https:\/\/www.allgeier.com\/de\/?page_id=5534"},"modified":"2023-01-22T17:10:05","modified_gmt":"2023-01-22T17:10:05","slug":"allgeier-platziert-eigene-aktien","status":"publish","type":"page","link":"https:\/\/www.allgeier.com\/de\/investor-relations\/adhoc-announcements\/allgeier-platziert-eigene-aktien\/","title":{"rendered":"Allgeier platziert eigene Aktien"},"content":{"rendered":"<p><b>ALLGEIER SE  \/ Schlagwort(e): Transaktion eigene Aktien\/Kapitalma\u00dfnahme<\/b>11.12.2013 08:03Ver\u00f6ffentlichung einer Ad-hoc-Mitteilung nach \u00a7 15 WpHG, \u00fcbermittelt durchdie DGAP &#8211; ein Unternehmen der EQS Group AG.F\u00fcr den Inhalt der Mitteilung ist der Emittent verantwortlich.&#8212;&#8212;&#8212;&#8212;&#8212;&#8212;&#8212;&#8212;&#8212;&#8212;&#8212;&#8212;&#8212;&#8212;&#8212;&#8212;&#8212;&#8212;&#8212;&#8212;&#8212;&#8212;&#8212;&#8212;&#8212;M\u00fcnchen, 11.12.2013 &#8211; Der Vorstand der Allgeier SE (ISIN DE0005086300, WKN508630), hat heute mit Zustimmung des Aufsichtsrats vom selben Tag aufGrundlage der Erm\u00e4chtigung der Hauptversammlung vom 17. Juni 2010beschlossen, bis zu 450.000 eigene Aktien (entsprechend bis zu 5% Prozentdes Grundkapitals) zu verkaufen. Der Verkauf erfolgt \u00fcber einbeschleunigtes Platzierungsverfahren (Accelerated Bookbuilding-Verfahren),in dem die Aktien im Rahmen einer Privatplatzierung qualifizierteninstitutionellen Anlegern in Deutschland und im europ\u00e4ischen Auslandangeboten werden. Im Rahmen eines R\u00fcckkaufprogramms in den Jahren 2009 bis 2013 hatte dieAllgeier SE insgesamt 760.493 Aktien, bzw rund 8% des Grundkapitalserworben.Durch die Aktienplatzierung wird sich der Streubesitz der Allgeier SE aufbis zu 56,4% erh\u00f6hen.Der Erl\u00f6s aus der Transaktion dient der weiteren St\u00e4rkung derKapitalstruktur sowie allgemeinen Unternehmenszwecken.Die Baader Bank begleitet die Transaktion als Sole Lead Manager und SoleBookrunner.DisclaimerDiese Ver\u00f6ffentlichung darf weder unmittelbar noch mittelbar in dieVereinigten Staaten von Amerika verteilt oder dort ver\u00f6ffentlicht werden.Diese Ad-hoc-Mitteilung stellt weder ein Angebot noch eine Aufforderung zurAbgabe eines Angebots zum Kauf von Wertpapieren in Deutschland, denVereinigten Staaten von Amerika, Kanada, Australien, Japan oder inirgendeinem anderen Land dar, in dem ein solches Angebot Restriktionenunterliegen w\u00fcrde, oder ist Teil eines solchen Angebots. Die in dieserAd-hoc-Mitteilung in Bezug genommenen Wertpapiere wurden und werden nichtnach dem United States Securities Act von 1933 in zuletzt ge\u00e4nderterFassung (der &#8218;Securities Act&#8216;) registriert und d\u00fcrfen in den VereinigtenStaaten von Amerika oder f\u00fcr Rechnung oder zu Gunsten einer US Person (wiein Regulation S unter dem Securities Act definiert) weder verkauft, nochangeboten werden, solange keine Ausnahme vom Registrierungserfordernisbesteht.Im Vereinigten K\u00f6nigreich richtet sich diese Ver\u00f6ffentlichung nur an (i)qualifizierte Anleger i.S.d. Financial Services and Markets Act 2000, inder jeweils g\u00fcltigen Fassung, und dessen Umsetzungsma\u00dfnahmen und\/oder (ii)Personen, die professionelle Erfahrung mit Anlagen haben und unter denBegriff der &#8218;Investment Professionals&#8216; des Artikels 19 (5) der FinancialServices and Markets Act 2000 (Financial Promotion) Order 2005, in derjeweils g\u00fcltigen Fassung (die &#8218;Order&#8216;) oder unter Artikel 49(2)(a) bis (d)der Order fallen (High Net Worth Gesellschaften, Personengesellschaften,etc.) oder eine andere Ausnahme der Order fallen (solche Personen zusammendie &#8218;Relevanten Personen&#8216;). Personen, die nicht Relevante Personen sind,d\u00fcrfen sich auf diese Ad-hoc-Mitteilung und ihren Inhalt nicht verlassen.Jede Anlage oder Anlagem\u00f6glichkeit, von der in dieser Ver\u00f6ffentlichung dieRede ist, steht ausschlie\u00dflich Relevanten Personen offen und wird nur mitRelevanten Personen eingegangen.In Mitgliedstaaten des Europ\u00e4ischen Wirtschaftsraums (&#8218;EWR&#8216;), die dieProspektrichtlinie umgesetzt haben (die &#8218;Relevanten Mitgliedsstaaten&#8216;)richtet sich diese Ver\u00f6ffentlichung und jegliches nachfolgende Angebotausschlie\u00dflich an qualifizierte Anleger im Sinne der Prospektrichtlinie(&#8218;Qualifizierte Anleger&#8216;). F\u00fcr diese Zwecke meint &#8218;Prospektrichtlinie&#8216; dieRichtlinie 2003\/71\/EG (einschlie\u00dflich aller \u00c4nderungen, insbesondere der2010 Prospektrichtlinien\u00e4nderungsrichtlinie, sofern im jeweiligenRelevanten Mitgliedstaat umgesetzt).Es wurden keine Ma\u00dfnahmen ergriffen, die ein Angebot der Wertpapiere, derenErwerb oder die Verteilung dieser Ver\u00f6ffentlichung in L\u00e4nder, in denen diesnicht zul\u00e4ssig ist, gestatten w\u00fcrden. Jeder, in dessen Besitz dieseVer\u00f6ffentlichung gelangt, muss sich \u00fcber etwaige Beschr\u00e4nkungen selbstinformieren und diese beachten.Kontakt:Allgeier SEDr. Christopher Gro\u00dfeWehrlestr. 1281679 M\u00fcnchenTel.: +49 (0)89\/998421-0Fax: +49 (0)89\/998421-11eMail: ir@allgeier-holding.de Web: www.allgeier.comAllgeier SE ist eines der f\u00fchrenden IT-Unternehmen f\u00fcr BusinessPerformance: Mit einer konsequent auf Innovationen und Zukunftstrendsausgerichteten Wachstumsstrategie sowie einem integrativenunternehmerischen Modell verbindet Allgeier die Vorteile einesinternationalen Anbieters mit den Tugenden mittelst\u00e4ndischer Unternehmer.Sechs operative Divisionen mit individuellen fachlichen oderbranchenbezogenen Schwerpunkten arbeiten gemeinsam f\u00fcr \u00fcber 2.000 Kundenaus nahezu allen Branchen. Mit \u00fcber 4.400 angestellten Mitarbeitern undmehr als 1.300 freiberuflichen IT-Experten bietet Allgeier den Kunden alsOne-Stop-Shop ein umfassendes L\u00f6sungs- und Leistungsportfolio. Zu denKunden von Allgeier z\u00e4hlen global arbeitende Konzerne genauso wieinnovative mittelst\u00e4ndische Betriebe, die sich durch leistungsstarkeIT-L\u00f6sungen, intelligente Software und flexible Personaldienstleistungenstrategische Vorteile sichern wollen. Die stark wachsende Gruppe mitHauptsitz in M\u00fcnchen verf\u00fcgt \u00fcber mehr als 90 Niederlassungen imdeutschsprachigen Raum, im \u00fcbrigen Europa sowie in Indien, Mexiko und denUSA. 2012 erzielte Allgeier einen Umsatz von 423 Mio. Euro. Allgeier SEbelegt in der L\u00fcnendonk(R)-Liste 2013 &#8218;F\u00fchrende deut\u00acsche mittelst\u00e4ndischeIT-Beratungs- und Systemintegrations-Un\u00acternehmen&#8216; den ersten Platz. DieDivision Allgeier Experts ist nach L\u00fcnendonk(R)-Marktsegmentstudie 2013&#8217;Der Markt f\u00fcr Rekrutierung, Vermittlung und Steuerung von IT-Freelancernin Deutschland&#8216; unter den TOP 3 IT-Personaldienstleistern in Deutschland.Die Gesellschaft ist am Regulierten Markt der Frankfurter Wertpapierb\u00f6rseim General Standard gelistet (WKN 508630, ISIN DE0005086300). WeitereInformationen unter: www.allgeier.com.11.12.2013 Die DGAP Distributionsservices umfassen gesetzliche Meldepflichten, Corporate News\/Finanznachrichten und Pressemitteilungen. DGAP-Medienarchive unter www.dgap-medientreff.de und www.dgap.de&#8212;&#8212;&#8212;&#8212;&#8212;&#8212;&#8212;&#8212;&#8212;&#8212;&#8212;&#8212;&#8212;&#8212;&#8212;&#8212;&#8212;&#8212;&#8212;&#8212;&#8212;&#8212;&#8212;&#8212;&#8212; Sprache:      DeutschUnternehmen:  ALLGEIER SE              Wehrlestra\u00dfe 12              81679 M\u00fcnchen              DeutschlandTelefon:      +49 (0) 89 &#8211; 99 84 21 0Fax:          +49 (0) 89 &#8211; 99 84 21 11E-Mail:       info@allgeier.comInternet:     http:\/\/www.allgeier.comISIN:         DE0005086300WKN:          508630Indizes:      CDAXB\u00f6rsen:       Regulierter Markt in Frankfurt (General Standard);              Freiverkehr in Berlin, D\u00fcsseldorf, Hamburg, Stuttgart Ende der Mitteilung                             DGAP News-Service &#8212;&#8212;&#8212;&#8212;&#8212;&#8212;&#8212;&#8212;&#8212;&#8212;&#8212;&#8212;&#8212;&#8212;&#8212;&#8212;&#8212;&#8212;&#8212;&#8212;&#8212;&#8212;&#8212;&#8212;&#8212;<\/p>\n","protected":false},"excerpt":{"rendered":"<p>M\u00fcnchen, 11.12.2013 &#8211; Der Vorstand der Allgeier SE (ISIN DE0005086300, WKN 508630), hat heute mit Zustimmung des Aufsichtsrats vom selben Tag auf Grundlage der Erm\u00e4chtigung der Hauptversammlung vom 17. Juni 2010 beschlossen, bis zu 450.000 eigene Aktien (entsprechend bis zu 5% Prozent des Grundkapitals)<\/p>\n","protected":false},"author":4,"featured_media":0,"parent":1155,"menu_order":0,"comment_status":"close","ping_status":"closed","template":"","meta":{"_acf_changed":false,"footnotes":""},"categories":[],"tags":[],"class_list":["post-5534","page","type-page","status-publish","hentry"],"acf":[],"yoast_head":"<!-- This site is optimized with the Yoast SEO plugin v27.4 - https:\/\/yoast.com\/product\/yoast-seo-wordpress\/ -->\n<title>Allgeier platziert eigene Aktien - Allgeier SE<\/title>\n<meta name=\"robots\" content=\"index, follow, max-snippet:-1, max-image-preview:large, max-video-preview:-1\" \/>\n<link rel=\"canonical\" href=\"https:\/\/www.allgeier.com\/de\/investor-relations\/adhoc-announcements\/allgeier-platziert-eigene-aktien\/\" \/>\n<meta property=\"og:locale\" content=\"de_DE\" \/>\n<meta property=\"og:type\" content=\"article\" \/>\n<meta property=\"og:title\" content=\"Allgeier platziert eigene Aktien - Allgeier SE\" \/>\n<meta property=\"og:description\" content=\"M\u00fcnchen, 11.12.2013 - Der Vorstand der Allgeier SE (ISIN DE0005086300, WKN 508630), hat heute mit Zustimmung des Aufsichtsrats vom selben Tag auf Grundlage der Erm\u00e4chtigung der Hauptversammlung vom 17. Juni 2010 beschlossen, bis zu 450.000 eigene Aktien (entsprechend bis zu 5% Prozent des Grundkapitals)\" \/>\n<meta property=\"og:url\" content=\"https:\/\/www.allgeier.com\/de\/investor-relations\/adhoc-announcements\/allgeier-platziert-eigene-aktien\/\" \/>\n<meta property=\"og:site_name\" content=\"Allgeier SE\" \/>\n<meta property=\"article:modified_time\" content=\"2023-01-22T17:10:05+00:00\" \/>\n<meta name=\"twitter:card\" content=\"summary_large_image\" \/>\n<meta name=\"twitter:label1\" content=\"Gesch\u00e4tzte Lesezeit\" \/>\n\t<meta name=\"twitter:data1\" content=\"4\u00a0Minuten\" \/>\n<script type=\"application\/ld+json\" class=\"yoast-schema-graph\">{\"@context\":\"https:\\\/\\\/schema.org\",\"@graph\":[{\"@type\":\"WebPage\",\"@id\":\"https:\\\/\\\/www.allgeier.com\\\/de\\\/investor-relations\\\/adhoc-announcements\\\/allgeier-platziert-eigene-aktien\\\/\",\"url\":\"https:\\\/\\\/www.allgeier.com\\\/de\\\/investor-relations\\\/adhoc-announcements\\\/allgeier-platziert-eigene-aktien\\\/\",\"name\":\"Allgeier platziert eigene Aktien - Allgeier SE\",\"isPartOf\":{\"@id\":\"https:\\\/\\\/www.allgeier.com\\\/de\\\/#website\"},\"datePublished\":\"2013-12-11T07:03:52+00:00\",\"dateModified\":\"2023-01-22T17:10:05+00:00\",\"breadcrumb\":{\"@id\":\"https:\\\/\\\/www.allgeier.com\\\/de\\\/investor-relations\\\/adhoc-announcements\\\/allgeier-platziert-eigene-aktien\\\/#breadcrumb\"},\"inLanguage\":\"de\",\"potentialAction\":[{\"@type\":\"ReadAction\",\"target\":[\"https:\\\/\\\/www.allgeier.com\\\/de\\\/investor-relations\\\/adhoc-announcements\\\/allgeier-platziert-eigene-aktien\\\/\"]}]},{\"@type\":\"BreadcrumbList\",\"@id\":\"https:\\\/\\\/www.allgeier.com\\\/de\\\/investor-relations\\\/adhoc-announcements\\\/allgeier-platziert-eigene-aktien\\\/#breadcrumb\",\"itemListElement\":[{\"@type\":\"ListItem\",\"position\":1,\"name\":\"Home\",\"item\":\"https:\\\/\\\/www.allgeier.com\\\/de\\\/\"},{\"@type\":\"ListItem\",\"position\":2,\"name\":\"Investor Relations\",\"item\":\"https:\\\/\\\/www.allgeier.com\\\/de\\\/investor-relations\\\/\"},{\"@type\":\"ListItem\",\"position\":3,\"name\":\"Ad hoc-Mitteilungen\",\"item\":\"https:\\\/\\\/www.allgeier.com\\\/de\\\/investor-relations\\\/adhoc-announcements\\\/\"},{\"@type\":\"ListItem\",\"position\":4,\"name\":\"Allgeier platziert eigene Aktien\"}]},{\"@type\":\"WebSite\",\"@id\":\"https:\\\/\\\/www.allgeier.com\\\/de\\\/#website\",\"url\":\"https:\\\/\\\/www.allgeier.com\\\/de\\\/\",\"name\":\"Allgeier SE\",\"description\":\"Software &amp; IT Services for digital transformation\",\"potentialAction\":[{\"@type\":\"SearchAction\",\"target\":{\"@type\":\"EntryPoint\",\"urlTemplate\":\"https:\\\/\\\/www.allgeier.com\\\/de\\\/?s={search_term_string}\"},\"query-input\":{\"@type\":\"PropertyValueSpecification\",\"valueRequired\":true,\"valueName\":\"search_term_string\"}}],\"inLanguage\":\"de\"}]}<\/script>\n<!-- \/ Yoast SEO plugin. -->","yoast_head_json":{"title":"Allgeier platziert eigene Aktien - Allgeier SE","robots":{"index":"index","follow":"follow","max-snippet":"max-snippet:-1","max-image-preview":"max-image-preview:large","max-video-preview":"max-video-preview:-1"},"canonical":"https:\/\/www.allgeier.com\/de\/investor-relations\/adhoc-announcements\/allgeier-platziert-eigene-aktien\/","og_locale":"de_DE","og_type":"article","og_title":"Allgeier platziert eigene Aktien - Allgeier SE","og_description":"M\u00fcnchen, 11.12.2013 - Der Vorstand der Allgeier SE (ISIN DE0005086300, WKN 508630), hat heute mit Zustimmung des Aufsichtsrats vom selben Tag auf Grundlage der Erm\u00e4chtigung der Hauptversammlung vom 17. Juni 2010 beschlossen, bis zu 450.000 eigene Aktien (entsprechend bis zu 5% Prozent des Grundkapitals)","og_url":"https:\/\/www.allgeier.com\/de\/investor-relations\/adhoc-announcements\/allgeier-platziert-eigene-aktien\/","og_site_name":"Allgeier SE","article_modified_time":"2023-01-22T17:10:05+00:00","twitter_card":"summary_large_image","twitter_misc":{"Gesch\u00e4tzte Lesezeit":"4\u00a0Minuten"},"schema":{"@context":"https:\/\/schema.org","@graph":[{"@type":"WebPage","@id":"https:\/\/www.allgeier.com\/de\/investor-relations\/adhoc-announcements\/allgeier-platziert-eigene-aktien\/","url":"https:\/\/www.allgeier.com\/de\/investor-relations\/adhoc-announcements\/allgeier-platziert-eigene-aktien\/","name":"Allgeier platziert eigene Aktien - Allgeier SE","isPartOf":{"@id":"https:\/\/www.allgeier.com\/de\/#website"},"datePublished":"2013-12-11T07:03:52+00:00","dateModified":"2023-01-22T17:10:05+00:00","breadcrumb":{"@id":"https:\/\/www.allgeier.com\/de\/investor-relations\/adhoc-announcements\/allgeier-platziert-eigene-aktien\/#breadcrumb"},"inLanguage":"de","potentialAction":[{"@type":"ReadAction","target":["https:\/\/www.allgeier.com\/de\/investor-relations\/adhoc-announcements\/allgeier-platziert-eigene-aktien\/"]}]},{"@type":"BreadcrumbList","@id":"https:\/\/www.allgeier.com\/de\/investor-relations\/adhoc-announcements\/allgeier-platziert-eigene-aktien\/#breadcrumb","itemListElement":[{"@type":"ListItem","position":1,"name":"Home","item":"https:\/\/www.allgeier.com\/de\/"},{"@type":"ListItem","position":2,"name":"Investor Relations","item":"https:\/\/www.allgeier.com\/de\/investor-relations\/"},{"@type":"ListItem","position":3,"name":"Ad hoc-Mitteilungen","item":"https:\/\/www.allgeier.com\/de\/investor-relations\/adhoc-announcements\/"},{"@type":"ListItem","position":4,"name":"Allgeier platziert eigene Aktien"}]},{"@type":"WebSite","@id":"https:\/\/www.allgeier.com\/de\/#website","url":"https:\/\/www.allgeier.com\/de\/","name":"Allgeier SE","description":"Software &amp; IT Services for digital transformation","potentialAction":[{"@type":"SearchAction","target":{"@type":"EntryPoint","urlTemplate":"https:\/\/www.allgeier.com\/de\/?s={search_term_string}"},"query-input":{"@type":"PropertyValueSpecification","valueRequired":true,"valueName":"search_term_string"}}],"inLanguage":"de"}]}},"_links":{"self":[{"href":"https:\/\/www.allgeier.com\/de\/wp-json\/wp\/v2\/pages\/5534","targetHints":{"allow":["GET"]}}],"collection":[{"href":"https:\/\/www.allgeier.com\/de\/wp-json\/wp\/v2\/pages"}],"about":[{"href":"https:\/\/www.allgeier.com\/de\/wp-json\/wp\/v2\/types\/page"}],"author":[{"embeddable":true,"href":"https:\/\/www.allgeier.com\/de\/wp-json\/wp\/v2\/users\/4"}],"replies":[{"embeddable":true,"href":"https:\/\/www.allgeier.com\/de\/wp-json\/wp\/v2\/comments?post=5534"}],"version-history":[{"count":1,"href":"https:\/\/www.allgeier.com\/de\/wp-json\/wp\/v2\/pages\/5534\/revisions"}],"predecessor-version":[{"id":5535,"href":"https:\/\/www.allgeier.com\/de\/wp-json\/wp\/v2\/pages\/5534\/revisions\/5535"}],"up":[{"embeddable":true,"href":"https:\/\/www.allgeier.com\/de\/wp-json\/wp\/v2\/pages\/1155"}],"wp:attachment":[{"href":"https:\/\/www.allgeier.com\/de\/wp-json\/wp\/v2\/media?parent=5534"}],"wp:term":[{"taxonomy":"category","embeddable":true,"href":"https:\/\/www.allgeier.com\/de\/wp-json\/wp\/v2\/categories?post=5534"},{"taxonomy":"post_tag","embeddable":true,"href":"https:\/\/www.allgeier.com\/de\/wp-json\/wp\/v2\/tags?post=5534"}],"curies":[{"name":"wp","href":"https:\/\/api.w.org\/{rel}","templated":true}]}}