{"id":5536,"date":"2013-11-07T13:40:27","date_gmt":"2013-11-07T14:40:27","guid":{"rendered":"https:\/\/www.allgeier.com\/de\/?page_id=5536"},"modified":"2023-01-22T17:10:05","modified_gmt":"2023-01-22T17:10:05","slug":"allgeier-setzt-wachstum-in-den-ersten-neun-monaten-2013-fort","status":"publish","type":"page","link":"https:\/\/www.allgeier.com\/de\/investor-relations\/adhoc-announcements\/allgeier-setzt-wachstum-in-den-ersten-neun-monaten-2013-fort\/","title":{"rendered":"Allgeier setzt Wachstum in den ersten neun Monaten 2013 fort"},"content":{"rendered":"<p><b>ALLGEIER SE  \/ Schlagwort(e): Quartalsergebnis<\/b>07.11.2013 15:40Ver\u00f6ffentlichung einer Ad-hoc-Mitteilung nach \u00a7 15 WpHG, \u00fcbermittelt durchdie DGAP &#8211; ein Unternehmen der EQS Group AG.F\u00fcr den Inhalt der Mitteilung ist der Emittent verantwortlich.&#8212;&#8212;&#8212;&#8212;&#8212;&#8212;&#8212;&#8212;&#8212;&#8212;&#8212;&#8212;&#8212;&#8212;&#8212;&#8212;&#8212;&#8212;&#8212;&#8212;&#8212;&#8212;&#8212;&#8212;&#8212;M\u00fcnchen, 07.11.2013 &#8211; Allgeier SE (ISIN DE0005086300, WKN 508630) steigertegem\u00e4\u00df vorl\u00e4ufiger Zahlen in den ersten neun Monaten des Gesch\u00e4ftsjahres2013 (01.01.2013 &#8211; 30.09.2013) den Umsatz sowie das Ergebnis. Allgeiersetzt damit das Wachstum fort und kann die Stellung im Wettbewerb weiterfestigen.Der Umsatz stieg in den ersten neun Monaten 2013 gegen\u00fcber demVergleichszeitraum 2012 um 17 Prozent auf 349,5 Mio. Euro (Vorjahr: 297,8Mio. Euro). Die Umsatzsteigerung wird dabei durch einen Umsatzbeitrag ausden in den Berichtsjahren erfolgten Unternehmensakquisitionen sowieoperatives Wachstum getragen.Das EBITDA stieg gegen\u00fcber dem Vergleichszeitraum 2012 um 33 Prozent auf21,4 Mio. Euro (Vorjahr: 16,1 Mio. Euro). Das EBIT stieg imBerichtszeitraum aufgrund r\u00fcckl\u00e4ufiger Abschreibungen aus derKaufpreis-Allokation um 96 Prozent auf 12,4 Mio. Euro (Vorjahr: 6,3 Mio.Euro). Gleichwohl ist die Ergebnisgr\u00f6\u00dfe EBIT weiterhin durch dieRegelabschreibungen auf Kaufpreis-Allokationen gem\u00e4\u00df IFRS (Abschreibung derAuftragsbest\u00e4nde, Kundenst\u00e4mme, Produkte) belastet, die den Gro\u00dfteil derAbschreibungen in H\u00f6he von insgesamt 9,0 Mio. Euro (Vorjahr: 9,8 Mio. Euro)ausmachen.Die Zinsaufwendungen blieben mit 3,9 Mio. Euro auf dem Niveau desVergleichszeitraums des Vorjahres. Ein wesentlicher Teil sind dabei dieZinsaufwendungen auf das im M\u00e4rz 2012 aufgenommene Schuldscheindarlehensowie Aufzinsungen von Earn-Out-Verbindlichkeiten. Nach Zinsen erzielteAllgeier in den ersten neun Monaten 2013 ein um 215 Prozent gestiegenes EBTvon 8,8 Mio. Euro (Vorjahr: 2,8 Mio. Euro). Nach Abzug eines Steueraufwandsvon 3,3 Mio. Euro (Vorjahr: 1,2 Mio. Euro) und einer Position imZusammenhang mit der Ver\u00e4u\u00dferung der Allgeier DL in H\u00f6he von 0,2 Mio. Euro(Vorjahr: 0,0 Mio. Euro) erreichte Allgeier so im ersten Dreivierteljahr2013 ein Periodenergebnis von 5,3 Mio. Euro (Vorjahr: 1,6 Mio. Euro). F\u00fcrdie im Jahr 2008 erfolgte Ver\u00e4u\u00dferung der Allgeier DL fand im drittenQuartal die finale Einigung und Schlussabrechnung statt, nachdem dievorl\u00e4ufige Bilanzierung bereits zum 31. Dezember 2012 stattgefunden hat.Das unverw\u00e4sserte Ergebnis je Aktie, gerechnet auf das um dieErgebnisanteile der nicht kontrollierenden Gesellschafter verminderteNeun-Monats-Ergebnis, stieg in den ersten neun Monaten 2013 auf 0,60 Euro(Vorjahr: 0,15 Euro). Der Cash Flow aus der betrieblichen T\u00e4tigkeit und vorWorking Capital-Ver\u00e4nderungen stieg im Berichtszeitraum um 21 Prozent auf15,3 Mio. Euro (Vorjahr: 12,6 Mio. Euro).Im dritten Quartal 2013 (01.07.2013 &#8211; 30.09.2013) setzte der Konzern dieSteigerung von Umsatz und Ergebnis fort. Der Umsatz erh\u00f6hte sich gegen\u00fcberdem Vorjahreszeitraum um 13 Prozent auf 122,2 Mio. Euro (Q3 2012: 107,7Mio. Euro). Das EBITDA stieg um 48 Prozent auf 9,1 Mio. Euro (Q3 2012: 6,1Mio. Euro). Das EBIT stieg gegen\u00fcber dem Vergleichszeitraum des Jahres 2012um 106 Prozent auf 6,1 Mio. Euro (Q3 2012: 3,0 Mio. Euro).Der Allgeier Konzern verf\u00fcgt zum Bilanzstichtag \u00fcber eine solide Finanz-und Verm\u00f6genslage. Die Bilanzsumme fiel von 289,6 Mio. Euro am 31. Dezember2012 um 12,7 Mio. Euro auf 276,9 Mio. Euro am 30. September 2013.Ma\u00dfgeblich hierf\u00fcr sind sowohl der R\u00fcckgang des langfristigen Verm\u00f6gensaufgrund der Abschreibungen von immateriellen Verm\u00f6genswerten aus derKaufpreis-Allokation, denen in den ersten neun Monaten 2013 keinewesentlichen Zug\u00e4nge gegen\u00fcberstanden, sowie der R\u00fcckgang des kurzfristigenVerm\u00f6gens aufgrund Zahlungsausg\u00e4ngen im Rahmen von Akquisitionst\u00e4tigkeitenund Dividenden. Dar\u00fcber hinaus trug die Umrechnung der Nettoverm\u00f6genswerteder in Fremdw\u00e4hrung bilanzierenden Konzerngesellschaften zurBilanzverk\u00fcrzung bei.Das Eigenkapital bel\u00e4uft sich zum Stichtag 30. September 2013 auf 87,8 Mio.Euro (31. Dezember 2012: 93,4 Mio. Euro). Der R\u00fcckgang ist auf dieAussch\u00fcttung der Dividende an die Aktion\u00e4re der Allgeier SE, den Erwerb vonAnteilen nicht kontrollierender Gesellschafter, erfolgsneutraleEigenkapitaleffekte und den Zugang eigener Aktien zur\u00fcckzuf\u00fchren.Gegenl\u00e4ufig ist das Periodenergebnis aus dem ersten Dreivierteljahr 2013.Alle genannten IFRS-Zahlen sind vorl\u00e4ufig. Die Zwischenmitteilung zum 3.Quartal 2013 der Allgeier SE wird am 14. November 2013 ver\u00f6ffentlicht undist dann unter www.allgeier.com einzusehen.Kontakt:Allgeier SECorporate Communications &amp; Investor RelationsDr. Christopher Gro\u00dfeWehrlestra\u00dfe 1281679 M\u00fcnchenTel.: +49 (0)89\/998421-0Fax: +49 (0)89\/998421-11E-Mail: ir@allgeier.comWeb: www.allgeier.comAllgeier SE ist eines der f\u00fchrenden IT-Unternehmen f\u00fcr BusinessPerformance: Mit einer konsequent auf Innovationen und Zukunftstrendsausgerichteten Wachstumsstrategie sowie einem integrativenunternehmerischen Modell verbindet Allgeier die Vorteile einesinternationalen Anbieters mit den Tugenden mittelst\u00e4ndischer Unternehmer.Sechs operative Divisionen mit individuellen fachlichen oderbranchenbezogenen Schwerpunkten arbeiten gemeinsam f\u00fcr \u00fcber 2.000 Kundenaus nahezu allen Branchen. Mit \u00fcber 4.400 angestellten Mitarbeitern undmehr als 1.300 freiberuflichen IT-Experten bietet Allgeier den Kunden alsOne-Stop-Shop ein umfassendes L\u00f6sungs- und Leistungsportfolio. Zu denKunden von Allgeier z\u00e4hlen global arbeitende Konzerne genauso wieinnovative mittelst\u00e4ndische Betriebe, die sich durch leistungsstarkeIT-L\u00f6sungen, intelligente Software und flexible Personaldienstleistungenstrategische Vorteile sichern wollen. Die stark wachsende Gruppe mitHauptsitz in M\u00fcnchen verf\u00fcgt \u00fcber mehr als 90 Niederlassungen imdeutschsprachigen Raum, im \u00fcbrigen Europa sowie in Indien, Mexiko und denUSA. 2012 erzielte Allgeier einen Umsatz von 423 Mio. Euro. Allgeier SEbelegt in der L\u00fcnendonk(R)-Liste 2013 &#8218;F\u00fchrende deutsche mittelst\u00e4ndischeIT-Beratungs- und Systemintegrations-Unternehmen&#8216; den ersten Platz. DieDivision Allgeier Experts ist nach L\u00fcnendonk(R)-Marktsegmentstudie 2013&#8217;Der Markt f\u00fcr Rekrutierung, Vermittlung und Steuerung von IT-Freelancernin Deutschland&#8216; unter den TOP 3 IT-Personaldienstleistern in Deutschland.Die Gesellschaft ist am Regulierten Markt der Frankfurter Wertpapierb\u00f6rseim General Standard gelistet (WKN 508630, ISIN DE0005086300). WeitereInformationen unter: www.allgeier.com.07.11.2013 Die DGAP Distributionsservices umfassen gesetzliche Meldepflichten, Corporate News\/Finanznachrichten und Pressemitteilungen. DGAP-Medienarchive unter www.dgap-medientreff.de und www.dgap.de&#8212;&#8212;&#8212;&#8212;&#8212;&#8212;&#8212;&#8212;&#8212;&#8212;&#8212;&#8212;&#8212;&#8212;&#8212;&#8212;&#8212;&#8212;&#8212;&#8212;&#8212;&#8212;&#8212;&#8212;&#8212; Sprache:      DeutschUnternehmen:  ALLGEIER SE              Wehrlestra\u00dfe 12              81679 M\u00fcnchen              DeutschlandTelefon:      +49 (0) 89 &#8211; 99 84 21 0Fax:          +49 (0) 89 &#8211; 99 84 21 11E-Mail:       info@allgeier.comInternet:     http:\/\/www.allgeier.comISIN:         DE0005086300WKN:          508630Indizes:      CDAXB\u00f6rsen:       Regulierter Markt in Frankfurt (General Standard);              Freiverkehr in Berlin, D\u00fcsseldorf, Hamburg, Stuttgart Ende der Mitteilung                             DGAP News-Service &#8212;&#8212;&#8212;&#8212;&#8212;&#8212;&#8212;&#8212;&#8212;&#8212;&#8212;&#8212;&#8212;&#8212;&#8212;&#8212;&#8212;&#8212;&#8212;&#8212;&#8212;&#8212;&#8212;&#8212;&#8212;<\/p>\n","protected":false},"excerpt":{"rendered":"<p>M\u00fcnchen, 07.11.2013 &#8211; Allgeier SE (ISIN DE0005086300, WKN 508630) steigerte gem\u00e4\u00df vorl\u00e4ufiger Zahlen in den ersten neun Monaten des Gesch\u00e4ftsjahres 2013 (01.01.2013 &#8211; 30.09.2013) den Umsatz sowie das Ergebnis. Allgeier setzt damit das Wachstum fort und kann die Stellung im Wettbewerb weiter festigen.<\/p>\n","protected":false},"author":4,"featured_media":0,"parent":1155,"menu_order":0,"comment_status":"close","ping_status":"closed","template":"","meta":{"_acf_changed":false,"footnotes":""},"categories":[],"tags":[],"class_list":["post-5536","page","type-page","status-publish","hentry"],"acf":[],"yoast_head":"<!-- This site is optimized with the Yoast SEO plugin v27.4 - https:\/\/yoast.com\/product\/yoast-seo-wordpress\/ -->\n<title>Allgeier setzt Wachstum in den ersten neun Monaten 2013 fort - Allgeier SE<\/title>\n<meta name=\"robots\" content=\"index, follow, max-snippet:-1, max-image-preview:large, max-video-preview:-1\" \/>\n<link rel=\"canonical\" href=\"https:\/\/www.allgeier.com\/de\/investor-relations\/adhoc-announcements\/allgeier-setzt-wachstum-in-den-ersten-neun-monaten-2013-fort\/\" \/>\n<meta property=\"og:locale\" content=\"de_DE\" \/>\n<meta property=\"og:type\" content=\"article\" \/>\n<meta property=\"og:title\" content=\"Allgeier setzt Wachstum in den ersten neun Monaten 2013 fort - Allgeier SE\" \/>\n<meta property=\"og:description\" content=\"M\u00fcnchen, 07.11.2013 - Allgeier SE (ISIN DE0005086300, WKN 508630) steigerte gem\u00e4\u00df vorl\u00e4ufiger Zahlen in den ersten neun Monaten des Gesch\u00e4ftsjahres 2013 (01.01.2013 - 30.09.2013) den Umsatz sowie das Ergebnis. Allgeier setzt damit das Wachstum fort und kann die Stellung im Wettbewerb weiter festigen.\" \/>\n<meta property=\"og:url\" content=\"https:\/\/www.allgeier.com\/de\/investor-relations\/adhoc-announcements\/allgeier-setzt-wachstum-in-den-ersten-neun-monaten-2013-fort\/\" \/>\n<meta property=\"og:site_name\" content=\"Allgeier SE\" \/>\n<meta property=\"article:modified_time\" content=\"2023-01-22T17:10:05+00:00\" \/>\n<meta name=\"twitter:card\" content=\"summary_large_image\" \/>\n<meta name=\"twitter:label1\" content=\"Gesch\u00e4tzte Lesezeit\" \/>\n\t<meta name=\"twitter:data1\" content=\"4\u00a0Minuten\" \/>\n<script type=\"application\/ld+json\" class=\"yoast-schema-graph\">{\"@context\":\"https:\\\/\\\/schema.org\",\"@graph\":[{\"@type\":\"WebPage\",\"@id\":\"https:\\\/\\\/www.allgeier.com\\\/de\\\/investor-relations\\\/adhoc-announcements\\\/allgeier-setzt-wachstum-in-den-ersten-neun-monaten-2013-fort\\\/\",\"url\":\"https:\\\/\\\/www.allgeier.com\\\/de\\\/investor-relations\\\/adhoc-announcements\\\/allgeier-setzt-wachstum-in-den-ersten-neun-monaten-2013-fort\\\/\",\"name\":\"Allgeier setzt Wachstum in den ersten neun Monaten 2013 fort - Allgeier SE\",\"isPartOf\":{\"@id\":\"https:\\\/\\\/www.allgeier.com\\\/de\\\/#website\"},\"datePublished\":\"2013-11-07T14:40:27+00:00\",\"dateModified\":\"2023-01-22T17:10:05+00:00\",\"breadcrumb\":{\"@id\":\"https:\\\/\\\/www.allgeier.com\\\/de\\\/investor-relations\\\/adhoc-announcements\\\/allgeier-setzt-wachstum-in-den-ersten-neun-monaten-2013-fort\\\/#breadcrumb\"},\"inLanguage\":\"de\",\"potentialAction\":[{\"@type\":\"ReadAction\",\"target\":[\"https:\\\/\\\/www.allgeier.com\\\/de\\\/investor-relations\\\/adhoc-announcements\\\/allgeier-setzt-wachstum-in-den-ersten-neun-monaten-2013-fort\\\/\"]}]},{\"@type\":\"BreadcrumbList\",\"@id\":\"https:\\\/\\\/www.allgeier.com\\\/de\\\/investor-relations\\\/adhoc-announcements\\\/allgeier-setzt-wachstum-in-den-ersten-neun-monaten-2013-fort\\\/#breadcrumb\",\"itemListElement\":[{\"@type\":\"ListItem\",\"position\":1,\"name\":\"Home\",\"item\":\"https:\\\/\\\/www.allgeier.com\\\/de\\\/\"},{\"@type\":\"ListItem\",\"position\":2,\"name\":\"Investor Relations\",\"item\":\"https:\\\/\\\/www.allgeier.com\\\/de\\\/investor-relations\\\/\"},{\"@type\":\"ListItem\",\"position\":3,\"name\":\"Ad hoc-Mitteilungen\",\"item\":\"https:\\\/\\\/www.allgeier.com\\\/de\\\/investor-relations\\\/adhoc-announcements\\\/\"},{\"@type\":\"ListItem\",\"position\":4,\"name\":\"Allgeier setzt Wachstum in den ersten neun Monaten 2013 fort\"}]},{\"@type\":\"WebSite\",\"@id\":\"https:\\\/\\\/www.allgeier.com\\\/de\\\/#website\",\"url\":\"https:\\\/\\\/www.allgeier.com\\\/de\\\/\",\"name\":\"Allgeier SE\",\"description\":\"Software &amp; IT Services for digital transformation\",\"potentialAction\":[{\"@type\":\"SearchAction\",\"target\":{\"@type\":\"EntryPoint\",\"urlTemplate\":\"https:\\\/\\\/www.allgeier.com\\\/de\\\/?s={search_term_string}\"},\"query-input\":{\"@type\":\"PropertyValueSpecification\",\"valueRequired\":true,\"valueName\":\"search_term_string\"}}],\"inLanguage\":\"de\"}]}<\/script>\n<!-- \/ Yoast SEO plugin. -->","yoast_head_json":{"title":"Allgeier setzt Wachstum in den ersten neun Monaten 2013 fort - Allgeier SE","robots":{"index":"index","follow":"follow","max-snippet":"max-snippet:-1","max-image-preview":"max-image-preview:large","max-video-preview":"max-video-preview:-1"},"canonical":"https:\/\/www.allgeier.com\/de\/investor-relations\/adhoc-announcements\/allgeier-setzt-wachstum-in-den-ersten-neun-monaten-2013-fort\/","og_locale":"de_DE","og_type":"article","og_title":"Allgeier setzt Wachstum in den ersten neun Monaten 2013 fort - Allgeier SE","og_description":"M\u00fcnchen, 07.11.2013 - Allgeier SE (ISIN DE0005086300, WKN 508630) steigerte gem\u00e4\u00df vorl\u00e4ufiger Zahlen in den ersten neun Monaten des Gesch\u00e4ftsjahres 2013 (01.01.2013 - 30.09.2013) den Umsatz sowie das Ergebnis. Allgeier setzt damit das Wachstum fort und kann die Stellung im Wettbewerb weiter festigen.","og_url":"https:\/\/www.allgeier.com\/de\/investor-relations\/adhoc-announcements\/allgeier-setzt-wachstum-in-den-ersten-neun-monaten-2013-fort\/","og_site_name":"Allgeier SE","article_modified_time":"2023-01-22T17:10:05+00:00","twitter_card":"summary_large_image","twitter_misc":{"Gesch\u00e4tzte Lesezeit":"4\u00a0Minuten"},"schema":{"@context":"https:\/\/schema.org","@graph":[{"@type":"WebPage","@id":"https:\/\/www.allgeier.com\/de\/investor-relations\/adhoc-announcements\/allgeier-setzt-wachstum-in-den-ersten-neun-monaten-2013-fort\/","url":"https:\/\/www.allgeier.com\/de\/investor-relations\/adhoc-announcements\/allgeier-setzt-wachstum-in-den-ersten-neun-monaten-2013-fort\/","name":"Allgeier setzt Wachstum in den ersten neun Monaten 2013 fort - Allgeier SE","isPartOf":{"@id":"https:\/\/www.allgeier.com\/de\/#website"},"datePublished":"2013-11-07T14:40:27+00:00","dateModified":"2023-01-22T17:10:05+00:00","breadcrumb":{"@id":"https:\/\/www.allgeier.com\/de\/investor-relations\/adhoc-announcements\/allgeier-setzt-wachstum-in-den-ersten-neun-monaten-2013-fort\/#breadcrumb"},"inLanguage":"de","potentialAction":[{"@type":"ReadAction","target":["https:\/\/www.allgeier.com\/de\/investor-relations\/adhoc-announcements\/allgeier-setzt-wachstum-in-den-ersten-neun-monaten-2013-fort\/"]}]},{"@type":"BreadcrumbList","@id":"https:\/\/www.allgeier.com\/de\/investor-relations\/adhoc-announcements\/allgeier-setzt-wachstum-in-den-ersten-neun-monaten-2013-fort\/#breadcrumb","itemListElement":[{"@type":"ListItem","position":1,"name":"Home","item":"https:\/\/www.allgeier.com\/de\/"},{"@type":"ListItem","position":2,"name":"Investor Relations","item":"https:\/\/www.allgeier.com\/de\/investor-relations\/"},{"@type":"ListItem","position":3,"name":"Ad hoc-Mitteilungen","item":"https:\/\/www.allgeier.com\/de\/investor-relations\/adhoc-announcements\/"},{"@type":"ListItem","position":4,"name":"Allgeier setzt Wachstum in den ersten neun Monaten 2013 fort"}]},{"@type":"WebSite","@id":"https:\/\/www.allgeier.com\/de\/#website","url":"https:\/\/www.allgeier.com\/de\/","name":"Allgeier SE","description":"Software &amp; IT Services for digital transformation","potentialAction":[{"@type":"SearchAction","target":{"@type":"EntryPoint","urlTemplate":"https:\/\/www.allgeier.com\/de\/?s={search_term_string}"},"query-input":{"@type":"PropertyValueSpecification","valueRequired":true,"valueName":"search_term_string"}}],"inLanguage":"de"}]}},"_links":{"self":[{"href":"https:\/\/www.allgeier.com\/de\/wp-json\/wp\/v2\/pages\/5536","targetHints":{"allow":["GET"]}}],"collection":[{"href":"https:\/\/www.allgeier.com\/de\/wp-json\/wp\/v2\/pages"}],"about":[{"href":"https:\/\/www.allgeier.com\/de\/wp-json\/wp\/v2\/types\/page"}],"author":[{"embeddable":true,"href":"https:\/\/www.allgeier.com\/de\/wp-json\/wp\/v2\/users\/4"}],"replies":[{"embeddable":true,"href":"https:\/\/www.allgeier.com\/de\/wp-json\/wp\/v2\/comments?post=5536"}],"version-history":[{"count":1,"href":"https:\/\/www.allgeier.com\/de\/wp-json\/wp\/v2\/pages\/5536\/revisions"}],"predecessor-version":[{"id":5537,"href":"https:\/\/www.allgeier.com\/de\/wp-json\/wp\/v2\/pages\/5536\/revisions\/5537"}],"up":[{"embeddable":true,"href":"https:\/\/www.allgeier.com\/de\/wp-json\/wp\/v2\/pages\/1155"}],"wp:attachment":[{"href":"https:\/\/www.allgeier.com\/de\/wp-json\/wp\/v2\/media?parent=5536"}],"wp:term":[{"taxonomy":"category","embeddable":true,"href":"https:\/\/www.allgeier.com\/de\/wp-json\/wp\/v2\/categories?post=5536"},{"taxonomy":"post_tag","embeddable":true,"href":"https:\/\/www.allgeier.com\/de\/wp-json\/wp\/v2\/tags?post=5536"}],"curies":[{"name":"wp","href":"https:\/\/api.w.org\/{rel}","templated":true}]}}