{"id":5540,"date":"2013-08-14T12:54:27","date_gmt":"2013-08-14T12:54:27","guid":{"rendered":"https:\/\/www.allgeier.com\/de\/?page_id=5540"},"modified":"2023-01-22T17:10:05","modified_gmt":"2023-01-22T17:10:05","slug":"allgeier-se-allgeier-im-1-halbjahr-2013-weiter-auf-wachstumskurs","status":"publish","type":"page","link":"https:\/\/www.allgeier.com\/de\/investor-relations\/adhoc-announcements\/allgeier-se-allgeier-im-1-halbjahr-2013-weiter-auf-wachstumskurs\/","title":{"rendered":"Allgeier SE: Allgeier im 1. Halbjahr 2013 weiter auf Wachstumskurs"},"content":{"rendered":"<p><b>ALLGEIER SE  \/ Schlagwort(e): Halbjahresergebnis<\/b>14.08.2013 14:54Ver\u00f6ffentlichung einer Ad-hoc-Mitteilung nach \u00a7 15 WpHG, \u00fcbermittelt durchdie DGAP &#8211; ein Unternehmen der EQS Group AG.F\u00fcr den Inhalt der Mitteilung ist der Emittent verantwortlich.&#8212;&#8212;&#8212;&#8212;&#8212;&#8212;&#8212;&#8212;&#8212;&#8212;&#8212;&#8212;&#8212;&#8212;&#8212;&#8212;&#8212;&#8212;&#8212;&#8212;&#8212;&#8212;&#8212;&#8212;&#8212;M\u00fcnchen, 14.08.2013 &#8211; Allgeier SE (ISIN DE0005086300, WKN 508630) konnte imersten Halbjahr 2013 (01.01.2013 &#8211; 30.06.2013) den Umsatz sowie dasErgebnis weiter steigern. Allgeier setzt damit das Wachstum auch im erstenHalbjahr 2013 fort und kann seine Stellung im Wettbewerb weiter festigen.Der Umsatz stieg im ersten Halbjahr 2013 gegen\u00fcber den ersten sechs Monatendes Jahres 2012 um 20 Prozent auf 227,3 Mio. Euro (Vorjahr: 190,1 Mio.Euro). Die Umsatzsteigerung wird durch operatives Wachstum sowie durch diein den Berichtsjahren erfolgten Unternehmensakquisitionen getragen. Alledrei Allgeier Gesch\u00e4ftsbereiche verzeichneten dabei Umsatzzuw\u00e4chse. DasEBITDA stieg gegen\u00fcber dem Vergleichszeitraum um 24 Prozent auf 12,3 Mio.Euro (Vorjahr: 9,9 Mio. Euro). Das EBIT (Ergebnis vor Zinsen und Steuern)stieg im Berichtszeitraum um 88 Prozent auf 6,2 Mio. Euro (Vorjahr: 3,3Mio. Euro). Im Wachstum des EBIT zeigen sich r\u00fcckl\u00e4ufige Abschreibungen ausder Kaufpreis-Allokation. Trotz des R\u00fcckgangs der Abschreibungen ist dieErgebnisgr\u00f6\u00dfe EBIT weiterhin durch hohe Regelabschreibungen aufKaufpreis-Allokationen gem\u00e4\u00df IFRS (Abschreibung der Auftragsbest\u00e4nde,Kundenst\u00e4mme, Produkte) belastet, die den Gro\u00dfteil der Abschreibungen inH\u00f6he von 6,1 Mio. Euro (Vorjahr: 6,6 Mio. Euro) ausmachen. DieZinsaufwendungen blieben mit 2,7 Mio. Euro auf dem Niveau desVergleichszeitraums des Vorjahres. Nach Zinsen erzielte Allgeier in denersten sechs Monaten 2013 ein um 441 Prozent gestiegenes EBT (Ergebnis vorSteuern) von 3,5 Mio. Euro (Vorjahr: 0,6 Mio. Euro). Nach Abzug einesSteueraufwands von 1,4 Mio. Euro (Vorjahr: -0,6 Mio. Euro) erreichteAllgeier so im ersten Halbjahr 2013 ein Periodenergebnis von 2,1 Mio. Euro(Vorjahr: 0,0 Mio. Euro). Das unverw\u00e4sserte Ergebnis je Aktie, gerechnetauf das um die Ergebnisanteile der nicht kontrollierenden Gesellschafterverminderte 6-Monats-Ergebnis, stieg im ersten Halbjahr 2013 auf 0,24 Euro(Vorjahr: -0,03 Euro).Die Bilanzsumme des Allgeier Konzerns fiel leicht von 289,6 Mio. Euro am31. Dezember 2012 um 6,3 Mio. Euro auf 283,3 Mio. Euro am 30. Juni 2013.Ma\u00dfgeblich f\u00fcr die Bilanzverk\u00fcrzung sind die Aussch\u00fcttung der Dividendesowie Auszahlungen im Rahmen der Akquisitionst\u00e4tigkeit. Das Eigenkapitalverringerte sich zum Bilanzstichtag entsprechend auf 88,0 Mio. Euro (31.Dezember 2012: 93,4 Mio. Euro). Der Allgeier Konzern verf\u00fcgt zum 30. Juni2013 \u00fcber einen Bestand an liquiden Mitteln in H\u00f6he von 30,8 Mio. Euro(Stand 31. Dezember 2012: 38,9 Mio. Euro). Der Cash Flow aus derbetrieblichen T\u00e4tigkeit stieg im Berichtszeitraum auf 4,3 Mio. Euro(Vorjahr: 3,4 Mio. Euro).Der Halbjahresfinanzbericht 2013 der Allgeier SE wird am heutigen 14.August 2013 ver\u00f6ffentlicht und ist unter www.allgeier.com einzusehen.Kontakt:Allgeier SECorporate Communications &amp; Investor RelationsDr. Christopher Gro\u00dfeWehrlestra\u00dfe 1281679 M\u00fcnchenTel.: +49 (0)89\/998421-0Fax: +49 (0)89\/998421-11E-Mail: ir@allgeier.comWeb: www.allgeier.comAllgeier SE ist eines der f\u00fchrenden IT-Unternehmen f\u00fcr BusinessPerformance: Mit einer konsequent auf Innovationen und Zukunftstrendsausgerichteten Wachstumsstrategie sowie einem integrativenunternehmerischen Modell verbindet Allgeier die Vorteile einesinternationalen Anbieters mit den Tugenden mittelst\u00e4ndischer Unternehmer.Sechs operative Divisionen mit individuellen fachlichen oderbranchenbezogenen Schwerpunkten arbeiten gemeinsam f\u00fcr \u00fcber 2.000 Kundenaus nahezu allen Branchen. Mit \u00fcber 4.300 angestellten Mitarbeitern undrund 1.400 freiberuflichen IT-Experten bietet Allgeier den Kunden alsOne-Stop-Shop ein umfassendes L\u00f6sungs- und Leistungsportfolio. Zu denKunden von Allgeier z\u00e4hlen global arbeitende Konzerne genauso wieinnovative mittelst\u00e4ndische Betriebe, die sich durch leistungsstarkeIT-L\u00f6sungen, intelligente Software und flexible Personaldienstleistungenstrategische Vorteile sichern wollen. Die stark wachsende Gruppe mitHauptsitz in M\u00fcnchen verf\u00fcgt \u00fcber mehr als 90 Niederlassungen imdeutschsprachigen Raum, im \u00fcbrigen Europa sowie in Indien, Mexiko und denUSA. 2012 erzielte Allgeier einen Umsatz von 423 Mio. Euro. Allgeier SEbelegt in der L\u00fcnendonk(R)-Liste 2013 &#8218;F\u00fchrende deutsche mittelst\u00e4ndischeIT-Beratungs- und Systemintegrations-Unternehmen&#8216; den ersten Platz. DieDivision Allgeier Experts ist nach L\u00fcnendonk(R)-Marktsegmentstudie 2013&#8217;Der Markt f\u00fcr Rekrutierung, Vermittlung und Steuerung von IT-Freelancernin Deutschland&#8216; unter den TOP 3 IT-Personaldienstleistern in Deutschland.Die Gesellschaft ist am Regulierten Markt der Frankfurter Wertpapierb\u00f6rseim General Standard gelistet (WKN 508630, ISIN DE0005086300). WeitereInformationen unter: www.allgeier.com.14.08.2013 Die DGAP Distributionsservices umfassen gesetzliche Meldepflichten, Corporate News\/Finanznachrichten und Pressemitteilungen. DGAP-Medienarchive unter www.dgap-medientreff.de und www.dgap.de&#8212;&#8212;&#8212;&#8212;&#8212;&#8212;&#8212;&#8212;&#8212;&#8212;&#8212;&#8212;&#8212;&#8212;&#8212;&#8212;&#8212;&#8212;&#8212;&#8212;&#8212;&#8212;&#8212;&#8212;&#8212; Sprache:      DeutschUnternehmen:  ALLGEIER SE              Wehrlestra\u00dfe 12              81679 M\u00fcnchen              DeutschlandTelefon:      +49 (0) 89 &#8211; 99 84 21 0Fax:          +49 (0) 89 &#8211; 99 84 21 11E-Mail:       info@allgeier.comInternet:     http:\/\/www.allgeier.comISIN:         DE0005086300WKN:          508630Indizes:      CDAXB\u00f6rsen:       Regulierter Markt in Frankfurt (General Standard);              Freiverkehr in Berlin, D\u00fcsseldorf, Hamburg, Stuttgart Ende der Mitteilung                             DGAP News-Service &#8212;&#8212;&#8212;&#8212;&#8212;&#8212;&#8212;&#8212;&#8212;&#8212;&#8212;&#8212;&#8212;&#8212;&#8212;&#8212;&#8212;&#8212;&#8212;&#8212;&#8212;&#8212;&#8212;&#8212;&#8212;<\/p>\n","protected":false},"excerpt":{"rendered":"<p>M\u00fcnchen, 14.08.2013 &#8211; Allgeier SE (ISIN DE0005086300, WKN 508630) konnte im ersten Halbjahr 2013 (01.01.2013 &#8211; 30.06.2013) den Umsatz sowie das Ergebnis weiter steigern. Allgeier setzt damit das Wachstum auch im ersten Halbjahr 2013 fort und kann seine Stellung im Wettbewerb weiter festigen. Der Umsatz<\/p>\n","protected":false},"author":4,"featured_media":0,"parent":1155,"menu_order":0,"comment_status":"close","ping_status":"closed","template":"","meta":{"_acf_changed":false,"footnotes":""},"categories":[],"tags":[],"class_list":["post-5540","page","type-page","status-publish","hentry"],"acf":[],"yoast_head":"<!-- This site is optimized with the Yoast SEO plugin v27.4 - https:\/\/yoast.com\/product\/yoast-seo-wordpress\/ -->\n<title>Allgeier SE: Allgeier im 1. Halbjahr 2013 weiter auf Wachstumskurs - Allgeier SE<\/title>\n<meta name=\"robots\" content=\"index, follow, max-snippet:-1, max-image-preview:large, max-video-preview:-1\" \/>\n<link rel=\"canonical\" href=\"https:\/\/www.allgeier.com\/de\/investor-relations\/adhoc-announcements\/allgeier-se-allgeier-im-1-halbjahr-2013-weiter-auf-wachstumskurs\/\" \/>\n<meta property=\"og:locale\" content=\"de_DE\" \/>\n<meta property=\"og:type\" content=\"article\" \/>\n<meta property=\"og:title\" content=\"Allgeier SE: Allgeier im 1. Halbjahr 2013 weiter auf Wachstumskurs - Allgeier SE\" \/>\n<meta property=\"og:description\" content=\"M\u00fcnchen, 14.08.2013 - Allgeier SE (ISIN DE0005086300, WKN 508630) konnte im ersten Halbjahr 2013 (01.01.2013 - 30.06.2013) den Umsatz sowie das Ergebnis weiter steigern. Allgeier setzt damit das Wachstum auch im ersten Halbjahr 2013 fort und kann seine Stellung im Wettbewerb weiter festigen. Der Umsatz\" \/>\n<meta property=\"og:url\" content=\"https:\/\/www.allgeier.com\/de\/investor-relations\/adhoc-announcements\/allgeier-se-allgeier-im-1-halbjahr-2013-weiter-auf-wachstumskurs\/\" \/>\n<meta property=\"og:site_name\" content=\"Allgeier SE\" \/>\n<meta property=\"article:modified_time\" content=\"2023-01-22T17:10:05+00:00\" \/>\n<meta name=\"twitter:card\" content=\"summary_large_image\" \/>\n<meta name=\"twitter:label1\" content=\"Gesch\u00e4tzte Lesezeit\" \/>\n\t<meta name=\"twitter:data1\" content=\"3\u00a0Minuten\" \/>\n<script type=\"application\/ld+json\" class=\"yoast-schema-graph\">{\"@context\":\"https:\\\/\\\/schema.org\",\"@graph\":[{\"@type\":\"WebPage\",\"@id\":\"https:\\\/\\\/www.allgeier.com\\\/de\\\/investor-relations\\\/adhoc-announcements\\\/allgeier-se-allgeier-im-1-halbjahr-2013-weiter-auf-wachstumskurs\\\/\",\"url\":\"https:\\\/\\\/www.allgeier.com\\\/de\\\/investor-relations\\\/adhoc-announcements\\\/allgeier-se-allgeier-im-1-halbjahr-2013-weiter-auf-wachstumskurs\\\/\",\"name\":\"Allgeier SE: Allgeier im 1. Halbjahr 2013 weiter auf Wachstumskurs - Allgeier SE\",\"isPartOf\":{\"@id\":\"https:\\\/\\\/www.allgeier.com\\\/de\\\/#website\"},\"datePublished\":\"2013-08-14T12:54:27+00:00\",\"dateModified\":\"2023-01-22T17:10:05+00:00\",\"breadcrumb\":{\"@id\":\"https:\\\/\\\/www.allgeier.com\\\/de\\\/investor-relations\\\/adhoc-announcements\\\/allgeier-se-allgeier-im-1-halbjahr-2013-weiter-auf-wachstumskurs\\\/#breadcrumb\"},\"inLanguage\":\"de\",\"potentialAction\":[{\"@type\":\"ReadAction\",\"target\":[\"https:\\\/\\\/www.allgeier.com\\\/de\\\/investor-relations\\\/adhoc-announcements\\\/allgeier-se-allgeier-im-1-halbjahr-2013-weiter-auf-wachstumskurs\\\/\"]}]},{\"@type\":\"BreadcrumbList\",\"@id\":\"https:\\\/\\\/www.allgeier.com\\\/de\\\/investor-relations\\\/adhoc-announcements\\\/allgeier-se-allgeier-im-1-halbjahr-2013-weiter-auf-wachstumskurs\\\/#breadcrumb\",\"itemListElement\":[{\"@type\":\"ListItem\",\"position\":1,\"name\":\"Home\",\"item\":\"https:\\\/\\\/www.allgeier.com\\\/de\\\/\"},{\"@type\":\"ListItem\",\"position\":2,\"name\":\"Investor Relations\",\"item\":\"https:\\\/\\\/www.allgeier.com\\\/de\\\/investor-relations\\\/\"},{\"@type\":\"ListItem\",\"position\":3,\"name\":\"Ad hoc-Mitteilungen\",\"item\":\"https:\\\/\\\/www.allgeier.com\\\/de\\\/investor-relations\\\/adhoc-announcements\\\/\"},{\"@type\":\"ListItem\",\"position\":4,\"name\":\"Allgeier SE: Allgeier im 1. Halbjahr 2013 weiter auf Wachstumskurs\"}]},{\"@type\":\"WebSite\",\"@id\":\"https:\\\/\\\/www.allgeier.com\\\/de\\\/#website\",\"url\":\"https:\\\/\\\/www.allgeier.com\\\/de\\\/\",\"name\":\"Allgeier SE\",\"description\":\"Software &amp; IT Services for digital transformation\",\"potentialAction\":[{\"@type\":\"SearchAction\",\"target\":{\"@type\":\"EntryPoint\",\"urlTemplate\":\"https:\\\/\\\/www.allgeier.com\\\/de\\\/?s={search_term_string}\"},\"query-input\":{\"@type\":\"PropertyValueSpecification\",\"valueRequired\":true,\"valueName\":\"search_term_string\"}}],\"inLanguage\":\"de\"}]}<\/script>\n<!-- \/ Yoast SEO plugin. -->","yoast_head_json":{"title":"Allgeier SE: Allgeier im 1. Halbjahr 2013 weiter auf Wachstumskurs - Allgeier SE","robots":{"index":"index","follow":"follow","max-snippet":"max-snippet:-1","max-image-preview":"max-image-preview:large","max-video-preview":"max-video-preview:-1"},"canonical":"https:\/\/www.allgeier.com\/de\/investor-relations\/adhoc-announcements\/allgeier-se-allgeier-im-1-halbjahr-2013-weiter-auf-wachstumskurs\/","og_locale":"de_DE","og_type":"article","og_title":"Allgeier SE: Allgeier im 1. Halbjahr 2013 weiter auf Wachstumskurs - Allgeier SE","og_description":"M\u00fcnchen, 14.08.2013 - Allgeier SE (ISIN DE0005086300, WKN 508630) konnte im ersten Halbjahr 2013 (01.01.2013 - 30.06.2013) den Umsatz sowie das Ergebnis weiter steigern. Allgeier setzt damit das Wachstum auch im ersten Halbjahr 2013 fort und kann seine Stellung im Wettbewerb weiter festigen. Der Umsatz","og_url":"https:\/\/www.allgeier.com\/de\/investor-relations\/adhoc-announcements\/allgeier-se-allgeier-im-1-halbjahr-2013-weiter-auf-wachstumskurs\/","og_site_name":"Allgeier SE","article_modified_time":"2023-01-22T17:10:05+00:00","twitter_card":"summary_large_image","twitter_misc":{"Gesch\u00e4tzte Lesezeit":"3\u00a0Minuten"},"schema":{"@context":"https:\/\/schema.org","@graph":[{"@type":"WebPage","@id":"https:\/\/www.allgeier.com\/de\/investor-relations\/adhoc-announcements\/allgeier-se-allgeier-im-1-halbjahr-2013-weiter-auf-wachstumskurs\/","url":"https:\/\/www.allgeier.com\/de\/investor-relations\/adhoc-announcements\/allgeier-se-allgeier-im-1-halbjahr-2013-weiter-auf-wachstumskurs\/","name":"Allgeier SE: Allgeier im 1. Halbjahr 2013 weiter auf Wachstumskurs - Allgeier SE","isPartOf":{"@id":"https:\/\/www.allgeier.com\/de\/#website"},"datePublished":"2013-08-14T12:54:27+00:00","dateModified":"2023-01-22T17:10:05+00:00","breadcrumb":{"@id":"https:\/\/www.allgeier.com\/de\/investor-relations\/adhoc-announcements\/allgeier-se-allgeier-im-1-halbjahr-2013-weiter-auf-wachstumskurs\/#breadcrumb"},"inLanguage":"de","potentialAction":[{"@type":"ReadAction","target":["https:\/\/www.allgeier.com\/de\/investor-relations\/adhoc-announcements\/allgeier-se-allgeier-im-1-halbjahr-2013-weiter-auf-wachstumskurs\/"]}]},{"@type":"BreadcrumbList","@id":"https:\/\/www.allgeier.com\/de\/investor-relations\/adhoc-announcements\/allgeier-se-allgeier-im-1-halbjahr-2013-weiter-auf-wachstumskurs\/#breadcrumb","itemListElement":[{"@type":"ListItem","position":1,"name":"Home","item":"https:\/\/www.allgeier.com\/de\/"},{"@type":"ListItem","position":2,"name":"Investor Relations","item":"https:\/\/www.allgeier.com\/de\/investor-relations\/"},{"@type":"ListItem","position":3,"name":"Ad hoc-Mitteilungen","item":"https:\/\/www.allgeier.com\/de\/investor-relations\/adhoc-announcements\/"},{"@type":"ListItem","position":4,"name":"Allgeier SE: Allgeier im 1. Halbjahr 2013 weiter auf Wachstumskurs"}]},{"@type":"WebSite","@id":"https:\/\/www.allgeier.com\/de\/#website","url":"https:\/\/www.allgeier.com\/de\/","name":"Allgeier SE","description":"Software &amp; IT Services for digital transformation","potentialAction":[{"@type":"SearchAction","target":{"@type":"EntryPoint","urlTemplate":"https:\/\/www.allgeier.com\/de\/?s={search_term_string}"},"query-input":{"@type":"PropertyValueSpecification","valueRequired":true,"valueName":"search_term_string"}}],"inLanguage":"de"}]}},"_links":{"self":[{"href":"https:\/\/www.allgeier.com\/de\/wp-json\/wp\/v2\/pages\/5540","targetHints":{"allow":["GET"]}}],"collection":[{"href":"https:\/\/www.allgeier.com\/de\/wp-json\/wp\/v2\/pages"}],"about":[{"href":"https:\/\/www.allgeier.com\/de\/wp-json\/wp\/v2\/types\/page"}],"author":[{"embeddable":true,"href":"https:\/\/www.allgeier.com\/de\/wp-json\/wp\/v2\/users\/4"}],"replies":[{"embeddable":true,"href":"https:\/\/www.allgeier.com\/de\/wp-json\/wp\/v2\/comments?post=5540"}],"version-history":[{"count":1,"href":"https:\/\/www.allgeier.com\/de\/wp-json\/wp\/v2\/pages\/5540\/revisions"}],"predecessor-version":[{"id":5541,"href":"https:\/\/www.allgeier.com\/de\/wp-json\/wp\/v2\/pages\/5540\/revisions\/5541"}],"up":[{"embeddable":true,"href":"https:\/\/www.allgeier.com\/de\/wp-json\/wp\/v2\/pages\/1155"}],"wp:attachment":[{"href":"https:\/\/www.allgeier.com\/de\/wp-json\/wp\/v2\/media?parent=5540"}],"wp:term":[{"taxonomy":"category","embeddable":true,"href":"https:\/\/www.allgeier.com\/de\/wp-json\/wp\/v2\/categories?post=5540"},{"taxonomy":"post_tag","embeddable":true,"href":"https:\/\/www.allgeier.com\/de\/wp-json\/wp\/v2\/tags?post=5540"}],"curies":[{"name":"wp","href":"https:\/\/api.w.org\/{rel}","templated":true}]}}