{"id":5544,"date":"2013-05-15T14:29:07","date_gmt":"2013-05-15T14:29:07","guid":{"rendered":"https:\/\/www.allgeier.com\/de\/?page_id=5544"},"modified":"2023-01-22T17:10:05","modified_gmt":"2023-01-22T17:10:05","slug":"allgeier-setzt-wachstumskurs-im-1-quartal-2013-fort","status":"publish","type":"page","link":"https:\/\/www.allgeier.com\/de\/investor-relations\/adhoc-announcements\/allgeier-setzt-wachstumskurs-im-1-quartal-2013-fort\/","title":{"rendered":"Allgeier setzt Wachstumskurs im 1. Quartal 2013 fort"},"content":{"rendered":"<p><b>ALLGEIER SE  \/ Schlagwort(e): Quartalsergebnis<\/b>15.05.2013 16:29Ver\u00f6ffentlichung einer Ad-hoc-Mitteilung nach \u00a7 15 WpHG, \u00fcbermittelt durchdie DGAP &#8211; ein Unternehmen der EquityStory AG.F\u00fcr den Inhalt der Mitteilung ist der Emittent verantwortlich.&#8212;&#8212;&#8212;&#8212;&#8212;&#8212;&#8212;&#8212;&#8212;&#8212;&#8212;&#8212;&#8212;&#8212;&#8212;&#8212;&#8212;&#8212;&#8212;&#8212;&#8212;&#8212;&#8212;&#8212;&#8212;M\u00fcnchen, 15.05.2013 &#8211; Allgeier SE (ISIN DE0005086300, WKN 508630) konnte imersten Quartal 2013 (01.01.2013 &#8211; 31.03.2013) den Umsatz weiter steigern,blieb aber im Wesentlichen aufgrund eines nicht zahlungswirksamenKursverlustes aus der Umrechnung einer langfristigen Dollar-Verbindlichkeitaus dem Erwerb der Nagarro unter dem sehr guten EBITDA des ersten Quartals2012 zur\u00fcck. Der Allgeier Konzern setzt damit sein Wachstum im erstenVierteljahr 2013 fort und kann seine Stellung im Wettbewerb weiterfestigen.Der Umsatz stieg im ersten Quartal 2013 gegen\u00fcber den ersten drei Monatendes Jahres 2012 deutlich um 19 Prozent auf 110,2 Mio. Euro (Vorjahr: 92,7Mio. Euro). Die Umsatzsteigerung wird durch operatives Wachstum der\u00fcberwiegenden Zahl der seit L\u00e4ngerem dem Konzern zugeh\u00f6rigen Gesellschaftensowie durch die Unternehmensakquisitionen des Jahres 2012 getragen. DasEBITDA blieb unter dem sehr guten Wert des Vergleichszeitraums 2012 zur\u00fcckund sank auf 4,8 Mio. Euro (Vorjahr: 6,1 Mio. Euro). Diese Abweichung istim Wesentlichen auf W\u00e4hrungsdifferenzen aus der Umrechnung einerlangfristigen Kaufpreisverbindlichkeit aus dem Erwerb der Nagarro-Gruppe imJahr 2011 zur\u00fcckzuf\u00fchren. Aufgrund der Konstellation der Wechselkurse anden Quartalsstichtagen resultiert daraus zu Lasten des ersten Quartals 2013ein Bewertungsunterschied in H\u00f6he von 1,1 Mio. Euro. Auch das EBIT(Ergebnis vor Zinsen und Steuern) fiel dementsprechend gegen\u00fcber demVorjahr auf 1,8 Mio. Euro (Vorjahr: 2,8 Mio. Euro). Die Ergebnisgr\u00f6\u00dfe EBITist auch im Jahr 2013 durch hohe Regelabschreibungen aufKaufpreis-Allokationen gem\u00e4\u00df IFRS (Abschreibung der Auftragsbest\u00e4nde,Kundenst\u00e4mme, Produkte) belastet, die den Gro\u00dfteil der Abschreibungen inH\u00f6he von 3,1 Mio. Euro (Vorjahr: 3,3 Mio. Euro) ausmachen. Die weiterhinhohen Abschreibungen basieren im Wesentlichen auf der nach IFRS zumZeitpunkt der Erstkonsolidierung der erworbenen Gesellschaften erfolgtenBewertung von Kundenstammbeziehungen und erworbenen stillen Reserven inProdukten und Entwicklungen.Der Allgeier Konzern verf\u00fcgt zum Stichtag 31. M\u00e4rz 2013 \u00fcber eineunver\u00e4ndert solide Finanz- und Verm\u00f6genslage. Die Bilanzsumme ist weiterangestiegen: Sie wuchs von 289,6 Mio. Euro am 31. Dezember 2012 leicht um5,5 Mio. Euro auf 295,1 Mio. Euro am 31. M\u00e4rz 2013. Das Eigenkapitalerh\u00f6hte sich zum Bilanzstichtag leicht um 1,7 Mio. Euro auf 95,1 Mio. Euro(31. Dezember 2012: 93,4 Mio. Euro). Der Cashflow aus der betrieblichenT\u00e4tigkeit und vor Working Capital-Ver\u00e4nderungen lag in den ersten dreiMonaten des Jahres mit 5,3 Mio. Euro in etwa auf dem Niveau desVergleichszeitraums des Vorjahres (Vorjahr: 6,0 Mio. Euro). Der AllgeierKonzern verf\u00fcgt zum 31. M\u00e4rz 2013 weiterhin \u00fcber einen hohen Bestand anliquiden Mitteln in H\u00f6he von 33,6 Mio. Euro (Stand 31. Dezember 2012: 38,9Mio. Euro). Der R\u00fcckgang der liquiden Mittel betrifft neben Auszahlungen imRahmen der Investitionst\u00e4tigkeit im Wesentlichen den stichtagsbedingenAnstieg des Working Capitals einschlie\u00dflich nicht ben\u00f6tigter Liquidit\u00e4taufgrund eines geringeren Volumens an das Factoring verkaufter Forderungen.F\u00fcr das laufende Gesch\u00e4ftsjahr 2013 erwartet der Vorstand f\u00fcr denGesamtkonzern ein nachhaltiges \u00fcberdurchschnittliches Wachstum im Umsatz imunteren zweistelligen Prozentbereich und eine \u00fcberproportionaleErgebnissteigerung.Die Zwischenmitteilung zum ersten Quartal 2013 der Allgeier SE wird amheutigen 15. Mai 2013 ver\u00f6ffentlicht und ist unter www.allgeier.comeinzusehen.Kontakt:Allgeier SECorporate Communications &amp; Investor RelationsDr. Christopher Gro\u00dfeWehrlestra\u00dfe 1281679 M\u00fcnchenTel.: +49 (0)89\/998421-0Fax: +49 (0)89\/998421-11E-Mail: ir@allgeier.comWeb: www.allgeier.comAllgeier SE ist eines der f\u00fchrenden IT-Unternehmen f\u00fcr BusinessPerformance: Mit einer konsequent auf Innovationen und Zukunftstrendsausgerichteten Wachstumsstrategie sowie einem integrativenunternehmerischen Modell verbindet Allgeier die Vorteile einesinternationalen Anbieters mit den Tugenden mittelst\u00e4ndischer Unternehmer.Sechs operative Divisionen mit individuellen fachlichen oderbranchenbezogenen Schwerpunkten arbeiten gemeinsam in den drei SegmentenSolutions\/Business Software, Experts und Software Development f\u00fcr \u00fcber2.000 Kunden aus nahezu allen Branchen. Mit \u00fcber 4.200 angestelltenMitarbeitern und rund 1.500 freiberuflichen IT-Experten bietet Allgeier denKunden als One-Stop-Shop ein umfassendes L\u00f6sungs- und Leistungsportfolio.Zu den Kunden von Allgeier z\u00e4hlen global arbeitende Konzerne genauso wieinnovative mittelst\u00e4ndische Betriebe, die sich durch intelligenteIT-L\u00f6sungen und flexible Personaldienstleistungen strategische Vorteilesichern wollen. Die stark wachsende Gruppe mit Hauptsitz in M\u00fcnchen verf\u00fcgt\u00fcber mehr als 90 Niederlassungen im deutschsprachigen Raum, im \u00fcbrigenEuropa sowie in Indien, Mexiko und den USA. 2012 erzielte Allgeier einenUmsatz von 423 Mio. Euro. Die Gesellschaft ist am Regulierten Markt derFrankfurter Wertpapierb\u00f6rse im General Standard gelistet (WKN 508630, ISINDE0005086300). Weitere Informationen unter: www.allgeier.com.15.05.2013 Die DGAP Distributionsservices umfassen gesetzliche Meldepflichten, Corporate News\/Finanznachrichten und Pressemitteilungen. DGAP-Medienarchive unter www.dgap-medientreff.de und www.dgap.de&#8212;&#8212;&#8212;&#8212;&#8212;&#8212;&#8212;&#8212;&#8212;&#8212;&#8212;&#8212;&#8212;&#8212;&#8212;&#8212;&#8212;&#8212;&#8212;&#8212;&#8212;&#8212;&#8212;&#8212;&#8212; Sprache:      DeutschUnternehmen:  ALLGEIER SE              Wehrlestra\u00dfe 12              81679 M\u00fcnchen              DeutschlandTelefon:      +49 (0) 89 &#8211; 99 84 21 0Fax:          +49 (0) 89 &#8211; 99 84 21 11E-Mail:       info@allgeier.comInternet:     http:\/\/www.allgeier.comISIN:         DE0005086300WKN:          508630Indizes:      CDAXB\u00f6rsen:       Regulierter Markt in Frankfurt (General Standard);              Freiverkehr in Berlin, D\u00fcsseldorf, Hamburg, Stuttgart Ende der Mitteilung                             DGAP News-Service &#8212;&#8212;&#8212;&#8212;&#8212;&#8212;&#8212;&#8212;&#8212;&#8212;&#8212;&#8212;&#8212;&#8212;&#8212;&#8212;&#8212;&#8212;&#8212;&#8212;&#8212;&#8212;&#8212;&#8212;&#8212;<\/p>\n","protected":false},"excerpt":{"rendered":"<p>M\u00fcnchen, 15.05.2013 &#8211; Allgeier SE (ISIN DE0005086300, WKN 508630) konnte im ersten Quartal 2013 (01.01.2013 &#8211; 31.03.2013) den Umsatz weiter steigern, blieb aber im Wesentlichen aufgrund eines nicht zahlungswirksamen Kursverlustes aus der Umrechnung einer langfristigen Dollar-Verbindlichkeit aus dem Erwerb<\/p>\n","protected":false},"author":4,"featured_media":0,"parent":1155,"menu_order":0,"comment_status":"close","ping_status":"closed","template":"","meta":{"_acf_changed":false,"footnotes":""},"categories":[],"tags":[],"class_list":["post-5544","page","type-page","status-publish","hentry"],"acf":[],"yoast_head":"<!-- This site is optimized with the Yoast SEO plugin v27.4 - https:\/\/yoast.com\/product\/yoast-seo-wordpress\/ -->\n<title>Allgeier setzt Wachstumskurs im 1. Quartal 2013 fort - Allgeier SE<\/title>\n<meta name=\"robots\" content=\"index, follow, max-snippet:-1, max-image-preview:large, max-video-preview:-1\" \/>\n<link rel=\"canonical\" href=\"https:\/\/www.allgeier.com\/de\/investor-relations\/adhoc-announcements\/allgeier-setzt-wachstumskurs-im-1-quartal-2013-fort\/\" \/>\n<meta property=\"og:locale\" content=\"de_DE\" \/>\n<meta property=\"og:type\" content=\"article\" \/>\n<meta property=\"og:title\" content=\"Allgeier setzt Wachstumskurs im 1. Quartal 2013 fort - Allgeier SE\" \/>\n<meta property=\"og:description\" content=\"M\u00fcnchen, 15.05.2013 - Allgeier SE (ISIN DE0005086300, WKN 508630) konnte im ersten Quartal 2013 (01.01.2013 - 31.03.2013) den Umsatz weiter steigern, blieb aber im Wesentlichen aufgrund eines nicht zahlungswirksamen Kursverlustes aus der Umrechnung einer langfristigen Dollar-Verbindlichkeit aus dem Erwerb\" \/>\n<meta property=\"og:url\" content=\"https:\/\/www.allgeier.com\/de\/investor-relations\/adhoc-announcements\/allgeier-setzt-wachstumskurs-im-1-quartal-2013-fort\/\" \/>\n<meta property=\"og:site_name\" content=\"Allgeier SE\" \/>\n<meta property=\"article:modified_time\" content=\"2023-01-22T17:10:05+00:00\" \/>\n<meta name=\"twitter:card\" content=\"summary_large_image\" \/>\n<meta name=\"twitter:label1\" content=\"Gesch\u00e4tzte Lesezeit\" \/>\n\t<meta name=\"twitter:data1\" content=\"4\u00a0Minuten\" \/>\n<script type=\"application\/ld+json\" class=\"yoast-schema-graph\">{\"@context\":\"https:\\\/\\\/schema.org\",\"@graph\":[{\"@type\":\"WebPage\",\"@id\":\"https:\\\/\\\/www.allgeier.com\\\/de\\\/investor-relations\\\/adhoc-announcements\\\/allgeier-setzt-wachstumskurs-im-1-quartal-2013-fort\\\/\",\"url\":\"https:\\\/\\\/www.allgeier.com\\\/de\\\/investor-relations\\\/adhoc-announcements\\\/allgeier-setzt-wachstumskurs-im-1-quartal-2013-fort\\\/\",\"name\":\"Allgeier setzt Wachstumskurs im 1. Quartal 2013 fort - Allgeier SE\",\"isPartOf\":{\"@id\":\"https:\\\/\\\/www.allgeier.com\\\/de\\\/#website\"},\"datePublished\":\"2013-05-15T14:29:07+00:00\",\"dateModified\":\"2023-01-22T17:10:05+00:00\",\"breadcrumb\":{\"@id\":\"https:\\\/\\\/www.allgeier.com\\\/de\\\/investor-relations\\\/adhoc-announcements\\\/allgeier-setzt-wachstumskurs-im-1-quartal-2013-fort\\\/#breadcrumb\"},\"inLanguage\":\"de\",\"potentialAction\":[{\"@type\":\"ReadAction\",\"target\":[\"https:\\\/\\\/www.allgeier.com\\\/de\\\/investor-relations\\\/adhoc-announcements\\\/allgeier-setzt-wachstumskurs-im-1-quartal-2013-fort\\\/\"]}]},{\"@type\":\"BreadcrumbList\",\"@id\":\"https:\\\/\\\/www.allgeier.com\\\/de\\\/investor-relations\\\/adhoc-announcements\\\/allgeier-setzt-wachstumskurs-im-1-quartal-2013-fort\\\/#breadcrumb\",\"itemListElement\":[{\"@type\":\"ListItem\",\"position\":1,\"name\":\"Home\",\"item\":\"https:\\\/\\\/www.allgeier.com\\\/de\\\/\"},{\"@type\":\"ListItem\",\"position\":2,\"name\":\"Investor Relations\",\"item\":\"https:\\\/\\\/www.allgeier.com\\\/de\\\/investor-relations\\\/\"},{\"@type\":\"ListItem\",\"position\":3,\"name\":\"Ad hoc-Mitteilungen\",\"item\":\"https:\\\/\\\/www.allgeier.com\\\/de\\\/investor-relations\\\/adhoc-announcements\\\/\"},{\"@type\":\"ListItem\",\"position\":4,\"name\":\"Allgeier setzt Wachstumskurs im 1. Quartal 2013 fort\"}]},{\"@type\":\"WebSite\",\"@id\":\"https:\\\/\\\/www.allgeier.com\\\/de\\\/#website\",\"url\":\"https:\\\/\\\/www.allgeier.com\\\/de\\\/\",\"name\":\"Allgeier SE\",\"description\":\"Software &amp; IT Services for digital transformation\",\"potentialAction\":[{\"@type\":\"SearchAction\",\"target\":{\"@type\":\"EntryPoint\",\"urlTemplate\":\"https:\\\/\\\/www.allgeier.com\\\/de\\\/?s={search_term_string}\"},\"query-input\":{\"@type\":\"PropertyValueSpecification\",\"valueRequired\":true,\"valueName\":\"search_term_string\"}}],\"inLanguage\":\"de\"}]}<\/script>\n<!-- \/ Yoast SEO plugin. -->","yoast_head_json":{"title":"Allgeier setzt Wachstumskurs im 1. Quartal 2013 fort - Allgeier SE","robots":{"index":"index","follow":"follow","max-snippet":"max-snippet:-1","max-image-preview":"max-image-preview:large","max-video-preview":"max-video-preview:-1"},"canonical":"https:\/\/www.allgeier.com\/de\/investor-relations\/adhoc-announcements\/allgeier-setzt-wachstumskurs-im-1-quartal-2013-fort\/","og_locale":"de_DE","og_type":"article","og_title":"Allgeier setzt Wachstumskurs im 1. Quartal 2013 fort - Allgeier SE","og_description":"M\u00fcnchen, 15.05.2013 - Allgeier SE (ISIN DE0005086300, WKN 508630) konnte im ersten Quartal 2013 (01.01.2013 - 31.03.2013) den Umsatz weiter steigern, blieb aber im Wesentlichen aufgrund eines nicht zahlungswirksamen Kursverlustes aus der Umrechnung einer langfristigen Dollar-Verbindlichkeit aus dem Erwerb","og_url":"https:\/\/www.allgeier.com\/de\/investor-relations\/adhoc-announcements\/allgeier-setzt-wachstumskurs-im-1-quartal-2013-fort\/","og_site_name":"Allgeier SE","article_modified_time":"2023-01-22T17:10:05+00:00","twitter_card":"summary_large_image","twitter_misc":{"Gesch\u00e4tzte Lesezeit":"4\u00a0Minuten"},"schema":{"@context":"https:\/\/schema.org","@graph":[{"@type":"WebPage","@id":"https:\/\/www.allgeier.com\/de\/investor-relations\/adhoc-announcements\/allgeier-setzt-wachstumskurs-im-1-quartal-2013-fort\/","url":"https:\/\/www.allgeier.com\/de\/investor-relations\/adhoc-announcements\/allgeier-setzt-wachstumskurs-im-1-quartal-2013-fort\/","name":"Allgeier setzt Wachstumskurs im 1. Quartal 2013 fort - Allgeier SE","isPartOf":{"@id":"https:\/\/www.allgeier.com\/de\/#website"},"datePublished":"2013-05-15T14:29:07+00:00","dateModified":"2023-01-22T17:10:05+00:00","breadcrumb":{"@id":"https:\/\/www.allgeier.com\/de\/investor-relations\/adhoc-announcements\/allgeier-setzt-wachstumskurs-im-1-quartal-2013-fort\/#breadcrumb"},"inLanguage":"de","potentialAction":[{"@type":"ReadAction","target":["https:\/\/www.allgeier.com\/de\/investor-relations\/adhoc-announcements\/allgeier-setzt-wachstumskurs-im-1-quartal-2013-fort\/"]}]},{"@type":"BreadcrumbList","@id":"https:\/\/www.allgeier.com\/de\/investor-relations\/adhoc-announcements\/allgeier-setzt-wachstumskurs-im-1-quartal-2013-fort\/#breadcrumb","itemListElement":[{"@type":"ListItem","position":1,"name":"Home","item":"https:\/\/www.allgeier.com\/de\/"},{"@type":"ListItem","position":2,"name":"Investor Relations","item":"https:\/\/www.allgeier.com\/de\/investor-relations\/"},{"@type":"ListItem","position":3,"name":"Ad hoc-Mitteilungen","item":"https:\/\/www.allgeier.com\/de\/investor-relations\/adhoc-announcements\/"},{"@type":"ListItem","position":4,"name":"Allgeier setzt Wachstumskurs im 1. Quartal 2013 fort"}]},{"@type":"WebSite","@id":"https:\/\/www.allgeier.com\/de\/#website","url":"https:\/\/www.allgeier.com\/de\/","name":"Allgeier SE","description":"Software &amp; IT Services for digital transformation","potentialAction":[{"@type":"SearchAction","target":{"@type":"EntryPoint","urlTemplate":"https:\/\/www.allgeier.com\/de\/?s={search_term_string}"},"query-input":{"@type":"PropertyValueSpecification","valueRequired":true,"valueName":"search_term_string"}}],"inLanguage":"de"}]}},"_links":{"self":[{"href":"https:\/\/www.allgeier.com\/de\/wp-json\/wp\/v2\/pages\/5544","targetHints":{"allow":["GET"]}}],"collection":[{"href":"https:\/\/www.allgeier.com\/de\/wp-json\/wp\/v2\/pages"}],"about":[{"href":"https:\/\/www.allgeier.com\/de\/wp-json\/wp\/v2\/types\/page"}],"author":[{"embeddable":true,"href":"https:\/\/www.allgeier.com\/de\/wp-json\/wp\/v2\/users\/4"}],"replies":[{"embeddable":true,"href":"https:\/\/www.allgeier.com\/de\/wp-json\/wp\/v2\/comments?post=5544"}],"version-history":[{"count":1,"href":"https:\/\/www.allgeier.com\/de\/wp-json\/wp\/v2\/pages\/5544\/revisions"}],"predecessor-version":[{"id":5545,"href":"https:\/\/www.allgeier.com\/de\/wp-json\/wp\/v2\/pages\/5544\/revisions\/5545"}],"up":[{"embeddable":true,"href":"https:\/\/www.allgeier.com\/de\/wp-json\/wp\/v2\/pages\/1155"}],"wp:attachment":[{"href":"https:\/\/www.allgeier.com\/de\/wp-json\/wp\/v2\/media?parent=5544"}],"wp:term":[{"taxonomy":"category","embeddable":true,"href":"https:\/\/www.allgeier.com\/de\/wp-json\/wp\/v2\/categories?post=5544"},{"taxonomy":"post_tag","embeddable":true,"href":"https:\/\/www.allgeier.com\/de\/wp-json\/wp\/v2\/tags?post=5544"}],"curies":[{"name":"wp","href":"https:\/\/api.w.org\/{rel}","templated":true}]}}