{"id":5546,"date":"2013-04-26T08:12:27","date_gmt":"2013-04-26T08:12:27","guid":{"rendered":"https:\/\/www.allgeier.com\/de\/?page_id=5546"},"modified":"2023-01-22T17:10:05","modified_gmt":"2023-01-22T17:10:05","slug":"allgeier-agenda-2015-vorstand-schaerft-strategie-fuer-die-gruppe","status":"publish","type":"page","link":"https:\/\/www.allgeier.com\/de\/investor-relations\/adhoc-announcements\/allgeier-agenda-2015-vorstand-schaerft-strategie-fuer-die-gruppe\/","title":{"rendered":"Allgeier Agenda 2015 &#8211; Vorstand sch\u00e4rft Strategie f\u00fcr die Gruppe"},"content":{"rendered":"<p><b>ALLGEIER SE  \/ Schlagwort(e): Prognose\/Strategische Unternehmensentscheidung<\/b>26.04.2013 10:12Ver\u00f6ffentlichung einer Ad-hoc-Mitteilung nach \u00a7 15 WpHG, \u00fcbermittelt durchdie DGAP &#8211; ein Unternehmen der EquityStory AG.F\u00fcr den Inhalt der Mitteilung ist der Emittent verantwortlich.&#8212;&#8212;&#8212;&#8212;&#8212;&#8212;&#8212;&#8212;&#8212;&#8212;&#8212;&#8212;&#8212;&#8212;&#8212;&#8212;&#8212;&#8212;&#8212;&#8212;&#8212;&#8212;&#8212;&#8212;&#8212;M\u00fcnchen, 26.04.2013 &#8211; Der Vorstand der Allgeier SE (ISIN DE0005086300, WKN508630) hat die bereits im Jahr 2012 intensiv begonnene Neuausrichtung derAllgeier Gruppe in einer Agenda 2015 konkretisiert und als Ziel f\u00fcr dieJahre 2013 bis 2015 festgeschrieben.Zwei Leitgedanken pr\u00e4gen die Agenda 2015:1. Bildung einer zukunftsf\u00e4higen Gruppenstruktur mit Divisionen alsgr\u00f6\u00dferen Unternehmenseinheiten2. Klare Fokussierung des Gesch\u00e4ftsmodells auf wachstumsstarke Felder mit\u00fcberdurchschnittlichem EntwicklungspotentialIn Anwendung dieser Leitgedanken auf die Allgeier Gruppe wird diese k\u00fcnftigin folgende Gesch\u00e4ftsbereiche und Divisionen gegliedert sein:Gesch\u00e4ftsbereich Experts und zugleich Division Allgeier Experts: Kerngesch\u00e4ft ist die Bereitstellung moderner und flexiblerPersonaldienstleistungen als Antwort auf die zunehmende Knappheit anIT-Fachkr\u00e4ften im Markt. Als Bindeglied zwischen den Kunden mit ihrenflexiblen Anforderungen und den Mitarbeitern und freiberuflichen Expertenmit ihrem spezifischen Know-how bietet Allgeier Experts unter Nutzung derexistierenden Vertragsmodelle eine wichtige Funktion und Wertsch\u00f6pfung ineiner modernen Wirtschaft. Allgeier Experts z\u00e4hlt mit deutlich \u00fcber 200Mio. Euro Umsatz zu den Marktf\u00fchrern in Deutschland. Die Wachstumserwartungf\u00fcr diesen Gesch\u00e4ftsbereich ist positiv und liegt im unteren zweistelligenBereich p.a. bei realistischen Ergebnismargen in der Gr\u00f6\u00dfenordnung von 7Prozent.Gesch\u00e4ftsbereich Solutions\/Business Software: Der Gesch\u00e4ftsbereich ist in die Divisionen Allgeier Business Software undterna gegliedert. Die Division Business Software ist Anbieter eigenerL\u00f6sungen im Bereich ERP und DMS sowie Security Software. Ferner umfasst dasAngebot im Bereich ERP auch die Partnerschaft mit Microsoft mit eigenenerg\u00e4nzenden Softwarel\u00f6sungen f\u00fcr MS Dynamics NAV Kunden. Die Division ternaist Microsoft Partner im Bereich MS Dynamics AX mit eigenenSoftwarel\u00f6sungen und hochspezialisiertem Know-How f\u00fcr Unternehmensprozesse.Der Gesch\u00e4ftsbereich mit ca. 100 Mio. Euro Umsatz verf\u00fcgt nach Einsch\u00e4tzungdes Vorstands \u00fcber das Potential, bei entsprechenden Investitionen einezweistellige j\u00e4hrlichen Wachstumsrate und eine zweistellige Ergebnismargezu erzielen.Gesch\u00e4ftsbereich Software Development: Der Gesch\u00e4ftsbereich ist in die Divisionen Nagarro und mgm technologypartners gegliedert. Die Division Nagarro entwickelt f\u00fcr ihre Kundeninternational individuelle Softwarel\u00f6sungen zur Unterst\u00fctzung undOptimierung derer Unternehmensprozesse. Dabei werden unter dem Leitbild&#8217;The Brightest Minds&#8216; die Leistungsf\u00e4higkeit internationaler, topausgebildeter Personalressourcen und herausragendes Prozess- undProjekt-Know-how mit einem h\u00f6chsten Anspruch an Qualit\u00e4t in sehrwettbewerbsf\u00e4higen Preismodellen vereint. Die Division mgm technologypartners ist Spezialist f\u00fcr Portall\u00f6sungen insbesondere f\u00fcr denInternethandel, Banken, Versicherungen und \u00f6ffentliche Institutionen mithochspezialisiertem Know-how f\u00fcr die betreffenden Unternehmensprozesse undhochkomplexe technische Anforderungen. Der Gesch\u00e4ftsbereich mit einer Gr\u00f6\u00dfevon aktuell knapp 100 Mio. Euro Umsatz hat nach Einsch\u00e4tzung des Vorstandserhebliches Wachstumspotential, das sowohl mit deutlich zweistelligenSteigerungen im Umsatz als auch mit deutlich zweistelligen Ergebnismargenpositiv zur Gruppenentwicklung beitragen kann.F\u00fcr den Gesamtkonzern ergibt sich daraus in der Erwartung des Vorstandseine deutlich zweistellige Wachstumserwartung in Bezug auf den Umsatz undeine deutliche Margen- und Ergebnisverbesserung, die die operativeGesamtergebnismarge vor Holdingkosten mittelfristig deutlich in die N\u00e4hedes zweistelligen Bereichs f\u00fchren sollte.Mit den genannten Ma\u00dfnahmen zur Fokussierung der Gruppe reagiert derVorstand sowohl auf die aktuelle Marktentwicklung mit den erheblichenUnterschieden im Potential der verschiedenen Felder des IT-Gesch\u00e4fts alsauch auf die interne Weiterentwicklung der Gruppe zu einem n\u00e4chsten Leveleiner sinnvollen Integration. Ziel ist die Schaffung eines hochperformantenIT-Unternehmens mit modernen Strukturen und einem agilenLeistungsportfolio, das laufend auf dem Pr\u00fcfstand steht und dabeiWeiterentwicklung und Anpassungen erf\u00e4hrt. Dabei geh\u00f6ren auchwertschaffende Akquisitionen zum gezielten Ausbau und zur Beschleunigungder Entwicklung der Divisionen weiterhin zum Gesch\u00e4ftsmodell.Kontakt:Allgeier SEDr. Christopher Gro\u00dfeWehrlestra\u00dfe 1281679 M\u00fcnchenTel.: +49 (0)89\/998421-0Fax: +49 (0)89\/998421-11E-Mail: ir@allgeier.comWeb: www.allgeier.comAllgeier SE ist heute eines der f\u00fchrenden IT-Unternehmen f\u00fcr BusinessPerformance: Mit einer konsequent auf Innovationen und Zukunftstrendsausgerichteten Wachstumsstrategie sowie einem integrativenunternehmerischen Modell verbindet Allgeier die Vorteile einesinternationalen Anbieters mit den Tugenden mittelst\u00e4ndischer Unternehmer.Sechs operative Divisionen mit individuellen fachlichen oderbranchenbezogenen Schwerpunkten arbeiten gemeinsam in den drei SegmentenSolutions\/Business Software, Experts und Software Development f\u00fcr \u00fcber2.000 Kunden aus nahezu allen Branchen. Mit \u00fcber 4.200 angestelltenMitarbeitern und mehr als 1.500 freiberuflichen IT-Experten bietet Allgeierden Kunden als One-Stop-Shop ein umfassendes L\u00f6sungs- undLeistungsportfolio. Zu den Kunden von Allgeier z\u00e4hlen global arbeitendeKonzerne genauso wie innovative mittelst\u00e4ndische Betriebe, die sich durchintelligente IT strategische Vorteile sichern wollen. Die stark wachsendeGruppe verf\u00fcgt \u00fcber mehr als 90 Niederlassungen im deutschsprachigen Raum,im \u00fcbrigen Europa sowie in Indien, Mexiko und den USA. 2012 erzielteAllgeier einen Umsatz von 423 Mio. Euro. Die Gesellschaft ist amRegulierten Markt der Frankfurter Wertpapierb\u00f6rse im General Standardgelistet (WKN 508630\/ISIN DE0005086300). Weitere Informationen unter:www.allgeier.com.26.04.2013 Die DGAP Distributionsservices umfassen gesetzliche Meldepflichten, Corporate News\/Finanznachrichten und Pressemitteilungen. DGAP-Medienarchive unter www.dgap-medientreff.de und www.dgap.de&#8212;&#8212;&#8212;&#8212;&#8212;&#8212;&#8212;&#8212;&#8212;&#8212;&#8212;&#8212;&#8212;&#8212;&#8212;&#8212;&#8212;&#8212;&#8212;&#8212;&#8212;&#8212;&#8212;&#8212;&#8212; Sprache:      DeutschUnternehmen:  ALLGEIER SE              Wehrlestra\u00dfe 12              81679 M\u00fcnchen              DeutschlandTelefon:      +49 (0) 89 &#8211; 99 84 21 0Fax:          +49 (0) 89 &#8211; 99 84 21 11E-Mail:       info@allgeier.comInternet:     http:\/\/www.allgeier.comISIN:         DE0005086300WKN:          508630Indizes:      CDAXB\u00f6rsen:       Regulierter Markt in Frankfurt (General Standard);              Freiverkehr in Berlin, D\u00fcsseldorf, Hamburg, Stuttgart Ende der Mitteilung                             DGAP News-Service &#8212;&#8212;&#8212;&#8212;&#8212;&#8212;&#8212;&#8212;&#8212;&#8212;&#8212;&#8212;&#8212;&#8212;&#8212;&#8212;&#8212;&#8212;&#8212;&#8212;&#8212;&#8212;&#8212;&#8212;&#8212;<\/p>\n","protected":false},"excerpt":{"rendered":"<p>M\u00fcnchen, 26.04.2013 &#8211; Der Vorstand der Allgeier SE (ISIN DE0005086300, WKN 508630) hat die bereits im Jahr 2012 intensiv begonnene Neuausrichtung der Allgeier Gruppe in einer Agenda 2015 konkretisiert und als Ziel f\u00fcr die Jahre 2013 bis 2015 festgeschrieben. Zwei Leitgedanken pr\u00e4gen die Agenda 2015:<\/p>\n","protected":false},"author":4,"featured_media":0,"parent":1155,"menu_order":0,"comment_status":"close","ping_status":"closed","template":"","meta":{"_acf_changed":false,"footnotes":""},"categories":[],"tags":[],"class_list":["post-5546","page","type-page","status-publish","hentry"],"acf":[],"yoast_head":"<!-- This site is optimized with the Yoast SEO plugin v27.4 - https:\/\/yoast.com\/product\/yoast-seo-wordpress\/ -->\n<title>Allgeier Agenda 2015 - Vorstand sch\u00e4rft Strategie f\u00fcr die Gruppe - Allgeier SE<\/title>\n<meta name=\"robots\" content=\"index, follow, max-snippet:-1, max-image-preview:large, max-video-preview:-1\" \/>\n<link rel=\"canonical\" href=\"https:\/\/www.allgeier.com\/de\/investor-relations\/adhoc-announcements\/allgeier-agenda-2015-vorstand-schaerft-strategie-fuer-die-gruppe\/\" \/>\n<meta property=\"og:locale\" content=\"de_DE\" \/>\n<meta property=\"og:type\" content=\"article\" \/>\n<meta property=\"og:title\" content=\"Allgeier Agenda 2015 - Vorstand sch\u00e4rft Strategie f\u00fcr die Gruppe - Allgeier SE\" \/>\n<meta property=\"og:description\" content=\"M\u00fcnchen, 26.04.2013 - Der Vorstand der Allgeier SE (ISIN DE0005086300, WKN 508630) hat die bereits im Jahr 2012 intensiv begonnene Neuausrichtung der Allgeier Gruppe in einer Agenda 2015 konkretisiert und als Ziel f\u00fcr die Jahre 2013 bis 2015 festgeschrieben. Zwei Leitgedanken pr\u00e4gen die Agenda 2015:\" \/>\n<meta property=\"og:url\" content=\"https:\/\/www.allgeier.com\/de\/investor-relations\/adhoc-announcements\/allgeier-agenda-2015-vorstand-schaerft-strategie-fuer-die-gruppe\/\" \/>\n<meta property=\"og:site_name\" content=\"Allgeier SE\" \/>\n<meta property=\"article:modified_time\" content=\"2023-01-22T17:10:05+00:00\" \/>\n<meta name=\"twitter:card\" content=\"summary_large_image\" \/>\n<meta name=\"twitter:label1\" content=\"Gesch\u00e4tzte Lesezeit\" \/>\n\t<meta name=\"twitter:data1\" content=\"4\u00a0Minuten\" \/>\n<script type=\"application\/ld+json\" class=\"yoast-schema-graph\">{\"@context\":\"https:\\\/\\\/schema.org\",\"@graph\":[{\"@type\":\"WebPage\",\"@id\":\"https:\\\/\\\/www.allgeier.com\\\/de\\\/investor-relations\\\/adhoc-announcements\\\/allgeier-agenda-2015-vorstand-schaerft-strategie-fuer-die-gruppe\\\/\",\"url\":\"https:\\\/\\\/www.allgeier.com\\\/de\\\/investor-relations\\\/adhoc-announcements\\\/allgeier-agenda-2015-vorstand-schaerft-strategie-fuer-die-gruppe\\\/\",\"name\":\"Allgeier Agenda 2015 - Vorstand sch\u00e4rft Strategie f\u00fcr die Gruppe - Allgeier SE\",\"isPartOf\":{\"@id\":\"https:\\\/\\\/www.allgeier.com\\\/de\\\/#website\"},\"datePublished\":\"2013-04-26T08:12:27+00:00\",\"dateModified\":\"2023-01-22T17:10:05+00:00\",\"breadcrumb\":{\"@id\":\"https:\\\/\\\/www.allgeier.com\\\/de\\\/investor-relations\\\/adhoc-announcements\\\/allgeier-agenda-2015-vorstand-schaerft-strategie-fuer-die-gruppe\\\/#breadcrumb\"},\"inLanguage\":\"de\",\"potentialAction\":[{\"@type\":\"ReadAction\",\"target\":[\"https:\\\/\\\/www.allgeier.com\\\/de\\\/investor-relations\\\/adhoc-announcements\\\/allgeier-agenda-2015-vorstand-schaerft-strategie-fuer-die-gruppe\\\/\"]}]},{\"@type\":\"BreadcrumbList\",\"@id\":\"https:\\\/\\\/www.allgeier.com\\\/de\\\/investor-relations\\\/adhoc-announcements\\\/allgeier-agenda-2015-vorstand-schaerft-strategie-fuer-die-gruppe\\\/#breadcrumb\",\"itemListElement\":[{\"@type\":\"ListItem\",\"position\":1,\"name\":\"Home\",\"item\":\"https:\\\/\\\/www.allgeier.com\\\/de\\\/\"},{\"@type\":\"ListItem\",\"position\":2,\"name\":\"Investor Relations\",\"item\":\"https:\\\/\\\/www.allgeier.com\\\/de\\\/investor-relations\\\/\"},{\"@type\":\"ListItem\",\"position\":3,\"name\":\"Ad hoc-Mitteilungen\",\"item\":\"https:\\\/\\\/www.allgeier.com\\\/de\\\/investor-relations\\\/adhoc-announcements\\\/\"},{\"@type\":\"ListItem\",\"position\":4,\"name\":\"Allgeier Agenda 2015 &#8211; Vorstand sch\u00e4rft Strategie f\u00fcr die Gruppe\"}]},{\"@type\":\"WebSite\",\"@id\":\"https:\\\/\\\/www.allgeier.com\\\/de\\\/#website\",\"url\":\"https:\\\/\\\/www.allgeier.com\\\/de\\\/\",\"name\":\"Allgeier SE\",\"description\":\"Software &amp; IT Services for digital transformation\",\"potentialAction\":[{\"@type\":\"SearchAction\",\"target\":{\"@type\":\"EntryPoint\",\"urlTemplate\":\"https:\\\/\\\/www.allgeier.com\\\/de\\\/?s={search_term_string}\"},\"query-input\":{\"@type\":\"PropertyValueSpecification\",\"valueRequired\":true,\"valueName\":\"search_term_string\"}}],\"inLanguage\":\"de\"}]}<\/script>\n<!-- \/ Yoast SEO plugin. -->","yoast_head_json":{"title":"Allgeier Agenda 2015 - Vorstand sch\u00e4rft Strategie f\u00fcr die Gruppe - Allgeier SE","robots":{"index":"index","follow":"follow","max-snippet":"max-snippet:-1","max-image-preview":"max-image-preview:large","max-video-preview":"max-video-preview:-1"},"canonical":"https:\/\/www.allgeier.com\/de\/investor-relations\/adhoc-announcements\/allgeier-agenda-2015-vorstand-schaerft-strategie-fuer-die-gruppe\/","og_locale":"de_DE","og_type":"article","og_title":"Allgeier Agenda 2015 - Vorstand sch\u00e4rft Strategie f\u00fcr die Gruppe - Allgeier SE","og_description":"M\u00fcnchen, 26.04.2013 - Der Vorstand der Allgeier SE (ISIN DE0005086300, WKN 508630) hat die bereits im Jahr 2012 intensiv begonnene Neuausrichtung der Allgeier Gruppe in einer Agenda 2015 konkretisiert und als Ziel f\u00fcr die Jahre 2013 bis 2015 festgeschrieben. Zwei Leitgedanken pr\u00e4gen die Agenda 2015:","og_url":"https:\/\/www.allgeier.com\/de\/investor-relations\/adhoc-announcements\/allgeier-agenda-2015-vorstand-schaerft-strategie-fuer-die-gruppe\/","og_site_name":"Allgeier SE","article_modified_time":"2023-01-22T17:10:05+00:00","twitter_card":"summary_large_image","twitter_misc":{"Gesch\u00e4tzte Lesezeit":"4\u00a0Minuten"},"schema":{"@context":"https:\/\/schema.org","@graph":[{"@type":"WebPage","@id":"https:\/\/www.allgeier.com\/de\/investor-relations\/adhoc-announcements\/allgeier-agenda-2015-vorstand-schaerft-strategie-fuer-die-gruppe\/","url":"https:\/\/www.allgeier.com\/de\/investor-relations\/adhoc-announcements\/allgeier-agenda-2015-vorstand-schaerft-strategie-fuer-die-gruppe\/","name":"Allgeier Agenda 2015 - Vorstand sch\u00e4rft Strategie f\u00fcr die Gruppe - Allgeier SE","isPartOf":{"@id":"https:\/\/www.allgeier.com\/de\/#website"},"datePublished":"2013-04-26T08:12:27+00:00","dateModified":"2023-01-22T17:10:05+00:00","breadcrumb":{"@id":"https:\/\/www.allgeier.com\/de\/investor-relations\/adhoc-announcements\/allgeier-agenda-2015-vorstand-schaerft-strategie-fuer-die-gruppe\/#breadcrumb"},"inLanguage":"de","potentialAction":[{"@type":"ReadAction","target":["https:\/\/www.allgeier.com\/de\/investor-relations\/adhoc-announcements\/allgeier-agenda-2015-vorstand-schaerft-strategie-fuer-die-gruppe\/"]}]},{"@type":"BreadcrumbList","@id":"https:\/\/www.allgeier.com\/de\/investor-relations\/adhoc-announcements\/allgeier-agenda-2015-vorstand-schaerft-strategie-fuer-die-gruppe\/#breadcrumb","itemListElement":[{"@type":"ListItem","position":1,"name":"Home","item":"https:\/\/www.allgeier.com\/de\/"},{"@type":"ListItem","position":2,"name":"Investor Relations","item":"https:\/\/www.allgeier.com\/de\/investor-relations\/"},{"@type":"ListItem","position":3,"name":"Ad hoc-Mitteilungen","item":"https:\/\/www.allgeier.com\/de\/investor-relations\/adhoc-announcements\/"},{"@type":"ListItem","position":4,"name":"Allgeier Agenda 2015 &#8211; Vorstand sch\u00e4rft Strategie f\u00fcr die Gruppe"}]},{"@type":"WebSite","@id":"https:\/\/www.allgeier.com\/de\/#website","url":"https:\/\/www.allgeier.com\/de\/","name":"Allgeier SE","description":"Software &amp; IT Services for digital transformation","potentialAction":[{"@type":"SearchAction","target":{"@type":"EntryPoint","urlTemplate":"https:\/\/www.allgeier.com\/de\/?s={search_term_string}"},"query-input":{"@type":"PropertyValueSpecification","valueRequired":true,"valueName":"search_term_string"}}],"inLanguage":"de"}]}},"_links":{"self":[{"href":"https:\/\/www.allgeier.com\/de\/wp-json\/wp\/v2\/pages\/5546","targetHints":{"allow":["GET"]}}],"collection":[{"href":"https:\/\/www.allgeier.com\/de\/wp-json\/wp\/v2\/pages"}],"about":[{"href":"https:\/\/www.allgeier.com\/de\/wp-json\/wp\/v2\/types\/page"}],"author":[{"embeddable":true,"href":"https:\/\/www.allgeier.com\/de\/wp-json\/wp\/v2\/users\/4"}],"replies":[{"embeddable":true,"href":"https:\/\/www.allgeier.com\/de\/wp-json\/wp\/v2\/comments?post=5546"}],"version-history":[{"count":1,"href":"https:\/\/www.allgeier.com\/de\/wp-json\/wp\/v2\/pages\/5546\/revisions"}],"predecessor-version":[{"id":5547,"href":"https:\/\/www.allgeier.com\/de\/wp-json\/wp\/v2\/pages\/5546\/revisions\/5547"}],"up":[{"embeddable":true,"href":"https:\/\/www.allgeier.com\/de\/wp-json\/wp\/v2\/pages\/1155"}],"wp:attachment":[{"href":"https:\/\/www.allgeier.com\/de\/wp-json\/wp\/v2\/media?parent=5546"}],"wp:term":[{"taxonomy":"category","embeddable":true,"href":"https:\/\/www.allgeier.com\/de\/wp-json\/wp\/v2\/categories?post=5546"},{"taxonomy":"post_tag","embeddable":true,"href":"https:\/\/www.allgeier.com\/de\/wp-json\/wp\/v2\/tags?post=5546"}],"curies":[{"name":"wp","href":"https:\/\/api.w.org\/{rel}","templated":true}]}}