{"id":5552,"date":"2012-11-16T07:39:11","date_gmt":"2012-11-16T08:39:11","guid":{"rendered":"https:\/\/www.allgeier.com\/de\/?page_id=5552"},"modified":"2023-01-22T17:10:06","modified_gmt":"2023-01-22T17:10:06","slug":"allgeier-steigert-in-den-ersten-drei-quartalen-2012-umsatz-und-operatives-ergebnis-weiter","status":"publish","type":"page","link":"https:\/\/www.allgeier.com\/de\/investor-relations\/adhoc-announcements\/allgeier-steigert-in-den-ersten-drei-quartalen-2012-umsatz-und-operatives-ergebnis-weiter\/","title":{"rendered":"Allgeier steigert in den ersten drei Quartalen 2012 Umsatz und operatives Ergebnis weiter"},"content":{"rendered":"<p><b>ALLGEIER SE  \/ Schlagwort(e): Quartalsergebnis<\/b>16.11.2012 09:39Ver\u00f6ffentlichung einer Ad-hoc-Mitteilung nach \u00a7 15 WpHG, \u00fcbermittelt durchdie DGAP &#8211; ein Unternehmen der EquityStory AG.F\u00fcr den Inhalt der Mitteilung ist der Emittent verantwortlich.&#8212;&#8212;&#8212;&#8212;&#8212;&#8212;&#8212;&#8212;&#8212;&#8212;&#8212;&#8212;&#8212;&#8212;&#8212;&#8212;&#8212;&#8212;&#8212;&#8212;&#8212;&#8212;&#8212;&#8212;&#8212;M\u00fcnchen, 16.11.2012 &#8211; Die M\u00fcnchner Allgeier SE (ISIN DE0005086300, WKN508630) konnte in den ersten drei Quartalen des Jahres 2012 (01. Januar2012 bis 30. September 2012) die Ums\u00e4tze weiter steigern und das bereits imersten Dreivierteljahr des Jahres 2011 gute EBITDA \u00fcbertreffen. Der Konzernsetzt damit sein Wachstum in den ersten neun Monaten des Gesch\u00e4ftsjahres2012 fort und kann seine Stellung im Wettbewerb weiter festigen.Der Umsatz stieg gegen\u00fcber den ersten neun Monaten des Jahres 2011 um 12,1Prozent auf 297,8 Mio. Euro (Vorjahr: 265,7 Mio. Euro). DieUmsatzsteigerung wird durch operatives Wachstum der \u00fcberwiegenden Zahl derseit L\u00e4ngerem dem Konzern zugeh\u00f6rigen Gesellschaften sowie durch dieUnternehmensakquisitionen des Jahres 2011 und der ersten drei Quartale desJahres 2012 getragen. Das EBITDA konnte in den ersten neun Monaten 2012 um7,4 Prozent auf 16,1 Mio. Euro (Vorjahr: 14,9 Mio. Euro) gesteigert werden.Das EBITA (Ergebnis vor Zinsen, Steuern und Abschreibungen aufKaufpreis-Allokationen sowie der ergebniswirksamen Anpassung von Earn Outsgem\u00e4\u00df IFRS) wuchs gegen\u00fcber dem Vorjahreszeitraum um 8,3 Prozent auf 13,0Mio. Euro (Vorjahr: 12,0 Mio. Euro).Dagegen fiel das EBIT (Ergebnis vor Zinsen und Steuern) gegen\u00fcber demVorjahr um 27,3 Prozent auf 6,3 Mio. Euro (Vorjahr: 8,7 Mio. Euro).Insbesondere in der Ergebnisgr\u00f6\u00dfe EBIT zeigt sich der Einfluss derAkquisitionst\u00e4tigkeit. Die Akquisitionen f\u00fchrten im ersten Dreivierteljahr2012 bilanziell zu einem deutlichen Anstieg der Regelabschreibungen aufKaufpreis-Allokationen gem\u00e4\u00df IFRS (Abschreibung der Auftragsbest\u00e4nde,Kundenst\u00e4mme, Produkte), welche f\u00fcr den Gro\u00dfteil des Anstiegs derAbschreibungen um rund 3,5 Mio. Euro auf rund 9,8 Mio. Euro (Vorjahr: 6,3Mio. Euro) verantwortlich sind. Die gestiegenen Abschreibungen basieren aufder hohen Bewertung der Kundenstammbeziehungen der in den Jahren 2011 und2012 erworbenen Gesellschaften, die \u00fcber eine gute Auftragssituation undeine gro\u00dfe Anzahl von Stammkundenbeziehungen verf\u00fcgen. Auftr\u00e4ge werdengem\u00e4\u00df Erledigung, Kundenst\u00e4mme innerhalb von f\u00fcnf Jahren abgeschrieben.Im dritten Quartal 2012 konnte der Konzern seine Ums\u00e4tze weiter konstantverbessern: Der Umsatz stieg gegen\u00fcber dem Vorjahreszeitraum um 13,8Prozent auf 107,7 Mio. Euro (Q3 2011: 94,6 Mio. Euro). Das EBITDA bliebgegen\u00fcber dem Vergleichsquartal des Vorjahres stabil bei 6,1 Mio. Euro. DasEBITA (Ergebnis vor Zinsen, Steuern und Abschreibungen aufKaufpreis-Allokationen sowie der ergebniswirksamen Anpassung von Earn Outsgem\u00e4\u00df IFRS) konnte gegen\u00fcber dem Vorjahr um 15,6 Prozent auf 5,2 Mio. Eurogesteigert werden (Q3 2011: 4,5 Mio. Euro). Das EBIT (Ergebnis vor Zinsenund Steuern) fiel im Vergleichszeitraum vor allem aufgrund des Anstiegs derRegelabschreibungen auf Kaufpreis-Allokationen im Zuge der im Jahr 2011get\u00e4tigten Akquisitionen entsprechend leicht auf 3,0 Mio. Euro (Q3 2011:3,5 Mio. Euro).Der Allgeier Konzern verf\u00fcgt zum Stichtag 30. September 2012 \u00fcber einesolide Finanz- und Verm\u00f6genslage. Die Bilanzsumme des Allgeier Konzerns istweiter angestiegen. Sie wuchs von 242,1 Mio. Euro am 31. Dezember 2011 um59,7 Mio. Euro auf 301,8 Mio. Euro am 30. September 2012. Ma\u00dfgeblich daf\u00fcrwaren die erfolgreiche Platzierung des Schuldscheindarlehens in H\u00f6he vonnetto 69,0 Mio. Euro und die Tilgung eines bestehenden Bankdarlehens inH\u00f6he von 19,0 Mio. Euro, welche saldiert die Bilanzsumme in dieserGr\u00f6\u00dfenordnung haben ansteigen lassen. Einen weiteren wesentlichen Effektauf die Bilanzproportionen hat der Erwerb der tecops personal GmbH, derenVerm\u00f6genswerte und Schulden im dritten Quartal 2012 konsolidiert wurden.Der Cashflow aus der betrieblichen T\u00e4tigkeit und vor WorkingCapital-Ver\u00e4nderungen erreichte mit 12,6 Mio. Euro nahezu denselben Wertwie im Vergleichszeitraum des Vorjahres (Vorjahr: 12,7 Mio. Euro). DerAllgeier Konzern verf\u00fcgt zum 30. September 2012 \u00fcber einen hohen Bestand anliquiden Mitteln in H\u00f6he von 43,8 Mio. Euro (Stand 31. Dezember 2011: 31,9Mio. Euro).Die Zwischenmitteilung zum dritten Quartal 2012 der Allgeier SE wird amheutigen 16. November 2012 ver\u00f6ffentlicht und ist unter www.allgeier.comeinzusehen.Kontakt:Allgeier SEDr. Christopher Gro\u00dfeWehrlestra\u00dfe 1281679 M\u00fcnchenTel.: +49 (0)89\/998421-0Fax: +49 (0)89\/998421-11E-Mail: ir@allgeier.comWeb: www.allgeier.comDie Allgeier SE mit Sitz in M\u00fcnchen ist eine der f\u00fchrendenIT-Gesellschaften im deutschsprachigen Raum. Mit \u00fcber 4.000 angestelltenMitarbeitern und mehr als 1.500 freiberuflichen IT-Experten bietet Allgeierden Kunden einen Komplettservice-Ansatz und ein umfassendes L\u00f6sungs- undLeistungsportfolio. 16 operative Unternehmenseinheiten mit individuellenfachlichen oder branchenbezogenen Schwerpunkten arbeiten gemeinsam f\u00fcr \u00fcber2.000 Kunden aus nahezu allen Branchen. Allgeier verbindet die Vorteileeiner internationalen IT-Gesellschaft, wie Produktbreite, Leistungs- undProzessst\u00e4rke, mit der Flexibilit\u00e4t, Expertise und Kundenn\u00e4he einesschlagkr\u00e4ftigen mittelst\u00e4ndischen Anbieters. Die stark wachsende Gruppeverf\u00fcgt aktuell \u00fcber mehr als 90 Niederlassungen im deutschsprachigen Raum,im \u00fcbrigen Europa sowie in Indien, Mexiko und den USA. 2011 erzielteAllgeier einen Umsatz von 379 Mio. Euro. Die Gesellschaft ist amregulierten Markt der Frankfurter Wertpapierb\u00f6rse im General Standardgelistet (WKN 508630\/ISIN DE0005086300). Weitere Informationen unter:www.allgeier.com.16.11.2012 Die DGAP Distributionsservices umfassen gesetzliche Meldepflichten, Corporate News\/Finanznachrichten und Pressemitteilungen. DGAP-Medienarchive unter www.dgap-medientreff.de und www.dgap.de&#8212;&#8212;&#8212;&#8212;&#8212;&#8212;&#8212;&#8212;&#8212;&#8212;&#8212;&#8212;&#8212;&#8212;&#8212;&#8212;&#8212;&#8212;&#8212;&#8212;&#8212;&#8212;&#8212;&#8212;&#8212; Sprache:      DeutschUnternehmen:  ALLGEIER SE              Wehrlestra\u00dfe 12              81679 M\u00fcnchen              DeutschlandTelefon:      +49 (0) 89 &#8211; 99 84 21 0Fax:          +49 (0) 89 &#8211; 99 84 21 11E-Mail:       info@allgeier.comInternet:     http:\/\/www.allgeier.comISIN:         DE0005086300WKN:          508630Indizes:      CDAXB\u00f6rsen:       Regulierter Markt in Frankfurt (General Standard);              Freiverkehr in Berlin, D\u00fcsseldorf, Hamburg, Stuttgart Ende der Mitteilung                             DGAP News-Service &#8212;&#8212;&#8212;&#8212;&#8212;&#8212;&#8212;&#8212;&#8212;&#8212;&#8212;&#8212;&#8212;&#8212;&#8212;&#8212;&#8212;&#8212;&#8212;&#8212;&#8212;&#8212;&#8212;&#8212;&#8212;<\/p>\n","protected":false},"excerpt":{"rendered":"<p>M\u00fcnchen, 16.11.2012 &#8211; Die M\u00fcnchner Allgeier SE (ISIN DE0005086300, WKN 508630) konnte in den ersten drei Quartalen des Jahres 2012 (01. Januar 2012 bis 30. September 2012) die Ums\u00e4tze weiter steigern und das bereits im ersten Dreivierteljahr des Jahres 2011 gute EBITDA \u00fcbertreffen. Der Konzern setzt<\/p>\n","protected":false},"author":4,"featured_media":0,"parent":1155,"menu_order":0,"comment_status":"close","ping_status":"closed","template":"","meta":{"_acf_changed":false,"footnotes":""},"categories":[],"tags":[],"class_list":["post-5552","page","type-page","status-publish","hentry"],"acf":[],"yoast_head":"<!-- This site is optimized with the Yoast SEO plugin v27.4 - https:\/\/yoast.com\/product\/yoast-seo-wordpress\/ -->\n<title>Allgeier steigert in den ersten drei Quartalen 2012 Umsatz und operatives Ergebnis weiter - Allgeier SE<\/title>\n<meta name=\"robots\" content=\"index, follow, max-snippet:-1, max-image-preview:large, max-video-preview:-1\" \/>\n<link rel=\"canonical\" href=\"https:\/\/www.allgeier.com\/de\/investor-relations\/adhoc-announcements\/allgeier-steigert-in-den-ersten-drei-quartalen-2012-umsatz-und-operatives-ergebnis-weiter\/\" \/>\n<meta property=\"og:locale\" content=\"de_DE\" \/>\n<meta property=\"og:type\" content=\"article\" \/>\n<meta property=\"og:title\" content=\"Allgeier steigert in den ersten drei Quartalen 2012 Umsatz und operatives Ergebnis weiter - Allgeier SE\" \/>\n<meta property=\"og:description\" content=\"M\u00fcnchen, 16.11.2012 - Die M\u00fcnchner Allgeier SE (ISIN DE0005086300, WKN 508630) konnte in den ersten drei Quartalen des Jahres 2012 (01. Januar 2012 bis 30. September 2012) die Ums\u00e4tze weiter steigern und das bereits im ersten Dreivierteljahr des Jahres 2011 gute EBITDA \u00fcbertreffen. Der Konzern setzt\" \/>\n<meta property=\"og:url\" content=\"https:\/\/www.allgeier.com\/de\/investor-relations\/adhoc-announcements\/allgeier-steigert-in-den-ersten-drei-quartalen-2012-umsatz-und-operatives-ergebnis-weiter\/\" \/>\n<meta property=\"og:site_name\" content=\"Allgeier SE\" \/>\n<meta property=\"article:modified_time\" content=\"2023-01-22T17:10:06+00:00\" \/>\n<meta name=\"twitter:card\" content=\"summary_large_image\" \/>\n<meta name=\"twitter:label1\" content=\"Gesch\u00e4tzte Lesezeit\" \/>\n\t<meta name=\"twitter:data1\" content=\"4\u00a0Minuten\" \/>\n<script type=\"application\/ld+json\" class=\"yoast-schema-graph\">{\"@context\":\"https:\\\/\\\/schema.org\",\"@graph\":[{\"@type\":\"WebPage\",\"@id\":\"https:\\\/\\\/www.allgeier.com\\\/de\\\/investor-relations\\\/adhoc-announcements\\\/allgeier-steigert-in-den-ersten-drei-quartalen-2012-umsatz-und-operatives-ergebnis-weiter\\\/\",\"url\":\"https:\\\/\\\/www.allgeier.com\\\/de\\\/investor-relations\\\/adhoc-announcements\\\/allgeier-steigert-in-den-ersten-drei-quartalen-2012-umsatz-und-operatives-ergebnis-weiter\\\/\",\"name\":\"Allgeier steigert in den ersten drei Quartalen 2012 Umsatz und operatives Ergebnis weiter - Allgeier SE\",\"isPartOf\":{\"@id\":\"https:\\\/\\\/www.allgeier.com\\\/de\\\/#website\"},\"datePublished\":\"2012-11-16T08:39:11+00:00\",\"dateModified\":\"2023-01-22T17:10:06+00:00\",\"breadcrumb\":{\"@id\":\"https:\\\/\\\/www.allgeier.com\\\/de\\\/investor-relations\\\/adhoc-announcements\\\/allgeier-steigert-in-den-ersten-drei-quartalen-2012-umsatz-und-operatives-ergebnis-weiter\\\/#breadcrumb\"},\"inLanguage\":\"de\",\"potentialAction\":[{\"@type\":\"ReadAction\",\"target\":[\"https:\\\/\\\/www.allgeier.com\\\/de\\\/investor-relations\\\/adhoc-announcements\\\/allgeier-steigert-in-den-ersten-drei-quartalen-2012-umsatz-und-operatives-ergebnis-weiter\\\/\"]}]},{\"@type\":\"BreadcrumbList\",\"@id\":\"https:\\\/\\\/www.allgeier.com\\\/de\\\/investor-relations\\\/adhoc-announcements\\\/allgeier-steigert-in-den-ersten-drei-quartalen-2012-umsatz-und-operatives-ergebnis-weiter\\\/#breadcrumb\",\"itemListElement\":[{\"@type\":\"ListItem\",\"position\":1,\"name\":\"Home\",\"item\":\"https:\\\/\\\/www.allgeier.com\\\/de\\\/\"},{\"@type\":\"ListItem\",\"position\":2,\"name\":\"Investor Relations\",\"item\":\"https:\\\/\\\/www.allgeier.com\\\/de\\\/investor-relations\\\/\"},{\"@type\":\"ListItem\",\"position\":3,\"name\":\"Ad hoc-Mitteilungen\",\"item\":\"https:\\\/\\\/www.allgeier.com\\\/de\\\/investor-relations\\\/adhoc-announcements\\\/\"},{\"@type\":\"ListItem\",\"position\":4,\"name\":\"Allgeier steigert in den ersten drei Quartalen 2012 Umsatz und operatives Ergebnis weiter\"}]},{\"@type\":\"WebSite\",\"@id\":\"https:\\\/\\\/www.allgeier.com\\\/de\\\/#website\",\"url\":\"https:\\\/\\\/www.allgeier.com\\\/de\\\/\",\"name\":\"Allgeier SE\",\"description\":\"Software &amp; IT Services for digital transformation\",\"potentialAction\":[{\"@type\":\"SearchAction\",\"target\":{\"@type\":\"EntryPoint\",\"urlTemplate\":\"https:\\\/\\\/www.allgeier.com\\\/de\\\/?s={search_term_string}\"},\"query-input\":{\"@type\":\"PropertyValueSpecification\",\"valueRequired\":true,\"valueName\":\"search_term_string\"}}],\"inLanguage\":\"de\"}]}<\/script>\n<!-- \/ Yoast SEO plugin. -->","yoast_head_json":{"title":"Allgeier steigert in den ersten drei Quartalen 2012 Umsatz und operatives Ergebnis weiter - Allgeier SE","robots":{"index":"index","follow":"follow","max-snippet":"max-snippet:-1","max-image-preview":"max-image-preview:large","max-video-preview":"max-video-preview:-1"},"canonical":"https:\/\/www.allgeier.com\/de\/investor-relations\/adhoc-announcements\/allgeier-steigert-in-den-ersten-drei-quartalen-2012-umsatz-und-operatives-ergebnis-weiter\/","og_locale":"de_DE","og_type":"article","og_title":"Allgeier steigert in den ersten drei Quartalen 2012 Umsatz und operatives Ergebnis weiter - Allgeier SE","og_description":"M\u00fcnchen, 16.11.2012 - Die M\u00fcnchner Allgeier SE (ISIN DE0005086300, WKN 508630) konnte in den ersten drei Quartalen des Jahres 2012 (01. Januar 2012 bis 30. September 2012) die Ums\u00e4tze weiter steigern und das bereits im ersten Dreivierteljahr des Jahres 2011 gute EBITDA \u00fcbertreffen. Der Konzern setzt","og_url":"https:\/\/www.allgeier.com\/de\/investor-relations\/adhoc-announcements\/allgeier-steigert-in-den-ersten-drei-quartalen-2012-umsatz-und-operatives-ergebnis-weiter\/","og_site_name":"Allgeier SE","article_modified_time":"2023-01-22T17:10:06+00:00","twitter_card":"summary_large_image","twitter_misc":{"Gesch\u00e4tzte Lesezeit":"4\u00a0Minuten"},"schema":{"@context":"https:\/\/schema.org","@graph":[{"@type":"WebPage","@id":"https:\/\/www.allgeier.com\/de\/investor-relations\/adhoc-announcements\/allgeier-steigert-in-den-ersten-drei-quartalen-2012-umsatz-und-operatives-ergebnis-weiter\/","url":"https:\/\/www.allgeier.com\/de\/investor-relations\/adhoc-announcements\/allgeier-steigert-in-den-ersten-drei-quartalen-2012-umsatz-und-operatives-ergebnis-weiter\/","name":"Allgeier steigert in den ersten drei Quartalen 2012 Umsatz und operatives Ergebnis weiter - Allgeier SE","isPartOf":{"@id":"https:\/\/www.allgeier.com\/de\/#website"},"datePublished":"2012-11-16T08:39:11+00:00","dateModified":"2023-01-22T17:10:06+00:00","breadcrumb":{"@id":"https:\/\/www.allgeier.com\/de\/investor-relations\/adhoc-announcements\/allgeier-steigert-in-den-ersten-drei-quartalen-2012-umsatz-und-operatives-ergebnis-weiter\/#breadcrumb"},"inLanguage":"de","potentialAction":[{"@type":"ReadAction","target":["https:\/\/www.allgeier.com\/de\/investor-relations\/adhoc-announcements\/allgeier-steigert-in-den-ersten-drei-quartalen-2012-umsatz-und-operatives-ergebnis-weiter\/"]}]},{"@type":"BreadcrumbList","@id":"https:\/\/www.allgeier.com\/de\/investor-relations\/adhoc-announcements\/allgeier-steigert-in-den-ersten-drei-quartalen-2012-umsatz-und-operatives-ergebnis-weiter\/#breadcrumb","itemListElement":[{"@type":"ListItem","position":1,"name":"Home","item":"https:\/\/www.allgeier.com\/de\/"},{"@type":"ListItem","position":2,"name":"Investor Relations","item":"https:\/\/www.allgeier.com\/de\/investor-relations\/"},{"@type":"ListItem","position":3,"name":"Ad hoc-Mitteilungen","item":"https:\/\/www.allgeier.com\/de\/investor-relations\/adhoc-announcements\/"},{"@type":"ListItem","position":4,"name":"Allgeier steigert in den ersten drei Quartalen 2012 Umsatz und operatives Ergebnis weiter"}]},{"@type":"WebSite","@id":"https:\/\/www.allgeier.com\/de\/#website","url":"https:\/\/www.allgeier.com\/de\/","name":"Allgeier SE","description":"Software &amp; IT Services for digital transformation","potentialAction":[{"@type":"SearchAction","target":{"@type":"EntryPoint","urlTemplate":"https:\/\/www.allgeier.com\/de\/?s={search_term_string}"},"query-input":{"@type":"PropertyValueSpecification","valueRequired":true,"valueName":"search_term_string"}}],"inLanguage":"de"}]}},"_links":{"self":[{"href":"https:\/\/www.allgeier.com\/de\/wp-json\/wp\/v2\/pages\/5552","targetHints":{"allow":["GET"]}}],"collection":[{"href":"https:\/\/www.allgeier.com\/de\/wp-json\/wp\/v2\/pages"}],"about":[{"href":"https:\/\/www.allgeier.com\/de\/wp-json\/wp\/v2\/types\/page"}],"author":[{"embeddable":true,"href":"https:\/\/www.allgeier.com\/de\/wp-json\/wp\/v2\/users\/4"}],"replies":[{"embeddable":true,"href":"https:\/\/www.allgeier.com\/de\/wp-json\/wp\/v2\/comments?post=5552"}],"version-history":[{"count":1,"href":"https:\/\/www.allgeier.com\/de\/wp-json\/wp\/v2\/pages\/5552\/revisions"}],"predecessor-version":[{"id":5553,"href":"https:\/\/www.allgeier.com\/de\/wp-json\/wp\/v2\/pages\/5552\/revisions\/5553"}],"up":[{"embeddable":true,"href":"https:\/\/www.allgeier.com\/de\/wp-json\/wp\/v2\/pages\/1155"}],"wp:attachment":[{"href":"https:\/\/www.allgeier.com\/de\/wp-json\/wp\/v2\/media?parent=5552"}],"wp:term":[{"taxonomy":"category","embeddable":true,"href":"https:\/\/www.allgeier.com\/de\/wp-json\/wp\/v2\/categories?post=5552"},{"taxonomy":"post_tag","embeddable":true,"href":"https:\/\/www.allgeier.com\/de\/wp-json\/wp\/v2\/tags?post=5552"}],"curies":[{"name":"wp","href":"https:\/\/api.w.org\/{rel}","templated":true}]}}