{"id":5556,"date":"2012-08-31T08:16:30","date_gmt":"2012-08-31T08:16:30","guid":{"rendered":"https:\/\/www.allgeier.com\/de\/?page_id=5556"},"modified":"2023-01-22T17:10:06","modified_gmt":"2023-01-22T17:10:06","slug":"allgeier-se-allgeier-waechst-im-ersten-halbjahr-2012-weiter","status":"publish","type":"page","link":"https:\/\/www.allgeier.com\/de\/investor-relations\/adhoc-announcements\/allgeier-se-allgeier-waechst-im-ersten-halbjahr-2012-weiter\/","title":{"rendered":"Allgeier SE: Allgeier w\u00e4chst im ersten Halbjahr 2012 weiter"},"content":{"rendered":"<p><b>ALLGEIER SE  \/ Schlagwort(e): Halbjahresergebnis<\/b>31.08.2012 10:16Ver\u00f6ffentlichung einer Ad-hoc-Mitteilung nach \u00a7 15 WpHG, \u00fcbermittelt durchdie DGAP &#8211; ein Unternehmen der EquityStory AG.F\u00fcr den Inhalt der Mitteilung ist der Emittent verantwortlich.&#8212;&#8212;&#8212;&#8212;&#8212;&#8212;&#8212;&#8212;&#8212;&#8212;&#8212;&#8212;&#8212;&#8212;&#8212;&#8212;&#8212;&#8212;&#8212;&#8212;&#8212;&#8212;&#8212;&#8212;&#8212;M\u00fcnchen, 31.08.2012 &#8211; Die M\u00fcnchner Allgeier SE (ISIN DE0005086300, WKN508630), eines der f\u00fchrenden Unternehmen der deutschen IT-Branche, konnteim ersten Halbjahr 2012 (01. Januar 2012 bis 30. Juni 2012) die Ums\u00e4tzeweiter steigern und das bereits im ersten Halbjahr des Jahres 2011 guteEBITDA \u00fcbertreffen. Der Konzern setzt damit sein Wachstum im erstenHalbjahr 2012 fort.Der Umsatz stieg gegen\u00fcber dem ersten Halbjahr 2011 um 11,2 Prozent auf190,1 Mio. Euro (Vorjahr: 171,0 Mio. Euro). Die Umsatzsteigerung wird durchoperatives Wachstum der \u00fcberwiegenden Zahl der seit l\u00e4ngerem dem Konzernzugeh\u00f6rigen Gesellschaften wie auch durch die Unternehmensakquisitionen desJahres 2011 und des ersten Quartals 2012 getragen. Das EBITDA konnte imersten Halbjahr 2012 um 12,5 Prozent auf 9,9 Mio. Euro (Vorjahr: 8,8 Mio.Euro) gesteigert werden. Das EBITA (Ergebnis vor Zinsen, Steuern undAbschreibungen auf Kaufpreis-Allokationen sowie der ergebniswirksamenAnpassung von Earnouts gem\u00e4\u00df IFRS) wuchs gegen\u00fcber dem Vorjahreszeitraum um4,0 Prozent auf 7,8 Mio. Euro (1. Halbjahr 2011: 7,5 Mio. Euro). Dagegenfiel das EBIT (Ergebnis vor Zinsen und Steuern) gegen\u00fcber dem Vorjahr um36,5 Prozent auf 3,3 Mio. Euro (1. Halbjahr 2011: 5,2 Mio. Euro).Insbesondere in der Ergebnisgr\u00f6\u00dfe EBIT zeigt sich der Einfluss derAkquisitionst\u00e4tigkeit. Die Akquisitionen f\u00fchrten im ersten Halbjahr 2012bilanziell zu einem deutlichen Anstieg der Regelabschreibungen aufKaufpreis-Allokationen gem\u00e4\u00df IFRS (also Abschreibung der Auftragsbest\u00e4nde,Kundenst\u00e4mme, Produkte) um rund 2,2 Mio. Euro auf rund 4,5 Mio. Euro(Vorjahr: 2,3 Mio. Euro). Die gestiegenen Abschreibungen basieren auf derhohen Bewertung der Kundenstammbeziehungen der im Jahr 2011 erworbenenGesellschaften, die \u00fcber eine gute Auftragssituation und eine gro\u00dfe Anzahlvon Stammkundenbeziehungen verf\u00fcgen.In den Monaten Januar bis Juni 2012 wurde ein Cash Flow aus derbetrieblichen T\u00e4tigkeit und vor Working Capital Ver\u00e4nderungen von 7,4 Mio.Euro erzielt (Vorjahr: 6,2 Mio. Euro). Der Cash Flow aus derFinanzierungst\u00e4tigkeit weist im ersten Halbjahr 2012 einen Nettozufluss von42,8 Mio. Euro (Vorjahr: Abfluss 2,7 Mio. Euro) auf. Als wesentlicheEinzelposten sind im Cash Flow aus der Finanzierungst\u00e4tigkeit die Aufnahmedes Schuldscheindarlehens in H\u00f6he von netto 69,0 Mio. Euro, Tilgung vonDarlehen in H\u00f6he von 19,1 Mio. Euro und die Dividende in H\u00f6he von 4,2 Mio.Euro an die Aktion\u00e4re der Allgeier SE zu nennen. Die Bilanzsumme desAllgeier Konzerns ist gegen\u00fcber dem 31. Dezember 2011 von 242,1 Mio. Euroum 46,6 Mio. Euro auf 288,7 Mio. Euro am 30. Juni 2012 gewachsen. DerAllgeier Konzern verf\u00fcgt zum 30. Juni 2012 \u00fcber einen hohen Bestand anliquiden Mitteln. Die liquiden Mittel stiegen im Wesentlichen aufgrund derbeschriebenen Finanzierungsvorg\u00e4nge im ersten Halbjahr 2012 von 31,9 Mio.Euro auf 71,7 Mio. Euro. Der Konzern beabsichtigt, diese Mittel f\u00fcrweiteres Unternehmenswachstum und Akquisitionen von neuenTochtergesellschaften einzusetzen.Die Allgeier SE sieht sich weiterhin gut ger\u00fcstet f\u00fcr das Gesamtjahr 2012.Im ersten Halbjahr 2012 hat Allgeier das Portfolio mit kleinerenerg\u00e4nzenden Akquisitionen gezielt ausgebaut und Zukunftsthemen wie z.B.Business Intelligence- und ERP-L\u00f6sungen weiter gest\u00e4rkt.Nach Abschluss des ersten Halbjahres, am 02. August 2012, hat sich Allgeiermit dem Alleingesellschafter der tecops personal GmbH \u00fcber den Erwerb allerAnteile der Gesellschaft geeinigt und entsprechende Vertr\u00e4ge geschlossen.Mit der Akquisition baut Allgeier das Leistungs- und Serviceportfolio sowiedie Fl\u00e4chenabdeckung im Wachstumsmarkt f\u00fcr IT-Personaldienstleistungenweiter aus. TECOPS verf\u00fcgt \u00fcber mehr als 20 Jahre Erfahrung in der\u00dcberlassung und Vermittlung von Fachkr\u00e4ften und besch\u00e4ftigt derzeit 1.400Mitarbeiter an 12 Standorten. Im Jahr 2011 setzte das Unternehmen \u00fcber 50Mio. Euro um. F\u00fcr das Jahr 2012 plant die tecops personal GmbH weiteresnachhaltiges Umsatz- und Ergebniswachstum.Der Halbjahresfinanzbericht 2012 der Allgeier SE wird am heutigen 31.August 2012 ver\u00f6ffentlicht und ist unter www.allgeier.com einzusehen.Kontakt:Allgeier SEDr. Christopher Gro\u00dfeWehrlestra\u00dfe 1281679 M\u00fcnchenTel.: +49 (0)89\/998421-0Fax: +49 (0)89\/998421-11E-Mail: ir@allgeier.comWeb: www.allgeier.comDie Allgeier SE mit Sitz in M\u00fcnchen ist eine der f\u00fchrenden Beratungs- undServicegesellschaften f\u00fcr IT-L\u00f6sungen und Dienstleistungen imdeutschsprachigen Raum. Mit \u00fcber 2.600 angestellten Mitarbeitern und rund1.500 freiberuflichen Experten bietet Allgeier ihren Kunden einenKomplettservice-Ansatz von der Konzeption \u00fcber die Umsetzung bis hin zumBetrieb von IT-Landschaften. 15 operative Unternehmenseinheiten, jede miteinem fachlichen oder branchenbezogenen Schwerpunkt, arbeiten gemeinsam f\u00fcr\u00fcber 2.000 Kunden aus nahezu allen Branchen. Allgeier verbindet dieServiceorientierung, Kundenn\u00e4he und Flexibilit\u00e4t schlagkr\u00e4ftigermittelst\u00e4ndischer Einheiten mit der Produktbreite, Gr\u00f6\u00dfe und Prozessst\u00e4rkeeiner internationalen Gruppe. Die stark wachsende Gruppe verf\u00fcgt aktuell\u00fcber mehr als 80 Niederlassungen im deutschsprachigen Raum, im \u00fcbrigenEuropa sowie in Indien, Mexiko und den USA. 2011 erzielte Allgeier einenUmsatz von 379 Mio. Euro. Die Gesellschaft ist am regulierten Markt derFrankfurter Wertpapierb\u00f6rse im General Standard gelistet (WKN 508630\/ISINDE0005086300). Weitere Informationen unter: www.allgeier.com.31.08.2012 Die DGAP Distributionsservices umfassen gesetzliche Meldepflichten, Corporate News\/Finanznachrichten und Pressemitteilungen. DGAP-Medienarchive unter www.dgap-medientreff.de und www.dgap.de&#8212;&#8212;&#8212;&#8212;&#8212;&#8212;&#8212;&#8212;&#8212;&#8212;&#8212;&#8212;&#8212;&#8212;&#8212;&#8212;&#8212;&#8212;&#8212;&#8212;&#8212;&#8212;&#8212;&#8212;&#8212; Sprache:      DeutschUnternehmen:  ALLGEIER SE              Wehrlestra\u00dfe 12              81679 M\u00fcnchen              DeutschlandTelefon:      +49 (0) 89 &#8211; 99 84 21 0Fax:          +49 (0) 89 &#8211; 99 84 21 11E-Mail:       info@allgeier.comInternet:     http:\/\/www.allgeier.comISIN:         DE0005086300WKN:          508630Indizes:      CDAXB\u00f6rsen:       Regulierter Markt in Frankfurt (General Standard);              Freiverkehr in Berlin, D\u00fcsseldorf, Hamburg, Stuttgart Ende der Mitteilung                             DGAP News-Service &#8212;&#8212;&#8212;&#8212;&#8212;&#8212;&#8212;&#8212;&#8212;&#8212;&#8212;&#8212;&#8212;&#8212;&#8212;&#8212;&#8212;&#8212;&#8212;&#8212;&#8212;&#8212;&#8212;&#8212;&#8212;<\/p>\n","protected":false},"excerpt":{"rendered":"<p>M\u00fcnchen, 31.08.2012 &#8211; Die M\u00fcnchner Allgeier SE (ISIN DE0005086300, WKN 508630), eines der f\u00fchrenden Unternehmen der deutschen IT-Branche, konnte im ersten Halbjahr 2012 (01. Januar 2012 bis 30. Juni 2012) die Ums\u00e4tze weiter steigern und das bereits im ersten Halbjahr des Jahres 2011 gute EBITDA \u00fcbertreffen.<\/p>\n","protected":false},"author":4,"featured_media":0,"parent":1155,"menu_order":0,"comment_status":"close","ping_status":"closed","template":"","meta":{"_acf_changed":false,"footnotes":""},"categories":[],"tags":[],"class_list":["post-5556","page","type-page","status-publish","hentry"],"acf":[],"yoast_head":"<!-- This site is optimized with the Yoast SEO plugin v27.4 - https:\/\/yoast.com\/product\/yoast-seo-wordpress\/ -->\n<title>Allgeier SE: Allgeier w\u00e4chst im ersten Halbjahr 2012 weiter - Allgeier SE<\/title>\n<meta name=\"robots\" content=\"index, follow, max-snippet:-1, max-image-preview:large, max-video-preview:-1\" \/>\n<link rel=\"canonical\" href=\"https:\/\/www.allgeier.com\/de\/investor-relations\/adhoc-announcements\/allgeier-se-allgeier-waechst-im-ersten-halbjahr-2012-weiter\/\" \/>\n<meta property=\"og:locale\" content=\"de_DE\" \/>\n<meta property=\"og:type\" content=\"article\" \/>\n<meta property=\"og:title\" content=\"Allgeier SE: Allgeier w\u00e4chst im ersten Halbjahr 2012 weiter - Allgeier SE\" \/>\n<meta property=\"og:description\" content=\"M\u00fcnchen, 31.08.2012 - Die M\u00fcnchner Allgeier SE (ISIN DE0005086300, WKN 508630), eines der f\u00fchrenden Unternehmen der deutschen IT-Branche, konnte im ersten Halbjahr 2012 (01. Januar 2012 bis 30. Juni 2012) die Ums\u00e4tze weiter steigern und das bereits im ersten Halbjahr des Jahres 2011 gute EBITDA \u00fcbertreffen.\" \/>\n<meta property=\"og:url\" content=\"https:\/\/www.allgeier.com\/de\/investor-relations\/adhoc-announcements\/allgeier-se-allgeier-waechst-im-ersten-halbjahr-2012-weiter\/\" \/>\n<meta property=\"og:site_name\" content=\"Allgeier SE\" \/>\n<meta property=\"article:modified_time\" content=\"2023-01-22T17:10:06+00:00\" \/>\n<meta name=\"twitter:card\" content=\"summary_large_image\" \/>\n<meta name=\"twitter:label1\" content=\"Gesch\u00e4tzte Lesezeit\" \/>\n\t<meta name=\"twitter:data1\" content=\"4\u00a0Minuten\" \/>\n<script type=\"application\/ld+json\" class=\"yoast-schema-graph\">{\"@context\":\"https:\\\/\\\/schema.org\",\"@graph\":[{\"@type\":\"WebPage\",\"@id\":\"https:\\\/\\\/www.allgeier.com\\\/de\\\/investor-relations\\\/adhoc-announcements\\\/allgeier-se-allgeier-waechst-im-ersten-halbjahr-2012-weiter\\\/\",\"url\":\"https:\\\/\\\/www.allgeier.com\\\/de\\\/investor-relations\\\/adhoc-announcements\\\/allgeier-se-allgeier-waechst-im-ersten-halbjahr-2012-weiter\\\/\",\"name\":\"Allgeier SE: Allgeier w\u00e4chst im ersten Halbjahr 2012 weiter - Allgeier SE\",\"isPartOf\":{\"@id\":\"https:\\\/\\\/www.allgeier.com\\\/de\\\/#website\"},\"datePublished\":\"2012-08-31T08:16:30+00:00\",\"dateModified\":\"2023-01-22T17:10:06+00:00\",\"breadcrumb\":{\"@id\":\"https:\\\/\\\/www.allgeier.com\\\/de\\\/investor-relations\\\/adhoc-announcements\\\/allgeier-se-allgeier-waechst-im-ersten-halbjahr-2012-weiter\\\/#breadcrumb\"},\"inLanguage\":\"de\",\"potentialAction\":[{\"@type\":\"ReadAction\",\"target\":[\"https:\\\/\\\/www.allgeier.com\\\/de\\\/investor-relations\\\/adhoc-announcements\\\/allgeier-se-allgeier-waechst-im-ersten-halbjahr-2012-weiter\\\/\"]}]},{\"@type\":\"BreadcrumbList\",\"@id\":\"https:\\\/\\\/www.allgeier.com\\\/de\\\/investor-relations\\\/adhoc-announcements\\\/allgeier-se-allgeier-waechst-im-ersten-halbjahr-2012-weiter\\\/#breadcrumb\",\"itemListElement\":[{\"@type\":\"ListItem\",\"position\":1,\"name\":\"Home\",\"item\":\"https:\\\/\\\/www.allgeier.com\\\/de\\\/\"},{\"@type\":\"ListItem\",\"position\":2,\"name\":\"Investor Relations\",\"item\":\"https:\\\/\\\/www.allgeier.com\\\/de\\\/investor-relations\\\/\"},{\"@type\":\"ListItem\",\"position\":3,\"name\":\"Ad hoc-Mitteilungen\",\"item\":\"https:\\\/\\\/www.allgeier.com\\\/de\\\/investor-relations\\\/adhoc-announcements\\\/\"},{\"@type\":\"ListItem\",\"position\":4,\"name\":\"Allgeier SE: Allgeier w\u00e4chst im ersten Halbjahr 2012 weiter\"}]},{\"@type\":\"WebSite\",\"@id\":\"https:\\\/\\\/www.allgeier.com\\\/de\\\/#website\",\"url\":\"https:\\\/\\\/www.allgeier.com\\\/de\\\/\",\"name\":\"Allgeier SE\",\"description\":\"Software &amp; IT Services for digital transformation\",\"potentialAction\":[{\"@type\":\"SearchAction\",\"target\":{\"@type\":\"EntryPoint\",\"urlTemplate\":\"https:\\\/\\\/www.allgeier.com\\\/de\\\/?s={search_term_string}\"},\"query-input\":{\"@type\":\"PropertyValueSpecification\",\"valueRequired\":true,\"valueName\":\"search_term_string\"}}],\"inLanguage\":\"de\"}]}<\/script>\n<!-- \/ Yoast SEO plugin. -->","yoast_head_json":{"title":"Allgeier SE: Allgeier w\u00e4chst im ersten Halbjahr 2012 weiter - Allgeier SE","robots":{"index":"index","follow":"follow","max-snippet":"max-snippet:-1","max-image-preview":"max-image-preview:large","max-video-preview":"max-video-preview:-1"},"canonical":"https:\/\/www.allgeier.com\/de\/investor-relations\/adhoc-announcements\/allgeier-se-allgeier-waechst-im-ersten-halbjahr-2012-weiter\/","og_locale":"de_DE","og_type":"article","og_title":"Allgeier SE: Allgeier w\u00e4chst im ersten Halbjahr 2012 weiter - Allgeier SE","og_description":"M\u00fcnchen, 31.08.2012 - Die M\u00fcnchner Allgeier SE (ISIN DE0005086300, WKN 508630), eines der f\u00fchrenden Unternehmen der deutschen IT-Branche, konnte im ersten Halbjahr 2012 (01. Januar 2012 bis 30. Juni 2012) die Ums\u00e4tze weiter steigern und das bereits im ersten Halbjahr des Jahres 2011 gute EBITDA \u00fcbertreffen.","og_url":"https:\/\/www.allgeier.com\/de\/investor-relations\/adhoc-announcements\/allgeier-se-allgeier-waechst-im-ersten-halbjahr-2012-weiter\/","og_site_name":"Allgeier SE","article_modified_time":"2023-01-22T17:10:06+00:00","twitter_card":"summary_large_image","twitter_misc":{"Gesch\u00e4tzte Lesezeit":"4\u00a0Minuten"},"schema":{"@context":"https:\/\/schema.org","@graph":[{"@type":"WebPage","@id":"https:\/\/www.allgeier.com\/de\/investor-relations\/adhoc-announcements\/allgeier-se-allgeier-waechst-im-ersten-halbjahr-2012-weiter\/","url":"https:\/\/www.allgeier.com\/de\/investor-relations\/adhoc-announcements\/allgeier-se-allgeier-waechst-im-ersten-halbjahr-2012-weiter\/","name":"Allgeier SE: Allgeier w\u00e4chst im ersten Halbjahr 2012 weiter - Allgeier SE","isPartOf":{"@id":"https:\/\/www.allgeier.com\/de\/#website"},"datePublished":"2012-08-31T08:16:30+00:00","dateModified":"2023-01-22T17:10:06+00:00","breadcrumb":{"@id":"https:\/\/www.allgeier.com\/de\/investor-relations\/adhoc-announcements\/allgeier-se-allgeier-waechst-im-ersten-halbjahr-2012-weiter\/#breadcrumb"},"inLanguage":"de","potentialAction":[{"@type":"ReadAction","target":["https:\/\/www.allgeier.com\/de\/investor-relations\/adhoc-announcements\/allgeier-se-allgeier-waechst-im-ersten-halbjahr-2012-weiter\/"]}]},{"@type":"BreadcrumbList","@id":"https:\/\/www.allgeier.com\/de\/investor-relations\/adhoc-announcements\/allgeier-se-allgeier-waechst-im-ersten-halbjahr-2012-weiter\/#breadcrumb","itemListElement":[{"@type":"ListItem","position":1,"name":"Home","item":"https:\/\/www.allgeier.com\/de\/"},{"@type":"ListItem","position":2,"name":"Investor Relations","item":"https:\/\/www.allgeier.com\/de\/investor-relations\/"},{"@type":"ListItem","position":3,"name":"Ad hoc-Mitteilungen","item":"https:\/\/www.allgeier.com\/de\/investor-relations\/adhoc-announcements\/"},{"@type":"ListItem","position":4,"name":"Allgeier SE: Allgeier w\u00e4chst im ersten Halbjahr 2012 weiter"}]},{"@type":"WebSite","@id":"https:\/\/www.allgeier.com\/de\/#website","url":"https:\/\/www.allgeier.com\/de\/","name":"Allgeier SE","description":"Software &amp; IT Services for digital transformation","potentialAction":[{"@type":"SearchAction","target":{"@type":"EntryPoint","urlTemplate":"https:\/\/www.allgeier.com\/de\/?s={search_term_string}"},"query-input":{"@type":"PropertyValueSpecification","valueRequired":true,"valueName":"search_term_string"}}],"inLanguage":"de"}]}},"_links":{"self":[{"href":"https:\/\/www.allgeier.com\/de\/wp-json\/wp\/v2\/pages\/5556","targetHints":{"allow":["GET"]}}],"collection":[{"href":"https:\/\/www.allgeier.com\/de\/wp-json\/wp\/v2\/pages"}],"about":[{"href":"https:\/\/www.allgeier.com\/de\/wp-json\/wp\/v2\/types\/page"}],"author":[{"embeddable":true,"href":"https:\/\/www.allgeier.com\/de\/wp-json\/wp\/v2\/users\/4"}],"replies":[{"embeddable":true,"href":"https:\/\/www.allgeier.com\/de\/wp-json\/wp\/v2\/comments?post=5556"}],"version-history":[{"count":1,"href":"https:\/\/www.allgeier.com\/de\/wp-json\/wp\/v2\/pages\/5556\/revisions"}],"predecessor-version":[{"id":5557,"href":"https:\/\/www.allgeier.com\/de\/wp-json\/wp\/v2\/pages\/5556\/revisions\/5557"}],"up":[{"embeddable":true,"href":"https:\/\/www.allgeier.com\/de\/wp-json\/wp\/v2\/pages\/1155"}],"wp:attachment":[{"href":"https:\/\/www.allgeier.com\/de\/wp-json\/wp\/v2\/media?parent=5556"}],"wp:term":[{"taxonomy":"category","embeddable":true,"href":"https:\/\/www.allgeier.com\/de\/wp-json\/wp\/v2\/categories?post=5556"},{"taxonomy":"post_tag","embeddable":true,"href":"https:\/\/www.allgeier.com\/de\/wp-json\/wp\/v2\/tags?post=5556"}],"curies":[{"name":"wp","href":"https:\/\/api.w.org\/{rel}","templated":true}]}}