{"id":5566,"date":"2012-02-16T16:27:41","date_gmt":"2012-02-16T17:27:41","guid":{"rendered":"https:\/\/www.allgeier.com\/de\/?page_id=5566"},"modified":"2023-01-22T17:10:06","modified_gmt":"2023-01-22T17:10:06","slug":"allgeier-holding-ag-verzeichnet-weiteres-nachhaltiges-wachstum","status":"publish","type":"page","link":"https:\/\/www.allgeier.com\/de\/investor-relations\/adhoc-announcements\/allgeier-holding-ag-verzeichnet-weiteres-nachhaltiges-wachstum\/","title":{"rendered":"Allgeier Holding AG verzeichnet weiteres nachhaltiges Wachstum"},"content":{"rendered":"<p><b>ALLGEIER HOLDING AG  \/ Schlagwort(e): Vorl\u00e4ufiges Ergebnis\/Jahresergebnis<\/b>16.02.2012 18:27Ver\u00f6ffentlichung einer Ad-hoc-Mitteilung nach \u00a7 15 WpHG, \u00fcbermittelt durchdie DGAP &#8211; ein Unternehmen der EquityStory AG.F\u00fcr den Inhalt der Mitteilung ist der Emittent verantwortlich.&#8212;&#8212;&#8212;&#8212;&#8212;&#8212;&#8212;&#8212;&#8212;&#8212;&#8212;&#8212;&#8212;&#8212;&#8212;&#8212;&#8212;&#8212;&#8212;&#8212;&#8212;&#8212;&#8212;&#8212;&#8212;M\u00fcnchen, 16. Februar 2012 &#8211; Die in M\u00fcnchen ans\u00e4ssige Allgeier Holding AG(ISIN : DE0005086300, WKN: 508630), eines der f\u00fchrenden Unternehmen in derdeutschen IT-Branche, konnte gem\u00e4\u00df vorl\u00e4ufiger Zahlen auch im Gesch\u00e4ftsjahr2011 (1. Januar 2011 bis 31. Dezember 2011) ein signifikantes Wachstumerzielen. So wurde der Konzernumsatz nach IFRS um 70 Mio. EUR auf 379 Mio.EUR (Vj.: 309 Mio. EUR) gesteigert, was einem Wachstum von 23% entspricht.Auch das Konzernergebnis konnte deutlich gesteigert werden. Das operativeEBITDA (vor au\u00dferordentlichem Ergebnis) stieg um 34% auf 23,5 Mio. EUR(Vj.: 17,5 Mio. EUR).Das EBITDA (nach au\u00dferordentlichem Ergebnis) erh\u00f6hte sich ebenfallsdeutlich auf 22,0 Mio. EUR (Vj.: 18,1 Mio. EUR), was einer Steigerung umrund 22% entspricht. Das au\u00dferordentliche Ergebnis in H\u00f6he eines Aufwandsvon rd. 1,5 Mio. EUR setzt sich im Wesentlichen zusammen aus nichtcash-wirksamen W\u00e4hrungsverlusten (Buchverluste aus der Stichtagsumrechnungeines Earnout-Betrages in US-Dollar aus der Akquisition Nagarro) und ausder aufwandswirksamen Bilanzierung der Erh\u00f6hung des Earnout aus derAkquisition Terna in H\u00f6he von rd. 0,8 Mio. EUR aufgrund der weit\u00fcberplanm\u00e4\u00dfigen Performance der Gesellschaft. Dagegen konnte in Bezug aufden verbleibenden Earnout bei einer anderen Gesellschaft ein Restbetrag inH\u00f6he von rd. 1,1 Mio. EUR ergebniswirksam aufgel\u00f6st werden.Im EBITA (Ergebnis vor Zinsen, Steuern und Abschreibungen aufKaufpreis-Allokationen sowie der ergebniswirksamen Umbuchung von Earnouts)gem\u00e4\u00df IFRS erzielte der Allgeier Konzern einen Anstieg um 19% auf 18,6 Mio.EUR. (Vj.: 15,6 Mio. EUR).Das EBIT (Ergebnis vor Zinsen und Steuern) erreicht mit 11,7 Mio. EUR eineunterproportionale Steigerung um 6% (Vj.: 11,0 Mio. EUR). DieseErgebnisgr\u00f6\u00dfe ist wesentlich durch die Akquisitionst\u00e4tigkeit der Jahre 2010und 2011 beeinflusst. Die Akquisitionen f\u00fchrten bilanziell zu einem Anstiegder Regelabschreibungen auf Kaufpreis-Allokationen gem\u00e4\u00df IFRS (alsoAbschreibung der Auftragsbest\u00e4nde, Kundenst\u00e4mme , Produkte) von rd. 2,3Mio. EUR auf rd. 7,1 Mio. EUR (Vj.: 4,8 Mio. EUR).Nach den im vergangenen Gesch\u00e4ftsjahr get\u00e4tigten Akquisitionen der NagarroInc, der 1eEurope AG, der GEMED GmbH und der BSH IT Solutions stehen demAllgeier Konzern liquide Mittel von rd. 32 Mio. EUR (Vj.: 61 Mio. EUR) f\u00fcrdie weitere Wachstumsfinanzierung und f\u00fcr Akquisitionen zur Verf\u00fcgung. Diekurz- und langfristigen Finanzschulden (inkl.Genussrechtsverbindlichkeiten) sanken auf 41 Mio. (Vj.: 45,5 Mio. EUR).Das Eigenkapital blieb mit rd. 86 Mio. EUR zum 31.12.2011 stabil (Vj.: 85,5Mio. EUR).Die Bilanzsumme erh\u00f6hte sich aufgrund der get\u00e4tigten Akquisitionen auf rd.240 Mio. EUR (Vj.: 204,1 Mio. EUR).Der Vorstand der  Allgeier Holding AG ist vor dem Hintergrund der heutigenRahmenbedingungen zuversichtlich, auch im laufenden Gesch\u00e4ftsjahr einweiteres, nachhaltiges Wachstum in Umsatz und Ertrag generieren zu k\u00f6nnen.Alle genannten IFRS-Zahlen sind vorl\u00e4ufig und vom Abschlusspr\u00fcfer nochnicht gepr\u00fcft.Kontakt:Allgeier Holding AGHermann Graf CastellWehrlestr. 1281679 M\u00fcnchenTel.: +49 (0)89\/998421-0Fax: +49 (0)89\/998421-11eMail: ir@allgeier-holding.de Web: www.allgeier.comDie Allgeier Holding AG mit Sitz in M\u00fcnchen ist eine der f\u00fchrendenBeratungs- und Service-Gesellschaften im deutschsprachigen Raum. Allgeierbietet in den drei Gesch\u00e4ftsbereichen IT Solutions, IT Services &amp;Recruiting und Project Solutions einen Full-Service-Ansatz, von derKonzeption \u00fcber die Umsetzung bis hin zum Betrieb von IT Landschaften. DieAllgeier Gruppe umfasst 14 operative Tochtergesellschaften mit \u00fcber 2.450angestellten Mitarbeitern sowie \u00fcber 1.450 freiberuflichen Experten undbetreut ca. 2.000 Kunden aus nahezu allen Bereichen der Wirtschaft. InDeutschland verf\u00fcgt die Gruppe \u00fcber 52 Niederlassungen und 25 weitere inBelgien, Frankreich, Niederlande, \u00d6sterreich, Rum\u00e4nien, Schweden, derSchweiz und Tschechien sowie in Indien, Mexiko und den USA.Die Gesellschaft ist am regulierten Markt der Frankfurter Wertpapierb\u00f6rseim General Standard gelistet.16.02.2012 Die DGAP Distributionsservices umfassen gesetzliche Meldepflichten, Corporate News\/Finanznachrichten und Pressemitteilungen. DGAP-Medienarchive unter www.dgap-medientreff.de und www.dgap.de&#8212;&#8212;&#8212;&#8212;&#8212;&#8212;&#8212;&#8212;&#8212;&#8212;&#8212;&#8212;&#8212;&#8212;&#8212;&#8212;&#8212;&#8212;&#8212;&#8212;&#8212;&#8212;&#8212;&#8212;&#8212; Sprache:      DeutschUnternehmen:  ALLGEIER HOLDING AG              Wehrlestra\u00dfe 12              81679 M\u00fcnchen              DeutschlandTelefon:      +49 (0) 89 &#8211; 99 84 21 0Fax:          +49 (0) 89 &#8211; 99 84 21 11E-Mail:       info@allgeier.comInternet:     http:\/\/www.allgeier.comISIN:         DE0005086300WKN:          508630Indizes:      CDAXB\u00f6rsen:       Regulierter Markt in Frankfurt (General Standard);              Freiverkehr in Berlin, D\u00fcsseldorf, Hamburg, Stuttgart Ende der Mitteilung                             DGAP News-Service &#8212;&#8212;&#8212;&#8212;&#8212;&#8212;&#8212;&#8212;&#8212;&#8212;&#8212;&#8212;&#8212;&#8212;&#8212;&#8212;&#8212;&#8212;&#8212;&#8212;&#8212;&#8212;&#8212;&#8212;&#8212;<\/p>\n","protected":false},"excerpt":{"rendered":"<p>M\u00fcnchen, 16. Februar 2012 &#8211; Die in M\u00fcnchen ans\u00e4ssige Allgeier Holding AG (ISIN : DE0005086300, WKN: 508630), eines der f\u00fchrenden Unternehmen in der deutschen IT-Branche, konnte gem\u00e4\u00df vorl\u00e4ufiger Zahlen auch im Gesch\u00e4ftsjahr 2011 (1. Januar 2011 bis 31. Dezember 2011) ein signifikantes Wachstum erzielen.<\/p>\n","protected":false},"author":4,"featured_media":0,"parent":1155,"menu_order":0,"comment_status":"close","ping_status":"closed","template":"","meta":{"_acf_changed":false,"footnotes":""},"categories":[],"tags":[],"class_list":["post-5566","page","type-page","status-publish","hentry"],"acf":[],"yoast_head":"<!-- This site is optimized with the Yoast SEO plugin v27.4 - https:\/\/yoast.com\/product\/yoast-seo-wordpress\/ -->\n<title>Allgeier Holding AG verzeichnet weiteres nachhaltiges Wachstum - Allgeier SE<\/title>\n<meta name=\"robots\" content=\"index, follow, max-snippet:-1, max-image-preview:large, max-video-preview:-1\" \/>\n<link rel=\"canonical\" href=\"https:\/\/www.allgeier.com\/de\/investor-relations\/adhoc-announcements\/allgeier-holding-ag-verzeichnet-weiteres-nachhaltiges-wachstum\/\" \/>\n<meta property=\"og:locale\" content=\"de_DE\" \/>\n<meta property=\"og:type\" content=\"article\" \/>\n<meta property=\"og:title\" content=\"Allgeier Holding AG verzeichnet weiteres nachhaltiges Wachstum - Allgeier SE\" \/>\n<meta property=\"og:description\" content=\"M\u00fcnchen, 16. Februar 2012 - Die in M\u00fcnchen ans\u00e4ssige Allgeier Holding AG (ISIN : DE0005086300, WKN: 508630), eines der f\u00fchrenden Unternehmen in der deutschen IT-Branche, konnte gem\u00e4\u00df vorl\u00e4ufiger Zahlen auch im Gesch\u00e4ftsjahr 2011 (1. Januar 2011 bis 31. Dezember 2011) ein signifikantes Wachstum erzielen.\" \/>\n<meta property=\"og:url\" content=\"https:\/\/www.allgeier.com\/de\/investor-relations\/adhoc-announcements\/allgeier-holding-ag-verzeichnet-weiteres-nachhaltiges-wachstum\/\" \/>\n<meta property=\"og:site_name\" content=\"Allgeier SE\" \/>\n<meta property=\"article:modified_time\" content=\"2023-01-22T17:10:06+00:00\" \/>\n<meta name=\"twitter:card\" content=\"summary_large_image\" \/>\n<meta name=\"twitter:label1\" content=\"Gesch\u00e4tzte Lesezeit\" \/>\n\t<meta name=\"twitter:data1\" content=\"3\u00a0Minuten\" \/>\n<script type=\"application\/ld+json\" class=\"yoast-schema-graph\">{\"@context\":\"https:\\\/\\\/schema.org\",\"@graph\":[{\"@type\":\"WebPage\",\"@id\":\"https:\\\/\\\/www.allgeier.com\\\/de\\\/investor-relations\\\/adhoc-announcements\\\/allgeier-holding-ag-verzeichnet-weiteres-nachhaltiges-wachstum\\\/\",\"url\":\"https:\\\/\\\/www.allgeier.com\\\/de\\\/investor-relations\\\/adhoc-announcements\\\/allgeier-holding-ag-verzeichnet-weiteres-nachhaltiges-wachstum\\\/\",\"name\":\"Allgeier Holding AG verzeichnet weiteres nachhaltiges Wachstum - Allgeier SE\",\"isPartOf\":{\"@id\":\"https:\\\/\\\/www.allgeier.com\\\/de\\\/#website\"},\"datePublished\":\"2012-02-16T17:27:41+00:00\",\"dateModified\":\"2023-01-22T17:10:06+00:00\",\"breadcrumb\":{\"@id\":\"https:\\\/\\\/www.allgeier.com\\\/de\\\/investor-relations\\\/adhoc-announcements\\\/allgeier-holding-ag-verzeichnet-weiteres-nachhaltiges-wachstum\\\/#breadcrumb\"},\"inLanguage\":\"de\",\"potentialAction\":[{\"@type\":\"ReadAction\",\"target\":[\"https:\\\/\\\/www.allgeier.com\\\/de\\\/investor-relations\\\/adhoc-announcements\\\/allgeier-holding-ag-verzeichnet-weiteres-nachhaltiges-wachstum\\\/\"]}]},{\"@type\":\"BreadcrumbList\",\"@id\":\"https:\\\/\\\/www.allgeier.com\\\/de\\\/investor-relations\\\/adhoc-announcements\\\/allgeier-holding-ag-verzeichnet-weiteres-nachhaltiges-wachstum\\\/#breadcrumb\",\"itemListElement\":[{\"@type\":\"ListItem\",\"position\":1,\"name\":\"Home\",\"item\":\"https:\\\/\\\/www.allgeier.com\\\/de\\\/\"},{\"@type\":\"ListItem\",\"position\":2,\"name\":\"Investor Relations\",\"item\":\"https:\\\/\\\/www.allgeier.com\\\/de\\\/investor-relations\\\/\"},{\"@type\":\"ListItem\",\"position\":3,\"name\":\"Ad hoc-Mitteilungen\",\"item\":\"https:\\\/\\\/www.allgeier.com\\\/de\\\/investor-relations\\\/adhoc-announcements\\\/\"},{\"@type\":\"ListItem\",\"position\":4,\"name\":\"Allgeier Holding AG verzeichnet weiteres nachhaltiges Wachstum\"}]},{\"@type\":\"WebSite\",\"@id\":\"https:\\\/\\\/www.allgeier.com\\\/de\\\/#website\",\"url\":\"https:\\\/\\\/www.allgeier.com\\\/de\\\/\",\"name\":\"Allgeier SE\",\"description\":\"Software &amp; IT Services for digital transformation\",\"potentialAction\":[{\"@type\":\"SearchAction\",\"target\":{\"@type\":\"EntryPoint\",\"urlTemplate\":\"https:\\\/\\\/www.allgeier.com\\\/de\\\/?s={search_term_string}\"},\"query-input\":{\"@type\":\"PropertyValueSpecification\",\"valueRequired\":true,\"valueName\":\"search_term_string\"}}],\"inLanguage\":\"de\"}]}<\/script>\n<!-- \/ Yoast SEO plugin. -->","yoast_head_json":{"title":"Allgeier Holding AG verzeichnet weiteres nachhaltiges Wachstum - Allgeier SE","robots":{"index":"index","follow":"follow","max-snippet":"max-snippet:-1","max-image-preview":"max-image-preview:large","max-video-preview":"max-video-preview:-1"},"canonical":"https:\/\/www.allgeier.com\/de\/investor-relations\/adhoc-announcements\/allgeier-holding-ag-verzeichnet-weiteres-nachhaltiges-wachstum\/","og_locale":"de_DE","og_type":"article","og_title":"Allgeier Holding AG verzeichnet weiteres nachhaltiges Wachstum - Allgeier SE","og_description":"M\u00fcnchen, 16. Februar 2012 - Die in M\u00fcnchen ans\u00e4ssige Allgeier Holding AG (ISIN : DE0005086300, WKN: 508630), eines der f\u00fchrenden Unternehmen in der deutschen IT-Branche, konnte gem\u00e4\u00df vorl\u00e4ufiger Zahlen auch im Gesch\u00e4ftsjahr 2011 (1. Januar 2011 bis 31. Dezember 2011) ein signifikantes Wachstum erzielen.","og_url":"https:\/\/www.allgeier.com\/de\/investor-relations\/adhoc-announcements\/allgeier-holding-ag-verzeichnet-weiteres-nachhaltiges-wachstum\/","og_site_name":"Allgeier SE","article_modified_time":"2023-01-22T17:10:06+00:00","twitter_card":"summary_large_image","twitter_misc":{"Gesch\u00e4tzte Lesezeit":"3\u00a0Minuten"},"schema":{"@context":"https:\/\/schema.org","@graph":[{"@type":"WebPage","@id":"https:\/\/www.allgeier.com\/de\/investor-relations\/adhoc-announcements\/allgeier-holding-ag-verzeichnet-weiteres-nachhaltiges-wachstum\/","url":"https:\/\/www.allgeier.com\/de\/investor-relations\/adhoc-announcements\/allgeier-holding-ag-verzeichnet-weiteres-nachhaltiges-wachstum\/","name":"Allgeier Holding AG verzeichnet weiteres nachhaltiges Wachstum - Allgeier SE","isPartOf":{"@id":"https:\/\/www.allgeier.com\/de\/#website"},"datePublished":"2012-02-16T17:27:41+00:00","dateModified":"2023-01-22T17:10:06+00:00","breadcrumb":{"@id":"https:\/\/www.allgeier.com\/de\/investor-relations\/adhoc-announcements\/allgeier-holding-ag-verzeichnet-weiteres-nachhaltiges-wachstum\/#breadcrumb"},"inLanguage":"de","potentialAction":[{"@type":"ReadAction","target":["https:\/\/www.allgeier.com\/de\/investor-relations\/adhoc-announcements\/allgeier-holding-ag-verzeichnet-weiteres-nachhaltiges-wachstum\/"]}]},{"@type":"BreadcrumbList","@id":"https:\/\/www.allgeier.com\/de\/investor-relations\/adhoc-announcements\/allgeier-holding-ag-verzeichnet-weiteres-nachhaltiges-wachstum\/#breadcrumb","itemListElement":[{"@type":"ListItem","position":1,"name":"Home","item":"https:\/\/www.allgeier.com\/de\/"},{"@type":"ListItem","position":2,"name":"Investor Relations","item":"https:\/\/www.allgeier.com\/de\/investor-relations\/"},{"@type":"ListItem","position":3,"name":"Ad hoc-Mitteilungen","item":"https:\/\/www.allgeier.com\/de\/investor-relations\/adhoc-announcements\/"},{"@type":"ListItem","position":4,"name":"Allgeier Holding AG verzeichnet weiteres nachhaltiges Wachstum"}]},{"@type":"WebSite","@id":"https:\/\/www.allgeier.com\/de\/#website","url":"https:\/\/www.allgeier.com\/de\/","name":"Allgeier SE","description":"Software &amp; IT Services for digital transformation","potentialAction":[{"@type":"SearchAction","target":{"@type":"EntryPoint","urlTemplate":"https:\/\/www.allgeier.com\/de\/?s={search_term_string}"},"query-input":{"@type":"PropertyValueSpecification","valueRequired":true,"valueName":"search_term_string"}}],"inLanguage":"de"}]}},"_links":{"self":[{"href":"https:\/\/www.allgeier.com\/de\/wp-json\/wp\/v2\/pages\/5566","targetHints":{"allow":["GET"]}}],"collection":[{"href":"https:\/\/www.allgeier.com\/de\/wp-json\/wp\/v2\/pages"}],"about":[{"href":"https:\/\/www.allgeier.com\/de\/wp-json\/wp\/v2\/types\/page"}],"author":[{"embeddable":true,"href":"https:\/\/www.allgeier.com\/de\/wp-json\/wp\/v2\/users\/4"}],"replies":[{"embeddable":true,"href":"https:\/\/www.allgeier.com\/de\/wp-json\/wp\/v2\/comments?post=5566"}],"version-history":[{"count":1,"href":"https:\/\/www.allgeier.com\/de\/wp-json\/wp\/v2\/pages\/5566\/revisions"}],"predecessor-version":[{"id":5567,"href":"https:\/\/www.allgeier.com\/de\/wp-json\/wp\/v2\/pages\/5566\/revisions\/5567"}],"up":[{"embeddable":true,"href":"https:\/\/www.allgeier.com\/de\/wp-json\/wp\/v2\/pages\/1155"}],"wp:attachment":[{"href":"https:\/\/www.allgeier.com\/de\/wp-json\/wp\/v2\/media?parent=5566"}],"wp:term":[{"taxonomy":"category","embeddable":true,"href":"https:\/\/www.allgeier.com\/de\/wp-json\/wp\/v2\/categories?post=5566"},{"taxonomy":"post_tag","embeddable":true,"href":"https:\/\/www.allgeier.com\/de\/wp-json\/wp\/v2\/tags?post=5566"}],"curies":[{"name":"wp","href":"https:\/\/api.w.org\/{rel}","templated":true}]}}