{"id":5568,"date":"2011-11-10T15:01:30","date_gmt":"2011-11-10T16:01:30","guid":{"rendered":"https:\/\/www.allgeier.com\/de\/?page_id=5568"},"modified":"2023-01-22T17:10:06","modified_gmt":"2023-01-22T17:10:06","slug":"allgeier-holding-ag-legt-erneut-in-umsatz-und-ergebnis-zu","status":"publish","type":"page","link":"https:\/\/www.allgeier.com\/de\/investor-relations\/adhoc-announcements\/allgeier-holding-ag-legt-erneut-in-umsatz-und-ergebnis-zu\/","title":{"rendered":"Allgeier Holding AG legt erneut in Umsatz und Ergebnis zu"},"content":{"rendered":"<p><b>ALLGEIER HOLDING AG  \/ Schlagwort(e): Quartalsergebnis<\/b>10.11.2011 17:01Ver\u00f6ffentlichung einer Ad-hoc-Mitteilung nach \u00a7 15 WpHG, \u00fcbermittelt durchdie DGAP &#8211; ein Unternehmen der EquityStory AG.F\u00fcr den Inhalt der Mitteilung ist der Emittent verantwortlich.&#8212;&#8212;&#8212;&#8212;&#8212;&#8212;&#8212;&#8212;&#8212;&#8212;&#8212;&#8212;&#8212;&#8212;&#8212;&#8212;&#8212;&#8212;&#8212;&#8212;&#8212;&#8212;&#8212;&#8212;&#8212;M\u00fcnchen, 10. November 2011 &#8211; Die Allgeier Holding AG (ISIN DE000508630 \/WKN 508630) konnte in den ersten neun Monaten des laufenden Gesch\u00e4ftsjahres2011 (01.01.2011 &#8211; 30.09.2011) den Umsatz wie auch das Ergebnis im Konzernnach IFRS erneut deutlich steigern.Der Umsatz stieg in den ersten neun Monaten um 24% auf 265,7 Mio. EUR(Vorjahr: 215,1 Mio. EUR). Das EBITA (Ergebnis vor Abschreibungen aufKaufpreis-Allokationen, Kaufpreisanpassungen, Zinsen und Steuern) wuchs um30% auf 12,0 Mio. EUR (Vorjahr: 9,2 Mio. EUR). Das EBIT (Ergebnis vorZinsen und Steuern) stieg im Berichtszeitraum um 38% auf 8,7 Mio. EUR(Vorjahr: 6,3 Mio. EUR). Das Ergebnis wurde im Berichtszeitraum von einemeinmaligen Reorganisationsaufwand bei einer Gruppengesellschaft in H\u00f6he von0,8 Mio. EUR belastet.Im dritten Quartal 2011 (01.07.2011 &#8211; 30.09.2011) erzielte Allgeier einenUmsatz von 94,6 Mio. EUR (Q3 2010: 81,3 Mio. EUR), was einem Anstieg von16% entspricht. Das EBITA betrug im dritten Quartal 2011 4,5 Mio. EUR (Q32010: 5,0 Mio. EUR), das EBIT lag im Berichtsquartal bei 3,5 Mio. EUR (Q32010: 3,6 Mio. EUR).Das EBITA im dritten Quartal war durch au\u00dferordentliche Effekte ausW\u00e4hrungsdifferenzen im Zusammenhang mit der Bilanzierung vonEarnout-Verpflichtungen in H\u00f6he von 0,6 Mio. EUR und durch nach IFRS nichtaktivierte Anschaffungsnebenkosten im Zuge der Akquisition der Nagarro inH\u00f6he von 0,4 Mio. EUR belastet. Bereinigt um diese Positionen ergibt sichein operatives EBITA von 5,5 Mio. EUR und damit ein Plus von 10% zumVorjahresquartal.Das EBIT war dar\u00fcber hinaus durch die im dritten Quartal 2011 get\u00e4tigtenAkquisitionen beeinflusst, deren Abschreibungen auf aktivierte immaterielleVerm\u00f6genswerte auf 1,9 Mio. EUR (Q3 2010: 1,3 Mio. EUR) stiegen. Zudementstand ein au\u00dferordentlicher Ertrag von 1,0 Mio. EUR aufgrund vonKaufpreisanpassungen von im Gesch\u00e4ftsjahr 2010 erworbenen Unternehmen.Bereinigt um diese Effekte liegt das EBIT bei 4,1 Mio. EUR, was einerSteigerung von 14% zum Vorjahresquartal entspricht.Die Bilanzsumme des Allgeier Konzerns stieg von 204,1 Mio. EUR am 31.Dezember 2010 um 34,5 Mio. EUR auf 238,6 Mio. EUR am 30. September 2011.Das Eigenkapital wuchs von 85,5 Mio. EUR am 31. Dezember 2010 auf 86,9 Mio.EUR am 30. September 2011. Die Eigenkapitalquote betr\u00e4gt zumBerichtsstichtag 36,4% (Eigenkapitalquote am 31.12.2010: 41,9%).Die Zwischenmitteilung zum 30. September 2011 ist unter www.allgeier.comeinzusehen.Kontakt: Allgeier Holding AGWehrlestr. 1281679 M\u00fcnchenTel.: +49 (0)89\/998421-0Fax: +49 (0)89\/998421-11eMail: ir@allgeier-holding.de Web: www.allgeier.comDie Allgeier Holding AG mit Sitz in M\u00fcnchen ist eine der f\u00fchrendenBeratungs- und Service-Gesellschaften im deutschsprachigen Raum. Allgeierbietet in den drei Gesch\u00e4ftsbereichen IT Solutions, IT Services &amp;Recruiting und Project Solutions einen Full-Service-Ansatz, von derKonzeption \u00fcber die Umsetzung bis hin zum Betrieb von IT Landschaften. DieAllgeier Gruppe umfasst 16 operative Tochtergesellschaften mit \u00fcber 2.200angestellten Mitarbeitern sowie \u00fcber 1.400 freiberuflichen Experten undbetreut ca. 3.000 Kunden aus nahezu allen Bereichen der Wirtschaft. InDeutschland verf\u00fcgt die Gruppe \u00fcber 52 Niederlassungen und 25 weitere inBelgien, Frankreich, Niederlande, \u00d6sterreich, Rum\u00e4nien, Schweden, derSchweiz und Tschechien sowie in Indien, Mexiko und den USA. Allgeiererzielte im Gesch\u00e4ftsjahr 2010 einen Umsatz von 308,7 Mio. Euro. Damit istAllgeier laut der L\u00fcnendonk Marktsegmentstudie 2010 Nummer 2 bei denmittelst\u00e4ndischen IT Serviceunternehmen und Nummer 2 bei den ITRecruiting-Unternehmen in Deutschland. Die Gesellschaft ist am reguliertenMarkt der Frankfurter Wertpapierb\u00f6rse im General Standard gelistet.10.11.2011 Die DGAP Distributionsservices umfassen gesetzliche Meldepflichten, Corporate News\/Finanznachrichten und Pressemitteilungen. DGAP-Medienarchive unter www.dgap-medientreff.de und www.dgap.de&#8212;&#8212;&#8212;&#8212;&#8212;&#8212;&#8212;&#8212;&#8212;&#8212;&#8212;&#8212;&#8212;&#8212;&#8212;&#8212;&#8212;&#8212;&#8212;&#8212;&#8212;&#8212;&#8212;&#8212;&#8212; Sprache:      DeutschUnternehmen:  ALLGEIER HOLDING AG              Wehrlestra\u00dfe 12              81679 M\u00fcnchen              DeutschlandTelefon:      +49 (0) 89 &#8211; 99 84 21 0Fax:          +49 (0) 89 &#8211; 99 84 21 11E-Mail:       info@allgeier.comInternet:     http:\/\/www.allgeier.comISIN:         DE0005086300WKN:          508630Indizes:      CDAXB\u00f6rsen:       Regulierter Markt in Frankfurt (General Standard);              Freiverkehr in Berlin, D\u00fcsseldorf, Hamburg, Stuttgart Ende der Mitteilung                             DGAP News-Service &#8212;&#8212;&#8212;&#8212;&#8212;&#8212;&#8212;&#8212;&#8212;&#8212;&#8212;&#8212;&#8212;&#8212;&#8212;&#8212;&#8212;&#8212;&#8212;&#8212;&#8212;&#8212;&#8212;&#8212;&#8212;<\/p>\n","protected":false},"excerpt":{"rendered":"<p>M\u00fcnchen, 10. November 2011 &#8211; Die Allgeier Holding AG (ISIN DE000508630 \/ WKN 508630) konnte in den ersten neun Monaten des laufenden Gesch\u00e4ftsjahres 2011 (01.01.2011 &#8211; 30.09.2011) den Umsatz wie auch das Ergebnis im Konzern nach IFRS erneut deutlich steigern. Der Umsatz stieg in den ersten neun Monaten<\/p>\n","protected":false},"author":4,"featured_media":0,"parent":1155,"menu_order":0,"comment_status":"close","ping_status":"closed","template":"","meta":{"_acf_changed":false,"footnotes":""},"categories":[],"tags":[],"class_list":["post-5568","page","type-page","status-publish","hentry"],"acf":[],"yoast_head":"<!-- This site is optimized with the Yoast SEO plugin v27.4 - https:\/\/yoast.com\/product\/yoast-seo-wordpress\/ -->\n<title>Allgeier Holding AG legt erneut in Umsatz und Ergebnis zu - Allgeier SE<\/title>\n<meta name=\"robots\" content=\"index, follow, max-snippet:-1, max-image-preview:large, max-video-preview:-1\" \/>\n<link rel=\"canonical\" href=\"https:\/\/www.allgeier.com\/de\/investor-relations\/adhoc-announcements\/allgeier-holding-ag-legt-erneut-in-umsatz-und-ergebnis-zu\/\" \/>\n<meta property=\"og:locale\" content=\"de_DE\" \/>\n<meta property=\"og:type\" content=\"article\" \/>\n<meta property=\"og:title\" content=\"Allgeier Holding AG legt erneut in Umsatz und Ergebnis zu - Allgeier SE\" \/>\n<meta property=\"og:description\" content=\"M\u00fcnchen, 10. November 2011 - Die Allgeier Holding AG (ISIN DE000508630 \/ WKN 508630) konnte in den ersten neun Monaten des laufenden Gesch\u00e4ftsjahres 2011 (01.01.2011 - 30.09.2011) den Umsatz wie auch das Ergebnis im Konzern nach IFRS erneut deutlich steigern. Der Umsatz stieg in den ersten neun Monaten\" \/>\n<meta property=\"og:url\" content=\"https:\/\/www.allgeier.com\/de\/investor-relations\/adhoc-announcements\/allgeier-holding-ag-legt-erneut-in-umsatz-und-ergebnis-zu\/\" \/>\n<meta property=\"og:site_name\" content=\"Allgeier SE\" \/>\n<meta property=\"article:modified_time\" content=\"2023-01-22T17:10:06+00:00\" \/>\n<meta name=\"twitter:card\" content=\"summary_large_image\" \/>\n<meta name=\"twitter:label1\" content=\"Gesch\u00e4tzte Lesezeit\" \/>\n\t<meta name=\"twitter:data1\" content=\"3\u00a0Minuten\" \/>\n<script type=\"application\/ld+json\" class=\"yoast-schema-graph\">{\"@context\":\"https:\\\/\\\/schema.org\",\"@graph\":[{\"@type\":\"WebPage\",\"@id\":\"https:\\\/\\\/www.allgeier.com\\\/de\\\/investor-relations\\\/adhoc-announcements\\\/allgeier-holding-ag-legt-erneut-in-umsatz-und-ergebnis-zu\\\/\",\"url\":\"https:\\\/\\\/www.allgeier.com\\\/de\\\/investor-relations\\\/adhoc-announcements\\\/allgeier-holding-ag-legt-erneut-in-umsatz-und-ergebnis-zu\\\/\",\"name\":\"Allgeier Holding AG legt erneut in Umsatz und Ergebnis zu - Allgeier SE\",\"isPartOf\":{\"@id\":\"https:\\\/\\\/www.allgeier.com\\\/de\\\/#website\"},\"datePublished\":\"2011-11-10T16:01:30+00:00\",\"dateModified\":\"2023-01-22T17:10:06+00:00\",\"breadcrumb\":{\"@id\":\"https:\\\/\\\/www.allgeier.com\\\/de\\\/investor-relations\\\/adhoc-announcements\\\/allgeier-holding-ag-legt-erneut-in-umsatz-und-ergebnis-zu\\\/#breadcrumb\"},\"inLanguage\":\"de\",\"potentialAction\":[{\"@type\":\"ReadAction\",\"target\":[\"https:\\\/\\\/www.allgeier.com\\\/de\\\/investor-relations\\\/adhoc-announcements\\\/allgeier-holding-ag-legt-erneut-in-umsatz-und-ergebnis-zu\\\/\"]}]},{\"@type\":\"BreadcrumbList\",\"@id\":\"https:\\\/\\\/www.allgeier.com\\\/de\\\/investor-relations\\\/adhoc-announcements\\\/allgeier-holding-ag-legt-erneut-in-umsatz-und-ergebnis-zu\\\/#breadcrumb\",\"itemListElement\":[{\"@type\":\"ListItem\",\"position\":1,\"name\":\"Home\",\"item\":\"https:\\\/\\\/www.allgeier.com\\\/de\\\/\"},{\"@type\":\"ListItem\",\"position\":2,\"name\":\"Investor Relations\",\"item\":\"https:\\\/\\\/www.allgeier.com\\\/de\\\/investor-relations\\\/\"},{\"@type\":\"ListItem\",\"position\":3,\"name\":\"Ad hoc-Mitteilungen\",\"item\":\"https:\\\/\\\/www.allgeier.com\\\/de\\\/investor-relations\\\/adhoc-announcements\\\/\"},{\"@type\":\"ListItem\",\"position\":4,\"name\":\"Allgeier Holding AG legt erneut in Umsatz und Ergebnis zu\"}]},{\"@type\":\"WebSite\",\"@id\":\"https:\\\/\\\/www.allgeier.com\\\/de\\\/#website\",\"url\":\"https:\\\/\\\/www.allgeier.com\\\/de\\\/\",\"name\":\"Allgeier SE\",\"description\":\"Software &amp; IT Services for digital transformation\",\"potentialAction\":[{\"@type\":\"SearchAction\",\"target\":{\"@type\":\"EntryPoint\",\"urlTemplate\":\"https:\\\/\\\/www.allgeier.com\\\/de\\\/?s={search_term_string}\"},\"query-input\":{\"@type\":\"PropertyValueSpecification\",\"valueRequired\":true,\"valueName\":\"search_term_string\"}}],\"inLanguage\":\"de\"}]}<\/script>\n<!-- \/ Yoast SEO plugin. -->","yoast_head_json":{"title":"Allgeier Holding AG legt erneut in Umsatz und Ergebnis zu - Allgeier SE","robots":{"index":"index","follow":"follow","max-snippet":"max-snippet:-1","max-image-preview":"max-image-preview:large","max-video-preview":"max-video-preview:-1"},"canonical":"https:\/\/www.allgeier.com\/de\/investor-relations\/adhoc-announcements\/allgeier-holding-ag-legt-erneut-in-umsatz-und-ergebnis-zu\/","og_locale":"de_DE","og_type":"article","og_title":"Allgeier Holding AG legt erneut in Umsatz und Ergebnis zu - Allgeier SE","og_description":"M\u00fcnchen, 10. November 2011 - Die Allgeier Holding AG (ISIN DE000508630 \/ WKN 508630) konnte in den ersten neun Monaten des laufenden Gesch\u00e4ftsjahres 2011 (01.01.2011 - 30.09.2011) den Umsatz wie auch das Ergebnis im Konzern nach IFRS erneut deutlich steigern. Der Umsatz stieg in den ersten neun Monaten","og_url":"https:\/\/www.allgeier.com\/de\/investor-relations\/adhoc-announcements\/allgeier-holding-ag-legt-erneut-in-umsatz-und-ergebnis-zu\/","og_site_name":"Allgeier SE","article_modified_time":"2023-01-22T17:10:06+00:00","twitter_card":"summary_large_image","twitter_misc":{"Gesch\u00e4tzte Lesezeit":"3\u00a0Minuten"},"schema":{"@context":"https:\/\/schema.org","@graph":[{"@type":"WebPage","@id":"https:\/\/www.allgeier.com\/de\/investor-relations\/adhoc-announcements\/allgeier-holding-ag-legt-erneut-in-umsatz-und-ergebnis-zu\/","url":"https:\/\/www.allgeier.com\/de\/investor-relations\/adhoc-announcements\/allgeier-holding-ag-legt-erneut-in-umsatz-und-ergebnis-zu\/","name":"Allgeier Holding AG legt erneut in Umsatz und Ergebnis zu - Allgeier SE","isPartOf":{"@id":"https:\/\/www.allgeier.com\/de\/#website"},"datePublished":"2011-11-10T16:01:30+00:00","dateModified":"2023-01-22T17:10:06+00:00","breadcrumb":{"@id":"https:\/\/www.allgeier.com\/de\/investor-relations\/adhoc-announcements\/allgeier-holding-ag-legt-erneut-in-umsatz-und-ergebnis-zu\/#breadcrumb"},"inLanguage":"de","potentialAction":[{"@type":"ReadAction","target":["https:\/\/www.allgeier.com\/de\/investor-relations\/adhoc-announcements\/allgeier-holding-ag-legt-erneut-in-umsatz-und-ergebnis-zu\/"]}]},{"@type":"BreadcrumbList","@id":"https:\/\/www.allgeier.com\/de\/investor-relations\/adhoc-announcements\/allgeier-holding-ag-legt-erneut-in-umsatz-und-ergebnis-zu\/#breadcrumb","itemListElement":[{"@type":"ListItem","position":1,"name":"Home","item":"https:\/\/www.allgeier.com\/de\/"},{"@type":"ListItem","position":2,"name":"Investor Relations","item":"https:\/\/www.allgeier.com\/de\/investor-relations\/"},{"@type":"ListItem","position":3,"name":"Ad hoc-Mitteilungen","item":"https:\/\/www.allgeier.com\/de\/investor-relations\/adhoc-announcements\/"},{"@type":"ListItem","position":4,"name":"Allgeier Holding AG legt erneut in Umsatz und Ergebnis zu"}]},{"@type":"WebSite","@id":"https:\/\/www.allgeier.com\/de\/#website","url":"https:\/\/www.allgeier.com\/de\/","name":"Allgeier SE","description":"Software &amp; IT Services for digital transformation","potentialAction":[{"@type":"SearchAction","target":{"@type":"EntryPoint","urlTemplate":"https:\/\/www.allgeier.com\/de\/?s={search_term_string}"},"query-input":{"@type":"PropertyValueSpecification","valueRequired":true,"valueName":"search_term_string"}}],"inLanguage":"de"}]}},"_links":{"self":[{"href":"https:\/\/www.allgeier.com\/de\/wp-json\/wp\/v2\/pages\/5568","targetHints":{"allow":["GET"]}}],"collection":[{"href":"https:\/\/www.allgeier.com\/de\/wp-json\/wp\/v2\/pages"}],"about":[{"href":"https:\/\/www.allgeier.com\/de\/wp-json\/wp\/v2\/types\/page"}],"author":[{"embeddable":true,"href":"https:\/\/www.allgeier.com\/de\/wp-json\/wp\/v2\/users\/4"}],"replies":[{"embeddable":true,"href":"https:\/\/www.allgeier.com\/de\/wp-json\/wp\/v2\/comments?post=5568"}],"version-history":[{"count":1,"href":"https:\/\/www.allgeier.com\/de\/wp-json\/wp\/v2\/pages\/5568\/revisions"}],"predecessor-version":[{"id":5569,"href":"https:\/\/www.allgeier.com\/de\/wp-json\/wp\/v2\/pages\/5568\/revisions\/5569"}],"up":[{"embeddable":true,"href":"https:\/\/www.allgeier.com\/de\/wp-json\/wp\/v2\/pages\/1155"}],"wp:attachment":[{"href":"https:\/\/www.allgeier.com\/de\/wp-json\/wp\/v2\/media?parent=5568"}],"wp:term":[{"taxonomy":"category","embeddable":true,"href":"https:\/\/www.allgeier.com\/de\/wp-json\/wp\/v2\/categories?post=5568"},{"taxonomy":"post_tag","embeddable":true,"href":"https:\/\/www.allgeier.com\/de\/wp-json\/wp\/v2\/tags?post=5568"}],"curies":[{"name":"wp","href":"https:\/\/api.w.org\/{rel}","templated":true}]}}