{"id":5570,"date":"2011-08-11T10:36:39","date_gmt":"2011-08-11T10:36:39","guid":{"rendered":"https:\/\/www.allgeier.com\/de\/?page_id=5570"},"modified":"2023-01-22T17:10:06","modified_gmt":"2023-01-22T17:10:06","slug":"allgeier-holding-ag-steigert-umsatz-und-ergebnis-im-ersten-halbjahr-2011-deutlich","status":"publish","type":"page","link":"https:\/\/www.allgeier.com\/de\/investor-relations\/adhoc-announcements\/allgeier-holding-ag-steigert-umsatz-und-ergebnis-im-ersten-halbjahr-2011-deutlich\/","title":{"rendered":"Allgeier Holding AG steigert Umsatz und Ergebnis im ersten Halbjahr 2011 deutlich"},"content":{"rendered":"<p><b>ALLGEIER HOLDING AG  \/ Schlagwort(e): Halbjahresergebnis<\/b>11.08.2011 12:36Ver\u00f6ffentlichung einer Ad-hoc-Mitteilung nach \u00a7 15 WpHG, \u00fcbermittelt durchdie DGAP &#8211; ein Unternehmen der EquityStory AG.F\u00fcr den Inhalt der Mitteilung ist der Emittent verantwortlich.&#8212;&#8212;&#8212;&#8212;&#8212;&#8212;&#8212;&#8212;&#8212;&#8212;&#8212;&#8212;&#8212;&#8212;&#8212;&#8212;&#8212;&#8212;&#8212;&#8212;&#8212;&#8212;&#8212;&#8212;&#8212;M\u00fcnchen, 11. August 2011 &#8211; Die Allgeier Holding AG (ISIN DE000508630 \/ WKN508630) steigerte auch im ersten Halbjahr 2011 (01.01.2011 &#8211; 30.06.2011)sowohl Umsatz als auch Ergebnis deutlich.Im ersten Halbjahr 2011 erzielte der Konzern eine Umsatzsteigerung von 28%auf 171,0 Mio. EUR (Vorjahr: 133,7 Mio. EUR). Die Steigerung resultiert zumeinen aus einem organischen Wachstum im ersten Halbjahr von 17% (unterBer\u00fccksichtigung der aus Insolvenz erworbenen Verm\u00f6gensgegenst\u00e4nde der BSHSystemhaus GmbH und des \u00fcbernommenen Gesch\u00e4ftsbereichs IPS Informations-und Prozesssysteme der insolventen MCE Computer Peripherie GmbH). Zumanderen tr\u00e4gt die Vollkonsolidierung der in 2010 erworbenenGruppengesellschaften BSR &amp; Partner und Terna zum Umsatzwachstum bei. AbJuni 2011 wurde zudem erstmals die 1eEurope Switzerland AG im Konzernkonsolidiert, die im Mai akquiriert wurde. Das EBITDA (Ergebnis vor Zinsen,Steuern und s\u00e4mtlichen Abschreibungen) stieg im ersten Halbjahr um 69% auf8,8 Mio. EUR (Vorjahr: 5,2 Mio. EUR). Das EBITA (Ergebnis vor Zinsen,Steuern und Abschreibungen auf Kaufpreis-Allokationen) wuchs um 79% auf 7,5Mio. EUR (Vorjahr: 4,2 Mio. EUR), das EBIT (Ergebnis vor Zinsen undSteuern) legte um 93% auf 5,2 Mio. EUR (Vorjahr: 2,7 Mio. EUR) zu.Im zweiten Quartal (01.04.2011 &#8211; 30.06.2011) stieg der Umsatz um 22% auf87,6 Mio. EUR (Vorjahr: 71,7 Mio. EUR). Das EBITA wuchs um 28% auf 3,2 Mio.EUR (Vorjahr: 2,5 Mio. EUR), das EBIT legte um 18% auf 2,0 Mio. EUR(Vorjahr: 1,7 Mio. EUR) zu. Das Ergebnis wurde im zweiten Quartal von einergeringeren Anzahl an Arbeitstagen in diesem Zeitraum belastet. Zudementstand ein einmaliger Reorganisationsaufwand bei einerGruppengesellschaft in H\u00f6he von 0,15 Mio. EUR im ersten sowie 0,65 Mio. EURim zweiten Quartal.Der Bericht zum 1. Halbjahr 2011 ist unter www.allgeier.com einzusehen. Kontakt: Allgeier Holding AGWehrlestr. 1281679 M\u00fcnchenTel.: +49 (0)89\/998421-0Fax: +49 (0)89\/998421-11eMail: ir@allgeier-holding.de Web: www.allgeier.comDie Allgeier Holding AG mit Sitz in M\u00fcnchen ist eine der f\u00fchrendenBeratungs- und Service-Gesellschaften im deutschsprachigen Raum. Allgeierbietet in den drei Gesch\u00e4ftsbereichen IT Solutions, IT Services &amp;Recruiting und Project Solutions einen Full-Service-Ansatz, von derKonzeption \u00fcber die Umsetzung bis hin zum Betrieb von IT Landschaften. DieAllgeier Gruppe umfasst 16 operative Tochtergesellschaften mit \u00fcber 2.200angestellten Mitarbeitern sowie \u00fcber 1.400 freiberuflichen Experten undbetreut ca. 3.000 Kunden aus nahezu allen Bereichen der Wirtschaft. InDeutschland verf\u00fcgt die Gruppe \u00fcber 52 Niederlassungen und 25 weitere inBelgien, Frankreich, Niederlande, \u00d6sterreich, Rum\u00e4nien, Schweden, derSchweiz und Tschechien sowie in Indien, Mexiko und den USA. Allgeiererzielte im Gesch\u00e4ftsjahr 2010 einen Umsatz von 308,7 Mio. Euro. Damit istAllgeier laut der L\u00fcnendonk Marktsegmentstudie 2010 Nummer 2 bei denmittelst\u00e4ndischen IT Serviceunternehmen und Nummer 2 bei den ITRecruiting-Unternehmen in Deutschland. Die Gesellschaft ist am reguliertenMarkt der Frankfurter Wertpapierb\u00f6rse im General Standard gelistet.11.08.2011 Die DGAP Distributionsservices umfassen gesetzliche Meldepflichten, Corporate News\/Finanznachrichten und Pressemitteilungen. DGAP-Medienarchive unter www.dgap-medientreff.de und www.dgap.de&#8212;&#8212;&#8212;&#8212;&#8212;&#8212;&#8212;&#8212;&#8212;&#8212;&#8212;&#8212;&#8212;&#8212;&#8212;&#8212;&#8212;&#8212;&#8212;&#8212;&#8212;&#8212;&#8212;&#8212;&#8212; Sprache:      DeutschUnternehmen:  ALLGEIER HOLDING AG              Wehrlestra\u00dfe 12              81679 M\u00fcnchen              DeutschlandTelefon:      +49 (0) 89 &#8211; 99 84 21 0Fax:          +49 (0) 89 &#8211; 99 84 21 11E-Mail:       info@allgeier.comInternet:     http:\/\/www.allgeier.comISIN:         DE0005086300WKN:          508630Indizes:      CDAXB\u00f6rsen:       Regulierter Markt in Frankfurt (General Standard);              Freiverkehr in Berlin, D\u00fcsseldorf, Hamburg, Stuttgart Ende der Mitteilung                             DGAP News-Service &#8212;&#8212;&#8212;&#8212;&#8212;&#8212;&#8212;&#8212;&#8212;&#8212;&#8212;&#8212;&#8212;&#8212;&#8212;&#8212;&#8212;&#8212;&#8212;&#8212;&#8212;&#8212;&#8212;&#8212;&#8212;<\/p>\n","protected":false},"excerpt":{"rendered":"<p>M\u00fcnchen, 11. August 2011 &#8211; Die Allgeier Holding AG (ISIN DE000508630 \/ WKN 508630) steigerte auch im ersten Halbjahr 2011 (01.01.2011 &#8211; 30.06.2011) sowohl Umsatz als auch Ergebnis deutlich. Im ersten Halbjahr 2011 erzielte der Konzern eine Umsatzsteigerung von 28% auf 171,0 Mio. EUR (Vorjahr: 133,7<\/p>\n","protected":false},"author":4,"featured_media":0,"parent":1155,"menu_order":0,"comment_status":"close","ping_status":"closed","template":"","meta":{"_acf_changed":false,"footnotes":""},"categories":[],"tags":[],"class_list":["post-5570","page","type-page","status-publish","hentry"],"acf":[],"yoast_head":"<!-- This site is optimized with the Yoast SEO plugin v27.4 - https:\/\/yoast.com\/product\/yoast-seo-wordpress\/ -->\n<title>Allgeier Holding AG steigert Umsatz und Ergebnis im ersten Halbjahr 2011 deutlich - Allgeier SE<\/title>\n<meta name=\"robots\" content=\"index, follow, max-snippet:-1, max-image-preview:large, max-video-preview:-1\" \/>\n<link rel=\"canonical\" href=\"https:\/\/www.allgeier.com\/de\/investor-relations\/adhoc-announcements\/allgeier-holding-ag-steigert-umsatz-und-ergebnis-im-ersten-halbjahr-2011-deutlich\/\" \/>\n<meta property=\"og:locale\" content=\"de_DE\" \/>\n<meta property=\"og:type\" content=\"article\" \/>\n<meta property=\"og:title\" content=\"Allgeier Holding AG steigert Umsatz und Ergebnis im ersten Halbjahr 2011 deutlich - Allgeier SE\" \/>\n<meta property=\"og:description\" content=\"M\u00fcnchen, 11. August 2011 - Die Allgeier Holding AG (ISIN DE000508630 \/ WKN 508630) steigerte auch im ersten Halbjahr 2011 (01.01.2011 - 30.06.2011) sowohl Umsatz als auch Ergebnis deutlich. Im ersten Halbjahr 2011 erzielte der Konzern eine Umsatzsteigerung von 28% auf 171,0 Mio. EUR (Vorjahr: 133,7\" \/>\n<meta property=\"og:url\" content=\"https:\/\/www.allgeier.com\/de\/investor-relations\/adhoc-announcements\/allgeier-holding-ag-steigert-umsatz-und-ergebnis-im-ersten-halbjahr-2011-deutlich\/\" \/>\n<meta property=\"og:site_name\" content=\"Allgeier SE\" \/>\n<meta property=\"article:modified_time\" content=\"2023-01-22T17:10:06+00:00\" \/>\n<meta name=\"twitter:card\" content=\"summary_large_image\" \/>\n<meta name=\"twitter:label1\" content=\"Gesch\u00e4tzte Lesezeit\" \/>\n\t<meta name=\"twitter:data1\" content=\"2\u00a0Minuten\" \/>\n<script type=\"application\/ld+json\" class=\"yoast-schema-graph\">{\"@context\":\"https:\\\/\\\/schema.org\",\"@graph\":[{\"@type\":\"WebPage\",\"@id\":\"https:\\\/\\\/www.allgeier.com\\\/de\\\/investor-relations\\\/adhoc-announcements\\\/allgeier-holding-ag-steigert-umsatz-und-ergebnis-im-ersten-halbjahr-2011-deutlich\\\/\",\"url\":\"https:\\\/\\\/www.allgeier.com\\\/de\\\/investor-relations\\\/adhoc-announcements\\\/allgeier-holding-ag-steigert-umsatz-und-ergebnis-im-ersten-halbjahr-2011-deutlich\\\/\",\"name\":\"Allgeier Holding AG steigert Umsatz und Ergebnis im ersten Halbjahr 2011 deutlich - Allgeier SE\",\"isPartOf\":{\"@id\":\"https:\\\/\\\/www.allgeier.com\\\/de\\\/#website\"},\"datePublished\":\"2011-08-11T10:36:39+00:00\",\"dateModified\":\"2023-01-22T17:10:06+00:00\",\"breadcrumb\":{\"@id\":\"https:\\\/\\\/www.allgeier.com\\\/de\\\/investor-relations\\\/adhoc-announcements\\\/allgeier-holding-ag-steigert-umsatz-und-ergebnis-im-ersten-halbjahr-2011-deutlich\\\/#breadcrumb\"},\"inLanguage\":\"de\",\"potentialAction\":[{\"@type\":\"ReadAction\",\"target\":[\"https:\\\/\\\/www.allgeier.com\\\/de\\\/investor-relations\\\/adhoc-announcements\\\/allgeier-holding-ag-steigert-umsatz-und-ergebnis-im-ersten-halbjahr-2011-deutlich\\\/\"]}]},{\"@type\":\"BreadcrumbList\",\"@id\":\"https:\\\/\\\/www.allgeier.com\\\/de\\\/investor-relations\\\/adhoc-announcements\\\/allgeier-holding-ag-steigert-umsatz-und-ergebnis-im-ersten-halbjahr-2011-deutlich\\\/#breadcrumb\",\"itemListElement\":[{\"@type\":\"ListItem\",\"position\":1,\"name\":\"Home\",\"item\":\"https:\\\/\\\/www.allgeier.com\\\/de\\\/\"},{\"@type\":\"ListItem\",\"position\":2,\"name\":\"Investor Relations\",\"item\":\"https:\\\/\\\/www.allgeier.com\\\/de\\\/investor-relations\\\/\"},{\"@type\":\"ListItem\",\"position\":3,\"name\":\"Ad hoc-Mitteilungen\",\"item\":\"https:\\\/\\\/www.allgeier.com\\\/de\\\/investor-relations\\\/adhoc-announcements\\\/\"},{\"@type\":\"ListItem\",\"position\":4,\"name\":\"Allgeier Holding AG steigert Umsatz und Ergebnis im ersten Halbjahr 2011 deutlich\"}]},{\"@type\":\"WebSite\",\"@id\":\"https:\\\/\\\/www.allgeier.com\\\/de\\\/#website\",\"url\":\"https:\\\/\\\/www.allgeier.com\\\/de\\\/\",\"name\":\"Allgeier SE\",\"description\":\"Software &amp; IT Services for digital transformation\",\"potentialAction\":[{\"@type\":\"SearchAction\",\"target\":{\"@type\":\"EntryPoint\",\"urlTemplate\":\"https:\\\/\\\/www.allgeier.com\\\/de\\\/?s={search_term_string}\"},\"query-input\":{\"@type\":\"PropertyValueSpecification\",\"valueRequired\":true,\"valueName\":\"search_term_string\"}}],\"inLanguage\":\"de\"}]}<\/script>\n<!-- \/ Yoast SEO plugin. -->","yoast_head_json":{"title":"Allgeier Holding AG steigert Umsatz und Ergebnis im ersten Halbjahr 2011 deutlich - Allgeier SE","robots":{"index":"index","follow":"follow","max-snippet":"max-snippet:-1","max-image-preview":"max-image-preview:large","max-video-preview":"max-video-preview:-1"},"canonical":"https:\/\/www.allgeier.com\/de\/investor-relations\/adhoc-announcements\/allgeier-holding-ag-steigert-umsatz-und-ergebnis-im-ersten-halbjahr-2011-deutlich\/","og_locale":"de_DE","og_type":"article","og_title":"Allgeier Holding AG steigert Umsatz und Ergebnis im ersten Halbjahr 2011 deutlich - Allgeier SE","og_description":"M\u00fcnchen, 11. August 2011 - Die Allgeier Holding AG (ISIN DE000508630 \/ WKN 508630) steigerte auch im ersten Halbjahr 2011 (01.01.2011 - 30.06.2011) sowohl Umsatz als auch Ergebnis deutlich. Im ersten Halbjahr 2011 erzielte der Konzern eine Umsatzsteigerung von 28% auf 171,0 Mio. EUR (Vorjahr: 133,7","og_url":"https:\/\/www.allgeier.com\/de\/investor-relations\/adhoc-announcements\/allgeier-holding-ag-steigert-umsatz-und-ergebnis-im-ersten-halbjahr-2011-deutlich\/","og_site_name":"Allgeier SE","article_modified_time":"2023-01-22T17:10:06+00:00","twitter_card":"summary_large_image","twitter_misc":{"Gesch\u00e4tzte Lesezeit":"2\u00a0Minuten"},"schema":{"@context":"https:\/\/schema.org","@graph":[{"@type":"WebPage","@id":"https:\/\/www.allgeier.com\/de\/investor-relations\/adhoc-announcements\/allgeier-holding-ag-steigert-umsatz-und-ergebnis-im-ersten-halbjahr-2011-deutlich\/","url":"https:\/\/www.allgeier.com\/de\/investor-relations\/adhoc-announcements\/allgeier-holding-ag-steigert-umsatz-und-ergebnis-im-ersten-halbjahr-2011-deutlich\/","name":"Allgeier Holding AG steigert Umsatz und Ergebnis im ersten Halbjahr 2011 deutlich - Allgeier SE","isPartOf":{"@id":"https:\/\/www.allgeier.com\/de\/#website"},"datePublished":"2011-08-11T10:36:39+00:00","dateModified":"2023-01-22T17:10:06+00:00","breadcrumb":{"@id":"https:\/\/www.allgeier.com\/de\/investor-relations\/adhoc-announcements\/allgeier-holding-ag-steigert-umsatz-und-ergebnis-im-ersten-halbjahr-2011-deutlich\/#breadcrumb"},"inLanguage":"de","potentialAction":[{"@type":"ReadAction","target":["https:\/\/www.allgeier.com\/de\/investor-relations\/adhoc-announcements\/allgeier-holding-ag-steigert-umsatz-und-ergebnis-im-ersten-halbjahr-2011-deutlich\/"]}]},{"@type":"BreadcrumbList","@id":"https:\/\/www.allgeier.com\/de\/investor-relations\/adhoc-announcements\/allgeier-holding-ag-steigert-umsatz-und-ergebnis-im-ersten-halbjahr-2011-deutlich\/#breadcrumb","itemListElement":[{"@type":"ListItem","position":1,"name":"Home","item":"https:\/\/www.allgeier.com\/de\/"},{"@type":"ListItem","position":2,"name":"Investor Relations","item":"https:\/\/www.allgeier.com\/de\/investor-relations\/"},{"@type":"ListItem","position":3,"name":"Ad hoc-Mitteilungen","item":"https:\/\/www.allgeier.com\/de\/investor-relations\/adhoc-announcements\/"},{"@type":"ListItem","position":4,"name":"Allgeier Holding AG steigert Umsatz und Ergebnis im ersten Halbjahr 2011 deutlich"}]},{"@type":"WebSite","@id":"https:\/\/www.allgeier.com\/de\/#website","url":"https:\/\/www.allgeier.com\/de\/","name":"Allgeier SE","description":"Software &amp; IT Services for digital transformation","potentialAction":[{"@type":"SearchAction","target":{"@type":"EntryPoint","urlTemplate":"https:\/\/www.allgeier.com\/de\/?s={search_term_string}"},"query-input":{"@type":"PropertyValueSpecification","valueRequired":true,"valueName":"search_term_string"}}],"inLanguage":"de"}]}},"_links":{"self":[{"href":"https:\/\/www.allgeier.com\/de\/wp-json\/wp\/v2\/pages\/5570","targetHints":{"allow":["GET"]}}],"collection":[{"href":"https:\/\/www.allgeier.com\/de\/wp-json\/wp\/v2\/pages"}],"about":[{"href":"https:\/\/www.allgeier.com\/de\/wp-json\/wp\/v2\/types\/page"}],"author":[{"embeddable":true,"href":"https:\/\/www.allgeier.com\/de\/wp-json\/wp\/v2\/users\/4"}],"replies":[{"embeddable":true,"href":"https:\/\/www.allgeier.com\/de\/wp-json\/wp\/v2\/comments?post=5570"}],"version-history":[{"count":1,"href":"https:\/\/www.allgeier.com\/de\/wp-json\/wp\/v2\/pages\/5570\/revisions"}],"predecessor-version":[{"id":5571,"href":"https:\/\/www.allgeier.com\/de\/wp-json\/wp\/v2\/pages\/5570\/revisions\/5571"}],"up":[{"embeddable":true,"href":"https:\/\/www.allgeier.com\/de\/wp-json\/wp\/v2\/pages\/1155"}],"wp:attachment":[{"href":"https:\/\/www.allgeier.com\/de\/wp-json\/wp\/v2\/media?parent=5570"}],"wp:term":[{"taxonomy":"category","embeddable":true,"href":"https:\/\/www.allgeier.com\/de\/wp-json\/wp\/v2\/categories?post=5570"},{"taxonomy":"post_tag","embeddable":true,"href":"https:\/\/www.allgeier.com\/de\/wp-json\/wp\/v2\/tags?post=5570"}],"curies":[{"name":"wp","href":"https:\/\/api.w.org\/{rel}","templated":true}]}}