{"id":5572,"date":"2011-08-02T11:11:10","date_gmt":"2011-08-02T11:11:10","guid":{"rendered":"https:\/\/www.allgeier.com\/de\/?page_id=5572"},"modified":"2023-01-22T17:10:07","modified_gmt":"2023-01-22T17:10:07","slug":"allgeier-holding-ag-allgeier-baut-marktstellung-im-health-care-markt-aus","status":"publish","type":"page","link":"https:\/\/www.allgeier.com\/de\/investor-relations\/adhoc-announcements\/allgeier-holding-ag-allgeier-baut-marktstellung-im-health-care-markt-aus\/","title":{"rendered":"Allgeier Holding AG: Allgeier baut Marktstellung im Health Care Markt aus"},"content":{"rendered":"<p><b>ALLGEIER HOLDING AG  \/ Schlagwort(e): Firmen\u00fcbernahme<\/b>02.08.2011 13:11Ver\u00f6ffentlichung einer Ad-hoc-Mitteilung nach \u00a7 15 WpHG, \u00fcbermittelt durchdie DGAP &#8211; ein Unternehmen der EquityStory AG.F\u00fcr den Inhalt der Mitteilung ist der Emittent verantwortlich.&#8212;&#8212;&#8212;&#8212;&#8212;&#8212;&#8212;&#8212;&#8212;&#8212;&#8212;&#8212;&#8212;&#8212;&#8212;&#8212;&#8212;&#8212;&#8212;&#8212;&#8212;&#8212;&#8212;&#8212;&#8212;M\u00fcnchen, 2.8.2011 &#8211; Die Allgeier Holding AG (ISIN: DE0005086300; WKN508630) mit Sitz in M\u00fcnchen hat sich heute mit den Gesellschaftern desIT-L\u00f6sungsanbieters GEMED Gesellschaft f\u00fcr medizinisches DatenmanagementmbH mit Sitz in Ulm vertraglich \u00fcber den Erwerb s\u00e4mtlicher Anteile derGesellschaft geeinigt. Der Kaufpreis liegt im unteren einstelligenMillionenbereich, ein Teil des Kaufpreises ist als Earnout abh\u00e4ngig von derErreichung k\u00fcnftiger Ziele vereinbart. Die \u00dcbertragung der Anteile(Closing) h\u00e4ngt von der Erf\u00fcllung \u00fcblicher vertraglicher Bedingungen ab undwird innerhalb der n\u00e4chsten Tage stattfinden.Mit dem Erwerb der GEMED baut die Allgeier Gruppe ihre Marktposition undihr bestehendes Leistungsangebot als IT-Dienstleister im Health Care Marktweiter aus. GEMED entwickelt, produziert und implementiert modulare&#8217;Picture Archiving and Communication Systems&#8216; (PACS), die in Kliniken, beiRadiologen und in der Orthop\u00e4die eingesetzt werden.Mit \u00fcber 500 bestehenden Systemen in Deutschland und der Schweiz ist GEMEDim Segment der Medizintechnik ein f\u00fchrender Spezialanbieter. Im Jahr 2010erwirtschaftete das Unternehmen einen Umsatz von rund 3 Mio. EUR underzielt seit Jahren ein positives Ergebnis sowie ein konstantes Wachstum.Die bisherigen Inhaber der GEMED werden auch in Zukunft als Gesch\u00e4ftsf\u00fchrerf\u00fcr die Gesellschaft t\u00e4tig sein.Kontakt:Allgeier Holding AGVorstandWehrlestr. 1281679 M\u00fcnchen \/ DeutschlandTel. +49 89 998421-0Fax  +49 89 998421-11www.allgeier.comDie Allgeier Holding AG mit Sitz in M\u00fcnchen ist eine der f\u00fchrendenBeratungs- und Service-Gesellschaften im deutschsprachigen Raum. Allgeierbietet in den drei Gesch\u00e4ftsbereichen IT Solutions, IT Services &amp;Recruiting und Project Solutions einen Full-Service-Ansatz, von derKonzeption \u00fcber die Umsetzung bis hin zum Betrieb von IT Landschaften. DieAllgeier Gruppe umfasst 17 operative Tochtergesellschaften mit \u00fcber 2.100angestellten Mitarbeitern sowie \u00fcber 1.400 freiberuflichen Experten undbetreut ca. 3.000 Kunden aus nahezu allen Bereichen der Wirtschaft. InDeutschland verf\u00fcgt die Gruppe \u00fcber 52 Niederlassungen und 25 weitere inBelgien, Frankreich, Niederlande, \u00d6sterreich, Rum\u00e4nien, Schweden, derSchweiz und Tschechien sowie in Indien, Mexiko und den USA. Allgeiererzielte im Gesch\u00e4ftsjahr 2010 einen Umsatz von 308,7 Mio. Euro. Damit istAllgeier laut der L\u00fcnendonk Marktsegmentstudie 2010 Nummer 2 bei denmittelst\u00e4ndischen IT Serviceunternehmen und Nummer 2 bei den ITRecruiting-Unternehmen in Deutschland. Die Gesellschaft ist am reguliertenMarkt der Frankfurter Wertpapierb\u00f6rse im General Standard gelistet.02.08.2011 Die DGAP Distributionsservices umfassen gesetzliche Meldepflichten, Corporate News\/Finanznachrichten und Pressemitteilungen. DGAP-Medienarchive unter www.dgap-medientreff.de und www.dgap.de&#8212;&#8212;&#8212;&#8212;&#8212;&#8212;&#8212;&#8212;&#8212;&#8212;&#8212;&#8212;&#8212;&#8212;&#8212;&#8212;&#8212;&#8212;&#8212;&#8212;&#8212;&#8212;&#8212;&#8212;&#8212; Sprache:      DeutschUnternehmen:  ALLGEIER HOLDING AG              Wehrlestra\u00dfe 12              81679 M\u00fcnchen              DeutschlandTelefon:      +49 (0) 89 &#8211; 99 84 21 0Fax:          +49 (0) 89 &#8211; 99 84 21 11E-Mail:       info@allgeier.comInternet:     http:\/\/www.allgeier.comISIN:         DE0005086300WKN:          508630Indizes:      CDAXB\u00f6rsen:       Regulierter Markt in Frankfurt (General Standard);              Freiverkehr in Berlin, D\u00fcsseldorf, Hamburg, Stuttgart Ende der Mitteilung                             DGAP News-Service &#8212;&#8212;&#8212;&#8212;&#8212;&#8212;&#8212;&#8212;&#8212;&#8212;&#8212;&#8212;&#8212;&#8212;&#8212;&#8212;&#8212;&#8212;&#8212;&#8212;&#8212;&#8212;&#8212;&#8212;&#8212;<\/p>\n","protected":false},"excerpt":{"rendered":"<p>M\u00fcnchen, 2.8.2011 &#8211; Die Allgeier Holding AG (ISIN: DE0005086300; WKN 508630) mit Sitz in M\u00fcnchen hat sich heute mit den Gesellschaftern des IT-L\u00f6sungsanbieters GEMED Gesellschaft f\u00fcr medizinisches Datenmanagement mbH mit Sitz in Ulm vertraglich \u00fcber den Erwerb s\u00e4mtlicher Anteile der Gesellschaft geeinigt.<\/p>\n","protected":false},"author":4,"featured_media":0,"parent":1155,"menu_order":0,"comment_status":"close","ping_status":"closed","template":"","meta":{"_acf_changed":false,"footnotes":""},"categories":[],"tags":[],"class_list":["post-5572","page","type-page","status-publish","hentry"],"acf":[],"yoast_head":"<!-- This site is optimized with the Yoast SEO plugin v27.4 - https:\/\/yoast.com\/product\/yoast-seo-wordpress\/ -->\n<title>Allgeier Holding AG: Allgeier baut Marktstellung im Health Care Markt aus - Allgeier SE<\/title>\n<meta name=\"robots\" content=\"index, follow, max-snippet:-1, max-image-preview:large, max-video-preview:-1\" \/>\n<link rel=\"canonical\" href=\"https:\/\/www.allgeier.com\/de\/investor-relations\/adhoc-announcements\/allgeier-holding-ag-allgeier-baut-marktstellung-im-health-care-markt-aus\/\" \/>\n<meta property=\"og:locale\" content=\"de_DE\" \/>\n<meta property=\"og:type\" content=\"article\" \/>\n<meta property=\"og:title\" content=\"Allgeier Holding AG: Allgeier baut Marktstellung im Health Care Markt aus - Allgeier SE\" \/>\n<meta property=\"og:description\" content=\"M\u00fcnchen, 2.8.2011 - Die Allgeier Holding AG (ISIN: DE0005086300; WKN 508630) mit Sitz in M\u00fcnchen hat sich heute mit den Gesellschaftern des IT-L\u00f6sungsanbieters GEMED Gesellschaft f\u00fcr medizinisches Datenmanagement mbH mit Sitz in Ulm vertraglich \u00fcber den Erwerb s\u00e4mtlicher Anteile der Gesellschaft geeinigt.\" \/>\n<meta property=\"og:url\" content=\"https:\/\/www.allgeier.com\/de\/investor-relations\/adhoc-announcements\/allgeier-holding-ag-allgeier-baut-marktstellung-im-health-care-markt-aus\/\" \/>\n<meta property=\"og:site_name\" content=\"Allgeier SE\" \/>\n<meta property=\"article:modified_time\" content=\"2023-01-22T17:10:07+00:00\" \/>\n<meta name=\"twitter:card\" content=\"summary_large_image\" \/>\n<meta name=\"twitter:label1\" content=\"Gesch\u00e4tzte Lesezeit\" \/>\n\t<meta name=\"twitter:data1\" content=\"2\u00a0Minuten\" \/>\n<script type=\"application\/ld+json\" class=\"yoast-schema-graph\">{\"@context\":\"https:\\\/\\\/schema.org\",\"@graph\":[{\"@type\":\"WebPage\",\"@id\":\"https:\\\/\\\/www.allgeier.com\\\/de\\\/investor-relations\\\/adhoc-announcements\\\/allgeier-holding-ag-allgeier-baut-marktstellung-im-health-care-markt-aus\\\/\",\"url\":\"https:\\\/\\\/www.allgeier.com\\\/de\\\/investor-relations\\\/adhoc-announcements\\\/allgeier-holding-ag-allgeier-baut-marktstellung-im-health-care-markt-aus\\\/\",\"name\":\"Allgeier Holding AG: Allgeier baut Marktstellung im Health Care Markt aus - Allgeier SE\",\"isPartOf\":{\"@id\":\"https:\\\/\\\/www.allgeier.com\\\/de\\\/#website\"},\"datePublished\":\"2011-08-02T11:11:10+00:00\",\"dateModified\":\"2023-01-22T17:10:07+00:00\",\"breadcrumb\":{\"@id\":\"https:\\\/\\\/www.allgeier.com\\\/de\\\/investor-relations\\\/adhoc-announcements\\\/allgeier-holding-ag-allgeier-baut-marktstellung-im-health-care-markt-aus\\\/#breadcrumb\"},\"inLanguage\":\"de\",\"potentialAction\":[{\"@type\":\"ReadAction\",\"target\":[\"https:\\\/\\\/www.allgeier.com\\\/de\\\/investor-relations\\\/adhoc-announcements\\\/allgeier-holding-ag-allgeier-baut-marktstellung-im-health-care-markt-aus\\\/\"]}]},{\"@type\":\"BreadcrumbList\",\"@id\":\"https:\\\/\\\/www.allgeier.com\\\/de\\\/investor-relations\\\/adhoc-announcements\\\/allgeier-holding-ag-allgeier-baut-marktstellung-im-health-care-markt-aus\\\/#breadcrumb\",\"itemListElement\":[{\"@type\":\"ListItem\",\"position\":1,\"name\":\"Home\",\"item\":\"https:\\\/\\\/www.allgeier.com\\\/de\\\/\"},{\"@type\":\"ListItem\",\"position\":2,\"name\":\"Investor Relations\",\"item\":\"https:\\\/\\\/www.allgeier.com\\\/de\\\/investor-relations\\\/\"},{\"@type\":\"ListItem\",\"position\":3,\"name\":\"Ad hoc-Mitteilungen\",\"item\":\"https:\\\/\\\/www.allgeier.com\\\/de\\\/investor-relations\\\/adhoc-announcements\\\/\"},{\"@type\":\"ListItem\",\"position\":4,\"name\":\"Allgeier Holding AG: Allgeier baut Marktstellung im Health Care Markt aus\"}]},{\"@type\":\"WebSite\",\"@id\":\"https:\\\/\\\/www.allgeier.com\\\/de\\\/#website\",\"url\":\"https:\\\/\\\/www.allgeier.com\\\/de\\\/\",\"name\":\"Allgeier SE\",\"description\":\"Software &amp; IT Services for digital transformation\",\"potentialAction\":[{\"@type\":\"SearchAction\",\"target\":{\"@type\":\"EntryPoint\",\"urlTemplate\":\"https:\\\/\\\/www.allgeier.com\\\/de\\\/?s={search_term_string}\"},\"query-input\":{\"@type\":\"PropertyValueSpecification\",\"valueRequired\":true,\"valueName\":\"search_term_string\"}}],\"inLanguage\":\"de\"}]}<\/script>\n<!-- \/ Yoast SEO plugin. -->","yoast_head_json":{"title":"Allgeier Holding AG: Allgeier baut Marktstellung im Health Care Markt aus - Allgeier SE","robots":{"index":"index","follow":"follow","max-snippet":"max-snippet:-1","max-image-preview":"max-image-preview:large","max-video-preview":"max-video-preview:-1"},"canonical":"https:\/\/www.allgeier.com\/de\/investor-relations\/adhoc-announcements\/allgeier-holding-ag-allgeier-baut-marktstellung-im-health-care-markt-aus\/","og_locale":"de_DE","og_type":"article","og_title":"Allgeier Holding AG: Allgeier baut Marktstellung im Health Care Markt aus - Allgeier SE","og_description":"M\u00fcnchen, 2.8.2011 - Die Allgeier Holding AG (ISIN: DE0005086300; WKN 508630) mit Sitz in M\u00fcnchen hat sich heute mit den Gesellschaftern des IT-L\u00f6sungsanbieters GEMED Gesellschaft f\u00fcr medizinisches Datenmanagement mbH mit Sitz in Ulm vertraglich \u00fcber den Erwerb s\u00e4mtlicher Anteile der Gesellschaft geeinigt.","og_url":"https:\/\/www.allgeier.com\/de\/investor-relations\/adhoc-announcements\/allgeier-holding-ag-allgeier-baut-marktstellung-im-health-care-markt-aus\/","og_site_name":"Allgeier SE","article_modified_time":"2023-01-22T17:10:07+00:00","twitter_card":"summary_large_image","twitter_misc":{"Gesch\u00e4tzte Lesezeit":"2\u00a0Minuten"},"schema":{"@context":"https:\/\/schema.org","@graph":[{"@type":"WebPage","@id":"https:\/\/www.allgeier.com\/de\/investor-relations\/adhoc-announcements\/allgeier-holding-ag-allgeier-baut-marktstellung-im-health-care-markt-aus\/","url":"https:\/\/www.allgeier.com\/de\/investor-relations\/adhoc-announcements\/allgeier-holding-ag-allgeier-baut-marktstellung-im-health-care-markt-aus\/","name":"Allgeier Holding AG: Allgeier baut Marktstellung im Health Care Markt aus - Allgeier SE","isPartOf":{"@id":"https:\/\/www.allgeier.com\/de\/#website"},"datePublished":"2011-08-02T11:11:10+00:00","dateModified":"2023-01-22T17:10:07+00:00","breadcrumb":{"@id":"https:\/\/www.allgeier.com\/de\/investor-relations\/adhoc-announcements\/allgeier-holding-ag-allgeier-baut-marktstellung-im-health-care-markt-aus\/#breadcrumb"},"inLanguage":"de","potentialAction":[{"@type":"ReadAction","target":["https:\/\/www.allgeier.com\/de\/investor-relations\/adhoc-announcements\/allgeier-holding-ag-allgeier-baut-marktstellung-im-health-care-markt-aus\/"]}]},{"@type":"BreadcrumbList","@id":"https:\/\/www.allgeier.com\/de\/investor-relations\/adhoc-announcements\/allgeier-holding-ag-allgeier-baut-marktstellung-im-health-care-markt-aus\/#breadcrumb","itemListElement":[{"@type":"ListItem","position":1,"name":"Home","item":"https:\/\/www.allgeier.com\/de\/"},{"@type":"ListItem","position":2,"name":"Investor Relations","item":"https:\/\/www.allgeier.com\/de\/investor-relations\/"},{"@type":"ListItem","position":3,"name":"Ad hoc-Mitteilungen","item":"https:\/\/www.allgeier.com\/de\/investor-relations\/adhoc-announcements\/"},{"@type":"ListItem","position":4,"name":"Allgeier Holding AG: Allgeier baut Marktstellung im Health Care Markt aus"}]},{"@type":"WebSite","@id":"https:\/\/www.allgeier.com\/de\/#website","url":"https:\/\/www.allgeier.com\/de\/","name":"Allgeier SE","description":"Software &amp; IT Services for digital transformation","potentialAction":[{"@type":"SearchAction","target":{"@type":"EntryPoint","urlTemplate":"https:\/\/www.allgeier.com\/de\/?s={search_term_string}"},"query-input":{"@type":"PropertyValueSpecification","valueRequired":true,"valueName":"search_term_string"}}],"inLanguage":"de"}]}},"_links":{"self":[{"href":"https:\/\/www.allgeier.com\/de\/wp-json\/wp\/v2\/pages\/5572","targetHints":{"allow":["GET"]}}],"collection":[{"href":"https:\/\/www.allgeier.com\/de\/wp-json\/wp\/v2\/pages"}],"about":[{"href":"https:\/\/www.allgeier.com\/de\/wp-json\/wp\/v2\/types\/page"}],"author":[{"embeddable":true,"href":"https:\/\/www.allgeier.com\/de\/wp-json\/wp\/v2\/users\/4"}],"replies":[{"embeddable":true,"href":"https:\/\/www.allgeier.com\/de\/wp-json\/wp\/v2\/comments?post=5572"}],"version-history":[{"count":1,"href":"https:\/\/www.allgeier.com\/de\/wp-json\/wp\/v2\/pages\/5572\/revisions"}],"predecessor-version":[{"id":5573,"href":"https:\/\/www.allgeier.com\/de\/wp-json\/wp\/v2\/pages\/5572\/revisions\/5573"}],"up":[{"embeddable":true,"href":"https:\/\/www.allgeier.com\/de\/wp-json\/wp\/v2\/pages\/1155"}],"wp:attachment":[{"href":"https:\/\/www.allgeier.com\/de\/wp-json\/wp\/v2\/media?parent=5572"}],"wp:term":[{"taxonomy":"category","embeddable":true,"href":"https:\/\/www.allgeier.com\/de\/wp-json\/wp\/v2\/categories?post=5572"},{"taxonomy":"post_tag","embeddable":true,"href":"https:\/\/www.allgeier.com\/de\/wp-json\/wp\/v2\/tags?post=5572"}],"curies":[{"name":"wp","href":"https:\/\/api.w.org\/{rel}","templated":true}]}}