{"id":5574,"date":"2011-07-14T22:10:49","date_gmt":"2011-07-14T22:10:49","guid":{"rendered":"https:\/\/www.allgeier.com\/de\/?page_id=5574"},"modified":"2023-01-22T17:10:07","modified_gmt":"2023-01-22T17:10:07","slug":"allgeier-treibt-internationale-expansion-weiter-voran","status":"publish","type":"page","link":"https:\/\/www.allgeier.com\/de\/investor-relations\/adhoc-announcements\/allgeier-treibt-internationale-expansion-weiter-voran\/","title":{"rendered":"Allgeier treibt internationale Expansion weiter voran"},"content":{"rendered":"<p><b>ALLGEIER HOLDING AG  \/ Schlagwort(e): Firmen\u00fcbernahme<\/b>15.07.2011 00:10Ver\u00f6ffentlichung einer Ad-hoc-Mitteilung nach \u00a7 15 WpHG, \u00fcbermittelt durchdie DGAP &#8211; ein Unternehmen der EquityStory AG.F\u00fcr den Inhalt der Mitteilung ist der Emittent verantwortlich.&#8212;&#8212;&#8212;&#8212;&#8212;&#8212;&#8212;&#8212;&#8212;&#8212;&#8212;&#8212;&#8212;&#8212;&#8212;&#8212;&#8212;&#8212;&#8212;&#8212;&#8212;&#8212;&#8212;&#8212;&#8212;M\u00fcnchen, 14. Juli 2011 &#8211; Die Allgeier Holding AG (WKN DE000508300) hat sichheute mit den Gesellschaftern des IT-L\u00f6sungsanbieters undSoftwareentwicklungshauses Nagarro Inc. vertraglich \u00fcber den Erwerbs\u00e4mtlicher Anteile der Gesellschaft geeinigt. Die \u00dcbertragung der Anteile(Closing) h\u00e4ngt von der Erf\u00fcllung \u00fcblicher vertraglicher Bedingungen ab undwird f\u00fcr die kommenden Tage erwartet. Die Gesellschaft mit Sitz im SiliconValley, USA, hat Tochtergesellschaften in Deutschland, Schweden, Indien undMexiko.Nagarro entwickelt als High-End Softwaredienstleister individuelleSoftwarel\u00f6sungen. Die Hauptkunden der Gesellschaft sind gro\u00dfe Unternehmenin den USA und Europa, die bei der Bereitstellung und Weiterentwicklung vonunternehmensinternen Schl\u00fcsselanwendungen auf die Expertise undZuverl\u00e4ssigkeit von Nagarro setzen. Im Jahr 2010 setzte Nagarro mit 840Mitarbeitern rund 22 Mio. USD um. Die 1996 gegr\u00fcndete Gesellschaft w\u00e4chstseit Jahren konstant stark in Umsatz und Ertrag. Der Erstkaufpreis liegt imunteren 2-stelligen Mio. EUR Bereich und kann bei voller Erreichung derEarn-Out Ziele in den n\u00e4chsten 3 Jahren auf einen mittleren 2-stelligenMio. EUR Betrag ansteigen. Die bisherigen Gesellschafter der Nagarro Inc.werden weiterhin die unternehmerische Verantwortung tragen und weiterhinals Gesch\u00e4ftsf\u00fchrer agieren.F\u00fcr Allgeier ist die Transaktion ein strategischer Schritt auf dasinternationale Parkett zur Besetzung von Schl\u00fcsselm\u00e4rkten. Vor demHintergrund der Verknappung von IT-Fachkr\u00e4ften im deutschsprachigen Raum,ergibt sich nun ein Zugang zu hochqualifizierten IT-Ressourcen anweltweiten Standorten. Gemeinsam mit den Spezialisten der AllgeierGesellschaften kann so der Kundenbedarf umfassend und auch in globalenProjekten abgedeckt werden. Weitere Motivation f\u00fcr die Transaktion ist dieErweiterung des Serviceportfolios der Allgeier Gruppe sowohl im Hinblickauf das wertvolle Know-how in State of the Art Technologien als auch in dergeographischen Abdeckung.Kontakt:Allgeier Holding AGVorstandWehrlestr. 1281679 M\u00fcnchenTel. 089\/998421-0Fax  089\/998421-11www.allgeier.comDie Allgeier Holding AG mit Sitz in M\u00fcnchen ist eine der f\u00fchrendenBeratungs- und Service-Gesellschaften im deutschsprachigen Raum. Allgeierbietet in den drei Gesch\u00e4ftsbereichen IT Solutions, IT Services &amp;Recruiting und Project Solutions einen Full-Service-Ansatz, von derKonzeption \u00fcber die Umsetzung bis hin zum Betrieb von IT Landschaften. DieAllgeier Gruppe umfasst 16 operative Tochtergesellschaften mit \u00fcber 1.300angestellten Mitarbeitern sowie \u00fcber 1.400 freiberuflichen Experten undbetreut ca. 3.000 Kunden aus nahezu allen Bereichen der Wirtschaft. InDeutschland verf\u00fcgt die Gruppe \u00fcber 52 Niederlassungen und 18 weitere inBelgien, Frankreich, Niederlande, \u00d6sterreich, Rum\u00e4nien, Tschechien, derSchweiz und China. Allgeier erzielte im Gesch\u00e4ftsjahr 2010 einen Umsatz von308,7 Mio. Euro. Damit ist Allgeier laut der L\u00fcnendonk Marktsegmentstudie2010 Nummer 2 bei den mittelst\u00e4ndischen IT Serviceunternehmen und Nummer 2bei den IT Recruiting-Unternehmen in Deutschland. Die Gesellschaft ist amregulierten Markt der Frankfurter Wertpapierb\u00f6rse im General Standardgelistet.15.07.2011 Die DGAP Distributionsservices umfassen gesetzliche Meldepflichten, Corporate News\/Finanznachrichten und Pressemitteilungen. DGAP-Medienarchive unter www.dgap-medientreff.de und www.dgap.de&#8212;&#8212;&#8212;&#8212;&#8212;&#8212;&#8212;&#8212;&#8212;&#8212;&#8212;&#8212;&#8212;&#8212;&#8212;&#8212;&#8212;&#8212;&#8212;&#8212;&#8212;&#8212;&#8212;&#8212;&#8212; Sprache:      DeutschUnternehmen:  ALLGEIER HOLDING AG              Wehrlestra\u00dfe 12              81679 M\u00fcnchen              DeutschlandTelefon:      +49 (0) 89 &#8211; 99 84 21 0Fax:          +49 (0) 89 &#8211; 99 84 21 11E-Mail:       info@allgeier.comInternet:     http:\/\/www.allgeier.comISIN:         DE0005086300WKN:          508630Indizes:      CDAXB\u00f6rsen:       Regulierter Markt in Frankfurt (General Standard);              Freiverkehr in Berlin, D\u00fcsseldorf, Hamburg, Stuttgart Ende der Mitteilung                             DGAP News-Service &#8212;&#8212;&#8212;&#8212;&#8212;&#8212;&#8212;&#8212;&#8212;&#8212;&#8212;&#8212;&#8212;&#8212;&#8212;&#8212;&#8212;&#8212;&#8212;&#8212;&#8212;&#8212;&#8212;&#8212;&#8212;<\/p>\n","protected":false},"excerpt":{"rendered":"<p>M\u00fcnchen, 14. Juli 2011 &#8211; Die Allgeier Holding AG (WKN DE000508300) hat sich heute mit den Gesellschaftern des IT-L\u00f6sungsanbieters und Softwareentwicklungshauses Nagarro Inc. vertraglich \u00fcber den Erwerb s\u00e4mtlicher Anteile der Gesellschaft geeinigt. Die \u00dcbertragung der Anteile (Closing) h\u00e4ngt von der Erf\u00fcllung<\/p>\n","protected":false},"author":4,"featured_media":0,"parent":1155,"menu_order":0,"comment_status":"close","ping_status":"closed","template":"","meta":{"_acf_changed":false,"footnotes":""},"categories":[],"tags":[],"class_list":["post-5574","page","type-page","status-publish","hentry"],"acf":[],"yoast_head":"<!-- This site is optimized with the Yoast SEO plugin v27.4 - https:\/\/yoast.com\/product\/yoast-seo-wordpress\/ -->\n<title>Allgeier treibt internationale Expansion weiter voran - Allgeier SE<\/title>\n<meta name=\"robots\" content=\"index, follow, max-snippet:-1, max-image-preview:large, max-video-preview:-1\" \/>\n<link rel=\"canonical\" href=\"https:\/\/www.allgeier.com\/de\/investor-relations\/adhoc-announcements\/allgeier-treibt-internationale-expansion-weiter-voran\/\" \/>\n<meta property=\"og:locale\" content=\"de_DE\" \/>\n<meta property=\"og:type\" content=\"article\" \/>\n<meta property=\"og:title\" content=\"Allgeier treibt internationale Expansion weiter voran - Allgeier SE\" \/>\n<meta property=\"og:description\" content=\"M\u00fcnchen, 14. Juli 2011 - Die Allgeier Holding AG (WKN DE000508300) hat sich heute mit den Gesellschaftern des IT-L\u00f6sungsanbieters und Softwareentwicklungshauses Nagarro Inc. vertraglich \u00fcber den Erwerb s\u00e4mtlicher Anteile der Gesellschaft geeinigt. Die \u00dcbertragung der Anteile (Closing) h\u00e4ngt von der Erf\u00fcllung\" \/>\n<meta property=\"og:url\" content=\"https:\/\/www.allgeier.com\/de\/investor-relations\/adhoc-announcements\/allgeier-treibt-internationale-expansion-weiter-voran\/\" \/>\n<meta property=\"og:site_name\" content=\"Allgeier SE\" \/>\n<meta property=\"article:modified_time\" content=\"2023-01-22T17:10:07+00:00\" \/>\n<meta name=\"twitter:card\" content=\"summary_large_image\" \/>\n<meta name=\"twitter:label1\" content=\"Gesch\u00e4tzte Lesezeit\" \/>\n\t<meta name=\"twitter:data1\" content=\"2\u00a0Minuten\" \/>\n<script type=\"application\/ld+json\" class=\"yoast-schema-graph\">{\"@context\":\"https:\\\/\\\/schema.org\",\"@graph\":[{\"@type\":\"WebPage\",\"@id\":\"https:\\\/\\\/www.allgeier.com\\\/de\\\/investor-relations\\\/adhoc-announcements\\\/allgeier-treibt-internationale-expansion-weiter-voran\\\/\",\"url\":\"https:\\\/\\\/www.allgeier.com\\\/de\\\/investor-relations\\\/adhoc-announcements\\\/allgeier-treibt-internationale-expansion-weiter-voran\\\/\",\"name\":\"Allgeier treibt internationale Expansion weiter voran - Allgeier SE\",\"isPartOf\":{\"@id\":\"https:\\\/\\\/www.allgeier.com\\\/de\\\/#website\"},\"datePublished\":\"2011-07-14T22:10:49+00:00\",\"dateModified\":\"2023-01-22T17:10:07+00:00\",\"breadcrumb\":{\"@id\":\"https:\\\/\\\/www.allgeier.com\\\/de\\\/investor-relations\\\/adhoc-announcements\\\/allgeier-treibt-internationale-expansion-weiter-voran\\\/#breadcrumb\"},\"inLanguage\":\"de\",\"potentialAction\":[{\"@type\":\"ReadAction\",\"target\":[\"https:\\\/\\\/www.allgeier.com\\\/de\\\/investor-relations\\\/adhoc-announcements\\\/allgeier-treibt-internationale-expansion-weiter-voran\\\/\"]}]},{\"@type\":\"BreadcrumbList\",\"@id\":\"https:\\\/\\\/www.allgeier.com\\\/de\\\/investor-relations\\\/adhoc-announcements\\\/allgeier-treibt-internationale-expansion-weiter-voran\\\/#breadcrumb\",\"itemListElement\":[{\"@type\":\"ListItem\",\"position\":1,\"name\":\"Home\",\"item\":\"https:\\\/\\\/www.allgeier.com\\\/de\\\/\"},{\"@type\":\"ListItem\",\"position\":2,\"name\":\"Investor Relations\",\"item\":\"https:\\\/\\\/www.allgeier.com\\\/de\\\/investor-relations\\\/\"},{\"@type\":\"ListItem\",\"position\":3,\"name\":\"Ad hoc-Mitteilungen\",\"item\":\"https:\\\/\\\/www.allgeier.com\\\/de\\\/investor-relations\\\/adhoc-announcements\\\/\"},{\"@type\":\"ListItem\",\"position\":4,\"name\":\"Allgeier treibt internationale Expansion weiter voran\"}]},{\"@type\":\"WebSite\",\"@id\":\"https:\\\/\\\/www.allgeier.com\\\/de\\\/#website\",\"url\":\"https:\\\/\\\/www.allgeier.com\\\/de\\\/\",\"name\":\"Allgeier SE\",\"description\":\"Software &amp; IT Services for digital transformation\",\"potentialAction\":[{\"@type\":\"SearchAction\",\"target\":{\"@type\":\"EntryPoint\",\"urlTemplate\":\"https:\\\/\\\/www.allgeier.com\\\/de\\\/?s={search_term_string}\"},\"query-input\":{\"@type\":\"PropertyValueSpecification\",\"valueRequired\":true,\"valueName\":\"search_term_string\"}}],\"inLanguage\":\"de\"}]}<\/script>\n<!-- \/ Yoast SEO plugin. -->","yoast_head_json":{"title":"Allgeier treibt internationale Expansion weiter voran - Allgeier SE","robots":{"index":"index","follow":"follow","max-snippet":"max-snippet:-1","max-image-preview":"max-image-preview:large","max-video-preview":"max-video-preview:-1"},"canonical":"https:\/\/www.allgeier.com\/de\/investor-relations\/adhoc-announcements\/allgeier-treibt-internationale-expansion-weiter-voran\/","og_locale":"de_DE","og_type":"article","og_title":"Allgeier treibt internationale Expansion weiter voran - Allgeier SE","og_description":"M\u00fcnchen, 14. Juli 2011 - Die Allgeier Holding AG (WKN DE000508300) hat sich heute mit den Gesellschaftern des IT-L\u00f6sungsanbieters und Softwareentwicklungshauses Nagarro Inc. vertraglich \u00fcber den Erwerb s\u00e4mtlicher Anteile der Gesellschaft geeinigt. Die \u00dcbertragung der Anteile (Closing) h\u00e4ngt von der Erf\u00fcllung","og_url":"https:\/\/www.allgeier.com\/de\/investor-relations\/adhoc-announcements\/allgeier-treibt-internationale-expansion-weiter-voran\/","og_site_name":"Allgeier SE","article_modified_time":"2023-01-22T17:10:07+00:00","twitter_card":"summary_large_image","twitter_misc":{"Gesch\u00e4tzte Lesezeit":"2\u00a0Minuten"},"schema":{"@context":"https:\/\/schema.org","@graph":[{"@type":"WebPage","@id":"https:\/\/www.allgeier.com\/de\/investor-relations\/adhoc-announcements\/allgeier-treibt-internationale-expansion-weiter-voran\/","url":"https:\/\/www.allgeier.com\/de\/investor-relations\/adhoc-announcements\/allgeier-treibt-internationale-expansion-weiter-voran\/","name":"Allgeier treibt internationale Expansion weiter voran - Allgeier SE","isPartOf":{"@id":"https:\/\/www.allgeier.com\/de\/#website"},"datePublished":"2011-07-14T22:10:49+00:00","dateModified":"2023-01-22T17:10:07+00:00","breadcrumb":{"@id":"https:\/\/www.allgeier.com\/de\/investor-relations\/adhoc-announcements\/allgeier-treibt-internationale-expansion-weiter-voran\/#breadcrumb"},"inLanguage":"de","potentialAction":[{"@type":"ReadAction","target":["https:\/\/www.allgeier.com\/de\/investor-relations\/adhoc-announcements\/allgeier-treibt-internationale-expansion-weiter-voran\/"]}]},{"@type":"BreadcrumbList","@id":"https:\/\/www.allgeier.com\/de\/investor-relations\/adhoc-announcements\/allgeier-treibt-internationale-expansion-weiter-voran\/#breadcrumb","itemListElement":[{"@type":"ListItem","position":1,"name":"Home","item":"https:\/\/www.allgeier.com\/de\/"},{"@type":"ListItem","position":2,"name":"Investor Relations","item":"https:\/\/www.allgeier.com\/de\/investor-relations\/"},{"@type":"ListItem","position":3,"name":"Ad hoc-Mitteilungen","item":"https:\/\/www.allgeier.com\/de\/investor-relations\/adhoc-announcements\/"},{"@type":"ListItem","position":4,"name":"Allgeier treibt internationale Expansion weiter voran"}]},{"@type":"WebSite","@id":"https:\/\/www.allgeier.com\/de\/#website","url":"https:\/\/www.allgeier.com\/de\/","name":"Allgeier SE","description":"Software &amp; IT Services for digital transformation","potentialAction":[{"@type":"SearchAction","target":{"@type":"EntryPoint","urlTemplate":"https:\/\/www.allgeier.com\/de\/?s={search_term_string}"},"query-input":{"@type":"PropertyValueSpecification","valueRequired":true,"valueName":"search_term_string"}}],"inLanguage":"de"}]}},"_links":{"self":[{"href":"https:\/\/www.allgeier.com\/de\/wp-json\/wp\/v2\/pages\/5574","targetHints":{"allow":["GET"]}}],"collection":[{"href":"https:\/\/www.allgeier.com\/de\/wp-json\/wp\/v2\/pages"}],"about":[{"href":"https:\/\/www.allgeier.com\/de\/wp-json\/wp\/v2\/types\/page"}],"author":[{"embeddable":true,"href":"https:\/\/www.allgeier.com\/de\/wp-json\/wp\/v2\/users\/4"}],"replies":[{"embeddable":true,"href":"https:\/\/www.allgeier.com\/de\/wp-json\/wp\/v2\/comments?post=5574"}],"version-history":[{"count":1,"href":"https:\/\/www.allgeier.com\/de\/wp-json\/wp\/v2\/pages\/5574\/revisions"}],"predecessor-version":[{"id":5575,"href":"https:\/\/www.allgeier.com\/de\/wp-json\/wp\/v2\/pages\/5574\/revisions\/5575"}],"up":[{"embeddable":true,"href":"https:\/\/www.allgeier.com\/de\/wp-json\/wp\/v2\/pages\/1155"}],"wp:attachment":[{"href":"https:\/\/www.allgeier.com\/de\/wp-json\/wp\/v2\/media?parent=5574"}],"wp:term":[{"taxonomy":"category","embeddable":true,"href":"https:\/\/www.allgeier.com\/de\/wp-json\/wp\/v2\/categories?post=5574"},{"taxonomy":"post_tag","embeddable":true,"href":"https:\/\/www.allgeier.com\/de\/wp-json\/wp\/v2\/tags?post=5574"}],"curies":[{"name":"wp","href":"https:\/\/api.w.org\/{rel}","templated":true}]}}