{"id":5576,"date":"2011-05-20T11:11:18","date_gmt":"2011-05-20T11:11:18","guid":{"rendered":"https:\/\/www.allgeier.com\/de\/?page_id=5576"},"modified":"2023-01-22T17:10:07","modified_gmt":"2023-01-22T17:10:07","slug":"allgeier-gibt-akquisition-der-1eeurope-switzerland-ag-schweiz-bekannt","status":"publish","type":"page","link":"https:\/\/www.allgeier.com\/de\/investor-relations\/adhoc-announcements\/allgeier-gibt-akquisition-der-1eeurope-switzerland-ag-schweiz-bekannt\/","title":{"rendered":"Allgeier gibt Akquisition der 1eEurope (Switzerland) AG, Schweiz, bekannt"},"content":{"rendered":"<p><b>ALLGEIER HOLDING AG  \/ Schlagwort(e): Firmen\u00fcbernahme<\/b>20.05.2011 13:11Ver\u00f6ffentlichung einer Ad-hoc-Mitteilung nach \u00a7 15 WpHG, \u00fcbermittelt durchdie DGAP &#8211; ein Unternehmen der EquityStory AG.F\u00fcr den Inhalt der Mitteilung ist der Emittent verantwortlich.&#8212;&#8212;&#8212;&#8212;&#8212;&#8212;&#8212;&#8212;&#8212;&#8212;&#8212;&#8212;&#8212;&#8212;&#8212;&#8212;&#8212;&#8212;&#8212;&#8212;&#8212;&#8212;&#8212;&#8212;&#8212;M\u00fcnchen, 20. Mai 2011 &#8211; Die Allgeier Holding AG hat sich heute mit denAktion\u00e4ren der 1eEurope (Switzerland) AG mit Sitz in Thalwil, Schweiz, \u00fcberden Erwerb von 100% der Aktien an der 1eEurope geeinigt und entsprechendeVertr\u00e4ge geschlossen. Der vereinbarte Gesamtkaufpreis liegt im einstelligenMio. EUR-Bereich.1eEurope verzeichnete 2010 einen Umsatz von \u00fcber 10 Mio. CHF und erzieltseit Jahren ein positives Ergebnis sowie ein konstantes Wachstum. DasUnternehmen hat rund 60 Mitarbeiter und ist einer der f\u00fchrenden ITDienstleister f\u00fcr Collaboration-L\u00f6sungen f\u00fcr mittlere und gro\u00dfe Unternehmenim Microsoft SharePoint-Umfeld in der Schweiz. 1eEurope hat neben demHauptsitz in Thalwil eine Zweigstelle in Basel und betreibt einOffshoring-Entwicklungscenter in China. Die bisherigen Aktion\u00e4re und dasSchweizer Management von 1eEurope werden in ihrer bisherigen Positionweiterhin f\u00fcr die Gesellschaft t\u00e4tig sein.F\u00fcr 1eEurope und ihre Kunden bedeutet der Eintritt in den Verbund derAllgeier Gruppe und der k\u00fcnftigen Zusammenarbeit mit den anderenGruppengesellschaften eine erhebliche Erweiterung des Service Portfoliosund der k\u00fcnftigen Entwicklungsm\u00f6glichkeiten. Allgeier baut nach dem Erwerbder BSR &amp; Partner AG, Zug, im letzten Jahr mit 1eEurope seine Position inder Schweiz aus und erweitert seine Kompetenz im stark wachsenden Markt f\u00fcrMicrosoft SharePoint.Kontakt:Allgeier Holding AGVorstandWehrlestr. 1281679 M\u00fcnchenTel. 089\/998421-0Fax  089\/998421-11www.allgeier.comDie Allgeier Holding AG mit Sitz in M\u00fcnchen ist eine der f\u00fchrendenBeratungs- und Service-Gesellschaften im deutschsprachigen Raum. Allgeierbietet in den drei Gesch\u00e4ftsbereichen IT Solutions, IT Services undRecruiting einen Full-Service-Ansatz, von der Konzeption \u00fcber die Umsetzungbis hin zum Betrieb von IT Landschaften. Die Allgeier Gruppe umfasst 15operative Tochtergesellschaften mit \u00fcber 1.300 angestellten Mitarbeiternsowie \u00fcber 1.400 freiberuflichen Experten und betreut ca. 3.000 Kunden ausnahezu allen Bereichen der Wirtschaft. In Deutschland verf\u00fcgt die Gruppe\u00fcber 52 Niederlassungen und 14 weitere in Belgien, Frankreich,Niederlanden, \u00d6sterreich, Rum\u00e4nien, Tschechien und der Schweiz. Allgeiererzielte im Gesch\u00e4ftsjahr 2010 einen Umsatz von 308,7 Mio. Euro. Damit istAllgeier laut der L\u00fcnendonk Marktsegmentstudie 2010 Nummer 2 bei denmittelst\u00e4ndischen IT Serviceunternehmen und Nummer 2 bei den ITRecruiting-Unternehmen in Deutschland. Die Gesellschaft ist am reguliertenMarkt der Frankfurter Wertpapierb\u00f6rse im General Standard gelistet.20.05.2011 Die DGAP Distributionsservices umfassen gesetzliche Meldepflichten, Corporate News\/Finanznachrichten und Pressemitteilungen. DGAP-Medienarchive unter www.dgap-medientreff.de und www.dgap.de&#8212;&#8212;&#8212;&#8212;&#8212;&#8212;&#8212;&#8212;&#8212;&#8212;&#8212;&#8212;&#8212;&#8212;&#8212;&#8212;&#8212;&#8212;&#8212;&#8212;&#8212;&#8212;&#8212;&#8212;&#8212; Sprache:      DeutschUnternehmen:  ALLGEIER HOLDING AG              Wehrlestra\u00dfe 12              81679 M\u00fcnchen              DeutschlandTelefon:      +49 (0) 89 &#8211; 99 84 21 0Fax:          +49 (0) 89 &#8211; 99 84 21 11E-Mail:       info@allgeier.comInternet:     http:\/\/www.allgeier.comISIN:         DE0005086300WKN:          508630Indizes:      CDAXB\u00f6rsen:       Regulierter Markt in Frankfurt (General Standard);              Freiverkehr in Berlin, D\u00fcsseldorf, Hamburg, Stuttgart Ende der Mitteilung                             DGAP News-Service &#8212;&#8212;&#8212;&#8212;&#8212;&#8212;&#8212;&#8212;&#8212;&#8212;&#8212;&#8212;&#8212;&#8212;&#8212;&#8212;&#8212;&#8212;&#8212;&#8212;&#8212;&#8212;&#8212;&#8212;&#8212;<\/p>\n","protected":false},"excerpt":{"rendered":"<p>M\u00fcnchen, 20. Mai 2011 &#8211; Die Allgeier Holding AG hat sich heute mit den Aktion\u00e4ren der 1eEurope (Switzerland) AG mit Sitz in Thalwil, Schweiz, \u00fcber den Erwerb von 100% der Aktien an der 1eEurope geeinigt und entsprechende Vertr\u00e4ge geschlossen. Der vereinbarte Gesamtkaufpreis liegt im einstelligen Mio.<\/p>\n","protected":false},"author":4,"featured_media":0,"parent":1155,"menu_order":0,"comment_status":"close","ping_status":"closed","template":"","meta":{"_acf_changed":false,"footnotes":""},"categories":[],"tags":[],"class_list":["post-5576","page","type-page","status-publish","hentry"],"acf":[],"yoast_head":"<!-- This site is optimized with the Yoast SEO plugin v27.4 - https:\/\/yoast.com\/product\/yoast-seo-wordpress\/ -->\n<title>Allgeier gibt Akquisition der 1eEurope (Switzerland) AG, Schweiz, bekannt - Allgeier SE<\/title>\n<meta name=\"robots\" content=\"index, follow, max-snippet:-1, max-image-preview:large, max-video-preview:-1\" \/>\n<link rel=\"canonical\" href=\"https:\/\/www.allgeier.com\/de\/investor-relations\/adhoc-announcements\/allgeier-gibt-akquisition-der-1eeurope-switzerland-ag-schweiz-bekannt\/\" \/>\n<meta property=\"og:locale\" content=\"de_DE\" \/>\n<meta property=\"og:type\" content=\"article\" \/>\n<meta property=\"og:title\" content=\"Allgeier gibt Akquisition der 1eEurope (Switzerland) AG, Schweiz, bekannt - Allgeier SE\" \/>\n<meta property=\"og:description\" content=\"M\u00fcnchen, 20. Mai 2011 - Die Allgeier Holding AG hat sich heute mit den Aktion\u00e4ren der 1eEurope (Switzerland) AG mit Sitz in Thalwil, Schweiz, \u00fcber den Erwerb von 100% der Aktien an der 1eEurope geeinigt und entsprechende Vertr\u00e4ge geschlossen. Der vereinbarte Gesamtkaufpreis liegt im einstelligen Mio.\" \/>\n<meta property=\"og:url\" content=\"https:\/\/www.allgeier.com\/de\/investor-relations\/adhoc-announcements\/allgeier-gibt-akquisition-der-1eeurope-switzerland-ag-schweiz-bekannt\/\" \/>\n<meta property=\"og:site_name\" content=\"Allgeier SE\" \/>\n<meta property=\"article:modified_time\" content=\"2023-01-22T17:10:07+00:00\" \/>\n<meta name=\"twitter:card\" content=\"summary_large_image\" \/>\n<meta name=\"twitter:label1\" content=\"Gesch\u00e4tzte Lesezeit\" \/>\n\t<meta name=\"twitter:data1\" content=\"2\u00a0Minuten\" \/>\n<script type=\"application\/ld+json\" class=\"yoast-schema-graph\">{\"@context\":\"https:\\\/\\\/schema.org\",\"@graph\":[{\"@type\":\"WebPage\",\"@id\":\"https:\\\/\\\/www.allgeier.com\\\/de\\\/investor-relations\\\/adhoc-announcements\\\/allgeier-gibt-akquisition-der-1eeurope-switzerland-ag-schweiz-bekannt\\\/\",\"url\":\"https:\\\/\\\/www.allgeier.com\\\/de\\\/investor-relations\\\/adhoc-announcements\\\/allgeier-gibt-akquisition-der-1eeurope-switzerland-ag-schweiz-bekannt\\\/\",\"name\":\"Allgeier gibt Akquisition der 1eEurope (Switzerland) AG, Schweiz, bekannt - Allgeier SE\",\"isPartOf\":{\"@id\":\"https:\\\/\\\/www.allgeier.com\\\/de\\\/#website\"},\"datePublished\":\"2011-05-20T11:11:18+00:00\",\"dateModified\":\"2023-01-22T17:10:07+00:00\",\"breadcrumb\":{\"@id\":\"https:\\\/\\\/www.allgeier.com\\\/de\\\/investor-relations\\\/adhoc-announcements\\\/allgeier-gibt-akquisition-der-1eeurope-switzerland-ag-schweiz-bekannt\\\/#breadcrumb\"},\"inLanguage\":\"de\",\"potentialAction\":[{\"@type\":\"ReadAction\",\"target\":[\"https:\\\/\\\/www.allgeier.com\\\/de\\\/investor-relations\\\/adhoc-announcements\\\/allgeier-gibt-akquisition-der-1eeurope-switzerland-ag-schweiz-bekannt\\\/\"]}]},{\"@type\":\"BreadcrumbList\",\"@id\":\"https:\\\/\\\/www.allgeier.com\\\/de\\\/investor-relations\\\/adhoc-announcements\\\/allgeier-gibt-akquisition-der-1eeurope-switzerland-ag-schweiz-bekannt\\\/#breadcrumb\",\"itemListElement\":[{\"@type\":\"ListItem\",\"position\":1,\"name\":\"Home\",\"item\":\"https:\\\/\\\/www.allgeier.com\\\/de\\\/\"},{\"@type\":\"ListItem\",\"position\":2,\"name\":\"Investor Relations\",\"item\":\"https:\\\/\\\/www.allgeier.com\\\/de\\\/investor-relations\\\/\"},{\"@type\":\"ListItem\",\"position\":3,\"name\":\"Ad hoc-Mitteilungen\",\"item\":\"https:\\\/\\\/www.allgeier.com\\\/de\\\/investor-relations\\\/adhoc-announcements\\\/\"},{\"@type\":\"ListItem\",\"position\":4,\"name\":\"Allgeier gibt Akquisition der 1eEurope (Switzerland) AG, Schweiz, bekannt\"}]},{\"@type\":\"WebSite\",\"@id\":\"https:\\\/\\\/www.allgeier.com\\\/de\\\/#website\",\"url\":\"https:\\\/\\\/www.allgeier.com\\\/de\\\/\",\"name\":\"Allgeier SE\",\"description\":\"Software &amp; IT Services for digital transformation\",\"potentialAction\":[{\"@type\":\"SearchAction\",\"target\":{\"@type\":\"EntryPoint\",\"urlTemplate\":\"https:\\\/\\\/www.allgeier.com\\\/de\\\/?s={search_term_string}\"},\"query-input\":{\"@type\":\"PropertyValueSpecification\",\"valueRequired\":true,\"valueName\":\"search_term_string\"}}],\"inLanguage\":\"de\"}]}<\/script>\n<!-- \/ Yoast SEO plugin. -->","yoast_head_json":{"title":"Allgeier gibt Akquisition der 1eEurope (Switzerland) AG, Schweiz, bekannt - Allgeier SE","robots":{"index":"index","follow":"follow","max-snippet":"max-snippet:-1","max-image-preview":"max-image-preview:large","max-video-preview":"max-video-preview:-1"},"canonical":"https:\/\/www.allgeier.com\/de\/investor-relations\/adhoc-announcements\/allgeier-gibt-akquisition-der-1eeurope-switzerland-ag-schweiz-bekannt\/","og_locale":"de_DE","og_type":"article","og_title":"Allgeier gibt Akquisition der 1eEurope (Switzerland) AG, Schweiz, bekannt - Allgeier SE","og_description":"M\u00fcnchen, 20. Mai 2011 - Die Allgeier Holding AG hat sich heute mit den Aktion\u00e4ren der 1eEurope (Switzerland) AG mit Sitz in Thalwil, Schweiz, \u00fcber den Erwerb von 100% der Aktien an der 1eEurope geeinigt und entsprechende Vertr\u00e4ge geschlossen. Der vereinbarte Gesamtkaufpreis liegt im einstelligen Mio.","og_url":"https:\/\/www.allgeier.com\/de\/investor-relations\/adhoc-announcements\/allgeier-gibt-akquisition-der-1eeurope-switzerland-ag-schweiz-bekannt\/","og_site_name":"Allgeier SE","article_modified_time":"2023-01-22T17:10:07+00:00","twitter_card":"summary_large_image","twitter_misc":{"Gesch\u00e4tzte Lesezeit":"2\u00a0Minuten"},"schema":{"@context":"https:\/\/schema.org","@graph":[{"@type":"WebPage","@id":"https:\/\/www.allgeier.com\/de\/investor-relations\/adhoc-announcements\/allgeier-gibt-akquisition-der-1eeurope-switzerland-ag-schweiz-bekannt\/","url":"https:\/\/www.allgeier.com\/de\/investor-relations\/adhoc-announcements\/allgeier-gibt-akquisition-der-1eeurope-switzerland-ag-schweiz-bekannt\/","name":"Allgeier gibt Akquisition der 1eEurope (Switzerland) AG, Schweiz, bekannt - Allgeier SE","isPartOf":{"@id":"https:\/\/www.allgeier.com\/de\/#website"},"datePublished":"2011-05-20T11:11:18+00:00","dateModified":"2023-01-22T17:10:07+00:00","breadcrumb":{"@id":"https:\/\/www.allgeier.com\/de\/investor-relations\/adhoc-announcements\/allgeier-gibt-akquisition-der-1eeurope-switzerland-ag-schweiz-bekannt\/#breadcrumb"},"inLanguage":"de","potentialAction":[{"@type":"ReadAction","target":["https:\/\/www.allgeier.com\/de\/investor-relations\/adhoc-announcements\/allgeier-gibt-akquisition-der-1eeurope-switzerland-ag-schweiz-bekannt\/"]}]},{"@type":"BreadcrumbList","@id":"https:\/\/www.allgeier.com\/de\/investor-relations\/adhoc-announcements\/allgeier-gibt-akquisition-der-1eeurope-switzerland-ag-schweiz-bekannt\/#breadcrumb","itemListElement":[{"@type":"ListItem","position":1,"name":"Home","item":"https:\/\/www.allgeier.com\/de\/"},{"@type":"ListItem","position":2,"name":"Investor Relations","item":"https:\/\/www.allgeier.com\/de\/investor-relations\/"},{"@type":"ListItem","position":3,"name":"Ad hoc-Mitteilungen","item":"https:\/\/www.allgeier.com\/de\/investor-relations\/adhoc-announcements\/"},{"@type":"ListItem","position":4,"name":"Allgeier gibt Akquisition der 1eEurope (Switzerland) AG, Schweiz, bekannt"}]},{"@type":"WebSite","@id":"https:\/\/www.allgeier.com\/de\/#website","url":"https:\/\/www.allgeier.com\/de\/","name":"Allgeier SE","description":"Software &amp; IT Services for digital transformation","potentialAction":[{"@type":"SearchAction","target":{"@type":"EntryPoint","urlTemplate":"https:\/\/www.allgeier.com\/de\/?s={search_term_string}"},"query-input":{"@type":"PropertyValueSpecification","valueRequired":true,"valueName":"search_term_string"}}],"inLanguage":"de"}]}},"_links":{"self":[{"href":"https:\/\/www.allgeier.com\/de\/wp-json\/wp\/v2\/pages\/5576","targetHints":{"allow":["GET"]}}],"collection":[{"href":"https:\/\/www.allgeier.com\/de\/wp-json\/wp\/v2\/pages"}],"about":[{"href":"https:\/\/www.allgeier.com\/de\/wp-json\/wp\/v2\/types\/page"}],"author":[{"embeddable":true,"href":"https:\/\/www.allgeier.com\/de\/wp-json\/wp\/v2\/users\/4"}],"replies":[{"embeddable":true,"href":"https:\/\/www.allgeier.com\/de\/wp-json\/wp\/v2\/comments?post=5576"}],"version-history":[{"count":1,"href":"https:\/\/www.allgeier.com\/de\/wp-json\/wp\/v2\/pages\/5576\/revisions"}],"predecessor-version":[{"id":5577,"href":"https:\/\/www.allgeier.com\/de\/wp-json\/wp\/v2\/pages\/5576\/revisions\/5577"}],"up":[{"embeddable":true,"href":"https:\/\/www.allgeier.com\/de\/wp-json\/wp\/v2\/pages\/1155"}],"wp:attachment":[{"href":"https:\/\/www.allgeier.com\/de\/wp-json\/wp\/v2\/media?parent=5576"}],"wp:term":[{"taxonomy":"category","embeddable":true,"href":"https:\/\/www.allgeier.com\/de\/wp-json\/wp\/v2\/categories?post=5576"},{"taxonomy":"post_tag","embeddable":true,"href":"https:\/\/www.allgeier.com\/de\/wp-json\/wp\/v2\/tags?post=5576"}],"curies":[{"name":"wp","href":"https:\/\/api.w.org\/{rel}","templated":true}]}}