{"id":5578,"date":"2011-05-11T08:35:08","date_gmt":"2011-05-11T08:35:08","guid":{"rendered":"https:\/\/www.allgeier.com\/de\/?page_id=5578"},"modified":"2023-01-22T17:10:07","modified_gmt":"2023-01-22T17:10:07","slug":"starkes-umsatz-und-ergebniswachstum-im-1-quartal-2011","status":"publish","type":"page","link":"https:\/\/www.allgeier.com\/de\/investor-relations\/adhoc-announcements\/starkes-umsatz-und-ergebniswachstum-im-1-quartal-2011\/","title":{"rendered":"Starkes Umsatz- und Ergebniswachstum im 1. Quartal 2011"},"content":{"rendered":"<p><b>ALLGEIER HOLDING AG  \/ Schlagwort(e): Quartalsergebnis<\/b>11.05.2011 10:35Ver\u00f6ffentlichung einer Ad-hoc-Mitteilung nach \u00a7 15 WpHG, \u00fcbermittelt durchdie DGAP &#8211; ein Unternehmen der EquityStory AG.F\u00fcr den Inhalt der Mitteilung ist der Emittent verantwortlich.&#8212;&#8212;&#8212;&#8212;&#8212;&#8212;&#8212;&#8212;&#8212;&#8212;&#8212;&#8212;&#8212;&#8212;&#8212;&#8212;&#8212;&#8212;&#8212;&#8212;&#8212;&#8212;&#8212;&#8212;&#8212;M\u00fcnchen, 11. Mai 2011 &#8211; Die Allgeier Holding AG (ISIN DE000508630 \/ WKN508630) ist stark ins Gesch\u00e4ftsjahr 2011 gestartet und erzielte im erstenQuartal (1. Januar &#8211; 31.  M\u00e4rz 2011) eine deutliche Umsatz- undErgebnissteigerung.Der Umsatz wuchs im ersten Quartal 2011 um 34% auf 83,4 Mio. EUR (Q1 2010:62,1 Mio. EUR). Das EBITA (Ergebnis vor Abschreibungen aufKaufpreis-Allokationen, Zinsen und Steuern) stieg um 153% auf 4,3 Mio. EUR(Q1 2010: 1,7 Mio. EUR). Das EBIT (Ergebnis vor Zinsen und Steuern) erh\u00f6htesich um 220% auf 3,2 Mio. EUR (Q1 2010: 1,0 Mio. EUR).Der Cash Flow aus der betrieblichen T\u00e4tigkeit betrug im ersten Quartal 20113,1 Mio. EUR (Q1 2010: -1,2 Mio. EUR). Der Allgeier Konzern verf\u00fcgt zum 31.M\u00e4rz 2011 \u00fcber liquide Mittel von 61,4 Mio. EUR (Stand 31. Dezember 2010:61,3 Mio. EUR). Das Eigenkapital betrug zum 31. M\u00e4rz 2011 86,8 Mio. EUR(Stand 31. Dezember 2010: 85,5 Mio. EUR) bei einer Bilanzsumme von 207,8Mio. EUR (Stand 31. Dezember 2010: 204,1 Mio. EUR).Diese hervorragende Entwicklung wird von der gesamten Allgeier Gruppegetragen, insbesondere haben auch die seit 2010 neu zur Gruppe geh\u00f6rendenUnternehmen einen erheblichen Beitrag geleistet. Allgeier istzuversichtlich, weitere Wachstumsschritte in den kommenden Monatenerfolgreich umzusetzen und damit den kontinuierlichen Ausbau der Gruppefortzusetzen.Der Bericht zum 1. Quartal 2011 ist ab dem 12. Mai 2011 unterwww.allgeier.com einzusehen.Kontakt:Allgeier Holding AGVorstandWehrlestr. 1281679 M\u00fcnchenTel. 089\/998421-0Fax  089\/998421-11www.allgeier.comDie Allgeier Holding AG mit Sitz in M\u00fcnchen bildet mit ihrenGruppengesellschaften eine auf den wachsenden Markt f\u00fcr IT Dienstleistungenfokussierte b\u00f6rsennotierte Dienstleistungsgruppe. Die Unternehmen derAllgeier Gruppe bieten in den drei Gesch\u00e4ftsbereichen IT Solutions, ITServices und Recruiting einen Full-Services-Ansatz von der Konzeption \u00fcberdie Umsetzung bis hin zum Betrieb von IT Landschaften. Die Allgeier Gruppeumfasst 15 operative Tochtergesellschaften mit rund 1.250 festenMitarbeitern sowie 1.300 freiberuflichen Experten und betreut \u00fcber 2.500Kunden aus allen Branchen. In Deutschland verf\u00fcgt die Gruppe \u00fcber 43Niederlassungen und 14 weitere in Belgien, Frankreich, Niederlanden,\u00d6sterreich, Rum\u00e4nien und der Schweiz. Allgeier erzielte im Gesch\u00e4ftsjahr2009 einen Umsatz von 223,5 Mio. Euro. Damit ist Allgeier laut derL\u00fcnendonk Marktsegmentstudie 2010 Nummer 2 bei den mittelst\u00e4ndischen ITServiceunternehmen und Nummer 2 bei den IT Recruiting-Unternehmen inDeutschland. Die Gesellschaft ist am Regulierten Markt der FrankfurterWertpapierb\u00f6rse im General Standard gelistet.11.05.2011 Die DGAP Distributionsservices umfassen gesetzliche Meldepflichten, Corporate News\/Finanznachrichten und Pressemitteilungen. DGAP-Medienarchive unter www.dgap-medientreff.de und www.dgap.de&#8212;&#8212;&#8212;&#8212;&#8212;&#8212;&#8212;&#8212;&#8212;&#8212;&#8212;&#8212;&#8212;&#8212;&#8212;&#8212;&#8212;&#8212;&#8212;&#8212;&#8212;&#8212;&#8212;&#8212;&#8212; Sprache:      DeutschUnternehmen:  ALLGEIER HOLDING AG              Wehrlestra\u00dfe 12              81679 M\u00fcnchen              DeutschlandTelefon:      +49 (0) 89 &#8211; 99 84 21 0Fax:          +49 (0) 89 &#8211; 99 84 21 11E-Mail:       info@allgeier.comInternet:     http:\/\/www.allgeier.comISIN:         DE0005086300WKN:          508630Indizes:      CDAXB\u00f6rsen:       Regulierter Markt in Frankfurt (General Standard);              Freiverkehr in Berlin, D\u00fcsseldorf, Hamburg, Stuttgart Ende der Mitteilung                             DGAP News-Service &#8212;&#8212;&#8212;&#8212;&#8212;&#8212;&#8212;&#8212;&#8212;&#8212;&#8212;&#8212;&#8212;&#8212;&#8212;&#8212;&#8212;&#8212;&#8212;&#8212;&#8212;&#8212;&#8212;&#8212;&#8212;<\/p>\n","protected":false},"excerpt":{"rendered":"<p>M\u00fcnchen, 11. Mai 2011 &#8211; Die Allgeier Holding AG (ISIN DE000508630 \/ WKN 508630) ist stark ins Gesch\u00e4ftsjahr 2011 gestartet und erzielte im ersten Quartal (1. Januar &#8211; 31. M\u00e4rz 2011) eine deutliche Umsatz- und Ergebnissteigerung. Der Umsatz wuchs im ersten Quartal 2011 um 34% auf 83,4 Mio. EUR (Q1 2010:<\/p>\n","protected":false},"author":4,"featured_media":0,"parent":1155,"menu_order":0,"comment_status":"close","ping_status":"closed","template":"","meta":{"_acf_changed":false,"footnotes":""},"categories":[],"tags":[],"class_list":["post-5578","page","type-page","status-publish","hentry"],"acf":[],"yoast_head":"<!-- This site is optimized with the Yoast SEO plugin v27.4 - https:\/\/yoast.com\/product\/yoast-seo-wordpress\/ -->\n<title>Starkes Umsatz- und Ergebniswachstum im 1. Quartal 2011 - Allgeier SE<\/title>\n<meta name=\"robots\" content=\"index, follow, max-snippet:-1, max-image-preview:large, max-video-preview:-1\" \/>\n<link rel=\"canonical\" href=\"https:\/\/www.allgeier.com\/de\/investor-relations\/adhoc-announcements\/starkes-umsatz-und-ergebniswachstum-im-1-quartal-2011\/\" \/>\n<meta property=\"og:locale\" content=\"de_DE\" \/>\n<meta property=\"og:type\" content=\"article\" \/>\n<meta property=\"og:title\" content=\"Starkes Umsatz- und Ergebniswachstum im 1. Quartal 2011 - Allgeier SE\" \/>\n<meta property=\"og:description\" content=\"M\u00fcnchen, 11. Mai 2011 - Die Allgeier Holding AG (ISIN DE000508630 \/ WKN 508630) ist stark ins Gesch\u00e4ftsjahr 2011 gestartet und erzielte im ersten Quartal (1. Januar - 31. M\u00e4rz 2011) eine deutliche Umsatz- und Ergebnissteigerung. Der Umsatz wuchs im ersten Quartal 2011 um 34% auf 83,4 Mio. EUR (Q1 2010:\" \/>\n<meta property=\"og:url\" content=\"https:\/\/www.allgeier.com\/de\/investor-relations\/adhoc-announcements\/starkes-umsatz-und-ergebniswachstum-im-1-quartal-2011\/\" \/>\n<meta property=\"og:site_name\" content=\"Allgeier SE\" \/>\n<meta property=\"article:modified_time\" content=\"2023-01-22T17:10:07+00:00\" \/>\n<meta name=\"twitter:card\" content=\"summary_large_image\" \/>\n<meta name=\"twitter:label1\" content=\"Gesch\u00e4tzte Lesezeit\" \/>\n\t<meta name=\"twitter:data1\" content=\"2\u00a0Minuten\" \/>\n<script type=\"application\/ld+json\" class=\"yoast-schema-graph\">{\"@context\":\"https:\\\/\\\/schema.org\",\"@graph\":[{\"@type\":\"WebPage\",\"@id\":\"https:\\\/\\\/www.allgeier.com\\\/de\\\/investor-relations\\\/adhoc-announcements\\\/starkes-umsatz-und-ergebniswachstum-im-1-quartal-2011\\\/\",\"url\":\"https:\\\/\\\/www.allgeier.com\\\/de\\\/investor-relations\\\/adhoc-announcements\\\/starkes-umsatz-und-ergebniswachstum-im-1-quartal-2011\\\/\",\"name\":\"Starkes Umsatz- und Ergebniswachstum im 1. Quartal 2011 - Allgeier SE\",\"isPartOf\":{\"@id\":\"https:\\\/\\\/www.allgeier.com\\\/de\\\/#website\"},\"datePublished\":\"2011-05-11T08:35:08+00:00\",\"dateModified\":\"2023-01-22T17:10:07+00:00\",\"breadcrumb\":{\"@id\":\"https:\\\/\\\/www.allgeier.com\\\/de\\\/investor-relations\\\/adhoc-announcements\\\/starkes-umsatz-und-ergebniswachstum-im-1-quartal-2011\\\/#breadcrumb\"},\"inLanguage\":\"de\",\"potentialAction\":[{\"@type\":\"ReadAction\",\"target\":[\"https:\\\/\\\/www.allgeier.com\\\/de\\\/investor-relations\\\/adhoc-announcements\\\/starkes-umsatz-und-ergebniswachstum-im-1-quartal-2011\\\/\"]}]},{\"@type\":\"BreadcrumbList\",\"@id\":\"https:\\\/\\\/www.allgeier.com\\\/de\\\/investor-relations\\\/adhoc-announcements\\\/starkes-umsatz-und-ergebniswachstum-im-1-quartal-2011\\\/#breadcrumb\",\"itemListElement\":[{\"@type\":\"ListItem\",\"position\":1,\"name\":\"Home\",\"item\":\"https:\\\/\\\/www.allgeier.com\\\/de\\\/\"},{\"@type\":\"ListItem\",\"position\":2,\"name\":\"Investor Relations\",\"item\":\"https:\\\/\\\/www.allgeier.com\\\/de\\\/investor-relations\\\/\"},{\"@type\":\"ListItem\",\"position\":3,\"name\":\"Ad hoc-Mitteilungen\",\"item\":\"https:\\\/\\\/www.allgeier.com\\\/de\\\/investor-relations\\\/adhoc-announcements\\\/\"},{\"@type\":\"ListItem\",\"position\":4,\"name\":\"Starkes Umsatz- und Ergebniswachstum im 1. Quartal 2011\"}]},{\"@type\":\"WebSite\",\"@id\":\"https:\\\/\\\/www.allgeier.com\\\/de\\\/#website\",\"url\":\"https:\\\/\\\/www.allgeier.com\\\/de\\\/\",\"name\":\"Allgeier SE\",\"description\":\"Software &amp; IT Services for digital transformation\",\"potentialAction\":[{\"@type\":\"SearchAction\",\"target\":{\"@type\":\"EntryPoint\",\"urlTemplate\":\"https:\\\/\\\/www.allgeier.com\\\/de\\\/?s={search_term_string}\"},\"query-input\":{\"@type\":\"PropertyValueSpecification\",\"valueRequired\":true,\"valueName\":\"search_term_string\"}}],\"inLanguage\":\"de\"}]}<\/script>\n<!-- \/ Yoast SEO plugin. -->","yoast_head_json":{"title":"Starkes Umsatz- und Ergebniswachstum im 1. Quartal 2011 - Allgeier SE","robots":{"index":"index","follow":"follow","max-snippet":"max-snippet:-1","max-image-preview":"max-image-preview:large","max-video-preview":"max-video-preview:-1"},"canonical":"https:\/\/www.allgeier.com\/de\/investor-relations\/adhoc-announcements\/starkes-umsatz-und-ergebniswachstum-im-1-quartal-2011\/","og_locale":"de_DE","og_type":"article","og_title":"Starkes Umsatz- und Ergebniswachstum im 1. Quartal 2011 - Allgeier SE","og_description":"M\u00fcnchen, 11. Mai 2011 - Die Allgeier Holding AG (ISIN DE000508630 \/ WKN 508630) ist stark ins Gesch\u00e4ftsjahr 2011 gestartet und erzielte im ersten Quartal (1. Januar - 31. M\u00e4rz 2011) eine deutliche Umsatz- und Ergebnissteigerung. Der Umsatz wuchs im ersten Quartal 2011 um 34% auf 83,4 Mio. EUR (Q1 2010:","og_url":"https:\/\/www.allgeier.com\/de\/investor-relations\/adhoc-announcements\/starkes-umsatz-und-ergebniswachstum-im-1-quartal-2011\/","og_site_name":"Allgeier SE","article_modified_time":"2023-01-22T17:10:07+00:00","twitter_card":"summary_large_image","twitter_misc":{"Gesch\u00e4tzte Lesezeit":"2\u00a0Minuten"},"schema":{"@context":"https:\/\/schema.org","@graph":[{"@type":"WebPage","@id":"https:\/\/www.allgeier.com\/de\/investor-relations\/adhoc-announcements\/starkes-umsatz-und-ergebniswachstum-im-1-quartal-2011\/","url":"https:\/\/www.allgeier.com\/de\/investor-relations\/adhoc-announcements\/starkes-umsatz-und-ergebniswachstum-im-1-quartal-2011\/","name":"Starkes Umsatz- und Ergebniswachstum im 1. Quartal 2011 - Allgeier SE","isPartOf":{"@id":"https:\/\/www.allgeier.com\/de\/#website"},"datePublished":"2011-05-11T08:35:08+00:00","dateModified":"2023-01-22T17:10:07+00:00","breadcrumb":{"@id":"https:\/\/www.allgeier.com\/de\/investor-relations\/adhoc-announcements\/starkes-umsatz-und-ergebniswachstum-im-1-quartal-2011\/#breadcrumb"},"inLanguage":"de","potentialAction":[{"@type":"ReadAction","target":["https:\/\/www.allgeier.com\/de\/investor-relations\/adhoc-announcements\/starkes-umsatz-und-ergebniswachstum-im-1-quartal-2011\/"]}]},{"@type":"BreadcrumbList","@id":"https:\/\/www.allgeier.com\/de\/investor-relations\/adhoc-announcements\/starkes-umsatz-und-ergebniswachstum-im-1-quartal-2011\/#breadcrumb","itemListElement":[{"@type":"ListItem","position":1,"name":"Home","item":"https:\/\/www.allgeier.com\/de\/"},{"@type":"ListItem","position":2,"name":"Investor Relations","item":"https:\/\/www.allgeier.com\/de\/investor-relations\/"},{"@type":"ListItem","position":3,"name":"Ad hoc-Mitteilungen","item":"https:\/\/www.allgeier.com\/de\/investor-relations\/adhoc-announcements\/"},{"@type":"ListItem","position":4,"name":"Starkes Umsatz- und Ergebniswachstum im 1. Quartal 2011"}]},{"@type":"WebSite","@id":"https:\/\/www.allgeier.com\/de\/#website","url":"https:\/\/www.allgeier.com\/de\/","name":"Allgeier SE","description":"Software &amp; IT Services for digital transformation","potentialAction":[{"@type":"SearchAction","target":{"@type":"EntryPoint","urlTemplate":"https:\/\/www.allgeier.com\/de\/?s={search_term_string}"},"query-input":{"@type":"PropertyValueSpecification","valueRequired":true,"valueName":"search_term_string"}}],"inLanguage":"de"}]}},"_links":{"self":[{"href":"https:\/\/www.allgeier.com\/de\/wp-json\/wp\/v2\/pages\/5578","targetHints":{"allow":["GET"]}}],"collection":[{"href":"https:\/\/www.allgeier.com\/de\/wp-json\/wp\/v2\/pages"}],"about":[{"href":"https:\/\/www.allgeier.com\/de\/wp-json\/wp\/v2\/types\/page"}],"author":[{"embeddable":true,"href":"https:\/\/www.allgeier.com\/de\/wp-json\/wp\/v2\/users\/4"}],"replies":[{"embeddable":true,"href":"https:\/\/www.allgeier.com\/de\/wp-json\/wp\/v2\/comments?post=5578"}],"version-history":[{"count":1,"href":"https:\/\/www.allgeier.com\/de\/wp-json\/wp\/v2\/pages\/5578\/revisions"}],"predecessor-version":[{"id":5579,"href":"https:\/\/www.allgeier.com\/de\/wp-json\/wp\/v2\/pages\/5578\/revisions\/5579"}],"up":[{"embeddable":true,"href":"https:\/\/www.allgeier.com\/de\/wp-json\/wp\/v2\/pages\/1155"}],"wp:attachment":[{"href":"https:\/\/www.allgeier.com\/de\/wp-json\/wp\/v2\/media?parent=5578"}],"wp:term":[{"taxonomy":"category","embeddable":true,"href":"https:\/\/www.allgeier.com\/de\/wp-json\/wp\/v2\/categories?post=5578"},{"taxonomy":"post_tag","embeddable":true,"href":"https:\/\/www.allgeier.com\/de\/wp-json\/wp\/v2\/tags?post=5578"}],"curies":[{"name":"wp","href":"https:\/\/api.w.org\/{rel}","templated":true}]}}