{"id":5582,"date":"2011-03-15T11:36:01","date_gmt":"2011-03-15T12:36:01","guid":{"rendered":"https:\/\/www.allgeier.com\/de\/?page_id=5582"},"modified":"2023-01-22T17:10:07","modified_gmt":"2023-01-22T17:10:07","slug":"allgeier-holding-ag-beschliesst-aktienrueckkaufprogramm-2011","status":"publish","type":"page","link":"https:\/\/www.allgeier.com\/de\/investor-relations\/adhoc-announcements\/allgeier-holding-ag-beschliesst-aktienrueckkaufprogramm-2011\/","title":{"rendered":"Allgeier Holding AG beschlie\u00dft Aktienr\u00fcckkaufprogramm 2011"},"content":{"rendered":"<p><b>ALLGEIER HOLDING AG  \/ Schlagwort(e): Aktienr\u00fcckkauf<\/b>15.03.2011 13:36Ver\u00f6ffentlichung einer Ad-hoc-Mitteilung nach \u00a7 15 WpHG, \u00fcbermittelt durchdie DGAP &#8211; ein Unternehmen der EquityStory AG.F\u00fcr den Inhalt der Mitteilung ist der Emittent verantwortlich.&#8212;&#8212;&#8212;&#8212;&#8212;&#8212;&#8212;&#8212;&#8212;&#8212;&#8212;&#8212;&#8212;&#8212;&#8212;&#8212;&#8212;&#8212;&#8212;&#8212;&#8212;&#8212;&#8212;&#8212;&#8212;M\u00fcnchen, 15. M\u00e4rz 2011 &#8211; Die Allgeier Holding AG (ISIN: DE0005086300; WKN:508630) startet ein Aktienr\u00fcckkaufprogramm. Der Vorstand hat dies in seinerheutigen Sitzung beschlossen. Dem Beschluss liegt die von derHauptversammlung am 17. Juni 2010 beschlossene Erm\u00e4chtigung zum Erwerbeigener Aktien gem\u00e4\u00df \u00a7 71 Abs. 1 Ziff. 8 AktG zugrunde. Das Programm l\u00e4uftzun\u00e4chst bis zum 31. Dezember 2011.Die erworbenen eigenen Aktien sollen insbesondere dem Zweck dienen, dassdie Gesellschaft diese als Gegenleistung beim Erwerb von Unternehmen oderTeilen (Verm\u00f6gensgegenst\u00e4nden) von Unternehmen oder Beteiligungen anUnternehmen einsetzen kann.Das Aktienr\u00fcckkaufprogramm hat folgende Eckpunkte:  &#8211; Volumen von bis zu 230.000 St\u00fcckaktien (ca. 2,54% des Grundkapitals)  &#8211; Erwerb \u00fcber die B\u00f6rse   &#8211; Durchf\u00fchrung durch eine Bank, die die Erwerbe selbst\u00e4ndig und    unabh\u00e4ngig unter Vorgabe eines maximalen Kaufkurses t\u00e4tigt  &#8211; Beachtung der Vorschriften des Aktiengesetzes und des    Wertpapierhandelsgesetzes (insbesondere \u00a7 20a WpHG und der Verordnung    (EG) NR. 2273\/2003)  &#8211; Ende des Programms am 31. Dezember 2011.Mit der Durchf\u00fchrung des letzten Aktienr\u00fcckkaufprogramms bis zum 30. M\u00e4rz2010 hat die Gesellschaft insgesamt bereits 674.229 St\u00fcck eigene Aktienerworben. Dies entspricht 7,43% des Grundkapitals.Kontakt:Allgeier Holding AGWehrlestr. 1281679 M\u00fcnchenTel. 089\/998421-0Fax  089\/998421-11Email: ir@allgeier.comwww.allgeier.comDie Allgeier Holding AG mit Sitz in M\u00fcnchen bildet mit ihrenGruppengesellschaften eine auf den wachsenden Markt f\u00fcr IT Dienstleistungenfokussierte b\u00f6rsennotierte Dienstleistungsgruppe. Die Unternehmen derAllgeier Gruppe bieten in den drei Gesch\u00e4ftsbereichen IT Solutions, ITServices und Recruiting einen Full-Services-Ansatz von der Konzeption \u00fcberdie Umsetzung bis hin zum Betrieb von IT Landschaften. Die Allgeier Gruppeumfasst 15 operative Tochtergesellschaften mit rund 1.250 festenMitarbeitern sowie 1.300 freiberuflichen Experten und betreut \u00fcber 2.500Kunden aus allen Branchen. In Deutschland verf\u00fcgt die Gruppe \u00fcber 43Niederlassungen und 14 weitere in Belgien, Frankreich, Niederlanden,\u00d6sterreich, Rum\u00e4nien und der Schweiz. Allgeier erzielte im Gesch\u00e4ftsjahr2009 einen Umsatz von 223,5 Mio. Euro. Damit ist Allgeier laut derL\u00fcnendonk Marktsegmentstudie 2010 Nummer 2 bei den mittelst\u00e4ndischen ITServiceunternehmen und Nummer 2 bei den IT Recruiting-Unternehmen inDeutschland. Die Gesellschaft ist am Regulierten Markt der FrankfurterWertpapierb\u00f6rse im General Standard gelistet.15.03.2011 Die DGAP Distributionsservices umfassen gesetzliche Meldepflichten, Corporate News\/Finanznachrichten und Pressemitteilungen. DGAP-Medienarchive unter www.dgap-medientreff.de und www.dgap.de&#8212;&#8212;&#8212;&#8212;&#8212;&#8212;&#8212;&#8212;&#8212;&#8212;&#8212;&#8212;&#8212;&#8212;&#8212;&#8212;&#8212;&#8212;&#8212;&#8212;&#8212;&#8212;&#8212;&#8212;&#8212; Sprache:      DeutschUnternehmen:  ALLGEIER HOLDING AG              Wehrlestra\u00dfe 12              81679 M\u00fcnchen              DeutschlandTelefon:      +49 (0) 89 &#8211; 99 84 21 0Fax:          +49 (0) 89 &#8211; 99 84 21 11E-Mail:       info@allgeier.comInternet:     http:\/\/www.allgeier.comISIN:         DE0005086300WKN:          508630Indizes:      CDAXB\u00f6rsen:       Regulierter Markt in Frankfurt (General Standard);              Freiverkehr in Berlin, D\u00fcsseldorf, Hamburg, Stuttgart Ende der Mitteilung                             DGAP News-Service &#8212;&#8212;&#8212;&#8212;&#8212;&#8212;&#8212;&#8212;&#8212;&#8212;&#8212;&#8212;&#8212;&#8212;&#8212;&#8212;&#8212;&#8212;&#8212;&#8212;&#8212;&#8212;&#8212;&#8212;&#8212;<\/p>\n","protected":false},"excerpt":{"rendered":"<p>M\u00fcnchen, 15. M\u00e4rz 2011 &#8211; Die Allgeier Holding AG (ISIN: DE0005086300; WKN: 508630) startet ein Aktienr\u00fcckkaufprogramm. Der Vorstand hat dies in seiner heutigen Sitzung beschlossen. Dem Beschluss liegt die von der Hauptversammlung am 17. Juni 2010 beschlossene Erm\u00e4chtigung zum Erwerb eigener Aktien gem\u00e4\u00df<\/p>\n","protected":false},"author":4,"featured_media":0,"parent":1155,"menu_order":0,"comment_status":"close","ping_status":"closed","template":"","meta":{"_acf_changed":false,"footnotes":""},"categories":[],"tags":[],"class_list":["post-5582","page","type-page","status-publish","hentry"],"acf":[],"yoast_head":"<!-- This site is optimized with the Yoast SEO plugin v27.4 - https:\/\/yoast.com\/product\/yoast-seo-wordpress\/ -->\n<title>Allgeier Holding AG beschlie\u00dft Aktienr\u00fcckkaufprogramm 2011 - Allgeier SE<\/title>\n<meta name=\"robots\" content=\"index, follow, max-snippet:-1, max-image-preview:large, max-video-preview:-1\" \/>\n<link rel=\"canonical\" href=\"https:\/\/www.allgeier.com\/de\/investor-relations\/adhoc-announcements\/allgeier-holding-ag-beschliesst-aktienrueckkaufprogramm-2011\/\" \/>\n<meta property=\"og:locale\" content=\"de_DE\" \/>\n<meta property=\"og:type\" content=\"article\" \/>\n<meta property=\"og:title\" content=\"Allgeier Holding AG beschlie\u00dft Aktienr\u00fcckkaufprogramm 2011 - Allgeier SE\" \/>\n<meta property=\"og:description\" content=\"M\u00fcnchen, 15. M\u00e4rz 2011 - Die Allgeier Holding AG (ISIN: DE0005086300; WKN: 508630) startet ein Aktienr\u00fcckkaufprogramm. Der Vorstand hat dies in seiner heutigen Sitzung beschlossen. Dem Beschluss liegt die von der Hauptversammlung am 17. Juni 2010 beschlossene Erm\u00e4chtigung zum Erwerb eigener Aktien gem\u00e4\u00df\" \/>\n<meta property=\"og:url\" content=\"https:\/\/www.allgeier.com\/de\/investor-relations\/adhoc-announcements\/allgeier-holding-ag-beschliesst-aktienrueckkaufprogramm-2011\/\" \/>\n<meta property=\"og:site_name\" content=\"Allgeier SE\" \/>\n<meta property=\"article:modified_time\" content=\"2023-01-22T17:10:07+00:00\" \/>\n<meta name=\"twitter:card\" content=\"summary_large_image\" \/>\n<meta name=\"twitter:label1\" content=\"Gesch\u00e4tzte Lesezeit\" \/>\n\t<meta name=\"twitter:data1\" content=\"2\u00a0Minuten\" \/>\n<script type=\"application\/ld+json\" class=\"yoast-schema-graph\">{\"@context\":\"https:\\\/\\\/schema.org\",\"@graph\":[{\"@type\":\"WebPage\",\"@id\":\"https:\\\/\\\/www.allgeier.com\\\/de\\\/investor-relations\\\/adhoc-announcements\\\/allgeier-holding-ag-beschliesst-aktienrueckkaufprogramm-2011\\\/\",\"url\":\"https:\\\/\\\/www.allgeier.com\\\/de\\\/investor-relations\\\/adhoc-announcements\\\/allgeier-holding-ag-beschliesst-aktienrueckkaufprogramm-2011\\\/\",\"name\":\"Allgeier Holding AG beschlie\u00dft Aktienr\u00fcckkaufprogramm 2011 - Allgeier SE\",\"isPartOf\":{\"@id\":\"https:\\\/\\\/www.allgeier.com\\\/de\\\/#website\"},\"datePublished\":\"2011-03-15T12:36:01+00:00\",\"dateModified\":\"2023-01-22T17:10:07+00:00\",\"breadcrumb\":{\"@id\":\"https:\\\/\\\/www.allgeier.com\\\/de\\\/investor-relations\\\/adhoc-announcements\\\/allgeier-holding-ag-beschliesst-aktienrueckkaufprogramm-2011\\\/#breadcrumb\"},\"inLanguage\":\"de\",\"potentialAction\":[{\"@type\":\"ReadAction\",\"target\":[\"https:\\\/\\\/www.allgeier.com\\\/de\\\/investor-relations\\\/adhoc-announcements\\\/allgeier-holding-ag-beschliesst-aktienrueckkaufprogramm-2011\\\/\"]}]},{\"@type\":\"BreadcrumbList\",\"@id\":\"https:\\\/\\\/www.allgeier.com\\\/de\\\/investor-relations\\\/adhoc-announcements\\\/allgeier-holding-ag-beschliesst-aktienrueckkaufprogramm-2011\\\/#breadcrumb\",\"itemListElement\":[{\"@type\":\"ListItem\",\"position\":1,\"name\":\"Home\",\"item\":\"https:\\\/\\\/www.allgeier.com\\\/de\\\/\"},{\"@type\":\"ListItem\",\"position\":2,\"name\":\"Investor Relations\",\"item\":\"https:\\\/\\\/www.allgeier.com\\\/de\\\/investor-relations\\\/\"},{\"@type\":\"ListItem\",\"position\":3,\"name\":\"Ad hoc-Mitteilungen\",\"item\":\"https:\\\/\\\/www.allgeier.com\\\/de\\\/investor-relations\\\/adhoc-announcements\\\/\"},{\"@type\":\"ListItem\",\"position\":4,\"name\":\"Allgeier Holding AG beschlie\u00dft Aktienr\u00fcckkaufprogramm 2011\"}]},{\"@type\":\"WebSite\",\"@id\":\"https:\\\/\\\/www.allgeier.com\\\/de\\\/#website\",\"url\":\"https:\\\/\\\/www.allgeier.com\\\/de\\\/\",\"name\":\"Allgeier SE\",\"description\":\"Software &amp; IT Services for digital transformation\",\"potentialAction\":[{\"@type\":\"SearchAction\",\"target\":{\"@type\":\"EntryPoint\",\"urlTemplate\":\"https:\\\/\\\/www.allgeier.com\\\/de\\\/?s={search_term_string}\"},\"query-input\":{\"@type\":\"PropertyValueSpecification\",\"valueRequired\":true,\"valueName\":\"search_term_string\"}}],\"inLanguage\":\"de\"}]}<\/script>\n<!-- \/ Yoast SEO plugin. -->","yoast_head_json":{"title":"Allgeier Holding AG beschlie\u00dft Aktienr\u00fcckkaufprogramm 2011 - Allgeier SE","robots":{"index":"index","follow":"follow","max-snippet":"max-snippet:-1","max-image-preview":"max-image-preview:large","max-video-preview":"max-video-preview:-1"},"canonical":"https:\/\/www.allgeier.com\/de\/investor-relations\/adhoc-announcements\/allgeier-holding-ag-beschliesst-aktienrueckkaufprogramm-2011\/","og_locale":"de_DE","og_type":"article","og_title":"Allgeier Holding AG beschlie\u00dft Aktienr\u00fcckkaufprogramm 2011 - Allgeier SE","og_description":"M\u00fcnchen, 15. M\u00e4rz 2011 - Die Allgeier Holding AG (ISIN: DE0005086300; WKN: 508630) startet ein Aktienr\u00fcckkaufprogramm. Der Vorstand hat dies in seiner heutigen Sitzung beschlossen. Dem Beschluss liegt die von der Hauptversammlung am 17. Juni 2010 beschlossene Erm\u00e4chtigung zum Erwerb eigener Aktien gem\u00e4\u00df","og_url":"https:\/\/www.allgeier.com\/de\/investor-relations\/adhoc-announcements\/allgeier-holding-ag-beschliesst-aktienrueckkaufprogramm-2011\/","og_site_name":"Allgeier SE","article_modified_time":"2023-01-22T17:10:07+00:00","twitter_card":"summary_large_image","twitter_misc":{"Gesch\u00e4tzte Lesezeit":"2\u00a0Minuten"},"schema":{"@context":"https:\/\/schema.org","@graph":[{"@type":"WebPage","@id":"https:\/\/www.allgeier.com\/de\/investor-relations\/adhoc-announcements\/allgeier-holding-ag-beschliesst-aktienrueckkaufprogramm-2011\/","url":"https:\/\/www.allgeier.com\/de\/investor-relations\/adhoc-announcements\/allgeier-holding-ag-beschliesst-aktienrueckkaufprogramm-2011\/","name":"Allgeier Holding AG beschlie\u00dft Aktienr\u00fcckkaufprogramm 2011 - Allgeier SE","isPartOf":{"@id":"https:\/\/www.allgeier.com\/de\/#website"},"datePublished":"2011-03-15T12:36:01+00:00","dateModified":"2023-01-22T17:10:07+00:00","breadcrumb":{"@id":"https:\/\/www.allgeier.com\/de\/investor-relations\/adhoc-announcements\/allgeier-holding-ag-beschliesst-aktienrueckkaufprogramm-2011\/#breadcrumb"},"inLanguage":"de","potentialAction":[{"@type":"ReadAction","target":["https:\/\/www.allgeier.com\/de\/investor-relations\/adhoc-announcements\/allgeier-holding-ag-beschliesst-aktienrueckkaufprogramm-2011\/"]}]},{"@type":"BreadcrumbList","@id":"https:\/\/www.allgeier.com\/de\/investor-relations\/adhoc-announcements\/allgeier-holding-ag-beschliesst-aktienrueckkaufprogramm-2011\/#breadcrumb","itemListElement":[{"@type":"ListItem","position":1,"name":"Home","item":"https:\/\/www.allgeier.com\/de\/"},{"@type":"ListItem","position":2,"name":"Investor Relations","item":"https:\/\/www.allgeier.com\/de\/investor-relations\/"},{"@type":"ListItem","position":3,"name":"Ad hoc-Mitteilungen","item":"https:\/\/www.allgeier.com\/de\/investor-relations\/adhoc-announcements\/"},{"@type":"ListItem","position":4,"name":"Allgeier Holding AG beschlie\u00dft Aktienr\u00fcckkaufprogramm 2011"}]},{"@type":"WebSite","@id":"https:\/\/www.allgeier.com\/de\/#website","url":"https:\/\/www.allgeier.com\/de\/","name":"Allgeier SE","description":"Software &amp; IT Services for digital transformation","potentialAction":[{"@type":"SearchAction","target":{"@type":"EntryPoint","urlTemplate":"https:\/\/www.allgeier.com\/de\/?s={search_term_string}"},"query-input":{"@type":"PropertyValueSpecification","valueRequired":true,"valueName":"search_term_string"}}],"inLanguage":"de"}]}},"_links":{"self":[{"href":"https:\/\/www.allgeier.com\/de\/wp-json\/wp\/v2\/pages\/5582","targetHints":{"allow":["GET"]}}],"collection":[{"href":"https:\/\/www.allgeier.com\/de\/wp-json\/wp\/v2\/pages"}],"about":[{"href":"https:\/\/www.allgeier.com\/de\/wp-json\/wp\/v2\/types\/page"}],"author":[{"embeddable":true,"href":"https:\/\/www.allgeier.com\/de\/wp-json\/wp\/v2\/users\/4"}],"replies":[{"embeddable":true,"href":"https:\/\/www.allgeier.com\/de\/wp-json\/wp\/v2\/comments?post=5582"}],"version-history":[{"count":1,"href":"https:\/\/www.allgeier.com\/de\/wp-json\/wp\/v2\/pages\/5582\/revisions"}],"predecessor-version":[{"id":5583,"href":"https:\/\/www.allgeier.com\/de\/wp-json\/wp\/v2\/pages\/5582\/revisions\/5583"}],"up":[{"embeddable":true,"href":"https:\/\/www.allgeier.com\/de\/wp-json\/wp\/v2\/pages\/1155"}],"wp:attachment":[{"href":"https:\/\/www.allgeier.com\/de\/wp-json\/wp\/v2\/media?parent=5582"}],"wp:term":[{"taxonomy":"category","embeddable":true,"href":"https:\/\/www.allgeier.com\/de\/wp-json\/wp\/v2\/categories?post=5582"},{"taxonomy":"post_tag","embeddable":true,"href":"https:\/\/www.allgeier.com\/de\/wp-json\/wp\/v2\/tags?post=5582"}],"curies":[{"name":"wp","href":"https:\/\/api.w.org\/{rel}","templated":true}]}}