{"id":5584,"date":"2011-02-18T07:36:09","date_gmt":"2011-02-18T08:36:09","guid":{"rendered":"https:\/\/www.allgeier.com\/de\/?page_id=5584"},"modified":"2023-01-22T17:10:07","modified_gmt":"2023-01-22T17:10:07","slug":"allgeier-holding-ag-schliesst-geschaeftsjahr-2010-erfolgreich-ab","status":"publish","type":"page","link":"https:\/\/www.allgeier.com\/de\/investor-relations\/adhoc-announcements\/allgeier-holding-ag-schliesst-geschaeftsjahr-2010-erfolgreich-ab\/","title":{"rendered":"Allgeier Holding AG schlie\u00dft Gesch\u00e4ftsjahr 2010 erfolgreich ab"},"content":{"rendered":"<p><b>ALLGEIER HOLDING AG  \/ Schlagwort(e): Vorl\u00e4ufiges Ergebnis\/Jahresergebnis<\/b>18.02.2011 09:36Ver\u00f6ffentlichung einer Ad-hoc-Mitteilung nach \u00a7 15 WpHG, \u00fcbermittelt durchdie DGAP &#8211; ein Unternehmen der EquityStory AG.F\u00fcr den Inhalt der Mitteilung ist der Emittent verantwortlich.&#8212;&#8212;&#8212;&#8212;&#8212;&#8212;&#8212;&#8212;&#8212;&#8212;&#8212;&#8212;&#8212;&#8212;&#8212;&#8212;&#8212;&#8212;&#8212;&#8212;&#8212;&#8212;&#8212;&#8212;&#8212;M\u00fcnchen, 18. Februar 2011 &#8211; Die Allgeier Holding AG (ISIN: DE0005086300;WKN: 508630) schlie\u00dft das Gesch\u00e4ftsjahr 2010 nach vorl\u00e4ufigen Zahlenhervorragend ab und konnte sowohl im Umsatz wie auch im Ergebnis gem\u00e4\u00df IFRSdeutlich zulegen.Allgeier steigerte den Konzernumsatz gem\u00e4\u00df IFRS im Berichtszeitraum(1.1.2010 &#8211; 31.12.2010) um 38% auf 308,7 Mio. EUR (Vorjahr: 223,5 Mio.EUR). Der tats\u00e4chlich erzielte Umsatz \u00fcbertraf damit die im Dezemberletzten Jahres ver\u00f6ffentlichte Umsatzprognose f\u00fcr das Jahr 2010 von rd. 300Mio. EUR, was wesentlich auf die gute Gesch\u00e4ftsentwicklung vor allem imvierten Quartal des abgelaufenen Gesch\u00e4ftsjahres zur\u00fcckzuf\u00fchren ist.Auch im Konzernergebnis verzeichnete Allgeier deutliche Zuw\u00e4chse. Dasoperative Ergebnis (EBITA = Ergebnis vor Zinsen, Steuern und Abschreibungenauf Kaufpreis-Allokationen) stieg in 2010 gem\u00e4\u00df IFRS um 21% auf 15,5 Mio.EUR (Vorjahr: 12,8 Mio. EUR). Das EBIT (Ergebnis vor Zinsen und Steuern)liegt bei 11 Mio. EUR (Vorjahr: 8,0 Mio. EUR), was einem Zuwachs von 38%entspricht.Aufgrund der Erwerbe der neuen Gruppengesellschaften BSR &amp; Partner AG, Zug,Schweiz, und der Terna GmbH, Innsbruck, \u00d6sterreich, ist die Bilanzsumme per31. Dezember 2010 auf 206 Mio. EUR angewachsen (Vorjahr: 160,1 Mio. EUR).Das Eigenkapital per 31. Dezember 2010 betr\u00e4gt vorbehaltlich derendg\u00fcltigen Ermittlung der Steuern voraussichtlich 84 Mio. EUR (Vorjahr:79,5 Mio. EUR).Die kurzfristigen und langfristigen verzinslichen Finanzschulden im Konzernerh\u00f6hten sich zum 31. Dezember 2010 auf 32 Mio. EUR (Vorjahr: 8,8 Mio. EUR)zuz\u00fcglich Genussrechtskapital von 13 Mio. EUR. Der Anstieg der Darlehenresultiert unter anderem aus der Aufnahme einer Fremdfinanzierung, die eineteilweise Refinanzierung der Unternehmenserwerbe der Gesch\u00e4ftsjahre 2009und 2010 darstellt und der Finanzierung weiterer Akquisitionen dienen soll.F\u00fcr den Ausbau des Konzerns und weitere Unternehmenserwerbe steht Allgeierper 31. Dezember 2010 eine Liquidit\u00e4t von \u00fcber 60 Mio. EUR zur Verf\u00fcgung. Alle genannten Zahlen sind vorl\u00e4ufig und vom Abschlusspr\u00fcfer noch nichtgepr\u00fcft.Kontakt:Allgeier Holding AGVorstandWehrlestr. 1281679 M\u00fcnchenTel. 089\/998421-0Fax  089\/998421-11E-Mail: ir@allgeier.comwww.allgeier.comDie Allgeier Holding AG mit Sitz in M\u00fcnchen bildet mit ihrenGruppengesellschaften eine auf den wachsenden Markt f\u00fcr IT Dienstleistungenfokussierte b\u00f6rsennotierte Dienstleistungsgruppe. Die Unternehmen derAllgeier Gruppe bieten in den drei Gesch\u00e4ftsbereichen IT Solutions, ITServices und Recruiting einen Full-Services-Ansatz von der Konzeption \u00fcberdie Umsetzung bis hin zum Betrieb von IT Landschaften. Die Allgeier Gruppeumfasst 15 operative Tochtergesellschaften mit rund 1.250 festenMitarbeitern sowie 1.300 freiberuflichen Experten und betreut \u00fcber 2.500Kunden aus allen Branchen. In Deutschland verf\u00fcgt die Gruppe \u00fcber 43Niederlassungen und 14 weitere in Belgien, Frankreich, Niederlanden,\u00d6sterreich, Rum\u00e4nien und der Schweiz. Allgeier erzielte im Gesch\u00e4ftsjahr2009 einen Umsatz von 223,5 Mio. Euro. Damit ist Allgeier laut derL\u00fcnendonk Marktsegmentstudie 2010 Nummer 2 bei den mittelst\u00e4ndischen ITServiceunternehmen und Nummer 2 bei den IT Recruiting-Unternehmen inDeutschland. Die Gesellschaft ist am Regulierten Markt der FrankfurterWertpapierb\u00f6rse im General Standard gelistet.18.02.2011 Die DGAP Distributionsservices umfassen gesetzliche Meldepflichten, Corporate News\/Finanznachrichten und Pressemitteilungen. DGAP-Medienarchive unter www.dgap-medientreff.de und www.dgap.de&#8212;&#8212;&#8212;&#8212;&#8212;&#8212;&#8212;&#8212;&#8212;&#8212;&#8212;&#8212;&#8212;&#8212;&#8212;&#8212;&#8212;&#8212;&#8212;&#8212;&#8212;&#8212;&#8212;&#8212;&#8212; Sprache:      DeutschUnternehmen:  ALLGEIER HOLDING AG              Wehrlestra\u00dfe 12              81679 M\u00fcnchen              DeutschlandTelefon:      +49 (0) 89 &#8211; 99 84 21 0Fax:          +49 (0) 89 &#8211; 99 84 21 11E-Mail:       info@allgeier.comInternet:     http:\/\/www.allgeier.comISIN:         DE0005086300WKN:          508630Indizes:      CDAXB\u00f6rsen:       Regulierter Markt in Frankfurt (General Standard);              Freiverkehr in Berlin, D\u00fcsseldorf, Hamburg, Stuttgart Ende der Mitteilung                             DGAP News-Service &#8212;&#8212;&#8212;&#8212;&#8212;&#8212;&#8212;&#8212;&#8212;&#8212;&#8212;&#8212;&#8212;&#8212;&#8212;&#8212;&#8212;&#8212;&#8212;&#8212;&#8212;&#8212;&#8212;&#8212;&#8212;<\/p>\n","protected":false},"excerpt":{"rendered":"<p>M\u00fcnchen, 18. Februar 2011 &#8211; Die Allgeier Holding AG (ISIN: DE0005086300; WKN: 508630) schlie\u00dft das Gesch\u00e4ftsjahr 2010 nach vorl\u00e4ufigen Zahlen hervorragend ab und konnte sowohl im Umsatz wie auch im Ergebnis gem\u00e4\u00df IFRS deutlich zulegen. Allgeier steigerte den Konzernumsatz gem\u00e4\u00df IFRS im Berichtszeitraum<\/p>\n","protected":false},"author":4,"featured_media":0,"parent":1155,"menu_order":0,"comment_status":"close","ping_status":"closed","template":"","meta":{"_acf_changed":false,"footnotes":""},"categories":[],"tags":[],"class_list":["post-5584","page","type-page","status-publish","hentry"],"acf":[],"yoast_head":"<!-- This site is optimized with the Yoast SEO plugin v27.4 - https:\/\/yoast.com\/product\/yoast-seo-wordpress\/ -->\n<title>Allgeier Holding AG schlie\u00dft Gesch\u00e4ftsjahr 2010 erfolgreich ab - Allgeier SE<\/title>\n<meta name=\"robots\" content=\"index, follow, max-snippet:-1, max-image-preview:large, max-video-preview:-1\" \/>\n<link rel=\"canonical\" href=\"https:\/\/www.allgeier.com\/de\/investor-relations\/adhoc-announcements\/allgeier-holding-ag-schliesst-geschaeftsjahr-2010-erfolgreich-ab\/\" \/>\n<meta property=\"og:locale\" content=\"de_DE\" \/>\n<meta property=\"og:type\" content=\"article\" \/>\n<meta property=\"og:title\" content=\"Allgeier Holding AG schlie\u00dft Gesch\u00e4ftsjahr 2010 erfolgreich ab - Allgeier SE\" \/>\n<meta property=\"og:description\" content=\"M\u00fcnchen, 18. Februar 2011 - Die Allgeier Holding AG (ISIN: DE0005086300; WKN: 508630) schlie\u00dft das Gesch\u00e4ftsjahr 2010 nach vorl\u00e4ufigen Zahlen hervorragend ab und konnte sowohl im Umsatz wie auch im Ergebnis gem\u00e4\u00df IFRS deutlich zulegen. Allgeier steigerte den Konzernumsatz gem\u00e4\u00df IFRS im Berichtszeitraum\" \/>\n<meta property=\"og:url\" content=\"https:\/\/www.allgeier.com\/de\/investor-relations\/adhoc-announcements\/allgeier-holding-ag-schliesst-geschaeftsjahr-2010-erfolgreich-ab\/\" \/>\n<meta property=\"og:site_name\" content=\"Allgeier SE\" \/>\n<meta property=\"article:modified_time\" content=\"2023-01-22T17:10:07+00:00\" \/>\n<meta name=\"twitter:card\" content=\"summary_large_image\" \/>\n<meta name=\"twitter:label1\" content=\"Gesch\u00e4tzte Lesezeit\" \/>\n\t<meta name=\"twitter:data1\" content=\"3\u00a0Minuten\" \/>\n<script type=\"application\/ld+json\" class=\"yoast-schema-graph\">{\"@context\":\"https:\\\/\\\/schema.org\",\"@graph\":[{\"@type\":\"WebPage\",\"@id\":\"https:\\\/\\\/www.allgeier.com\\\/de\\\/investor-relations\\\/adhoc-announcements\\\/allgeier-holding-ag-schliesst-geschaeftsjahr-2010-erfolgreich-ab\\\/\",\"url\":\"https:\\\/\\\/www.allgeier.com\\\/de\\\/investor-relations\\\/adhoc-announcements\\\/allgeier-holding-ag-schliesst-geschaeftsjahr-2010-erfolgreich-ab\\\/\",\"name\":\"Allgeier Holding AG schlie\u00dft Gesch\u00e4ftsjahr 2010 erfolgreich ab - Allgeier SE\",\"isPartOf\":{\"@id\":\"https:\\\/\\\/www.allgeier.com\\\/de\\\/#website\"},\"datePublished\":\"2011-02-18T08:36:09+00:00\",\"dateModified\":\"2023-01-22T17:10:07+00:00\",\"breadcrumb\":{\"@id\":\"https:\\\/\\\/www.allgeier.com\\\/de\\\/investor-relations\\\/adhoc-announcements\\\/allgeier-holding-ag-schliesst-geschaeftsjahr-2010-erfolgreich-ab\\\/#breadcrumb\"},\"inLanguage\":\"de\",\"potentialAction\":[{\"@type\":\"ReadAction\",\"target\":[\"https:\\\/\\\/www.allgeier.com\\\/de\\\/investor-relations\\\/adhoc-announcements\\\/allgeier-holding-ag-schliesst-geschaeftsjahr-2010-erfolgreich-ab\\\/\"]}]},{\"@type\":\"BreadcrumbList\",\"@id\":\"https:\\\/\\\/www.allgeier.com\\\/de\\\/investor-relations\\\/adhoc-announcements\\\/allgeier-holding-ag-schliesst-geschaeftsjahr-2010-erfolgreich-ab\\\/#breadcrumb\",\"itemListElement\":[{\"@type\":\"ListItem\",\"position\":1,\"name\":\"Home\",\"item\":\"https:\\\/\\\/www.allgeier.com\\\/de\\\/\"},{\"@type\":\"ListItem\",\"position\":2,\"name\":\"Investor Relations\",\"item\":\"https:\\\/\\\/www.allgeier.com\\\/de\\\/investor-relations\\\/\"},{\"@type\":\"ListItem\",\"position\":3,\"name\":\"Ad hoc-Mitteilungen\",\"item\":\"https:\\\/\\\/www.allgeier.com\\\/de\\\/investor-relations\\\/adhoc-announcements\\\/\"},{\"@type\":\"ListItem\",\"position\":4,\"name\":\"Allgeier Holding AG schlie\u00dft Gesch\u00e4ftsjahr 2010 erfolgreich ab\"}]},{\"@type\":\"WebSite\",\"@id\":\"https:\\\/\\\/www.allgeier.com\\\/de\\\/#website\",\"url\":\"https:\\\/\\\/www.allgeier.com\\\/de\\\/\",\"name\":\"Allgeier SE\",\"description\":\"Software &amp; IT Services for digital transformation\",\"potentialAction\":[{\"@type\":\"SearchAction\",\"target\":{\"@type\":\"EntryPoint\",\"urlTemplate\":\"https:\\\/\\\/www.allgeier.com\\\/de\\\/?s={search_term_string}\"},\"query-input\":{\"@type\":\"PropertyValueSpecification\",\"valueRequired\":true,\"valueName\":\"search_term_string\"}}],\"inLanguage\":\"de\"}]}<\/script>\n<!-- \/ Yoast SEO plugin. -->","yoast_head_json":{"title":"Allgeier Holding AG schlie\u00dft Gesch\u00e4ftsjahr 2010 erfolgreich ab - Allgeier SE","robots":{"index":"index","follow":"follow","max-snippet":"max-snippet:-1","max-image-preview":"max-image-preview:large","max-video-preview":"max-video-preview:-1"},"canonical":"https:\/\/www.allgeier.com\/de\/investor-relations\/adhoc-announcements\/allgeier-holding-ag-schliesst-geschaeftsjahr-2010-erfolgreich-ab\/","og_locale":"de_DE","og_type":"article","og_title":"Allgeier Holding AG schlie\u00dft Gesch\u00e4ftsjahr 2010 erfolgreich ab - Allgeier SE","og_description":"M\u00fcnchen, 18. Februar 2011 - Die Allgeier Holding AG (ISIN: DE0005086300; WKN: 508630) schlie\u00dft das Gesch\u00e4ftsjahr 2010 nach vorl\u00e4ufigen Zahlen hervorragend ab und konnte sowohl im Umsatz wie auch im Ergebnis gem\u00e4\u00df IFRS deutlich zulegen. Allgeier steigerte den Konzernumsatz gem\u00e4\u00df IFRS im Berichtszeitraum","og_url":"https:\/\/www.allgeier.com\/de\/investor-relations\/adhoc-announcements\/allgeier-holding-ag-schliesst-geschaeftsjahr-2010-erfolgreich-ab\/","og_site_name":"Allgeier SE","article_modified_time":"2023-01-22T17:10:07+00:00","twitter_card":"summary_large_image","twitter_misc":{"Gesch\u00e4tzte Lesezeit":"3\u00a0Minuten"},"schema":{"@context":"https:\/\/schema.org","@graph":[{"@type":"WebPage","@id":"https:\/\/www.allgeier.com\/de\/investor-relations\/adhoc-announcements\/allgeier-holding-ag-schliesst-geschaeftsjahr-2010-erfolgreich-ab\/","url":"https:\/\/www.allgeier.com\/de\/investor-relations\/adhoc-announcements\/allgeier-holding-ag-schliesst-geschaeftsjahr-2010-erfolgreich-ab\/","name":"Allgeier Holding AG schlie\u00dft Gesch\u00e4ftsjahr 2010 erfolgreich ab - Allgeier SE","isPartOf":{"@id":"https:\/\/www.allgeier.com\/de\/#website"},"datePublished":"2011-02-18T08:36:09+00:00","dateModified":"2023-01-22T17:10:07+00:00","breadcrumb":{"@id":"https:\/\/www.allgeier.com\/de\/investor-relations\/adhoc-announcements\/allgeier-holding-ag-schliesst-geschaeftsjahr-2010-erfolgreich-ab\/#breadcrumb"},"inLanguage":"de","potentialAction":[{"@type":"ReadAction","target":["https:\/\/www.allgeier.com\/de\/investor-relations\/adhoc-announcements\/allgeier-holding-ag-schliesst-geschaeftsjahr-2010-erfolgreich-ab\/"]}]},{"@type":"BreadcrumbList","@id":"https:\/\/www.allgeier.com\/de\/investor-relations\/adhoc-announcements\/allgeier-holding-ag-schliesst-geschaeftsjahr-2010-erfolgreich-ab\/#breadcrumb","itemListElement":[{"@type":"ListItem","position":1,"name":"Home","item":"https:\/\/www.allgeier.com\/de\/"},{"@type":"ListItem","position":2,"name":"Investor Relations","item":"https:\/\/www.allgeier.com\/de\/investor-relations\/"},{"@type":"ListItem","position":3,"name":"Ad hoc-Mitteilungen","item":"https:\/\/www.allgeier.com\/de\/investor-relations\/adhoc-announcements\/"},{"@type":"ListItem","position":4,"name":"Allgeier Holding AG schlie\u00dft Gesch\u00e4ftsjahr 2010 erfolgreich ab"}]},{"@type":"WebSite","@id":"https:\/\/www.allgeier.com\/de\/#website","url":"https:\/\/www.allgeier.com\/de\/","name":"Allgeier SE","description":"Software &amp; IT Services for digital transformation","potentialAction":[{"@type":"SearchAction","target":{"@type":"EntryPoint","urlTemplate":"https:\/\/www.allgeier.com\/de\/?s={search_term_string}"},"query-input":{"@type":"PropertyValueSpecification","valueRequired":true,"valueName":"search_term_string"}}],"inLanguage":"de"}]}},"_links":{"self":[{"href":"https:\/\/www.allgeier.com\/de\/wp-json\/wp\/v2\/pages\/5584","targetHints":{"allow":["GET"]}}],"collection":[{"href":"https:\/\/www.allgeier.com\/de\/wp-json\/wp\/v2\/pages"}],"about":[{"href":"https:\/\/www.allgeier.com\/de\/wp-json\/wp\/v2\/types\/page"}],"author":[{"embeddable":true,"href":"https:\/\/www.allgeier.com\/de\/wp-json\/wp\/v2\/users\/4"}],"replies":[{"embeddable":true,"href":"https:\/\/www.allgeier.com\/de\/wp-json\/wp\/v2\/comments?post=5584"}],"version-history":[{"count":1,"href":"https:\/\/www.allgeier.com\/de\/wp-json\/wp\/v2\/pages\/5584\/revisions"}],"predecessor-version":[{"id":5585,"href":"https:\/\/www.allgeier.com\/de\/wp-json\/wp\/v2\/pages\/5584\/revisions\/5585"}],"up":[{"embeddable":true,"href":"https:\/\/www.allgeier.com\/de\/wp-json\/wp\/v2\/pages\/1155"}],"wp:attachment":[{"href":"https:\/\/www.allgeier.com\/de\/wp-json\/wp\/v2\/media?parent=5584"}],"wp:term":[{"taxonomy":"category","embeddable":true,"href":"https:\/\/www.allgeier.com\/de\/wp-json\/wp\/v2\/categories?post=5584"},{"taxonomy":"post_tag","embeddable":true,"href":"https:\/\/www.allgeier.com\/de\/wp-json\/wp\/v2\/tags?post=5584"}],"curies":[{"name":"wp","href":"https:\/\/api.w.org\/{rel}","templated":true}]}}