{"id":5586,"date":"2010-12-03T09:37:31","date_gmt":"2010-12-03T10:37:31","guid":{"rendered":"https:\/\/www.allgeier.com\/de\/?page_id=5586"},"modified":"2023-01-22T17:10:07","modified_gmt":"2023-01-22T17:10:07","slug":"allgeier-holding-ag-erwartet-gute-geschaeftsentwicklung-fuer-2010-2011-und-folgejahre","status":"publish","type":"page","link":"https:\/\/www.allgeier.com\/de\/investor-relations\/adhoc-announcements\/allgeier-holding-ag-erwartet-gute-geschaeftsentwicklung-fuer-2010-2011-und-folgejahre\/","title":{"rendered":"Allgeier Holding AG erwartet gute Gesch\u00e4ftsentwicklung f\u00fcr 2010, 2011 und Folgejahre"},"content":{"rendered":"<p><b>ALLGEIER HOLDING AG  \/ Schlagwort(e): Prognose<\/b>03.12.2010 11:37Ver\u00f6ffentlichung einer Ad-hoc-Mitteilung nach \u00a7 15 WpHG, \u00fcbermittelt durchdie DGAP &#8211; ein Unternehmen der EquityStory AG.F\u00fcr den Inhalt der Mitteilung ist der Emittent verantwortlich.&#8212;&#8212;&#8212;&#8212;&#8212;&#8212;&#8212;&#8212;&#8212;&#8212;&#8212;&#8212;&#8212;&#8212;&#8212;&#8212;&#8212;&#8212;&#8212;&#8212;&#8212;&#8212;&#8212;&#8212;&#8212;M\u00fcnchen, 3. Dezember 2010 &#8211; Die Allgeier Holding AG (ISIN: DE0005086300;WKN: 508630) erwartet nach einem starken dritten Quartal 2010 auch imlaufenden vierten Quartal eine anhaltend gute Entwicklung in Umsatz undErgebnis. Insgesamt zeigt der Forecast f\u00fcr die Gruppe f\u00fcr 2010 einen Umsatzvon rd. 300 Mio. Euro (IFRS) und eine deutliche Verbesserung derErgebnislage.Die f\u00fchrenden Marktforschungsinstitute rechnen mit einer positivenEntwicklung des IT-Marktes und der f\u00fcr Allgeier relevantenGesch\u00e4ftsbereiche f\u00fcr 2011 und die Folgejahre. Nach Abschluss der im Herbsterfolgten Unternehmensplanung 2011-2013 erwartet das Management f\u00fcr dien\u00e4chsten Jahre eine signifikante Steigerung in Umsatz und Ergebnis. So wirdf\u00fcr 2011 ein zweistelliges Umsatzplus der heutigen Portfoliogesellschaftenin der Gr\u00f6\u00dfenordnung von bis zu 20% erwartet. Aufgrund der erfolgreichenRestrukturierung von Verlustbereichen in 2010, der vollen Konsolidierungder im Laufe von 2010 erworbenen Unternehmen sowie des geplanten Wachstumsder Portfoliogesellschaften mit der positiven Auswirkung entsprechenderRentabilit\u00e4tssteigerungen erwartet das Management f\u00fcr die Gruppe in 2011eine \u00fcberproportionale Ergebnisentwicklung. Auch f\u00fcr die Jahre 2012 und2013 soll das breit angelegte Gesch\u00e4ftsportfolio die Marktentwicklungoutperformen.Dar\u00fcber hinaus wird die Gruppe die erfolgreiche Akquisitionspolitikkonsequent fortsetzen. Die Umsatz- und Ergebnisbeitr\u00e4ge der in Zukunftakquirierten Unternehmen sind in der aktuellen Unternehmensplanung2011-2013 noch nicht enthalten.Kontakt: Allgeier Holding AGWehrlestr. 1281679 M\u00fcnchenTel.: +49 (0)89\/998421-0Fax: +49 (0)89\/998421-11eMail: ir@allgeier-holding.de Web: www.allgeier.comKurzprofil Allgeier Holding AG:Die Allgeier Holding AG ist eine b\u00f6rsennotierte Dienstleistungsgruppe mitSitz in M\u00fcnchen. Die Unternehmen der Allgeier Gruppe konzentrieren sich aufden wachsenden Markt f\u00fcr IT Services sowie angrenzende Dienstleistungen zurFlexibilisierung von Arbeits- und Kostenstrukturen. Die Unternehmen derAllgeier Gruppe werden unter dem Dach der Allgeier Holding AG jeweils voneigenen Gesch\u00e4ftsf\u00fchrungen geleitet. Die einzelnen Gesellschaften arbeitenim Sinne mittelst\u00e4ndischer Unternehmen eigenst\u00e4ndig und nutzen zugleich dasgesamte Service- und Leistungsspektrum der Unternehmensgruppe. Die Holding\u00fcbernimmt dabei insbesondere die strategische Steuerung, das Management desGruppenwachstums, Konzernfinanzierung und -controlling sowie weiterezentrale Funktionen. Die Allgeier Gruppe umfasst 15 operativeTochtergesellschaften mit insgesamt 1.250 festen und 1.300 freienMitarbeitern und betreut \u00fcber 2.500 Kunden aus allen Branchen. InDeutschland verf\u00fcgt die Gesellschaft \u00fcber 43 Niederlassungen und 13 weiterein den Niederlanden, Belgien, Rum\u00e4nien, der Schweiz und \u00d6sterreich. DieAllgeier Holding AG ist am regulierten Markt der Frankfurter B\u00f6rse imSegment General Standard notiert (WKN 508630\/ISIN DE0005086300). WeitereInformationen unter: www.allgeier.com.03.12.2010 Die DGAP Distributionsservices umfassen gesetzliche Meldepflichten, Corporate News\/Finanznachrichten und Pressemitteilungen. DGAP-Medienarchive unter www.dgap-medientreff.de und www.dgap.de&#8212;&#8212;&#8212;&#8212;&#8212;&#8212;&#8212;&#8212;&#8212;&#8212;&#8212;&#8212;&#8212;&#8212;&#8212;&#8212;&#8212;&#8212;&#8212;&#8212;&#8212;&#8212;&#8212;&#8212;&#8212; Sprache:      DeutschUnternehmen:  ALLGEIER HOLDING AG              Wehrlestra\u00dfe 12              81679 M\u00fcnchen              DeutschlandTelefon:      +49 (0) 89 &#8211; 99 84 21 0Fax:          +49 (0) 89 &#8211; 99 84 21 11E-Mail:       info@allgeier.comInternet:     http:\/\/www.allgeier.comISIN:         DE0005086300WKN:          508630Indizes:      CDAXB\u00f6rsen:       Regulierter Markt in Frankfurt (General Standard);              Freiverkehr in Berlin, D\u00fcsseldorf, Hamburg, Stuttgart Ende der Mitteilung                             DGAP News-Service &#8212;&#8212;&#8212;&#8212;&#8212;&#8212;&#8212;&#8212;&#8212;&#8212;&#8212;&#8212;&#8212;&#8212;&#8212;&#8212;&#8212;&#8212;&#8212;&#8212;&#8212;&#8212;&#8212;&#8212;&#8212;<\/p>\n","protected":false},"excerpt":{"rendered":"<p>M\u00fcnchen, 3. Dezember 2010 &#8211; Die Allgeier Holding AG (ISIN: DE0005086300; WKN: 508630) erwartet nach einem starken dritten Quartal 2010 auch im laufenden vierten Quartal eine anhaltend gute Entwicklung in Umsatz und Ergebnis. Insgesamt zeigt der Forecast f\u00fcr die Gruppe f\u00fcr 2010 einen Umsatz von rd. 300<\/p>\n","protected":false},"author":4,"featured_media":0,"parent":1155,"menu_order":0,"comment_status":"close","ping_status":"closed","template":"","meta":{"_acf_changed":false,"footnotes":""},"categories":[],"tags":[],"class_list":["post-5586","page","type-page","status-publish","hentry"],"acf":[],"yoast_head":"<!-- This site is optimized with the Yoast SEO plugin v27.4 - https:\/\/yoast.com\/product\/yoast-seo-wordpress\/ -->\n<title>Allgeier Holding AG erwartet gute Gesch\u00e4ftsentwicklung f\u00fcr 2010, 2011 und Folgejahre - Allgeier SE<\/title>\n<meta name=\"robots\" content=\"index, follow, max-snippet:-1, max-image-preview:large, max-video-preview:-1\" \/>\n<link rel=\"canonical\" href=\"https:\/\/www.allgeier.com\/de\/investor-relations\/adhoc-announcements\/allgeier-holding-ag-erwartet-gute-geschaeftsentwicklung-fuer-2010-2011-und-folgejahre\/\" \/>\n<meta property=\"og:locale\" content=\"de_DE\" \/>\n<meta property=\"og:type\" content=\"article\" \/>\n<meta property=\"og:title\" content=\"Allgeier Holding AG erwartet gute Gesch\u00e4ftsentwicklung f\u00fcr 2010, 2011 und Folgejahre - Allgeier SE\" \/>\n<meta property=\"og:description\" content=\"M\u00fcnchen, 3. Dezember 2010 - Die Allgeier Holding AG (ISIN: DE0005086300; WKN: 508630) erwartet nach einem starken dritten Quartal 2010 auch im laufenden vierten Quartal eine anhaltend gute Entwicklung in Umsatz und Ergebnis. Insgesamt zeigt der Forecast f\u00fcr die Gruppe f\u00fcr 2010 einen Umsatz von rd. 300\" \/>\n<meta property=\"og:url\" content=\"https:\/\/www.allgeier.com\/de\/investor-relations\/adhoc-announcements\/allgeier-holding-ag-erwartet-gute-geschaeftsentwicklung-fuer-2010-2011-und-folgejahre\/\" \/>\n<meta property=\"og:site_name\" content=\"Allgeier SE\" \/>\n<meta property=\"article:modified_time\" content=\"2023-01-22T17:10:07+00:00\" \/>\n<meta name=\"twitter:card\" content=\"summary_large_image\" \/>\n<meta name=\"twitter:label1\" content=\"Gesch\u00e4tzte Lesezeit\" \/>\n\t<meta name=\"twitter:data1\" content=\"2\u00a0Minuten\" \/>\n<script type=\"application\/ld+json\" class=\"yoast-schema-graph\">{\"@context\":\"https:\\\/\\\/schema.org\",\"@graph\":[{\"@type\":\"WebPage\",\"@id\":\"https:\\\/\\\/www.allgeier.com\\\/de\\\/investor-relations\\\/adhoc-announcements\\\/allgeier-holding-ag-erwartet-gute-geschaeftsentwicklung-fuer-2010-2011-und-folgejahre\\\/\",\"url\":\"https:\\\/\\\/www.allgeier.com\\\/de\\\/investor-relations\\\/adhoc-announcements\\\/allgeier-holding-ag-erwartet-gute-geschaeftsentwicklung-fuer-2010-2011-und-folgejahre\\\/\",\"name\":\"Allgeier Holding AG erwartet gute Gesch\u00e4ftsentwicklung f\u00fcr 2010, 2011 und Folgejahre - Allgeier SE\",\"isPartOf\":{\"@id\":\"https:\\\/\\\/www.allgeier.com\\\/de\\\/#website\"},\"datePublished\":\"2010-12-03T10:37:31+00:00\",\"dateModified\":\"2023-01-22T17:10:07+00:00\",\"breadcrumb\":{\"@id\":\"https:\\\/\\\/www.allgeier.com\\\/de\\\/investor-relations\\\/adhoc-announcements\\\/allgeier-holding-ag-erwartet-gute-geschaeftsentwicklung-fuer-2010-2011-und-folgejahre\\\/#breadcrumb\"},\"inLanguage\":\"de\",\"potentialAction\":[{\"@type\":\"ReadAction\",\"target\":[\"https:\\\/\\\/www.allgeier.com\\\/de\\\/investor-relations\\\/adhoc-announcements\\\/allgeier-holding-ag-erwartet-gute-geschaeftsentwicklung-fuer-2010-2011-und-folgejahre\\\/\"]}]},{\"@type\":\"BreadcrumbList\",\"@id\":\"https:\\\/\\\/www.allgeier.com\\\/de\\\/investor-relations\\\/adhoc-announcements\\\/allgeier-holding-ag-erwartet-gute-geschaeftsentwicklung-fuer-2010-2011-und-folgejahre\\\/#breadcrumb\",\"itemListElement\":[{\"@type\":\"ListItem\",\"position\":1,\"name\":\"Home\",\"item\":\"https:\\\/\\\/www.allgeier.com\\\/de\\\/\"},{\"@type\":\"ListItem\",\"position\":2,\"name\":\"Investor Relations\",\"item\":\"https:\\\/\\\/www.allgeier.com\\\/de\\\/investor-relations\\\/\"},{\"@type\":\"ListItem\",\"position\":3,\"name\":\"Ad hoc-Mitteilungen\",\"item\":\"https:\\\/\\\/www.allgeier.com\\\/de\\\/investor-relations\\\/adhoc-announcements\\\/\"},{\"@type\":\"ListItem\",\"position\":4,\"name\":\"Allgeier Holding AG erwartet gute Gesch\u00e4ftsentwicklung f\u00fcr 2010, 2011 und Folgejahre\"}]},{\"@type\":\"WebSite\",\"@id\":\"https:\\\/\\\/www.allgeier.com\\\/de\\\/#website\",\"url\":\"https:\\\/\\\/www.allgeier.com\\\/de\\\/\",\"name\":\"Allgeier SE\",\"description\":\"Software &amp; IT Services for digital transformation\",\"potentialAction\":[{\"@type\":\"SearchAction\",\"target\":{\"@type\":\"EntryPoint\",\"urlTemplate\":\"https:\\\/\\\/www.allgeier.com\\\/de\\\/?s={search_term_string}\"},\"query-input\":{\"@type\":\"PropertyValueSpecification\",\"valueRequired\":true,\"valueName\":\"search_term_string\"}}],\"inLanguage\":\"de\"}]}<\/script>\n<!-- \/ Yoast SEO plugin. -->","yoast_head_json":{"title":"Allgeier Holding AG erwartet gute Gesch\u00e4ftsentwicklung f\u00fcr 2010, 2011 und Folgejahre - Allgeier SE","robots":{"index":"index","follow":"follow","max-snippet":"max-snippet:-1","max-image-preview":"max-image-preview:large","max-video-preview":"max-video-preview:-1"},"canonical":"https:\/\/www.allgeier.com\/de\/investor-relations\/adhoc-announcements\/allgeier-holding-ag-erwartet-gute-geschaeftsentwicklung-fuer-2010-2011-und-folgejahre\/","og_locale":"de_DE","og_type":"article","og_title":"Allgeier Holding AG erwartet gute Gesch\u00e4ftsentwicklung f\u00fcr 2010, 2011 und Folgejahre - Allgeier SE","og_description":"M\u00fcnchen, 3. Dezember 2010 - Die Allgeier Holding AG (ISIN: DE0005086300; WKN: 508630) erwartet nach einem starken dritten Quartal 2010 auch im laufenden vierten Quartal eine anhaltend gute Entwicklung in Umsatz und Ergebnis. Insgesamt zeigt der Forecast f\u00fcr die Gruppe f\u00fcr 2010 einen Umsatz von rd. 300","og_url":"https:\/\/www.allgeier.com\/de\/investor-relations\/adhoc-announcements\/allgeier-holding-ag-erwartet-gute-geschaeftsentwicklung-fuer-2010-2011-und-folgejahre\/","og_site_name":"Allgeier SE","article_modified_time":"2023-01-22T17:10:07+00:00","twitter_card":"summary_large_image","twitter_misc":{"Gesch\u00e4tzte Lesezeit":"2\u00a0Minuten"},"schema":{"@context":"https:\/\/schema.org","@graph":[{"@type":"WebPage","@id":"https:\/\/www.allgeier.com\/de\/investor-relations\/adhoc-announcements\/allgeier-holding-ag-erwartet-gute-geschaeftsentwicklung-fuer-2010-2011-und-folgejahre\/","url":"https:\/\/www.allgeier.com\/de\/investor-relations\/adhoc-announcements\/allgeier-holding-ag-erwartet-gute-geschaeftsentwicklung-fuer-2010-2011-und-folgejahre\/","name":"Allgeier Holding AG erwartet gute Gesch\u00e4ftsentwicklung f\u00fcr 2010, 2011 und Folgejahre - Allgeier SE","isPartOf":{"@id":"https:\/\/www.allgeier.com\/de\/#website"},"datePublished":"2010-12-03T10:37:31+00:00","dateModified":"2023-01-22T17:10:07+00:00","breadcrumb":{"@id":"https:\/\/www.allgeier.com\/de\/investor-relations\/adhoc-announcements\/allgeier-holding-ag-erwartet-gute-geschaeftsentwicklung-fuer-2010-2011-und-folgejahre\/#breadcrumb"},"inLanguage":"de","potentialAction":[{"@type":"ReadAction","target":["https:\/\/www.allgeier.com\/de\/investor-relations\/adhoc-announcements\/allgeier-holding-ag-erwartet-gute-geschaeftsentwicklung-fuer-2010-2011-und-folgejahre\/"]}]},{"@type":"BreadcrumbList","@id":"https:\/\/www.allgeier.com\/de\/investor-relations\/adhoc-announcements\/allgeier-holding-ag-erwartet-gute-geschaeftsentwicklung-fuer-2010-2011-und-folgejahre\/#breadcrumb","itemListElement":[{"@type":"ListItem","position":1,"name":"Home","item":"https:\/\/www.allgeier.com\/de\/"},{"@type":"ListItem","position":2,"name":"Investor Relations","item":"https:\/\/www.allgeier.com\/de\/investor-relations\/"},{"@type":"ListItem","position":3,"name":"Ad hoc-Mitteilungen","item":"https:\/\/www.allgeier.com\/de\/investor-relations\/adhoc-announcements\/"},{"@type":"ListItem","position":4,"name":"Allgeier Holding AG erwartet gute Gesch\u00e4ftsentwicklung f\u00fcr 2010, 2011 und Folgejahre"}]},{"@type":"WebSite","@id":"https:\/\/www.allgeier.com\/de\/#website","url":"https:\/\/www.allgeier.com\/de\/","name":"Allgeier SE","description":"Software &amp; IT Services for digital transformation","potentialAction":[{"@type":"SearchAction","target":{"@type":"EntryPoint","urlTemplate":"https:\/\/www.allgeier.com\/de\/?s={search_term_string}"},"query-input":{"@type":"PropertyValueSpecification","valueRequired":true,"valueName":"search_term_string"}}],"inLanguage":"de"}]}},"_links":{"self":[{"href":"https:\/\/www.allgeier.com\/de\/wp-json\/wp\/v2\/pages\/5586","targetHints":{"allow":["GET"]}}],"collection":[{"href":"https:\/\/www.allgeier.com\/de\/wp-json\/wp\/v2\/pages"}],"about":[{"href":"https:\/\/www.allgeier.com\/de\/wp-json\/wp\/v2\/types\/page"}],"author":[{"embeddable":true,"href":"https:\/\/www.allgeier.com\/de\/wp-json\/wp\/v2\/users\/4"}],"replies":[{"embeddable":true,"href":"https:\/\/www.allgeier.com\/de\/wp-json\/wp\/v2\/comments?post=5586"}],"version-history":[{"count":1,"href":"https:\/\/www.allgeier.com\/de\/wp-json\/wp\/v2\/pages\/5586\/revisions"}],"predecessor-version":[{"id":5587,"href":"https:\/\/www.allgeier.com\/de\/wp-json\/wp\/v2\/pages\/5586\/revisions\/5587"}],"up":[{"embeddable":true,"href":"https:\/\/www.allgeier.com\/de\/wp-json\/wp\/v2\/pages\/1155"}],"wp:attachment":[{"href":"https:\/\/www.allgeier.com\/de\/wp-json\/wp\/v2\/media?parent=5586"}],"wp:term":[{"taxonomy":"category","embeddable":true,"href":"https:\/\/www.allgeier.com\/de\/wp-json\/wp\/v2\/categories?post=5586"},{"taxonomy":"post_tag","embeddable":true,"href":"https:\/\/www.allgeier.com\/de\/wp-json\/wp\/v2\/tags?post=5586"}],"curies":[{"name":"wp","href":"https:\/\/api.w.org\/{rel}","templated":true}]}}