{"id":5590,"date":"2010-08-16T09:12:03","date_gmt":"2010-08-16T09:12:03","guid":{"rendered":"https:\/\/www.allgeier.com\/de\/?page_id=5590"},"modified":"2023-01-22T17:10:07","modified_gmt":"2023-01-22T17:10:07","slug":"allgeier-holding-ag-allgeier-holding-ag-weiter-auf-positivem-wachstumspfad","status":"publish","type":"page","link":"https:\/\/www.allgeier.com\/de\/investor-relations\/adhoc-announcements\/allgeier-holding-ag-allgeier-holding-ag-weiter-auf-positivem-wachstumspfad\/","title":{"rendered":"ALLGEIER HOLDING AG: Allgeier Holding AG weiter auf positivem Wachstumspfad"},"content":{"rendered":"<p><b>ALLGEIER HOLDING AG \/ Halbjahresergebnis<\/b>16.08.2010 11:12Ver\u00f6ffentlichung einer Ad-hoc-Mitteilung nach \u00a7 15 WpHG, \u00fcbermitteltdurch die DGAP &#8211; ein Unternehmen der EquityStory AG.F\u00fcr den Inhalt der Mitteilung ist der Emittent verantwortlich.&#8212;&#8212;&#8212;&#8212;&#8212;&#8212;&#8212;&#8212;&#8212;&#8212;&#8212;&#8212;&#8212;&#8212;&#8212;&#8212;&#8212;&#8212;&#8212;&#8212;&#8212;&#8212;&#8212;&#8212;&#8212;M\u00fcnchen, 16. August 2010 &#8211; Die Allgeier Holding AG (ISIN: DE0005086300;WKN: 508630), ein f\u00fchrender IT-Dienstleister in Deutschland, gibt dieGesch\u00e4ftszahlen f\u00fcr das zweite Quartal sowie das erste Halbjahr 2010bekannt.Allgeier konnte im zweiten Quartal (01.04.2010 &#8211; 30.06.2010) ihrenpositiven Wachstumskurs fortf\u00fchren und weitere Marktanteile gewinnen. DieUms\u00e4tze stiegen im zweiten Quartal 2010 um 35% auf 71,7 Mio. EUR (Q2 2009:53,2 Mio. EUR). Das EBITA (Ergebnis vor Zinsen, Steuern und Abschreibungenauf Kaufpreis-Allokationen), die zentrale operative F\u00fchrungsgr\u00f6\u00dfe in derAllgeier-Gruppe, blieb mit 2,5 Mio. EUR auf Vorjahresniveau (Q2 2009: 2,5Mio. EUR).F\u00fcr das erste Halbjahr 2010 (01.01.2010 &#8211; 30.06.2010) ergibt sich eineUmsatzsteigerung von 24% auf 133,7 Mio. EUR. Das Umsatzplus resultiertsowohl aus einem organischen Wachstum von 9% wie auch aus der Zugeh\u00f6rigkeitder neuen Gruppengesellschaften Allgeier Data Center Services, Solveos,Didas und BSR &amp; Partner.Das EBITDA (Ergebnis vor Zinsen, Steuern und Abschreibungen) ging im erstenHalbjahr 2010 um 7% auf 5,2 Mio. EUR (Vorjahr: 5,5 Mio. EUR) zur\u00fcck. DasEBITA fiel um 14% auf 4,2 Mio. EUR (Vorjahr: 4,9 Mio. EUR), und das EBIT(Ergebnis vor Zinsen und Steuern) reduzierte sich um 7% auf 2,7 Mio. EUR(Vorjahr: 2,9 Mio. EUR). In der Pro-Forma-Betrachtung, unter Einbezug dergesamten Ergebnisse aller zum 30.06.2010 zur Gruppe zugeh\u00f6rigenUnternehmen, lag das EBITA bei 5,4 Mio. EUR und damit 7% hinter demVorjahrsergebnis von 5,8 Mio. EUR.F\u00fcr den Ergebnisr\u00fcckgang verantwortlich waren das wirtschaftlich schwierigeMarktumfeld, die negativen Ergebnisbeitr\u00e4ge in H\u00f6he von insgesamt 0,6 Mio.EUR der aus Insolvenzen erworbenen Gesellschaften und Verm\u00f6gensgegenst\u00e4ndeder Allgeier Data Center Services und Solveos im ersten Quartal 2010 sowiedie Belastungen durch geringere Auftragsvolumina einzelner Kunden imIT-Services-Bereich.Der Halbjahresbericht 2010 der Allgeier Holding AG steht ab sofort auf derWebsite www.allgeier-holding.de zum Download zur Verf\u00fcgung.Kontakt: Allgeier Holding AGDr. Holger von DanielsWehrlestr. 1281679 M\u00fcnchenTel.: +49 (0)89\/998421-0Fax: +49 (0)89\/998421-11eMail: ir@allgeier-holding.de Web: www.allgeier.comKurzprofil Allgeier Holding AG:Die Allgeier Holding AG ist eine b\u00f6rsennotierte Dienstleistungsgruppe mitSitz in M\u00fcnchen. Die Unternehmen der Allgeier Gruppe konzentrieren sich aufden wachsenden Markt f\u00fcr IT Services sowie angrenzende Dienstleistungen zurFlexibilisierung von Arbeits- und Kostenstrukturen. Die Unternehmen derAllgeier Gruppe werden unter dem Dach der Allgeier Holding AG jeweils voneigenen Gesch\u00e4ftsf\u00fchrungen geleitet. Die einzelnen Gesellschaften arbeitenim Sinne mittelst\u00e4ndischer Unternehmen eigenst\u00e4ndig und nutzen zugleich dasgesamte Service- und Leistungsspektrum der Unternehmensgruppe. Die Holding\u00fcbernimmt dabei insbesondere die strategische Steuerung, das Management desGruppenwachstums, Konzernfinanzierung und -controlling sowie weiterezentrale Funktionen. Die Allgeier Gruppe umfasst 16 operativeTochtergesellschaften mit insgesamt 1.250 festen und 1.300 freienMitarbeitern und betreut \u00fcber 2.500 Kunden aus allen Branchen. InDeutschland verf\u00fcgt die Gesellschaft \u00fcber 43 Niederlassungen und 14 weiterein den Niederlanden, Belgien, Rum\u00e4nien, der Schweiz und \u00d6sterreich. DieAllgeier Holding AG ist am regulierten Markt der Frankfurter B\u00f6rse imSegment General Standard notiert (WKN 508630\/ISIN DE0005086300). WeitereInformationen unter: www.allgeier.com.16.08.2010 Ad-hoc-Meldungen, Finanznachrichten und Pressemitteilungen \u00fcbermittelt durch die DGAP.Medienarchiv unter http:\/\/www.dgap-medientreff.de und http:\/\/www.dgap.de&#8212;&#8212;&#8212;&#8212;&#8212;&#8212;&#8212;&#8212;&#8212;&#8212;&#8212;&#8212;&#8212;&#8212;&#8212;&#8212;&#8212;&#8212;&#8212;&#8212;&#8212;&#8212;&#8212;&#8212;&#8212; Sprache:      DeutschUnternehmen:  ALLGEIER HOLDING AG              Wehrlestra\u00dfe 12              81679 M\u00fcnchen              DeutschlandTelefon:      +49 (0) 89 &#8211; 99 84 21 0Fax:          +49 (0) 89 &#8211; 99 84 21 11E-Mail:       info@allgeier.comInternet:     http:\/\/www.allgeier.comISIN:         DE0005086300WKN:          508630Indizes:      CDAXB\u00f6rsen:       Regulierter Markt in Frankfurt (General Standard);              Freiverkehr in Hamburg, D\u00fcsseldorf, Berlin, Stuttgart Ende der Mitteilung                             DGAP News-Service &#8212;&#8212;&#8212;&#8212;&#8212;&#8212;&#8212;&#8212;&#8212;&#8212;&#8212;&#8212;&#8212;&#8212;&#8212;&#8212;&#8212;&#8212;&#8212;&#8212;&#8212;&#8212;&#8212;&#8212;&#8212;<\/p>\n","protected":false},"excerpt":{"rendered":"<p>M\u00fcnchen, 16. August 2010 &#8211; Die Allgeier Holding AG (ISIN: DE0005086300; WKN: 508630), ein f\u00fchrender IT-Dienstleister in Deutschland, gibt die Gesch\u00e4ftszahlen f\u00fcr das zweite Quartal sowie das erste Halbjahr 2010 bekannt. Allgeier konnte im zweiten Quartal (01.04.2010 &#8211; 30.06.2010) ihren positiven Wachstumskurs<\/p>\n","protected":false},"author":4,"featured_media":0,"parent":1155,"menu_order":0,"comment_status":"close","ping_status":"closed","template":"","meta":{"_acf_changed":false,"footnotes":""},"categories":[],"tags":[],"class_list":["post-5590","page","type-page","status-publish","hentry"],"acf":[],"yoast_head":"<!-- This site is optimized with the Yoast SEO plugin v27.4 - https:\/\/yoast.com\/product\/yoast-seo-wordpress\/ -->\n<title>ALLGEIER HOLDING AG: Allgeier Holding AG weiter auf positivem Wachstumspfad - Allgeier SE<\/title>\n<meta name=\"robots\" content=\"index, follow, max-snippet:-1, max-image-preview:large, max-video-preview:-1\" \/>\n<link rel=\"canonical\" href=\"https:\/\/www.allgeier.com\/de\/investor-relations\/adhoc-announcements\/allgeier-holding-ag-allgeier-holding-ag-weiter-auf-positivem-wachstumspfad\/\" \/>\n<meta property=\"og:locale\" content=\"de_DE\" \/>\n<meta property=\"og:type\" content=\"article\" \/>\n<meta property=\"og:title\" content=\"ALLGEIER HOLDING AG: Allgeier Holding AG weiter auf positivem Wachstumspfad - Allgeier SE\" \/>\n<meta property=\"og:description\" content=\"M\u00fcnchen, 16. August 2010 - Die Allgeier Holding AG (ISIN: DE0005086300; WKN: 508630), ein f\u00fchrender IT-Dienstleister in Deutschland, gibt die Gesch\u00e4ftszahlen f\u00fcr das zweite Quartal sowie das erste Halbjahr 2010 bekannt. Allgeier konnte im zweiten Quartal (01.04.2010 - 30.06.2010) ihren positiven Wachstumskurs\" \/>\n<meta property=\"og:url\" content=\"https:\/\/www.allgeier.com\/de\/investor-relations\/adhoc-announcements\/allgeier-holding-ag-allgeier-holding-ag-weiter-auf-positivem-wachstumspfad\/\" \/>\n<meta property=\"og:site_name\" content=\"Allgeier SE\" \/>\n<meta property=\"article:modified_time\" content=\"2023-01-22T17:10:07+00:00\" \/>\n<meta name=\"twitter:card\" content=\"summary_large_image\" \/>\n<meta name=\"twitter:label1\" content=\"Gesch\u00e4tzte Lesezeit\" \/>\n\t<meta name=\"twitter:data1\" content=\"3\u00a0Minuten\" \/>\n<script type=\"application\/ld+json\" class=\"yoast-schema-graph\">{\"@context\":\"https:\\\/\\\/schema.org\",\"@graph\":[{\"@type\":\"WebPage\",\"@id\":\"https:\\\/\\\/www.allgeier.com\\\/de\\\/investor-relations\\\/adhoc-announcements\\\/allgeier-holding-ag-allgeier-holding-ag-weiter-auf-positivem-wachstumspfad\\\/\",\"url\":\"https:\\\/\\\/www.allgeier.com\\\/de\\\/investor-relations\\\/adhoc-announcements\\\/allgeier-holding-ag-allgeier-holding-ag-weiter-auf-positivem-wachstumspfad\\\/\",\"name\":\"ALLGEIER HOLDING AG: Allgeier Holding AG weiter auf positivem Wachstumspfad - Allgeier SE\",\"isPartOf\":{\"@id\":\"https:\\\/\\\/www.allgeier.com\\\/de\\\/#website\"},\"datePublished\":\"2010-08-16T09:12:03+00:00\",\"dateModified\":\"2023-01-22T17:10:07+00:00\",\"breadcrumb\":{\"@id\":\"https:\\\/\\\/www.allgeier.com\\\/de\\\/investor-relations\\\/adhoc-announcements\\\/allgeier-holding-ag-allgeier-holding-ag-weiter-auf-positivem-wachstumspfad\\\/#breadcrumb\"},\"inLanguage\":\"de\",\"potentialAction\":[{\"@type\":\"ReadAction\",\"target\":[\"https:\\\/\\\/www.allgeier.com\\\/de\\\/investor-relations\\\/adhoc-announcements\\\/allgeier-holding-ag-allgeier-holding-ag-weiter-auf-positivem-wachstumspfad\\\/\"]}]},{\"@type\":\"BreadcrumbList\",\"@id\":\"https:\\\/\\\/www.allgeier.com\\\/de\\\/investor-relations\\\/adhoc-announcements\\\/allgeier-holding-ag-allgeier-holding-ag-weiter-auf-positivem-wachstumspfad\\\/#breadcrumb\",\"itemListElement\":[{\"@type\":\"ListItem\",\"position\":1,\"name\":\"Home\",\"item\":\"https:\\\/\\\/www.allgeier.com\\\/de\\\/\"},{\"@type\":\"ListItem\",\"position\":2,\"name\":\"Investor Relations\",\"item\":\"https:\\\/\\\/www.allgeier.com\\\/de\\\/investor-relations\\\/\"},{\"@type\":\"ListItem\",\"position\":3,\"name\":\"Ad hoc-Mitteilungen\",\"item\":\"https:\\\/\\\/www.allgeier.com\\\/de\\\/investor-relations\\\/adhoc-announcements\\\/\"},{\"@type\":\"ListItem\",\"position\":4,\"name\":\"ALLGEIER HOLDING AG: Allgeier Holding AG weiter auf positivem Wachstumspfad\"}]},{\"@type\":\"WebSite\",\"@id\":\"https:\\\/\\\/www.allgeier.com\\\/de\\\/#website\",\"url\":\"https:\\\/\\\/www.allgeier.com\\\/de\\\/\",\"name\":\"Allgeier SE\",\"description\":\"Software &amp; IT Services for digital transformation\",\"potentialAction\":[{\"@type\":\"SearchAction\",\"target\":{\"@type\":\"EntryPoint\",\"urlTemplate\":\"https:\\\/\\\/www.allgeier.com\\\/de\\\/?s={search_term_string}\"},\"query-input\":{\"@type\":\"PropertyValueSpecification\",\"valueRequired\":true,\"valueName\":\"search_term_string\"}}],\"inLanguage\":\"de\"}]}<\/script>\n<!-- \/ Yoast SEO plugin. -->","yoast_head_json":{"title":"ALLGEIER HOLDING AG: Allgeier Holding AG weiter auf positivem Wachstumspfad - Allgeier SE","robots":{"index":"index","follow":"follow","max-snippet":"max-snippet:-1","max-image-preview":"max-image-preview:large","max-video-preview":"max-video-preview:-1"},"canonical":"https:\/\/www.allgeier.com\/de\/investor-relations\/adhoc-announcements\/allgeier-holding-ag-allgeier-holding-ag-weiter-auf-positivem-wachstumspfad\/","og_locale":"de_DE","og_type":"article","og_title":"ALLGEIER HOLDING AG: Allgeier Holding AG weiter auf positivem Wachstumspfad - Allgeier SE","og_description":"M\u00fcnchen, 16. August 2010 - Die Allgeier Holding AG (ISIN: DE0005086300; WKN: 508630), ein f\u00fchrender IT-Dienstleister in Deutschland, gibt die Gesch\u00e4ftszahlen f\u00fcr das zweite Quartal sowie das erste Halbjahr 2010 bekannt. Allgeier konnte im zweiten Quartal (01.04.2010 - 30.06.2010) ihren positiven Wachstumskurs","og_url":"https:\/\/www.allgeier.com\/de\/investor-relations\/adhoc-announcements\/allgeier-holding-ag-allgeier-holding-ag-weiter-auf-positivem-wachstumspfad\/","og_site_name":"Allgeier SE","article_modified_time":"2023-01-22T17:10:07+00:00","twitter_card":"summary_large_image","twitter_misc":{"Gesch\u00e4tzte Lesezeit":"3\u00a0Minuten"},"schema":{"@context":"https:\/\/schema.org","@graph":[{"@type":"WebPage","@id":"https:\/\/www.allgeier.com\/de\/investor-relations\/adhoc-announcements\/allgeier-holding-ag-allgeier-holding-ag-weiter-auf-positivem-wachstumspfad\/","url":"https:\/\/www.allgeier.com\/de\/investor-relations\/adhoc-announcements\/allgeier-holding-ag-allgeier-holding-ag-weiter-auf-positivem-wachstumspfad\/","name":"ALLGEIER HOLDING AG: Allgeier Holding AG weiter auf positivem Wachstumspfad - Allgeier SE","isPartOf":{"@id":"https:\/\/www.allgeier.com\/de\/#website"},"datePublished":"2010-08-16T09:12:03+00:00","dateModified":"2023-01-22T17:10:07+00:00","breadcrumb":{"@id":"https:\/\/www.allgeier.com\/de\/investor-relations\/adhoc-announcements\/allgeier-holding-ag-allgeier-holding-ag-weiter-auf-positivem-wachstumspfad\/#breadcrumb"},"inLanguage":"de","potentialAction":[{"@type":"ReadAction","target":["https:\/\/www.allgeier.com\/de\/investor-relations\/adhoc-announcements\/allgeier-holding-ag-allgeier-holding-ag-weiter-auf-positivem-wachstumspfad\/"]}]},{"@type":"BreadcrumbList","@id":"https:\/\/www.allgeier.com\/de\/investor-relations\/adhoc-announcements\/allgeier-holding-ag-allgeier-holding-ag-weiter-auf-positivem-wachstumspfad\/#breadcrumb","itemListElement":[{"@type":"ListItem","position":1,"name":"Home","item":"https:\/\/www.allgeier.com\/de\/"},{"@type":"ListItem","position":2,"name":"Investor Relations","item":"https:\/\/www.allgeier.com\/de\/investor-relations\/"},{"@type":"ListItem","position":3,"name":"Ad hoc-Mitteilungen","item":"https:\/\/www.allgeier.com\/de\/investor-relations\/adhoc-announcements\/"},{"@type":"ListItem","position":4,"name":"ALLGEIER HOLDING AG: Allgeier Holding AG weiter auf positivem Wachstumspfad"}]},{"@type":"WebSite","@id":"https:\/\/www.allgeier.com\/de\/#website","url":"https:\/\/www.allgeier.com\/de\/","name":"Allgeier SE","description":"Software &amp; IT Services for digital transformation","potentialAction":[{"@type":"SearchAction","target":{"@type":"EntryPoint","urlTemplate":"https:\/\/www.allgeier.com\/de\/?s={search_term_string}"},"query-input":{"@type":"PropertyValueSpecification","valueRequired":true,"valueName":"search_term_string"}}],"inLanguage":"de"}]}},"_links":{"self":[{"href":"https:\/\/www.allgeier.com\/de\/wp-json\/wp\/v2\/pages\/5590","targetHints":{"allow":["GET"]}}],"collection":[{"href":"https:\/\/www.allgeier.com\/de\/wp-json\/wp\/v2\/pages"}],"about":[{"href":"https:\/\/www.allgeier.com\/de\/wp-json\/wp\/v2\/types\/page"}],"author":[{"embeddable":true,"href":"https:\/\/www.allgeier.com\/de\/wp-json\/wp\/v2\/users\/4"}],"replies":[{"embeddable":true,"href":"https:\/\/www.allgeier.com\/de\/wp-json\/wp\/v2\/comments?post=5590"}],"version-history":[{"count":1,"href":"https:\/\/www.allgeier.com\/de\/wp-json\/wp\/v2\/pages\/5590\/revisions"}],"predecessor-version":[{"id":5591,"href":"https:\/\/www.allgeier.com\/de\/wp-json\/wp\/v2\/pages\/5590\/revisions\/5591"}],"up":[{"embeddable":true,"href":"https:\/\/www.allgeier.com\/de\/wp-json\/wp\/v2\/pages\/1155"}],"wp:attachment":[{"href":"https:\/\/www.allgeier.com\/de\/wp-json\/wp\/v2\/media?parent=5590"}],"wp:term":[{"taxonomy":"category","embeddable":true,"href":"https:\/\/www.allgeier.com\/de\/wp-json\/wp\/v2\/categories?post=5590"},{"taxonomy":"post_tag","embeddable":true,"href":"https:\/\/www.allgeier.com\/de\/wp-json\/wp\/v2\/tags?post=5590"}],"curies":[{"name":"wp","href":"https:\/\/api.w.org\/{rel}","templated":true}]}}