{"id":5596,"date":"2010-04-26T15:24:42","date_gmt":"2010-04-26T15:24:42","guid":{"rendered":"https:\/\/www.allgeier.com\/de\/?page_id=5596"},"modified":"2023-01-22T17:10:08","modified_gmt":"2023-01-22T17:10:08","slug":"allgeier-holding-ag-rechtsmittel-gegen-steuerbescheide-erfolgreich-wertberichtigung-auf-aktive-latente-steuern-im-konzernabschluss-wird-rueckgaengig-gemacht","status":"publish","type":"page","link":"https:\/\/www.allgeier.com\/de\/investor-relations\/adhoc-announcements\/allgeier-holding-ag-rechtsmittel-gegen-steuerbescheide-erfolgreich-wertberichtigung-auf-aktive-latente-steuern-im-konzernabschluss-wird-rueckgaengig-gemacht\/","title":{"rendered":"ALLGEIER HOLDING AG: Rechtsmittel gegen Steuerbescheide erfolgreich &#8211; Wertberichtigung auf &#8218;Aktive Latente Steuern&#8216; im Konzernabschluss wird r\u00fcckg\u00e4ngig gemacht"},"content":{"rendered":"<p><b>ALLGEIER HOLDING AG \/ Jahresergebnis\/Rechtssache<\/b>26.04.2010 17:24Ver\u00f6ffentlichung einer Ad-hoc-Mitteilung nach \u00a7 15 WpHG, \u00fcbermitteltdurch die DGAP &#8211; ein Unternehmen der EquityStory AG.F\u00fcr den Inhalt der Mitteilung ist der Emittent verantwortlich.&#8212;&#8212;&#8212;&#8212;&#8212;&#8212;&#8212;&#8212;&#8212;&#8212;&#8212;&#8212;&#8212;&#8212;&#8212;&#8212;&#8212;&#8212;&#8212;&#8212;&#8212;&#8212;&#8212;&#8212;&#8212;M\u00fcnchen, 26. April 2010 &#8211; Mit Ad-hoc-Mitteilung vom 26. Januar 2009 hattedie Allgeier Holding AG berichtet, dass sie im Konzernabschluss zum 31.Dezember 2008 eine Wertberichtigung auf die Bilanzposition &#8218;Aktive LatenteSteuern&#8216; in H\u00f6he von 2,872 Mio. EUR vorgenommen hat. Hintergrund war dieNichtanerkennung von vor dem 31. Dezember 2005 erfolgten Wertberichtigungeneines Darlehens der Allgeier Holding AG an ihre TochtergesellschaftAllgeier Beteiligungen GmbH durch die Finanzverwaltung im Rahmen derBetriebspr\u00fcfung. Allgeier Holding AG hatte gegen die Bescheide derFinanzverwaltung Rechtsmittel eingelegt. Diese Rechtmittel warenerfolgreich. Am heutigen Tag hat die Allgeier Holding AG entsprechendege\u00e4nderte Steuerbescheide erhalten, die die urspr\u00fcngliche H\u00f6he derVerlustvortr\u00e4ge anerkennen. Die vorgenommene Wertberichtigung auf dieBilanzposition &#8218;Aktive Latente Steuern&#8216; kann damit r\u00fcckg\u00e4ngig gemachtwerden. Von dem genannten Betrag von 2,872 Mio. EUR nutzt die AllgeierHolding AG einen Teilbetrag bereits im Rahmen der steuerlichen Veranlagungf\u00fcr das Jahr 2009. Der verbleibende Teilbetrag von ca. 1,8 Mio. EUR wirdvorbehaltlich entsprechender Aktivierung von &#8218;Aktiven Latenten Steuern&#8216; dasKonzernergebnis nach Steuern f\u00fcr das Gesch\u00e4ftsjahr 2010 erh\u00f6hen. Kontakt:Allgeier Holding AGWehrlestr. 1281679 M\u00fcnchenTel. 089-998421-0Fax  089-998421-11www.allgeier.comKurzprofil Allgeier Holding AG:Die Allgeier Holding AG ist eine b\u00f6rsennotierte Dienstleistungsgruppe mitSitz in M\u00fcnchen. Die Unternehmen der Allgeier Gruppe konzentrieren sich aufden wachsenden Markt f\u00fcr IT Services sowie angrenzende Dienstleistungen zurFlexibilisierung von Besch\u00e4ftigungs- und Kostenstrukturen. Die Unternehmender Allgeier Gruppe werden unter dem Dach der Allgeier Holding AG jeweilsvon eigenen Gesch\u00e4ftsf\u00fchrungen geleitet. Die einzelnen Gesellschaftenarbeiten im Sinne mittelst\u00e4ndischer Unternehmen eigenst\u00e4ndig und nutzenzugleich das gesamte Service- und Leistungsspektrum der Unternehmensgruppe.Die Holding \u00fcbernimmt dabei insbesondere die strategische Steuerung, dasManagement des Gruppenwachstums, Konzernfinanzierung und -controlling sowieweitere zentrale Funktionen. Die Allgeier Gruppe besch\u00e4ftigt derzeit ca.1.300 Mitarbeiter und ca. 1.200 freiberuflich t\u00e4tige Experten und betreut\u00fcber 2.000 Kunden aus allen Branchen in Deutschland. Die Allgeier HoldingAG ist am regulierten Markt der Frankfurter B\u00f6rse im Segment GeneralStandard notiert (WKN 508630\/ISIN DE000508630). Weitere Informationenunter: www.allgeier.com.26.04.2010 Ad-hoc-Meldungen, Finanznachrichten und Pressemitteilungen \u00fcbermittelt durch die DGAP.Medienarchiv unter http:\/\/www.dgap-medientreff.de und http:\/\/www.dgap.de&#8212;&#8212;&#8212;&#8212;&#8212;&#8212;&#8212;&#8212;&#8212;&#8212;&#8212;&#8212;&#8212;&#8212;&#8212;&#8212;&#8212;&#8212;&#8212;&#8212;&#8212;&#8212;&#8212;&#8212;&#8212; Sprache:      DeutschUnternehmen:  ALLGEIER HOLDING AG              Wehrlestra\u00dfe 12              81679 M\u00fcnchen              DeutschlandTelefon:      +49 (0) 89 &#8211; 99 84 21 0Fax:          +49 (0) 89 &#8211; 99 84 21 11E-Mail:       info@allgeier.comInternet:     http:\/\/www.allgeier.comISIN:         DE0005086300WKN:          508630Indizes:      CDAXB\u00f6rsen:       Regulierter Markt in Frankfurt (General Standard);              Freiverkehr in Berlin, D\u00fcsseldorf, Stuttgart, Hamburg Ende der Mitteilung                             DGAP News-Service &#8212;&#8212;&#8212;&#8212;&#8212;&#8212;&#8212;&#8212;&#8212;&#8212;&#8212;&#8212;&#8212;&#8212;&#8212;&#8212;&#8212;&#8212;&#8212;&#8212;&#8212;&#8212;&#8212;&#8212;&#8212;<\/p>\n","protected":false},"excerpt":{"rendered":"<p>M\u00fcnchen, 26. April 2010 &#8211; Mit Ad-hoc-Mitteilung vom 26. Januar 2009 hatte die Allgeier Holding AG berichtet, dass sie im Konzernabschluss zum 31. Dezember 2008 eine Wertberichtigung auf die Bilanzposition &#8218;Aktive Latente Steuern&#8216; in H\u00f6he von 2,872 Mio. EUR vorgenommen hat. Hintergrund war die Nichtanerkennung<\/p>\n","protected":false},"author":4,"featured_media":0,"parent":1155,"menu_order":0,"comment_status":"close","ping_status":"closed","template":"","meta":{"_acf_changed":false,"footnotes":""},"categories":[],"tags":[],"class_list":["post-5596","page","type-page","status-publish","hentry"],"acf":[],"yoast_head":"<!-- This site is optimized with the Yoast SEO plugin v27.4 - https:\/\/yoast.com\/product\/yoast-seo-wordpress\/ -->\n<title>ALLGEIER HOLDING AG: Rechtsmittel gegen Steuerbescheide erfolgreich - Wertberichtigung auf &#039;Aktive Latente Steuern&#039; im Konzernabschluss wird r\u00fcckg\u00e4ngig gemacht - Allgeier SE<\/title>\n<meta name=\"robots\" content=\"index, follow, max-snippet:-1, max-image-preview:large, max-video-preview:-1\" \/>\n<link rel=\"canonical\" href=\"https:\/\/www.allgeier.com\/de\/investor-relations\/adhoc-announcements\/allgeier-holding-ag-rechtsmittel-gegen-steuerbescheide-erfolgreich-wertberichtigung-auf-aktive-latente-steuern-im-konzernabschluss-wird-rueckgaengig-gemacht\/\" \/>\n<meta property=\"og:locale\" content=\"de_DE\" \/>\n<meta property=\"og:type\" content=\"article\" \/>\n<meta property=\"og:title\" content=\"ALLGEIER HOLDING AG: Rechtsmittel gegen Steuerbescheide erfolgreich - Wertberichtigung auf &#039;Aktive Latente Steuern&#039; im Konzernabschluss wird r\u00fcckg\u00e4ngig gemacht - Allgeier SE\" \/>\n<meta property=\"og:description\" content=\"M\u00fcnchen, 26. April 2010 - Mit Ad-hoc-Mitteilung vom 26. Januar 2009 hatte die Allgeier Holding AG berichtet, dass sie im Konzernabschluss zum 31. Dezember 2008 eine Wertberichtigung auf die Bilanzposition &#039;Aktive Latente Steuern&#039; in H\u00f6he von 2,872 Mio. EUR vorgenommen hat. Hintergrund war die Nichtanerkennung\" \/>\n<meta property=\"og:url\" content=\"https:\/\/www.allgeier.com\/de\/investor-relations\/adhoc-announcements\/allgeier-holding-ag-rechtsmittel-gegen-steuerbescheide-erfolgreich-wertberichtigung-auf-aktive-latente-steuern-im-konzernabschluss-wird-rueckgaengig-gemacht\/\" \/>\n<meta property=\"og:site_name\" content=\"Allgeier SE\" \/>\n<meta property=\"article:modified_time\" content=\"2023-01-22T17:10:08+00:00\" \/>\n<meta name=\"twitter:card\" content=\"summary_large_image\" \/>\n<meta name=\"twitter:label1\" content=\"Gesch\u00e4tzte Lesezeit\" \/>\n\t<meta name=\"twitter:data1\" content=\"2\u00a0Minuten\" \/>\n<script type=\"application\/ld+json\" class=\"yoast-schema-graph\">{\"@context\":\"https:\\\/\\\/schema.org\",\"@graph\":[{\"@type\":\"WebPage\",\"@id\":\"https:\\\/\\\/www.allgeier.com\\\/de\\\/investor-relations\\\/adhoc-announcements\\\/allgeier-holding-ag-rechtsmittel-gegen-steuerbescheide-erfolgreich-wertberichtigung-auf-aktive-latente-steuern-im-konzernabschluss-wird-rueckgaengig-gemacht\\\/\",\"url\":\"https:\\\/\\\/www.allgeier.com\\\/de\\\/investor-relations\\\/adhoc-announcements\\\/allgeier-holding-ag-rechtsmittel-gegen-steuerbescheide-erfolgreich-wertberichtigung-auf-aktive-latente-steuern-im-konzernabschluss-wird-rueckgaengig-gemacht\\\/\",\"name\":\"ALLGEIER HOLDING AG: Rechtsmittel gegen Steuerbescheide erfolgreich - Wertberichtigung auf 'Aktive Latente Steuern' im Konzernabschluss wird r\u00fcckg\u00e4ngig gemacht - Allgeier SE\",\"isPartOf\":{\"@id\":\"https:\\\/\\\/www.allgeier.com\\\/de\\\/#website\"},\"datePublished\":\"2010-04-26T15:24:42+00:00\",\"dateModified\":\"2023-01-22T17:10:08+00:00\",\"breadcrumb\":{\"@id\":\"https:\\\/\\\/www.allgeier.com\\\/de\\\/investor-relations\\\/adhoc-announcements\\\/allgeier-holding-ag-rechtsmittel-gegen-steuerbescheide-erfolgreich-wertberichtigung-auf-aktive-latente-steuern-im-konzernabschluss-wird-rueckgaengig-gemacht\\\/#breadcrumb\"},\"inLanguage\":\"de\",\"potentialAction\":[{\"@type\":\"ReadAction\",\"target\":[\"https:\\\/\\\/www.allgeier.com\\\/de\\\/investor-relations\\\/adhoc-announcements\\\/allgeier-holding-ag-rechtsmittel-gegen-steuerbescheide-erfolgreich-wertberichtigung-auf-aktive-latente-steuern-im-konzernabschluss-wird-rueckgaengig-gemacht\\\/\"]}]},{\"@type\":\"BreadcrumbList\",\"@id\":\"https:\\\/\\\/www.allgeier.com\\\/de\\\/investor-relations\\\/adhoc-announcements\\\/allgeier-holding-ag-rechtsmittel-gegen-steuerbescheide-erfolgreich-wertberichtigung-auf-aktive-latente-steuern-im-konzernabschluss-wird-rueckgaengig-gemacht\\\/#breadcrumb\",\"itemListElement\":[{\"@type\":\"ListItem\",\"position\":1,\"name\":\"Home\",\"item\":\"https:\\\/\\\/www.allgeier.com\\\/de\\\/\"},{\"@type\":\"ListItem\",\"position\":2,\"name\":\"Investor Relations\",\"item\":\"https:\\\/\\\/www.allgeier.com\\\/de\\\/investor-relations\\\/\"},{\"@type\":\"ListItem\",\"position\":3,\"name\":\"Ad hoc-Mitteilungen\",\"item\":\"https:\\\/\\\/www.allgeier.com\\\/de\\\/investor-relations\\\/adhoc-announcements\\\/\"},{\"@type\":\"ListItem\",\"position\":4,\"name\":\"ALLGEIER HOLDING AG: Rechtsmittel gegen Steuerbescheide erfolgreich &#8211; Wertberichtigung auf &#8218;Aktive Latente Steuern&#8216; im Konzernabschluss wird r\u00fcckg\u00e4ngig gemacht\"}]},{\"@type\":\"WebSite\",\"@id\":\"https:\\\/\\\/www.allgeier.com\\\/de\\\/#website\",\"url\":\"https:\\\/\\\/www.allgeier.com\\\/de\\\/\",\"name\":\"Allgeier SE\",\"description\":\"Software &amp; IT Services for digital transformation\",\"potentialAction\":[{\"@type\":\"SearchAction\",\"target\":{\"@type\":\"EntryPoint\",\"urlTemplate\":\"https:\\\/\\\/www.allgeier.com\\\/de\\\/?s={search_term_string}\"},\"query-input\":{\"@type\":\"PropertyValueSpecification\",\"valueRequired\":true,\"valueName\":\"search_term_string\"}}],\"inLanguage\":\"de\"}]}<\/script>\n<!-- \/ Yoast SEO plugin. -->","yoast_head_json":{"title":"ALLGEIER HOLDING AG: Rechtsmittel gegen Steuerbescheide erfolgreich - Wertberichtigung auf 'Aktive Latente Steuern' im Konzernabschluss wird r\u00fcckg\u00e4ngig gemacht - Allgeier SE","robots":{"index":"index","follow":"follow","max-snippet":"max-snippet:-1","max-image-preview":"max-image-preview:large","max-video-preview":"max-video-preview:-1"},"canonical":"https:\/\/www.allgeier.com\/de\/investor-relations\/adhoc-announcements\/allgeier-holding-ag-rechtsmittel-gegen-steuerbescheide-erfolgreich-wertberichtigung-auf-aktive-latente-steuern-im-konzernabschluss-wird-rueckgaengig-gemacht\/","og_locale":"de_DE","og_type":"article","og_title":"ALLGEIER HOLDING AG: Rechtsmittel gegen Steuerbescheide erfolgreich - Wertberichtigung auf 'Aktive Latente Steuern' im Konzernabschluss wird r\u00fcckg\u00e4ngig gemacht - Allgeier SE","og_description":"M\u00fcnchen, 26. April 2010 - Mit Ad-hoc-Mitteilung vom 26. Januar 2009 hatte die Allgeier Holding AG berichtet, dass sie im Konzernabschluss zum 31. Dezember 2008 eine Wertberichtigung auf die Bilanzposition 'Aktive Latente Steuern' in H\u00f6he von 2,872 Mio. EUR vorgenommen hat. Hintergrund war die Nichtanerkennung","og_url":"https:\/\/www.allgeier.com\/de\/investor-relations\/adhoc-announcements\/allgeier-holding-ag-rechtsmittel-gegen-steuerbescheide-erfolgreich-wertberichtigung-auf-aktive-latente-steuern-im-konzernabschluss-wird-rueckgaengig-gemacht\/","og_site_name":"Allgeier SE","article_modified_time":"2023-01-22T17:10:08+00:00","twitter_card":"summary_large_image","twitter_misc":{"Gesch\u00e4tzte Lesezeit":"2\u00a0Minuten"},"schema":{"@context":"https:\/\/schema.org","@graph":[{"@type":"WebPage","@id":"https:\/\/www.allgeier.com\/de\/investor-relations\/adhoc-announcements\/allgeier-holding-ag-rechtsmittel-gegen-steuerbescheide-erfolgreich-wertberichtigung-auf-aktive-latente-steuern-im-konzernabschluss-wird-rueckgaengig-gemacht\/","url":"https:\/\/www.allgeier.com\/de\/investor-relations\/adhoc-announcements\/allgeier-holding-ag-rechtsmittel-gegen-steuerbescheide-erfolgreich-wertberichtigung-auf-aktive-latente-steuern-im-konzernabschluss-wird-rueckgaengig-gemacht\/","name":"ALLGEIER HOLDING AG: Rechtsmittel gegen Steuerbescheide erfolgreich - Wertberichtigung auf 'Aktive Latente Steuern' im Konzernabschluss wird r\u00fcckg\u00e4ngig gemacht - Allgeier SE","isPartOf":{"@id":"https:\/\/www.allgeier.com\/de\/#website"},"datePublished":"2010-04-26T15:24:42+00:00","dateModified":"2023-01-22T17:10:08+00:00","breadcrumb":{"@id":"https:\/\/www.allgeier.com\/de\/investor-relations\/adhoc-announcements\/allgeier-holding-ag-rechtsmittel-gegen-steuerbescheide-erfolgreich-wertberichtigung-auf-aktive-latente-steuern-im-konzernabschluss-wird-rueckgaengig-gemacht\/#breadcrumb"},"inLanguage":"de","potentialAction":[{"@type":"ReadAction","target":["https:\/\/www.allgeier.com\/de\/investor-relations\/adhoc-announcements\/allgeier-holding-ag-rechtsmittel-gegen-steuerbescheide-erfolgreich-wertberichtigung-auf-aktive-latente-steuern-im-konzernabschluss-wird-rueckgaengig-gemacht\/"]}]},{"@type":"BreadcrumbList","@id":"https:\/\/www.allgeier.com\/de\/investor-relations\/adhoc-announcements\/allgeier-holding-ag-rechtsmittel-gegen-steuerbescheide-erfolgreich-wertberichtigung-auf-aktive-latente-steuern-im-konzernabschluss-wird-rueckgaengig-gemacht\/#breadcrumb","itemListElement":[{"@type":"ListItem","position":1,"name":"Home","item":"https:\/\/www.allgeier.com\/de\/"},{"@type":"ListItem","position":2,"name":"Investor Relations","item":"https:\/\/www.allgeier.com\/de\/investor-relations\/"},{"@type":"ListItem","position":3,"name":"Ad hoc-Mitteilungen","item":"https:\/\/www.allgeier.com\/de\/investor-relations\/adhoc-announcements\/"},{"@type":"ListItem","position":4,"name":"ALLGEIER HOLDING AG: Rechtsmittel gegen Steuerbescheide erfolgreich &#8211; Wertberichtigung auf &#8218;Aktive Latente Steuern&#8216; im Konzernabschluss wird r\u00fcckg\u00e4ngig gemacht"}]},{"@type":"WebSite","@id":"https:\/\/www.allgeier.com\/de\/#website","url":"https:\/\/www.allgeier.com\/de\/","name":"Allgeier SE","description":"Software &amp; IT Services for digital transformation","potentialAction":[{"@type":"SearchAction","target":{"@type":"EntryPoint","urlTemplate":"https:\/\/www.allgeier.com\/de\/?s={search_term_string}"},"query-input":{"@type":"PropertyValueSpecification","valueRequired":true,"valueName":"search_term_string"}}],"inLanguage":"de"}]}},"_links":{"self":[{"href":"https:\/\/www.allgeier.com\/de\/wp-json\/wp\/v2\/pages\/5596","targetHints":{"allow":["GET"]}}],"collection":[{"href":"https:\/\/www.allgeier.com\/de\/wp-json\/wp\/v2\/pages"}],"about":[{"href":"https:\/\/www.allgeier.com\/de\/wp-json\/wp\/v2\/types\/page"}],"author":[{"embeddable":true,"href":"https:\/\/www.allgeier.com\/de\/wp-json\/wp\/v2\/users\/4"}],"replies":[{"embeddable":true,"href":"https:\/\/www.allgeier.com\/de\/wp-json\/wp\/v2\/comments?post=5596"}],"version-history":[{"count":1,"href":"https:\/\/www.allgeier.com\/de\/wp-json\/wp\/v2\/pages\/5596\/revisions"}],"predecessor-version":[{"id":5597,"href":"https:\/\/www.allgeier.com\/de\/wp-json\/wp\/v2\/pages\/5596\/revisions\/5597"}],"up":[{"embeddable":true,"href":"https:\/\/www.allgeier.com\/de\/wp-json\/wp\/v2\/pages\/1155"}],"wp:attachment":[{"href":"https:\/\/www.allgeier.com\/de\/wp-json\/wp\/v2\/media?parent=5596"}],"wp:term":[{"taxonomy":"category","embeddable":true,"href":"https:\/\/www.allgeier.com\/de\/wp-json\/wp\/v2\/categories?post=5596"},{"taxonomy":"post_tag","embeddable":true,"href":"https:\/\/www.allgeier.com\/de\/wp-json\/wp\/v2\/tags?post=5596"}],"curies":[{"name":"wp","href":"https:\/\/api.w.org\/{rel}","templated":true}]}}