{"id":5598,"date":"2010-04-21T13:20:41","date_gmt":"2010-04-21T13:20:41","guid":{"rendered":"https:\/\/www.allgeier.com\/de\/?page_id=5598"},"modified":"2023-01-22T17:10:08","modified_gmt":"2023-01-22T17:10:08","slug":"allgeier-verstaerkt-sich-durch-mehrheitsbeteiligung-an-der-bsr-partner-ag","status":"publish","type":"page","link":"https:\/\/www.allgeier.com\/de\/investor-relations\/adhoc-announcements\/allgeier-verstaerkt-sich-durch-mehrheitsbeteiligung-an-der-bsr-partner-ag\/","title":{"rendered":"Allgeier verst\u00e4rkt sich durch Mehrheitsbeteiligung an der BSR &amp; Partner AG"},"content":{"rendered":"<p><b>ALLGEIER HOLDING AG \/ Firmen\u00fcbernahme<\/b>21.04.2010 15:20Ver\u00f6ffentlichung einer Ad-hoc-Mitteilung nach \u00a7 15 WpHG, \u00fcbermitteltdurch die DGAP &#8211; ein Unternehmen der EquityStory AG.F\u00fcr den Inhalt der Mitteilung ist der Emittent verantwortlich.&#8212;&#8212;&#8212;&#8212;&#8212;&#8212;&#8212;&#8212;&#8212;&#8212;&#8212;&#8212;&#8212;&#8212;&#8212;&#8212;&#8212;&#8212;&#8212;&#8212;&#8212;&#8212;&#8212;&#8212;&#8212;M\u00fcnchen, 21. April 2010 &#8211; Die Allgeier Holding AG hat sich heute mit denAktion\u00e4ren der BSR &amp; Partner AG mit Sitz in Zug, Schweiz, \u00fcber den Erwerbeiner Mehrheitsbeteiligung von 75 Prozent an der BSR &amp; Partner AG geeinigtund entsprechende Vertr\u00e4ge geschlossen. Der vereinbarte Gesamtkaufpreisliegt im unteren zweistelligen Millionenbereich und enth\u00e4ltergebnisabh\u00e4ngige Earn-Out-Komponenten. Zur Durchf\u00fchrung der Vertr\u00e4ge habendie Vertragsparteien Closing-Bedingungen vereinbart, die in den kommendenWochen erf\u00fcllt werden.Nach Wirksamwerden der Akquisition der DIDAS AG zum 1. Januar 2010erweitert Allgeier mit der Beteiligung an der BSR &amp; Partner AG erneut dasService Portfolio und die Fl\u00e4chenabdeckung ihres IT Solutions Bereichs inden Schweizer Markt hinein.BSR &amp; Partner AG ist einer der f\u00fchrenden mittelst\u00e4ndischen IT-ServiceProvider in der Schweiz. BSR erbringt f\u00fcr ihre Kunden hochqualifizierteDienstleistungen mit Fokus auf Data Storage, Back-up undArchivierungssoftware. Die Standorte der Gesellschaft befinden sich in Zug,Rotkreuz und Bern. 2009 erzielte die Gesellschaft einen Umsatz von ca. 25Mio. CHF. Seit Jahren konnte die Gesellschaft ein positive Ergebnis undkonstantes Wachstum aufweisen. Die bisherigen Aktion\u00e4re und das SchweizerManagement der BSR bleiben wesentlich an der Gesellschaft beteiligt undwerden die BSR im Verbund der Allgeier Gruppe weiter verantwortlich f\u00fchrenund die Allgeier Gruppe im Schweizer Markt repr\u00e4sentieren. F\u00fcr die BSR undihre Kunden bedeutet der Eintritt in den Verbund der Allgeier Gruppe unddie k\u00fcnftige Zusammenarbeit mit den anderen Gruppengesellschaften eineerhebliche Erweiterung des Service Portfolios und der k\u00fcnftigenEntwicklungsm\u00f6glichkeiten.Kontakt:Dr. Holger von DanielsAllgeier Holding AGWehrlestr. 1281679 M\u00fcnchenTel. 089-998421-0Fax  089-998421-11www.allgeier.comKurzprofil Allgeier Holding AG:Die Allgeier Holding AG ist eine b\u00f6rsennotierte Dienstleistungsgruppe mitSitz in M\u00fcnchen. Die Unternehmen der Allgeier Gruppe konzentrieren sich aufden wachsenden Markt f\u00fcr IT Services sowie angrenzende Dienstleistungen zurFlexibilisierung von Besch\u00e4ftigungs- und Kostenstrukturen. Die Unternehmender Allgeier Gruppe werden unter dem Dach der Allgeier Holding AG jeweilsvon eigenen Gesch\u00e4ftsf\u00fchrungen geleitet. Die einzelnen Gesellschaftenarbeiten im Sinne mittelst\u00e4ndischer Unternehmen eigenst\u00e4ndig und nutzenzugleich das gesamte Service- und Leistungsspektrum der Unternehmensgruppe.Die Holding \u00fcbernimmt dabei insbesondere die strategische Steuerung, dasManagement des Gruppenwachstums, Konzernfinanzierung und -controlling sowieweitere zentrale Funktionen. Die Allgeier Gruppe besch\u00e4ftigt derzeit ca.1.300 Mitarbeiter und ca. 1.200 freiberuflich t\u00e4tige Experten und betreut\u00fcber 2.000 Kunden aus allen Branchen in Deutschland. Die Allgeier HoldingAG ist am regulierten Markt der Frankfurter B\u00f6rse im Segment GeneralStandard notiert (WKN 508630\/ISIN DE000508630). Weitere Informationenunter: www.allgeier.com.21.04.2010 Ad-hoc-Meldungen, Finanznachrichten und Pressemitteilungen \u00fcbermittelt durch die DGAP.Medienarchiv unter http:\/\/www.dgap-medientreff.de und http:\/\/www.dgap.de&#8212;&#8212;&#8212;&#8212;&#8212;&#8212;&#8212;&#8212;&#8212;&#8212;&#8212;&#8212;&#8212;&#8212;&#8212;&#8212;&#8212;&#8212;&#8212;&#8212;&#8212;&#8212;&#8212;&#8212;&#8212; Sprache:      DeutschUnternehmen:  ALLGEIER HOLDING AG              Wehrlestra\u00dfe 12              81679 M\u00fcnchen              DeutschlandTelefon:      +49 (0) 89 &#8211; 99 84 21 0Fax:          +49 (0) 89 &#8211; 99 84 21 11E-Mail:       info@allgeier.comInternet:     http:\/\/www.allgeier.comISIN:         DE0005086300WKN:          508630Indizes:      CDAXB\u00f6rsen:       Regulierter Markt in Frankfurt (General Standard);              Freiverkehr in Berlin, D\u00fcsseldorf, Stuttgart, Hamburg Ende der Mitteilung                             DGAP News-Service &#8212;&#8212;&#8212;&#8212;&#8212;&#8212;&#8212;&#8212;&#8212;&#8212;&#8212;&#8212;&#8212;&#8212;&#8212;&#8212;&#8212;&#8212;&#8212;&#8212;&#8212;&#8212;&#8212;&#8212;&#8212;<\/p>\n","protected":false},"excerpt":{"rendered":"<p>M\u00fcnchen, 21. April 2010 &#8211; Die Allgeier Holding AG hat sich heute mit den Aktion\u00e4ren der BSR &#038; Partner AG mit Sitz in Zug, Schweiz, \u00fcber den Erwerb einer Mehrheitsbeteiligung von 75 Prozent an der BSR &#038; Partner AG geeinigt und entsprechende Vertr\u00e4ge geschlossen. Der vereinbarte Gesamtkaufpreis liegt im<\/p>\n","protected":false},"author":4,"featured_media":0,"parent":1155,"menu_order":0,"comment_status":"close","ping_status":"closed","template":"","meta":{"_acf_changed":false,"footnotes":""},"categories":[],"tags":[],"class_list":["post-5598","page","type-page","status-publish","hentry"],"acf":[],"yoast_head":"<!-- This site is optimized with the Yoast SEO plugin v27.4 - https:\/\/yoast.com\/product\/yoast-seo-wordpress\/ -->\n<title>Allgeier verst\u00e4rkt sich durch Mehrheitsbeteiligung an der BSR &amp; Partner AG - Allgeier SE<\/title>\n<meta name=\"robots\" content=\"index, follow, max-snippet:-1, max-image-preview:large, max-video-preview:-1\" \/>\n<link rel=\"canonical\" href=\"https:\/\/www.allgeier.com\/de\/investor-relations\/adhoc-announcements\/allgeier-verstaerkt-sich-durch-mehrheitsbeteiligung-an-der-bsr-partner-ag\/\" \/>\n<meta property=\"og:locale\" content=\"de_DE\" \/>\n<meta property=\"og:type\" content=\"article\" \/>\n<meta property=\"og:title\" content=\"Allgeier verst\u00e4rkt sich durch Mehrheitsbeteiligung an der BSR &amp; Partner AG - Allgeier SE\" \/>\n<meta property=\"og:description\" content=\"M\u00fcnchen, 21. April 2010 - Die Allgeier Holding AG hat sich heute mit den Aktion\u00e4ren der BSR &amp; Partner AG mit Sitz in Zug, Schweiz, \u00fcber den Erwerb einer Mehrheitsbeteiligung von 75 Prozent an der BSR &amp; Partner AG geeinigt und entsprechende Vertr\u00e4ge geschlossen. Der vereinbarte Gesamtkaufpreis liegt im\" \/>\n<meta property=\"og:url\" content=\"https:\/\/www.allgeier.com\/de\/investor-relations\/adhoc-announcements\/allgeier-verstaerkt-sich-durch-mehrheitsbeteiligung-an-der-bsr-partner-ag\/\" \/>\n<meta property=\"og:site_name\" content=\"Allgeier SE\" \/>\n<meta property=\"article:modified_time\" content=\"2023-01-22T17:10:08+00:00\" \/>\n<meta name=\"twitter:card\" content=\"summary_large_image\" \/>\n<meta name=\"twitter:label1\" content=\"Gesch\u00e4tzte Lesezeit\" \/>\n\t<meta name=\"twitter:data1\" content=\"2\u00a0Minuten\" \/>\n<script type=\"application\/ld+json\" class=\"yoast-schema-graph\">{\"@context\":\"https:\\\/\\\/schema.org\",\"@graph\":[{\"@type\":\"WebPage\",\"@id\":\"https:\\\/\\\/www.allgeier.com\\\/de\\\/investor-relations\\\/adhoc-announcements\\\/allgeier-verstaerkt-sich-durch-mehrheitsbeteiligung-an-der-bsr-partner-ag\\\/\",\"url\":\"https:\\\/\\\/www.allgeier.com\\\/de\\\/investor-relations\\\/adhoc-announcements\\\/allgeier-verstaerkt-sich-durch-mehrheitsbeteiligung-an-der-bsr-partner-ag\\\/\",\"name\":\"Allgeier verst\u00e4rkt sich durch Mehrheitsbeteiligung an der BSR &amp; Partner AG - Allgeier SE\",\"isPartOf\":{\"@id\":\"https:\\\/\\\/www.allgeier.com\\\/de\\\/#website\"},\"datePublished\":\"2010-04-21T13:20:41+00:00\",\"dateModified\":\"2023-01-22T17:10:08+00:00\",\"breadcrumb\":{\"@id\":\"https:\\\/\\\/www.allgeier.com\\\/de\\\/investor-relations\\\/adhoc-announcements\\\/allgeier-verstaerkt-sich-durch-mehrheitsbeteiligung-an-der-bsr-partner-ag\\\/#breadcrumb\"},\"inLanguage\":\"de\",\"potentialAction\":[{\"@type\":\"ReadAction\",\"target\":[\"https:\\\/\\\/www.allgeier.com\\\/de\\\/investor-relations\\\/adhoc-announcements\\\/allgeier-verstaerkt-sich-durch-mehrheitsbeteiligung-an-der-bsr-partner-ag\\\/\"]}]},{\"@type\":\"BreadcrumbList\",\"@id\":\"https:\\\/\\\/www.allgeier.com\\\/de\\\/investor-relations\\\/adhoc-announcements\\\/allgeier-verstaerkt-sich-durch-mehrheitsbeteiligung-an-der-bsr-partner-ag\\\/#breadcrumb\",\"itemListElement\":[{\"@type\":\"ListItem\",\"position\":1,\"name\":\"Home\",\"item\":\"https:\\\/\\\/www.allgeier.com\\\/de\\\/\"},{\"@type\":\"ListItem\",\"position\":2,\"name\":\"Investor Relations\",\"item\":\"https:\\\/\\\/www.allgeier.com\\\/de\\\/investor-relations\\\/\"},{\"@type\":\"ListItem\",\"position\":3,\"name\":\"Ad hoc-Mitteilungen\",\"item\":\"https:\\\/\\\/www.allgeier.com\\\/de\\\/investor-relations\\\/adhoc-announcements\\\/\"},{\"@type\":\"ListItem\",\"position\":4,\"name\":\"Allgeier verst\u00e4rkt sich durch Mehrheitsbeteiligung an der BSR &amp; Partner AG\"}]},{\"@type\":\"WebSite\",\"@id\":\"https:\\\/\\\/www.allgeier.com\\\/de\\\/#website\",\"url\":\"https:\\\/\\\/www.allgeier.com\\\/de\\\/\",\"name\":\"Allgeier SE\",\"description\":\"Software &amp; IT Services for digital transformation\",\"potentialAction\":[{\"@type\":\"SearchAction\",\"target\":{\"@type\":\"EntryPoint\",\"urlTemplate\":\"https:\\\/\\\/www.allgeier.com\\\/de\\\/?s={search_term_string}\"},\"query-input\":{\"@type\":\"PropertyValueSpecification\",\"valueRequired\":true,\"valueName\":\"search_term_string\"}}],\"inLanguage\":\"de\"}]}<\/script>\n<!-- \/ Yoast SEO plugin. -->","yoast_head_json":{"title":"Allgeier verst\u00e4rkt sich durch Mehrheitsbeteiligung an der BSR &amp; Partner AG - Allgeier SE","robots":{"index":"index","follow":"follow","max-snippet":"max-snippet:-1","max-image-preview":"max-image-preview:large","max-video-preview":"max-video-preview:-1"},"canonical":"https:\/\/www.allgeier.com\/de\/investor-relations\/adhoc-announcements\/allgeier-verstaerkt-sich-durch-mehrheitsbeteiligung-an-der-bsr-partner-ag\/","og_locale":"de_DE","og_type":"article","og_title":"Allgeier verst\u00e4rkt sich durch Mehrheitsbeteiligung an der BSR &amp; Partner AG - Allgeier SE","og_description":"M\u00fcnchen, 21. April 2010 - Die Allgeier Holding AG hat sich heute mit den Aktion\u00e4ren der BSR & Partner AG mit Sitz in Zug, Schweiz, \u00fcber den Erwerb einer Mehrheitsbeteiligung von 75 Prozent an der BSR & Partner AG geeinigt und entsprechende Vertr\u00e4ge geschlossen. Der vereinbarte Gesamtkaufpreis liegt im","og_url":"https:\/\/www.allgeier.com\/de\/investor-relations\/adhoc-announcements\/allgeier-verstaerkt-sich-durch-mehrheitsbeteiligung-an-der-bsr-partner-ag\/","og_site_name":"Allgeier SE","article_modified_time":"2023-01-22T17:10:08+00:00","twitter_card":"summary_large_image","twitter_misc":{"Gesch\u00e4tzte Lesezeit":"2\u00a0Minuten"},"schema":{"@context":"https:\/\/schema.org","@graph":[{"@type":"WebPage","@id":"https:\/\/www.allgeier.com\/de\/investor-relations\/adhoc-announcements\/allgeier-verstaerkt-sich-durch-mehrheitsbeteiligung-an-der-bsr-partner-ag\/","url":"https:\/\/www.allgeier.com\/de\/investor-relations\/adhoc-announcements\/allgeier-verstaerkt-sich-durch-mehrheitsbeteiligung-an-der-bsr-partner-ag\/","name":"Allgeier verst\u00e4rkt sich durch Mehrheitsbeteiligung an der BSR &amp; Partner AG - Allgeier SE","isPartOf":{"@id":"https:\/\/www.allgeier.com\/de\/#website"},"datePublished":"2010-04-21T13:20:41+00:00","dateModified":"2023-01-22T17:10:08+00:00","breadcrumb":{"@id":"https:\/\/www.allgeier.com\/de\/investor-relations\/adhoc-announcements\/allgeier-verstaerkt-sich-durch-mehrheitsbeteiligung-an-der-bsr-partner-ag\/#breadcrumb"},"inLanguage":"de","potentialAction":[{"@type":"ReadAction","target":["https:\/\/www.allgeier.com\/de\/investor-relations\/adhoc-announcements\/allgeier-verstaerkt-sich-durch-mehrheitsbeteiligung-an-der-bsr-partner-ag\/"]}]},{"@type":"BreadcrumbList","@id":"https:\/\/www.allgeier.com\/de\/investor-relations\/adhoc-announcements\/allgeier-verstaerkt-sich-durch-mehrheitsbeteiligung-an-der-bsr-partner-ag\/#breadcrumb","itemListElement":[{"@type":"ListItem","position":1,"name":"Home","item":"https:\/\/www.allgeier.com\/de\/"},{"@type":"ListItem","position":2,"name":"Investor Relations","item":"https:\/\/www.allgeier.com\/de\/investor-relations\/"},{"@type":"ListItem","position":3,"name":"Ad hoc-Mitteilungen","item":"https:\/\/www.allgeier.com\/de\/investor-relations\/adhoc-announcements\/"},{"@type":"ListItem","position":4,"name":"Allgeier verst\u00e4rkt sich durch Mehrheitsbeteiligung an der BSR &amp; Partner AG"}]},{"@type":"WebSite","@id":"https:\/\/www.allgeier.com\/de\/#website","url":"https:\/\/www.allgeier.com\/de\/","name":"Allgeier SE","description":"Software &amp; IT Services for digital transformation","potentialAction":[{"@type":"SearchAction","target":{"@type":"EntryPoint","urlTemplate":"https:\/\/www.allgeier.com\/de\/?s={search_term_string}"},"query-input":{"@type":"PropertyValueSpecification","valueRequired":true,"valueName":"search_term_string"}}],"inLanguage":"de"}]}},"_links":{"self":[{"href":"https:\/\/www.allgeier.com\/de\/wp-json\/wp\/v2\/pages\/5598","targetHints":{"allow":["GET"]}}],"collection":[{"href":"https:\/\/www.allgeier.com\/de\/wp-json\/wp\/v2\/pages"}],"about":[{"href":"https:\/\/www.allgeier.com\/de\/wp-json\/wp\/v2\/types\/page"}],"author":[{"embeddable":true,"href":"https:\/\/www.allgeier.com\/de\/wp-json\/wp\/v2\/users\/4"}],"replies":[{"embeddable":true,"href":"https:\/\/www.allgeier.com\/de\/wp-json\/wp\/v2\/comments?post=5598"}],"version-history":[{"count":1,"href":"https:\/\/www.allgeier.com\/de\/wp-json\/wp\/v2\/pages\/5598\/revisions"}],"predecessor-version":[{"id":5599,"href":"https:\/\/www.allgeier.com\/de\/wp-json\/wp\/v2\/pages\/5598\/revisions\/5599"}],"up":[{"embeddable":true,"href":"https:\/\/www.allgeier.com\/de\/wp-json\/wp\/v2\/pages\/1155"}],"wp:attachment":[{"href":"https:\/\/www.allgeier.com\/de\/wp-json\/wp\/v2\/media?parent=5598"}],"wp:term":[{"taxonomy":"category","embeddable":true,"href":"https:\/\/www.allgeier.com\/de\/wp-json\/wp\/v2\/categories?post=5598"},{"taxonomy":"post_tag","embeddable":true,"href":"https:\/\/www.allgeier.com\/de\/wp-json\/wp\/v2\/tags?post=5598"}],"curies":[{"name":"wp","href":"https:\/\/api.w.org\/{rel}","templated":true}]}}