{"id":5604,"date":"2009-10-07T17:20:42","date_gmt":"2009-10-07T17:20:42","guid":{"rendered":"https:\/\/www.allgeier.com\/de\/?page_id=5604"},"modified":"2023-01-22T17:10:08","modified_gmt":"2023-01-22T17:10:08","slug":"allgeier-holding-ag-allgeier-verstaerkt-den-geschaeftsbereich-it-solutions-durch-akquisition-des-geschaefts-der-ao-systems-services","status":"publish","type":"page","link":"https:\/\/www.allgeier.com\/de\/investor-relations\/adhoc-announcements\/allgeier-holding-ag-allgeier-verstaerkt-den-geschaeftsbereich-it-solutions-durch-akquisition-des-geschaefts-der-ao-systems-services\/","title":{"rendered":"ALLGEIER HOLDING AG: Allgeier verst\u00e4rkt den Gesch\u00e4ftsbereich IT Solutions durch Akquisition des Gesch\u00e4fts der a&amp;o systems + services"},"content":{"rendered":"<p><b>ALLGEIER HOLDING AG \/ Firmen\u00fcbernahme<\/b>07.10.2009 Ver\u00f6ffentlichung einer Ad-hoc-Mitteilung nach \u00a7 15 WpHG, \u00fcbermitteltdurch die DGAP &#8211; ein Unternehmen der EquityStory AG.F\u00fcr den Inhalt der Mitteilung ist der Emittent verantwortlich.&#8212;&#8212;&#8212;&#8212;&#8212;&#8212;&#8212;&#8212;&#8212;&#8212;&#8212;&#8212;&#8212;&#8212;&#8212;&#8212;&#8212;&#8212;&#8212;&#8212;&#8212;&#8212;&#8212;&#8212;&#8212;M\u00fcnchen, 07. Oktober 2009 &#8211; Die Allgeier Holding AG hat heute gegen\u00fcber derInsolvenzverwalterin der a&amp;o systems + services GmbH (SSG) einverbindliches Angebot f\u00fcr den Erwerb von Vertragsbeziehungen undVerm\u00f6gensgegenst\u00e4nden der SSG sowie f\u00fcr den Erwerb der nicht insolventenTochtergesellschaft a&amp;o communications + services GmbH abgegeben. Allgeierund die Insolvenzverwalterin gehen von einem kurzfristigen Abschlussentsprechender Kaufvertr\u00e4ge aus.Die Akquisition verst\u00e4rkt den Gesch\u00e4ftsbereich IT Solutions der AllgeierGruppe. Unter dem Dach der Allgeier Gruppe steht den Kunden von a&amp;o f\u00fcr dieZukunft ein leistungsf\u00e4higer und kompetenter Service-Partner zur Verf\u00fcgung,der die bisher von der a&amp;o erbrachten Leistungen nahtlos weiterhinerbringen wird.Allgeier Holding AG Kontakt:Allgeier Holding AGVorstandWehrlestr. 1281679 M\u00fcnchenTel. 089\/998421-0Fax  089\/998421-11www.allgeier.comKurzprofil Allgeier Holding AG:Die Allgeier Holding AG ist eine b\u00f6rsennotierte Dienstleistungsgruppe mitSitz in M\u00fcnchen. Die Unternehmen der Allgeier Gruppe konzentrieren sich aufden wachsenden Markt f\u00fcr IT Services sowie angrenzende Dienstleistungen zurFlexibilisierung von Arbeits- und Kostenstrukturen. Die Unternehmen derAllgeier Gruppe werden unter dem Dach der Allgeier Holding AG jeweils voneigenen Gesch\u00e4ftsf\u00fchrungen geleitet. Die einzelnen Gesellschaften arbeitenim Sinne mittelst\u00e4ndischer Unternehmen eigenst\u00e4ndig und nutzen zugleich dasgesamte Service- und Leistungsspektrum der Unternehmensgruppe. Die Holding\u00fcbernimmt dabei insbesondere die strategische Steuerung, das Management desGruppenwachstums, Konzernfinanzierung und -controlling sowie weiterezentrale Funktionen. Die Allgeier Gruppe besch\u00e4ftigt derzeit 831Mitarbeiter und 1.331 freiberuflich t\u00e4tige Experten und betreut Kunden ausallen Branchen in Deutschland. Die Allgeier Holding AG ist am reguliertenMarkt der Frankfurter B\u00f6rse im Segment General Standard notiert (WKN508630\/ISIN DE000508630). Weitere Informationen unter: www.allgeier.com.07.10.2009  Finanznachrichten \u00fcbermittelt durch die DGAP&#8212;&#8212;&#8212;&#8212;&#8212;&#8212;&#8212;&#8212;&#8212;&#8212;&#8212;&#8212;&#8212;&#8212;&#8212;&#8212;&#8212;&#8212;&#8212;&#8212;&#8212;&#8212;&#8212;&#8212;&#8212; Sprache:      DeutschUnternehmen:  ALLGEIER HOLDING AG              Wehrlestra\u00dfe 12              81679 M\u00fcnchen              DeutschlandTelefon:      +49 (0) 89 &#8211; 99 84 21 0Fax:          +49 (0) 89 &#8211; 99 84 21 11E-Mail:       info@allgeier.comInternet:     http:\/\/www.allgeier-holding.comISIN:         DE0005086300WKN:          508630Indizes:      CDAXB\u00f6rsen:       Regulierter Markt in Frankfurt (General Standard);              Freiverkehr in Berlin, D\u00fcsseldorf, Stuttgart, Hamburg Ende der Mitteilung                             DGAP News-Service &#8212;&#8212;&#8212;&#8212;&#8212;&#8212;&#8212;&#8212;&#8212;&#8212;&#8212;&#8212;&#8212;&#8212;&#8212;&#8212;&#8212;&#8212;&#8212;&#8212;&#8212;&#8212;&#8212;&#8212;&#8212;<\/p>\n","protected":false},"excerpt":{"rendered":"<p>M\u00fcnchen, 07. Oktober 2009 &#8211; Die Allgeier Holding AG hat heute gegen\u00fcber der Insolvenzverwalterin der a&#038;o systems + services GmbH (SSG) ein verbindliches Angebot f\u00fcr den Erwerb von Vertragsbeziehungen und Verm\u00f6gensgegenst\u00e4nden der SSG sowie f\u00fcr den Erwerb der nicht insolventen Tochtergesellschaft a&#038;o<\/p>\n","protected":false},"author":4,"featured_media":0,"parent":1155,"menu_order":0,"comment_status":"close","ping_status":"closed","template":"","meta":{"_acf_changed":false,"footnotes":""},"categories":[],"tags":[],"class_list":["post-5604","page","type-page","status-publish","hentry"],"acf":[],"yoast_head":"<!-- This site is optimized with the Yoast SEO plugin v27.4 - https:\/\/yoast.com\/product\/yoast-seo-wordpress\/ -->\n<title>ALLGEIER HOLDING AG: Allgeier verst\u00e4rkt den Gesch\u00e4ftsbereich IT Solutions durch Akquisition des Gesch\u00e4fts der a&amp;o systems + services - Allgeier SE<\/title>\n<meta name=\"robots\" content=\"index, follow, max-snippet:-1, max-image-preview:large, max-video-preview:-1\" \/>\n<link rel=\"canonical\" href=\"https:\/\/www.allgeier.com\/de\/investor-relations\/adhoc-announcements\/allgeier-holding-ag-allgeier-verstaerkt-den-geschaeftsbereich-it-solutions-durch-akquisition-des-geschaefts-der-ao-systems-services\/\" \/>\n<meta property=\"og:locale\" content=\"de_DE\" \/>\n<meta property=\"og:type\" content=\"article\" \/>\n<meta property=\"og:title\" content=\"ALLGEIER HOLDING AG: Allgeier verst\u00e4rkt den Gesch\u00e4ftsbereich IT Solutions durch Akquisition des Gesch\u00e4fts der a&amp;o systems + services - Allgeier SE\" \/>\n<meta property=\"og:description\" content=\"M\u00fcnchen, 07. Oktober 2009 - Die Allgeier Holding AG hat heute gegen\u00fcber der Insolvenzverwalterin der a&amp;o systems + services GmbH (SSG) ein verbindliches Angebot f\u00fcr den Erwerb von Vertragsbeziehungen und Verm\u00f6gensgegenst\u00e4nden der SSG sowie f\u00fcr den Erwerb der nicht insolventen Tochtergesellschaft a&amp;o\" \/>\n<meta property=\"og:url\" content=\"https:\/\/www.allgeier.com\/de\/investor-relations\/adhoc-announcements\/allgeier-holding-ag-allgeier-verstaerkt-den-geschaeftsbereich-it-solutions-durch-akquisition-des-geschaefts-der-ao-systems-services\/\" \/>\n<meta property=\"og:site_name\" content=\"Allgeier SE\" \/>\n<meta property=\"article:modified_time\" content=\"2023-01-22T17:10:08+00:00\" \/>\n<meta name=\"twitter:card\" content=\"summary_large_image\" \/>\n<meta name=\"twitter:label1\" content=\"Gesch\u00e4tzte Lesezeit\" \/>\n\t<meta name=\"twitter:data1\" content=\"2\u00a0Minuten\" \/>\n<script type=\"application\/ld+json\" class=\"yoast-schema-graph\">{\"@context\":\"https:\\\/\\\/schema.org\",\"@graph\":[{\"@type\":\"WebPage\",\"@id\":\"https:\\\/\\\/www.allgeier.com\\\/de\\\/investor-relations\\\/adhoc-announcements\\\/allgeier-holding-ag-allgeier-verstaerkt-den-geschaeftsbereich-it-solutions-durch-akquisition-des-geschaefts-der-ao-systems-services\\\/\",\"url\":\"https:\\\/\\\/www.allgeier.com\\\/de\\\/investor-relations\\\/adhoc-announcements\\\/allgeier-holding-ag-allgeier-verstaerkt-den-geschaeftsbereich-it-solutions-durch-akquisition-des-geschaefts-der-ao-systems-services\\\/\",\"name\":\"ALLGEIER HOLDING AG: Allgeier verst\u00e4rkt den Gesch\u00e4ftsbereich IT Solutions durch Akquisition des Gesch\u00e4fts der a&amp;o systems + services - Allgeier SE\",\"isPartOf\":{\"@id\":\"https:\\\/\\\/www.allgeier.com\\\/de\\\/#website\"},\"datePublished\":\"2009-10-07T17:20:42+00:00\",\"dateModified\":\"2023-01-22T17:10:08+00:00\",\"breadcrumb\":{\"@id\":\"https:\\\/\\\/www.allgeier.com\\\/de\\\/investor-relations\\\/adhoc-announcements\\\/allgeier-holding-ag-allgeier-verstaerkt-den-geschaeftsbereich-it-solutions-durch-akquisition-des-geschaefts-der-ao-systems-services\\\/#breadcrumb\"},\"inLanguage\":\"de\",\"potentialAction\":[{\"@type\":\"ReadAction\",\"target\":[\"https:\\\/\\\/www.allgeier.com\\\/de\\\/investor-relations\\\/adhoc-announcements\\\/allgeier-holding-ag-allgeier-verstaerkt-den-geschaeftsbereich-it-solutions-durch-akquisition-des-geschaefts-der-ao-systems-services\\\/\"]}]},{\"@type\":\"BreadcrumbList\",\"@id\":\"https:\\\/\\\/www.allgeier.com\\\/de\\\/investor-relations\\\/adhoc-announcements\\\/allgeier-holding-ag-allgeier-verstaerkt-den-geschaeftsbereich-it-solutions-durch-akquisition-des-geschaefts-der-ao-systems-services\\\/#breadcrumb\",\"itemListElement\":[{\"@type\":\"ListItem\",\"position\":1,\"name\":\"Home\",\"item\":\"https:\\\/\\\/www.allgeier.com\\\/de\\\/\"},{\"@type\":\"ListItem\",\"position\":2,\"name\":\"Investor Relations\",\"item\":\"https:\\\/\\\/www.allgeier.com\\\/de\\\/investor-relations\\\/\"},{\"@type\":\"ListItem\",\"position\":3,\"name\":\"Ad hoc-Mitteilungen\",\"item\":\"https:\\\/\\\/www.allgeier.com\\\/de\\\/investor-relations\\\/adhoc-announcements\\\/\"},{\"@type\":\"ListItem\",\"position\":4,\"name\":\"ALLGEIER HOLDING AG: Allgeier verst\u00e4rkt den Gesch\u00e4ftsbereich IT Solutions durch Akquisition des Gesch\u00e4fts der a&amp;o systems + services\"}]},{\"@type\":\"WebSite\",\"@id\":\"https:\\\/\\\/www.allgeier.com\\\/de\\\/#website\",\"url\":\"https:\\\/\\\/www.allgeier.com\\\/de\\\/\",\"name\":\"Allgeier SE\",\"description\":\"Software &amp; IT Services for digital transformation\",\"potentialAction\":[{\"@type\":\"SearchAction\",\"target\":{\"@type\":\"EntryPoint\",\"urlTemplate\":\"https:\\\/\\\/www.allgeier.com\\\/de\\\/?s={search_term_string}\"},\"query-input\":{\"@type\":\"PropertyValueSpecification\",\"valueRequired\":true,\"valueName\":\"search_term_string\"}}],\"inLanguage\":\"de\"}]}<\/script>\n<!-- \/ Yoast SEO plugin. -->","yoast_head_json":{"title":"ALLGEIER HOLDING AG: Allgeier verst\u00e4rkt den Gesch\u00e4ftsbereich IT Solutions durch Akquisition des Gesch\u00e4fts der a&amp;o systems + services - Allgeier SE","robots":{"index":"index","follow":"follow","max-snippet":"max-snippet:-1","max-image-preview":"max-image-preview:large","max-video-preview":"max-video-preview:-1"},"canonical":"https:\/\/www.allgeier.com\/de\/investor-relations\/adhoc-announcements\/allgeier-holding-ag-allgeier-verstaerkt-den-geschaeftsbereich-it-solutions-durch-akquisition-des-geschaefts-der-ao-systems-services\/","og_locale":"de_DE","og_type":"article","og_title":"ALLGEIER HOLDING AG: Allgeier verst\u00e4rkt den Gesch\u00e4ftsbereich IT Solutions durch Akquisition des Gesch\u00e4fts der a&amp;o systems + services - Allgeier SE","og_description":"M\u00fcnchen, 07. Oktober 2009 - Die Allgeier Holding AG hat heute gegen\u00fcber der Insolvenzverwalterin der a&o systems + services GmbH (SSG) ein verbindliches Angebot f\u00fcr den Erwerb von Vertragsbeziehungen und Verm\u00f6gensgegenst\u00e4nden der SSG sowie f\u00fcr den Erwerb der nicht insolventen Tochtergesellschaft a&o","og_url":"https:\/\/www.allgeier.com\/de\/investor-relations\/adhoc-announcements\/allgeier-holding-ag-allgeier-verstaerkt-den-geschaeftsbereich-it-solutions-durch-akquisition-des-geschaefts-der-ao-systems-services\/","og_site_name":"Allgeier SE","article_modified_time":"2023-01-22T17:10:08+00:00","twitter_card":"summary_large_image","twitter_misc":{"Gesch\u00e4tzte Lesezeit":"2\u00a0Minuten"},"schema":{"@context":"https:\/\/schema.org","@graph":[{"@type":"WebPage","@id":"https:\/\/www.allgeier.com\/de\/investor-relations\/adhoc-announcements\/allgeier-holding-ag-allgeier-verstaerkt-den-geschaeftsbereich-it-solutions-durch-akquisition-des-geschaefts-der-ao-systems-services\/","url":"https:\/\/www.allgeier.com\/de\/investor-relations\/adhoc-announcements\/allgeier-holding-ag-allgeier-verstaerkt-den-geschaeftsbereich-it-solutions-durch-akquisition-des-geschaefts-der-ao-systems-services\/","name":"ALLGEIER HOLDING AG: Allgeier verst\u00e4rkt den Gesch\u00e4ftsbereich IT Solutions durch Akquisition des Gesch\u00e4fts der a&amp;o systems + services - Allgeier SE","isPartOf":{"@id":"https:\/\/www.allgeier.com\/de\/#website"},"datePublished":"2009-10-07T17:20:42+00:00","dateModified":"2023-01-22T17:10:08+00:00","breadcrumb":{"@id":"https:\/\/www.allgeier.com\/de\/investor-relations\/adhoc-announcements\/allgeier-holding-ag-allgeier-verstaerkt-den-geschaeftsbereich-it-solutions-durch-akquisition-des-geschaefts-der-ao-systems-services\/#breadcrumb"},"inLanguage":"de","potentialAction":[{"@type":"ReadAction","target":["https:\/\/www.allgeier.com\/de\/investor-relations\/adhoc-announcements\/allgeier-holding-ag-allgeier-verstaerkt-den-geschaeftsbereich-it-solutions-durch-akquisition-des-geschaefts-der-ao-systems-services\/"]}]},{"@type":"BreadcrumbList","@id":"https:\/\/www.allgeier.com\/de\/investor-relations\/adhoc-announcements\/allgeier-holding-ag-allgeier-verstaerkt-den-geschaeftsbereich-it-solutions-durch-akquisition-des-geschaefts-der-ao-systems-services\/#breadcrumb","itemListElement":[{"@type":"ListItem","position":1,"name":"Home","item":"https:\/\/www.allgeier.com\/de\/"},{"@type":"ListItem","position":2,"name":"Investor Relations","item":"https:\/\/www.allgeier.com\/de\/investor-relations\/"},{"@type":"ListItem","position":3,"name":"Ad hoc-Mitteilungen","item":"https:\/\/www.allgeier.com\/de\/investor-relations\/adhoc-announcements\/"},{"@type":"ListItem","position":4,"name":"ALLGEIER HOLDING AG: Allgeier verst\u00e4rkt den Gesch\u00e4ftsbereich IT Solutions durch Akquisition des Gesch\u00e4fts der a&amp;o systems + services"}]},{"@type":"WebSite","@id":"https:\/\/www.allgeier.com\/de\/#website","url":"https:\/\/www.allgeier.com\/de\/","name":"Allgeier SE","description":"Software &amp; IT Services for digital transformation","potentialAction":[{"@type":"SearchAction","target":{"@type":"EntryPoint","urlTemplate":"https:\/\/www.allgeier.com\/de\/?s={search_term_string}"},"query-input":{"@type":"PropertyValueSpecification","valueRequired":true,"valueName":"search_term_string"}}],"inLanguage":"de"}]}},"_links":{"self":[{"href":"https:\/\/www.allgeier.com\/de\/wp-json\/wp\/v2\/pages\/5604","targetHints":{"allow":["GET"]}}],"collection":[{"href":"https:\/\/www.allgeier.com\/de\/wp-json\/wp\/v2\/pages"}],"about":[{"href":"https:\/\/www.allgeier.com\/de\/wp-json\/wp\/v2\/types\/page"}],"author":[{"embeddable":true,"href":"https:\/\/www.allgeier.com\/de\/wp-json\/wp\/v2\/users\/4"}],"replies":[{"embeddable":true,"href":"https:\/\/www.allgeier.com\/de\/wp-json\/wp\/v2\/comments?post=5604"}],"version-history":[{"count":1,"href":"https:\/\/www.allgeier.com\/de\/wp-json\/wp\/v2\/pages\/5604\/revisions"}],"predecessor-version":[{"id":5605,"href":"https:\/\/www.allgeier.com\/de\/wp-json\/wp\/v2\/pages\/5604\/revisions\/5605"}],"up":[{"embeddable":true,"href":"https:\/\/www.allgeier.com\/de\/wp-json\/wp\/v2\/pages\/1155"}],"wp:attachment":[{"href":"https:\/\/www.allgeier.com\/de\/wp-json\/wp\/v2\/media?parent=5604"}],"wp:term":[{"taxonomy":"category","embeddable":true,"href":"https:\/\/www.allgeier.com\/de\/wp-json\/wp\/v2\/categories?post=5604"},{"taxonomy":"post_tag","embeddable":true,"href":"https:\/\/www.allgeier.com\/de\/wp-json\/wp\/v2\/tags?post=5604"}],"curies":[{"name":"wp","href":"https:\/\/api.w.org\/{rel}","templated":true}]}}