{"id":5606,"date":"2009-09-17T11:11:54","date_gmt":"2009-09-17T11:11:54","guid":{"rendered":"https:\/\/www.allgeier.com\/de\/?page_id=5606"},"modified":"2023-01-22T17:10:08","modified_gmt":"2023-01-22T17:10:08","slug":"allgeier-holding-ag-allgeier-verstaerkt-den-geschaeftsbereich-it-solutions-durch-akquisition-eines-geschaeftsteils-der-comparex-services-gmbh","status":"publish","type":"page","link":"https:\/\/www.allgeier.com\/de\/investor-relations\/adhoc-announcements\/allgeier-holding-ag-allgeier-verstaerkt-den-geschaeftsbereich-it-solutions-durch-akquisition-eines-geschaeftsteils-der-comparex-services-gmbh\/","title":{"rendered":"ALLGEIER HOLDING AG: Allgeier verst\u00e4rkt den Gesch\u00e4ftsbereich IT Solutions durch Akquisition eines Gesch\u00e4ftsteils der Comparex Services GmbH"},"content":{"rendered":"<p><b>ALLGEIER HOLDING AG \/ Firmen\u00fcbernahme<\/b>17.09.2009 Ver\u00f6ffentlichung einer Ad-hoc-Mitteilung nach \u00a7 15 WpHG, \u00fcbermitteltdurch die DGAP &#8211; ein Unternehmen der EquityStory AG.F\u00fcr den Inhalt der Mitteilung ist der Emittent verantwortlich.&#8212;&#8212;&#8212;&#8212;&#8212;&#8212;&#8212;&#8212;&#8212;&#8212;&#8212;&#8212;&#8212;&#8212;&#8212;&#8212;&#8212;&#8212;&#8212;&#8212;&#8212;&#8212;&#8212;&#8212;&#8212;M\u00fcnchen, 17. September 2009 &#8211; Die Allgeier Holding AG hat gegen\u00fcberdem Insolvenzverwalter der Comparex Services GmbH (CSG) ein verbindlichesAngebot f\u00fcr den Erwerb von Vertragsbeziehungen und Verm\u00f6gensgegenst\u00e4ndender Comparex Services GmbH abgegeben. Erg\u00e4nzend hat Allgeier Holding AG einverbindliches Angebot gegen\u00fcber dem Insolvenzverwalter der ComparexDeutschland GmbH, der Muttergesellschaft der CSG, abgegeben, das auf denErwerb der Wartungs- und Servicevertr\u00e4ge gerichtet ist, die von derMuttergesellschaft gehalten werden. Die Akquisition verst\u00e4rkt denGesch\u00e4ftsbereich IT Solutions der Allgeier Gruppe. Unter dem Dach derAllgeier Gruppe steht den Kunden von Comparex damit f\u00fcr die Zukunft einleistungsf\u00e4higer und kompetenter Service-Partner zur Verf\u00fcgung, der diebisher von der Comparex Services GmbH erbrachten Leistungen nahtlosweiterhin erbringen wird.Allgeier Holding AG Kontakt:Allgeier Holding AGVorstandWehrlestr. 1281679 M\u00fcnchenTel. 089\/998421-0Fax  089\/998421-11www.allgeier.comKurzprofil Allgeier Holding AG:Anhang zur Ad-hoc-Mitteilung\u00dcber Allgeier Holding AG:Die Allgeier Holding AG ist eine b\u00f6rsennotierte Dienstleistungsgruppe mitSitz in M\u00fcnchen. Die Unternehmen der Allgeier Gruppe konzentrieren sich aufden wachsenden Markt f\u00fcr IT Services sowie angrenzende Dienstleistungen zurFlexibilisierung von Arbeits- und Kostenstrukturen.Die Unternehmen der Allgeier Gruppe werden unter dem Dach der AllgeierHolding AG jeweils von eigenen Gesch\u00e4ftsf\u00fchrungen geleitet. Die einzelnenGesellschaften arbeiten im Sinne mittelst\u00e4ndischer Unternehmen eigenst\u00e4ndigund nutzen zugleich das gesamte Service- und Leistungsspektrum derUnternehmensgruppe. Die Holding \u00fcbernimmt dabei insbesondere diestrategische Steuerung, das Management des Gruppenwachstums,Konzernfinanzierung und -controlling sowie weitere zentrale Funktionen. DieAllgeier Gruppe besch\u00e4ftigt derzeit 831 Mitarbeiter und 1.331 freiberuflicht\u00e4tige Experten und betreut Kunden aus allen Branchen in Deutschland. DieAllgeier Holding AG ist am regulierten Markt der Frankfurter B\u00f6rse imSegment General Standard notiert (WKN 508630\/ISIN DE000508630). WeitereInformationen unter: www.allgeier.com.17.09.2009  Finanznachrichten \u00fcbermittelt durch die DGAP&#8212;&#8212;&#8212;&#8212;&#8212;&#8212;&#8212;&#8212;&#8212;&#8212;&#8212;&#8212;&#8212;&#8212;&#8212;&#8212;&#8212;&#8212;&#8212;&#8212;&#8212;&#8212;&#8212;&#8212;&#8212; Sprache:      DeutschUnternehmen:  ALLGEIER HOLDING AG              Wehrlestra\u00dfe 12              81679 M\u00fcnchen              DeutschlandTelefon:      +49 (0) 89 &#8211; 99 84 21 0Fax:          +49 (0) 89 &#8211; 99 84 21 11E-Mail:       info@allgeier.comInternet:     http:\/\/www.allgeier-holding.comISIN:         DE0005086300WKN:          508630Indizes:      CDAXB\u00f6rsen:       Regulierter Markt in Frankfurt (General Standard);              Freiverkehr in Berlin, D\u00fcsseldorf, Stuttgart, Hamburg Ende der Mitteilung                             DGAP News-Service &#8212;&#8212;&#8212;&#8212;&#8212;&#8212;&#8212;&#8212;&#8212;&#8212;&#8212;&#8212;&#8212;&#8212;&#8212;&#8212;&#8212;&#8212;&#8212;&#8212;&#8212;&#8212;&#8212;&#8212;&#8212;<\/p>\n","protected":false},"excerpt":{"rendered":"<p>M\u00fcnchen, 17. September 2009 &#8211; Die Allgeier Holding AG hat gegen\u00fcber dem Insolvenzverwalter der Comparex Services GmbH (CSG) ein verbindliches Angebot f\u00fcr den Erwerb von Vertragsbeziehungen und Verm\u00f6gensgegenst\u00e4nden der Comparex Services GmbH abgegeben. Erg\u00e4nzend hat Allgeier Holding AG ein verbindliches<\/p>\n","protected":false},"author":4,"featured_media":0,"parent":1155,"menu_order":0,"comment_status":"close","ping_status":"closed","template":"","meta":{"_acf_changed":false,"footnotes":""},"categories":[],"tags":[],"class_list":["post-5606","page","type-page","status-publish","hentry"],"acf":[],"yoast_head":"<!-- This site is optimized with the Yoast SEO plugin v27.4 - https:\/\/yoast.com\/product\/yoast-seo-wordpress\/ -->\n<title>ALLGEIER HOLDING AG: Allgeier verst\u00e4rkt den Gesch\u00e4ftsbereich IT Solutions durch Akquisition eines Gesch\u00e4ftsteils der Comparex Services GmbH - Allgeier SE<\/title>\n<meta name=\"robots\" content=\"index, follow, max-snippet:-1, max-image-preview:large, max-video-preview:-1\" \/>\n<link rel=\"canonical\" href=\"https:\/\/www.allgeier.com\/de\/investor-relations\/adhoc-announcements\/allgeier-holding-ag-allgeier-verstaerkt-den-geschaeftsbereich-it-solutions-durch-akquisition-eines-geschaeftsteils-der-comparex-services-gmbh\/\" \/>\n<meta property=\"og:locale\" content=\"de_DE\" \/>\n<meta property=\"og:type\" content=\"article\" \/>\n<meta property=\"og:title\" content=\"ALLGEIER HOLDING AG: Allgeier verst\u00e4rkt den Gesch\u00e4ftsbereich IT Solutions durch Akquisition eines Gesch\u00e4ftsteils der Comparex Services GmbH - Allgeier SE\" \/>\n<meta property=\"og:description\" content=\"M\u00fcnchen, 17. September 2009 - Die Allgeier Holding AG hat gegen\u00fcber dem Insolvenzverwalter der Comparex Services GmbH (CSG) ein verbindliches Angebot f\u00fcr den Erwerb von Vertragsbeziehungen und Verm\u00f6gensgegenst\u00e4nden der Comparex Services GmbH abgegeben. Erg\u00e4nzend hat Allgeier Holding AG ein verbindliches\" \/>\n<meta property=\"og:url\" content=\"https:\/\/www.allgeier.com\/de\/investor-relations\/adhoc-announcements\/allgeier-holding-ag-allgeier-verstaerkt-den-geschaeftsbereich-it-solutions-durch-akquisition-eines-geschaeftsteils-der-comparex-services-gmbh\/\" \/>\n<meta property=\"og:site_name\" content=\"Allgeier SE\" \/>\n<meta property=\"article:modified_time\" content=\"2023-01-22T17:10:08+00:00\" \/>\n<meta name=\"twitter:card\" content=\"summary_large_image\" \/>\n<meta name=\"twitter:label1\" content=\"Gesch\u00e4tzte Lesezeit\" \/>\n\t<meta name=\"twitter:data1\" content=\"2\u00a0Minuten\" \/>\n<script type=\"application\/ld+json\" class=\"yoast-schema-graph\">{\"@context\":\"https:\\\/\\\/schema.org\",\"@graph\":[{\"@type\":\"WebPage\",\"@id\":\"https:\\\/\\\/www.allgeier.com\\\/de\\\/investor-relations\\\/adhoc-announcements\\\/allgeier-holding-ag-allgeier-verstaerkt-den-geschaeftsbereich-it-solutions-durch-akquisition-eines-geschaeftsteils-der-comparex-services-gmbh\\\/\",\"url\":\"https:\\\/\\\/www.allgeier.com\\\/de\\\/investor-relations\\\/adhoc-announcements\\\/allgeier-holding-ag-allgeier-verstaerkt-den-geschaeftsbereich-it-solutions-durch-akquisition-eines-geschaeftsteils-der-comparex-services-gmbh\\\/\",\"name\":\"ALLGEIER HOLDING AG: Allgeier verst\u00e4rkt den Gesch\u00e4ftsbereich IT Solutions durch Akquisition eines Gesch\u00e4ftsteils der Comparex Services GmbH - Allgeier SE\",\"isPartOf\":{\"@id\":\"https:\\\/\\\/www.allgeier.com\\\/de\\\/#website\"},\"datePublished\":\"2009-09-17T11:11:54+00:00\",\"dateModified\":\"2023-01-22T17:10:08+00:00\",\"breadcrumb\":{\"@id\":\"https:\\\/\\\/www.allgeier.com\\\/de\\\/investor-relations\\\/adhoc-announcements\\\/allgeier-holding-ag-allgeier-verstaerkt-den-geschaeftsbereich-it-solutions-durch-akquisition-eines-geschaeftsteils-der-comparex-services-gmbh\\\/#breadcrumb\"},\"inLanguage\":\"de\",\"potentialAction\":[{\"@type\":\"ReadAction\",\"target\":[\"https:\\\/\\\/www.allgeier.com\\\/de\\\/investor-relations\\\/adhoc-announcements\\\/allgeier-holding-ag-allgeier-verstaerkt-den-geschaeftsbereich-it-solutions-durch-akquisition-eines-geschaeftsteils-der-comparex-services-gmbh\\\/\"]}]},{\"@type\":\"BreadcrumbList\",\"@id\":\"https:\\\/\\\/www.allgeier.com\\\/de\\\/investor-relations\\\/adhoc-announcements\\\/allgeier-holding-ag-allgeier-verstaerkt-den-geschaeftsbereich-it-solutions-durch-akquisition-eines-geschaeftsteils-der-comparex-services-gmbh\\\/#breadcrumb\",\"itemListElement\":[{\"@type\":\"ListItem\",\"position\":1,\"name\":\"Home\",\"item\":\"https:\\\/\\\/www.allgeier.com\\\/de\\\/\"},{\"@type\":\"ListItem\",\"position\":2,\"name\":\"Investor Relations\",\"item\":\"https:\\\/\\\/www.allgeier.com\\\/de\\\/investor-relations\\\/\"},{\"@type\":\"ListItem\",\"position\":3,\"name\":\"Ad hoc-Mitteilungen\",\"item\":\"https:\\\/\\\/www.allgeier.com\\\/de\\\/investor-relations\\\/adhoc-announcements\\\/\"},{\"@type\":\"ListItem\",\"position\":4,\"name\":\"ALLGEIER HOLDING AG: Allgeier verst\u00e4rkt den Gesch\u00e4ftsbereich IT Solutions durch Akquisition eines Gesch\u00e4ftsteils der Comparex Services GmbH\"}]},{\"@type\":\"WebSite\",\"@id\":\"https:\\\/\\\/www.allgeier.com\\\/de\\\/#website\",\"url\":\"https:\\\/\\\/www.allgeier.com\\\/de\\\/\",\"name\":\"Allgeier SE\",\"description\":\"Software &amp; IT Services for digital transformation\",\"potentialAction\":[{\"@type\":\"SearchAction\",\"target\":{\"@type\":\"EntryPoint\",\"urlTemplate\":\"https:\\\/\\\/www.allgeier.com\\\/de\\\/?s={search_term_string}\"},\"query-input\":{\"@type\":\"PropertyValueSpecification\",\"valueRequired\":true,\"valueName\":\"search_term_string\"}}],\"inLanguage\":\"de\"}]}<\/script>\n<!-- \/ Yoast SEO plugin. -->","yoast_head_json":{"title":"ALLGEIER HOLDING AG: Allgeier verst\u00e4rkt den Gesch\u00e4ftsbereich IT Solutions durch Akquisition eines Gesch\u00e4ftsteils der Comparex Services GmbH - Allgeier SE","robots":{"index":"index","follow":"follow","max-snippet":"max-snippet:-1","max-image-preview":"max-image-preview:large","max-video-preview":"max-video-preview:-1"},"canonical":"https:\/\/www.allgeier.com\/de\/investor-relations\/adhoc-announcements\/allgeier-holding-ag-allgeier-verstaerkt-den-geschaeftsbereich-it-solutions-durch-akquisition-eines-geschaeftsteils-der-comparex-services-gmbh\/","og_locale":"de_DE","og_type":"article","og_title":"ALLGEIER HOLDING AG: Allgeier verst\u00e4rkt den Gesch\u00e4ftsbereich IT Solutions durch Akquisition eines Gesch\u00e4ftsteils der Comparex Services GmbH - Allgeier SE","og_description":"M\u00fcnchen, 17. September 2009 - Die Allgeier Holding AG hat gegen\u00fcber dem Insolvenzverwalter der Comparex Services GmbH (CSG) ein verbindliches Angebot f\u00fcr den Erwerb von Vertragsbeziehungen und Verm\u00f6gensgegenst\u00e4nden der Comparex Services GmbH abgegeben. Erg\u00e4nzend hat Allgeier Holding AG ein verbindliches","og_url":"https:\/\/www.allgeier.com\/de\/investor-relations\/adhoc-announcements\/allgeier-holding-ag-allgeier-verstaerkt-den-geschaeftsbereich-it-solutions-durch-akquisition-eines-geschaeftsteils-der-comparex-services-gmbh\/","og_site_name":"Allgeier SE","article_modified_time":"2023-01-22T17:10:08+00:00","twitter_card":"summary_large_image","twitter_misc":{"Gesch\u00e4tzte Lesezeit":"2\u00a0Minuten"},"schema":{"@context":"https:\/\/schema.org","@graph":[{"@type":"WebPage","@id":"https:\/\/www.allgeier.com\/de\/investor-relations\/adhoc-announcements\/allgeier-holding-ag-allgeier-verstaerkt-den-geschaeftsbereich-it-solutions-durch-akquisition-eines-geschaeftsteils-der-comparex-services-gmbh\/","url":"https:\/\/www.allgeier.com\/de\/investor-relations\/adhoc-announcements\/allgeier-holding-ag-allgeier-verstaerkt-den-geschaeftsbereich-it-solutions-durch-akquisition-eines-geschaeftsteils-der-comparex-services-gmbh\/","name":"ALLGEIER HOLDING AG: Allgeier verst\u00e4rkt den Gesch\u00e4ftsbereich IT Solutions durch Akquisition eines Gesch\u00e4ftsteils der Comparex Services GmbH - Allgeier SE","isPartOf":{"@id":"https:\/\/www.allgeier.com\/de\/#website"},"datePublished":"2009-09-17T11:11:54+00:00","dateModified":"2023-01-22T17:10:08+00:00","breadcrumb":{"@id":"https:\/\/www.allgeier.com\/de\/investor-relations\/adhoc-announcements\/allgeier-holding-ag-allgeier-verstaerkt-den-geschaeftsbereich-it-solutions-durch-akquisition-eines-geschaeftsteils-der-comparex-services-gmbh\/#breadcrumb"},"inLanguage":"de","potentialAction":[{"@type":"ReadAction","target":["https:\/\/www.allgeier.com\/de\/investor-relations\/adhoc-announcements\/allgeier-holding-ag-allgeier-verstaerkt-den-geschaeftsbereich-it-solutions-durch-akquisition-eines-geschaeftsteils-der-comparex-services-gmbh\/"]}]},{"@type":"BreadcrumbList","@id":"https:\/\/www.allgeier.com\/de\/investor-relations\/adhoc-announcements\/allgeier-holding-ag-allgeier-verstaerkt-den-geschaeftsbereich-it-solutions-durch-akquisition-eines-geschaeftsteils-der-comparex-services-gmbh\/#breadcrumb","itemListElement":[{"@type":"ListItem","position":1,"name":"Home","item":"https:\/\/www.allgeier.com\/de\/"},{"@type":"ListItem","position":2,"name":"Investor Relations","item":"https:\/\/www.allgeier.com\/de\/investor-relations\/"},{"@type":"ListItem","position":3,"name":"Ad hoc-Mitteilungen","item":"https:\/\/www.allgeier.com\/de\/investor-relations\/adhoc-announcements\/"},{"@type":"ListItem","position":4,"name":"ALLGEIER HOLDING AG: Allgeier verst\u00e4rkt den Gesch\u00e4ftsbereich IT Solutions durch Akquisition eines Gesch\u00e4ftsteils der Comparex Services GmbH"}]},{"@type":"WebSite","@id":"https:\/\/www.allgeier.com\/de\/#website","url":"https:\/\/www.allgeier.com\/de\/","name":"Allgeier SE","description":"Software &amp; IT Services for digital transformation","potentialAction":[{"@type":"SearchAction","target":{"@type":"EntryPoint","urlTemplate":"https:\/\/www.allgeier.com\/de\/?s={search_term_string}"},"query-input":{"@type":"PropertyValueSpecification","valueRequired":true,"valueName":"search_term_string"}}],"inLanguage":"de"}]}},"_links":{"self":[{"href":"https:\/\/www.allgeier.com\/de\/wp-json\/wp\/v2\/pages\/5606","targetHints":{"allow":["GET"]}}],"collection":[{"href":"https:\/\/www.allgeier.com\/de\/wp-json\/wp\/v2\/pages"}],"about":[{"href":"https:\/\/www.allgeier.com\/de\/wp-json\/wp\/v2\/types\/page"}],"author":[{"embeddable":true,"href":"https:\/\/www.allgeier.com\/de\/wp-json\/wp\/v2\/users\/4"}],"replies":[{"embeddable":true,"href":"https:\/\/www.allgeier.com\/de\/wp-json\/wp\/v2\/comments?post=5606"}],"version-history":[{"count":1,"href":"https:\/\/www.allgeier.com\/de\/wp-json\/wp\/v2\/pages\/5606\/revisions"}],"predecessor-version":[{"id":5607,"href":"https:\/\/www.allgeier.com\/de\/wp-json\/wp\/v2\/pages\/5606\/revisions\/5607"}],"up":[{"embeddable":true,"href":"https:\/\/www.allgeier.com\/de\/wp-json\/wp\/v2\/pages\/1155"}],"wp:attachment":[{"href":"https:\/\/www.allgeier.com\/de\/wp-json\/wp\/v2\/media?parent=5606"}],"wp:term":[{"taxonomy":"category","embeddable":true,"href":"https:\/\/www.allgeier.com\/de\/wp-json\/wp\/v2\/categories?post=5606"},{"taxonomy":"post_tag","embeddable":true,"href":"https:\/\/www.allgeier.com\/de\/wp-json\/wp\/v2\/tags?post=5606"}],"curies":[{"name":"wp","href":"https:\/\/api.w.org\/{rel}","templated":true}]}}