{"id":5608,"date":"2009-08-05T12:18:59","date_gmt":"2009-08-05T12:18:59","guid":{"rendered":"https:\/\/www.allgeier.com\/de\/?page_id=5608"},"modified":"2023-01-22T17:10:08","modified_gmt":"2023-01-22T17:10:08","slug":"allgeier-meldet-erfolgreiches-erstes-halbjahr-2009-ergebnisse-der-gruppenunternehmen-im-it-dienstleistungsmarkt-trotz-krise-stabil","status":"publish","type":"page","link":"https:\/\/www.allgeier.com\/de\/investor-relations\/adhoc-announcements\/allgeier-meldet-erfolgreiches-erstes-halbjahr-2009-ergebnisse-der-gruppenunternehmen-im-it-dienstleistungsmarkt-trotz-krise-stabil\/","title":{"rendered":"Allgeier meldet erfolgreiches erstes Halbjahr 2009 &#8211; Ergebnisse der Gruppenunternehmen im IT Dienstleistungsmarkt trotz Krise stabil"},"content":{"rendered":"<p><b>ALLGEIER HOLDING AG \/ Halbjahresergebnis<\/b>Ver\u00f6ffentlichung einer Ad-hoc-Mitteilung nach \u00a7 15 WpHG, \u00fcbermitteltdurch die DGAP &#8211; ein Unternehmen der EquityStory AG.F\u00fcr den Inhalt der Mitteilung ist der Emittent verantwortlich.&#8212;&#8212;&#8212;&#8212;&#8212;&#8212;&#8212;&#8212;&#8212;&#8212;&#8212;&#8212;&#8212;&#8212;&#8212;&#8212;&#8212;&#8212;&#8212;&#8212;&#8212;&#8212;&#8212;&#8212;&#8212;M\u00fcnchen, 5. August 2009 &#8211; Die Konzerngesellschaften der Allgeier HoldingAG (ISIN DE000508630 \/ WKN 508630) setzten auch im zweiten Quartal 2009 (1.April bis 30. Juni) ihre positive Entwicklung fort und konnten damit ihrePosition im Markt weiter festigen.Die Ums\u00e4tze stiegen im zweiten Quartal 2009 um 35% auf 53,2 Mio. EUR (Q22008: 39,3 Mio. EUR). Das Ergebnis vor Zinsen und Steuern (EBIT) stieg um6% von 1,9 Mio. EUR im zweiten Quartal 2008 auf 2,0 Mio. EUR in 2009.Im ersten Halbjahr resultiert daraus eine Umsatzsteigerung um 47% auf 108,2Mio. EUR (1. HJ 2008: 73,5 Mio. EUR). Dieses Umsatzwachstum wird sowohldurch ein organisches Wachstum von 6%, als auch durch die Zugeh\u00f6rigkeitder neuen Gruppengesellschaften TOPjects AG, Ixtra AG und Next GmbHerreicht.Die signifikante Umsatzsteigerung wirkt sich entsprechend positiv auf dieErtragslage aus. Das Ergebnis vor Abschreibungen auf Kaufpreis-Allokationen(Amortizations), Zinsen und Steuern (EBITA) des ersten Halbjahres 2009 lagmit 4,9 Mio. EUR um 42% \u00fcber dem Vorjahresergebnis (1. HJ 2008: 3,4 Mio.EUR). Im Halbjahresvergleich stieg das EBIT von 2,5 Mio. EUR in 2008 auf2,9 Mio. EUR in 2009 (+13%). Das Konzernergebnis vor Steuern (EBT) betr\u00e4gt2,7 Mio. EUR (1. HJ 2008: 2,8 Mio. EUR).Bei der vorstehenden Darstellung der Ergebnisse wurden die Ergebniszahlendes ersten Halbjahres 2008 bereinigt, indem Aufwendungen im Zusammenhangmit der Ver\u00e4u\u00dferung des Zeitarbeitsgesch\u00e4fts in das Ergebnis ausVer\u00e4u\u00dferung umgegliedert wurden. Auf diese Weise l\u00e4sst sich eineVergleichbarkeit der Ergebniszahlen aus dem ersten Halbjahr 2008 mit demersten Halbjahr 2009 erreichen.Allgeier pr\u00fcft kontinuierlich m\u00f6gliche Akquisitionen, um das IT Gesch\u00e4ftweiter auszubauen.Der Zwischenbericht zum Gesch\u00e4ftsverlauf des ersten Halbjahres 2009 wirdMitte August ver\u00f6ffentlicht.Kontakt:Dr. Holger von DanielsAllgeier Holding AGWehrlestr. 1281679 M\u00fcnchenTel. 089-998421-0Fax 089-998421-11www.allgeier.comAnhang zur Ad-hoc-Mitteilung\u00dcber Allgeier Holding AG:Die Allgeier Holding AG ist eine b\u00f6rsennotierte Dienstleistungsgruppe mitSitz in M\u00fcnchen. Die Unternehmen der Allgeier Gruppe konzentrieren sichauf den wachsenden Markt f\u00fcr IT Services sowie angrenzendeDienstleistungen zur Flexibilisierung von Arbeits- und Kostenstrukturen.Die Unternehmen der Allgeier Gruppe werden unter dem Dach der AllgeierHolding AG jeweils von eigenen Gesch\u00e4ftsf\u00fchrungen geleitet. Die einzelnenGesellschaften arbeiten im Sinne mittelst\u00e4ndischer Unternehmeneigenst\u00e4ndig und nutzen zugleich das gesamte Service- undLeistungsspektrum der Unternehmensgruppe. Die Holding \u00fcbernimmt dabeiinsbesondere die strategische Steuerung, das Management desGruppenwachstums, Konzernfinanzierung und -controlling sowie weiterezentrale Funktionen. Die Allgeier Gruppe besch\u00e4ftigt derzeit 831Mitarbeiter und 1.331 freiberuflich t\u00e4tige Experten und betreut Kunden ausallen Branchen in Deutschland. Die Allgeier Holding AG ist am reguliertenMarkt der Frankfurter B\u00f6rse im Segment General Standard notiert (WKN508630\/ISIN DE000508630). Weitere Informationen unter: www.allgeier.com.05.08.2009  Finanznachrichten \u00fcbermittelt durch die DGAP&#8212;&#8212;&#8212;&#8212;&#8212;&#8212;&#8212;&#8212;&#8212;&#8212;&#8212;&#8212;&#8212;&#8212;&#8212;&#8212;&#8212;&#8212;&#8212;&#8212;&#8212;&#8212;&#8212;&#8212;&#8212; Sprache:      DeutschEmittent:     ALLGEIER HOLDING AG              Wehrlestra\u00dfe 12              81679 M\u00fcnchen              DeutschlandTelefon:      +49 (0) 89 &#8211; 99 84 21 0Fax:          +49 (0) 89 &#8211; 99 84 21 11E-Mail:       info@allgeier.comInternet:     http:\/\/www.allgeier-holding.comISIN:         DE0005086300WKN:          508630Indizes:      CDAXB\u00f6rsen:      Regulierter Markt in Frankfurt (General Standard);              Freiverkehr in Berlin, D\u00fcsseldorf, Stuttgart, Hamburg Ende der Mitteilung                             DGAP News-Service &#8212;&#8212;&#8212;&#8212;&#8212;&#8212;&#8212;&#8212;&#8212;&#8212;&#8212;&#8212;&#8212;&#8212;&#8212;&#8212;&#8212;&#8212;&#8212;&#8212;&#8212;&#8212;&#8212;&#8212;&#8212;<\/p>\n","protected":false},"excerpt":{"rendered":"<p>M\u00fcnchen, 5. August 2009 &#8211; Die Konzerngesellschaften der Allgeier Holding AG (ISIN DE000508630 \/ WKN 508630) setzten auch im zweiten Quartal 2009 (1. April bis 30. Juni) ihre positive Entwicklung fort und konnten damit ihre Position im Markt weiter festigen. Die Ums\u00e4tze stiegen im zweiten Quartal 2009<\/p>\n","protected":false},"author":4,"featured_media":0,"parent":1155,"menu_order":0,"comment_status":"close","ping_status":"closed","template":"","meta":{"_acf_changed":false,"footnotes":""},"categories":[],"tags":[],"class_list":["post-5608","page","type-page","status-publish","hentry"],"acf":[],"yoast_head":"<!-- This site is optimized with the Yoast SEO plugin v27.4 - https:\/\/yoast.com\/product\/yoast-seo-wordpress\/ -->\n<title>Allgeier meldet erfolgreiches erstes Halbjahr 2009 - Ergebnisse der Gruppenunternehmen im IT Dienstleistungsmarkt trotz Krise stabil - Allgeier SE<\/title>\n<meta name=\"robots\" content=\"index, follow, max-snippet:-1, max-image-preview:large, max-video-preview:-1\" \/>\n<link rel=\"canonical\" href=\"https:\/\/www.allgeier.com\/de\/investor-relations\/adhoc-announcements\/allgeier-meldet-erfolgreiches-erstes-halbjahr-2009-ergebnisse-der-gruppenunternehmen-im-it-dienstleistungsmarkt-trotz-krise-stabil\/\" \/>\n<meta property=\"og:locale\" content=\"de_DE\" \/>\n<meta property=\"og:type\" content=\"article\" \/>\n<meta property=\"og:title\" content=\"Allgeier meldet erfolgreiches erstes Halbjahr 2009 - Ergebnisse der Gruppenunternehmen im IT Dienstleistungsmarkt trotz Krise stabil - Allgeier SE\" \/>\n<meta property=\"og:description\" content=\"M\u00fcnchen, 5. August 2009 - Die Konzerngesellschaften der Allgeier Holding AG (ISIN DE000508630 \/ WKN 508630) setzten auch im zweiten Quartal 2009 (1. April bis 30. Juni) ihre positive Entwicklung fort und konnten damit ihre Position im Markt weiter festigen. Die Ums\u00e4tze stiegen im zweiten Quartal 2009\" \/>\n<meta property=\"og:url\" content=\"https:\/\/www.allgeier.com\/de\/investor-relations\/adhoc-announcements\/allgeier-meldet-erfolgreiches-erstes-halbjahr-2009-ergebnisse-der-gruppenunternehmen-im-it-dienstleistungsmarkt-trotz-krise-stabil\/\" \/>\n<meta property=\"og:site_name\" content=\"Allgeier SE\" \/>\n<meta property=\"article:modified_time\" content=\"2023-01-22T17:10:08+00:00\" \/>\n<meta name=\"twitter:card\" content=\"summary_large_image\" \/>\n<meta name=\"twitter:label1\" content=\"Gesch\u00e4tzte Lesezeit\" \/>\n\t<meta name=\"twitter:data1\" content=\"2\u00a0Minuten\" \/>\n<script type=\"application\/ld+json\" class=\"yoast-schema-graph\">{\"@context\":\"https:\\\/\\\/schema.org\",\"@graph\":[{\"@type\":\"WebPage\",\"@id\":\"https:\\\/\\\/www.allgeier.com\\\/de\\\/investor-relations\\\/adhoc-announcements\\\/allgeier-meldet-erfolgreiches-erstes-halbjahr-2009-ergebnisse-der-gruppenunternehmen-im-it-dienstleistungsmarkt-trotz-krise-stabil\\\/\",\"url\":\"https:\\\/\\\/www.allgeier.com\\\/de\\\/investor-relations\\\/adhoc-announcements\\\/allgeier-meldet-erfolgreiches-erstes-halbjahr-2009-ergebnisse-der-gruppenunternehmen-im-it-dienstleistungsmarkt-trotz-krise-stabil\\\/\",\"name\":\"Allgeier meldet erfolgreiches erstes Halbjahr 2009 - Ergebnisse der Gruppenunternehmen im IT Dienstleistungsmarkt trotz Krise stabil - Allgeier SE\",\"isPartOf\":{\"@id\":\"https:\\\/\\\/www.allgeier.com\\\/de\\\/#website\"},\"datePublished\":\"2009-08-05T12:18:59+00:00\",\"dateModified\":\"2023-01-22T17:10:08+00:00\",\"breadcrumb\":{\"@id\":\"https:\\\/\\\/www.allgeier.com\\\/de\\\/investor-relations\\\/adhoc-announcements\\\/allgeier-meldet-erfolgreiches-erstes-halbjahr-2009-ergebnisse-der-gruppenunternehmen-im-it-dienstleistungsmarkt-trotz-krise-stabil\\\/#breadcrumb\"},\"inLanguage\":\"de\",\"potentialAction\":[{\"@type\":\"ReadAction\",\"target\":[\"https:\\\/\\\/www.allgeier.com\\\/de\\\/investor-relations\\\/adhoc-announcements\\\/allgeier-meldet-erfolgreiches-erstes-halbjahr-2009-ergebnisse-der-gruppenunternehmen-im-it-dienstleistungsmarkt-trotz-krise-stabil\\\/\"]}]},{\"@type\":\"BreadcrumbList\",\"@id\":\"https:\\\/\\\/www.allgeier.com\\\/de\\\/investor-relations\\\/adhoc-announcements\\\/allgeier-meldet-erfolgreiches-erstes-halbjahr-2009-ergebnisse-der-gruppenunternehmen-im-it-dienstleistungsmarkt-trotz-krise-stabil\\\/#breadcrumb\",\"itemListElement\":[{\"@type\":\"ListItem\",\"position\":1,\"name\":\"Home\",\"item\":\"https:\\\/\\\/www.allgeier.com\\\/de\\\/\"},{\"@type\":\"ListItem\",\"position\":2,\"name\":\"Investor Relations\",\"item\":\"https:\\\/\\\/www.allgeier.com\\\/de\\\/investor-relations\\\/\"},{\"@type\":\"ListItem\",\"position\":3,\"name\":\"Ad hoc-Mitteilungen\",\"item\":\"https:\\\/\\\/www.allgeier.com\\\/de\\\/investor-relations\\\/adhoc-announcements\\\/\"},{\"@type\":\"ListItem\",\"position\":4,\"name\":\"Allgeier meldet erfolgreiches erstes Halbjahr 2009 &#8211; Ergebnisse der Gruppenunternehmen im IT Dienstleistungsmarkt trotz Krise stabil\"}]},{\"@type\":\"WebSite\",\"@id\":\"https:\\\/\\\/www.allgeier.com\\\/de\\\/#website\",\"url\":\"https:\\\/\\\/www.allgeier.com\\\/de\\\/\",\"name\":\"Allgeier SE\",\"description\":\"Software &amp; IT Services for digital transformation\",\"potentialAction\":[{\"@type\":\"SearchAction\",\"target\":{\"@type\":\"EntryPoint\",\"urlTemplate\":\"https:\\\/\\\/www.allgeier.com\\\/de\\\/?s={search_term_string}\"},\"query-input\":{\"@type\":\"PropertyValueSpecification\",\"valueRequired\":true,\"valueName\":\"search_term_string\"}}],\"inLanguage\":\"de\"}]}<\/script>\n<!-- \/ Yoast SEO plugin. -->","yoast_head_json":{"title":"Allgeier meldet erfolgreiches erstes Halbjahr 2009 - Ergebnisse der Gruppenunternehmen im IT Dienstleistungsmarkt trotz Krise stabil - Allgeier SE","robots":{"index":"index","follow":"follow","max-snippet":"max-snippet:-1","max-image-preview":"max-image-preview:large","max-video-preview":"max-video-preview:-1"},"canonical":"https:\/\/www.allgeier.com\/de\/investor-relations\/adhoc-announcements\/allgeier-meldet-erfolgreiches-erstes-halbjahr-2009-ergebnisse-der-gruppenunternehmen-im-it-dienstleistungsmarkt-trotz-krise-stabil\/","og_locale":"de_DE","og_type":"article","og_title":"Allgeier meldet erfolgreiches erstes Halbjahr 2009 - Ergebnisse der Gruppenunternehmen im IT Dienstleistungsmarkt trotz Krise stabil - Allgeier SE","og_description":"M\u00fcnchen, 5. August 2009 - Die Konzerngesellschaften der Allgeier Holding AG (ISIN DE000508630 \/ WKN 508630) setzten auch im zweiten Quartal 2009 (1. April bis 30. Juni) ihre positive Entwicklung fort und konnten damit ihre Position im Markt weiter festigen. Die Ums\u00e4tze stiegen im zweiten Quartal 2009","og_url":"https:\/\/www.allgeier.com\/de\/investor-relations\/adhoc-announcements\/allgeier-meldet-erfolgreiches-erstes-halbjahr-2009-ergebnisse-der-gruppenunternehmen-im-it-dienstleistungsmarkt-trotz-krise-stabil\/","og_site_name":"Allgeier SE","article_modified_time":"2023-01-22T17:10:08+00:00","twitter_card":"summary_large_image","twitter_misc":{"Gesch\u00e4tzte Lesezeit":"2\u00a0Minuten"},"schema":{"@context":"https:\/\/schema.org","@graph":[{"@type":"WebPage","@id":"https:\/\/www.allgeier.com\/de\/investor-relations\/adhoc-announcements\/allgeier-meldet-erfolgreiches-erstes-halbjahr-2009-ergebnisse-der-gruppenunternehmen-im-it-dienstleistungsmarkt-trotz-krise-stabil\/","url":"https:\/\/www.allgeier.com\/de\/investor-relations\/adhoc-announcements\/allgeier-meldet-erfolgreiches-erstes-halbjahr-2009-ergebnisse-der-gruppenunternehmen-im-it-dienstleistungsmarkt-trotz-krise-stabil\/","name":"Allgeier meldet erfolgreiches erstes Halbjahr 2009 - Ergebnisse der Gruppenunternehmen im IT Dienstleistungsmarkt trotz Krise stabil - Allgeier SE","isPartOf":{"@id":"https:\/\/www.allgeier.com\/de\/#website"},"datePublished":"2009-08-05T12:18:59+00:00","dateModified":"2023-01-22T17:10:08+00:00","breadcrumb":{"@id":"https:\/\/www.allgeier.com\/de\/investor-relations\/adhoc-announcements\/allgeier-meldet-erfolgreiches-erstes-halbjahr-2009-ergebnisse-der-gruppenunternehmen-im-it-dienstleistungsmarkt-trotz-krise-stabil\/#breadcrumb"},"inLanguage":"de","potentialAction":[{"@type":"ReadAction","target":["https:\/\/www.allgeier.com\/de\/investor-relations\/adhoc-announcements\/allgeier-meldet-erfolgreiches-erstes-halbjahr-2009-ergebnisse-der-gruppenunternehmen-im-it-dienstleistungsmarkt-trotz-krise-stabil\/"]}]},{"@type":"BreadcrumbList","@id":"https:\/\/www.allgeier.com\/de\/investor-relations\/adhoc-announcements\/allgeier-meldet-erfolgreiches-erstes-halbjahr-2009-ergebnisse-der-gruppenunternehmen-im-it-dienstleistungsmarkt-trotz-krise-stabil\/#breadcrumb","itemListElement":[{"@type":"ListItem","position":1,"name":"Home","item":"https:\/\/www.allgeier.com\/de\/"},{"@type":"ListItem","position":2,"name":"Investor Relations","item":"https:\/\/www.allgeier.com\/de\/investor-relations\/"},{"@type":"ListItem","position":3,"name":"Ad hoc-Mitteilungen","item":"https:\/\/www.allgeier.com\/de\/investor-relations\/adhoc-announcements\/"},{"@type":"ListItem","position":4,"name":"Allgeier meldet erfolgreiches erstes Halbjahr 2009 &#8211; Ergebnisse der Gruppenunternehmen im IT Dienstleistungsmarkt trotz Krise stabil"}]},{"@type":"WebSite","@id":"https:\/\/www.allgeier.com\/de\/#website","url":"https:\/\/www.allgeier.com\/de\/","name":"Allgeier SE","description":"Software &amp; IT Services for digital transformation","potentialAction":[{"@type":"SearchAction","target":{"@type":"EntryPoint","urlTemplate":"https:\/\/www.allgeier.com\/de\/?s={search_term_string}"},"query-input":{"@type":"PropertyValueSpecification","valueRequired":true,"valueName":"search_term_string"}}],"inLanguage":"de"}]}},"_links":{"self":[{"href":"https:\/\/www.allgeier.com\/de\/wp-json\/wp\/v2\/pages\/5608","targetHints":{"allow":["GET"]}}],"collection":[{"href":"https:\/\/www.allgeier.com\/de\/wp-json\/wp\/v2\/pages"}],"about":[{"href":"https:\/\/www.allgeier.com\/de\/wp-json\/wp\/v2\/types\/page"}],"author":[{"embeddable":true,"href":"https:\/\/www.allgeier.com\/de\/wp-json\/wp\/v2\/users\/4"}],"replies":[{"embeddable":true,"href":"https:\/\/www.allgeier.com\/de\/wp-json\/wp\/v2\/comments?post=5608"}],"version-history":[{"count":1,"href":"https:\/\/www.allgeier.com\/de\/wp-json\/wp\/v2\/pages\/5608\/revisions"}],"predecessor-version":[{"id":5609,"href":"https:\/\/www.allgeier.com\/de\/wp-json\/wp\/v2\/pages\/5608\/revisions\/5609"}],"up":[{"embeddable":true,"href":"https:\/\/www.allgeier.com\/de\/wp-json\/wp\/v2\/pages\/1155"}],"wp:attachment":[{"href":"https:\/\/www.allgeier.com\/de\/wp-json\/wp\/v2\/media?parent=5608"}],"wp:term":[{"taxonomy":"category","embeddable":true,"href":"https:\/\/www.allgeier.com\/de\/wp-json\/wp\/v2\/categories?post=5608"},{"taxonomy":"post_tag","embeddable":true,"href":"https:\/\/www.allgeier.com\/de\/wp-json\/wp\/v2\/tags?post=5608"}],"curies":[{"name":"wp","href":"https:\/\/api.w.org\/{rel}","templated":true}]}}