{"id":5612,"date":"2009-06-08T16:44:54","date_gmt":"2009-06-08T16:44:54","guid":{"rendered":"https:\/\/www.allgeier.com\/de\/?page_id=5612"},"modified":"2023-01-22T17:10:08","modified_gmt":"2023-01-22T17:10:08","slug":"allgeier-holding-ag-rezession-belastet-forecast-fuer-geschaeftsjahr-2009","status":"publish","type":"page","link":"https:\/\/www.allgeier.com\/de\/investor-relations\/adhoc-announcements\/allgeier-holding-ag-rezession-belastet-forecast-fuer-geschaeftsjahr-2009\/","title":{"rendered":"ALLGEIER HOLDING AG: Rezession belastet Forecast f\u00fcr Gesch\u00e4ftsjahr 2009"},"content":{"rendered":"<p><b>ALLGEIER HOLDING AG \/ Prognose\/Umsatzentwicklung<\/b>Ver\u00f6ffentlichung einer Ad-hoc-Mitteilung nach \u00a7 15 WpHG, \u00fcbermittelt durchdie DGAP &#8211; ein Unternehmen der EquityStory AG.F\u00fcr den Inhalt der Mitteilung ist der Emittent verantwortlich.&#8212;&#8212;&#8212;&#8212;&#8212;&#8212;&#8212;&#8212;&#8212;&#8212;&#8212;&#8212;&#8212;&#8212;&#8212;&#8212;&#8212;&#8212;&#8212;&#8212;&#8212;&#8212;&#8212;&#8212;&#8212;M\u00fcnchen, 8. Juni 2009 &#8211; Der Vorstand der Allgeier Holding AG (ISINDE000508630 \/ WKN 508630) geht nach einem heute vorliegenden Forecast f\u00fcrdas Gesch\u00e4ftsjahr davon aus, dass das Wachstum im ersten Quartal 2009 f\u00fcrdas gesamte Gesamtjahr 2009 nicht gleich bleibend anhalten wird.Der auf der Grundlage der ersten vier Monate des Gesch\u00e4ftsjahres 2009erstellte Forecast geht f\u00fcr die verbleibenden Monate des Gesch\u00e4ftsjahres in einer Pro-Forma Betrachtung im Vergleich zum Gesch\u00e4ftsjahr 2008 voneiner in etwa konstant bleibenden Umsatzgr\u00f6\u00dfe aus. Der gem\u00e4\u00df Forecastermittelte IFRS-Umsatz wird aufgrund der Vollkonsolidierung der in 2008erworbenen Gesellschaften gegen\u00fcber dem Vorjahr steigen.Das operative Ergebnis (EBITA) wird gem\u00e4\u00df Forecast in der Pro-FormaBetrachtung gegen\u00fcber 2008 zur\u00fcckgehen. Das gem\u00e4\u00df IFRS ermittelte operativeErgebnis (EBITA) wird gem\u00e4\u00df Forecast etwa auf Vorjahresniveau erwartet.Eine verl\u00e4ssliche Prognose f\u00fcr das Gesch\u00e4ftsjahr 2009 ist aufgrund derUnw\u00e4gbarkeiten der gesamtwirtschaftlichen Entwicklung nicht m\u00f6glich. DerVorstand und die Gruppenunternehmen arbeiten daf\u00fcr, die Schwierigkeiten derKrise besser zu meistern als der Wettbewerb und mit erh\u00f6htem Arbeitseinsatzund optimalen Leistungsangeboten unsere Rolle als eine der f\u00fchrendenDienstleistungsgruppen in Deutschland auszubauen. Grunds\u00e4tzlich gilt abernach wie vor, dass wir unsere Erwartungen von der Entwicklung desGesamtmarktes und der Situation unserer Kunden nicht abkoppeln k\u00f6nnen.Kontakt:Allgeier Holding AGVorstandWehrlestr. 1281679 M\u00fcnchenTel. 089\/998421-0Fax  089\/998421-11www.allgeier.comKurzprofil Allgeier Holding AG:Die Allgeier Holding AG ist eine Dienstleistungsgruppe, die sich auf denwachsenden Markt f\u00fcr Dienstleistungen zur Flexibilisierung von Arbeits- undKostenstrukturen fokussiert. Nach dem Verkauf der Zeitarbeitseinheitkonzentriert sich Allgeier auf den stark wachsenden Markt f\u00fcr IT Servicessowie auf angrenzende Dienstleistungsgesch\u00e4fte. Die Gesellschaften imBereich IT Services unterst\u00fctzen Kunden bei der Umsetzung von Innovationen,der Verbesserung des Informationsflusses und der Optimierung vonGesch\u00e4ftsprozessen. Die Unternehmen innerhalb von Allgeier arbeiteneigenst\u00e4ndig mit allen Vorteilen mittelst\u00e4ndischer Flexibilit\u00e4t,Schnelligkeit, Serviceorientierung und Innovationskraft. Unter dem Dach vonAllgeier verbinden sich diese Vorteile mit der Nutzung von Synergien, derSicherheit und der Schlagkraft einer f\u00fchrenden b\u00f6rsennotiertenUnternehmensgruppe. Durch ein breites Service-Leistungsspektrum sowiegeb\u00fcndelte Kompetenz und Gr\u00f6\u00dfe werden nachhaltig steigende Werte f\u00fcr Kundenund Investoren geschaffen. Die Allgeier-Gruppe besch\u00e4ftigt zurzeit 831Mitarbeiter und 1.331 freiberuflich t\u00e4tige Experten und kann auf einebreite Kundenstruktur quer durch alle deutschen Industrien verweisen. DieAllgeier Holding AG ist am regulierten Markt der Frankfurter B\u00f6rse imSegment General Standard notiert (WKN 508630\/ISIN DE000508630). WeitereInformationen unter: www.allgeier.com.08.06.2009  Finanznachrichten \u00fcbermittelt durch die DGAP&#8212;&#8212;&#8212;&#8212;&#8212;&#8212;&#8212;&#8212;&#8212;&#8212;&#8212;&#8212;&#8212;&#8212;&#8212;&#8212;&#8212;&#8212;&#8212;&#8212;&#8212;&#8212;&#8212;&#8212;&#8212; Sprache:      DeutschEmittent:     ALLGEIER HOLDING AG              Wehrlestra\u00dfe 12              81679 M\u00fcnchen              DeutschlandTelefon:      +49 (0) 89 &#8211; 99 84 21 0Fax:          +49 (0) 89 &#8211; 99 84 21 11E-Mail:       info@allgeier.comInternet:     http:\/\/www.allgeier-holding.comISIN:         DE0005086300WKN:          508630Indizes:      CDAXB\u00f6rsen:       Regulierter Markt in Frankfurt (General Standard);              Freiverkehr in Berlin, Stuttgart, Hamburg, D\u00fcsseldorf Ende der Mitteilung                             DGAP News-Service &#8212;&#8212;&#8212;&#8212;&#8212;&#8212;&#8212;&#8212;&#8212;&#8212;&#8212;&#8212;&#8212;&#8212;&#8212;&#8212;&#8212;&#8212;&#8212;&#8212;&#8212;&#8212;&#8212;&#8212;&#8212;<\/p>\n","protected":false},"excerpt":{"rendered":"<p>M\u00fcnchen, 8. Juni 2009 &#8211; Der Vorstand der Allgeier Holding AG (ISIN DE000508630 \/ WKN 508630) geht nach einem heute vorliegenden Forecast f\u00fcr das Gesch\u00e4ftsjahr davon aus, dass das Wachstum im ersten Quartal 2009 f\u00fcr das gesamte Gesamtjahr 2009 nicht gleich bleibend anhalten wird. Der auf der Grundlage<\/p>\n","protected":false},"author":4,"featured_media":0,"parent":1155,"menu_order":0,"comment_status":"close","ping_status":"closed","template":"","meta":{"_acf_changed":false,"footnotes":""},"categories":[],"tags":[],"class_list":["post-5612","page","type-page","status-publish","hentry"],"acf":[],"yoast_head":"<!-- This site is optimized with the Yoast SEO plugin v27.4 - https:\/\/yoast.com\/product\/yoast-seo-wordpress\/ -->\n<title>ALLGEIER HOLDING AG: Rezession belastet Forecast f\u00fcr Gesch\u00e4ftsjahr 2009 - Allgeier SE<\/title>\n<meta name=\"robots\" content=\"index, follow, max-snippet:-1, max-image-preview:large, max-video-preview:-1\" \/>\n<link rel=\"canonical\" href=\"https:\/\/www.allgeier.com\/de\/investor-relations\/adhoc-announcements\/allgeier-holding-ag-rezession-belastet-forecast-fuer-geschaeftsjahr-2009\/\" \/>\n<meta property=\"og:locale\" content=\"de_DE\" \/>\n<meta property=\"og:type\" content=\"article\" \/>\n<meta property=\"og:title\" content=\"ALLGEIER HOLDING AG: Rezession belastet Forecast f\u00fcr Gesch\u00e4ftsjahr 2009 - Allgeier SE\" \/>\n<meta property=\"og:description\" content=\"M\u00fcnchen, 8. Juni 2009 - Der Vorstand der Allgeier Holding AG (ISIN DE000508630 \/ WKN 508630) geht nach einem heute vorliegenden Forecast f\u00fcr das Gesch\u00e4ftsjahr davon aus, dass das Wachstum im ersten Quartal 2009 f\u00fcr das gesamte Gesamtjahr 2009 nicht gleich bleibend anhalten wird. Der auf der Grundlage\" \/>\n<meta property=\"og:url\" content=\"https:\/\/www.allgeier.com\/de\/investor-relations\/adhoc-announcements\/allgeier-holding-ag-rezession-belastet-forecast-fuer-geschaeftsjahr-2009\/\" \/>\n<meta property=\"og:site_name\" content=\"Allgeier SE\" \/>\n<meta property=\"article:modified_time\" content=\"2023-01-22T17:10:08+00:00\" \/>\n<meta name=\"twitter:card\" content=\"summary_large_image\" \/>\n<meta name=\"twitter:label1\" content=\"Gesch\u00e4tzte Lesezeit\" \/>\n\t<meta name=\"twitter:data1\" content=\"2\u00a0Minuten\" \/>\n<script type=\"application\/ld+json\" class=\"yoast-schema-graph\">{\"@context\":\"https:\\\/\\\/schema.org\",\"@graph\":[{\"@type\":\"WebPage\",\"@id\":\"https:\\\/\\\/www.allgeier.com\\\/de\\\/investor-relations\\\/adhoc-announcements\\\/allgeier-holding-ag-rezession-belastet-forecast-fuer-geschaeftsjahr-2009\\\/\",\"url\":\"https:\\\/\\\/www.allgeier.com\\\/de\\\/investor-relations\\\/adhoc-announcements\\\/allgeier-holding-ag-rezession-belastet-forecast-fuer-geschaeftsjahr-2009\\\/\",\"name\":\"ALLGEIER HOLDING AG: Rezession belastet Forecast f\u00fcr Gesch\u00e4ftsjahr 2009 - Allgeier SE\",\"isPartOf\":{\"@id\":\"https:\\\/\\\/www.allgeier.com\\\/de\\\/#website\"},\"datePublished\":\"2009-06-08T16:44:54+00:00\",\"dateModified\":\"2023-01-22T17:10:08+00:00\",\"breadcrumb\":{\"@id\":\"https:\\\/\\\/www.allgeier.com\\\/de\\\/investor-relations\\\/adhoc-announcements\\\/allgeier-holding-ag-rezession-belastet-forecast-fuer-geschaeftsjahr-2009\\\/#breadcrumb\"},\"inLanguage\":\"de\",\"potentialAction\":[{\"@type\":\"ReadAction\",\"target\":[\"https:\\\/\\\/www.allgeier.com\\\/de\\\/investor-relations\\\/adhoc-announcements\\\/allgeier-holding-ag-rezession-belastet-forecast-fuer-geschaeftsjahr-2009\\\/\"]}]},{\"@type\":\"BreadcrumbList\",\"@id\":\"https:\\\/\\\/www.allgeier.com\\\/de\\\/investor-relations\\\/adhoc-announcements\\\/allgeier-holding-ag-rezession-belastet-forecast-fuer-geschaeftsjahr-2009\\\/#breadcrumb\",\"itemListElement\":[{\"@type\":\"ListItem\",\"position\":1,\"name\":\"Home\",\"item\":\"https:\\\/\\\/www.allgeier.com\\\/de\\\/\"},{\"@type\":\"ListItem\",\"position\":2,\"name\":\"Investor Relations\",\"item\":\"https:\\\/\\\/www.allgeier.com\\\/de\\\/investor-relations\\\/\"},{\"@type\":\"ListItem\",\"position\":3,\"name\":\"Ad hoc-Mitteilungen\",\"item\":\"https:\\\/\\\/www.allgeier.com\\\/de\\\/investor-relations\\\/adhoc-announcements\\\/\"},{\"@type\":\"ListItem\",\"position\":4,\"name\":\"ALLGEIER HOLDING AG: Rezession belastet Forecast f\u00fcr Gesch\u00e4ftsjahr 2009\"}]},{\"@type\":\"WebSite\",\"@id\":\"https:\\\/\\\/www.allgeier.com\\\/de\\\/#website\",\"url\":\"https:\\\/\\\/www.allgeier.com\\\/de\\\/\",\"name\":\"Allgeier SE\",\"description\":\"Software &amp; IT Services for digital transformation\",\"potentialAction\":[{\"@type\":\"SearchAction\",\"target\":{\"@type\":\"EntryPoint\",\"urlTemplate\":\"https:\\\/\\\/www.allgeier.com\\\/de\\\/?s={search_term_string}\"},\"query-input\":{\"@type\":\"PropertyValueSpecification\",\"valueRequired\":true,\"valueName\":\"search_term_string\"}}],\"inLanguage\":\"de\"}]}<\/script>\n<!-- \/ Yoast SEO plugin. -->","yoast_head_json":{"title":"ALLGEIER HOLDING AG: Rezession belastet Forecast f\u00fcr Gesch\u00e4ftsjahr 2009 - Allgeier SE","robots":{"index":"index","follow":"follow","max-snippet":"max-snippet:-1","max-image-preview":"max-image-preview:large","max-video-preview":"max-video-preview:-1"},"canonical":"https:\/\/www.allgeier.com\/de\/investor-relations\/adhoc-announcements\/allgeier-holding-ag-rezession-belastet-forecast-fuer-geschaeftsjahr-2009\/","og_locale":"de_DE","og_type":"article","og_title":"ALLGEIER HOLDING AG: Rezession belastet Forecast f\u00fcr Gesch\u00e4ftsjahr 2009 - Allgeier SE","og_description":"M\u00fcnchen, 8. Juni 2009 - Der Vorstand der Allgeier Holding AG (ISIN DE000508630 \/ WKN 508630) geht nach einem heute vorliegenden Forecast f\u00fcr das Gesch\u00e4ftsjahr davon aus, dass das Wachstum im ersten Quartal 2009 f\u00fcr das gesamte Gesamtjahr 2009 nicht gleich bleibend anhalten wird. Der auf der Grundlage","og_url":"https:\/\/www.allgeier.com\/de\/investor-relations\/adhoc-announcements\/allgeier-holding-ag-rezession-belastet-forecast-fuer-geschaeftsjahr-2009\/","og_site_name":"Allgeier SE","article_modified_time":"2023-01-22T17:10:08+00:00","twitter_card":"summary_large_image","twitter_misc":{"Gesch\u00e4tzte Lesezeit":"2\u00a0Minuten"},"schema":{"@context":"https:\/\/schema.org","@graph":[{"@type":"WebPage","@id":"https:\/\/www.allgeier.com\/de\/investor-relations\/adhoc-announcements\/allgeier-holding-ag-rezession-belastet-forecast-fuer-geschaeftsjahr-2009\/","url":"https:\/\/www.allgeier.com\/de\/investor-relations\/adhoc-announcements\/allgeier-holding-ag-rezession-belastet-forecast-fuer-geschaeftsjahr-2009\/","name":"ALLGEIER HOLDING AG: Rezession belastet Forecast f\u00fcr Gesch\u00e4ftsjahr 2009 - Allgeier SE","isPartOf":{"@id":"https:\/\/www.allgeier.com\/de\/#website"},"datePublished":"2009-06-08T16:44:54+00:00","dateModified":"2023-01-22T17:10:08+00:00","breadcrumb":{"@id":"https:\/\/www.allgeier.com\/de\/investor-relations\/adhoc-announcements\/allgeier-holding-ag-rezession-belastet-forecast-fuer-geschaeftsjahr-2009\/#breadcrumb"},"inLanguage":"de","potentialAction":[{"@type":"ReadAction","target":["https:\/\/www.allgeier.com\/de\/investor-relations\/adhoc-announcements\/allgeier-holding-ag-rezession-belastet-forecast-fuer-geschaeftsjahr-2009\/"]}]},{"@type":"BreadcrumbList","@id":"https:\/\/www.allgeier.com\/de\/investor-relations\/adhoc-announcements\/allgeier-holding-ag-rezession-belastet-forecast-fuer-geschaeftsjahr-2009\/#breadcrumb","itemListElement":[{"@type":"ListItem","position":1,"name":"Home","item":"https:\/\/www.allgeier.com\/de\/"},{"@type":"ListItem","position":2,"name":"Investor Relations","item":"https:\/\/www.allgeier.com\/de\/investor-relations\/"},{"@type":"ListItem","position":3,"name":"Ad hoc-Mitteilungen","item":"https:\/\/www.allgeier.com\/de\/investor-relations\/adhoc-announcements\/"},{"@type":"ListItem","position":4,"name":"ALLGEIER HOLDING AG: Rezession belastet Forecast f\u00fcr Gesch\u00e4ftsjahr 2009"}]},{"@type":"WebSite","@id":"https:\/\/www.allgeier.com\/de\/#website","url":"https:\/\/www.allgeier.com\/de\/","name":"Allgeier SE","description":"Software &amp; IT Services for digital transformation","potentialAction":[{"@type":"SearchAction","target":{"@type":"EntryPoint","urlTemplate":"https:\/\/www.allgeier.com\/de\/?s={search_term_string}"},"query-input":{"@type":"PropertyValueSpecification","valueRequired":true,"valueName":"search_term_string"}}],"inLanguage":"de"}]}},"_links":{"self":[{"href":"https:\/\/www.allgeier.com\/de\/wp-json\/wp\/v2\/pages\/5612","targetHints":{"allow":["GET"]}}],"collection":[{"href":"https:\/\/www.allgeier.com\/de\/wp-json\/wp\/v2\/pages"}],"about":[{"href":"https:\/\/www.allgeier.com\/de\/wp-json\/wp\/v2\/types\/page"}],"author":[{"embeddable":true,"href":"https:\/\/www.allgeier.com\/de\/wp-json\/wp\/v2\/users\/4"}],"replies":[{"embeddable":true,"href":"https:\/\/www.allgeier.com\/de\/wp-json\/wp\/v2\/comments?post=5612"}],"version-history":[{"count":1,"href":"https:\/\/www.allgeier.com\/de\/wp-json\/wp\/v2\/pages\/5612\/revisions"}],"predecessor-version":[{"id":5613,"href":"https:\/\/www.allgeier.com\/de\/wp-json\/wp\/v2\/pages\/5612\/revisions\/5613"}],"up":[{"embeddable":true,"href":"https:\/\/www.allgeier.com\/de\/wp-json\/wp\/v2\/pages\/1155"}],"wp:attachment":[{"href":"https:\/\/www.allgeier.com\/de\/wp-json\/wp\/v2\/media?parent=5612"}],"wp:term":[{"taxonomy":"category","embeddable":true,"href":"https:\/\/www.allgeier.com\/de\/wp-json\/wp\/v2\/categories?post=5612"},{"taxonomy":"post_tag","embeddable":true,"href":"https:\/\/www.allgeier.com\/de\/wp-json\/wp\/v2\/tags?post=5612"}],"curies":[{"name":"wp","href":"https:\/\/api.w.org\/{rel}","templated":true}]}}