{"id":5618,"date":"2009-03-25T10:04:10","date_gmt":"2009-03-25T11:04:10","guid":{"rendered":"https:\/\/www.allgeier.com\/de\/?page_id=5618"},"modified":"2023-01-22T17:10:08","modified_gmt":"2023-01-22T17:10:08","slug":"allgeier-gruppe-teilt-vorlaeufige-geschaeftsergebnisse-2008-mit","status":"publish","type":"page","link":"https:\/\/www.allgeier.com\/de\/investor-relations\/adhoc-announcements\/allgeier-gruppe-teilt-vorlaeufige-geschaeftsergebnisse-2008-mit\/","title":{"rendered":"Allgeier Gruppe teilt vorl\u00e4ufige Gesch\u00e4ftsergebnisse 2008 mit"},"content":{"rendered":"<p><b>Allgeier Holding AG \/ Jahresergebnis\/Vorl\u00e4ufiges Ergebnis<\/b>Ver\u00f6ffentlichung einer Ad-hoc-Mitteilung nach \u00a7 15 WpHG, \u00fcbermittelt durchdie DGAP &#8211; ein Unternehmen der EquityStory AG.F\u00fcr den Inhalt der Mitteilung ist der Emittent verantwortlich.&#8212;&#8212;&#8212;&#8212;&#8212;&#8212;&#8212;&#8212;&#8212;&#8212;&#8212;&#8212;&#8212;&#8212;&#8212;&#8212;&#8212;&#8212;&#8212;&#8212;&#8212;&#8212;&#8212;&#8212;&#8212;M\u00fcnchen, 25. M\u00e4rz 2009 &#8211; Das Gesch\u00e4ftsjahr 2008 der Allgeier Holding AG(ISIN DE000508630 \/ WKN 508630) war von den folgenden wesentlichen Faktorengepr\u00e4gt:- Ver\u00e4u\u00dferung des Zeitarbeitsgesch\u00e4fts im Februar 2008, dieeinerseits zu einer Fokussierung auf das IT Gesch\u00e4ft und Reduzierung derGesamt-Konzerngr\u00f6\u00dfe und andererseits zu einem erheblichenVer\u00e4u\u00dferungsgewinn und Liquidit\u00e4tszufluss f\u00fchrte- Starkes Wachstum von Umsatz und operativem Ergebnis desfortgef\u00fchrten Gesch\u00e4ftsbereichs IT aufgrund des organischen Wachstums- Akquisition von drei neuen Gruppenunternehmen.In den Konzernzahlen 2007 ist noch das ver\u00e4u\u00dferte Zeitarbeitsgesch\u00e4ft, inden Konzernzahlen 2008 nur noch das fortgef\u00fchrte IT Gesch\u00e4ft enthalten.Gem\u00e4\u00df den vorl\u00e4ufigen Konzernzahlen per 31. Dezember 2008 nach IFRS betrugder Konzernumsatz 178,7 Mio. EUR (Vorjahr: 298 Mio. EUR), das Ergebnis vorZinsen, Steuern sowie Abschreibungen auf Firmenwerte undKaufpreisallokationen (EBITA) 10,9 Mio. EUR (Vorjahr: 21,2 Mio. EUR). DasErgebnis vor Zinsen und Steuern (EBIT) nach IFRS betrug per 31. Dezember2008 3,1 Mio. EUR und einschlie\u00dflich Ver\u00e4u\u00dferungsgewinn 85,7 Mio. EUR(Vorjahr: 15,7 Mio. EUR), das Konzernergebnis vor Steuern (EBT) betrug 4,0Mio. EUR und einschlie\u00dflich Ver\u00e4u\u00dferungsgewinn 86,7 Mio. EUR (Vorjahr: 11,2Mio. EUR).Deutliches Wachstum des fortgef\u00fchrten Gesch\u00e4ftsbereichsDer Umsatz im fortgef\u00fchrten Gesch\u00e4ftsbereich stieg von 133,4 Mio. EUR imVorjahr um ca. 34% auf 178,7 Mio. EUR per 31. Dezember 2008. In diesen IFRSZahlen sind die Umsatzanteile der in 2008 erworbenen Unternehmenzeitanteilig ab dem Erwerbszeitpunkt konsolidiert. In einer ProFormaBetrachtung, unter Einbezug der gesamten Jahresums\u00e4tze der in 2008erworbenen Unternehmen, betrug der Jahresumsatz 223,5 Mio. EUR, was einemorganischen Wachstum von ca. 24% entspricht.Das Ergebnis vor Zinsen, Steuern sowie Abschreibungen auf Firmenwerte undKaufpreisallokationen (EBITA) nach IFRS des fortgef\u00fchrten Gesch\u00e4ftsbereichskonnte um rund 40% auf 10,9 Mio. EUR gesteigert werden (Vorjahr: 7,7 Mio.EUR). Gem\u00e4\u00df der zur Beurteilung der tats\u00e4chlichen Ertragskraft wichtigenProForma Betrachtung stieg das EBITA um 33,6% auf 14,7 Mio. EUR (Vorjahr:11 Mio. EUR). Die EBITA-Marge der Gruppenunternehmen liegt trotz desstarken Wachstums \u00fcber dem Vorjahreswert.Das Ergebnis vor Zinsen und Steuern (EBIT) nach IFRS des fortgef\u00fchrtenGesch\u00e4ftsbereichs betrug 3,1 Mio. EUR (Vorjahr: 4,8 Mio. EUR), das ProFormaEBIT betrug 6,9 Mio. EUR (Vorjahr: 8,1 Mio. EUR). Gegen\u00fcber dem Vorjahr istdas EBIT des fortgef\u00fchrten Gesch\u00e4ftsbereichs im Gesch\u00e4ftsjahr 2008 st\u00e4rkerdurch Abschreibungen auf die im Rahmen der Kaufpreisallokation aktiviertenVerm\u00f6gensgegenst\u00e4nde der akquirierten Gesellschaften und auf Firmenwertebelastet.Erheblicher Gewinn und Liquidit\u00e4tszufluss aus der Ver\u00e4u\u00dferung desGesch\u00e4ftsbereichs Personal ServicesDer Konzern erzielte bei der Ver\u00e4u\u00dferung des Gesch\u00e4ftsbereichs PersonalServices einschlie\u00dflich der vom K\u00e4ufer \u00fcbernommenen Forderungen undSchulden einen Kaufpreis von 111,4 Mio. EUR und ein Ver\u00e4u\u00dferungsergebnisvor Ertragsteuern von 82,6 Mio. EUR.Die liquiden Mittel erh\u00f6hten sich auf 69,1 Mio. EUR (Vorjahr: 26 Mio. EUR,davon 12,5 Mio. EUR im fortgef\u00fchrten Gesch\u00e4ftsbereich). Die langfristigenund kurzfristigen verzinslichen Darlehen im Konzern verringerten sich zum31. Dezember 2008 auf 15,6 Mio. EUR (Vorjahr: 63,9 Mio. EUR, davon 17,4Mio. EUR im fortgef\u00fchrten Gesch\u00e4ftsbereich). Das Eigenkapital des Konzernsper 31. Dezember 2008 betrug 82,0 Mio. EUR (Vorjahr: 22,7 Mio. EUR).Insgesamt besch\u00e4ftigte die Allgeier Gruppe zum Jahresende 831 Mitarbeiterund 1.331 freiberuflich t\u00e4tige Experten.Alle vorstehend genannten Zahlen sind vorl\u00e4ufig und vom Wirtschaftspr\u00fcfernoch nicht testiert.Kontakt:Allgeier Holding AGVorstandWehrlestr. 1281679 M\u00fcnchenTel. 089\/998421-0Fax  089\/998421-11www.allgeier.comKurzprofil Allgeier Holding AG:Die Allgeier Holding AG ist eine Dienstleistungsgruppe, die sich auf denwachsenden Markt f\u00fcr Dienstleistungen zur Flexibilisierung von Arbeits- undKostenstrukturen fokussiert. Nach dem Verkauf der Zeitarbeitseinheitkonzentriert sich Allgeier auf den stark wachsenden Markt f\u00fcr IT Servicessowie auf angrenzende Dienstleistungsgesch\u00e4fte. Die Gesellschaften imBereich IT Services unterst\u00fctzen Kunden bei der Umsetzung von Innovationen,der Verbesserung des Informationsflusses und der Optimierung vonGesch\u00e4ftsprozessen. Die Unternehmen innerhalb von Allgeier arbeiteneigenst\u00e4ndig mit allen Vorteilen mittelst\u00e4ndischer Flexibilit\u00e4t,Schnelligkeit, Serviceorientierung und Innovationskraft. Unter dem Dach vonAllgeier verbinden sich diese Vorteile mit der Nutzung von Synergien, derSicherheit und der Schlagkraft einer f\u00fchrenden b\u00f6rsennotiertenUnternehmensgruppe. Durch ein breites Service-Leistungsspektrum sowiegeb\u00fcndelte Kompetenz und Gr\u00f6\u00dfe werden nachhaltig steigende Werte f\u00fcr Kundenund Investoren geschaffen. Die Allgeier-Gruppe besch\u00e4ftigt 831 Mitarbeiterund 1.331 freiberuflich t\u00e4tige Experten und kann auf eine breiteKundenstruktur quer durch alle deutschen Industrien verweisen. Die AllgeierHolding AG ist am Geregelten Markt der Frankfurter B\u00f6rse im Segment GeneralStandard notiert (WKN 508630\/ISIN DE000508630). Weitere Informationenunter: www.allgeier.com.25.03.2009  Finanznachrichten \u00fcbermittelt durch die DGAP&#8212;&#8212;&#8212;&#8212;&#8212;&#8212;&#8212;&#8212;&#8212;&#8212;&#8212;&#8212;&#8212;&#8212;&#8212;&#8212;&#8212;&#8212;&#8212;&#8212;&#8212;&#8212;&#8212;&#8212;&#8212; Sprache:      DeutschEmittent:     Allgeier Holding AG              Wehrlestrasse 12              81679 M\u00fcnchen              DeutschlandTelefon:      +49 (0)89 998 421-0Fax:          +49 (0)89 998 421-11E-Mail:       info@allgeier.comInternet:     www.allgeier-holding.comISIN:         DE0005086300WKN:          508630Indizes:      CDAXB\u00f6rsen:       Regulierter Markt in Frankfurt (General Standard);              Freiverkehr in Berlin, Stuttgart, Hamburg, D\u00fcsseldorf Ende der Mitteilung                             DGAP News-Service &#8212;&#8212;&#8212;&#8212;&#8212;&#8212;&#8212;&#8212;&#8212;&#8212;&#8212;&#8212;&#8212;&#8212;&#8212;&#8212;&#8212;&#8212;&#8212;&#8212;&#8212;&#8212;&#8212;&#8212;&#8212;<\/p>\n","protected":false},"excerpt":{"rendered":"<p>M\u00fcnchen, 25. M\u00e4rz 2009 &#8211; Das Gesch\u00e4ftsjahr 2008 der Allgeier Holding AG (ISIN DE000508630 \/ WKN 508630) war von den folgenden wesentlichen Faktoren gepr\u00e4gt: &#8211; Ver\u00e4u\u00dferung des Zeitarbeitsgesch\u00e4fts im Februar 2008, die einerseits zu einer Fokussierung auf das IT Gesch\u00e4ft und Reduzierung der Gesamt-Konzerngr\u00f6\u00dfe<\/p>\n","protected":false},"author":4,"featured_media":0,"parent":1155,"menu_order":0,"comment_status":"close","ping_status":"closed","template":"","meta":{"_acf_changed":false,"footnotes":""},"categories":[],"tags":[],"class_list":["post-5618","page","type-page","status-publish","hentry"],"acf":[],"yoast_head":"<!-- This site is optimized with the Yoast SEO plugin v27.4 - https:\/\/yoast.com\/product\/yoast-seo-wordpress\/ -->\n<title>Allgeier Gruppe teilt vorl\u00e4ufige Gesch\u00e4ftsergebnisse 2008 mit - Allgeier SE<\/title>\n<meta name=\"robots\" content=\"index, follow, max-snippet:-1, max-image-preview:large, max-video-preview:-1\" \/>\n<link rel=\"canonical\" href=\"https:\/\/www.allgeier.com\/de\/investor-relations\/adhoc-announcements\/allgeier-gruppe-teilt-vorlaeufige-geschaeftsergebnisse-2008-mit\/\" \/>\n<meta property=\"og:locale\" content=\"de_DE\" \/>\n<meta property=\"og:type\" content=\"article\" \/>\n<meta property=\"og:title\" content=\"Allgeier Gruppe teilt vorl\u00e4ufige Gesch\u00e4ftsergebnisse 2008 mit - Allgeier SE\" \/>\n<meta property=\"og:description\" content=\"M\u00fcnchen, 25. M\u00e4rz 2009 - Das Gesch\u00e4ftsjahr 2008 der Allgeier Holding AG (ISIN DE000508630 \/ WKN 508630) war von den folgenden wesentlichen Faktoren gepr\u00e4gt: - Ver\u00e4u\u00dferung des Zeitarbeitsgesch\u00e4fts im Februar 2008, die einerseits zu einer Fokussierung auf das IT Gesch\u00e4ft und Reduzierung der Gesamt-Konzerngr\u00f6\u00dfe\" \/>\n<meta property=\"og:url\" content=\"https:\/\/www.allgeier.com\/de\/investor-relations\/adhoc-announcements\/allgeier-gruppe-teilt-vorlaeufige-geschaeftsergebnisse-2008-mit\/\" \/>\n<meta property=\"og:site_name\" content=\"Allgeier SE\" \/>\n<meta property=\"article:modified_time\" content=\"2023-01-22T17:10:08+00:00\" \/>\n<meta name=\"twitter:card\" content=\"summary_large_image\" \/>\n<meta name=\"twitter:label1\" content=\"Gesch\u00e4tzte Lesezeit\" \/>\n\t<meta name=\"twitter:data1\" content=\"4\u00a0Minuten\" \/>\n<script type=\"application\/ld+json\" class=\"yoast-schema-graph\">{\"@context\":\"https:\\\/\\\/schema.org\",\"@graph\":[{\"@type\":\"WebPage\",\"@id\":\"https:\\\/\\\/www.allgeier.com\\\/de\\\/investor-relations\\\/adhoc-announcements\\\/allgeier-gruppe-teilt-vorlaeufige-geschaeftsergebnisse-2008-mit\\\/\",\"url\":\"https:\\\/\\\/www.allgeier.com\\\/de\\\/investor-relations\\\/adhoc-announcements\\\/allgeier-gruppe-teilt-vorlaeufige-geschaeftsergebnisse-2008-mit\\\/\",\"name\":\"Allgeier Gruppe teilt vorl\u00e4ufige Gesch\u00e4ftsergebnisse 2008 mit - Allgeier SE\",\"isPartOf\":{\"@id\":\"https:\\\/\\\/www.allgeier.com\\\/de\\\/#website\"},\"datePublished\":\"2009-03-25T11:04:10+00:00\",\"dateModified\":\"2023-01-22T17:10:08+00:00\",\"breadcrumb\":{\"@id\":\"https:\\\/\\\/www.allgeier.com\\\/de\\\/investor-relations\\\/adhoc-announcements\\\/allgeier-gruppe-teilt-vorlaeufige-geschaeftsergebnisse-2008-mit\\\/#breadcrumb\"},\"inLanguage\":\"de\",\"potentialAction\":[{\"@type\":\"ReadAction\",\"target\":[\"https:\\\/\\\/www.allgeier.com\\\/de\\\/investor-relations\\\/adhoc-announcements\\\/allgeier-gruppe-teilt-vorlaeufige-geschaeftsergebnisse-2008-mit\\\/\"]}]},{\"@type\":\"BreadcrumbList\",\"@id\":\"https:\\\/\\\/www.allgeier.com\\\/de\\\/investor-relations\\\/adhoc-announcements\\\/allgeier-gruppe-teilt-vorlaeufige-geschaeftsergebnisse-2008-mit\\\/#breadcrumb\",\"itemListElement\":[{\"@type\":\"ListItem\",\"position\":1,\"name\":\"Home\",\"item\":\"https:\\\/\\\/www.allgeier.com\\\/de\\\/\"},{\"@type\":\"ListItem\",\"position\":2,\"name\":\"Investor Relations\",\"item\":\"https:\\\/\\\/www.allgeier.com\\\/de\\\/investor-relations\\\/\"},{\"@type\":\"ListItem\",\"position\":3,\"name\":\"Ad hoc-Mitteilungen\",\"item\":\"https:\\\/\\\/www.allgeier.com\\\/de\\\/investor-relations\\\/adhoc-announcements\\\/\"},{\"@type\":\"ListItem\",\"position\":4,\"name\":\"Allgeier Gruppe teilt vorl\u00e4ufige Gesch\u00e4ftsergebnisse 2008 mit\"}]},{\"@type\":\"WebSite\",\"@id\":\"https:\\\/\\\/www.allgeier.com\\\/de\\\/#website\",\"url\":\"https:\\\/\\\/www.allgeier.com\\\/de\\\/\",\"name\":\"Allgeier SE\",\"description\":\"Software &amp; IT Services for digital transformation\",\"potentialAction\":[{\"@type\":\"SearchAction\",\"target\":{\"@type\":\"EntryPoint\",\"urlTemplate\":\"https:\\\/\\\/www.allgeier.com\\\/de\\\/?s={search_term_string}\"},\"query-input\":{\"@type\":\"PropertyValueSpecification\",\"valueRequired\":true,\"valueName\":\"search_term_string\"}}],\"inLanguage\":\"de\"}]}<\/script>\n<!-- \/ Yoast SEO plugin. -->","yoast_head_json":{"title":"Allgeier Gruppe teilt vorl\u00e4ufige Gesch\u00e4ftsergebnisse 2008 mit - Allgeier SE","robots":{"index":"index","follow":"follow","max-snippet":"max-snippet:-1","max-image-preview":"max-image-preview:large","max-video-preview":"max-video-preview:-1"},"canonical":"https:\/\/www.allgeier.com\/de\/investor-relations\/adhoc-announcements\/allgeier-gruppe-teilt-vorlaeufige-geschaeftsergebnisse-2008-mit\/","og_locale":"de_DE","og_type":"article","og_title":"Allgeier Gruppe teilt vorl\u00e4ufige Gesch\u00e4ftsergebnisse 2008 mit - Allgeier SE","og_description":"M\u00fcnchen, 25. M\u00e4rz 2009 - Das Gesch\u00e4ftsjahr 2008 der Allgeier Holding AG (ISIN DE000508630 \/ WKN 508630) war von den folgenden wesentlichen Faktoren gepr\u00e4gt: - Ver\u00e4u\u00dferung des Zeitarbeitsgesch\u00e4fts im Februar 2008, die einerseits zu einer Fokussierung auf das IT Gesch\u00e4ft und Reduzierung der Gesamt-Konzerngr\u00f6\u00dfe","og_url":"https:\/\/www.allgeier.com\/de\/investor-relations\/adhoc-announcements\/allgeier-gruppe-teilt-vorlaeufige-geschaeftsergebnisse-2008-mit\/","og_site_name":"Allgeier SE","article_modified_time":"2023-01-22T17:10:08+00:00","twitter_card":"summary_large_image","twitter_misc":{"Gesch\u00e4tzte Lesezeit":"4\u00a0Minuten"},"schema":{"@context":"https:\/\/schema.org","@graph":[{"@type":"WebPage","@id":"https:\/\/www.allgeier.com\/de\/investor-relations\/adhoc-announcements\/allgeier-gruppe-teilt-vorlaeufige-geschaeftsergebnisse-2008-mit\/","url":"https:\/\/www.allgeier.com\/de\/investor-relations\/adhoc-announcements\/allgeier-gruppe-teilt-vorlaeufige-geschaeftsergebnisse-2008-mit\/","name":"Allgeier Gruppe teilt vorl\u00e4ufige Gesch\u00e4ftsergebnisse 2008 mit - Allgeier SE","isPartOf":{"@id":"https:\/\/www.allgeier.com\/de\/#website"},"datePublished":"2009-03-25T11:04:10+00:00","dateModified":"2023-01-22T17:10:08+00:00","breadcrumb":{"@id":"https:\/\/www.allgeier.com\/de\/investor-relations\/adhoc-announcements\/allgeier-gruppe-teilt-vorlaeufige-geschaeftsergebnisse-2008-mit\/#breadcrumb"},"inLanguage":"de","potentialAction":[{"@type":"ReadAction","target":["https:\/\/www.allgeier.com\/de\/investor-relations\/adhoc-announcements\/allgeier-gruppe-teilt-vorlaeufige-geschaeftsergebnisse-2008-mit\/"]}]},{"@type":"BreadcrumbList","@id":"https:\/\/www.allgeier.com\/de\/investor-relations\/adhoc-announcements\/allgeier-gruppe-teilt-vorlaeufige-geschaeftsergebnisse-2008-mit\/#breadcrumb","itemListElement":[{"@type":"ListItem","position":1,"name":"Home","item":"https:\/\/www.allgeier.com\/de\/"},{"@type":"ListItem","position":2,"name":"Investor Relations","item":"https:\/\/www.allgeier.com\/de\/investor-relations\/"},{"@type":"ListItem","position":3,"name":"Ad hoc-Mitteilungen","item":"https:\/\/www.allgeier.com\/de\/investor-relations\/adhoc-announcements\/"},{"@type":"ListItem","position":4,"name":"Allgeier Gruppe teilt vorl\u00e4ufige Gesch\u00e4ftsergebnisse 2008 mit"}]},{"@type":"WebSite","@id":"https:\/\/www.allgeier.com\/de\/#website","url":"https:\/\/www.allgeier.com\/de\/","name":"Allgeier SE","description":"Software &amp; IT Services for digital transformation","potentialAction":[{"@type":"SearchAction","target":{"@type":"EntryPoint","urlTemplate":"https:\/\/www.allgeier.com\/de\/?s={search_term_string}"},"query-input":{"@type":"PropertyValueSpecification","valueRequired":true,"valueName":"search_term_string"}}],"inLanguage":"de"}]}},"_links":{"self":[{"href":"https:\/\/www.allgeier.com\/de\/wp-json\/wp\/v2\/pages\/5618","targetHints":{"allow":["GET"]}}],"collection":[{"href":"https:\/\/www.allgeier.com\/de\/wp-json\/wp\/v2\/pages"}],"about":[{"href":"https:\/\/www.allgeier.com\/de\/wp-json\/wp\/v2\/types\/page"}],"author":[{"embeddable":true,"href":"https:\/\/www.allgeier.com\/de\/wp-json\/wp\/v2\/users\/4"}],"replies":[{"embeddable":true,"href":"https:\/\/www.allgeier.com\/de\/wp-json\/wp\/v2\/comments?post=5618"}],"version-history":[{"count":1,"href":"https:\/\/www.allgeier.com\/de\/wp-json\/wp\/v2\/pages\/5618\/revisions"}],"predecessor-version":[{"id":5619,"href":"https:\/\/www.allgeier.com\/de\/wp-json\/wp\/v2\/pages\/5618\/revisions\/5619"}],"up":[{"embeddable":true,"href":"https:\/\/www.allgeier.com\/de\/wp-json\/wp\/v2\/pages\/1155"}],"wp:attachment":[{"href":"https:\/\/www.allgeier.com\/de\/wp-json\/wp\/v2\/media?parent=5618"}],"wp:term":[{"taxonomy":"category","embeddable":true,"href":"https:\/\/www.allgeier.com\/de\/wp-json\/wp\/v2\/categories?post=5618"},{"taxonomy":"post_tag","embeddable":true,"href":"https:\/\/www.allgeier.com\/de\/wp-json\/wp\/v2\/tags?post=5618"}],"curies":[{"name":"wp","href":"https:\/\/api.w.org\/{rel}","templated":true}]}}