{"id":5620,"date":"2009-01-26T16:15:51","date_gmt":"2009-01-26T17:15:51","guid":{"rendered":"https:\/\/www.allgeier.com\/de\/?page_id=5620"},"modified":"2023-01-22T17:10:09","modified_gmt":"2023-01-22T17:10:09","slug":"wertberichtigung-aktive-latente-steuern-im-konzernabschluss-zum-31-dezember-2008","status":"publish","type":"page","link":"https:\/\/www.allgeier.com\/de\/investor-relations\/adhoc-announcements\/wertberichtigung-aktive-latente-steuern-im-konzernabschluss-zum-31-dezember-2008\/","title":{"rendered":"Wertberichtigung &#8218;Aktive Latente Steuern&#8216; im Konzernabschluss zum 31. Dezember 2008"},"content":{"rendered":"<p><b>Allgeier Holding AG \/ Jahresergebnis\/Rechtssache<\/b>Ver\u00f6ffentlichung einer Ad-hoc-Mitteilung nach \u00a7 15 WpHG, \u00fcbermittelt durchdie DGAP &#8211; ein Unternehmen der EquityStory AG.F\u00fcr den Inhalt der Mitteilung ist der Emittent verantwortlich.&#8212;&#8212;&#8212;&#8212;&#8212;&#8212;&#8212;&#8212;&#8212;&#8212;&#8212;&#8212;&#8212;&#8212;&#8212;&#8212;&#8212;&#8212;&#8212;&#8212;&#8212;&#8212;&#8212;&#8212;&#8212;M\u00fcnchen, 26. Januar 2009 \u2013 Der Vorstand der Allgeier Holding AG hat heutebeschlossen, im Konzernabschluss zum 31. Dezember 2008 eineWertberichtigung auf die Bilanzposition &#8218;Aktive Latente Steuern&#8216; in H\u00f6hevon EUR 2,872 Mio. vorzunehmen. Hintergrund ist die Nichtanerkennung vonvor dem 31. Dezember 2005 erfolgten Wertberichtigungen eines Darlehens derAllgeier Holding AG an ihre Tochtergesellschaft Allgeier Beteiligungen GmbHdurch die Finanzverwaltung im Rahmen der Betriebspr\u00fcfung. Durch dieWertberichtigung auf die Bilanzposition &#8218;Aktive Latente Steuern&#8216; wird sichdas Konzernergebnis nach Steuern um den genannten Betrag reduzieren. Diesernach den anwendbaren IFRS-Regelungen erforderliche bilanzielle Vorgangf\u00fchrt nicht zur tats\u00e4chlichen Zahlung von Steuern in dieser H\u00f6he und hatdamit keine Auswirkung auf die Konzernliquidit\u00e4t. Ebenso hat dieWertberichtigung als rein bilanzieller Vorgang auf Konzernebene keinenEinfluss auf den Bilanzgewinn der Allgeier Holding AG. Allgeier Holding AGteilt die von der Finanzverwaltung vertretene Auffassung nicht und wirdgegen entsprechende Bescheide Rechtsmittel einlegen.Kontakt:Carl Georg D\u00fcrschmidtVorsitzender des VorstandsVorstandAllgeier Holding AGWehrlestr. 1281679 M\u00fcnchenTel. 089-998421-0Fax  089-998421-11www.allgeier.comAnhang zur Ad-hoc-MitteilungKurzprofil Allgeier Holding AG:Die Allgeier Holding AG ist eine b\u00f6rsennotierte Dienstleistungsgruppe mitSitz in M\u00fcnchen. Die Unternehmen der Allgeier Gruppe sind im wachsendenMarkt f\u00fcr IT Services sowie angrenzenden Dienstleistungen zurFlexibilisierung von Arbeits- und Kostenstrukturen fokussiert. DieUnternehmen der Allgeier Gruppe werden unter dem Dach der Allgeier HoldingAG jeweils von eigenen Gesch\u00e4ftsf\u00fchrungen eigenverantwortlich gef\u00fchrt. DieHolding \u00fcbernimmt f\u00fcr die Gruppe insbesondere die strategische Steuerung,das Management des Gruppenwachstums, die Konzernfinanzierung und dasKonzerncontrolling sowie weitere zentrale Funktionen. Die Allgeier HoldingAG ist am regulierten Markt der Frankfurter B\u00f6rse im Segment GeneralStandard notiert (WKN 508630\/ISIN DE000508630). Weitere Informationenunter: www.allgeier.com.Hinweis:Diese Mitteilung enth\u00e4lt in die Zukunft gerichtete Aussagen, die aufAnnahmen und Erwartungen der Unternehmensleitung der Allgeier Holding AGberuhen. Auch bei sorgf\u00e4ltiger Herleitung dieser Annahmen und Erwartungenzum jetzigen Zeitpunkt, k\u00f6nnen die k\u00fcnftige tats\u00e4chliche Entwicklung unddie k\u00fcnftigen tats\u00e4chlichen Ergebnisse von diesen Annahmen und Erwartungenaufgrund verschiedener Faktoren abweichen. Die Allgeier Holding AG\u00fcbernimmt daher keine Gew\u00e4hrleistung und keine Haftung daf\u00fcr, dass diek\u00fcnftige Entwicklung und mit den in dieser Ad-hoc-Mitteilung ge\u00e4u\u00dfertenAnnahmen und Erwartungen \u00fcbereinstimmen werden.26.01.2009  Finanznachrichten \u00fcbermittelt durch die DGAP&#8212;&#8212;&#8212;&#8212;&#8212;&#8212;&#8212;&#8212;&#8212;&#8212;&#8212;&#8212;&#8212;&#8212;&#8212;&#8212;&#8212;&#8212;&#8212;&#8212;&#8212;&#8212;&#8212;&#8212;&#8212; Sprache:      DeutschEmittent:     Allgeier Holding AG              Wehrlestrasse 12              81679 M\u00fcnchen              DeutschlandTelefon:      +49 (0)89 998 421-0Fax:          +49 (0)89 998 421-11E-Mail:       info@allgeier.comInternet:     www.allgeier-holding.comISIN:         DE0005086300WKN:          508630Indizes:      CDAXB\u00f6rsen:       Regulierter Markt in Frankfurt (General Standard);              Freiverkehr in Berlin, Stuttgart, Hamburg, D\u00fcsseldorf Ende der Mitteilung                             DGAP News-Service &#8212;&#8212;&#8212;&#8212;&#8212;&#8212;&#8212;&#8212;&#8212;&#8212;&#8212;&#8212;&#8212;&#8212;&#8212;&#8212;&#8212;&#8212;&#8212;&#8212;&#8212;&#8212;&#8212;&#8212;&#8212;<\/p>\n","protected":false},"excerpt":{"rendered":"<p>M\u00fcnchen, 26. Januar 2009 \u2013 Der Vorstand der Allgeier Holding AG hat heute beschlossen, im Konzernabschluss zum 31. Dezember 2008 eine Wertberichtigung auf die Bilanzposition &#8218;Aktive Latente Steuern&#8216; in H\u00f6he von EUR 2,872 Mio. vorzunehmen. Hintergrund ist die Nichtanerkennung von vor dem 31. Dezember<\/p>\n","protected":false},"author":4,"featured_media":0,"parent":1155,"menu_order":0,"comment_status":"close","ping_status":"closed","template":"","meta":{"_acf_changed":false,"footnotes":""},"categories":[],"tags":[],"class_list":["post-5620","page","type-page","status-publish","hentry"],"acf":[],"yoast_head":"<!-- This site is optimized with the Yoast SEO plugin v27.4 - https:\/\/yoast.com\/product\/yoast-seo-wordpress\/ -->\n<title>Wertberichtigung &#039;Aktive Latente Steuern&#039; im Konzernabschluss zum 31. Dezember 2008 - Allgeier SE<\/title>\n<meta name=\"robots\" content=\"index, follow, max-snippet:-1, max-image-preview:large, max-video-preview:-1\" \/>\n<link rel=\"canonical\" href=\"https:\/\/www.allgeier.com\/de\/investor-relations\/adhoc-announcements\/wertberichtigung-aktive-latente-steuern-im-konzernabschluss-zum-31-dezember-2008\/\" \/>\n<meta property=\"og:locale\" content=\"de_DE\" \/>\n<meta property=\"og:type\" content=\"article\" \/>\n<meta property=\"og:title\" content=\"Wertberichtigung &#039;Aktive Latente Steuern&#039; im Konzernabschluss zum 31. Dezember 2008 - Allgeier SE\" \/>\n<meta property=\"og:description\" content=\"M\u00fcnchen, 26. Januar 2009 \u2013 Der Vorstand der Allgeier Holding AG hat heute beschlossen, im Konzernabschluss zum 31. Dezember 2008 eine Wertberichtigung auf die Bilanzposition &#039;Aktive Latente Steuern&#039; in H\u00f6he von EUR 2,872 Mio. vorzunehmen. Hintergrund ist die Nichtanerkennung von vor dem 31. Dezember\" \/>\n<meta property=\"og:url\" content=\"https:\/\/www.allgeier.com\/de\/investor-relations\/adhoc-announcements\/wertberichtigung-aktive-latente-steuern-im-konzernabschluss-zum-31-dezember-2008\/\" \/>\n<meta property=\"og:site_name\" content=\"Allgeier SE\" \/>\n<meta property=\"article:modified_time\" content=\"2023-01-22T17:10:09+00:00\" \/>\n<meta name=\"twitter:card\" content=\"summary_large_image\" \/>\n<meta name=\"twitter:label1\" content=\"Gesch\u00e4tzte Lesezeit\" \/>\n\t<meta name=\"twitter:data1\" content=\"2\u00a0Minuten\" \/>\n<script type=\"application\/ld+json\" class=\"yoast-schema-graph\">{\"@context\":\"https:\\\/\\\/schema.org\",\"@graph\":[{\"@type\":\"WebPage\",\"@id\":\"https:\\\/\\\/www.allgeier.com\\\/de\\\/investor-relations\\\/adhoc-announcements\\\/wertberichtigung-aktive-latente-steuern-im-konzernabschluss-zum-31-dezember-2008\\\/\",\"url\":\"https:\\\/\\\/www.allgeier.com\\\/de\\\/investor-relations\\\/adhoc-announcements\\\/wertberichtigung-aktive-latente-steuern-im-konzernabschluss-zum-31-dezember-2008\\\/\",\"name\":\"Wertberichtigung 'Aktive Latente Steuern' im Konzernabschluss zum 31. Dezember 2008 - Allgeier SE\",\"isPartOf\":{\"@id\":\"https:\\\/\\\/www.allgeier.com\\\/de\\\/#website\"},\"datePublished\":\"2009-01-26T17:15:51+00:00\",\"dateModified\":\"2023-01-22T17:10:09+00:00\",\"breadcrumb\":{\"@id\":\"https:\\\/\\\/www.allgeier.com\\\/de\\\/investor-relations\\\/adhoc-announcements\\\/wertberichtigung-aktive-latente-steuern-im-konzernabschluss-zum-31-dezember-2008\\\/#breadcrumb\"},\"inLanguage\":\"de\",\"potentialAction\":[{\"@type\":\"ReadAction\",\"target\":[\"https:\\\/\\\/www.allgeier.com\\\/de\\\/investor-relations\\\/adhoc-announcements\\\/wertberichtigung-aktive-latente-steuern-im-konzernabschluss-zum-31-dezember-2008\\\/\"]}]},{\"@type\":\"BreadcrumbList\",\"@id\":\"https:\\\/\\\/www.allgeier.com\\\/de\\\/investor-relations\\\/adhoc-announcements\\\/wertberichtigung-aktive-latente-steuern-im-konzernabschluss-zum-31-dezember-2008\\\/#breadcrumb\",\"itemListElement\":[{\"@type\":\"ListItem\",\"position\":1,\"name\":\"Home\",\"item\":\"https:\\\/\\\/www.allgeier.com\\\/de\\\/\"},{\"@type\":\"ListItem\",\"position\":2,\"name\":\"Investor Relations\",\"item\":\"https:\\\/\\\/www.allgeier.com\\\/de\\\/investor-relations\\\/\"},{\"@type\":\"ListItem\",\"position\":3,\"name\":\"Ad hoc-Mitteilungen\",\"item\":\"https:\\\/\\\/www.allgeier.com\\\/de\\\/investor-relations\\\/adhoc-announcements\\\/\"},{\"@type\":\"ListItem\",\"position\":4,\"name\":\"Wertberichtigung &#8218;Aktive Latente Steuern&#8216; im Konzernabschluss zum 31. Dezember 2008\"}]},{\"@type\":\"WebSite\",\"@id\":\"https:\\\/\\\/www.allgeier.com\\\/de\\\/#website\",\"url\":\"https:\\\/\\\/www.allgeier.com\\\/de\\\/\",\"name\":\"Allgeier SE\",\"description\":\"Software &amp; IT Services for digital transformation\",\"potentialAction\":[{\"@type\":\"SearchAction\",\"target\":{\"@type\":\"EntryPoint\",\"urlTemplate\":\"https:\\\/\\\/www.allgeier.com\\\/de\\\/?s={search_term_string}\"},\"query-input\":{\"@type\":\"PropertyValueSpecification\",\"valueRequired\":true,\"valueName\":\"search_term_string\"}}],\"inLanguage\":\"de\"}]}<\/script>\n<!-- \/ Yoast SEO plugin. -->","yoast_head_json":{"title":"Wertberichtigung 'Aktive Latente Steuern' im Konzernabschluss zum 31. Dezember 2008 - Allgeier SE","robots":{"index":"index","follow":"follow","max-snippet":"max-snippet:-1","max-image-preview":"max-image-preview:large","max-video-preview":"max-video-preview:-1"},"canonical":"https:\/\/www.allgeier.com\/de\/investor-relations\/adhoc-announcements\/wertberichtigung-aktive-latente-steuern-im-konzernabschluss-zum-31-dezember-2008\/","og_locale":"de_DE","og_type":"article","og_title":"Wertberichtigung 'Aktive Latente Steuern' im Konzernabschluss zum 31. Dezember 2008 - Allgeier SE","og_description":"M\u00fcnchen, 26. Januar 2009 \u2013 Der Vorstand der Allgeier Holding AG hat heute beschlossen, im Konzernabschluss zum 31. Dezember 2008 eine Wertberichtigung auf die Bilanzposition 'Aktive Latente Steuern' in H\u00f6he von EUR 2,872 Mio. vorzunehmen. Hintergrund ist die Nichtanerkennung von vor dem 31. Dezember","og_url":"https:\/\/www.allgeier.com\/de\/investor-relations\/adhoc-announcements\/wertberichtigung-aktive-latente-steuern-im-konzernabschluss-zum-31-dezember-2008\/","og_site_name":"Allgeier SE","article_modified_time":"2023-01-22T17:10:09+00:00","twitter_card":"summary_large_image","twitter_misc":{"Gesch\u00e4tzte Lesezeit":"2\u00a0Minuten"},"schema":{"@context":"https:\/\/schema.org","@graph":[{"@type":"WebPage","@id":"https:\/\/www.allgeier.com\/de\/investor-relations\/adhoc-announcements\/wertberichtigung-aktive-latente-steuern-im-konzernabschluss-zum-31-dezember-2008\/","url":"https:\/\/www.allgeier.com\/de\/investor-relations\/adhoc-announcements\/wertberichtigung-aktive-latente-steuern-im-konzernabschluss-zum-31-dezember-2008\/","name":"Wertberichtigung 'Aktive Latente Steuern' im Konzernabschluss zum 31. Dezember 2008 - Allgeier SE","isPartOf":{"@id":"https:\/\/www.allgeier.com\/de\/#website"},"datePublished":"2009-01-26T17:15:51+00:00","dateModified":"2023-01-22T17:10:09+00:00","breadcrumb":{"@id":"https:\/\/www.allgeier.com\/de\/investor-relations\/adhoc-announcements\/wertberichtigung-aktive-latente-steuern-im-konzernabschluss-zum-31-dezember-2008\/#breadcrumb"},"inLanguage":"de","potentialAction":[{"@type":"ReadAction","target":["https:\/\/www.allgeier.com\/de\/investor-relations\/adhoc-announcements\/wertberichtigung-aktive-latente-steuern-im-konzernabschluss-zum-31-dezember-2008\/"]}]},{"@type":"BreadcrumbList","@id":"https:\/\/www.allgeier.com\/de\/investor-relations\/adhoc-announcements\/wertberichtigung-aktive-latente-steuern-im-konzernabschluss-zum-31-dezember-2008\/#breadcrumb","itemListElement":[{"@type":"ListItem","position":1,"name":"Home","item":"https:\/\/www.allgeier.com\/de\/"},{"@type":"ListItem","position":2,"name":"Investor Relations","item":"https:\/\/www.allgeier.com\/de\/investor-relations\/"},{"@type":"ListItem","position":3,"name":"Ad hoc-Mitteilungen","item":"https:\/\/www.allgeier.com\/de\/investor-relations\/adhoc-announcements\/"},{"@type":"ListItem","position":4,"name":"Wertberichtigung &#8218;Aktive Latente Steuern&#8216; im Konzernabschluss zum 31. Dezember 2008"}]},{"@type":"WebSite","@id":"https:\/\/www.allgeier.com\/de\/#website","url":"https:\/\/www.allgeier.com\/de\/","name":"Allgeier SE","description":"Software &amp; IT Services for digital transformation","potentialAction":[{"@type":"SearchAction","target":{"@type":"EntryPoint","urlTemplate":"https:\/\/www.allgeier.com\/de\/?s={search_term_string}"},"query-input":{"@type":"PropertyValueSpecification","valueRequired":true,"valueName":"search_term_string"}}],"inLanguage":"de"}]}},"_links":{"self":[{"href":"https:\/\/www.allgeier.com\/de\/wp-json\/wp\/v2\/pages\/5620","targetHints":{"allow":["GET"]}}],"collection":[{"href":"https:\/\/www.allgeier.com\/de\/wp-json\/wp\/v2\/pages"}],"about":[{"href":"https:\/\/www.allgeier.com\/de\/wp-json\/wp\/v2\/types\/page"}],"author":[{"embeddable":true,"href":"https:\/\/www.allgeier.com\/de\/wp-json\/wp\/v2\/users\/4"}],"replies":[{"embeddable":true,"href":"https:\/\/www.allgeier.com\/de\/wp-json\/wp\/v2\/comments?post=5620"}],"version-history":[{"count":1,"href":"https:\/\/www.allgeier.com\/de\/wp-json\/wp\/v2\/pages\/5620\/revisions"}],"predecessor-version":[{"id":5621,"href":"https:\/\/www.allgeier.com\/de\/wp-json\/wp\/v2\/pages\/5620\/revisions\/5621"}],"up":[{"embeddable":true,"href":"https:\/\/www.allgeier.com\/de\/wp-json\/wp\/v2\/pages\/1155"}],"wp:attachment":[{"href":"https:\/\/www.allgeier.com\/de\/wp-json\/wp\/v2\/media?parent=5620"}],"wp:term":[{"taxonomy":"category","embeddable":true,"href":"https:\/\/www.allgeier.com\/de\/wp-json\/wp\/v2\/categories?post=5620"},{"taxonomy":"post_tag","embeddable":true,"href":"https:\/\/www.allgeier.com\/de\/wp-json\/wp\/v2\/tags?post=5620"}],"curies":[{"name":"wp","href":"https:\/\/api.w.org\/{rel}","templated":true}]}}