{"id":5626,"date":"2008-12-19T15:42:03","date_gmt":"2008-12-19T16:42:03","guid":{"rendered":"https:\/\/www.allgeier.com\/de\/?page_id=5626"},"modified":"2023-01-22T17:10:09","modified_gmt":"2023-01-22T17:10:09","slug":"veraenderungen-im-vorstand-der-allgeier-holding-ag","status":"publish","type":"page","link":"https:\/\/www.allgeier.com\/de\/investor-relations\/adhoc-announcements\/veraenderungen-im-vorstand-der-allgeier-holding-ag\/","title":{"rendered":"Ver\u00e4nderungen im Vorstand der Allgeier Holding AG"},"content":{"rendered":"<p><b>Allgeier Holding AG \/ Personalie<\/b>Ver\u00f6ffentlichung einer Ad-hoc-Mitteilung nach \u00a7 15 WpHG, \u00fcbermittelt durchdie DGAP &#8211; ein Unternehmen der EquityStory AG.F\u00fcr den Inhalt der Mitteilung ist der Emittent verantwortlich.&#8212;&#8212;&#8212;&#8212;&#8212;&#8212;&#8212;&#8212;&#8212;&#8212;&#8212;&#8212;&#8212;&#8212;&#8212;&#8212;&#8212;&#8212;&#8212;&#8212;&#8212;&#8212;&#8212;&#8212;&#8212;Christian Eggenberger widmet sich neuer unternehmerischer Herausforderungund beendet seine Vorstandst\u00e4tigkeit zum 31.12.2008M\u00fcnchen, 19.12.2008 &#8211; Herr Christian Eggenberger beendet auf eigenen Wunschzum 31.12.2008 seine Vorstandst\u00e4tigkeit bei der Gesellschaft. Er wird sicheiner neuen unternehmerischen Herausforderung im Beteiligungsumfeld in derSchweiz widmen und hat sich daher mit dem Aufsichtsrat der Gesellschaftheute einvernehmlich \u00fcber die Aufhebung seines Vorstandsvertrags geeinigt.Aufsichtsrat und Vorstandskollegen danken Herrn Eggenberger f\u00fcr dieLeistung der vergangenen Jahre. Herr Eggenberger hat w\u00e4hrend seinerVorstandst\u00e4tigkeit wesentlich zum Aufbau und der erfolgreichen Entwicklungder Gesellschaft beigetragen. Er wird der Allgeier Gruppe nach seinemAusscheiden als Berater zur Verf\u00fcgung stehen.Die Vorstandsressorts von Herrn Eggenberger werden von den verbleibendenVorst\u00e4nden Carl Georg D\u00fcrschmidt, Dr. Holger von Daniels und Dr. MarcusGoedsche \u00fcbernommen.Kontakt:Carl Georg D\u00fcrschmidtVorsitzender des VorstandsAllgeier Holding AGWehrlestr. 1281679 M\u00fcnchenTel. 089\/998421-0Fax  089\/998421-11www.allgeier.comKurzprofil Allgeier Holding AG:Die Allgeier Holding AG ist die Holdinggesellschaft einer b\u00f6rsennotiertenDienstleistungsgruppe mit Sitz in M\u00fcnchen. Die Unternehmen der AllgeierGruppe sind im wachsenden Markt f\u00fcr IT Services sowie angrenzendenDienstleistungen zur Flexibilisierung von Arbeits- und Kostenstrukturenfokussiert. Die Unternehmen der Allgeier Gruppe werden unter dem Dach derAllgeier Holding AG jeweils von eigenen Gesch\u00e4ftsf\u00fchrungeneigenverantwortlich gef\u00fchrt. Die Holding \u00fcbernimmt f\u00fcr die Gruppeinsbesondere die strategische Steuerung, das Management desGruppenwachstums, die Konzernfinanzierung und das Konzerncontrolling sowieweitere zentrale Funktionen. Die Allgeier Holding AG ist am reguliertenMarkt der Frankfurter B\u00f6rse im Segment General Standard notiert (WKN508630\/ISIN DE000508630). Weitere Informationen unter: www.allgeier.com.19.12.2008  Finanznachrichten \u00fcbermittelt durch die DGAP&#8212;&#8212;&#8212;&#8212;&#8212;&#8212;&#8212;&#8212;&#8212;&#8212;&#8212;&#8212;&#8212;&#8212;&#8212;&#8212;&#8212;&#8212;&#8212;&#8212;&#8212;&#8212;&#8212;&#8212;&#8212; Sprache:      DeutschEmittent:     Allgeier Holding AG              Wehrlestrasse 12              81679 M\u00fcnchen              DeutschlandTelefon:      +49 (0)89 998 421-0Fax:          +49 (0)89 998 421-11E-Mail:       info@allgeier.comInternet:     www.allgeier-holding.comISIN:         DE0005086300WKN:          508630Indizes:      CDAXB\u00f6rsen:       Regulierter Markt in Frankfurt (General Standard);              Freiverkehr in Berlin, Stuttgart, Hamburg, D\u00fcsseldorf Ende der Mitteilung                             DGAP News-Service &#8212;&#8212;&#8212;&#8212;&#8212;&#8212;&#8212;&#8212;&#8212;&#8212;&#8212;&#8212;&#8212;&#8212;&#8212;&#8212;&#8212;&#8212;&#8212;&#8212;&#8212;&#8212;&#8212;&#8212;&#8212;<\/p>\n","protected":false},"excerpt":{"rendered":"<p>Christian Eggenberger widmet sich neuer unternehmerischer Herausforderung und beendet seine Vorstandst\u00e4tigkeit zum 31.12.2008 M\u00fcnchen, 19.12.2008 &#8211; Herr Christian Eggenberger beendet auf eigenen Wunsch zum 31.12.2008 seine Vorstandst\u00e4tigkeit bei der Gesellschaft. Er wird sich einer neuen unternehmerischen<\/p>\n","protected":false},"author":4,"featured_media":0,"parent":1155,"menu_order":0,"comment_status":"close","ping_status":"closed","template":"","meta":{"_acf_changed":false,"footnotes":""},"categories":[],"tags":[],"class_list":["post-5626","page","type-page","status-publish","hentry"],"acf":[],"yoast_head":"<!-- This site is optimized with the Yoast SEO plugin v27.4 - https:\/\/yoast.com\/product\/yoast-seo-wordpress\/ -->\n<title>Ver\u00e4nderungen im Vorstand der Allgeier Holding AG - Allgeier SE<\/title>\n<meta name=\"robots\" content=\"index, follow, max-snippet:-1, max-image-preview:large, max-video-preview:-1\" \/>\n<link rel=\"canonical\" href=\"https:\/\/www.allgeier.com\/de\/investor-relations\/adhoc-announcements\/veraenderungen-im-vorstand-der-allgeier-holding-ag\/\" \/>\n<meta property=\"og:locale\" content=\"de_DE\" \/>\n<meta property=\"og:type\" content=\"article\" \/>\n<meta property=\"og:title\" content=\"Ver\u00e4nderungen im Vorstand der Allgeier Holding AG - Allgeier SE\" \/>\n<meta property=\"og:description\" content=\"Christian Eggenberger widmet sich neuer unternehmerischer Herausforderung und beendet seine Vorstandst\u00e4tigkeit zum 31.12.2008 M\u00fcnchen, 19.12.2008 - Herr Christian Eggenberger beendet auf eigenen Wunsch zum 31.12.2008 seine Vorstandst\u00e4tigkeit bei der Gesellschaft. Er wird sich einer neuen unternehmerischen\" \/>\n<meta property=\"og:url\" content=\"https:\/\/www.allgeier.com\/de\/investor-relations\/adhoc-announcements\/veraenderungen-im-vorstand-der-allgeier-holding-ag\/\" \/>\n<meta property=\"og:site_name\" content=\"Allgeier SE\" \/>\n<meta property=\"article:modified_time\" content=\"2023-01-22T17:10:09+00:00\" \/>\n<meta name=\"twitter:card\" content=\"summary_large_image\" \/>\n<meta name=\"twitter:label1\" content=\"Gesch\u00e4tzte Lesezeit\" \/>\n\t<meta name=\"twitter:data1\" content=\"2\u00a0Minuten\" \/>\n<script type=\"application\/ld+json\" class=\"yoast-schema-graph\">{\"@context\":\"https:\\\/\\\/schema.org\",\"@graph\":[{\"@type\":\"WebPage\",\"@id\":\"https:\\\/\\\/www.allgeier.com\\\/de\\\/investor-relations\\\/adhoc-announcements\\\/veraenderungen-im-vorstand-der-allgeier-holding-ag\\\/\",\"url\":\"https:\\\/\\\/www.allgeier.com\\\/de\\\/investor-relations\\\/adhoc-announcements\\\/veraenderungen-im-vorstand-der-allgeier-holding-ag\\\/\",\"name\":\"Ver\u00e4nderungen im Vorstand der Allgeier Holding AG - Allgeier SE\",\"isPartOf\":{\"@id\":\"https:\\\/\\\/www.allgeier.com\\\/de\\\/#website\"},\"datePublished\":\"2008-12-19T16:42:03+00:00\",\"dateModified\":\"2023-01-22T17:10:09+00:00\",\"breadcrumb\":{\"@id\":\"https:\\\/\\\/www.allgeier.com\\\/de\\\/investor-relations\\\/adhoc-announcements\\\/veraenderungen-im-vorstand-der-allgeier-holding-ag\\\/#breadcrumb\"},\"inLanguage\":\"de\",\"potentialAction\":[{\"@type\":\"ReadAction\",\"target\":[\"https:\\\/\\\/www.allgeier.com\\\/de\\\/investor-relations\\\/adhoc-announcements\\\/veraenderungen-im-vorstand-der-allgeier-holding-ag\\\/\"]}]},{\"@type\":\"BreadcrumbList\",\"@id\":\"https:\\\/\\\/www.allgeier.com\\\/de\\\/investor-relations\\\/adhoc-announcements\\\/veraenderungen-im-vorstand-der-allgeier-holding-ag\\\/#breadcrumb\",\"itemListElement\":[{\"@type\":\"ListItem\",\"position\":1,\"name\":\"Home\",\"item\":\"https:\\\/\\\/www.allgeier.com\\\/de\\\/\"},{\"@type\":\"ListItem\",\"position\":2,\"name\":\"Investor Relations\",\"item\":\"https:\\\/\\\/www.allgeier.com\\\/de\\\/investor-relations\\\/\"},{\"@type\":\"ListItem\",\"position\":3,\"name\":\"Ad hoc-Mitteilungen\",\"item\":\"https:\\\/\\\/www.allgeier.com\\\/de\\\/investor-relations\\\/adhoc-announcements\\\/\"},{\"@type\":\"ListItem\",\"position\":4,\"name\":\"Ver\u00e4nderungen im Vorstand der Allgeier Holding AG\"}]},{\"@type\":\"WebSite\",\"@id\":\"https:\\\/\\\/www.allgeier.com\\\/de\\\/#website\",\"url\":\"https:\\\/\\\/www.allgeier.com\\\/de\\\/\",\"name\":\"Allgeier SE\",\"description\":\"Software &amp; IT Services for digital transformation\",\"potentialAction\":[{\"@type\":\"SearchAction\",\"target\":{\"@type\":\"EntryPoint\",\"urlTemplate\":\"https:\\\/\\\/www.allgeier.com\\\/de\\\/?s={search_term_string}\"},\"query-input\":{\"@type\":\"PropertyValueSpecification\",\"valueRequired\":true,\"valueName\":\"search_term_string\"}}],\"inLanguage\":\"de\"}]}<\/script>\n<!-- \/ Yoast SEO plugin. -->","yoast_head_json":{"title":"Ver\u00e4nderungen im Vorstand der Allgeier Holding AG - Allgeier SE","robots":{"index":"index","follow":"follow","max-snippet":"max-snippet:-1","max-image-preview":"max-image-preview:large","max-video-preview":"max-video-preview:-1"},"canonical":"https:\/\/www.allgeier.com\/de\/investor-relations\/adhoc-announcements\/veraenderungen-im-vorstand-der-allgeier-holding-ag\/","og_locale":"de_DE","og_type":"article","og_title":"Ver\u00e4nderungen im Vorstand der Allgeier Holding AG - Allgeier SE","og_description":"Christian Eggenberger widmet sich neuer unternehmerischer Herausforderung und beendet seine Vorstandst\u00e4tigkeit zum 31.12.2008 M\u00fcnchen, 19.12.2008 - Herr Christian Eggenberger beendet auf eigenen Wunsch zum 31.12.2008 seine Vorstandst\u00e4tigkeit bei der Gesellschaft. Er wird sich einer neuen unternehmerischen","og_url":"https:\/\/www.allgeier.com\/de\/investor-relations\/adhoc-announcements\/veraenderungen-im-vorstand-der-allgeier-holding-ag\/","og_site_name":"Allgeier SE","article_modified_time":"2023-01-22T17:10:09+00:00","twitter_card":"summary_large_image","twitter_misc":{"Gesch\u00e4tzte Lesezeit":"2\u00a0Minuten"},"schema":{"@context":"https:\/\/schema.org","@graph":[{"@type":"WebPage","@id":"https:\/\/www.allgeier.com\/de\/investor-relations\/adhoc-announcements\/veraenderungen-im-vorstand-der-allgeier-holding-ag\/","url":"https:\/\/www.allgeier.com\/de\/investor-relations\/adhoc-announcements\/veraenderungen-im-vorstand-der-allgeier-holding-ag\/","name":"Ver\u00e4nderungen im Vorstand der Allgeier Holding AG - Allgeier SE","isPartOf":{"@id":"https:\/\/www.allgeier.com\/de\/#website"},"datePublished":"2008-12-19T16:42:03+00:00","dateModified":"2023-01-22T17:10:09+00:00","breadcrumb":{"@id":"https:\/\/www.allgeier.com\/de\/investor-relations\/adhoc-announcements\/veraenderungen-im-vorstand-der-allgeier-holding-ag\/#breadcrumb"},"inLanguage":"de","potentialAction":[{"@type":"ReadAction","target":["https:\/\/www.allgeier.com\/de\/investor-relations\/adhoc-announcements\/veraenderungen-im-vorstand-der-allgeier-holding-ag\/"]}]},{"@type":"BreadcrumbList","@id":"https:\/\/www.allgeier.com\/de\/investor-relations\/adhoc-announcements\/veraenderungen-im-vorstand-der-allgeier-holding-ag\/#breadcrumb","itemListElement":[{"@type":"ListItem","position":1,"name":"Home","item":"https:\/\/www.allgeier.com\/de\/"},{"@type":"ListItem","position":2,"name":"Investor Relations","item":"https:\/\/www.allgeier.com\/de\/investor-relations\/"},{"@type":"ListItem","position":3,"name":"Ad hoc-Mitteilungen","item":"https:\/\/www.allgeier.com\/de\/investor-relations\/adhoc-announcements\/"},{"@type":"ListItem","position":4,"name":"Ver\u00e4nderungen im Vorstand der Allgeier Holding AG"}]},{"@type":"WebSite","@id":"https:\/\/www.allgeier.com\/de\/#website","url":"https:\/\/www.allgeier.com\/de\/","name":"Allgeier SE","description":"Software &amp; IT Services for digital transformation","potentialAction":[{"@type":"SearchAction","target":{"@type":"EntryPoint","urlTemplate":"https:\/\/www.allgeier.com\/de\/?s={search_term_string}"},"query-input":{"@type":"PropertyValueSpecification","valueRequired":true,"valueName":"search_term_string"}}],"inLanguage":"de"}]}},"_links":{"self":[{"href":"https:\/\/www.allgeier.com\/de\/wp-json\/wp\/v2\/pages\/5626","targetHints":{"allow":["GET"]}}],"collection":[{"href":"https:\/\/www.allgeier.com\/de\/wp-json\/wp\/v2\/pages"}],"about":[{"href":"https:\/\/www.allgeier.com\/de\/wp-json\/wp\/v2\/types\/page"}],"author":[{"embeddable":true,"href":"https:\/\/www.allgeier.com\/de\/wp-json\/wp\/v2\/users\/4"}],"replies":[{"embeddable":true,"href":"https:\/\/www.allgeier.com\/de\/wp-json\/wp\/v2\/comments?post=5626"}],"version-history":[{"count":1,"href":"https:\/\/www.allgeier.com\/de\/wp-json\/wp\/v2\/pages\/5626\/revisions"}],"predecessor-version":[{"id":5627,"href":"https:\/\/www.allgeier.com\/de\/wp-json\/wp\/v2\/pages\/5626\/revisions\/5627"}],"up":[{"embeddable":true,"href":"https:\/\/www.allgeier.com\/de\/wp-json\/wp\/v2\/pages\/1155"}],"wp:attachment":[{"href":"https:\/\/www.allgeier.com\/de\/wp-json\/wp\/v2\/media?parent=5626"}],"wp:term":[{"taxonomy":"category","embeddable":true,"href":"https:\/\/www.allgeier.com\/de\/wp-json\/wp\/v2\/categories?post=5626"},{"taxonomy":"post_tag","embeddable":true,"href":"https:\/\/www.allgeier.com\/de\/wp-json\/wp\/v2\/tags?post=5626"}],"curies":[{"name":"wp","href":"https:\/\/api.w.org\/{rel}","templated":true}]}}