{"id":5634,"date":"2008-08-20T15:47:28","date_gmt":"2008-08-20T15:47:28","guid":{"rendered":"https:\/\/www.allgeier.com\/de\/?page_id=5634"},"modified":"2023-01-22T17:10:09","modified_gmt":"2023-01-22T17:10:09","slug":"allgeier-baut-gruppe-durch-akquisition-der-ixtra-ag-weiter-aus","status":"publish","type":"page","link":"https:\/\/www.allgeier.com\/de\/investor-relations\/adhoc-announcements\/allgeier-baut-gruppe-durch-akquisition-der-ixtra-ag-weiter-aus\/","title":{"rendered":"Allgeier baut Gruppe durch Akquisition der IXTRA AG weiter aus"},"content":{"rendered":"<p><b>Allgeier Holding AG \/ Firmen\u00fcbernahme<\/b>Ver\u00f6ffentlichung einer Ad-hoc-Mitteilung nach \u00a7 15 WpHG, \u00fcbermittelt durchdie DGAP &#8211; ein Unternehmen der EquityStory AG.F\u00fcr den Inhalt der Mitteilung ist der Emittent verantwortlich.&#8212;&#8212;&#8212;&#8212;&#8212;&#8212;&#8212;&#8212;&#8212;&#8212;&#8212;&#8212;&#8212;&#8212;&#8212;&#8212;&#8212;&#8212;&#8212;&#8212;&#8212;&#8212;&#8212;&#8212;&#8212;M\u00fcnchen, 20. August 2008 \u2013 Die Allgeier Holding AG hat sich heute mit denAktion\u00e4ren der IXTRA AG, M\u00fcnchen\/Ottobrunn, \u00fcber den Erwerb von 90 Prozentder Aktien der IXTRA AG (10 Prozent h\u00e4lt die Gesellschaft als eigeneAktien) geeinigt und entsprechende Vertr\u00e4ge geschlossen. DerGesamtkaufpreis liegt im mittleren einstelligen Millionenbereich undenth\u00e4lt ergebnisabh\u00e4ngige Earn-Out-Komponenten.Die Allgeier Gruppe fokussiert sich auf den Bereich IT- undPersonal-Services. Die Akquisition der Ixtra AG ist nach der TOPjects AGdie zweite Akquisition in diesem Jahr. Allgeier baut dadurch ihre Positionim Markt weiter aus und verbessert ihre Stellung unter den Top 20 derIT-Service Gesellschaften in Deutschland. Inklusive der IXTRA AG umfasstdie Gruppe nun 12 operative Gesellschaften. Durch den Erwerb konnteAllgeier ihr Servicespektrum und Ihre Fl\u00e4chenabdeckung weiter vergr\u00f6\u00dfern.1989 in M\u00fcnchen gegr\u00fcndet, besch\u00e4ftigt die Ixtra AG heute mehr als 110Mitarbeiter bundesweit. Die Standorte der Gesellschaft befinden sich inM\u00fcnchen\/Ottobrunn, Berlin und Bad Homburg. 2007 erzielte die Gesellschaftbei einem Wachstum von \u00fcber 20% einen Umsatz von 9 Mio. EUR. DieGesellschaft erzielt seit Jahren ein positives Ergebnis und ein Wachstum\u00fcber Branchendurchschnitt. Ixtra \u00fcbernimmt f\u00fcr ihre Kunden alsPremium-Partner die Gesamtverantwortung f\u00fcr Softwareentwicklungsprojekte,unterst\u00fctzt kundeninterne Projekte durch die flexible Bereitstellung vonIT-Experten und bietet Managed Services an.Trotz des aktuellen R\u00fcckgangs der Konjunkturprognosen erwartet Allgeiernach einem erfolgreichen ersten Halbjahr eine Fortsetzung desWachstumskurses in 2008 und pr\u00fcft zudem weitere Akquisitionen.Kontakt:Dr. Holger von DanielsAllgeier Holding AGWehrlestr. 1281679 M\u00fcnchenTel. 089-998421-0Fax  089-998421-11www.allgeier.comAnhang zur Ad-hoc-MitteilungKurzprofil Allgeier Holding AG:Die Allgeier Holding AG ist die Holdinggesellschaft einer b\u00f6rsennotiertenDienstleistungsgruppe mit Sitz in M\u00fcnchen. Die Unternehmen der AllgeierGruppe sind im wachsenden Markt f\u00fcr IT Services sowie angrenzendenDienstleistungen zur Flexibilisierung von Arbeits- und Kostenstrukturenfokussiert. Die Unternehmen der Allgeier Gruppe werden unter dem Dach derAllgeier Holding AG jeweils von eigenen Gesch\u00e4ftsf\u00fchrungeneigenverantwortlich gef\u00fchrt. Die Holding \u00fcbernimmt f\u00fcr die Gruppeinsbesondere die strategische Steuerung, das Management desGruppenwachstums, die Konzernfinanzierung und das Konzerncontrolling sowieweitere zentrale Funktionen. Die Allgeier Holding AG ist am reguliertenMarkt der Frankfurter B\u00f6rse im Segment General Standard notiert (WKN508630\/ISIN DE000508630). Weitere Informationen unter: www.allgeier.com.20.08.2008  Finanznachrichten \u00fcbermittelt durch die DGAP&#8212;&#8212;&#8212;&#8212;&#8212;&#8212;&#8212;&#8212;&#8212;&#8212;&#8212;&#8212;&#8212;&#8212;&#8212;&#8212;&#8212;&#8212;&#8212;&#8212;&#8212;&#8212;&#8212;&#8212;&#8212; Sprache:      DeutschEmittent:     Allgeier Holding AG              Wehrlestrasse 12              81679 M\u00fcnchen              DeutschlandTelefon:      +49 (0)89 998 421-0Fax:          +49 (0)89 998 421-11E-Mail:       info@allgeier.comInternet:     www.allgeier-holding.comISIN:         DE0005086300WKN:          508630Indizes:      CDAXB\u00f6rsen:       Regulierter Markt in Frankfurt (General Standard);              Freiverkehr in Berlin, Stuttgart, Hamburg, D\u00fcsseldorf Ende der Mitteilung                             DGAP News-Service &#8212;&#8212;&#8212;&#8212;&#8212;&#8212;&#8212;&#8212;&#8212;&#8212;&#8212;&#8212;&#8212;&#8212;&#8212;&#8212;&#8212;&#8212;&#8212;&#8212;&#8212;&#8212;&#8212;&#8212;&#8212;<\/p>\n","protected":false},"excerpt":{"rendered":"<p>M\u00fcnchen, 20. August 2008 \u2013 Die Allgeier Holding AG hat sich heute mit den Aktion\u00e4ren der IXTRA AG, M\u00fcnchen\/Ottobrunn, \u00fcber den Erwerb von 90 Prozent der Aktien der IXTRA AG (10 Prozent h\u00e4lt die Gesellschaft als eigene Aktien) geeinigt und entsprechende Vertr\u00e4ge geschlossen. Der Gesamtkaufpreis liegt<\/p>\n","protected":false},"author":4,"featured_media":0,"parent":1155,"menu_order":0,"comment_status":"close","ping_status":"closed","template":"","meta":{"_acf_changed":false,"footnotes":""},"categories":[],"tags":[],"class_list":["post-5634","page","type-page","status-publish","hentry"],"acf":[],"yoast_head":"<!-- This site is optimized with the Yoast SEO plugin v27.4 - https:\/\/yoast.com\/product\/yoast-seo-wordpress\/ -->\n<title>Allgeier baut Gruppe durch Akquisition der IXTRA AG weiter aus - Allgeier SE<\/title>\n<meta name=\"robots\" content=\"index, follow, max-snippet:-1, max-image-preview:large, max-video-preview:-1\" \/>\n<link rel=\"canonical\" href=\"https:\/\/www.allgeier.com\/de\/investor-relations\/adhoc-announcements\/allgeier-baut-gruppe-durch-akquisition-der-ixtra-ag-weiter-aus\/\" \/>\n<meta property=\"og:locale\" content=\"de_DE\" \/>\n<meta property=\"og:type\" content=\"article\" \/>\n<meta property=\"og:title\" content=\"Allgeier baut Gruppe durch Akquisition der IXTRA AG weiter aus - Allgeier SE\" \/>\n<meta property=\"og:description\" content=\"M\u00fcnchen, 20. August 2008 \u2013 Die Allgeier Holding AG hat sich heute mit den Aktion\u00e4ren der IXTRA AG, M\u00fcnchen\/Ottobrunn, \u00fcber den Erwerb von 90 Prozent der Aktien der IXTRA AG (10 Prozent h\u00e4lt die Gesellschaft als eigene Aktien) geeinigt und entsprechende Vertr\u00e4ge geschlossen. Der Gesamtkaufpreis liegt\" \/>\n<meta property=\"og:url\" content=\"https:\/\/www.allgeier.com\/de\/investor-relations\/adhoc-announcements\/allgeier-baut-gruppe-durch-akquisition-der-ixtra-ag-weiter-aus\/\" \/>\n<meta property=\"og:site_name\" content=\"Allgeier SE\" \/>\n<meta property=\"article:modified_time\" content=\"2023-01-22T17:10:09+00:00\" \/>\n<meta name=\"twitter:card\" content=\"summary_large_image\" \/>\n<meta name=\"twitter:label1\" content=\"Gesch\u00e4tzte Lesezeit\" \/>\n\t<meta name=\"twitter:data1\" content=\"2\u00a0Minuten\" \/>\n<script type=\"application\/ld+json\" class=\"yoast-schema-graph\">{\"@context\":\"https:\\\/\\\/schema.org\",\"@graph\":[{\"@type\":\"WebPage\",\"@id\":\"https:\\\/\\\/www.allgeier.com\\\/de\\\/investor-relations\\\/adhoc-announcements\\\/allgeier-baut-gruppe-durch-akquisition-der-ixtra-ag-weiter-aus\\\/\",\"url\":\"https:\\\/\\\/www.allgeier.com\\\/de\\\/investor-relations\\\/adhoc-announcements\\\/allgeier-baut-gruppe-durch-akquisition-der-ixtra-ag-weiter-aus\\\/\",\"name\":\"Allgeier baut Gruppe durch Akquisition der IXTRA AG weiter aus - Allgeier SE\",\"isPartOf\":{\"@id\":\"https:\\\/\\\/www.allgeier.com\\\/de\\\/#website\"},\"datePublished\":\"2008-08-20T15:47:28+00:00\",\"dateModified\":\"2023-01-22T17:10:09+00:00\",\"breadcrumb\":{\"@id\":\"https:\\\/\\\/www.allgeier.com\\\/de\\\/investor-relations\\\/adhoc-announcements\\\/allgeier-baut-gruppe-durch-akquisition-der-ixtra-ag-weiter-aus\\\/#breadcrumb\"},\"inLanguage\":\"de\",\"potentialAction\":[{\"@type\":\"ReadAction\",\"target\":[\"https:\\\/\\\/www.allgeier.com\\\/de\\\/investor-relations\\\/adhoc-announcements\\\/allgeier-baut-gruppe-durch-akquisition-der-ixtra-ag-weiter-aus\\\/\"]}]},{\"@type\":\"BreadcrumbList\",\"@id\":\"https:\\\/\\\/www.allgeier.com\\\/de\\\/investor-relations\\\/adhoc-announcements\\\/allgeier-baut-gruppe-durch-akquisition-der-ixtra-ag-weiter-aus\\\/#breadcrumb\",\"itemListElement\":[{\"@type\":\"ListItem\",\"position\":1,\"name\":\"Home\",\"item\":\"https:\\\/\\\/www.allgeier.com\\\/de\\\/\"},{\"@type\":\"ListItem\",\"position\":2,\"name\":\"Investor Relations\",\"item\":\"https:\\\/\\\/www.allgeier.com\\\/de\\\/investor-relations\\\/\"},{\"@type\":\"ListItem\",\"position\":3,\"name\":\"Ad hoc-Mitteilungen\",\"item\":\"https:\\\/\\\/www.allgeier.com\\\/de\\\/investor-relations\\\/adhoc-announcements\\\/\"},{\"@type\":\"ListItem\",\"position\":4,\"name\":\"Allgeier baut Gruppe durch Akquisition der IXTRA AG weiter aus\"}]},{\"@type\":\"WebSite\",\"@id\":\"https:\\\/\\\/www.allgeier.com\\\/de\\\/#website\",\"url\":\"https:\\\/\\\/www.allgeier.com\\\/de\\\/\",\"name\":\"Allgeier SE\",\"description\":\"Software &amp; IT Services for digital transformation\",\"potentialAction\":[{\"@type\":\"SearchAction\",\"target\":{\"@type\":\"EntryPoint\",\"urlTemplate\":\"https:\\\/\\\/www.allgeier.com\\\/de\\\/?s={search_term_string}\"},\"query-input\":{\"@type\":\"PropertyValueSpecification\",\"valueRequired\":true,\"valueName\":\"search_term_string\"}}],\"inLanguage\":\"de\"}]}<\/script>\n<!-- \/ Yoast SEO plugin. -->","yoast_head_json":{"title":"Allgeier baut Gruppe durch Akquisition der IXTRA AG weiter aus - Allgeier SE","robots":{"index":"index","follow":"follow","max-snippet":"max-snippet:-1","max-image-preview":"max-image-preview:large","max-video-preview":"max-video-preview:-1"},"canonical":"https:\/\/www.allgeier.com\/de\/investor-relations\/adhoc-announcements\/allgeier-baut-gruppe-durch-akquisition-der-ixtra-ag-weiter-aus\/","og_locale":"de_DE","og_type":"article","og_title":"Allgeier baut Gruppe durch Akquisition der IXTRA AG weiter aus - Allgeier SE","og_description":"M\u00fcnchen, 20. August 2008 \u2013 Die Allgeier Holding AG hat sich heute mit den Aktion\u00e4ren der IXTRA AG, M\u00fcnchen\/Ottobrunn, \u00fcber den Erwerb von 90 Prozent der Aktien der IXTRA AG (10 Prozent h\u00e4lt die Gesellschaft als eigene Aktien) geeinigt und entsprechende Vertr\u00e4ge geschlossen. Der Gesamtkaufpreis liegt","og_url":"https:\/\/www.allgeier.com\/de\/investor-relations\/adhoc-announcements\/allgeier-baut-gruppe-durch-akquisition-der-ixtra-ag-weiter-aus\/","og_site_name":"Allgeier SE","article_modified_time":"2023-01-22T17:10:09+00:00","twitter_card":"summary_large_image","twitter_misc":{"Gesch\u00e4tzte Lesezeit":"2\u00a0Minuten"},"schema":{"@context":"https:\/\/schema.org","@graph":[{"@type":"WebPage","@id":"https:\/\/www.allgeier.com\/de\/investor-relations\/adhoc-announcements\/allgeier-baut-gruppe-durch-akquisition-der-ixtra-ag-weiter-aus\/","url":"https:\/\/www.allgeier.com\/de\/investor-relations\/adhoc-announcements\/allgeier-baut-gruppe-durch-akquisition-der-ixtra-ag-weiter-aus\/","name":"Allgeier baut Gruppe durch Akquisition der IXTRA AG weiter aus - Allgeier SE","isPartOf":{"@id":"https:\/\/www.allgeier.com\/de\/#website"},"datePublished":"2008-08-20T15:47:28+00:00","dateModified":"2023-01-22T17:10:09+00:00","breadcrumb":{"@id":"https:\/\/www.allgeier.com\/de\/investor-relations\/adhoc-announcements\/allgeier-baut-gruppe-durch-akquisition-der-ixtra-ag-weiter-aus\/#breadcrumb"},"inLanguage":"de","potentialAction":[{"@type":"ReadAction","target":["https:\/\/www.allgeier.com\/de\/investor-relations\/adhoc-announcements\/allgeier-baut-gruppe-durch-akquisition-der-ixtra-ag-weiter-aus\/"]}]},{"@type":"BreadcrumbList","@id":"https:\/\/www.allgeier.com\/de\/investor-relations\/adhoc-announcements\/allgeier-baut-gruppe-durch-akquisition-der-ixtra-ag-weiter-aus\/#breadcrumb","itemListElement":[{"@type":"ListItem","position":1,"name":"Home","item":"https:\/\/www.allgeier.com\/de\/"},{"@type":"ListItem","position":2,"name":"Investor Relations","item":"https:\/\/www.allgeier.com\/de\/investor-relations\/"},{"@type":"ListItem","position":3,"name":"Ad hoc-Mitteilungen","item":"https:\/\/www.allgeier.com\/de\/investor-relations\/adhoc-announcements\/"},{"@type":"ListItem","position":4,"name":"Allgeier baut Gruppe durch Akquisition der IXTRA AG weiter aus"}]},{"@type":"WebSite","@id":"https:\/\/www.allgeier.com\/de\/#website","url":"https:\/\/www.allgeier.com\/de\/","name":"Allgeier SE","description":"Software &amp; IT Services for digital transformation","potentialAction":[{"@type":"SearchAction","target":{"@type":"EntryPoint","urlTemplate":"https:\/\/www.allgeier.com\/de\/?s={search_term_string}"},"query-input":{"@type":"PropertyValueSpecification","valueRequired":true,"valueName":"search_term_string"}}],"inLanguage":"de"}]}},"_links":{"self":[{"href":"https:\/\/www.allgeier.com\/de\/wp-json\/wp\/v2\/pages\/5634","targetHints":{"allow":["GET"]}}],"collection":[{"href":"https:\/\/www.allgeier.com\/de\/wp-json\/wp\/v2\/pages"}],"about":[{"href":"https:\/\/www.allgeier.com\/de\/wp-json\/wp\/v2\/types\/page"}],"author":[{"embeddable":true,"href":"https:\/\/www.allgeier.com\/de\/wp-json\/wp\/v2\/users\/4"}],"replies":[{"embeddable":true,"href":"https:\/\/www.allgeier.com\/de\/wp-json\/wp\/v2\/comments?post=5634"}],"version-history":[{"count":1,"href":"https:\/\/www.allgeier.com\/de\/wp-json\/wp\/v2\/pages\/5634\/revisions"}],"predecessor-version":[{"id":5635,"href":"https:\/\/www.allgeier.com\/de\/wp-json\/wp\/v2\/pages\/5634\/revisions\/5635"}],"up":[{"embeddable":true,"href":"https:\/\/www.allgeier.com\/de\/wp-json\/wp\/v2\/pages\/1155"}],"wp:attachment":[{"href":"https:\/\/www.allgeier.com\/de\/wp-json\/wp\/v2\/media?parent=5634"}],"wp:term":[{"taxonomy":"category","embeddable":true,"href":"https:\/\/www.allgeier.com\/de\/wp-json\/wp\/v2\/categories?post=5634"},{"taxonomy":"post_tag","embeddable":true,"href":"https:\/\/www.allgeier.com\/de\/wp-json\/wp\/v2\/tags?post=5634"}],"curies":[{"name":"wp","href":"https:\/\/api.w.org\/{rel}","templated":true}]}}