{"id":5636,"date":"2008-08-14T14:06:12","date_gmt":"2008-08-14T14:06:12","guid":{"rendered":"https:\/\/www.allgeier.com\/de\/?page_id=5636"},"modified":"2023-01-22T17:10:09","modified_gmt":"2023-01-22T17:10:09","slug":"allgeier-meldet-erfolgreiches-erstes-halbjahr-2008","status":"publish","type":"page","link":"https:\/\/www.allgeier.com\/de\/investor-relations\/adhoc-announcements\/allgeier-meldet-erfolgreiches-erstes-halbjahr-2008\/","title":{"rendered":"Allgeier meldet erfolgreiches erstes Halbjahr 2008"},"content":{"rendered":"<p><b>Allgeier Holding AG \/ Halbjahresergebnis<\/b>Ver\u00f6ffentlichung einer Ad-hoc-Mitteilung nach \u00a7 15 WpHG, \u00fcbermittelt durchdie DGAP &#8211; ein Unternehmen der EquityStory AG.F\u00fcr den Inhalt der Mitteilung ist der Emittent verantwortlich.&#8212;&#8212;&#8212;&#8212;&#8212;&#8212;&#8212;&#8212;&#8212;&#8212;&#8212;&#8212;&#8212;&#8212;&#8212;&#8212;&#8212;&#8212;&#8212;&#8212;&#8212;&#8212;&#8212;&#8212;&#8212;M\u00fcnchen, 14. August 2008 \u2013 Die Konzerngesellschaften der Allgeier HoldingAG (ISIN DE000508630 \/ WKN 508630) setzten auch im zweiten Quartal 2008 (1.April bis 30. Juni) ihre positive Entwicklung fort und konnten damit ihrePosition im Markt weiter festigen.Die Ums\u00e4tze stiegen im zweiten Quartal 2008 organisch um 20% auf 39,3 Mio.EUR (Q2 2007: 32,8 Mio. EUR). Im ersten Halbjahr resultiert daraus eineUmsatzsteigerung von 21% auf 73,5 Mio. EUR (1. HJ 2007: 60,6 Mio. EUR). Diesignifikante Umsatzsteigerung wirkt sich entsprechend positiv auf dieErtragslage aus. Das operative Ergebnis vor Ertr\u00e4gen und indirektenAufwendungen aus dem Verkauf des Zeitarbeitsbereichs, Abschreibungen aufKaufpreis-Allokationen (Amortizations), Zinsen und Steuern (EBITA operativ)des ersten Halbjahrs 2008 lag bei 3,4 Mio. EUR, 13% \u00fcber Vorjahr (1. HJ2007: 3,1 Mio. EUR). Das operative Ergebnis vor Ertr\u00e4gen und indirektenAufwendungen aus dem Verkauf, Zinsen und Steuern (EBIT operativ) stieg um39% von 1,4 Mio. EUR im zweiten Quartal 2007 auf 1,9 Mio. EUR in 2008 \u2013 imHalbjahr stieg das EBIT operativ von 0,3 Mio. EUR in 2007 auf 2,5 Mio. EURin 2008 (+725%).Wesentlich gepr\u00e4gt war das erste Halbjahr auch durch die \u00c4nderung derKonzernstruktur aufgrund des Verkaufs des Zeitarbeitsgesch\u00e4fts (vg.Ad-hoc-Mitteilungen vom 21. Februar 2008 und 14. M\u00e4rz 2008). Der Gewinn ausder Ver\u00e4u\u00dferung der Allgeier DL GmbH betrug im ersten Halbjahr 71,6 Mio.EUR. Aus der Endabrechnung des Verkaufs der Allgeier DL GmbH erwartetAllgeier einen weiteren Teilbetrag und damit insgesamt einen Ertrag aus derVer\u00e4u\u00dferung von rund 80 Mio. EUR.Neben den direkten Ertr\u00e4gen und Aufwendungen aus der Ver\u00e4u\u00dferung fielenzus\u00e4tzlich indirekt mit dem Verkauf in Verbindung stehende Personal- undsonstige betriebliche Aufwendungen in H\u00f6he von 6,4 Mio. EUR an. Nach Abzugdieser einmaligen Kosten betr\u00e4gt das Ergebnis vor Ertr\u00e4gen aus Verkauf,Zinsen und Steuern (EBIT) -3,8 Mio. EUR (1. HJ 2007: 2,97 Mio. EUR). DasKonzernergebnis vor Steuern (EBT) inklusive des Ertrags aus Ver\u00e4u\u00dferungbetr\u00e4gt 67,9 Mio. EUR (1. HJ 2007: 1,4 Mio. EUR).Allgeier Holding AG Kontakt:Dr. Holger von DanielsAllgeier Holding AGWehrlestr. 1281679 M\u00fcnchenTel. 089-998421-0Fax  089-998421-11www.allgeier.comAnhang zur Ad-hoc-MitteilungKurzprofil Allgeier Holding AG:Die Allgeier Holding AG ist die Holdinggesellschaft einer b\u00f6rsennotiertenDienstleistungsgruppe mit Sitz in M\u00fcnchen. Die Unternehmen der AllgeierGruppe sind auf den wachsenden Markt f\u00fcr IT Services sowie angrenzendeDienstleistungen zur Flexibilisierung von Arbeits- und Kostenstrukturenfokussiert. Die Unternehmen der Allgeier Gruppe werden unter dem Dach derAllgeier Holding AG jeweils von eigenen Gesch\u00e4ftsf\u00fchrungeneigenverantwortlich gef\u00fchrt. Die Holding \u00fcbernimmt f\u00fcr die Gruppeinsbesondere die strategische Steuerung, das Management desGruppenwachstums, die Konzernfinanzierung und das Konzerncontrolling sowieweitere zentrale Funktionen. Die Allgeier Holding AG ist am reguliertenMarkt der Frankfurter B\u00f6rse im Segment General Standard notiert (WKN508630\/ISIN DE000508630). Weitere Informationen unter: www.allgeier.com.14.08.2008  Finanznachrichten \u00fcbermittelt durch die DGAP&#8212;&#8212;&#8212;&#8212;&#8212;&#8212;&#8212;&#8212;&#8212;&#8212;&#8212;&#8212;&#8212;&#8212;&#8212;&#8212;&#8212;&#8212;&#8212;&#8212;&#8212;&#8212;&#8212;&#8212;&#8212; Sprache:      DeutschEmittent:     Allgeier Holding AG              Wehrlestrasse 12              81679 M\u00fcnchen              DeutschlandTelefon:      +49 (0)89 998 421-0Fax:          +49 (0)89 998 421-11E-Mail:       info@allgeier.comInternet:     www.allgeier-holding.comISIN:         DE0005086300WKN:          508630Indizes:      CDAXB\u00f6rsen:       Regulierter Markt in Frankfurt (General Standard);              Freiverkehr in Berlin, Stuttgart, Hamburg, D\u00fcsseldorf Ende der Mitteilung                             DGAP News-Service &#8212;&#8212;&#8212;&#8212;&#8212;&#8212;&#8212;&#8212;&#8212;&#8212;&#8212;&#8212;&#8212;&#8212;&#8212;&#8212;&#8212;&#8212;&#8212;&#8212;&#8212;&#8212;&#8212;&#8212;&#8212;<\/p>\n","protected":false},"excerpt":{"rendered":"<p>M\u00fcnchen, 14. August 2008 \u2013 Die Konzerngesellschaften der Allgeier Holding AG (ISIN DE000508630 \/ WKN 508630) setzten auch im zweiten Quartal 2008 (1. April bis 30. Juni) ihre positive Entwicklung fort und konnten damit ihre Position im Markt weiter festigen. Die Ums\u00e4tze stiegen im zweiten Quartal 2008<\/p>\n","protected":false},"author":4,"featured_media":0,"parent":1155,"menu_order":0,"comment_status":"close","ping_status":"closed","template":"","meta":{"_acf_changed":false,"footnotes":""},"categories":[],"tags":[],"class_list":["post-5636","page","type-page","status-publish","hentry"],"acf":[],"yoast_head":"<!-- This site is optimized with the Yoast SEO plugin v27.4 - https:\/\/yoast.com\/product\/yoast-seo-wordpress\/ -->\n<title>Allgeier meldet erfolgreiches erstes Halbjahr 2008 - Allgeier SE<\/title>\n<meta name=\"robots\" content=\"index, follow, max-snippet:-1, max-image-preview:large, max-video-preview:-1\" \/>\n<link rel=\"canonical\" href=\"https:\/\/www.allgeier.com\/de\/investor-relations\/adhoc-announcements\/allgeier-meldet-erfolgreiches-erstes-halbjahr-2008\/\" \/>\n<meta property=\"og:locale\" content=\"de_DE\" \/>\n<meta property=\"og:type\" content=\"article\" \/>\n<meta property=\"og:title\" content=\"Allgeier meldet erfolgreiches erstes Halbjahr 2008 - Allgeier SE\" \/>\n<meta property=\"og:description\" content=\"M\u00fcnchen, 14. August 2008 \u2013 Die Konzerngesellschaften der Allgeier Holding AG (ISIN DE000508630 \/ WKN 508630) setzten auch im zweiten Quartal 2008 (1. April bis 30. Juni) ihre positive Entwicklung fort und konnten damit ihre Position im Markt weiter festigen. Die Ums\u00e4tze stiegen im zweiten Quartal 2008\" \/>\n<meta property=\"og:url\" content=\"https:\/\/www.allgeier.com\/de\/investor-relations\/adhoc-announcements\/allgeier-meldet-erfolgreiches-erstes-halbjahr-2008\/\" \/>\n<meta property=\"og:site_name\" content=\"Allgeier SE\" \/>\n<meta property=\"article:modified_time\" content=\"2023-01-22T17:10:09+00:00\" \/>\n<meta name=\"twitter:card\" content=\"summary_large_image\" \/>\n<meta name=\"twitter:label1\" content=\"Gesch\u00e4tzte Lesezeit\" \/>\n\t<meta name=\"twitter:data1\" content=\"2\u00a0Minuten\" \/>\n<script type=\"application\/ld+json\" class=\"yoast-schema-graph\">{\"@context\":\"https:\\\/\\\/schema.org\",\"@graph\":[{\"@type\":\"WebPage\",\"@id\":\"https:\\\/\\\/www.allgeier.com\\\/de\\\/investor-relations\\\/adhoc-announcements\\\/allgeier-meldet-erfolgreiches-erstes-halbjahr-2008\\\/\",\"url\":\"https:\\\/\\\/www.allgeier.com\\\/de\\\/investor-relations\\\/adhoc-announcements\\\/allgeier-meldet-erfolgreiches-erstes-halbjahr-2008\\\/\",\"name\":\"Allgeier meldet erfolgreiches erstes Halbjahr 2008 - Allgeier SE\",\"isPartOf\":{\"@id\":\"https:\\\/\\\/www.allgeier.com\\\/de\\\/#website\"},\"datePublished\":\"2008-08-14T14:06:12+00:00\",\"dateModified\":\"2023-01-22T17:10:09+00:00\",\"breadcrumb\":{\"@id\":\"https:\\\/\\\/www.allgeier.com\\\/de\\\/investor-relations\\\/adhoc-announcements\\\/allgeier-meldet-erfolgreiches-erstes-halbjahr-2008\\\/#breadcrumb\"},\"inLanguage\":\"de\",\"potentialAction\":[{\"@type\":\"ReadAction\",\"target\":[\"https:\\\/\\\/www.allgeier.com\\\/de\\\/investor-relations\\\/adhoc-announcements\\\/allgeier-meldet-erfolgreiches-erstes-halbjahr-2008\\\/\"]}]},{\"@type\":\"BreadcrumbList\",\"@id\":\"https:\\\/\\\/www.allgeier.com\\\/de\\\/investor-relations\\\/adhoc-announcements\\\/allgeier-meldet-erfolgreiches-erstes-halbjahr-2008\\\/#breadcrumb\",\"itemListElement\":[{\"@type\":\"ListItem\",\"position\":1,\"name\":\"Home\",\"item\":\"https:\\\/\\\/www.allgeier.com\\\/de\\\/\"},{\"@type\":\"ListItem\",\"position\":2,\"name\":\"Investor Relations\",\"item\":\"https:\\\/\\\/www.allgeier.com\\\/de\\\/investor-relations\\\/\"},{\"@type\":\"ListItem\",\"position\":3,\"name\":\"Ad hoc-Mitteilungen\",\"item\":\"https:\\\/\\\/www.allgeier.com\\\/de\\\/investor-relations\\\/adhoc-announcements\\\/\"},{\"@type\":\"ListItem\",\"position\":4,\"name\":\"Allgeier meldet erfolgreiches erstes Halbjahr 2008\"}]},{\"@type\":\"WebSite\",\"@id\":\"https:\\\/\\\/www.allgeier.com\\\/de\\\/#website\",\"url\":\"https:\\\/\\\/www.allgeier.com\\\/de\\\/\",\"name\":\"Allgeier SE\",\"description\":\"Software &amp; IT Services for digital transformation\",\"potentialAction\":[{\"@type\":\"SearchAction\",\"target\":{\"@type\":\"EntryPoint\",\"urlTemplate\":\"https:\\\/\\\/www.allgeier.com\\\/de\\\/?s={search_term_string}\"},\"query-input\":{\"@type\":\"PropertyValueSpecification\",\"valueRequired\":true,\"valueName\":\"search_term_string\"}}],\"inLanguage\":\"de\"}]}<\/script>\n<!-- \/ Yoast SEO plugin. -->","yoast_head_json":{"title":"Allgeier meldet erfolgreiches erstes Halbjahr 2008 - Allgeier SE","robots":{"index":"index","follow":"follow","max-snippet":"max-snippet:-1","max-image-preview":"max-image-preview:large","max-video-preview":"max-video-preview:-1"},"canonical":"https:\/\/www.allgeier.com\/de\/investor-relations\/adhoc-announcements\/allgeier-meldet-erfolgreiches-erstes-halbjahr-2008\/","og_locale":"de_DE","og_type":"article","og_title":"Allgeier meldet erfolgreiches erstes Halbjahr 2008 - Allgeier SE","og_description":"M\u00fcnchen, 14. August 2008 \u2013 Die Konzerngesellschaften der Allgeier Holding AG (ISIN DE000508630 \/ WKN 508630) setzten auch im zweiten Quartal 2008 (1. April bis 30. Juni) ihre positive Entwicklung fort und konnten damit ihre Position im Markt weiter festigen. Die Ums\u00e4tze stiegen im zweiten Quartal 2008","og_url":"https:\/\/www.allgeier.com\/de\/investor-relations\/adhoc-announcements\/allgeier-meldet-erfolgreiches-erstes-halbjahr-2008\/","og_site_name":"Allgeier SE","article_modified_time":"2023-01-22T17:10:09+00:00","twitter_card":"summary_large_image","twitter_misc":{"Gesch\u00e4tzte Lesezeit":"2\u00a0Minuten"},"schema":{"@context":"https:\/\/schema.org","@graph":[{"@type":"WebPage","@id":"https:\/\/www.allgeier.com\/de\/investor-relations\/adhoc-announcements\/allgeier-meldet-erfolgreiches-erstes-halbjahr-2008\/","url":"https:\/\/www.allgeier.com\/de\/investor-relations\/adhoc-announcements\/allgeier-meldet-erfolgreiches-erstes-halbjahr-2008\/","name":"Allgeier meldet erfolgreiches erstes Halbjahr 2008 - Allgeier SE","isPartOf":{"@id":"https:\/\/www.allgeier.com\/de\/#website"},"datePublished":"2008-08-14T14:06:12+00:00","dateModified":"2023-01-22T17:10:09+00:00","breadcrumb":{"@id":"https:\/\/www.allgeier.com\/de\/investor-relations\/adhoc-announcements\/allgeier-meldet-erfolgreiches-erstes-halbjahr-2008\/#breadcrumb"},"inLanguage":"de","potentialAction":[{"@type":"ReadAction","target":["https:\/\/www.allgeier.com\/de\/investor-relations\/adhoc-announcements\/allgeier-meldet-erfolgreiches-erstes-halbjahr-2008\/"]}]},{"@type":"BreadcrumbList","@id":"https:\/\/www.allgeier.com\/de\/investor-relations\/adhoc-announcements\/allgeier-meldet-erfolgreiches-erstes-halbjahr-2008\/#breadcrumb","itemListElement":[{"@type":"ListItem","position":1,"name":"Home","item":"https:\/\/www.allgeier.com\/de\/"},{"@type":"ListItem","position":2,"name":"Investor Relations","item":"https:\/\/www.allgeier.com\/de\/investor-relations\/"},{"@type":"ListItem","position":3,"name":"Ad hoc-Mitteilungen","item":"https:\/\/www.allgeier.com\/de\/investor-relations\/adhoc-announcements\/"},{"@type":"ListItem","position":4,"name":"Allgeier meldet erfolgreiches erstes Halbjahr 2008"}]},{"@type":"WebSite","@id":"https:\/\/www.allgeier.com\/de\/#website","url":"https:\/\/www.allgeier.com\/de\/","name":"Allgeier SE","description":"Software &amp; IT Services for digital transformation","potentialAction":[{"@type":"SearchAction","target":{"@type":"EntryPoint","urlTemplate":"https:\/\/www.allgeier.com\/de\/?s={search_term_string}"},"query-input":{"@type":"PropertyValueSpecification","valueRequired":true,"valueName":"search_term_string"}}],"inLanguage":"de"}]}},"_links":{"self":[{"href":"https:\/\/www.allgeier.com\/de\/wp-json\/wp\/v2\/pages\/5636","targetHints":{"allow":["GET"]}}],"collection":[{"href":"https:\/\/www.allgeier.com\/de\/wp-json\/wp\/v2\/pages"}],"about":[{"href":"https:\/\/www.allgeier.com\/de\/wp-json\/wp\/v2\/types\/page"}],"author":[{"embeddable":true,"href":"https:\/\/www.allgeier.com\/de\/wp-json\/wp\/v2\/users\/4"}],"replies":[{"embeddable":true,"href":"https:\/\/www.allgeier.com\/de\/wp-json\/wp\/v2\/comments?post=5636"}],"version-history":[{"count":1,"href":"https:\/\/www.allgeier.com\/de\/wp-json\/wp\/v2\/pages\/5636\/revisions"}],"predecessor-version":[{"id":5637,"href":"https:\/\/www.allgeier.com\/de\/wp-json\/wp\/v2\/pages\/5636\/revisions\/5637"}],"up":[{"embeddable":true,"href":"https:\/\/www.allgeier.com\/de\/wp-json\/wp\/v2\/pages\/1155"}],"wp:attachment":[{"href":"https:\/\/www.allgeier.com\/de\/wp-json\/wp\/v2\/media?parent=5636"}],"wp:term":[{"taxonomy":"category","embeddable":true,"href":"https:\/\/www.allgeier.com\/de\/wp-json\/wp\/v2\/categories?post=5636"},{"taxonomy":"post_tag","embeddable":true,"href":"https:\/\/www.allgeier.com\/de\/wp-json\/wp\/v2\/tags?post=5636"}],"curies":[{"name":"wp","href":"https:\/\/api.w.org\/{rel}","templated":true}]}}