{"id":5638,"date":"2008-07-29T13:12:43","date_gmt":"2008-07-29T13:12:43","guid":{"rendered":"https:\/\/www.allgeier.com\/de\/?page_id=5638"},"modified":"2023-01-22T17:10:09","modified_gmt":"2023-01-22T17:10:09","slug":"allgeier-erwirbt-weiteren-it-dienstleister-topjects-ag","status":"publish","type":"page","link":"https:\/\/www.allgeier.com\/de\/investor-relations\/adhoc-announcements\/allgeier-erwirbt-weiteren-it-dienstleister-topjects-ag\/","title":{"rendered":"Allgeier erwirbt weiteren IT-Dienstleister TOPjects AG"},"content":{"rendered":"<p><b>Allgeier Holding AG \/ Firmen\u00fcbernahme<\/b>Ver\u00f6ffentlichung einer Ad-hoc-Mitteilung nach \u00a7 15 WpHG, \u00fcbermittelt durchdie DGAP &#8211; ein Unternehmen der EquityStory AG.F\u00fcr den Inhalt der Mitteilung ist der Emittent verantwortlich.&#8212;&#8212;&#8212;&#8212;&#8212;&#8212;&#8212;&#8212;&#8212;&#8212;&#8212;&#8212;&#8212;&#8212;&#8212;&#8212;&#8212;&#8212;&#8212;&#8212;&#8212;&#8212;&#8212;&#8212;&#8212;M\u00fcnchen, 29. Juli 2008 \u2013 Die Allgeier Holding AG hat sich heute mit denAktion\u00e4ren der TOPjects AG, M\u00fcnchen, \u00fcber den Erwerb von 100 Prozent derAktien der TOPjects AG geeinigt und entsprechende Vertr\u00e4ge geschlossen. DerGesamtkaufpreis liegt im unteren zweistelligen Millionenbereich und enth\u00e4ltergebnisabh\u00e4ngige Earn-Out-Komponenten.Die Allgeier Gruppe fokussiert sich auf den Bereich IT- undPersonal-Services. Mit dem Erwerb von TOPjects baut Allgeier ihre Positionim Markt weiter aus und verbessert ihre Stellung unter den Top 20 derIT-Service Gesellschaften in Deutschland. Inklusive der TOPjects AG umfasstdie Gruppe nun 11 operative Gesellschaften. Durch den Erwerb konnteAllgeier ihr Servicespektrum und Ihre Fl\u00e4chenabdeckung weiter vergr\u00f6\u00dfern.Die 1995 gegr\u00fcndete und seit 2001 als Aktiengesellschaft gef\u00fchrte TOPjectsAG besch\u00e4ftigt mehr als 300 IT-Spezialisten an den Standorten M\u00fcnchen,Frankfurt, Hamburg, K\u00f6ln und Leipzig. 2007 erzielte die Gesellschaft einenUmsatz von circa 21 Mio. EUR, was einem Zuwachs von circa 25% gegen\u00fcber demVorjahr entspricht. Mit fachlichen Schwerpunkten in derFinanzdienstleistungs- und Telekombranche, sowie Fachthemen wie BusinessIntelligence und Application Management erzielt TOPjects seit Jahren einpositives Ergebnis und ein Wachstum deutlich \u00fcber Branchendurchschnitt.Allgeier setzt mit dem Erwerb von TOPjects ihren erfolgreichen Kurs alseine der am schnellsten wachsenden IT-Service Gesellschaften in Deutschlandfort. Trotz des aktuellen R\u00fcckgangs der Konjunkturprognosen erwartetAllgeier f\u00fcr 2008 eine Fortsetzung des Wachstumskurses und pr\u00fcft zudemweitere Akquisitionen.Allgeier Holding AG Kontakt:Dr. Holger von DanielsAllgeier Holding AGWehrlestr. 1281679 M\u00fcnchenTel. 089-998421-0Fax  089-998421-11www.allgeier.comKurzprofil Allgeier Holding AG:Die Allgeier Holding AG ist die Holdinggesellschaft einer b\u00f6rsennotiertenDienstleistungsgruppe mit Sitz in M\u00fcnchen. Die Unternehmen der AllgeierGruppe sind im wachsenden Markt f\u00fcr IT Services sowie angrenzendenDienstleistungen zur Flexibilisierung von Arbeits- und Kostenstrukturenfokussiert. Die Unternehmen der Allgeier Gruppe werden unter dem Dach derAllgeier Holding AG jeweils von eigenen Gesch\u00e4ftsf\u00fchrungeneigenverantwortlich gef\u00fchrt. Die Holding \u00fcbernimmt f\u00fcr die Gruppeinsbesondere die strategische Steuerung, das Management desGruppenwachstums, die Konzernfinanzierung und das Konzerncontrolling sowieweitere zentrale Funktionen. Die Allgeier Holding AG ist am reguliertenMarkt der Frankfurter B\u00f6rse im Segment General Standard notiert (WKN508630\/ISIN DE000508630). Weitere Informationen unter: www.allgeier.com.Hinweis:Diese Mitteilung enth\u00e4lt in die Zukunft gerichtete Aussagen, die aufAnnahmen und Erwartungen der Unternehmensleitung der Allgeier Holding AGberuhen. Auch bei sorgf\u00e4ltiger Herleitung dieser Annahmen und Erwartungenzum jetzigen Zeitpunkt, k\u00f6nnen die k\u00fcnftige tats\u00e4chliche Entwicklung unddie k\u00fcnftigen tats\u00e4chlichen Ergebnisse von diesen Annahmen und Erwartungenaufgrund verschiedener Faktoren abweichen. Die Allgeier Holding AG\u00fcbernimmt daher keine Gew\u00e4hrleistung und keine Haftung daf\u00fcr, dass diek\u00fcnftige Entwicklung und mit den in dieser Ad-hoc-Mitteilung ge\u00e4u\u00dfertenAnnahmen und Erwartungen \u00fcbereinstimmen werden.29.07.2008  Finanznachrichten \u00fcbermittelt durch die DGAP&#8212;&#8212;&#8212;&#8212;&#8212;&#8212;&#8212;&#8212;&#8212;&#8212;&#8212;&#8212;&#8212;&#8212;&#8212;&#8212;&#8212;&#8212;&#8212;&#8212;&#8212;&#8212;&#8212;&#8212;&#8212; Sprache:      DeutschEmittent:     Allgeier Holding AG              Wehrlestrasse 12              81679 M\u00fcnchen              DeutschlandTelefon:      +49 (0)89 998 421-0Fax:          +49 (0)89 998 421-11E-Mail:       info@allgeier.comInternet:     www.allgeier-holding.comISIN:         DE0005086300WKN:          508630Indizes:      CDAXB\u00f6rsen:       Regulierter Markt in Frankfurt (General Standard);              Freiverkehr in Berlin, Stuttgart, Hamburg, D\u00fcsseldorf Ende der Mitteilung                             DGAP News-Service &#8212;&#8212;&#8212;&#8212;&#8212;&#8212;&#8212;&#8212;&#8212;&#8212;&#8212;&#8212;&#8212;&#8212;&#8212;&#8212;&#8212;&#8212;&#8212;&#8212;&#8212;&#8212;&#8212;&#8212;&#8212;<\/p>\n","protected":false},"excerpt":{"rendered":"<p>M\u00fcnchen, 29. Juli 2008 \u2013 Die Allgeier Holding AG hat sich heute mit den Aktion\u00e4ren der TOPjects AG, M\u00fcnchen, \u00fcber den Erwerb von 100 Prozent der Aktien der TOPjects AG geeinigt und entsprechende Vertr\u00e4ge geschlossen. Der Gesamtkaufpreis liegt im unteren zweistelligen Millionenbereich und enth\u00e4lt ergebnisabh\u00e4ngige<\/p>\n","protected":false},"author":4,"featured_media":0,"parent":1155,"menu_order":0,"comment_status":"close","ping_status":"closed","template":"","meta":{"_acf_changed":false,"footnotes":""},"categories":[],"tags":[],"class_list":["post-5638","page","type-page","status-publish","hentry"],"acf":[],"yoast_head":"<!-- This site is optimized with the Yoast SEO plugin v27.4 - https:\/\/yoast.com\/product\/yoast-seo-wordpress\/ -->\n<title>Allgeier erwirbt weiteren IT-Dienstleister TOPjects AG - Allgeier SE<\/title>\n<meta name=\"robots\" content=\"index, follow, max-snippet:-1, max-image-preview:large, max-video-preview:-1\" \/>\n<link rel=\"canonical\" href=\"https:\/\/www.allgeier.com\/de\/investor-relations\/adhoc-announcements\/allgeier-erwirbt-weiteren-it-dienstleister-topjects-ag\/\" \/>\n<meta property=\"og:locale\" content=\"de_DE\" \/>\n<meta property=\"og:type\" content=\"article\" \/>\n<meta property=\"og:title\" content=\"Allgeier erwirbt weiteren IT-Dienstleister TOPjects AG - Allgeier SE\" \/>\n<meta property=\"og:description\" content=\"M\u00fcnchen, 29. Juli 2008 \u2013 Die Allgeier Holding AG hat sich heute mit den Aktion\u00e4ren der TOPjects AG, M\u00fcnchen, \u00fcber den Erwerb von 100 Prozent der Aktien der TOPjects AG geeinigt und entsprechende Vertr\u00e4ge geschlossen. Der Gesamtkaufpreis liegt im unteren zweistelligen Millionenbereich und enth\u00e4lt ergebnisabh\u00e4ngige\" \/>\n<meta property=\"og:url\" content=\"https:\/\/www.allgeier.com\/de\/investor-relations\/adhoc-announcements\/allgeier-erwirbt-weiteren-it-dienstleister-topjects-ag\/\" \/>\n<meta property=\"og:site_name\" content=\"Allgeier SE\" \/>\n<meta property=\"article:modified_time\" content=\"2023-01-22T17:10:09+00:00\" \/>\n<meta name=\"twitter:card\" content=\"summary_large_image\" \/>\n<meta name=\"twitter:label1\" content=\"Gesch\u00e4tzte Lesezeit\" \/>\n\t<meta name=\"twitter:data1\" content=\"2\u00a0Minuten\" \/>\n<script type=\"application\/ld+json\" class=\"yoast-schema-graph\">{\"@context\":\"https:\\\/\\\/schema.org\",\"@graph\":[{\"@type\":\"WebPage\",\"@id\":\"https:\\\/\\\/www.allgeier.com\\\/de\\\/investor-relations\\\/adhoc-announcements\\\/allgeier-erwirbt-weiteren-it-dienstleister-topjects-ag\\\/\",\"url\":\"https:\\\/\\\/www.allgeier.com\\\/de\\\/investor-relations\\\/adhoc-announcements\\\/allgeier-erwirbt-weiteren-it-dienstleister-topjects-ag\\\/\",\"name\":\"Allgeier erwirbt weiteren IT-Dienstleister TOPjects AG - Allgeier SE\",\"isPartOf\":{\"@id\":\"https:\\\/\\\/www.allgeier.com\\\/de\\\/#website\"},\"datePublished\":\"2008-07-29T13:12:43+00:00\",\"dateModified\":\"2023-01-22T17:10:09+00:00\",\"breadcrumb\":{\"@id\":\"https:\\\/\\\/www.allgeier.com\\\/de\\\/investor-relations\\\/adhoc-announcements\\\/allgeier-erwirbt-weiteren-it-dienstleister-topjects-ag\\\/#breadcrumb\"},\"inLanguage\":\"de\",\"potentialAction\":[{\"@type\":\"ReadAction\",\"target\":[\"https:\\\/\\\/www.allgeier.com\\\/de\\\/investor-relations\\\/adhoc-announcements\\\/allgeier-erwirbt-weiteren-it-dienstleister-topjects-ag\\\/\"]}]},{\"@type\":\"BreadcrumbList\",\"@id\":\"https:\\\/\\\/www.allgeier.com\\\/de\\\/investor-relations\\\/adhoc-announcements\\\/allgeier-erwirbt-weiteren-it-dienstleister-topjects-ag\\\/#breadcrumb\",\"itemListElement\":[{\"@type\":\"ListItem\",\"position\":1,\"name\":\"Home\",\"item\":\"https:\\\/\\\/www.allgeier.com\\\/de\\\/\"},{\"@type\":\"ListItem\",\"position\":2,\"name\":\"Investor Relations\",\"item\":\"https:\\\/\\\/www.allgeier.com\\\/de\\\/investor-relations\\\/\"},{\"@type\":\"ListItem\",\"position\":3,\"name\":\"Ad hoc-Mitteilungen\",\"item\":\"https:\\\/\\\/www.allgeier.com\\\/de\\\/investor-relations\\\/adhoc-announcements\\\/\"},{\"@type\":\"ListItem\",\"position\":4,\"name\":\"Allgeier erwirbt weiteren IT-Dienstleister TOPjects AG\"}]},{\"@type\":\"WebSite\",\"@id\":\"https:\\\/\\\/www.allgeier.com\\\/de\\\/#website\",\"url\":\"https:\\\/\\\/www.allgeier.com\\\/de\\\/\",\"name\":\"Allgeier SE\",\"description\":\"Software &amp; IT Services for digital transformation\",\"potentialAction\":[{\"@type\":\"SearchAction\",\"target\":{\"@type\":\"EntryPoint\",\"urlTemplate\":\"https:\\\/\\\/www.allgeier.com\\\/de\\\/?s={search_term_string}\"},\"query-input\":{\"@type\":\"PropertyValueSpecification\",\"valueRequired\":true,\"valueName\":\"search_term_string\"}}],\"inLanguage\":\"de\"}]}<\/script>\n<!-- \/ Yoast SEO plugin. -->","yoast_head_json":{"title":"Allgeier erwirbt weiteren IT-Dienstleister TOPjects AG - Allgeier SE","robots":{"index":"index","follow":"follow","max-snippet":"max-snippet:-1","max-image-preview":"max-image-preview:large","max-video-preview":"max-video-preview:-1"},"canonical":"https:\/\/www.allgeier.com\/de\/investor-relations\/adhoc-announcements\/allgeier-erwirbt-weiteren-it-dienstleister-topjects-ag\/","og_locale":"de_DE","og_type":"article","og_title":"Allgeier erwirbt weiteren IT-Dienstleister TOPjects AG - Allgeier SE","og_description":"M\u00fcnchen, 29. Juli 2008 \u2013 Die Allgeier Holding AG hat sich heute mit den Aktion\u00e4ren der TOPjects AG, M\u00fcnchen, \u00fcber den Erwerb von 100 Prozent der Aktien der TOPjects AG geeinigt und entsprechende Vertr\u00e4ge geschlossen. Der Gesamtkaufpreis liegt im unteren zweistelligen Millionenbereich und enth\u00e4lt ergebnisabh\u00e4ngige","og_url":"https:\/\/www.allgeier.com\/de\/investor-relations\/adhoc-announcements\/allgeier-erwirbt-weiteren-it-dienstleister-topjects-ag\/","og_site_name":"Allgeier SE","article_modified_time":"2023-01-22T17:10:09+00:00","twitter_card":"summary_large_image","twitter_misc":{"Gesch\u00e4tzte Lesezeit":"2\u00a0Minuten"},"schema":{"@context":"https:\/\/schema.org","@graph":[{"@type":"WebPage","@id":"https:\/\/www.allgeier.com\/de\/investor-relations\/adhoc-announcements\/allgeier-erwirbt-weiteren-it-dienstleister-topjects-ag\/","url":"https:\/\/www.allgeier.com\/de\/investor-relations\/adhoc-announcements\/allgeier-erwirbt-weiteren-it-dienstleister-topjects-ag\/","name":"Allgeier erwirbt weiteren IT-Dienstleister TOPjects AG - Allgeier SE","isPartOf":{"@id":"https:\/\/www.allgeier.com\/de\/#website"},"datePublished":"2008-07-29T13:12:43+00:00","dateModified":"2023-01-22T17:10:09+00:00","breadcrumb":{"@id":"https:\/\/www.allgeier.com\/de\/investor-relations\/adhoc-announcements\/allgeier-erwirbt-weiteren-it-dienstleister-topjects-ag\/#breadcrumb"},"inLanguage":"de","potentialAction":[{"@type":"ReadAction","target":["https:\/\/www.allgeier.com\/de\/investor-relations\/adhoc-announcements\/allgeier-erwirbt-weiteren-it-dienstleister-topjects-ag\/"]}]},{"@type":"BreadcrumbList","@id":"https:\/\/www.allgeier.com\/de\/investor-relations\/adhoc-announcements\/allgeier-erwirbt-weiteren-it-dienstleister-topjects-ag\/#breadcrumb","itemListElement":[{"@type":"ListItem","position":1,"name":"Home","item":"https:\/\/www.allgeier.com\/de\/"},{"@type":"ListItem","position":2,"name":"Investor Relations","item":"https:\/\/www.allgeier.com\/de\/investor-relations\/"},{"@type":"ListItem","position":3,"name":"Ad hoc-Mitteilungen","item":"https:\/\/www.allgeier.com\/de\/investor-relations\/adhoc-announcements\/"},{"@type":"ListItem","position":4,"name":"Allgeier erwirbt weiteren IT-Dienstleister TOPjects AG"}]},{"@type":"WebSite","@id":"https:\/\/www.allgeier.com\/de\/#website","url":"https:\/\/www.allgeier.com\/de\/","name":"Allgeier SE","description":"Software &amp; IT Services for digital transformation","potentialAction":[{"@type":"SearchAction","target":{"@type":"EntryPoint","urlTemplate":"https:\/\/www.allgeier.com\/de\/?s={search_term_string}"},"query-input":{"@type":"PropertyValueSpecification","valueRequired":true,"valueName":"search_term_string"}}],"inLanguage":"de"}]}},"_links":{"self":[{"href":"https:\/\/www.allgeier.com\/de\/wp-json\/wp\/v2\/pages\/5638","targetHints":{"allow":["GET"]}}],"collection":[{"href":"https:\/\/www.allgeier.com\/de\/wp-json\/wp\/v2\/pages"}],"about":[{"href":"https:\/\/www.allgeier.com\/de\/wp-json\/wp\/v2\/types\/page"}],"author":[{"embeddable":true,"href":"https:\/\/www.allgeier.com\/de\/wp-json\/wp\/v2\/users\/4"}],"replies":[{"embeddable":true,"href":"https:\/\/www.allgeier.com\/de\/wp-json\/wp\/v2\/comments?post=5638"}],"version-history":[{"count":1,"href":"https:\/\/www.allgeier.com\/de\/wp-json\/wp\/v2\/pages\/5638\/revisions"}],"predecessor-version":[{"id":5639,"href":"https:\/\/www.allgeier.com\/de\/wp-json\/wp\/v2\/pages\/5638\/revisions\/5639"}],"up":[{"embeddable":true,"href":"https:\/\/www.allgeier.com\/de\/wp-json\/wp\/v2\/pages\/1155"}],"wp:attachment":[{"href":"https:\/\/www.allgeier.com\/de\/wp-json\/wp\/v2\/media?parent=5638"}],"wp:term":[{"taxonomy":"category","embeddable":true,"href":"https:\/\/www.allgeier.com\/de\/wp-json\/wp\/v2\/categories?post=5638"},{"taxonomy":"post_tag","embeddable":true,"href":"https:\/\/www.allgeier.com\/de\/wp-json\/wp\/v2\/tags?post=5638"}],"curies":[{"name":"wp","href":"https:\/\/api.w.org\/{rel}","templated":true}]}}