{"id":5642,"date":"2008-04-24T13:23:35","date_gmt":"2008-04-24T13:23:35","guid":{"rendered":"https:\/\/www.allgeier.com\/de\/?page_id=5642"},"modified":"2023-01-22T17:10:09","modified_gmt":"2023-01-22T17:10:09","slug":"aufsichtsrat-stellt-jahresabschluss-fest-und-schlaegt-dividende-vor","status":"publish","type":"page","link":"https:\/\/www.allgeier.com\/de\/investor-relations\/adhoc-announcements\/aufsichtsrat-stellt-jahresabschluss-fest-und-schlaegt-dividende-vor\/","title":{"rendered":"Aufsichtsrat stellt Jahresabschluss fest und schl\u00e4gt Dividende vor"},"content":{"rendered":"<p><b>Allgeier Holding AG \/ Jahresergebnis\/Dividende<\/b>Ver\u00f6ffentlichung einer Ad-hoc-Mitteilung nach \u00a7 15 WpHG, \u00fcbermittelt durchdie DGAP &#8211; ein Unternehmen der EquityStory AG.F\u00fcr den Inhalt der Mitteilung ist der Emittent verantwortlich.&#8212;&#8212;&#8212;&#8212;&#8212;&#8212;&#8212;&#8212;&#8212;&#8212;&#8212;&#8212;&#8212;&#8212;&#8212;&#8212;&#8212;&#8212;&#8212;&#8212;&#8212;&#8212;&#8212;&#8212;&#8212;M\u00fcnchen, 24. April 2008 \u2013 Der Aufsichtsrat der Allgeier Holding AG (ISINDE000508630 \/ WKN 508630) hat in seiner Sitzung am 24. April 2008 dentestierten Jahres- und Konzernabschluss der Allgeier Holding AG f\u00fcr dasGesch\u00e4ftsjahr 2007 gebilligt. Der Jahresabschluss ist damit festgestellt.Wie bereits in der Ad-hoc-Mitteilung vom 14. M\u00e4rz 2008 angek\u00fcndigt, sindder Konzernumsatz und das Konzernergebnis deutlich gestiegen. Im Folgendensind die wesentlichen Konzernzahlen aus den testierten Abschl\u00fcssen nochmalszusammengefasst, die die bereits mitgeteilten vorl\u00e4ufigen Zahlenbest\u00e4tigen:Umsatz und ErgebnisDer Konzernumsatz stieg in 2007 auf 298,3 Mio. EUR (2006: 166,7 Mio. EUR).In diesen IFRS Zahlen sind die Umsatzanteile der in 2007 erworbenenUnternehmen zeitanteilig ab dem Erwerbszeitpunkt konsolidiert. In einerProForma Betrachtung, unter Einbezug der gesamten Jahresums\u00e4tze der in 2007erworbenen Unternehmen, betrug der Jahresumsatz 337,4 Mio. EUR (2006: 282,9Mio. EUR).Das Ergebnis vor Zinsen, Steuern sowie Abschreibungen auf Firmenwerte undKaufpreisallokationen (EBITA) nach IFRS wurde auf 21,2 Mio. EUR gesteigert(Vorjahr: 11,9 Mio. EUR). In der zur Beurteilung der faktischenErtragskraft wichtigen ProForma Betrachtung wird im Konzern ein EBITA von26,4 Mio. EUR erreicht (2006: 21,4 Mio. EUR).Das Ergebnis vor Zinsen und Steuern (EBIT) nach IFRS konnte in 2007 auf15,7 Mio. EUR gesteigert und damit mehr als verdoppelt werden (2006: 7,35Mio. EUR). Das ProForma EBIT betr\u00e4gt 20,8 Mio. EUR (2006: 16,9 Mio. EUR).GewinnverwendungVorstand und Aufsichtsrat haben beschlossen, der Hauptversammlungvorzuschlagen, den im Jahresabschluss der Allgeier Holding AG ausgewiesenenBilanzgewinn per 31. Dezember 2007 in H\u00f6he von EUR 22.678.750,00 wie folgtzu verwenden:Aus dem Bilanzgewinn in H\u00f6he von EUR 22.678.750,00 wird erstmals eineDividende in H\u00f6he von EUR 0,50 je Aktie sowie eine zus\u00e4tzliche einmaligeDividende von EUR 2,00 je Aktie, d.h. insgesamt eine Dividende in H\u00f6he vonEUR 2,50 je Aktie an die Aktion\u00e4re ausgesch\u00fcttet. Der verbleibendeBilanzgewinn wird auf neue Rechnung vorgetragen.Kontakt:Carl Georg D\u00fcrschmidtVorsitzender des VorstandsAllgeier Holding AGWehrlestr. 1281679 M\u00fcnchenTel. 089\/998421-0Fax  089\/998421-11www.allgeier.comAnhang zur Ad-hoc-MitteilungKurzprofil Allgeier Holding AG:Die Allgeier Holding AG ist die Holdinggesellschaft einer b\u00f6rsennotiertenDienstleistungsgruppe mit Sitz in M\u00fcnchen. Die Unternehmen der AllgeierGruppe sind im wachsenden Markt f\u00fcr IT Services sowie angrenzendenDienstleistungen  zur Flexibilisierung von Arbeits- und Kostenstrukturenfokussiert. Die Unternehmen der Allgeier Gruppe werden unter dem Dach derAllgeier Holding AG jeweils von eigenen Gesch\u00e4ftsf\u00fchrungeneigenverantwortlich gef\u00fchrt. Die Holding \u00fcbernimmt f\u00fcr die Gruppeinsbesondere die strategische Steuerung, das Management desGruppenwachstums, die Konzernfinanzierung und das Konzerncontrolling sowieweitere zentrale Funktionen. Die Allgeier Holding AG ist am ReguliertenMarkt der Frankfurter B\u00f6rse im Segment General Standard notiert (WKN508630\/ISIN DE000508630). Weitere Informationen unter: www.allgeier.com.24.04.2008  Finanznachrichten \u00fcbermittelt durch die DGAP&#8212;&#8212;&#8212;&#8212;&#8212;&#8212;&#8212;&#8212;&#8212;&#8212;&#8212;&#8212;&#8212;&#8212;&#8212;&#8212;&#8212;&#8212;&#8212;&#8212;&#8212;&#8212;&#8212;&#8212;&#8212; Sprache:      DeutschEmittent:     Allgeier Holding AG              Wehrlestrasse 12              81679 M\u00fcnchen              DeutschlandTelefon:      +49 (0)89 998 421-0Fax:          +49 (0)89 998 421-11E-Mail:       info@allgeier.comInternet:     www.allgeier-holding.comISIN:         DE0005086300WKN:          508630Indizes:      CDAXB\u00f6rsen:       Regulierter Markt in Frankfurt (General Standard);              Freiverkehr in Berlin, Stuttgart, Hamburg, D\u00fcsseldorf Ende der Mitteilung                             DGAP News-Service &#8212;&#8212;&#8212;&#8212;&#8212;&#8212;&#8212;&#8212;&#8212;&#8212;&#8212;&#8212;&#8212;&#8212;&#8212;&#8212;&#8212;&#8212;&#8212;&#8212;&#8212;&#8212;&#8212;&#8212;&#8212;<\/p>\n","protected":false},"excerpt":{"rendered":"<p>M\u00fcnchen, 24. April 2008 \u2013 Der Aufsichtsrat der Allgeier Holding AG (ISIN DE000508630 \/ WKN 508630) hat in seiner Sitzung am 24. April 2008 den testierten Jahres- und Konzernabschluss der Allgeier Holding AG f\u00fcr das Gesch\u00e4ftsjahr 2007 gebilligt. Der Jahresabschluss ist damit festgestellt. Wie bereits<\/p>\n","protected":false},"author":4,"featured_media":0,"parent":1155,"menu_order":0,"comment_status":"close","ping_status":"closed","template":"","meta":{"_acf_changed":false,"footnotes":""},"categories":[],"tags":[],"class_list":["post-5642","page","type-page","status-publish","hentry"],"acf":[],"yoast_head":"<!-- This site is optimized with the Yoast SEO plugin v27.4 - https:\/\/yoast.com\/product\/yoast-seo-wordpress\/ -->\n<title>Aufsichtsrat stellt Jahresabschluss fest und schl\u00e4gt Dividende vor - Allgeier SE<\/title>\n<meta name=\"robots\" content=\"index, follow, max-snippet:-1, max-image-preview:large, max-video-preview:-1\" \/>\n<link rel=\"canonical\" href=\"https:\/\/www.allgeier.com\/de\/investor-relations\/adhoc-announcements\/aufsichtsrat-stellt-jahresabschluss-fest-und-schlaegt-dividende-vor\/\" \/>\n<meta property=\"og:locale\" content=\"de_DE\" \/>\n<meta property=\"og:type\" content=\"article\" \/>\n<meta property=\"og:title\" content=\"Aufsichtsrat stellt Jahresabschluss fest und schl\u00e4gt Dividende vor - Allgeier SE\" \/>\n<meta property=\"og:description\" content=\"M\u00fcnchen, 24. April 2008 \u2013 Der Aufsichtsrat der Allgeier Holding AG (ISIN DE000508630 \/ WKN 508630) hat in seiner Sitzung am 24. April 2008 den testierten Jahres- und Konzernabschluss der Allgeier Holding AG f\u00fcr das Gesch\u00e4ftsjahr 2007 gebilligt. Der Jahresabschluss ist damit festgestellt. Wie bereits\" \/>\n<meta property=\"og:url\" content=\"https:\/\/www.allgeier.com\/de\/investor-relations\/adhoc-announcements\/aufsichtsrat-stellt-jahresabschluss-fest-und-schlaegt-dividende-vor\/\" \/>\n<meta property=\"og:site_name\" content=\"Allgeier SE\" \/>\n<meta property=\"article:modified_time\" content=\"2023-01-22T17:10:09+00:00\" \/>\n<meta name=\"twitter:card\" content=\"summary_large_image\" \/>\n<meta name=\"twitter:label1\" content=\"Gesch\u00e4tzte Lesezeit\" \/>\n\t<meta name=\"twitter:data1\" content=\"2\u00a0Minuten\" \/>\n<script type=\"application\/ld+json\" class=\"yoast-schema-graph\">{\"@context\":\"https:\\\/\\\/schema.org\",\"@graph\":[{\"@type\":\"WebPage\",\"@id\":\"https:\\\/\\\/www.allgeier.com\\\/de\\\/investor-relations\\\/adhoc-announcements\\\/aufsichtsrat-stellt-jahresabschluss-fest-und-schlaegt-dividende-vor\\\/\",\"url\":\"https:\\\/\\\/www.allgeier.com\\\/de\\\/investor-relations\\\/adhoc-announcements\\\/aufsichtsrat-stellt-jahresabschluss-fest-und-schlaegt-dividende-vor\\\/\",\"name\":\"Aufsichtsrat stellt Jahresabschluss fest und schl\u00e4gt Dividende vor - Allgeier SE\",\"isPartOf\":{\"@id\":\"https:\\\/\\\/www.allgeier.com\\\/de\\\/#website\"},\"datePublished\":\"2008-04-24T13:23:35+00:00\",\"dateModified\":\"2023-01-22T17:10:09+00:00\",\"breadcrumb\":{\"@id\":\"https:\\\/\\\/www.allgeier.com\\\/de\\\/investor-relations\\\/adhoc-announcements\\\/aufsichtsrat-stellt-jahresabschluss-fest-und-schlaegt-dividende-vor\\\/#breadcrumb\"},\"inLanguage\":\"de\",\"potentialAction\":[{\"@type\":\"ReadAction\",\"target\":[\"https:\\\/\\\/www.allgeier.com\\\/de\\\/investor-relations\\\/adhoc-announcements\\\/aufsichtsrat-stellt-jahresabschluss-fest-und-schlaegt-dividende-vor\\\/\"]}]},{\"@type\":\"BreadcrumbList\",\"@id\":\"https:\\\/\\\/www.allgeier.com\\\/de\\\/investor-relations\\\/adhoc-announcements\\\/aufsichtsrat-stellt-jahresabschluss-fest-und-schlaegt-dividende-vor\\\/#breadcrumb\",\"itemListElement\":[{\"@type\":\"ListItem\",\"position\":1,\"name\":\"Home\",\"item\":\"https:\\\/\\\/www.allgeier.com\\\/de\\\/\"},{\"@type\":\"ListItem\",\"position\":2,\"name\":\"Investor Relations\",\"item\":\"https:\\\/\\\/www.allgeier.com\\\/de\\\/investor-relations\\\/\"},{\"@type\":\"ListItem\",\"position\":3,\"name\":\"Ad hoc-Mitteilungen\",\"item\":\"https:\\\/\\\/www.allgeier.com\\\/de\\\/investor-relations\\\/adhoc-announcements\\\/\"},{\"@type\":\"ListItem\",\"position\":4,\"name\":\"Aufsichtsrat stellt Jahresabschluss fest und schl\u00e4gt Dividende vor\"}]},{\"@type\":\"WebSite\",\"@id\":\"https:\\\/\\\/www.allgeier.com\\\/de\\\/#website\",\"url\":\"https:\\\/\\\/www.allgeier.com\\\/de\\\/\",\"name\":\"Allgeier SE\",\"description\":\"Software &amp; IT Services for digital transformation\",\"potentialAction\":[{\"@type\":\"SearchAction\",\"target\":{\"@type\":\"EntryPoint\",\"urlTemplate\":\"https:\\\/\\\/www.allgeier.com\\\/de\\\/?s={search_term_string}\"},\"query-input\":{\"@type\":\"PropertyValueSpecification\",\"valueRequired\":true,\"valueName\":\"search_term_string\"}}],\"inLanguage\":\"de\"}]}<\/script>\n<!-- \/ Yoast SEO plugin. -->","yoast_head_json":{"title":"Aufsichtsrat stellt Jahresabschluss fest und schl\u00e4gt Dividende vor - Allgeier SE","robots":{"index":"index","follow":"follow","max-snippet":"max-snippet:-1","max-image-preview":"max-image-preview:large","max-video-preview":"max-video-preview:-1"},"canonical":"https:\/\/www.allgeier.com\/de\/investor-relations\/adhoc-announcements\/aufsichtsrat-stellt-jahresabschluss-fest-und-schlaegt-dividende-vor\/","og_locale":"de_DE","og_type":"article","og_title":"Aufsichtsrat stellt Jahresabschluss fest und schl\u00e4gt Dividende vor - Allgeier SE","og_description":"M\u00fcnchen, 24. April 2008 \u2013 Der Aufsichtsrat der Allgeier Holding AG (ISIN DE000508630 \/ WKN 508630) hat in seiner Sitzung am 24. April 2008 den testierten Jahres- und Konzernabschluss der Allgeier Holding AG f\u00fcr das Gesch\u00e4ftsjahr 2007 gebilligt. Der Jahresabschluss ist damit festgestellt. Wie bereits","og_url":"https:\/\/www.allgeier.com\/de\/investor-relations\/adhoc-announcements\/aufsichtsrat-stellt-jahresabschluss-fest-und-schlaegt-dividende-vor\/","og_site_name":"Allgeier SE","article_modified_time":"2023-01-22T17:10:09+00:00","twitter_card":"summary_large_image","twitter_misc":{"Gesch\u00e4tzte Lesezeit":"2\u00a0Minuten"},"schema":{"@context":"https:\/\/schema.org","@graph":[{"@type":"WebPage","@id":"https:\/\/www.allgeier.com\/de\/investor-relations\/adhoc-announcements\/aufsichtsrat-stellt-jahresabschluss-fest-und-schlaegt-dividende-vor\/","url":"https:\/\/www.allgeier.com\/de\/investor-relations\/adhoc-announcements\/aufsichtsrat-stellt-jahresabschluss-fest-und-schlaegt-dividende-vor\/","name":"Aufsichtsrat stellt Jahresabschluss fest und schl\u00e4gt Dividende vor - Allgeier SE","isPartOf":{"@id":"https:\/\/www.allgeier.com\/de\/#website"},"datePublished":"2008-04-24T13:23:35+00:00","dateModified":"2023-01-22T17:10:09+00:00","breadcrumb":{"@id":"https:\/\/www.allgeier.com\/de\/investor-relations\/adhoc-announcements\/aufsichtsrat-stellt-jahresabschluss-fest-und-schlaegt-dividende-vor\/#breadcrumb"},"inLanguage":"de","potentialAction":[{"@type":"ReadAction","target":["https:\/\/www.allgeier.com\/de\/investor-relations\/adhoc-announcements\/aufsichtsrat-stellt-jahresabschluss-fest-und-schlaegt-dividende-vor\/"]}]},{"@type":"BreadcrumbList","@id":"https:\/\/www.allgeier.com\/de\/investor-relations\/adhoc-announcements\/aufsichtsrat-stellt-jahresabschluss-fest-und-schlaegt-dividende-vor\/#breadcrumb","itemListElement":[{"@type":"ListItem","position":1,"name":"Home","item":"https:\/\/www.allgeier.com\/de\/"},{"@type":"ListItem","position":2,"name":"Investor Relations","item":"https:\/\/www.allgeier.com\/de\/investor-relations\/"},{"@type":"ListItem","position":3,"name":"Ad hoc-Mitteilungen","item":"https:\/\/www.allgeier.com\/de\/investor-relations\/adhoc-announcements\/"},{"@type":"ListItem","position":4,"name":"Aufsichtsrat stellt Jahresabschluss fest und schl\u00e4gt Dividende vor"}]},{"@type":"WebSite","@id":"https:\/\/www.allgeier.com\/de\/#website","url":"https:\/\/www.allgeier.com\/de\/","name":"Allgeier SE","description":"Software &amp; IT Services for digital transformation","potentialAction":[{"@type":"SearchAction","target":{"@type":"EntryPoint","urlTemplate":"https:\/\/www.allgeier.com\/de\/?s={search_term_string}"},"query-input":{"@type":"PropertyValueSpecification","valueRequired":true,"valueName":"search_term_string"}}],"inLanguage":"de"}]}},"_links":{"self":[{"href":"https:\/\/www.allgeier.com\/de\/wp-json\/wp\/v2\/pages\/5642","targetHints":{"allow":["GET"]}}],"collection":[{"href":"https:\/\/www.allgeier.com\/de\/wp-json\/wp\/v2\/pages"}],"about":[{"href":"https:\/\/www.allgeier.com\/de\/wp-json\/wp\/v2\/types\/page"}],"author":[{"embeddable":true,"href":"https:\/\/www.allgeier.com\/de\/wp-json\/wp\/v2\/users\/4"}],"replies":[{"embeddable":true,"href":"https:\/\/www.allgeier.com\/de\/wp-json\/wp\/v2\/comments?post=5642"}],"version-history":[{"count":1,"href":"https:\/\/www.allgeier.com\/de\/wp-json\/wp\/v2\/pages\/5642\/revisions"}],"predecessor-version":[{"id":5643,"href":"https:\/\/www.allgeier.com\/de\/wp-json\/wp\/v2\/pages\/5642\/revisions\/5643"}],"up":[{"embeddable":true,"href":"https:\/\/www.allgeier.com\/de\/wp-json\/wp\/v2\/pages\/1155"}],"wp:attachment":[{"href":"https:\/\/www.allgeier.com\/de\/wp-json\/wp\/v2\/media?parent=5642"}],"wp:term":[{"taxonomy":"category","embeddable":true,"href":"https:\/\/www.allgeier.com\/de\/wp-json\/wp\/v2\/categories?post=5642"},{"taxonomy":"post_tag","embeddable":true,"href":"https:\/\/www.allgeier.com\/de\/wp-json\/wp\/v2\/tags?post=5642"}],"curies":[{"name":"wp","href":"https:\/\/api.w.org\/{rel}","templated":true}]}}