{"id":5646,"date":"2008-02-21T13:18:23","date_gmt":"2008-02-21T14:18:23","guid":{"rendered":"https:\/\/www.allgeier.com\/de\/?page_id=5646"},"modified":"2023-01-22T17:10:10","modified_gmt":"2023-01-22T17:10:10","slug":"allgeier-holding-ag-verkauft-zeitarbeitsgeschaeft-fokus-bleibt-weiterhin-auf-dienstleistungs-und-servicegeschaeft","status":"publish","type":"page","link":"https:\/\/www.allgeier.com\/de\/investor-relations\/adhoc-announcements\/allgeier-holding-ag-verkauft-zeitarbeitsgeschaeft-fokus-bleibt-weiterhin-auf-dienstleistungs-und-servicegeschaeft\/","title":{"rendered":"Allgeier Holding AG verkauft Zeitarbeitsgesch\u00e4ft \u2013 Fokus bleibt weiterhin auf Dienstleistungs- und Servicegesch\u00e4ft"},"content":{"rendered":"<p><b>Allgeier Holding AG \/ Verkauf\/Strategische Unternehmensentscheidung<\/b>Ver\u00f6ffentlichung einer Ad-hoc-Mitteilung nach \u00a7 15 WpHG, \u00fcbermittelt durchdie DGAP &#8211; ein Unternehmen der EquityStory AG.F\u00fcr den Inhalt der Mitteilung ist der Emittent verantwortlich.&#8212;&#8212;&#8212;&#8212;&#8212;&#8212;&#8212;&#8212;&#8212;&#8212;&#8212;&#8212;&#8212;&#8212;&#8212;&#8212;&#8212;&#8212;&#8212;&#8212;&#8212;&#8212;&#8212;&#8212;&#8212;M\u00fcnchen, 21. Februar 2008 \u2013 Allgeier Holding AG mit Sitz in M\u00fcnchen hatsich heute mit USG People N.V. mit Sitz in Almere, Niederlanden, \u00fcber denVerkauf des Gesch\u00e4ftsbereichs Personal Services geeinigt. In demGesch\u00e4ftsbereich Personal Services ist dasArbeitnehmer-\u00dcberlassungsgesch\u00e4ft der Allgeier Gruppe geb\u00fcndelt. Verkauftwerden 100% der Anteile der Allgeier DL GmbH, an der die Allgeier HoldingAG indirekt 90% und der gesch\u00e4ftsf\u00fchrende Gesellschafter, Herr RolandBrohm, 10% der Anteile besitzen. Erwerberin ist die HFS Beteiligung GmbH,Frankfurt am Main, eine 100% mittelbare Tochtergesellschaft der USG People.Die Vertragsparteien haben f\u00fcr die Durchf\u00fchrung der Transaktion \u00fcblicheClosing-Bedingungen vereinbart. Diese umfassen im Wesentlichen dieZustimmung der Kartellbeh\u00f6rde. Das Closing wird f\u00fcr die kommenden Wochenerwartet.Der \u00dcbernahmepreis f\u00fcr 100% der Anteile an der Allgeier DL und der zurAllgeier DL geh\u00f6renden Beteiligungen wird basierend auf dem testiertenAbschluss 2007 berechnet. Es wird ein \u00dcbernahmepreis in einer Gr\u00f6\u00dfenordnungvon rund 175 Mio. EUR erwartet (Enterprise Value). Nach Abzug vonVerbindlichkeiten und Minderheitsanteilen wird der Mittelzufluss f\u00fcrAllgeier voraussichtlich rund 100 Mio. EUR betragen. Der aus derTransaktion erwartete Ertrag wird bei ca. 80 Mio. EUR liegen und sich imGesch\u00e4ftsjahr 2008 ergebniswirksam niederschlagenAllgeier DL verf\u00fcgt in Deutschland derzeit \u00fcber eine breite und solideKundenbasis mit ca. 6.000 Kunden und besch\u00e4ftigte zum Ende des Jahres 2007rund 8.500 Mitarbeiter. F\u00fcr 2007 betr\u00e4gt der ProForma Umsatz desGesch\u00e4ftsbereichs Personal Services etwas \u00fcber 200 Mio. EUR.Allgeier Holding schafft durch die Transaktion und dem daraus freiverf\u00fcgbaren Kapital die Voraussetzung f\u00fcr neue Akquisitionen. DasStammgesch\u00e4ft IT Services wird zuk\u00fcnftig deutlich ausgebaut. Dieeingeschlagene Strategie, die als Kernelement die Konzentration auf denstark wachsenden Markt f\u00fcr Dienstleistungen zur Flexibilisierung vonArbeits- und Kostenstrukturen umfasst, wird unver\u00e4ndert fortgef\u00fchrt.Zus\u00e4tzlich pr\u00fcft das Management die Akquisition von Gesellschaften im ITUmfeld und Dienstleistungsgesellschaften in angrenzenden Gebieten. Im Jahr2008 rechnet das Management entsprechend mit weiteren Akquisitionen.Kontakt:Carl Georg D\u00fcrschmidtVorsitzender des VorstandsAllgeier Holding AGWehrlestr. 1281679 M\u00fcnchenTel. 089\/998421-0Fax  089\/998421-11www.allgeier.comKurzprofil Allgeier Holding AG:Die Allgeier Holding AG ist eine Dienstleistungsgruppe, die sich auf denwachsenden Markt f\u00fcr Dienstleistungen zur Flexibilisierung von Arbeits- undKostenstrukturen fokussiert. Nach dem Verkauf der Zeitarbeitseinheitkonzentriert sich Allgeier auf den stark wachsenden Markt f\u00fcr IT Servicessowie auf angrenzende Dienstleistungsgesch\u00e4fte. Die Gesellschaften imBereich IT Services unterst\u00fctzen Kunden bei der Umsetzung von Innovationen,der Verbesserung des Informationsflusses und der Optimierung vonGesch\u00e4ftsprozessen. Die Unternehmen innerhalb von Allgeier arbeiteneigenst\u00e4ndig mit allen Vorteilen mittelst\u00e4ndischer Flexibilit\u00e4t,Schnelligkeit, Serviceorientierung und Innovationskraft. Unter dem Dach vonAllgeier verbinden sich diese Vorteile mit der Nutzung von Synergien, derSicherheit und der Schlagkraft einer f\u00fchrenden b\u00f6rsennotiertenUnternehmensgruppe. Durch ein breites Service-Leistungsspektrum sowiegeb\u00fcndelte Kompetenz und Gr\u00f6\u00dfe werden nachhaltig steigende Werte f\u00fcr Kundenund Investoren geschaffen. Die Allgeier-Gruppe besch\u00e4ftigt zurzeit rund1.300 IT-Spezialisten und kann auf eine breite Kundenstruktur quer durchalle deutschen Industrien verweisen. Die Allgeier Holding AG ist amGeregelten Markt der Frankfurter B\u00f6rse im Segment General Standard notiert(WKN 508630\/ISIN DE000508630). Weitere Informationen unter:www.allgeier.com.Wichtiger Hinweis: Diese Mitteilung enth\u00e4lt in die Zukunft gerichtete Aussagen, die aufAnnahmen und Sch\u00e4tzungen der Unternehmensleitung der Allgeier Holding AGberuhen. Auch wenn die Unternehmensleitung der Ansicht ist, dass dieseAnnahmen und Sch\u00e4tzungen zutreffend sind, k\u00f6nnen die k\u00fcnftige tats\u00e4chlicheEntwicklung und die k\u00fcnftigen tats\u00e4chlichen Ergebnisse von diesen Annahmenund Sch\u00e4tzungen aufgrund vielf\u00e4ltiger Faktoren erheblich abweichen. Zudiesen Faktoren k\u00f6nnen beispielsweise die Ver\u00e4nderung dergesamtwirtschaftlichen Lage, der Wechselkurse, der Zinss\u00e4tze sowieVer\u00e4nderungen innerhalb der Marktentwicklung und der sich ver\u00e4ndertenWettbewerbssituation geh\u00f6ren. Die Allgeier Holding AG \u00fcbernimmt keineGew\u00e4hrleistung und keine Haftung daf\u00fcr, dass die k\u00fcnftige Entwicklung unddie k\u00fcnftig erzielten tats\u00e4chlichen Ergebnisse mit den in dieserAd-hoc-Mitteilung\/Pressemitteilung ge\u00e4u\u00dferten Annahmen und Sch\u00e4tzungen\u00fcbereinstimmen werden.21.02.2008  Finanznachrichten \u00fcbermittelt durch die DGAP&#8212;&#8212;&#8212;&#8212;&#8212;&#8212;&#8212;&#8212;&#8212;&#8212;&#8212;&#8212;&#8212;&#8212;&#8212;&#8212;&#8212;&#8212;&#8212;&#8212;&#8212;&#8212;&#8212;&#8212;&#8212; Sprache:      DeutschEmittent:     Allgeier Holding AG              Wehrlestrasse 12              81679 M\u00fcnchen              DeutschlandTelefon:      +49 (0)89 998 421-0Fax:          +49 (0)89 998 421-11E-Mail:       info@allgeier.comInternet:     www.allgeier-holding.comISIN:         DE0005086300WKN:          508630Indizes:      CDAXB\u00f6rsen:       Regulierter Markt in Frankfurt (General Standard);              Freiverkehr in Berlin, Stuttgart, Hamburg, D\u00fcsseldorf Ende der Mitteilung                             DGAP News-Service &#8212;&#8212;&#8212;&#8212;&#8212;&#8212;&#8212;&#8212;&#8212;&#8212;&#8212;&#8212;&#8212;&#8212;&#8212;&#8212;&#8212;&#8212;&#8212;&#8212;&#8212;&#8212;&#8212;&#8212;&#8212;<\/p>\n","protected":false},"excerpt":{"rendered":"<p>M\u00fcnchen, 21. Februar 2008 \u2013 Allgeier Holding AG mit Sitz in M\u00fcnchen hat sich heute mit USG People N.V. mit Sitz in Almere, Niederlanden, \u00fcber den Verkauf des Gesch\u00e4ftsbereichs Personal Services geeinigt. In dem Gesch\u00e4ftsbereich Personal Services ist das Arbeitnehmer-\u00dcberlassungsgesch\u00e4ft der Allgeier<\/p>\n","protected":false},"author":4,"featured_media":0,"parent":1155,"menu_order":0,"comment_status":"close","ping_status":"closed","template":"","meta":{"_acf_changed":false,"footnotes":""},"categories":[],"tags":[],"class_list":["post-5646","page","type-page","status-publish","hentry"],"acf":[],"yoast_head":"<!-- This site is optimized with the Yoast SEO plugin v27.4 - https:\/\/yoast.com\/product\/yoast-seo-wordpress\/ -->\n<title>Allgeier Holding AG verkauft Zeitarbeitsgesch\u00e4ft \u2013 Fokus bleibt weiterhin auf Dienstleistungs- und Servicegesch\u00e4ft - Allgeier SE<\/title>\n<meta name=\"robots\" content=\"index, follow, max-snippet:-1, max-image-preview:large, max-video-preview:-1\" \/>\n<link rel=\"canonical\" href=\"https:\/\/www.allgeier.com\/de\/investor-relations\/adhoc-announcements\/allgeier-holding-ag-verkauft-zeitarbeitsgeschaeft-fokus-bleibt-weiterhin-auf-dienstleistungs-und-servicegeschaeft\/\" \/>\n<meta property=\"og:locale\" content=\"de_DE\" \/>\n<meta property=\"og:type\" content=\"article\" \/>\n<meta property=\"og:title\" content=\"Allgeier Holding AG verkauft Zeitarbeitsgesch\u00e4ft \u2013 Fokus bleibt weiterhin auf Dienstleistungs- und Servicegesch\u00e4ft - Allgeier SE\" \/>\n<meta property=\"og:description\" content=\"M\u00fcnchen, 21. Februar 2008 \u2013 Allgeier Holding AG mit Sitz in M\u00fcnchen hat sich heute mit USG People N.V. mit Sitz in Almere, Niederlanden, \u00fcber den Verkauf des Gesch\u00e4ftsbereichs Personal Services geeinigt. In dem Gesch\u00e4ftsbereich Personal Services ist das Arbeitnehmer-\u00dcberlassungsgesch\u00e4ft der Allgeier\" \/>\n<meta property=\"og:url\" content=\"https:\/\/www.allgeier.com\/de\/investor-relations\/adhoc-announcements\/allgeier-holding-ag-verkauft-zeitarbeitsgeschaeft-fokus-bleibt-weiterhin-auf-dienstleistungs-und-servicegeschaeft\/\" \/>\n<meta property=\"og:site_name\" content=\"Allgeier SE\" \/>\n<meta property=\"article:modified_time\" content=\"2023-01-22T17:10:10+00:00\" \/>\n<meta name=\"twitter:card\" content=\"summary_large_image\" \/>\n<meta name=\"twitter:label1\" content=\"Gesch\u00e4tzte Lesezeit\" \/>\n\t<meta name=\"twitter:data1\" content=\"3\u00a0Minuten\" \/>\n<script type=\"application\/ld+json\" class=\"yoast-schema-graph\">{\"@context\":\"https:\\\/\\\/schema.org\",\"@graph\":[{\"@type\":\"WebPage\",\"@id\":\"https:\\\/\\\/www.allgeier.com\\\/de\\\/investor-relations\\\/adhoc-announcements\\\/allgeier-holding-ag-verkauft-zeitarbeitsgeschaeft-fokus-bleibt-weiterhin-auf-dienstleistungs-und-servicegeschaeft\\\/\",\"url\":\"https:\\\/\\\/www.allgeier.com\\\/de\\\/investor-relations\\\/adhoc-announcements\\\/allgeier-holding-ag-verkauft-zeitarbeitsgeschaeft-fokus-bleibt-weiterhin-auf-dienstleistungs-und-servicegeschaeft\\\/\",\"name\":\"Allgeier Holding AG verkauft Zeitarbeitsgesch\u00e4ft \u2013 Fokus bleibt weiterhin auf Dienstleistungs- und Servicegesch\u00e4ft - Allgeier SE\",\"isPartOf\":{\"@id\":\"https:\\\/\\\/www.allgeier.com\\\/de\\\/#website\"},\"datePublished\":\"2008-02-21T14:18:23+00:00\",\"dateModified\":\"2023-01-22T17:10:10+00:00\",\"breadcrumb\":{\"@id\":\"https:\\\/\\\/www.allgeier.com\\\/de\\\/investor-relations\\\/adhoc-announcements\\\/allgeier-holding-ag-verkauft-zeitarbeitsgeschaeft-fokus-bleibt-weiterhin-auf-dienstleistungs-und-servicegeschaeft\\\/#breadcrumb\"},\"inLanguage\":\"de\",\"potentialAction\":[{\"@type\":\"ReadAction\",\"target\":[\"https:\\\/\\\/www.allgeier.com\\\/de\\\/investor-relations\\\/adhoc-announcements\\\/allgeier-holding-ag-verkauft-zeitarbeitsgeschaeft-fokus-bleibt-weiterhin-auf-dienstleistungs-und-servicegeschaeft\\\/\"]}]},{\"@type\":\"BreadcrumbList\",\"@id\":\"https:\\\/\\\/www.allgeier.com\\\/de\\\/investor-relations\\\/adhoc-announcements\\\/allgeier-holding-ag-verkauft-zeitarbeitsgeschaeft-fokus-bleibt-weiterhin-auf-dienstleistungs-und-servicegeschaeft\\\/#breadcrumb\",\"itemListElement\":[{\"@type\":\"ListItem\",\"position\":1,\"name\":\"Home\",\"item\":\"https:\\\/\\\/www.allgeier.com\\\/de\\\/\"},{\"@type\":\"ListItem\",\"position\":2,\"name\":\"Investor Relations\",\"item\":\"https:\\\/\\\/www.allgeier.com\\\/de\\\/investor-relations\\\/\"},{\"@type\":\"ListItem\",\"position\":3,\"name\":\"Ad hoc-Mitteilungen\",\"item\":\"https:\\\/\\\/www.allgeier.com\\\/de\\\/investor-relations\\\/adhoc-announcements\\\/\"},{\"@type\":\"ListItem\",\"position\":4,\"name\":\"Allgeier Holding AG verkauft Zeitarbeitsgesch\u00e4ft \u2013 Fokus bleibt weiterhin auf Dienstleistungs- und Servicegesch\u00e4ft\"}]},{\"@type\":\"WebSite\",\"@id\":\"https:\\\/\\\/www.allgeier.com\\\/de\\\/#website\",\"url\":\"https:\\\/\\\/www.allgeier.com\\\/de\\\/\",\"name\":\"Allgeier SE\",\"description\":\"Software &amp; IT Services for digital transformation\",\"potentialAction\":[{\"@type\":\"SearchAction\",\"target\":{\"@type\":\"EntryPoint\",\"urlTemplate\":\"https:\\\/\\\/www.allgeier.com\\\/de\\\/?s={search_term_string}\"},\"query-input\":{\"@type\":\"PropertyValueSpecification\",\"valueRequired\":true,\"valueName\":\"search_term_string\"}}],\"inLanguage\":\"de\"}]}<\/script>\n<!-- \/ Yoast SEO plugin. -->","yoast_head_json":{"title":"Allgeier Holding AG verkauft Zeitarbeitsgesch\u00e4ft \u2013 Fokus bleibt weiterhin auf Dienstleistungs- und Servicegesch\u00e4ft - Allgeier SE","robots":{"index":"index","follow":"follow","max-snippet":"max-snippet:-1","max-image-preview":"max-image-preview:large","max-video-preview":"max-video-preview:-1"},"canonical":"https:\/\/www.allgeier.com\/de\/investor-relations\/adhoc-announcements\/allgeier-holding-ag-verkauft-zeitarbeitsgeschaeft-fokus-bleibt-weiterhin-auf-dienstleistungs-und-servicegeschaeft\/","og_locale":"de_DE","og_type":"article","og_title":"Allgeier Holding AG verkauft Zeitarbeitsgesch\u00e4ft \u2013 Fokus bleibt weiterhin auf Dienstleistungs- und Servicegesch\u00e4ft - Allgeier SE","og_description":"M\u00fcnchen, 21. Februar 2008 \u2013 Allgeier Holding AG mit Sitz in M\u00fcnchen hat sich heute mit USG People N.V. mit Sitz in Almere, Niederlanden, \u00fcber den Verkauf des Gesch\u00e4ftsbereichs Personal Services geeinigt. In dem Gesch\u00e4ftsbereich Personal Services ist das Arbeitnehmer-\u00dcberlassungsgesch\u00e4ft der Allgeier","og_url":"https:\/\/www.allgeier.com\/de\/investor-relations\/adhoc-announcements\/allgeier-holding-ag-verkauft-zeitarbeitsgeschaeft-fokus-bleibt-weiterhin-auf-dienstleistungs-und-servicegeschaeft\/","og_site_name":"Allgeier SE","article_modified_time":"2023-01-22T17:10:10+00:00","twitter_card":"summary_large_image","twitter_misc":{"Gesch\u00e4tzte Lesezeit":"3\u00a0Minuten"},"schema":{"@context":"https:\/\/schema.org","@graph":[{"@type":"WebPage","@id":"https:\/\/www.allgeier.com\/de\/investor-relations\/adhoc-announcements\/allgeier-holding-ag-verkauft-zeitarbeitsgeschaeft-fokus-bleibt-weiterhin-auf-dienstleistungs-und-servicegeschaeft\/","url":"https:\/\/www.allgeier.com\/de\/investor-relations\/adhoc-announcements\/allgeier-holding-ag-verkauft-zeitarbeitsgeschaeft-fokus-bleibt-weiterhin-auf-dienstleistungs-und-servicegeschaeft\/","name":"Allgeier Holding AG verkauft Zeitarbeitsgesch\u00e4ft \u2013 Fokus bleibt weiterhin auf Dienstleistungs- und Servicegesch\u00e4ft - Allgeier SE","isPartOf":{"@id":"https:\/\/www.allgeier.com\/de\/#website"},"datePublished":"2008-02-21T14:18:23+00:00","dateModified":"2023-01-22T17:10:10+00:00","breadcrumb":{"@id":"https:\/\/www.allgeier.com\/de\/investor-relations\/adhoc-announcements\/allgeier-holding-ag-verkauft-zeitarbeitsgeschaeft-fokus-bleibt-weiterhin-auf-dienstleistungs-und-servicegeschaeft\/#breadcrumb"},"inLanguage":"de","potentialAction":[{"@type":"ReadAction","target":["https:\/\/www.allgeier.com\/de\/investor-relations\/adhoc-announcements\/allgeier-holding-ag-verkauft-zeitarbeitsgeschaeft-fokus-bleibt-weiterhin-auf-dienstleistungs-und-servicegeschaeft\/"]}]},{"@type":"BreadcrumbList","@id":"https:\/\/www.allgeier.com\/de\/investor-relations\/adhoc-announcements\/allgeier-holding-ag-verkauft-zeitarbeitsgeschaeft-fokus-bleibt-weiterhin-auf-dienstleistungs-und-servicegeschaeft\/#breadcrumb","itemListElement":[{"@type":"ListItem","position":1,"name":"Home","item":"https:\/\/www.allgeier.com\/de\/"},{"@type":"ListItem","position":2,"name":"Investor Relations","item":"https:\/\/www.allgeier.com\/de\/investor-relations\/"},{"@type":"ListItem","position":3,"name":"Ad hoc-Mitteilungen","item":"https:\/\/www.allgeier.com\/de\/investor-relations\/adhoc-announcements\/"},{"@type":"ListItem","position":4,"name":"Allgeier Holding AG verkauft Zeitarbeitsgesch\u00e4ft \u2013 Fokus bleibt weiterhin auf Dienstleistungs- und Servicegesch\u00e4ft"}]},{"@type":"WebSite","@id":"https:\/\/www.allgeier.com\/de\/#website","url":"https:\/\/www.allgeier.com\/de\/","name":"Allgeier SE","description":"Software &amp; IT Services for digital transformation","potentialAction":[{"@type":"SearchAction","target":{"@type":"EntryPoint","urlTemplate":"https:\/\/www.allgeier.com\/de\/?s={search_term_string}"},"query-input":{"@type":"PropertyValueSpecification","valueRequired":true,"valueName":"search_term_string"}}],"inLanguage":"de"}]}},"_links":{"self":[{"href":"https:\/\/www.allgeier.com\/de\/wp-json\/wp\/v2\/pages\/5646","targetHints":{"allow":["GET"]}}],"collection":[{"href":"https:\/\/www.allgeier.com\/de\/wp-json\/wp\/v2\/pages"}],"about":[{"href":"https:\/\/www.allgeier.com\/de\/wp-json\/wp\/v2\/types\/page"}],"author":[{"embeddable":true,"href":"https:\/\/www.allgeier.com\/de\/wp-json\/wp\/v2\/users\/4"}],"replies":[{"embeddable":true,"href":"https:\/\/www.allgeier.com\/de\/wp-json\/wp\/v2\/comments?post=5646"}],"version-history":[{"count":1,"href":"https:\/\/www.allgeier.com\/de\/wp-json\/wp\/v2\/pages\/5646\/revisions"}],"predecessor-version":[{"id":5647,"href":"https:\/\/www.allgeier.com\/de\/wp-json\/wp\/v2\/pages\/5646\/revisions\/5647"}],"up":[{"embeddable":true,"href":"https:\/\/www.allgeier.com\/de\/wp-json\/wp\/v2\/pages\/1155"}],"wp:attachment":[{"href":"https:\/\/www.allgeier.com\/de\/wp-json\/wp\/v2\/media?parent=5646"}],"wp:term":[{"taxonomy":"category","embeddable":true,"href":"https:\/\/www.allgeier.com\/de\/wp-json\/wp\/v2\/categories?post=5646"},{"taxonomy":"post_tag","embeddable":true,"href":"https:\/\/www.allgeier.com\/de\/wp-json\/wp\/v2\/tags?post=5646"}],"curies":[{"name":"wp","href":"https:\/\/api.w.org\/{rel}","templated":true}]}}