{"id":5650,"date":"2007-09-06T16:28:07","date_gmt":"2007-09-06T16:28:07","guid":{"rendered":"https:\/\/www.allgeier.com\/de\/?page_id=5650"},"modified":"2023-01-22T17:10:10","modified_gmt":"2023-01-22T17:10:10","slug":"allgeier-holding-ag-wachstumsstrategie-fuer-den-geschaeftsbereich-personal-services","status":"publish","type":"page","link":"https:\/\/www.allgeier.com\/de\/investor-relations\/adhoc-announcements\/allgeier-holding-ag-wachstumsstrategie-fuer-den-geschaeftsbereich-personal-services\/","title":{"rendered":"Allgeier Holding AG \u2013 Wachstumsstrategie f\u00fcr den Gesch\u00e4ftsbereich Personal Services"},"content":{"rendered":"<p><b>Allgeier Holding AG \/ Strategische Unternehmensentscheidung<\/b>Ver\u00f6ffentlichung einer Ad-hoc-Mitteilung nach \u00a7 15 WpHG, \u00fcbermittelt durchdie DGAP &#8211; ein Unternehmen der EquityStory AG.F\u00fcr den Inhalt der Mitteilung ist der Emittent verantwortlich.&#8212;&#8212;&#8212;&#8212;&#8212;&#8212;&#8212;&#8212;&#8212;&#8212;&#8212;&#8212;&#8212;&#8212;&#8212;&#8212;&#8212;&#8212;&#8212;&#8212;&#8212;&#8212;&#8212;&#8212;&#8212;Allgeier Holding AG hat in der Ad-hoc Mitteilung vom 10. Juli 2007mitgeteilt, dass die Gesellschaft vor dem Hintergrund verschiedenerInteressensbekundungen aus dem Markt die weitere strategische Entwicklungdes Unternehmens pr\u00fcft.F\u00fcr den Bereich Personal Services hat diese Pr\u00fcfung als Ergebnis konkreteHandlungsoptionen f\u00fcr verschiedene Szenarien geliefert. Der Gesellschaftliegen mehrere konkrete Angebote zum vollst\u00e4ndigen Erwerb oder einerBeteiligung an dem Gesch\u00e4ftsbereich Personal Services vor. Der Vorstandwird diese Angebote gemeinsam mit der F\u00fchrungsmannschaft desGesch\u00e4ftsbereichs eingehend pr\u00fcfen und beurteilen. Auf der Grundlage dieserAbstimmung werden die weiteren Prozessschritte durchgef\u00fchrt werden, um eineabschlie\u00dfende Entscheidungsreife herbeizuf\u00fchren.Parallel dazu hat der Vorstand gemeinsam mit mehreren renommiertendeutschen und internationalen Investmentbanken die Durchf\u00fchrung einesB\u00f6rsengangs des Gesch\u00e4ftsbereichs Personal Services gepr\u00fcft. Dieangefragten Banken haben im Ergebnis die Durchf\u00fchrung eines B\u00f6rsengangsempfohlen und ihre Leistungen f\u00fcr eine solche Transaktion konkretangeboten.Alle vorliegenden Angebote und Interessensbekundungen sind rechtlich nochunverbindlich. Die Durchf\u00fchrung einer der genannten m\u00f6glichen Transaktionenh\u00e4ngt wesentlich vom Ausgang der weiteren internen Evaluierungsgespr\u00e4chemit der F\u00fchrungsmannschaft und den Verhandlungen mit den externenInteressenten und Vertragspartnern ab. Auf dieser Grundlage werden Vorstandund Aufsichtsrat dann zur gegebenen Zeit eine finale Entscheidung treffen.Kontakt:Carl Georg D\u00fcrschmidtVorsitzender des VorstandsAllgeier Holding AGWehrlestr. 1281679 M\u00fcnchenTel. 089-998421-0Fax  089-998421-11www.allgeier.comKurzprofil Allgeier Holding AG:Die Allgeier Holding AG ist eine Dienstleistungsgruppe, die in den zweiWachstumsm\u00e4rkten IT und Personal-Services (Zeitarbeit) aktiv ist. DieGesellschaften im Bereich Personal Service bieten flexiblePersonalkapazit\u00e4t und Know-how \u2013 von der Aushilfe bis zum Interimsmanager.Im Bereich IT-Service werden Kunden bei der Umsetzung von Innovationen, derVerbesserung des Informationsflusses und der Optimierung vonGesch\u00e4ftsprozessen unterst\u00fctzt. Die Unternehmen innerhalb von Allgeierarbeiten eigenst\u00e4ndig mit allen Vorteilen mittelst\u00e4ndischer Flexibilit\u00e4t,Schnelligkeit, Serviceorientierung und Innovationskraft. Unter dem Dach vonAllgeier verbinden sich diese Vorteile mit der Nutzung von Synergien, derSicherheit und der Schlagkraft einer f\u00fchrenden b\u00f6rsennotiertenUnternehmensgruppe. Durch ein breites Service-Leistungsspektrum sowiegeb\u00fcndelte Kompetenz und Gr\u00f6\u00dfe werden nachhaltig steigende Werte f\u00fcr Kundenund Investoren geschaffen. Die Allgeier Gruppe besch\u00e4ftigt zurzeit rund7.500 Mitarbeiter und kann auf \u00fcber 3.500 Kunden verweisen. Laut Guidancepeilt Allgeier im Gesch\u00e4ftsjahr 2007 einen Umsatz von 295 Millionen Euroan. Die Allgeier Holding AG ist am Geregelten Markt der Frankfurter B\u00f6rseim Segment General Standard notiert (WKN 508630\/ISIN DE000508630). WeitereInformationen unter: www.allgeier.comWichtiger Hinweis: Diese Ad-hoc Mitteilung\/Pressemitteilung enth\u00e4lt in die Zukunft gerichteteAussagen, die auf Annahmen und Sch\u00e4tzungen der Unternehmensleitung derAllgeier Holding AG beruhen. Auch wenn die Unternehmensleitung der Ansichtist, dass diese Annahmen und Sch\u00e4tzungen zutreffend sind, k\u00f6nnen diek\u00fcnftige tats\u00e4chliche Entwicklung und die k\u00fcnftigen tats\u00e4chlichenErgebnisse von diesen Annahmen und Sch\u00e4tzungen aufgrund vielf\u00e4ltigerFaktoren erheblich abweichen. Zu diesen Faktoren k\u00f6nnen beispielsweise dieVer\u00e4nderung der gesamtwirtschaftlichen Lage, der Wechselkurse, derZinss\u00e4tze sowie Ver\u00e4nderungen innerhalb der Marktentwicklung und der sichver\u00e4nderten Wettbewerbssituation geh\u00f6ren. Die Allgeier Holding AG \u00fcbernimmtkeine Gew\u00e4hrleistung und keine Haftung daf\u00fcr, dass die k\u00fcnftige Entwicklungund die k\u00fcnftig erzielten tats\u00e4chlichen Ergebnisse mit den in dieser Ad-hocMitteilung\/Pressemitteilung ge\u00e4u\u00dferten Annahmen und Sch\u00e4tzungen\u00fcbereinstimmen werden.06.09.2007  Finanznachrichten \u00fcbermittelt durch die DGAP&#8212;&#8212;&#8212;&#8212;&#8212;&#8212;&#8212;&#8212;&#8212;&#8212;&#8212;&#8212;&#8212;&#8212;&#8212;&#8212;&#8212;&#8212;&#8212;&#8212;&#8212;&#8212;&#8212;&#8212;&#8212; Sprache:      DeutschEmittent:     Allgeier Holding AG              Wehrlestrasse 12              81679 M\u00fcnchen              DeutschlandTelefon:      +49 (0)89 998 421-0Fax:          +49 (0)89 998 421-11E-mail:       info@allgeier.comInternet:     www.allgeier-holding.comISIN:         DE0005086300WKN:          508630Indizes:      CDAXB\u00f6rsen:       Geregelter Markt in Frankfurt (General Standard); Freiverkehr              in Berlin, Stuttgart, Hamburg, D\u00fcsseldorf Ende der Mitteilung                             DGAP News-Service &#8212;&#8212;&#8212;&#8212;&#8212;&#8212;&#8212;&#8212;&#8212;&#8212;&#8212;&#8212;&#8212;&#8212;&#8212;&#8212;&#8212;&#8212;&#8212;&#8212;&#8212;&#8212;&#8212;&#8212;&#8212;<\/p>\n","protected":false},"excerpt":{"rendered":"<p>Allgeier Holding AG hat in der Ad-hoc Mitteilung vom 10. Juli 2007 mitgeteilt, dass die Gesellschaft vor dem Hintergrund verschiedener Interessensbekundungen aus dem Markt die weitere strategische Entwicklung des Unternehmens pr\u00fcft. F\u00fcr den Bereich Personal Services hat diese Pr\u00fcfung als Ergebnis konkrete<\/p>\n","protected":false},"author":4,"featured_media":0,"parent":1155,"menu_order":0,"comment_status":"close","ping_status":"closed","template":"","meta":{"_acf_changed":false,"footnotes":""},"categories":[],"tags":[],"class_list":["post-5650","page","type-page","status-publish","hentry"],"acf":[],"yoast_head":"<!-- This site is optimized with the Yoast SEO plugin v27.4 - https:\/\/yoast.com\/product\/yoast-seo-wordpress\/ -->\n<title>Allgeier Holding AG \u2013 Wachstumsstrategie f\u00fcr den Gesch\u00e4ftsbereich Personal Services - Allgeier SE<\/title>\n<meta name=\"robots\" content=\"index, follow, max-snippet:-1, max-image-preview:large, max-video-preview:-1\" \/>\n<link rel=\"canonical\" href=\"https:\/\/www.allgeier.com\/de\/investor-relations\/adhoc-announcements\/allgeier-holding-ag-wachstumsstrategie-fuer-den-geschaeftsbereich-personal-services\/\" \/>\n<meta property=\"og:locale\" content=\"de_DE\" \/>\n<meta property=\"og:type\" content=\"article\" \/>\n<meta property=\"og:title\" content=\"Allgeier Holding AG \u2013 Wachstumsstrategie f\u00fcr den Gesch\u00e4ftsbereich Personal Services - Allgeier SE\" \/>\n<meta property=\"og:description\" content=\"Allgeier Holding AG hat in der Ad-hoc Mitteilung vom 10. Juli 2007 mitgeteilt, dass die Gesellschaft vor dem Hintergrund verschiedener Interessensbekundungen aus dem Markt die weitere strategische Entwicklung des Unternehmens pr\u00fcft. F\u00fcr den Bereich Personal Services hat diese Pr\u00fcfung als Ergebnis konkrete\" \/>\n<meta property=\"og:url\" content=\"https:\/\/www.allgeier.com\/de\/investor-relations\/adhoc-announcements\/allgeier-holding-ag-wachstumsstrategie-fuer-den-geschaeftsbereich-personal-services\/\" \/>\n<meta property=\"og:site_name\" content=\"Allgeier SE\" \/>\n<meta property=\"article:modified_time\" content=\"2023-01-22T17:10:10+00:00\" \/>\n<meta name=\"twitter:card\" content=\"summary_large_image\" \/>\n<meta name=\"twitter:label1\" content=\"Gesch\u00e4tzte Lesezeit\" \/>\n\t<meta name=\"twitter:data1\" content=\"3\u00a0Minuten\" \/>\n<script type=\"application\/ld+json\" class=\"yoast-schema-graph\">{\"@context\":\"https:\\\/\\\/schema.org\",\"@graph\":[{\"@type\":\"WebPage\",\"@id\":\"https:\\\/\\\/www.allgeier.com\\\/de\\\/investor-relations\\\/adhoc-announcements\\\/allgeier-holding-ag-wachstumsstrategie-fuer-den-geschaeftsbereich-personal-services\\\/\",\"url\":\"https:\\\/\\\/www.allgeier.com\\\/de\\\/investor-relations\\\/adhoc-announcements\\\/allgeier-holding-ag-wachstumsstrategie-fuer-den-geschaeftsbereich-personal-services\\\/\",\"name\":\"Allgeier Holding AG \u2013 Wachstumsstrategie f\u00fcr den Gesch\u00e4ftsbereich Personal Services - Allgeier SE\",\"isPartOf\":{\"@id\":\"https:\\\/\\\/www.allgeier.com\\\/de\\\/#website\"},\"datePublished\":\"2007-09-06T16:28:07+00:00\",\"dateModified\":\"2023-01-22T17:10:10+00:00\",\"breadcrumb\":{\"@id\":\"https:\\\/\\\/www.allgeier.com\\\/de\\\/investor-relations\\\/adhoc-announcements\\\/allgeier-holding-ag-wachstumsstrategie-fuer-den-geschaeftsbereich-personal-services\\\/#breadcrumb\"},\"inLanguage\":\"de\",\"potentialAction\":[{\"@type\":\"ReadAction\",\"target\":[\"https:\\\/\\\/www.allgeier.com\\\/de\\\/investor-relations\\\/adhoc-announcements\\\/allgeier-holding-ag-wachstumsstrategie-fuer-den-geschaeftsbereich-personal-services\\\/\"]}]},{\"@type\":\"BreadcrumbList\",\"@id\":\"https:\\\/\\\/www.allgeier.com\\\/de\\\/investor-relations\\\/adhoc-announcements\\\/allgeier-holding-ag-wachstumsstrategie-fuer-den-geschaeftsbereich-personal-services\\\/#breadcrumb\",\"itemListElement\":[{\"@type\":\"ListItem\",\"position\":1,\"name\":\"Home\",\"item\":\"https:\\\/\\\/www.allgeier.com\\\/de\\\/\"},{\"@type\":\"ListItem\",\"position\":2,\"name\":\"Investor Relations\",\"item\":\"https:\\\/\\\/www.allgeier.com\\\/de\\\/investor-relations\\\/\"},{\"@type\":\"ListItem\",\"position\":3,\"name\":\"Ad hoc-Mitteilungen\",\"item\":\"https:\\\/\\\/www.allgeier.com\\\/de\\\/investor-relations\\\/adhoc-announcements\\\/\"},{\"@type\":\"ListItem\",\"position\":4,\"name\":\"Allgeier Holding AG \u2013 Wachstumsstrategie f\u00fcr den Gesch\u00e4ftsbereich Personal Services\"}]},{\"@type\":\"WebSite\",\"@id\":\"https:\\\/\\\/www.allgeier.com\\\/de\\\/#website\",\"url\":\"https:\\\/\\\/www.allgeier.com\\\/de\\\/\",\"name\":\"Allgeier SE\",\"description\":\"Software &amp; IT Services for digital transformation\",\"potentialAction\":[{\"@type\":\"SearchAction\",\"target\":{\"@type\":\"EntryPoint\",\"urlTemplate\":\"https:\\\/\\\/www.allgeier.com\\\/de\\\/?s={search_term_string}\"},\"query-input\":{\"@type\":\"PropertyValueSpecification\",\"valueRequired\":true,\"valueName\":\"search_term_string\"}}],\"inLanguage\":\"de\"}]}<\/script>\n<!-- \/ Yoast SEO plugin. -->","yoast_head_json":{"title":"Allgeier Holding AG \u2013 Wachstumsstrategie f\u00fcr den Gesch\u00e4ftsbereich Personal Services - Allgeier SE","robots":{"index":"index","follow":"follow","max-snippet":"max-snippet:-1","max-image-preview":"max-image-preview:large","max-video-preview":"max-video-preview:-1"},"canonical":"https:\/\/www.allgeier.com\/de\/investor-relations\/adhoc-announcements\/allgeier-holding-ag-wachstumsstrategie-fuer-den-geschaeftsbereich-personal-services\/","og_locale":"de_DE","og_type":"article","og_title":"Allgeier Holding AG \u2013 Wachstumsstrategie f\u00fcr den Gesch\u00e4ftsbereich Personal Services - Allgeier SE","og_description":"Allgeier Holding AG hat in der Ad-hoc Mitteilung vom 10. Juli 2007 mitgeteilt, dass die Gesellschaft vor dem Hintergrund verschiedener Interessensbekundungen aus dem Markt die weitere strategische Entwicklung des Unternehmens pr\u00fcft. F\u00fcr den Bereich Personal Services hat diese Pr\u00fcfung als Ergebnis konkrete","og_url":"https:\/\/www.allgeier.com\/de\/investor-relations\/adhoc-announcements\/allgeier-holding-ag-wachstumsstrategie-fuer-den-geschaeftsbereich-personal-services\/","og_site_name":"Allgeier SE","article_modified_time":"2023-01-22T17:10:10+00:00","twitter_card":"summary_large_image","twitter_misc":{"Gesch\u00e4tzte Lesezeit":"3\u00a0Minuten"},"schema":{"@context":"https:\/\/schema.org","@graph":[{"@type":"WebPage","@id":"https:\/\/www.allgeier.com\/de\/investor-relations\/adhoc-announcements\/allgeier-holding-ag-wachstumsstrategie-fuer-den-geschaeftsbereich-personal-services\/","url":"https:\/\/www.allgeier.com\/de\/investor-relations\/adhoc-announcements\/allgeier-holding-ag-wachstumsstrategie-fuer-den-geschaeftsbereich-personal-services\/","name":"Allgeier Holding AG \u2013 Wachstumsstrategie f\u00fcr den Gesch\u00e4ftsbereich Personal Services - Allgeier SE","isPartOf":{"@id":"https:\/\/www.allgeier.com\/de\/#website"},"datePublished":"2007-09-06T16:28:07+00:00","dateModified":"2023-01-22T17:10:10+00:00","breadcrumb":{"@id":"https:\/\/www.allgeier.com\/de\/investor-relations\/adhoc-announcements\/allgeier-holding-ag-wachstumsstrategie-fuer-den-geschaeftsbereich-personal-services\/#breadcrumb"},"inLanguage":"de","potentialAction":[{"@type":"ReadAction","target":["https:\/\/www.allgeier.com\/de\/investor-relations\/adhoc-announcements\/allgeier-holding-ag-wachstumsstrategie-fuer-den-geschaeftsbereich-personal-services\/"]}]},{"@type":"BreadcrumbList","@id":"https:\/\/www.allgeier.com\/de\/investor-relations\/adhoc-announcements\/allgeier-holding-ag-wachstumsstrategie-fuer-den-geschaeftsbereich-personal-services\/#breadcrumb","itemListElement":[{"@type":"ListItem","position":1,"name":"Home","item":"https:\/\/www.allgeier.com\/de\/"},{"@type":"ListItem","position":2,"name":"Investor Relations","item":"https:\/\/www.allgeier.com\/de\/investor-relations\/"},{"@type":"ListItem","position":3,"name":"Ad hoc-Mitteilungen","item":"https:\/\/www.allgeier.com\/de\/investor-relations\/adhoc-announcements\/"},{"@type":"ListItem","position":4,"name":"Allgeier Holding AG \u2013 Wachstumsstrategie f\u00fcr den Gesch\u00e4ftsbereich Personal Services"}]},{"@type":"WebSite","@id":"https:\/\/www.allgeier.com\/de\/#website","url":"https:\/\/www.allgeier.com\/de\/","name":"Allgeier SE","description":"Software &amp; IT Services for digital transformation","potentialAction":[{"@type":"SearchAction","target":{"@type":"EntryPoint","urlTemplate":"https:\/\/www.allgeier.com\/de\/?s={search_term_string}"},"query-input":{"@type":"PropertyValueSpecification","valueRequired":true,"valueName":"search_term_string"}}],"inLanguage":"de"}]}},"_links":{"self":[{"href":"https:\/\/www.allgeier.com\/de\/wp-json\/wp\/v2\/pages\/5650","targetHints":{"allow":["GET"]}}],"collection":[{"href":"https:\/\/www.allgeier.com\/de\/wp-json\/wp\/v2\/pages"}],"about":[{"href":"https:\/\/www.allgeier.com\/de\/wp-json\/wp\/v2\/types\/page"}],"author":[{"embeddable":true,"href":"https:\/\/www.allgeier.com\/de\/wp-json\/wp\/v2\/users\/4"}],"replies":[{"embeddable":true,"href":"https:\/\/www.allgeier.com\/de\/wp-json\/wp\/v2\/comments?post=5650"}],"version-history":[{"count":1,"href":"https:\/\/www.allgeier.com\/de\/wp-json\/wp\/v2\/pages\/5650\/revisions"}],"predecessor-version":[{"id":5651,"href":"https:\/\/www.allgeier.com\/de\/wp-json\/wp\/v2\/pages\/5650\/revisions\/5651"}],"up":[{"embeddable":true,"href":"https:\/\/www.allgeier.com\/de\/wp-json\/wp\/v2\/pages\/1155"}],"wp:attachment":[{"href":"https:\/\/www.allgeier.com\/de\/wp-json\/wp\/v2\/media?parent=5650"}],"wp:term":[{"taxonomy":"category","embeddable":true,"href":"https:\/\/www.allgeier.com\/de\/wp-json\/wp\/v2\/categories?post=5650"},{"taxonomy":"post_tag","embeddable":true,"href":"https:\/\/www.allgeier.com\/de\/wp-json\/wp\/v2\/tags?post=5650"}],"curies":[{"name":"wp","href":"https:\/\/api.w.org\/{rel}","templated":true}]}}