{"id":5652,"date":"2007-07-10T12:41:54","date_gmt":"2007-07-10T12:41:54","guid":{"rendered":"https:\/\/www.allgeier.com\/de\/?page_id=5652"},"modified":"2023-01-22T17:10:10","modified_gmt":"2023-01-22T17:10:10","slug":"allgeier-meldet-starke-geschaeftsentwicklung-und-erhoeht-erneut-die-guidance-fuer-2007","status":"publish","type":"page","link":"https:\/\/www.allgeier.com\/de\/investor-relations\/adhoc-announcements\/allgeier-meldet-starke-geschaeftsentwicklung-und-erhoeht-erneut-die-guidance-fuer-2007\/","title":{"rendered":"Allgeier meldet starke Gesch\u00e4ftsentwicklung und erh\u00f6ht erneut die Guidance f\u00fcr 2007"},"content":{"rendered":"<p><b>Allgeier Holding AG \/ Umsatzentwicklung<\/b>Ver\u00f6ffentlichung einer Ad-hoc-Meldung nach \u00a7 15 WpHG, \u00fcbermittelt durch dieDGAP &#8211; ein Unternehmen der EquityStory AG.F\u00fcr den Inhalt der Mitteilung ist der Emittent verantwortlich.&#8212;&#8212;&#8212;&#8212;&#8212;&#8212;&#8212;&#8212;&#8212;&#8212;&#8212;&#8212;&#8212;&#8212;&#8212;&#8212;&#8212;&#8212;&#8212;&#8212;&#8212;&#8212;&#8212;&#8212;&#8212;M\u00fcnchen, 10.7.2007 \u2013 Allgeier Holding AG erwartet nach einem starken erstenQuartal auch im zweiten Quartal eine deutliche Umsatz- und Gewinnsteigerungverglichen mit dem Vorjahreszeitraum. Der Umsatz wird nach vorl\u00e4ufigerMeldung um mindestens 100%, das operative Ergebnis vor Abschreibungen,Zinsen und Steuern (EBITDA) um mindestens 50% \u00fcber dem Vorjahr liegen. DerHalbjahresbericht f\u00fcr das erste Halbjahr 2007 wird in KW 34 ver\u00f6ffentlicht.Aufgrund des anhaltend starken Gesch\u00e4ftsverlaufs in den ersten sechsMonaten des laufenden Gesch\u00e4ftsjahres 2007 sowie eines positiven Ausblicksauf die kommenden Monate erh\u00f6ht der Vorstand mit Beschluss vom 10.7.2007zum zweiten Mal in diesem Jahr seine Guidance. Die Umsatz-Guidance f\u00fcr denGesamtkonzern f\u00fcr 2007 wird von 250 Mio. EUR auf 295 Mio. EUR erh\u00f6ht, dieEBITDA-Guidance wird auf 26 Mio. EUR nach Holdingkosten &amp; Konsolidierung(zuvor 18 Mio. EUR) und die EBIT-Guidance auf 16,5 Mio. EUR (zuvor 14 Mio.EUR) gesetzt. F\u00fcr den Gesch\u00e4ftsbereich IT wird die Umsatz-Guidance mit 125Mio. EUR und die EBITDA-Guidance mit 11 Mio. EUR beziffert. DieNettoverschuldung f\u00fcr den Gesch\u00e4ftsbereich IT wird mit ca. 8 Mio. EURangegeben. F\u00fcr den Gesch\u00e4ftsbereich Personal Services wird dieUmsatz-Guidance auf 170 Mio. EUR und die EBITDA-Guidance auf 19 Mio. EURgesetzt. Die Nettoverschuldung f\u00fcr den Gesch\u00e4ftsbereich Personal Serviceswird mit ca. 25 Mio. EUR angegeben.In den vergangen Monaten haben verschiedene Interessenten gegen\u00fcber derGesellschaft ein grunds\u00e4tzliches Interesse am Erwerb oder einer Beteiligungan Teilen des Portfolios ge\u00e4u\u00dfert (vgl. Ad-hoc vom 03.05.2007). DasManagement hat deshalb eigene Berechnungen zum Wert der beidenGesch\u00e4ftsbereiche durch Vergleiche mit Wettbewerbsunternehmen (Peer Groups)angestellt. Bei Anwendung der EBITDA-Multiplikatoren (EnterpriseValue\/EBITDA 2007e) von b\u00f6rsennotierten Wettbewerbern auf die beidenGesch\u00e4ftsbereiche ergibt sich f\u00fcr den Gesch\u00e4ftsbereich IT ein Equity-Wertvon circa 70 Mio. EUR, f\u00fcr den Gesch\u00e4ftsbereich Personal Services einEquity-Wert zwischen circa 150 und 200 Mio. EUR.Die Gesellschaft er\u00f6rtert zusammen mit ausgew\u00e4hlten Beratern (Banken,Unternehmens- und Finanzberater) derzeit Optionen, die Zusammensetzung desBeteiligungsportfolios klarer und f\u00fcr den Kapitalmarkt verst\u00e4ndlicher zugestalten. In diesem Zusammenhang pr\u00fcft die Gesellschaft auch konkretweitere Akquisitionen sowie den Verkauf oder IPO von Teilen des Portfolios.Damit verbundene strategisch relevante Szenarien werden im Einklang mit derbisher bew\u00e4hrten dezentralen F\u00fchrungsphilosophie (-struktur) und unterBeibehaltung des verfolgten Wachstumskurses gepr\u00fcft und abgestimmt.Vorstand und Aufsichtsrat haben f\u00fcr die Hauptversammlung am 11.07.2007 denBeschluss zur Erm\u00e4chtigung zum R\u00fcckkauf eigener Aktien vorgeschlagen. ImFalle der Genehmigung durch die Hauptversammlung plant der Vorstand dieAuflegung eines Aktienr\u00fcckkaufprogramms.Kontakt:Carl Georg D\u00fcrschmidtVorsitzender des VorstandsAllgeier Holding AGWehrlestr. 1281679 M\u00fcnchenTel. 089-998421-0Fax  089-998421-11www.allgeier.comKurzprofil Allgeier Holding AG:Die Allgeier Holding AG ist eine Dienstleistungsgruppe, die in den zweiWachstumsm\u00e4rkten IT- und Personal-Services (Zeitarbeit) aktiv ist. DieGesellschaften im Bereich Personal Service bieten flexiblePersonalkapazit\u00e4t und Know-how \u2013 von der Aushilfe bis zum Interimsmanager.Im Bereich IT-Service werden Kunden bei der Umsetzung von Innovationen, derVerbesserung des Informationsflusses und der Optimierung vonGesch\u00e4ftsprozessen unterst\u00fctzt. Die Unternehmen innerhalb von Allgeierarbeiten eigenst\u00e4ndig mit allen Vorteilen mittelst\u00e4ndischer Flexibilit\u00e4t,Schnelligkeit, Serviceorientierung und Innovationskraft. Unter dem Dach vonAllgeier verbinden sich diese Vorteile mit der Nutzung von Synergien, derSicherheit und der Schlagkraft einer f\u00fchrenden b\u00f6rsennotiertenUnternehmensgruppe. Durch ein breites Service-Leistungsspektrum sowiegeb\u00fcndelte Kompetenz und Gr\u00f6\u00dfe werden nachhaltig steigende Werte f\u00fcr Kundenund Investoren geschaffen. Die Allgeier-Gruppe besch\u00e4ftigt zurzeit rund7.500 Mitarbeiter und kann auf \u00fcber 3.500 Kunden verweisen. Laut Guidancepeilt Allgeier im Gesch\u00e4ftsjahr 2007 einen Umsatz von 295 Millionen Euroan. Die Allgeier Holding AG ist am Geregelten Markt der Frankfurter B\u00f6rseim Segment General Standard notiert (WKN 508630\/ISIN DE000508630). WeitereInformationen unter: www.allgeier.comWichtiger Hinweis: Diese Ad-hoc Mitteilung\/Pressemitteilung enth\u00e4lt in die Zukunft gerichteteAussagen, die auf Annahmen und Sch\u00e4tzungen der Unternehmensleitung derAllgeier Holding AG beruhen. Auch wenn die Unternehmensleitung der Ansichtist, dass diese Annahmen und Sch\u00e4tzungen zutreffend sind, k\u00f6nnen diek\u00fcnftige tats\u00e4chliche Entwicklung und die k\u00fcnftigen tats\u00e4chlichenErgebnisse von diesen Annahmen und Sch\u00e4tzungen aufgrund vielf\u00e4ltigerFaktoren erheblich abweichen. Zu diesen Faktoren k\u00f6nnen beispielsweise dieVer\u00e4nderung der gesamtwirtschaftlichen Lage, der Wechselkurse, derZinss\u00e4tze sowie Ver\u00e4nderungen innerhalb der Marktentwicklung und der sichver\u00e4nderten Wettbewerbssituation geh\u00f6ren. Die Allgeier Holding AG \u00fcbernimmtkeine Gew\u00e4hrleistung und keine Haftung daf\u00fcr, dass die k\u00fcnftige Entwicklungund die k\u00fcnftig erzielten tats\u00e4chlichen Ergebnisse mit den in dieser Ad-hocMitteilung\/Pressemitteilung ge\u00e4u\u00dferten Annahmen und Sch\u00e4tzungen\u00fcbereinstimmen werden.DGAP 10.07.2007 &#8212;&#8212;&#8212;&#8212;&#8212;&#8212;&#8212;&#8212;&#8212;&#8212;&#8212;&#8212;&#8212;&#8212;&#8212;&#8212;&#8212;&#8212;&#8212;&#8212;&#8212;&#8212;&#8212;&#8212;&#8212; Sprache:      DeutschEmittent:     Allgeier Holding AG              Wehrlestrasse 12              81679 M\u00fcnchen DeutschlandTelefon:      +49 (0)89 998 421-0Fax:          +49 (0)89 998 421-11E-mail:       info@allgeier.comInternet:     www.allgeier-holding.comISIN:         DE0005086300WKN:          508630Indizes:      CDAXB\u00f6rsen:       Geregelter Markt in Frankfurt (General Standard); Freiverkehr              in Berlin-Bremen, Stuttgart, Hamburg, D\u00fcsseldorf Ende der Mitteilung                             DGAP News-Service &#8212;&#8212;&#8212;&#8212;&#8212;&#8212;&#8212;&#8212;&#8212;&#8212;&#8212;&#8212;&#8212;&#8212;&#8212;&#8212;&#8212;&#8212;&#8212;&#8212;&#8212;&#8212;&#8212;&#8212;&#8212;<\/p>\n","protected":false},"excerpt":{"rendered":"<p>M\u00fcnchen, 10.7.2007 \u2013 Allgeier Holding AG erwartet nach einem starken ersten Quartal auch im zweiten Quartal eine deutliche Umsatz- und Gewinnsteigerung verglichen mit dem Vorjahreszeitraum. Der Umsatz wird nach vorl\u00e4ufiger Meldung um mindestens 100%, das operative Ergebnis vor Abschreibungen, Zinsen<\/p>\n","protected":false},"author":4,"featured_media":0,"parent":1155,"menu_order":0,"comment_status":"close","ping_status":"closed","template":"","meta":{"_acf_changed":false,"footnotes":""},"categories":[],"tags":[],"class_list":["post-5652","page","type-page","status-publish","hentry"],"acf":[],"yoast_head":"<!-- This site is optimized with the Yoast SEO plugin v27.4 - https:\/\/yoast.com\/product\/yoast-seo-wordpress\/ -->\n<title>Allgeier meldet starke Gesch\u00e4ftsentwicklung und erh\u00f6ht erneut die Guidance f\u00fcr 2007 - Allgeier SE<\/title>\n<meta name=\"robots\" content=\"index, follow, max-snippet:-1, max-image-preview:large, max-video-preview:-1\" \/>\n<link rel=\"canonical\" href=\"https:\/\/www.allgeier.com\/de\/investor-relations\/adhoc-announcements\/allgeier-meldet-starke-geschaeftsentwicklung-und-erhoeht-erneut-die-guidance-fuer-2007\/\" \/>\n<meta property=\"og:locale\" content=\"de_DE\" \/>\n<meta property=\"og:type\" content=\"article\" \/>\n<meta property=\"og:title\" content=\"Allgeier meldet starke Gesch\u00e4ftsentwicklung und erh\u00f6ht erneut die Guidance f\u00fcr 2007 - Allgeier SE\" \/>\n<meta property=\"og:description\" content=\"M\u00fcnchen, 10.7.2007 \u2013 Allgeier Holding AG erwartet nach einem starken ersten Quartal auch im zweiten Quartal eine deutliche Umsatz- und Gewinnsteigerung verglichen mit dem Vorjahreszeitraum. Der Umsatz wird nach vorl\u00e4ufiger Meldung um mindestens 100%, das operative Ergebnis vor Abschreibungen, Zinsen\" \/>\n<meta property=\"og:url\" content=\"https:\/\/www.allgeier.com\/de\/investor-relations\/adhoc-announcements\/allgeier-meldet-starke-geschaeftsentwicklung-und-erhoeht-erneut-die-guidance-fuer-2007\/\" \/>\n<meta property=\"og:site_name\" content=\"Allgeier SE\" \/>\n<meta property=\"article:modified_time\" content=\"2023-01-22T17:10:10+00:00\" \/>\n<meta name=\"twitter:card\" content=\"summary_large_image\" \/>\n<meta name=\"twitter:label1\" content=\"Gesch\u00e4tzte Lesezeit\" \/>\n\t<meta name=\"twitter:data1\" content=\"4\u00a0Minuten\" \/>\n<script type=\"application\/ld+json\" class=\"yoast-schema-graph\">{\"@context\":\"https:\\\/\\\/schema.org\",\"@graph\":[{\"@type\":\"WebPage\",\"@id\":\"https:\\\/\\\/www.allgeier.com\\\/de\\\/investor-relations\\\/adhoc-announcements\\\/allgeier-meldet-starke-geschaeftsentwicklung-und-erhoeht-erneut-die-guidance-fuer-2007\\\/\",\"url\":\"https:\\\/\\\/www.allgeier.com\\\/de\\\/investor-relations\\\/adhoc-announcements\\\/allgeier-meldet-starke-geschaeftsentwicklung-und-erhoeht-erneut-die-guidance-fuer-2007\\\/\",\"name\":\"Allgeier meldet starke Gesch\u00e4ftsentwicklung und erh\u00f6ht erneut die Guidance f\u00fcr 2007 - Allgeier SE\",\"isPartOf\":{\"@id\":\"https:\\\/\\\/www.allgeier.com\\\/de\\\/#website\"},\"datePublished\":\"2007-07-10T12:41:54+00:00\",\"dateModified\":\"2023-01-22T17:10:10+00:00\",\"breadcrumb\":{\"@id\":\"https:\\\/\\\/www.allgeier.com\\\/de\\\/investor-relations\\\/adhoc-announcements\\\/allgeier-meldet-starke-geschaeftsentwicklung-und-erhoeht-erneut-die-guidance-fuer-2007\\\/#breadcrumb\"},\"inLanguage\":\"de\",\"potentialAction\":[{\"@type\":\"ReadAction\",\"target\":[\"https:\\\/\\\/www.allgeier.com\\\/de\\\/investor-relations\\\/adhoc-announcements\\\/allgeier-meldet-starke-geschaeftsentwicklung-und-erhoeht-erneut-die-guidance-fuer-2007\\\/\"]}]},{\"@type\":\"BreadcrumbList\",\"@id\":\"https:\\\/\\\/www.allgeier.com\\\/de\\\/investor-relations\\\/adhoc-announcements\\\/allgeier-meldet-starke-geschaeftsentwicklung-und-erhoeht-erneut-die-guidance-fuer-2007\\\/#breadcrumb\",\"itemListElement\":[{\"@type\":\"ListItem\",\"position\":1,\"name\":\"Home\",\"item\":\"https:\\\/\\\/www.allgeier.com\\\/de\\\/\"},{\"@type\":\"ListItem\",\"position\":2,\"name\":\"Investor Relations\",\"item\":\"https:\\\/\\\/www.allgeier.com\\\/de\\\/investor-relations\\\/\"},{\"@type\":\"ListItem\",\"position\":3,\"name\":\"Ad hoc-Mitteilungen\",\"item\":\"https:\\\/\\\/www.allgeier.com\\\/de\\\/investor-relations\\\/adhoc-announcements\\\/\"},{\"@type\":\"ListItem\",\"position\":4,\"name\":\"Allgeier meldet starke Gesch\u00e4ftsentwicklung und erh\u00f6ht erneut die Guidance f\u00fcr 2007\"}]},{\"@type\":\"WebSite\",\"@id\":\"https:\\\/\\\/www.allgeier.com\\\/de\\\/#website\",\"url\":\"https:\\\/\\\/www.allgeier.com\\\/de\\\/\",\"name\":\"Allgeier SE\",\"description\":\"Software &amp; IT Services for digital transformation\",\"potentialAction\":[{\"@type\":\"SearchAction\",\"target\":{\"@type\":\"EntryPoint\",\"urlTemplate\":\"https:\\\/\\\/www.allgeier.com\\\/de\\\/?s={search_term_string}\"},\"query-input\":{\"@type\":\"PropertyValueSpecification\",\"valueRequired\":true,\"valueName\":\"search_term_string\"}}],\"inLanguage\":\"de\"}]}<\/script>\n<!-- \/ Yoast SEO plugin. -->","yoast_head_json":{"title":"Allgeier meldet starke Gesch\u00e4ftsentwicklung und erh\u00f6ht erneut die Guidance f\u00fcr 2007 - Allgeier SE","robots":{"index":"index","follow":"follow","max-snippet":"max-snippet:-1","max-image-preview":"max-image-preview:large","max-video-preview":"max-video-preview:-1"},"canonical":"https:\/\/www.allgeier.com\/de\/investor-relations\/adhoc-announcements\/allgeier-meldet-starke-geschaeftsentwicklung-und-erhoeht-erneut-die-guidance-fuer-2007\/","og_locale":"de_DE","og_type":"article","og_title":"Allgeier meldet starke Gesch\u00e4ftsentwicklung und erh\u00f6ht erneut die Guidance f\u00fcr 2007 - Allgeier SE","og_description":"M\u00fcnchen, 10.7.2007 \u2013 Allgeier Holding AG erwartet nach einem starken ersten Quartal auch im zweiten Quartal eine deutliche Umsatz- und Gewinnsteigerung verglichen mit dem Vorjahreszeitraum. Der Umsatz wird nach vorl\u00e4ufiger Meldung um mindestens 100%, das operative Ergebnis vor Abschreibungen, Zinsen","og_url":"https:\/\/www.allgeier.com\/de\/investor-relations\/adhoc-announcements\/allgeier-meldet-starke-geschaeftsentwicklung-und-erhoeht-erneut-die-guidance-fuer-2007\/","og_site_name":"Allgeier SE","article_modified_time":"2023-01-22T17:10:10+00:00","twitter_card":"summary_large_image","twitter_misc":{"Gesch\u00e4tzte Lesezeit":"4\u00a0Minuten"},"schema":{"@context":"https:\/\/schema.org","@graph":[{"@type":"WebPage","@id":"https:\/\/www.allgeier.com\/de\/investor-relations\/adhoc-announcements\/allgeier-meldet-starke-geschaeftsentwicklung-und-erhoeht-erneut-die-guidance-fuer-2007\/","url":"https:\/\/www.allgeier.com\/de\/investor-relations\/adhoc-announcements\/allgeier-meldet-starke-geschaeftsentwicklung-und-erhoeht-erneut-die-guidance-fuer-2007\/","name":"Allgeier meldet starke Gesch\u00e4ftsentwicklung und erh\u00f6ht erneut die Guidance f\u00fcr 2007 - Allgeier SE","isPartOf":{"@id":"https:\/\/www.allgeier.com\/de\/#website"},"datePublished":"2007-07-10T12:41:54+00:00","dateModified":"2023-01-22T17:10:10+00:00","breadcrumb":{"@id":"https:\/\/www.allgeier.com\/de\/investor-relations\/adhoc-announcements\/allgeier-meldet-starke-geschaeftsentwicklung-und-erhoeht-erneut-die-guidance-fuer-2007\/#breadcrumb"},"inLanguage":"de","potentialAction":[{"@type":"ReadAction","target":["https:\/\/www.allgeier.com\/de\/investor-relations\/adhoc-announcements\/allgeier-meldet-starke-geschaeftsentwicklung-und-erhoeht-erneut-die-guidance-fuer-2007\/"]}]},{"@type":"BreadcrumbList","@id":"https:\/\/www.allgeier.com\/de\/investor-relations\/adhoc-announcements\/allgeier-meldet-starke-geschaeftsentwicklung-und-erhoeht-erneut-die-guidance-fuer-2007\/#breadcrumb","itemListElement":[{"@type":"ListItem","position":1,"name":"Home","item":"https:\/\/www.allgeier.com\/de\/"},{"@type":"ListItem","position":2,"name":"Investor Relations","item":"https:\/\/www.allgeier.com\/de\/investor-relations\/"},{"@type":"ListItem","position":3,"name":"Ad hoc-Mitteilungen","item":"https:\/\/www.allgeier.com\/de\/investor-relations\/adhoc-announcements\/"},{"@type":"ListItem","position":4,"name":"Allgeier meldet starke Gesch\u00e4ftsentwicklung und erh\u00f6ht erneut die Guidance f\u00fcr 2007"}]},{"@type":"WebSite","@id":"https:\/\/www.allgeier.com\/de\/#website","url":"https:\/\/www.allgeier.com\/de\/","name":"Allgeier SE","description":"Software &amp; IT Services for digital transformation","potentialAction":[{"@type":"SearchAction","target":{"@type":"EntryPoint","urlTemplate":"https:\/\/www.allgeier.com\/de\/?s={search_term_string}"},"query-input":{"@type":"PropertyValueSpecification","valueRequired":true,"valueName":"search_term_string"}}],"inLanguage":"de"}]}},"_links":{"self":[{"href":"https:\/\/www.allgeier.com\/de\/wp-json\/wp\/v2\/pages\/5652","targetHints":{"allow":["GET"]}}],"collection":[{"href":"https:\/\/www.allgeier.com\/de\/wp-json\/wp\/v2\/pages"}],"about":[{"href":"https:\/\/www.allgeier.com\/de\/wp-json\/wp\/v2\/types\/page"}],"author":[{"embeddable":true,"href":"https:\/\/www.allgeier.com\/de\/wp-json\/wp\/v2\/users\/4"}],"replies":[{"embeddable":true,"href":"https:\/\/www.allgeier.com\/de\/wp-json\/wp\/v2\/comments?post=5652"}],"version-history":[{"count":1,"href":"https:\/\/www.allgeier.com\/de\/wp-json\/wp\/v2\/pages\/5652\/revisions"}],"predecessor-version":[{"id":5653,"href":"https:\/\/www.allgeier.com\/de\/wp-json\/wp\/v2\/pages\/5652\/revisions\/5653"}],"up":[{"embeddable":true,"href":"https:\/\/www.allgeier.com\/de\/wp-json\/wp\/v2\/pages\/1155"}],"wp:attachment":[{"href":"https:\/\/www.allgeier.com\/de\/wp-json\/wp\/v2\/media?parent=5652"}],"wp:term":[{"taxonomy":"category","embeddable":true,"href":"https:\/\/www.allgeier.com\/de\/wp-json\/wp\/v2\/categories?post=5652"},{"taxonomy":"post_tag","embeddable":true,"href":"https:\/\/www.allgeier.com\/de\/wp-json\/wp\/v2\/tags?post=5652"}],"curies":[{"name":"wp","href":"https:\/\/api.w.org\/{rel}","templated":true}]}}