{"id":5656,"date":"2007-06-19T14:32:26","date_gmt":"2007-06-19T14:32:26","guid":{"rendered":"https:\/\/www.allgeier.com\/de\/?page_id=5656"},"modified":"2023-01-22T17:10:10","modified_gmt":"2023-01-22T17:10:10","slug":"allgeier-gruppe-setzt-ausbau-des-geschaeftsbereichs-personal-services-durch-weitere-akquisition-fort","status":"publish","type":"page","link":"https:\/\/www.allgeier.com\/de\/investor-relations\/adhoc-announcements\/allgeier-gruppe-setzt-ausbau-des-geschaeftsbereichs-personal-services-durch-weitere-akquisition-fort\/","title":{"rendered":"Allgeier Gruppe setzt Ausbau des Gesch\u00e4ftsbereichs Personal Services durch weitere Akquisition fort"},"content":{"rendered":"<p><b>Allgeier Holding AG \/ Firmen\u00fcbernahme<\/b>Ver\u00f6ffentlichung einer Ad-hoc-Meldung nach \u00a7 15 WpHG, \u00fcbermittelt durch dieDGAP &#8211; ein Unternehmen der EquityStory AG.F\u00fcr den Inhalt der Mitteilung ist der Emittent verantwortlich.&#8212;&#8212;&#8212;&#8212;&#8212;&#8212;&#8212;&#8212;&#8212;&#8212;&#8212;&#8212;&#8212;&#8212;&#8212;&#8212;&#8212;&#8212;&#8212;&#8212;&#8212;&#8212;&#8212;&#8212;&#8212;M\u00fcnchen, 19. Juni 2007 \u2013 Die Allgeier Holding AG hat sich heute mit derGesellschafterin der ABETEC GmbH mit Sitz in Oldenburg \u00fcber den Erwerb von100 % der Gesch\u00e4ftsanteile geeinigt und entsprechende Vertr\u00e4ge \u00fcber dieKonzerngesellschaft PS 1 MBO GmbH geschlossen. Der Gesamtkaufpreis liegt imunteren einstelligen Millionenbereich und enth\u00e4lt ergebnisabh\u00e4ngigeEarn-Out Komponenten. Die ABETEC GmbH ist auf die Vermittlung von qualifiziertenZeitarbeitskr\u00e4ften mit Fokus auf die Bereiche Automobilbau,Chemie\/Petro-Chemie, Energie, Luftfahrt, Werften sowie Anlagen- undMaschinenbau spezialisiert. Die ABETEC hat im Gesch\u00e4ftsjahr 2006 mit ca.170 Mitarbeitern einen Umsatz von ca. 7 Mio. EUR erzielt. Sie befindet sichauf einem nachhaltigen Wachstumskurs und erwirtschaftet seit Jahren einpositives Ergebnis.Die beiden Gesch\u00e4ftsf\u00fchrer der ABETEC GmbH, Bernd Titgemeyer und OlafJehnichen, beteiligen sich im Zuge der Transaktion jeweils in H\u00f6he von 5 %an dem Stammkapital der PS 1 MBO GmbH, der Alleingesellschafterin derABETEC GmbH. Sie bleiben auch weiterhin Gesch\u00e4ftsf\u00fchrer des Unternehmens.Wie in den Ad-hoc-Meldungen vom 02.04.2007 und 03.05.2007 bereitsangek\u00fcndigt befindet sich die Allgeier Holding AG auf einem deutlichenWachstumskurs. Zur Unterst\u00fctzung des organischen Wachstums pr\u00fcft dieAllgeier Holding AG weitere Akquisitionsm\u00f6glichkeiten in beidenGesch\u00e4ftsbereichen (IT und Personal Services). Sie hat bereits mit denGesellschaftern von einem weiteren mittelst\u00e4ndischen Zeitarbeitsunternehmenals Grundlage f\u00fcr die weiteren Verhandlungen Einigung \u00fcber die Eckpunkteeines m\u00f6glichen Erwerbs erzielt. Diese Einigung ist jedoch f\u00fcr beideParteien rechtlich nicht verbindlich. Der Vollzug dieser Transaktionenh\u00e4ngt von dem Ausgang der noch ausstehenden Vertragsverhandlungen und derDue Diligence Pr\u00fcfungen ab.Kontakt:Christian EggenbergerVorstandAllgeier Holding AGWehrlestr. 1281679 M\u00fcnchenTel. 089-998421-0Fax  089-998421-11www.allgeier.comKurzprofil Allgeier Holding AG:Die Allgeier Holding AG ist eine Dienstleistungsgruppe, die in den zweiWachstumsm\u00e4rkten IT- und Personal-Services (Zeitarbeit) aktiv ist. DieGesellschaften im Bereich Personal Services bieten flexiblePersonalkapazit\u00e4t und Know-how \u2013 von der Aushilfe bis zum Interimsmanager.Im Bereich IT Services werden Kunden bei der Umsetzung von Innovationen,der Verbesserung des Informationsflusses und der Optimierung vonGesch\u00e4ftsprozessen unterst\u00fctzt. Die Unternehmen innerhalb von Allgeierarbeiten eigenst\u00e4ndig mit allen Vorteilen mittelst\u00e4ndischer Flexibilit\u00e4t,Schnelligkeit, Serviceorientierung und Innovationskraft. Unter dem Dach vonAllgeier verbinden sich diese Vorteile mit der Nutzung von Synergien, derSicherheit und der Schlagkraft einer f\u00fchrenden b\u00f6rsennotiertenUnternehmensgruppe. Durch ein breites Service-Leistungsspektrum sowiegeb\u00fcndelte Kompetenz und Gr\u00f6\u00dfe werden nachhaltig steigende Werte f\u00fcr Kundenund Investoren geschaffen. Die Allgeier-Gruppe besch\u00e4ftigt zurzeit rund7.000 Mitarbeiter und kann auf \u00fcber 3.500 Kunden verweisen. Laut Guidancepeilt Allgeier im Gesch\u00e4ftsjahr 2007 einen Umsatz von 250 Millionen Euro.Die Allgeier Holding AG ist am Geregelten Markt der Frankfurter B\u00f6rse imSegment General Standard notiert (WKN 508630\/ISIN DE000508630). WeitereInformationen unter: www.allgeier.comWichtiger Hinweis: Diese Ad-hoc Mitteilung\/Pressemitteilung enth\u00e4lt in die Zukunft gerichteteAussagen, die auf Annahmen und Sch\u00e4tzungen der Unternehmensleitung derAllgeier Holding AG beruhen. Auch wenn die Unternehmensleitung der Ansichtist, dass diese Annahmen und Sch\u00e4tzungen zutreffend sind, k\u00f6nnen diek\u00fcnftige tats\u00e4chliche Entwicklung und die k\u00fcnftigen tats\u00e4chlichenErgebnisse von diesen Annahmen und Sch\u00e4tzungen aufgrund vielf\u00e4ltigerFaktoren erheblich abweichen. Zu diesen Faktoren k\u00f6nnen beispielsweise dieVer\u00e4nderung der gesamtwirtschaftlichen Lage, der Wechselkurse, derZinss\u00e4tze sowie Ver\u00e4nderungen innerhalb der Marktentwicklung und der sichver\u00e4nderten Wettbewerbssituation geh\u00f6ren. Die Allgeier Holding AG \u00fcbernimmtkeine Gew\u00e4hrleistung und keine Haftung daf\u00fcr, dass die k\u00fcnftige Entwicklungund die k\u00fcnftig erzielten tats\u00e4chlichen Ergebnisse mit den in dieser Ad-hocMitteilung\/Pressemitteilung ge\u00e4u\u00dferten Annahmen und Sch\u00e4tzungen\u00fcbereinstimmen werden.DGAP 19.06.2007 &#8212;&#8212;&#8212;&#8212;&#8212;&#8212;&#8212;&#8212;&#8212;&#8212;&#8212;&#8212;&#8212;&#8212;&#8212;&#8212;&#8212;&#8212;&#8212;&#8212;&#8212;&#8212;&#8212;&#8212;&#8212; Sprache:      DeutschEmittent:     Allgeier Holding AG              Wehrlestrasse 12              81679 M\u00fcnchen DeutschlandTelefon:      +49 (0)89 998 421-0Fax:          +49 (0)89 998 421-11E-mail:       info@allgeier.comwww:          www.allgeier-holding.comISIN:         DE0005086300WKN:          508630Indizes:      CDAXB\u00f6rsen:       Geregelter Markt in Frankfurt (General Standard); Freiverkehr              in Berlin-Bremen, Stuttgart, Hamburg, D\u00fcsseldorf Ende der Mitteilung                             DGAP News-Service &#8212;&#8212;&#8212;&#8212;&#8212;&#8212;&#8212;&#8212;&#8212;&#8212;&#8212;&#8212;&#8212;&#8212;&#8212;&#8212;&#8212;&#8212;&#8212;&#8212;&#8212;&#8212;&#8212;&#8212;&#8212;<\/p>\n","protected":false},"excerpt":{"rendered":"<p>M\u00fcnchen, 19. Juni 2007 \u2013 Die Allgeier Holding AG hat sich heute mit der Gesellschafterin der ABETEC GmbH mit Sitz in Oldenburg \u00fcber den Erwerb von 100 % der Gesch\u00e4ftsanteile geeinigt und entsprechende Vertr\u00e4ge \u00fcber die Konzerngesellschaft PS 1 MBO GmbH geschlossen. Der Gesamtkaufpreis liegt im unteren<\/p>\n","protected":false},"author":4,"featured_media":0,"parent":1155,"menu_order":0,"comment_status":"close","ping_status":"closed","template":"","meta":{"_acf_changed":false,"footnotes":""},"categories":[],"tags":[],"class_list":["post-5656","page","type-page","status-publish","hentry"],"acf":[],"yoast_head":"<!-- This site is optimized with the Yoast SEO plugin v27.4 - https:\/\/yoast.com\/product\/yoast-seo-wordpress\/ -->\n<title>Allgeier Gruppe setzt Ausbau des Gesch\u00e4ftsbereichs Personal Services durch weitere Akquisition fort - Allgeier SE<\/title>\n<meta name=\"robots\" content=\"index, follow, max-snippet:-1, max-image-preview:large, max-video-preview:-1\" \/>\n<link rel=\"canonical\" href=\"https:\/\/www.allgeier.com\/de\/investor-relations\/adhoc-announcements\/allgeier-gruppe-setzt-ausbau-des-geschaeftsbereichs-personal-services-durch-weitere-akquisition-fort\/\" \/>\n<meta property=\"og:locale\" content=\"de_DE\" \/>\n<meta property=\"og:type\" content=\"article\" \/>\n<meta property=\"og:title\" content=\"Allgeier Gruppe setzt Ausbau des Gesch\u00e4ftsbereichs Personal Services durch weitere Akquisition fort - Allgeier SE\" \/>\n<meta property=\"og:description\" content=\"M\u00fcnchen, 19. Juni 2007 \u2013 Die Allgeier Holding AG hat sich heute mit der Gesellschafterin der ABETEC GmbH mit Sitz in Oldenburg \u00fcber den Erwerb von 100 % der Gesch\u00e4ftsanteile geeinigt und entsprechende Vertr\u00e4ge \u00fcber die Konzerngesellschaft PS 1 MBO GmbH geschlossen. Der Gesamtkaufpreis liegt im unteren\" \/>\n<meta property=\"og:url\" content=\"https:\/\/www.allgeier.com\/de\/investor-relations\/adhoc-announcements\/allgeier-gruppe-setzt-ausbau-des-geschaeftsbereichs-personal-services-durch-weitere-akquisition-fort\/\" \/>\n<meta property=\"og:site_name\" content=\"Allgeier SE\" \/>\n<meta property=\"article:modified_time\" content=\"2023-01-22T17:10:10+00:00\" \/>\n<meta name=\"twitter:card\" content=\"summary_large_image\" \/>\n<meta name=\"twitter:label1\" content=\"Gesch\u00e4tzte Lesezeit\" \/>\n\t<meta name=\"twitter:data1\" content=\"3\u00a0Minuten\" \/>\n<script type=\"application\/ld+json\" class=\"yoast-schema-graph\">{\"@context\":\"https:\\\/\\\/schema.org\",\"@graph\":[{\"@type\":\"WebPage\",\"@id\":\"https:\\\/\\\/www.allgeier.com\\\/de\\\/investor-relations\\\/adhoc-announcements\\\/allgeier-gruppe-setzt-ausbau-des-geschaeftsbereichs-personal-services-durch-weitere-akquisition-fort\\\/\",\"url\":\"https:\\\/\\\/www.allgeier.com\\\/de\\\/investor-relations\\\/adhoc-announcements\\\/allgeier-gruppe-setzt-ausbau-des-geschaeftsbereichs-personal-services-durch-weitere-akquisition-fort\\\/\",\"name\":\"Allgeier Gruppe setzt Ausbau des Gesch\u00e4ftsbereichs Personal Services durch weitere Akquisition fort - Allgeier SE\",\"isPartOf\":{\"@id\":\"https:\\\/\\\/www.allgeier.com\\\/de\\\/#website\"},\"datePublished\":\"2007-06-19T14:32:26+00:00\",\"dateModified\":\"2023-01-22T17:10:10+00:00\",\"breadcrumb\":{\"@id\":\"https:\\\/\\\/www.allgeier.com\\\/de\\\/investor-relations\\\/adhoc-announcements\\\/allgeier-gruppe-setzt-ausbau-des-geschaeftsbereichs-personal-services-durch-weitere-akquisition-fort\\\/#breadcrumb\"},\"inLanguage\":\"de\",\"potentialAction\":[{\"@type\":\"ReadAction\",\"target\":[\"https:\\\/\\\/www.allgeier.com\\\/de\\\/investor-relations\\\/adhoc-announcements\\\/allgeier-gruppe-setzt-ausbau-des-geschaeftsbereichs-personal-services-durch-weitere-akquisition-fort\\\/\"]}]},{\"@type\":\"BreadcrumbList\",\"@id\":\"https:\\\/\\\/www.allgeier.com\\\/de\\\/investor-relations\\\/adhoc-announcements\\\/allgeier-gruppe-setzt-ausbau-des-geschaeftsbereichs-personal-services-durch-weitere-akquisition-fort\\\/#breadcrumb\",\"itemListElement\":[{\"@type\":\"ListItem\",\"position\":1,\"name\":\"Home\",\"item\":\"https:\\\/\\\/www.allgeier.com\\\/de\\\/\"},{\"@type\":\"ListItem\",\"position\":2,\"name\":\"Investor Relations\",\"item\":\"https:\\\/\\\/www.allgeier.com\\\/de\\\/investor-relations\\\/\"},{\"@type\":\"ListItem\",\"position\":3,\"name\":\"Ad hoc-Mitteilungen\",\"item\":\"https:\\\/\\\/www.allgeier.com\\\/de\\\/investor-relations\\\/adhoc-announcements\\\/\"},{\"@type\":\"ListItem\",\"position\":4,\"name\":\"Allgeier Gruppe setzt Ausbau des Gesch\u00e4ftsbereichs Personal Services durch weitere Akquisition fort\"}]},{\"@type\":\"WebSite\",\"@id\":\"https:\\\/\\\/www.allgeier.com\\\/de\\\/#website\",\"url\":\"https:\\\/\\\/www.allgeier.com\\\/de\\\/\",\"name\":\"Allgeier SE\",\"description\":\"Software &amp; IT Services for digital transformation\",\"potentialAction\":[{\"@type\":\"SearchAction\",\"target\":{\"@type\":\"EntryPoint\",\"urlTemplate\":\"https:\\\/\\\/www.allgeier.com\\\/de\\\/?s={search_term_string}\"},\"query-input\":{\"@type\":\"PropertyValueSpecification\",\"valueRequired\":true,\"valueName\":\"search_term_string\"}}],\"inLanguage\":\"de\"}]}<\/script>\n<!-- \/ Yoast SEO plugin. -->","yoast_head_json":{"title":"Allgeier Gruppe setzt Ausbau des Gesch\u00e4ftsbereichs Personal Services durch weitere Akquisition fort - Allgeier SE","robots":{"index":"index","follow":"follow","max-snippet":"max-snippet:-1","max-image-preview":"max-image-preview:large","max-video-preview":"max-video-preview:-1"},"canonical":"https:\/\/www.allgeier.com\/de\/investor-relations\/adhoc-announcements\/allgeier-gruppe-setzt-ausbau-des-geschaeftsbereichs-personal-services-durch-weitere-akquisition-fort\/","og_locale":"de_DE","og_type":"article","og_title":"Allgeier Gruppe setzt Ausbau des Gesch\u00e4ftsbereichs Personal Services durch weitere Akquisition fort - Allgeier SE","og_description":"M\u00fcnchen, 19. Juni 2007 \u2013 Die Allgeier Holding AG hat sich heute mit der Gesellschafterin der ABETEC GmbH mit Sitz in Oldenburg \u00fcber den Erwerb von 100 % der Gesch\u00e4ftsanteile geeinigt und entsprechende Vertr\u00e4ge \u00fcber die Konzerngesellschaft PS 1 MBO GmbH geschlossen. Der Gesamtkaufpreis liegt im unteren","og_url":"https:\/\/www.allgeier.com\/de\/investor-relations\/adhoc-announcements\/allgeier-gruppe-setzt-ausbau-des-geschaeftsbereichs-personal-services-durch-weitere-akquisition-fort\/","og_site_name":"Allgeier SE","article_modified_time":"2023-01-22T17:10:10+00:00","twitter_card":"summary_large_image","twitter_misc":{"Gesch\u00e4tzte Lesezeit":"3\u00a0Minuten"},"schema":{"@context":"https:\/\/schema.org","@graph":[{"@type":"WebPage","@id":"https:\/\/www.allgeier.com\/de\/investor-relations\/adhoc-announcements\/allgeier-gruppe-setzt-ausbau-des-geschaeftsbereichs-personal-services-durch-weitere-akquisition-fort\/","url":"https:\/\/www.allgeier.com\/de\/investor-relations\/adhoc-announcements\/allgeier-gruppe-setzt-ausbau-des-geschaeftsbereichs-personal-services-durch-weitere-akquisition-fort\/","name":"Allgeier Gruppe setzt Ausbau des Gesch\u00e4ftsbereichs Personal Services durch weitere Akquisition fort - Allgeier SE","isPartOf":{"@id":"https:\/\/www.allgeier.com\/de\/#website"},"datePublished":"2007-06-19T14:32:26+00:00","dateModified":"2023-01-22T17:10:10+00:00","breadcrumb":{"@id":"https:\/\/www.allgeier.com\/de\/investor-relations\/adhoc-announcements\/allgeier-gruppe-setzt-ausbau-des-geschaeftsbereichs-personal-services-durch-weitere-akquisition-fort\/#breadcrumb"},"inLanguage":"de","potentialAction":[{"@type":"ReadAction","target":["https:\/\/www.allgeier.com\/de\/investor-relations\/adhoc-announcements\/allgeier-gruppe-setzt-ausbau-des-geschaeftsbereichs-personal-services-durch-weitere-akquisition-fort\/"]}]},{"@type":"BreadcrumbList","@id":"https:\/\/www.allgeier.com\/de\/investor-relations\/adhoc-announcements\/allgeier-gruppe-setzt-ausbau-des-geschaeftsbereichs-personal-services-durch-weitere-akquisition-fort\/#breadcrumb","itemListElement":[{"@type":"ListItem","position":1,"name":"Home","item":"https:\/\/www.allgeier.com\/de\/"},{"@type":"ListItem","position":2,"name":"Investor Relations","item":"https:\/\/www.allgeier.com\/de\/investor-relations\/"},{"@type":"ListItem","position":3,"name":"Ad hoc-Mitteilungen","item":"https:\/\/www.allgeier.com\/de\/investor-relations\/adhoc-announcements\/"},{"@type":"ListItem","position":4,"name":"Allgeier Gruppe setzt Ausbau des Gesch\u00e4ftsbereichs Personal Services durch weitere Akquisition fort"}]},{"@type":"WebSite","@id":"https:\/\/www.allgeier.com\/de\/#website","url":"https:\/\/www.allgeier.com\/de\/","name":"Allgeier SE","description":"Software &amp; IT Services for digital transformation","potentialAction":[{"@type":"SearchAction","target":{"@type":"EntryPoint","urlTemplate":"https:\/\/www.allgeier.com\/de\/?s={search_term_string}"},"query-input":{"@type":"PropertyValueSpecification","valueRequired":true,"valueName":"search_term_string"}}],"inLanguage":"de"}]}},"_links":{"self":[{"href":"https:\/\/www.allgeier.com\/de\/wp-json\/wp\/v2\/pages\/5656","targetHints":{"allow":["GET"]}}],"collection":[{"href":"https:\/\/www.allgeier.com\/de\/wp-json\/wp\/v2\/pages"}],"about":[{"href":"https:\/\/www.allgeier.com\/de\/wp-json\/wp\/v2\/types\/page"}],"author":[{"embeddable":true,"href":"https:\/\/www.allgeier.com\/de\/wp-json\/wp\/v2\/users\/4"}],"replies":[{"embeddable":true,"href":"https:\/\/www.allgeier.com\/de\/wp-json\/wp\/v2\/comments?post=5656"}],"version-history":[{"count":1,"href":"https:\/\/www.allgeier.com\/de\/wp-json\/wp\/v2\/pages\/5656\/revisions"}],"predecessor-version":[{"id":5657,"href":"https:\/\/www.allgeier.com\/de\/wp-json\/wp\/v2\/pages\/5656\/revisions\/5657"}],"up":[{"embeddable":true,"href":"https:\/\/www.allgeier.com\/de\/wp-json\/wp\/v2\/pages\/1155"}],"wp:attachment":[{"href":"https:\/\/www.allgeier.com\/de\/wp-json\/wp\/v2\/media?parent=5656"}],"wp:term":[{"taxonomy":"category","embeddable":true,"href":"https:\/\/www.allgeier.com\/de\/wp-json\/wp\/v2\/categories?post=5656"},{"taxonomy":"post_tag","embeddable":true,"href":"https:\/\/www.allgeier.com\/de\/wp-json\/wp\/v2\/tags?post=5656"}],"curies":[{"name":"wp","href":"https:\/\/api.w.org\/{rel}","templated":true}]}}