{"id":5658,"date":"2007-05-14T17:52:36","date_gmt":"2007-05-14T17:52:36","guid":{"rendered":"https:\/\/www.allgeier.com\/de\/?page_id=5658"},"modified":"2023-01-22T17:10:10","modified_gmt":"2023-01-22T17:10:10","slug":"testierte-konzernzahlen-2006-der-allgeier-holding-ag-bestaetigen-erfolgskurs","status":"publish","type":"page","link":"https:\/\/www.allgeier.com\/de\/investor-relations\/adhoc-announcements\/testierte-konzernzahlen-2006-der-allgeier-holding-ag-bestaetigen-erfolgskurs\/","title":{"rendered":"Testierte Konzernzahlen 2006 der Allgeier Holding AG best\u00e4tigen Erfolgskurs"},"content":{"rendered":"<p><b>Allgeier Holding AG \/ Jahresergebnis<\/b>Ver\u00f6ffentlichung einer Ad-hoc-Meldung nach \u00a7 15 WpHG, \u00fcbermittelt durch dieDGAP &#8211; ein Unternehmen der EquityStory AG.F\u00fcr den Inhalt der Mitteilung ist der Emittent verantwortlich.&#8212;&#8212;&#8212;&#8212;&#8212;&#8212;&#8212;&#8212;&#8212;&#8212;&#8212;&#8212;&#8212;&#8212;&#8212;&#8212;&#8212;&#8212;&#8212;&#8212;&#8212;&#8212;&#8212;&#8212;&#8212;Ad-hoc-Mitteilung gem. \u00a7 15 WpHGM\u00fcnchen, 14.5.2007 \u2013 Allgeier legt den testierten Jahres- undKonzernabschluss 2006 vor. Der Aufsichtsrat der Allgeier Holding AG hat demtestierten Jahresabschluss der Allgeier Holding AG und dem Konzernabschlussf\u00fcr das Jahr 2006 zugestimmt. Wie in der ad-hoc-Mitteilung vom 19. M\u00e4rz2007 bereits angek\u00fcndigt, haben sich der Konzernumsatz und dasKonzernergebnis mehr als verdoppelt. Im Folgenden sind die wesentlichenKonzernzahlen zusammengefasst:Umsatz \/ EBITDADer Konzernumsatz wuchs in 2006 um 131% auf 166,7 Mio. EUR (2005: 72,0 Mio.EUR). Das Umsatzwachstum war getragen von organischem Wachstum (+ 22%) unddem Erwerb neuer strategischer Beteiligungen in den beidenGesch\u00e4ftsbereichen IT Services und Personal Services. Dabei ist zuber\u00fccksichtigen, dass die in 2006 erworbenen Gesellschaften aufgrund derKonsolidierungszeitpunkte im August und Ende Dezember nur einenverh\u00e4ltnism\u00e4\u00dfig geringen Umsatzbeitrag in 2006 leisten. Bei der &#8218;Als-ob&#8217;Betrachtung, bei der die vollen Jahresums\u00e4tze\/-ergebnisse s\u00e4mtlicher zum31.12.2006 zum Allgeier Konzern geh\u00f6renden Beteiligungsunternehmenkonsolidiert werden, lag der Konzernumsatz bei 231,4 Mio. EUR (Vorjahr&#8217;Als-ob&#8216; ohne Basistechnologie: 176,8 Mio. EUR).Das operative Konzernergebnis vor Abschreibungen und Zinsen (EBITDA) stiegvon 5,5 Mio. EUR im Vorjahr um 8,0 Mio. EUR auf 13,5 Mio. EUR in derBerichtsperiode. Der um Sondereffekte bereinigte EBITDA-Beitrag aus denoperativen Einheiten vor Holdingskosten und ohne Ber\u00fccksichtigung desaufgegebenen Gesch\u00e4ftsbereichs Basistechnologie verdreifachte sich nahezuvon 5,8 Mio. EUR im Vorjahr auf 15,7 Mio. EUR in 2006. Der &#8218;Als-ob&#8217;EBITDA-Beitrag s\u00e4mtlicher zum 31.12.2006 zum Allgeier Konzern geh\u00f6rendenBeteiligungsunternehmen stieg vor Holdingkosten von 16,5 Mio. EUR imVorjahr um 3,8 Mio. EUR auf 20,3 Mio. EUR in 2006. Die operativeEBITDA-Marge (EBITDA\/Umsatzerl\u00f6se) erreichte einen Wert von 8,1% und lagdamit \u00fcber dem Vergleichswert des Vorjahres (7,7%).Ergebnis Die Konzernabschreibungen stiegen von 3,5 Mio. EUR in der Berichtsperiodeauf 6,0 Mio. EUR. Davon entfielen 4,5 Mio. EUR oder bezogen aus desGrundkapital der AG rund 1 Euro je Aktie auf im Rahmen der Purchase PriceAllocation nach IFRS zu aktivierende Verm\u00f6gensgegenst\u00e4nde(Auftragsbest\u00e4nde, Kundenst\u00e4mme, Goodwill etc.), die aus dem Erwerb neuerBeteiligungen resultierten.Vor den IFRS bedingten Abschreibungen betrug das Ergebnis vor Zinsen undAbschreibungen (EBITA) 11,9 Mio. EUR und stieg im Vergleich zum Vorjahr um7,9 Mio. EUR (+200%). Bei der &#8218;Als-ob&#8216; Betrachtung s\u00e4mtlicher am 31.12.2006zum Allgeier Konzern geh\u00f6renden Beteiligungsunternehmen stieg das EBITA derfortgef\u00fchrten Gesch\u00e4ftsbereiche von 12,0 Mio. EUR um 4,2 Mio. EUR auf 16,2Mio. EUR in 2006.Das Konzernergebnis vor Zinsen und Steuern (EBIT) stieg ebenfalls von 3,2Mio. EUR in 2005 um 4,2 Mio. EUR auf 7,4 Mio. EUR im Berichtsjahr.Sowohl vor Steuern als auch nach Steuern wies der Konzern ein gutesKonzernergebnis in H\u00f6he von 5,0 Mio. EUR bzw. 2,8 Mio. EUR aus.AusblickVor dem Hintergrund des starken 1. Quartals 2007 best\u00e4tigt der Vorstand diein der ad-hoc-Mitteilung vom 19. M\u00e4rz 2007 erh\u00f6hte Umsatz-Guidance von 250Mio. EUR, die EBITDA-Guidance von 18 Mio. EUR und die EBIT-Guidance von 14Mio. EUR.Kontakt:Christian EggenbergerVorstandAllgeier Holding AGWehrlestr. 1281679 M\u00fcnchenTel. 089-998421-0Fax  089-998421-11www.allgeier.comKurzprofil Allgeier Holding AG:Die Allgeier Holding AG ist eine Dienstleistungsgruppe, die in den zweiWachstumsm\u00e4rkten IT- und Personal-Services (Zeitarbeit) aktiv ist. DieGesellschaften im Bereich Personalservice bieten flexible Personalkapazit\u00e4tund Know-how \u2013 von der Aushilfe bis zum Interimsmanager. Im BereichIT-Service werden Kunden bei der Umsetzung von Innovationen, derVerbesserung des Informationsflusses und der Optimierung vonGesch\u00e4ftsprozessen unterst\u00fctzt. Die Unternehmen innerhalb von Allgeierarbeiten eigenst\u00e4ndig mit allen Vorteilen mittelst\u00e4ndischer Flexibilit\u00e4t,Schnelligkeit, Serviceorientierung und Innovationskraft. Unter dem Dach vonAllgeier verbinden sich diese Vorteile mit der Nutzung von Synergien, derSicherheit und der Schlagkraft einer f\u00fchrenden b\u00f6rsennotiertenUnternehmensgruppe. Durch ein breites Service-Leistungsspektrum sowiegeb\u00fcndelte Kompetenz und Gr\u00f6\u00dfe werden nachhaltig steigende Werte f\u00fcr Kundenund Investoren geschaffen. Die Allgeier-Gruppe besch\u00e4ftigt zurzeit rund6.500 Mitarbeiter und kann auf \u00fcber 3.500 Kunden verweisen. Laut Guidancepeilt Allgeier im Gesch\u00e4ftsjahr 2007 einen Umsatz von 250 Millionen Euro.Die Allgeier Holding AG ist am Geregelten Markt der Frankfurter B\u00f6rse imSegment General Standard notiert (WKN 508630\/ISIN DE000508630). WeitereInformationen unter: www.allgeier.comWichtiger Hinweis: Diese Ad-hoc Mitteilung\/Pressemitteilung enth\u00e4lt in die Zukunft gerichteteAussagen, die auf Annahmen und Sch\u00e4tzungen der Unternehmensleitung derAllgeier Holding AG beruhen. Auch wenn die Unternehmensleitung der Ansichtist, dass diese Annahmen und Sch\u00e4tzungen zutreffend sind, k\u00f6nnen diek\u00fcnftige tats\u00e4chliche Entwicklung und die k\u00fcnftigen tats\u00e4chlichenErgebnisse von diesen Annahmen und Sch\u00e4tzungen aufgrund vielf\u00e4ltigerFaktoren erheblich abweichen. Zu diesen Faktoren k\u00f6nnen beispielsweise dieVer\u00e4nderung der gesamtwirtschaftlichen Lage, der Wechselkurse, derZinss\u00e4tze sowie Ver\u00e4nderungen innerhalb der Marktentwicklung und der sichver\u00e4nderten Wettbewerbssituation geh\u00f6ren. Die Allgeier Holding AG \u00fcbernimmtkeine Gew\u00e4hrleistung und keine Haftung daf\u00fcr, dass die k\u00fcnftige Entwicklungund die k\u00fcnftig erzielten tats\u00e4chlichen Ergebnisse mit den in dieser Ad-hocMitteilung\/Pressemitteilung ge\u00e4u\u00dferten Annahmen und Sch\u00e4tzungen\u00fcbereinstimmen werden.DGAP 14.05.2007 &#8212;&#8212;&#8212;&#8212;&#8212;&#8212;&#8212;&#8212;&#8212;&#8212;&#8212;&#8212;&#8212;&#8212;&#8212;&#8212;&#8212;&#8212;&#8212;&#8212;&#8212;&#8212;&#8212;&#8212;&#8212; Sprache:      DeutschEmittent:     Allgeier Holding AG              Wehrlestrasse 12              81679 M\u00fcnchen DeutschlandTelefon:      +49 (0)89 998 421-0Fax:          +49 (0)89 998 421-11E-mail:       info@allgeier.comwww:          www.allgeier-holding.comISIN:         DE0005086300WKN:          508630Indizes:      CDAXB\u00f6rsen:       Geregelter Markt in Frankfurt (General Standard); Freiverkehr              in Berlin-Bremen, Stuttgart, Hamburg, D\u00fcsseldorf Ende der Mitteilung                             DGAP News-Service &#8212;&#8212;&#8212;&#8212;&#8212;&#8212;&#8212;&#8212;&#8212;&#8212;&#8212;&#8212;&#8212;&#8212;&#8212;&#8212;&#8212;&#8212;&#8212;&#8212;&#8212;&#8212;&#8212;&#8212;&#8212;<\/p>\n","protected":false},"excerpt":{"rendered":"<p>Ad-hoc-Mitteilung gem. \u00a7 15 WpHG  M\u00fcnchen, 14.5.2007 \u2013 Allgeier legt den testierten Jahres- und Konzernabschluss 2006 vor. Der Aufsichtsrat der Allgeier Holding AG hat dem testierten Jahresabschluss der Allgeier Holding AG und dem Konzernabschluss f\u00fcr das Jahr 2006 zugestimmt. Wie in der ad-hoc-Mitteilung<\/p>\n","protected":false},"author":4,"featured_media":0,"parent":1155,"menu_order":0,"comment_status":"close","ping_status":"closed","template":"","meta":{"_acf_changed":false,"footnotes":""},"categories":[],"tags":[],"class_list":["post-5658","page","type-page","status-publish","hentry"],"acf":[],"yoast_head":"<!-- This site is optimized with the Yoast SEO plugin v27.4 - https:\/\/yoast.com\/product\/yoast-seo-wordpress\/ -->\n<title>Testierte Konzernzahlen 2006 der Allgeier Holding AG best\u00e4tigen Erfolgskurs - Allgeier SE<\/title>\n<meta name=\"robots\" content=\"index, follow, max-snippet:-1, max-image-preview:large, max-video-preview:-1\" \/>\n<link rel=\"canonical\" href=\"https:\/\/www.allgeier.com\/de\/investor-relations\/adhoc-announcements\/testierte-konzernzahlen-2006-der-allgeier-holding-ag-bestaetigen-erfolgskurs\/\" \/>\n<meta property=\"og:locale\" content=\"de_DE\" \/>\n<meta property=\"og:type\" content=\"article\" \/>\n<meta property=\"og:title\" content=\"Testierte Konzernzahlen 2006 der Allgeier Holding AG best\u00e4tigen Erfolgskurs - Allgeier SE\" \/>\n<meta property=\"og:description\" content=\"Ad-hoc-Mitteilung gem. \u00a7 15 WpHG M\u00fcnchen, 14.5.2007 \u2013 Allgeier legt den testierten Jahres- und Konzernabschluss 2006 vor. Der Aufsichtsrat der Allgeier Holding AG hat dem testierten Jahresabschluss der Allgeier Holding AG und dem Konzernabschluss f\u00fcr das Jahr 2006 zugestimmt. Wie in der ad-hoc-Mitteilung\" \/>\n<meta property=\"og:url\" content=\"https:\/\/www.allgeier.com\/de\/investor-relations\/adhoc-announcements\/testierte-konzernzahlen-2006-der-allgeier-holding-ag-bestaetigen-erfolgskurs\/\" \/>\n<meta property=\"og:site_name\" content=\"Allgeier SE\" \/>\n<meta property=\"article:modified_time\" content=\"2023-01-22T17:10:10+00:00\" \/>\n<meta name=\"twitter:card\" content=\"summary_large_image\" \/>\n<meta name=\"twitter:label1\" content=\"Gesch\u00e4tzte Lesezeit\" \/>\n\t<meta name=\"twitter:data1\" content=\"4\u00a0Minuten\" \/>\n<script type=\"application\/ld+json\" class=\"yoast-schema-graph\">{\"@context\":\"https:\\\/\\\/schema.org\",\"@graph\":[{\"@type\":\"WebPage\",\"@id\":\"https:\\\/\\\/www.allgeier.com\\\/de\\\/investor-relations\\\/adhoc-announcements\\\/testierte-konzernzahlen-2006-der-allgeier-holding-ag-bestaetigen-erfolgskurs\\\/\",\"url\":\"https:\\\/\\\/www.allgeier.com\\\/de\\\/investor-relations\\\/adhoc-announcements\\\/testierte-konzernzahlen-2006-der-allgeier-holding-ag-bestaetigen-erfolgskurs\\\/\",\"name\":\"Testierte Konzernzahlen 2006 der Allgeier Holding AG best\u00e4tigen Erfolgskurs - Allgeier SE\",\"isPartOf\":{\"@id\":\"https:\\\/\\\/www.allgeier.com\\\/de\\\/#website\"},\"datePublished\":\"2007-05-14T17:52:36+00:00\",\"dateModified\":\"2023-01-22T17:10:10+00:00\",\"breadcrumb\":{\"@id\":\"https:\\\/\\\/www.allgeier.com\\\/de\\\/investor-relations\\\/adhoc-announcements\\\/testierte-konzernzahlen-2006-der-allgeier-holding-ag-bestaetigen-erfolgskurs\\\/#breadcrumb\"},\"inLanguage\":\"de\",\"potentialAction\":[{\"@type\":\"ReadAction\",\"target\":[\"https:\\\/\\\/www.allgeier.com\\\/de\\\/investor-relations\\\/adhoc-announcements\\\/testierte-konzernzahlen-2006-der-allgeier-holding-ag-bestaetigen-erfolgskurs\\\/\"]}]},{\"@type\":\"BreadcrumbList\",\"@id\":\"https:\\\/\\\/www.allgeier.com\\\/de\\\/investor-relations\\\/adhoc-announcements\\\/testierte-konzernzahlen-2006-der-allgeier-holding-ag-bestaetigen-erfolgskurs\\\/#breadcrumb\",\"itemListElement\":[{\"@type\":\"ListItem\",\"position\":1,\"name\":\"Home\",\"item\":\"https:\\\/\\\/www.allgeier.com\\\/de\\\/\"},{\"@type\":\"ListItem\",\"position\":2,\"name\":\"Investor Relations\",\"item\":\"https:\\\/\\\/www.allgeier.com\\\/de\\\/investor-relations\\\/\"},{\"@type\":\"ListItem\",\"position\":3,\"name\":\"Ad hoc-Mitteilungen\",\"item\":\"https:\\\/\\\/www.allgeier.com\\\/de\\\/investor-relations\\\/adhoc-announcements\\\/\"},{\"@type\":\"ListItem\",\"position\":4,\"name\":\"Testierte Konzernzahlen 2006 der Allgeier Holding AG best\u00e4tigen Erfolgskurs\"}]},{\"@type\":\"WebSite\",\"@id\":\"https:\\\/\\\/www.allgeier.com\\\/de\\\/#website\",\"url\":\"https:\\\/\\\/www.allgeier.com\\\/de\\\/\",\"name\":\"Allgeier SE\",\"description\":\"Software &amp; IT Services for digital transformation\",\"potentialAction\":[{\"@type\":\"SearchAction\",\"target\":{\"@type\":\"EntryPoint\",\"urlTemplate\":\"https:\\\/\\\/www.allgeier.com\\\/de\\\/?s={search_term_string}\"},\"query-input\":{\"@type\":\"PropertyValueSpecification\",\"valueRequired\":true,\"valueName\":\"search_term_string\"}}],\"inLanguage\":\"de\"}]}<\/script>\n<!-- \/ Yoast SEO plugin. -->","yoast_head_json":{"title":"Testierte Konzernzahlen 2006 der Allgeier Holding AG best\u00e4tigen Erfolgskurs - Allgeier SE","robots":{"index":"index","follow":"follow","max-snippet":"max-snippet:-1","max-image-preview":"max-image-preview:large","max-video-preview":"max-video-preview:-1"},"canonical":"https:\/\/www.allgeier.com\/de\/investor-relations\/adhoc-announcements\/testierte-konzernzahlen-2006-der-allgeier-holding-ag-bestaetigen-erfolgskurs\/","og_locale":"de_DE","og_type":"article","og_title":"Testierte Konzernzahlen 2006 der Allgeier Holding AG best\u00e4tigen Erfolgskurs - Allgeier SE","og_description":"Ad-hoc-Mitteilung gem. \u00a7 15 WpHG M\u00fcnchen, 14.5.2007 \u2013 Allgeier legt den testierten Jahres- und Konzernabschluss 2006 vor. Der Aufsichtsrat der Allgeier Holding AG hat dem testierten Jahresabschluss der Allgeier Holding AG und dem Konzernabschluss f\u00fcr das Jahr 2006 zugestimmt. Wie in der ad-hoc-Mitteilung","og_url":"https:\/\/www.allgeier.com\/de\/investor-relations\/adhoc-announcements\/testierte-konzernzahlen-2006-der-allgeier-holding-ag-bestaetigen-erfolgskurs\/","og_site_name":"Allgeier SE","article_modified_time":"2023-01-22T17:10:10+00:00","twitter_card":"summary_large_image","twitter_misc":{"Gesch\u00e4tzte Lesezeit":"4\u00a0Minuten"},"schema":{"@context":"https:\/\/schema.org","@graph":[{"@type":"WebPage","@id":"https:\/\/www.allgeier.com\/de\/investor-relations\/adhoc-announcements\/testierte-konzernzahlen-2006-der-allgeier-holding-ag-bestaetigen-erfolgskurs\/","url":"https:\/\/www.allgeier.com\/de\/investor-relations\/adhoc-announcements\/testierte-konzernzahlen-2006-der-allgeier-holding-ag-bestaetigen-erfolgskurs\/","name":"Testierte Konzernzahlen 2006 der Allgeier Holding AG best\u00e4tigen Erfolgskurs - Allgeier SE","isPartOf":{"@id":"https:\/\/www.allgeier.com\/de\/#website"},"datePublished":"2007-05-14T17:52:36+00:00","dateModified":"2023-01-22T17:10:10+00:00","breadcrumb":{"@id":"https:\/\/www.allgeier.com\/de\/investor-relations\/adhoc-announcements\/testierte-konzernzahlen-2006-der-allgeier-holding-ag-bestaetigen-erfolgskurs\/#breadcrumb"},"inLanguage":"de","potentialAction":[{"@type":"ReadAction","target":["https:\/\/www.allgeier.com\/de\/investor-relations\/adhoc-announcements\/testierte-konzernzahlen-2006-der-allgeier-holding-ag-bestaetigen-erfolgskurs\/"]}]},{"@type":"BreadcrumbList","@id":"https:\/\/www.allgeier.com\/de\/investor-relations\/adhoc-announcements\/testierte-konzernzahlen-2006-der-allgeier-holding-ag-bestaetigen-erfolgskurs\/#breadcrumb","itemListElement":[{"@type":"ListItem","position":1,"name":"Home","item":"https:\/\/www.allgeier.com\/de\/"},{"@type":"ListItem","position":2,"name":"Investor Relations","item":"https:\/\/www.allgeier.com\/de\/investor-relations\/"},{"@type":"ListItem","position":3,"name":"Ad hoc-Mitteilungen","item":"https:\/\/www.allgeier.com\/de\/investor-relations\/adhoc-announcements\/"},{"@type":"ListItem","position":4,"name":"Testierte Konzernzahlen 2006 der Allgeier Holding AG best\u00e4tigen Erfolgskurs"}]},{"@type":"WebSite","@id":"https:\/\/www.allgeier.com\/de\/#website","url":"https:\/\/www.allgeier.com\/de\/","name":"Allgeier SE","description":"Software &amp; IT Services for digital transformation","potentialAction":[{"@type":"SearchAction","target":{"@type":"EntryPoint","urlTemplate":"https:\/\/www.allgeier.com\/de\/?s={search_term_string}"},"query-input":{"@type":"PropertyValueSpecification","valueRequired":true,"valueName":"search_term_string"}}],"inLanguage":"de"}]}},"_links":{"self":[{"href":"https:\/\/www.allgeier.com\/de\/wp-json\/wp\/v2\/pages\/5658","targetHints":{"allow":["GET"]}}],"collection":[{"href":"https:\/\/www.allgeier.com\/de\/wp-json\/wp\/v2\/pages"}],"about":[{"href":"https:\/\/www.allgeier.com\/de\/wp-json\/wp\/v2\/types\/page"}],"author":[{"embeddable":true,"href":"https:\/\/www.allgeier.com\/de\/wp-json\/wp\/v2\/users\/4"}],"replies":[{"embeddable":true,"href":"https:\/\/www.allgeier.com\/de\/wp-json\/wp\/v2\/comments?post=5658"}],"version-history":[{"count":1,"href":"https:\/\/www.allgeier.com\/de\/wp-json\/wp\/v2\/pages\/5658\/revisions"}],"predecessor-version":[{"id":5659,"href":"https:\/\/www.allgeier.com\/de\/wp-json\/wp\/v2\/pages\/5658\/revisions\/5659"}],"up":[{"embeddable":true,"href":"https:\/\/www.allgeier.com\/de\/wp-json\/wp\/v2\/pages\/1155"}],"wp:attachment":[{"href":"https:\/\/www.allgeier.com\/de\/wp-json\/wp\/v2\/media?parent=5658"}],"wp:term":[{"taxonomy":"category","embeddable":true,"href":"https:\/\/www.allgeier.com\/de\/wp-json\/wp\/v2\/categories?post=5658"},{"taxonomy":"post_tag","embeddable":true,"href":"https:\/\/www.allgeier.com\/de\/wp-json\/wp\/v2\/tags?post=5658"}],"curies":[{"name":"wp","href":"https:\/\/api.w.org\/{rel}","templated":true}]}}