{"id":5660,"date":"2007-05-03T13:48:02","date_gmt":"2007-05-03T13:48:02","guid":{"rendered":"https:\/\/www.allgeier.com\/de\/?page_id=5660"},"modified":"2023-01-22T17:10:10","modified_gmt":"2023-01-22T17:10:10","slug":"allgeier-meldet-starkes-erstes-quartal-2007","status":"publish","type":"page","link":"https:\/\/www.allgeier.com\/de\/investor-relations\/adhoc-announcements\/allgeier-meldet-starkes-erstes-quartal-2007\/","title":{"rendered":"Allgeier meldet starkes erstes Quartal 2007"},"content":{"rendered":"<p><b>Allgeier Holding AG \/ Quartalsergebnis<\/b>Ver\u00f6ffentlichung einer Ad-hoc-Meldung nach \u00a7 15 WpHG, \u00fcbermittelt durch dieDGAP &#8211; ein Unternehmen der EquityStory AG.F\u00fcr den Inhalt der Mitteilung ist der Emittent verantwortlich.&#8212;&#8212;&#8212;&#8212;&#8212;&#8212;&#8212;&#8212;&#8212;&#8212;&#8212;&#8212;&#8212;&#8212;&#8212;&#8212;&#8212;&#8212;&#8212;&#8212;&#8212;&#8212;&#8212;&#8212;&#8212;M\u00fcnchen, 3.5.2007 \u2013 Die Konzerngesch\u00e4ftszahlen der Allgeier Holding AGlagen auch im ersten Quartal 2007 \u00fcber den Erwartungen. Der Konzernumsatzder integrierten Dienstleistungsgruppe f\u00fcr IT- und Personal Services(Zeitarbeit) wuchs um 137% auf 58,4 Mio. EUR gegen\u00fcber derVergleichsperiode im Vorjahr (24,7 Mio. EUR). Das operative Ergebnis vorAbschreibungen, Zinsen und Steuern (EBITDA) stieg von 1 Mio. EUR im Vorjahrum 227% auf 3,3 Mio. EUR im ersten Quartal 2007. Die operative Marge(Umsatzerl\u00f6se\/EBITDA) verbesserte sich dabei von 4% im Vorjahr auf nunmehr5,6% in der Berichtsperiode. Das operative Ergebnis vor IFRS bedingtenAbschreibungen f\u00fcr im Rahmen der Kaufpreisallokation aktiviertenimmateriellen Verm\u00f6gensgegenst\u00e4nden und Goodwills (EBITA) stieg gegen\u00fcberdem Vergleichszeitraum des Vorjahres ebenfalls um 2 Mio. EUR auf 2,7 Mio.EUR (+ 286%). Das Ergebnis vor Zinsen und Steuern (EBIT) stieg von 0,2 Mio.EUR auf 1 Mio. EUR (+338%).F\u00fcr die Allgeier Gruppe machte sich die saisonal bedingte schw\u00e4chereNachfrage nach Zeitarbeitskr\u00e4ften im ersten Quartal eines Gesch\u00e4ftsjahresin diesem Jahr nicht bemerkbar. Der Gesch\u00e4ftsbereich Personal Services(Zeitarbeit) trug mit einem organischen Wachstum von 54% in den ersten dreiMonaten ma\u00dfgeblich zum Erfolg bei. Dieses Wachstum wurde erzielt, obwohl im1. Quartal 2007 aufgrund eines Feiertages ein Arbeitstag wenigerfakturierbar war als in der Vergleichsperiode des Vorjahres. Auch dasIT-Gesch\u00e4ft entwickelte sich im ersten Quartal 2007 wie erwartet positiv.Der Zwischenbericht zum Gesch\u00e4ftsverlauf des ersten Quartals 2007 wird imMai ver\u00f6ffentlicht.AusblickAufgrund des starken Wachstums im Gesch\u00e4ftsbereich Personal Services(Zeitarbeit) erwartet der Vorstand ein Jahresumsatzvolumen von deutlich\u00fcber 145 Mio. EUR in diesem Gesch\u00e4ftsbereich. Dar\u00fcber hinaus sind weitereAkquisitionen (vgl. Ad Hoc Meldung vom 2.4.2007) bis zum Ende desGesch\u00e4ftsjahres 2007 vorgesehen. Bei erfolgreicher Umsetzung dieser neuenAkquisitionen rechnet die Allgeier Holding mit einem Umsatz auf Jahresbasisin der Gr\u00f6\u00dfenordnung von 200 Mio. EUR in diesem Gesch\u00e4ftsbereich. Auchinsgesamt rechnet der Vorstand f\u00fcr das Gesamtjahr mit einem \u00fcber denbisherigen Erwartungen liegenden Konzernwachstum.In den vergangen Monaten haben verschiedene Interessenten gegen\u00fcber demVorstand ein grunds\u00e4tzliches Interesse am Erwerb oder einer Beteiligung andem Gesch\u00e4ftsbereich Personal Services ge\u00e4u\u00dfert. Im Rahmen der &#8218;Buy andBuilt&#8216; Strategie pr\u00fcft der Vorstand s\u00e4mtliche strategischen Optionen zurFortsetzung des Wachstumskurses. Dies schlie\u00dft insbesondere auch dieM\u00f6glichkeit eines B\u00f6rsengangs des Gesch\u00e4ftsbereiches ein.Kontakt:Christian EggenbergerVorstandAllgeier Holding AGWehrlestr. 1281679 M\u00fcnchenTel. 089-998421-0Fax  089-998421-11www.allgeier.comKurzprofil Allgeier Holding AG:Die Allgeier Holding AG ist eine Dienstleistungsgruppe, die in den zweiWachstumsm\u00e4rkten IT- und Personal-Services (Zeitarbeit) aktiv ist. DieGesellschaften im Bereich Personal Service bieten flexiblePersonalkapazit\u00e4t und Know-how \u2013 von der Aushilfe bis zum Interimsmanager.Im Bereich IT-Service werden Kunden bei der Umsetzung von Innovationen, derVerbesserung des Informationsflusses und der Optimierung vonGesch\u00e4ftsprozessen unterst\u00fctzt. Die Unternehmen innerhalb von Allgeierarbeiten eigenst\u00e4ndig mit allen Vorteilen mittelst\u00e4ndischer Flexibilit\u00e4t,Schnelligkeit, Serviceorientierung und Innovationskraft. Unter dem Dach vonAllgeier verbinden sich diese Vorteile mit der Nutzung von Synergien, derSicherheit und der Schlagkraft einer f\u00fchrenden b\u00f6rsennotiertenUnternehmensgruppe. Durch ein breites Service-Leistungsspektrum sowiegeb\u00fcndelte Kompetenz und Gr\u00f6\u00dfe werden nachhaltig steigende Werte f\u00fcr Kundenund Investoren geschaffen. Die Allgeier-Gruppe besch\u00e4ftigt zurzeit rund6.500 Mitarbeiter und kann auf \u00fcber 3.500 Kunden verweisen. Laut Guidancepeilt Allgeier im Gesch\u00e4ftsjahr 2007 einen Umsatz von 250 Millionen Euro.Die Allgeier Holding AG ist am Geregelten Markt der Frankfurter B\u00f6rse imSegment General Standard notiert (WKN 508630\/ISIN DE000508630). WeitereInformationen unter: www.allgeier.comWichtiger Hinweis: Diese Ad-hoc Mitteilung\/Pressemitteilung enth\u00e4lt in die Zukunft gerichteteAussagen, die auf Annahmen und Sch\u00e4tzungen der Unternehmensleitung derAllgeier Holding AG beruhen. Auch wenn die Unternehmensleitung der Ansichtist, dass diese Annahmen und Sch\u00e4tzungen zutreffend sind, k\u00f6nnen diek\u00fcnftige tats\u00e4chliche Entwicklung und die k\u00fcnftigen tats\u00e4chlichenErgebnisse von diesen Annahmen und Sch\u00e4tzungen aufgrund vielf\u00e4ltigerFaktoren erheblich abweichen. Zu diesen Faktoren k\u00f6nnen beispielsweise dieVer\u00e4nderung der gesamtwirtschaftlichen Lage, der Wechselkurse, derZinss\u00e4tze sowie Ver\u00e4nderungen innerhalb der Marktentwicklung und der sichver\u00e4nderten Wettbewerbssituation geh\u00f6ren. Die Allgeier Holding AG \u00fcbernimmtkeine Gew\u00e4hrleistung und keine Haftung daf\u00fcr, dass die k\u00fcnftige Entwicklungund die k\u00fcnftig erzielten tats\u00e4chlichen Ergebnisse mit den in dieser Ad-hocMitteilung\/Pressemitteilung ge\u00e4u\u00dferten Annahmen und Sch\u00e4tzungen\u00fcbereinstimmen werden.DGAP 03.05.2007 &#8212;&#8212;&#8212;&#8212;&#8212;&#8212;&#8212;&#8212;&#8212;&#8212;&#8212;&#8212;&#8212;&#8212;&#8212;&#8212;&#8212;&#8212;&#8212;&#8212;&#8212;&#8212;&#8212;&#8212;&#8212; Sprache:      DeutschEmittent:     Allgeier Holding AG              Wehrlestrasse 12              81679 M\u00fcnchen DeutschlandTelefon:      +49 (0)89 998 421-0Fax:          +49 (0)89 998 421-11E-mail:       info@allgeier.comwww:          www.allgeier-holding.comISIN:         DE0005086300WKN:          508630Indizes:      CDAXB\u00f6rsen:       Geregelter Markt in Frankfurt (General Standard); Freiverkehr              in Berlin-Bremen, Stuttgart, Hamburg, D\u00fcsseldorf Ende der Mitteilung                             DGAP News-Service &#8212;&#8212;&#8212;&#8212;&#8212;&#8212;&#8212;&#8212;&#8212;&#8212;&#8212;&#8212;&#8212;&#8212;&#8212;&#8212;&#8212;&#8212;&#8212;&#8212;&#8212;&#8212;&#8212;&#8212;&#8212;<\/p>\n","protected":false},"excerpt":{"rendered":"<p>M\u00fcnchen, 3.5.2007 \u2013 Die Konzerngesch\u00e4ftszahlen der Allgeier Holding AG lagen auch im ersten Quartal 2007 \u00fcber den Erwartungen. Der Konzernumsatz der integrierten Dienstleistungsgruppe f\u00fcr IT- und Personal Services (Zeitarbeit) wuchs um 137% auf 58,4 Mio. EUR gegen\u00fcber der Vergleichsperiode im Vorjahr<\/p>\n","protected":false},"author":4,"featured_media":0,"parent":1155,"menu_order":0,"comment_status":"close","ping_status":"closed","template":"","meta":{"_acf_changed":false,"footnotes":""},"categories":[],"tags":[],"class_list":["post-5660","page","type-page","status-publish","hentry"],"acf":[],"yoast_head":"<!-- This site is optimized with the Yoast SEO plugin v27.4 - https:\/\/yoast.com\/product\/yoast-seo-wordpress\/ -->\n<title>Allgeier meldet starkes erstes Quartal 2007 - Allgeier SE<\/title>\n<meta name=\"robots\" content=\"index, follow, max-snippet:-1, max-image-preview:large, max-video-preview:-1\" \/>\n<link rel=\"canonical\" href=\"https:\/\/www.allgeier.com\/de\/investor-relations\/adhoc-announcements\/allgeier-meldet-starkes-erstes-quartal-2007\/\" \/>\n<meta property=\"og:locale\" content=\"de_DE\" \/>\n<meta property=\"og:type\" content=\"article\" \/>\n<meta property=\"og:title\" content=\"Allgeier meldet starkes erstes Quartal 2007 - Allgeier SE\" \/>\n<meta property=\"og:description\" content=\"M\u00fcnchen, 3.5.2007 \u2013 Die Konzerngesch\u00e4ftszahlen der Allgeier Holding AG lagen auch im ersten Quartal 2007 \u00fcber den Erwartungen. Der Konzernumsatz der integrierten Dienstleistungsgruppe f\u00fcr IT- und Personal Services (Zeitarbeit) wuchs um 137% auf 58,4 Mio. EUR gegen\u00fcber der Vergleichsperiode im Vorjahr\" \/>\n<meta property=\"og:url\" content=\"https:\/\/www.allgeier.com\/de\/investor-relations\/adhoc-announcements\/allgeier-meldet-starkes-erstes-quartal-2007\/\" \/>\n<meta property=\"og:site_name\" content=\"Allgeier SE\" \/>\n<meta property=\"article:modified_time\" content=\"2023-01-22T17:10:10+00:00\" \/>\n<meta name=\"twitter:card\" content=\"summary_large_image\" \/>\n<meta name=\"twitter:label1\" content=\"Gesch\u00e4tzte Lesezeit\" \/>\n\t<meta name=\"twitter:data1\" content=\"4\u00a0Minuten\" \/>\n<script type=\"application\/ld+json\" class=\"yoast-schema-graph\">{\"@context\":\"https:\\\/\\\/schema.org\",\"@graph\":[{\"@type\":\"WebPage\",\"@id\":\"https:\\\/\\\/www.allgeier.com\\\/de\\\/investor-relations\\\/adhoc-announcements\\\/allgeier-meldet-starkes-erstes-quartal-2007\\\/\",\"url\":\"https:\\\/\\\/www.allgeier.com\\\/de\\\/investor-relations\\\/adhoc-announcements\\\/allgeier-meldet-starkes-erstes-quartal-2007\\\/\",\"name\":\"Allgeier meldet starkes erstes Quartal 2007 - Allgeier SE\",\"isPartOf\":{\"@id\":\"https:\\\/\\\/www.allgeier.com\\\/de\\\/#website\"},\"datePublished\":\"2007-05-03T13:48:02+00:00\",\"dateModified\":\"2023-01-22T17:10:10+00:00\",\"breadcrumb\":{\"@id\":\"https:\\\/\\\/www.allgeier.com\\\/de\\\/investor-relations\\\/adhoc-announcements\\\/allgeier-meldet-starkes-erstes-quartal-2007\\\/#breadcrumb\"},\"inLanguage\":\"de\",\"potentialAction\":[{\"@type\":\"ReadAction\",\"target\":[\"https:\\\/\\\/www.allgeier.com\\\/de\\\/investor-relations\\\/adhoc-announcements\\\/allgeier-meldet-starkes-erstes-quartal-2007\\\/\"]}]},{\"@type\":\"BreadcrumbList\",\"@id\":\"https:\\\/\\\/www.allgeier.com\\\/de\\\/investor-relations\\\/adhoc-announcements\\\/allgeier-meldet-starkes-erstes-quartal-2007\\\/#breadcrumb\",\"itemListElement\":[{\"@type\":\"ListItem\",\"position\":1,\"name\":\"Home\",\"item\":\"https:\\\/\\\/www.allgeier.com\\\/de\\\/\"},{\"@type\":\"ListItem\",\"position\":2,\"name\":\"Investor Relations\",\"item\":\"https:\\\/\\\/www.allgeier.com\\\/de\\\/investor-relations\\\/\"},{\"@type\":\"ListItem\",\"position\":3,\"name\":\"Ad hoc-Mitteilungen\",\"item\":\"https:\\\/\\\/www.allgeier.com\\\/de\\\/investor-relations\\\/adhoc-announcements\\\/\"},{\"@type\":\"ListItem\",\"position\":4,\"name\":\"Allgeier meldet starkes erstes Quartal 2007\"}]},{\"@type\":\"WebSite\",\"@id\":\"https:\\\/\\\/www.allgeier.com\\\/de\\\/#website\",\"url\":\"https:\\\/\\\/www.allgeier.com\\\/de\\\/\",\"name\":\"Allgeier SE\",\"description\":\"Software &amp; IT Services for digital transformation\",\"potentialAction\":[{\"@type\":\"SearchAction\",\"target\":{\"@type\":\"EntryPoint\",\"urlTemplate\":\"https:\\\/\\\/www.allgeier.com\\\/de\\\/?s={search_term_string}\"},\"query-input\":{\"@type\":\"PropertyValueSpecification\",\"valueRequired\":true,\"valueName\":\"search_term_string\"}}],\"inLanguage\":\"de\"}]}<\/script>\n<!-- \/ Yoast SEO plugin. -->","yoast_head_json":{"title":"Allgeier meldet starkes erstes Quartal 2007 - Allgeier SE","robots":{"index":"index","follow":"follow","max-snippet":"max-snippet:-1","max-image-preview":"max-image-preview:large","max-video-preview":"max-video-preview:-1"},"canonical":"https:\/\/www.allgeier.com\/de\/investor-relations\/adhoc-announcements\/allgeier-meldet-starkes-erstes-quartal-2007\/","og_locale":"de_DE","og_type":"article","og_title":"Allgeier meldet starkes erstes Quartal 2007 - Allgeier SE","og_description":"M\u00fcnchen, 3.5.2007 \u2013 Die Konzerngesch\u00e4ftszahlen der Allgeier Holding AG lagen auch im ersten Quartal 2007 \u00fcber den Erwartungen. Der Konzernumsatz der integrierten Dienstleistungsgruppe f\u00fcr IT- und Personal Services (Zeitarbeit) wuchs um 137% auf 58,4 Mio. EUR gegen\u00fcber der Vergleichsperiode im Vorjahr","og_url":"https:\/\/www.allgeier.com\/de\/investor-relations\/adhoc-announcements\/allgeier-meldet-starkes-erstes-quartal-2007\/","og_site_name":"Allgeier SE","article_modified_time":"2023-01-22T17:10:10+00:00","twitter_card":"summary_large_image","twitter_misc":{"Gesch\u00e4tzte Lesezeit":"4\u00a0Minuten"},"schema":{"@context":"https:\/\/schema.org","@graph":[{"@type":"WebPage","@id":"https:\/\/www.allgeier.com\/de\/investor-relations\/adhoc-announcements\/allgeier-meldet-starkes-erstes-quartal-2007\/","url":"https:\/\/www.allgeier.com\/de\/investor-relations\/adhoc-announcements\/allgeier-meldet-starkes-erstes-quartal-2007\/","name":"Allgeier meldet starkes erstes Quartal 2007 - Allgeier SE","isPartOf":{"@id":"https:\/\/www.allgeier.com\/de\/#website"},"datePublished":"2007-05-03T13:48:02+00:00","dateModified":"2023-01-22T17:10:10+00:00","breadcrumb":{"@id":"https:\/\/www.allgeier.com\/de\/investor-relations\/adhoc-announcements\/allgeier-meldet-starkes-erstes-quartal-2007\/#breadcrumb"},"inLanguage":"de","potentialAction":[{"@type":"ReadAction","target":["https:\/\/www.allgeier.com\/de\/investor-relations\/adhoc-announcements\/allgeier-meldet-starkes-erstes-quartal-2007\/"]}]},{"@type":"BreadcrumbList","@id":"https:\/\/www.allgeier.com\/de\/investor-relations\/adhoc-announcements\/allgeier-meldet-starkes-erstes-quartal-2007\/#breadcrumb","itemListElement":[{"@type":"ListItem","position":1,"name":"Home","item":"https:\/\/www.allgeier.com\/de\/"},{"@type":"ListItem","position":2,"name":"Investor Relations","item":"https:\/\/www.allgeier.com\/de\/investor-relations\/"},{"@type":"ListItem","position":3,"name":"Ad hoc-Mitteilungen","item":"https:\/\/www.allgeier.com\/de\/investor-relations\/adhoc-announcements\/"},{"@type":"ListItem","position":4,"name":"Allgeier meldet starkes erstes Quartal 2007"}]},{"@type":"WebSite","@id":"https:\/\/www.allgeier.com\/de\/#website","url":"https:\/\/www.allgeier.com\/de\/","name":"Allgeier SE","description":"Software &amp; IT Services for digital transformation","potentialAction":[{"@type":"SearchAction","target":{"@type":"EntryPoint","urlTemplate":"https:\/\/www.allgeier.com\/de\/?s={search_term_string}"},"query-input":{"@type":"PropertyValueSpecification","valueRequired":true,"valueName":"search_term_string"}}],"inLanguage":"de"}]}},"_links":{"self":[{"href":"https:\/\/www.allgeier.com\/de\/wp-json\/wp\/v2\/pages\/5660","targetHints":{"allow":["GET"]}}],"collection":[{"href":"https:\/\/www.allgeier.com\/de\/wp-json\/wp\/v2\/pages"}],"about":[{"href":"https:\/\/www.allgeier.com\/de\/wp-json\/wp\/v2\/types\/page"}],"author":[{"embeddable":true,"href":"https:\/\/www.allgeier.com\/de\/wp-json\/wp\/v2\/users\/4"}],"replies":[{"embeddable":true,"href":"https:\/\/www.allgeier.com\/de\/wp-json\/wp\/v2\/comments?post=5660"}],"version-history":[{"count":1,"href":"https:\/\/www.allgeier.com\/de\/wp-json\/wp\/v2\/pages\/5660\/revisions"}],"predecessor-version":[{"id":5661,"href":"https:\/\/www.allgeier.com\/de\/wp-json\/wp\/v2\/pages\/5660\/revisions\/5661"}],"up":[{"embeddable":true,"href":"https:\/\/www.allgeier.com\/de\/wp-json\/wp\/v2\/pages\/1155"}],"wp:attachment":[{"href":"https:\/\/www.allgeier.com\/de\/wp-json\/wp\/v2\/media?parent=5660"}],"wp:term":[{"taxonomy":"category","embeddable":true,"href":"https:\/\/www.allgeier.com\/de\/wp-json\/wp\/v2\/categories?post=5660"},{"taxonomy":"post_tag","embeddable":true,"href":"https:\/\/www.allgeier.com\/de\/wp-json\/wp\/v2\/tags?post=5660"}],"curies":[{"name":"wp","href":"https:\/\/api.w.org\/{rel}","templated":true}]}}