{"id":5670,"date":"2006-10-16T16:26:55","date_gmt":"2006-10-16T16:26:55","guid":{"rendered":"https:\/\/www.allgeier.com\/de\/?page_id=5670"},"modified":"2023-01-22T17:10:11","modified_gmt":"2023-01-22T17:10:11","slug":"allgeier-gruppe-erwirbt-dms-geschaeft-der-in-vorlaeufiger-insolvenz-befindlichen-daa-systemhaus-ag-muenchen","status":"publish","type":"page","link":"https:\/\/www.allgeier.com\/de\/investor-relations\/adhoc-announcements\/allgeier-gruppe-erwirbt-dms-geschaeft-der-in-vorlaeufiger-insolvenz-befindlichen-daa-systemhaus-ag-muenchen\/","title":{"rendered":"Allgeier Gruppe erwirbt DMS Gesch\u00e4ft der in vorl\u00e4ufiger Insolvenz befindlichen daa Systemhaus AG, M\u00fcnchen"},"content":{"rendered":"<p><b>Allgeier Holding AG \/ Sonstiges<\/b>Ad-hoc-Meldung nach \u00a7 15 WpHG \u00fcbermittelt durch die DGAP &#8211; ein Unternehmen der EquityStory AG.F\u00fcr den Inhalt der Mitteilung ist der Emittent verantwortlich.&#8212;&#8212;&#8212;&#8212;&#8212;&#8212;&#8212;&#8212;&#8212;&#8212;&#8212;&#8212;&#8212;&#8212;&#8212;&#8212;&#8212;&#8212;&#8212;&#8212;&#8212;&#8212;&#8212;&#8212;&#8212;M\u00fcnchen, 16.10.2006 \u2013 Allgeier baut ihr IT Solutionsgesch\u00e4ft im Bereich desDokumentenmanagement System Gesch\u00e4fts (DMS) aus. Die Allgeier IT SolutionsGmbH, Bremen, eine 100 % Tochter der Allgeier Holding AG, unterzeichneteheute einen Vertrag \u00fcber den Erwerb von Verm\u00f6gensgegenst\u00e4nden der invorl\u00e4ufiger Insolvenz befindlichen daa Systemhaus AG, M\u00fcnchen. Der Erwerbsteht unter der aufschiebenden Bedingung der Zustimmung durch dieGl\u00e4ubigerversammlung nach Er\u00f6ffnung des Insolvenzverfahrens \u00fcber dasVerm\u00f6gen der daa Systemhaus AG, die voraussichtlich Anfang November 2006stattfinden wird. Mit der \u00dcbernahme der Rechte an der DMS Software scanviewsowie von Mitarbeitern aus den Bereichen Consulting, Support undEntwicklung verst\u00e4rkt Allgeier ihre Position im DMS Gesch\u00e4ft. Der Kaufpreisliegt im niedrigen sechsstelligen Bereich.Kontakt: Christian Eggenberger Vorstand Allgeier Holding AG Wehrlestr. 12 81679 M\u00fcnchen Tel. 089-998421-0 Fax  089-998421-11 www.allgeier-holding.deDas Unternehmen: Allgeier vereint erfolgreiche Unternehmen in denWachstumsm\u00e4rkten Personalservice und IT-Service. Die Gesellschaften imBereich Personalservice bieten flexible Personalkapazit\u00e4t und Know-how \u2013von der Aushilfe bis zum Interimsmanager. Im Bereich IT-Service werdenKunden bei der Umsetzung von Innovationen, der Verbesserung desInformationsflusses und der Optimierung von Gesch\u00e4ftsprozessen unterst\u00fctzt.Die Unternehmen innerhalb von Allgeier arbeiten eigenst\u00e4ndig mit allenVorteilen mittelst\u00e4ndischer Flexibilit\u00e4t, Schnelligkeit,Serviceorientierung und Innovationskraft. Unter dem Dach von Allgeierverbinden sich diese Vorteile mit der Nutzung von Synergien, der Sicherheitund der Schlagkraft einer f\u00fchrenden b\u00f6rsennotierten Unternehmensgruppe.Durch ein breites Service-Leistungsspektrum sowie geb\u00fcndelte Kompetenz undGr\u00f6\u00dfe werden nachhaltig steigende Werte f\u00fcr Kunden und Investorengeschaffen. Allgeier besch\u00e4ftigt \u00fcber 5.000 Mitarbeiter in 21eigenst\u00e4ndigen Unternehmen und hat f\u00fcr das Gesch\u00e4ftsjahr 2006 einUmsatzziel laut Guidance von 140 Millionen Euro.Wichtiger Hinweis: Diese Ad-hoc Mitteilung\/Pressemitteilung enth\u00e4lt in dieZukunft gerichtete Aussagen, die auf Annahmen und Sch\u00e4tzungen derUnternehmensleitung der Allgeier Holding AG beruhen. Auch wenn dieUnternehmensleitung der Ansicht ist, dass diese Annahmen und Sch\u00e4tzungenzutreffend sind, k\u00f6nnen die k\u00fcnftige tats\u00e4chliche Entwicklung und diek\u00fcnftigen tats\u00e4chlichen Ergebnisse von diesen Annahmen und Sch\u00e4tzungenaufgrund vielf\u00e4ltiger Faktoren erheblich abweichen. Zu diesen Faktorenk\u00f6nnen beispielsweise die Ver\u00e4nderung der gesamtwirtschaftlichen Lage, derWechselkurse, der Zinss\u00e4tze sowie Ver\u00e4nderungen innerhalb derMarktentwicklung und der sich ver\u00e4nderten Wettbewerbssituation geh\u00f6ren.Die Allgeier Holding AG \u00fcbernimmt keine Gew\u00e4hrleistung und keine Haftungdaf\u00fcr, dass die k\u00fcnftige Entwicklung und die k\u00fcnftig erzieltentats\u00e4chlichen Ergebnisse mit den in dieser Ad-hocMitteilung\/Pressemitteilung ge\u00e4u\u00dferten Annahmen und Sch\u00e4tzungen\u00fcbereinstimmen werden.DGAP 16.10.2006 &#8212;&#8212;&#8212;&#8212;&#8212;&#8212;&#8212;&#8212;&#8212;&#8212;&#8212;&#8212;&#8212;&#8212;&#8212;&#8212;&#8212;&#8212;&#8212;&#8212;&#8212;&#8212;&#8212;&#8212;&#8212; Sprache:      DeutschEmittent:     Allgeier Holding AG              Wehrlestrasse 12              81679 M\u00fcnchen DeutschlandTelefon:      +49 (0)89 998 421-0Fax:          +49 (0)89 998 421-11E-mail:       info@allgeier.comWWW:          www.allgeier-holding.comISIN:         DE0005086300WKN:          508630Indizes:      CDAXB\u00f6rsen:       Geregelter Markt in Frankfurt (General Standard); Freiverkehr              in Berlin-Bremen, Stuttgart, Hamburg, D\u00fcsseldorf Ende der Mitteilung                             DGAP News-Service &#8212;&#8212;&#8212;&#8212;&#8212;&#8212;&#8212;&#8212;&#8212;&#8212;&#8212;&#8212;&#8212;&#8212;&#8212;&#8212;&#8212;&#8212;&#8212;&#8212;&#8212;&#8212;&#8212;&#8212;&#8212;<\/p>\n","protected":false},"excerpt":{"rendered":"<p>M\u00fcnchen, 16.10.2006 \u2013 Allgeier baut ihr IT Solutionsgesch\u00e4ft im Bereich des Dokumentenmanagement System Gesch\u00e4fts (DMS) aus. Die Allgeier IT Solutions GmbH, Bremen, eine 100 % Tochter der Allgeier Holding AG, unterzeichnete heute einen Vertrag \u00fcber den Erwerb von Verm\u00f6gensgegenst\u00e4nden der in vorl\u00e4ufiger<\/p>\n","protected":false},"author":4,"featured_media":0,"parent":1155,"menu_order":0,"comment_status":"close","ping_status":"closed","template":"","meta":{"_acf_changed":false,"footnotes":""},"categories":[],"tags":[],"class_list":["post-5670","page","type-page","status-publish","hentry"],"acf":[],"yoast_head":"<!-- This site is optimized with the Yoast SEO plugin v27.4 - https:\/\/yoast.com\/product\/yoast-seo-wordpress\/ -->\n<title>Allgeier Gruppe erwirbt DMS Gesch\u00e4ft der in vorl\u00e4ufiger Insolvenz befindlichen daa Systemhaus AG, M\u00fcnchen - Allgeier SE<\/title>\n<meta name=\"robots\" content=\"index, follow, max-snippet:-1, max-image-preview:large, max-video-preview:-1\" \/>\n<link rel=\"canonical\" href=\"https:\/\/www.allgeier.com\/de\/investor-relations\/adhoc-announcements\/allgeier-gruppe-erwirbt-dms-geschaeft-der-in-vorlaeufiger-insolvenz-befindlichen-daa-systemhaus-ag-muenchen\/\" \/>\n<meta property=\"og:locale\" content=\"de_DE\" \/>\n<meta property=\"og:type\" content=\"article\" \/>\n<meta property=\"og:title\" content=\"Allgeier Gruppe erwirbt DMS Gesch\u00e4ft der in vorl\u00e4ufiger Insolvenz befindlichen daa Systemhaus AG, M\u00fcnchen - Allgeier SE\" \/>\n<meta property=\"og:description\" content=\"M\u00fcnchen, 16.10.2006 \u2013 Allgeier baut ihr IT Solutionsgesch\u00e4ft im Bereich des Dokumentenmanagement System Gesch\u00e4fts (DMS) aus. Die Allgeier IT Solutions GmbH, Bremen, eine 100 % Tochter der Allgeier Holding AG, unterzeichnete heute einen Vertrag \u00fcber den Erwerb von Verm\u00f6gensgegenst\u00e4nden der in vorl\u00e4ufiger\" \/>\n<meta property=\"og:url\" content=\"https:\/\/www.allgeier.com\/de\/investor-relations\/adhoc-announcements\/allgeier-gruppe-erwirbt-dms-geschaeft-der-in-vorlaeufiger-insolvenz-befindlichen-daa-systemhaus-ag-muenchen\/\" \/>\n<meta property=\"og:site_name\" content=\"Allgeier SE\" \/>\n<meta property=\"article:modified_time\" content=\"2023-01-22T17:10:11+00:00\" \/>\n<meta name=\"twitter:card\" content=\"summary_large_image\" \/>\n<meta name=\"twitter:label1\" content=\"Gesch\u00e4tzte Lesezeit\" \/>\n\t<meta name=\"twitter:data1\" content=\"2\u00a0Minuten\" \/>\n<script type=\"application\/ld+json\" class=\"yoast-schema-graph\">{\"@context\":\"https:\\\/\\\/schema.org\",\"@graph\":[{\"@type\":\"WebPage\",\"@id\":\"https:\\\/\\\/www.allgeier.com\\\/de\\\/investor-relations\\\/adhoc-announcements\\\/allgeier-gruppe-erwirbt-dms-geschaeft-der-in-vorlaeufiger-insolvenz-befindlichen-daa-systemhaus-ag-muenchen\\\/\",\"url\":\"https:\\\/\\\/www.allgeier.com\\\/de\\\/investor-relations\\\/adhoc-announcements\\\/allgeier-gruppe-erwirbt-dms-geschaeft-der-in-vorlaeufiger-insolvenz-befindlichen-daa-systemhaus-ag-muenchen\\\/\",\"name\":\"Allgeier Gruppe erwirbt DMS Gesch\u00e4ft der in vorl\u00e4ufiger Insolvenz befindlichen daa Systemhaus AG, M\u00fcnchen - Allgeier SE\",\"isPartOf\":{\"@id\":\"https:\\\/\\\/www.allgeier.com\\\/de\\\/#website\"},\"datePublished\":\"2006-10-16T16:26:55+00:00\",\"dateModified\":\"2023-01-22T17:10:11+00:00\",\"breadcrumb\":{\"@id\":\"https:\\\/\\\/www.allgeier.com\\\/de\\\/investor-relations\\\/adhoc-announcements\\\/allgeier-gruppe-erwirbt-dms-geschaeft-der-in-vorlaeufiger-insolvenz-befindlichen-daa-systemhaus-ag-muenchen\\\/#breadcrumb\"},\"inLanguage\":\"de\",\"potentialAction\":[{\"@type\":\"ReadAction\",\"target\":[\"https:\\\/\\\/www.allgeier.com\\\/de\\\/investor-relations\\\/adhoc-announcements\\\/allgeier-gruppe-erwirbt-dms-geschaeft-der-in-vorlaeufiger-insolvenz-befindlichen-daa-systemhaus-ag-muenchen\\\/\"]}]},{\"@type\":\"BreadcrumbList\",\"@id\":\"https:\\\/\\\/www.allgeier.com\\\/de\\\/investor-relations\\\/adhoc-announcements\\\/allgeier-gruppe-erwirbt-dms-geschaeft-der-in-vorlaeufiger-insolvenz-befindlichen-daa-systemhaus-ag-muenchen\\\/#breadcrumb\",\"itemListElement\":[{\"@type\":\"ListItem\",\"position\":1,\"name\":\"Home\",\"item\":\"https:\\\/\\\/www.allgeier.com\\\/de\\\/\"},{\"@type\":\"ListItem\",\"position\":2,\"name\":\"Investor Relations\",\"item\":\"https:\\\/\\\/www.allgeier.com\\\/de\\\/investor-relations\\\/\"},{\"@type\":\"ListItem\",\"position\":3,\"name\":\"Ad hoc-Mitteilungen\",\"item\":\"https:\\\/\\\/www.allgeier.com\\\/de\\\/investor-relations\\\/adhoc-announcements\\\/\"},{\"@type\":\"ListItem\",\"position\":4,\"name\":\"Allgeier Gruppe erwirbt DMS Gesch\u00e4ft der in vorl\u00e4ufiger Insolvenz befindlichen daa Systemhaus AG, M\u00fcnchen\"}]},{\"@type\":\"WebSite\",\"@id\":\"https:\\\/\\\/www.allgeier.com\\\/de\\\/#website\",\"url\":\"https:\\\/\\\/www.allgeier.com\\\/de\\\/\",\"name\":\"Allgeier SE\",\"description\":\"Software &amp; IT Services for digital transformation\",\"potentialAction\":[{\"@type\":\"SearchAction\",\"target\":{\"@type\":\"EntryPoint\",\"urlTemplate\":\"https:\\\/\\\/www.allgeier.com\\\/de\\\/?s={search_term_string}\"},\"query-input\":{\"@type\":\"PropertyValueSpecification\",\"valueRequired\":true,\"valueName\":\"search_term_string\"}}],\"inLanguage\":\"de\"}]}<\/script>\n<!-- \/ Yoast SEO plugin. -->","yoast_head_json":{"title":"Allgeier Gruppe erwirbt DMS Gesch\u00e4ft der in vorl\u00e4ufiger Insolvenz befindlichen daa Systemhaus AG, M\u00fcnchen - Allgeier SE","robots":{"index":"index","follow":"follow","max-snippet":"max-snippet:-1","max-image-preview":"max-image-preview:large","max-video-preview":"max-video-preview:-1"},"canonical":"https:\/\/www.allgeier.com\/de\/investor-relations\/adhoc-announcements\/allgeier-gruppe-erwirbt-dms-geschaeft-der-in-vorlaeufiger-insolvenz-befindlichen-daa-systemhaus-ag-muenchen\/","og_locale":"de_DE","og_type":"article","og_title":"Allgeier Gruppe erwirbt DMS Gesch\u00e4ft der in vorl\u00e4ufiger Insolvenz befindlichen daa Systemhaus AG, M\u00fcnchen - Allgeier SE","og_description":"M\u00fcnchen, 16.10.2006 \u2013 Allgeier baut ihr IT Solutionsgesch\u00e4ft im Bereich des Dokumentenmanagement System Gesch\u00e4fts (DMS) aus. Die Allgeier IT Solutions GmbH, Bremen, eine 100 % Tochter der Allgeier Holding AG, unterzeichnete heute einen Vertrag \u00fcber den Erwerb von Verm\u00f6gensgegenst\u00e4nden der in vorl\u00e4ufiger","og_url":"https:\/\/www.allgeier.com\/de\/investor-relations\/adhoc-announcements\/allgeier-gruppe-erwirbt-dms-geschaeft-der-in-vorlaeufiger-insolvenz-befindlichen-daa-systemhaus-ag-muenchen\/","og_site_name":"Allgeier SE","article_modified_time":"2023-01-22T17:10:11+00:00","twitter_card":"summary_large_image","twitter_misc":{"Gesch\u00e4tzte Lesezeit":"2\u00a0Minuten"},"schema":{"@context":"https:\/\/schema.org","@graph":[{"@type":"WebPage","@id":"https:\/\/www.allgeier.com\/de\/investor-relations\/adhoc-announcements\/allgeier-gruppe-erwirbt-dms-geschaeft-der-in-vorlaeufiger-insolvenz-befindlichen-daa-systemhaus-ag-muenchen\/","url":"https:\/\/www.allgeier.com\/de\/investor-relations\/adhoc-announcements\/allgeier-gruppe-erwirbt-dms-geschaeft-der-in-vorlaeufiger-insolvenz-befindlichen-daa-systemhaus-ag-muenchen\/","name":"Allgeier Gruppe erwirbt DMS Gesch\u00e4ft der in vorl\u00e4ufiger Insolvenz befindlichen daa Systemhaus AG, M\u00fcnchen - Allgeier SE","isPartOf":{"@id":"https:\/\/www.allgeier.com\/de\/#website"},"datePublished":"2006-10-16T16:26:55+00:00","dateModified":"2023-01-22T17:10:11+00:00","breadcrumb":{"@id":"https:\/\/www.allgeier.com\/de\/investor-relations\/adhoc-announcements\/allgeier-gruppe-erwirbt-dms-geschaeft-der-in-vorlaeufiger-insolvenz-befindlichen-daa-systemhaus-ag-muenchen\/#breadcrumb"},"inLanguage":"de","potentialAction":[{"@type":"ReadAction","target":["https:\/\/www.allgeier.com\/de\/investor-relations\/adhoc-announcements\/allgeier-gruppe-erwirbt-dms-geschaeft-der-in-vorlaeufiger-insolvenz-befindlichen-daa-systemhaus-ag-muenchen\/"]}]},{"@type":"BreadcrumbList","@id":"https:\/\/www.allgeier.com\/de\/investor-relations\/adhoc-announcements\/allgeier-gruppe-erwirbt-dms-geschaeft-der-in-vorlaeufiger-insolvenz-befindlichen-daa-systemhaus-ag-muenchen\/#breadcrumb","itemListElement":[{"@type":"ListItem","position":1,"name":"Home","item":"https:\/\/www.allgeier.com\/de\/"},{"@type":"ListItem","position":2,"name":"Investor Relations","item":"https:\/\/www.allgeier.com\/de\/investor-relations\/"},{"@type":"ListItem","position":3,"name":"Ad hoc-Mitteilungen","item":"https:\/\/www.allgeier.com\/de\/investor-relations\/adhoc-announcements\/"},{"@type":"ListItem","position":4,"name":"Allgeier Gruppe erwirbt DMS Gesch\u00e4ft der in vorl\u00e4ufiger Insolvenz befindlichen daa Systemhaus AG, M\u00fcnchen"}]},{"@type":"WebSite","@id":"https:\/\/www.allgeier.com\/de\/#website","url":"https:\/\/www.allgeier.com\/de\/","name":"Allgeier SE","description":"Software &amp; IT Services for digital transformation","potentialAction":[{"@type":"SearchAction","target":{"@type":"EntryPoint","urlTemplate":"https:\/\/www.allgeier.com\/de\/?s={search_term_string}"},"query-input":{"@type":"PropertyValueSpecification","valueRequired":true,"valueName":"search_term_string"}}],"inLanguage":"de"}]}},"_links":{"self":[{"href":"https:\/\/www.allgeier.com\/de\/wp-json\/wp\/v2\/pages\/5670","targetHints":{"allow":["GET"]}}],"collection":[{"href":"https:\/\/www.allgeier.com\/de\/wp-json\/wp\/v2\/pages"}],"about":[{"href":"https:\/\/www.allgeier.com\/de\/wp-json\/wp\/v2\/types\/page"}],"author":[{"embeddable":true,"href":"https:\/\/www.allgeier.com\/de\/wp-json\/wp\/v2\/users\/4"}],"replies":[{"embeddable":true,"href":"https:\/\/www.allgeier.com\/de\/wp-json\/wp\/v2\/comments?post=5670"}],"version-history":[{"count":1,"href":"https:\/\/www.allgeier.com\/de\/wp-json\/wp\/v2\/pages\/5670\/revisions"}],"predecessor-version":[{"id":5671,"href":"https:\/\/www.allgeier.com\/de\/wp-json\/wp\/v2\/pages\/5670\/revisions\/5671"}],"up":[{"embeddable":true,"href":"https:\/\/www.allgeier.com\/de\/wp-json\/wp\/v2\/pages\/1155"}],"wp:attachment":[{"href":"https:\/\/www.allgeier.com\/de\/wp-json\/wp\/v2\/media?parent=5670"}],"wp:term":[{"taxonomy":"category","embeddable":true,"href":"https:\/\/www.allgeier.com\/de\/wp-json\/wp\/v2\/categories?post=5670"},{"taxonomy":"post_tag","embeddable":true,"href":"https:\/\/www.allgeier.com\/de\/wp-json\/wp\/v2\/tags?post=5670"}],"curies":[{"name":"wp","href":"https:\/\/api.w.org\/{rel}","templated":true}]}}