{"id":5678,"date":"2006-08-10T16:52:10","date_gmt":"2006-08-10T16:52:10","guid":{"rendered":"https:\/\/www.allgeier.com\/de\/?page_id=5678"},"modified":"2023-01-22T17:10:11","modified_gmt":"2023-01-22T17:10:11","slug":"allgeier-gruppe-erwirbt-personalservice-unternehmen","status":"publish","type":"page","link":"https:\/\/www.allgeier.com\/de\/investor-relations\/adhoc-announcements\/allgeier-gruppe-erwirbt-personalservice-unternehmen\/","title":{"rendered":"Allgeier Gruppe erwirbt Personalservice Unternehmen"},"content":{"rendered":"<p><b>Allgeier Holding AG \/ Firmen\u00fcbernahme<\/b>Ad-hoc-Meldung nach \u00a7 15 WpHG \u00fcbermittelt durch die DGAP &#8211; ein Unternehmen der EquityStory AG.F\u00fcr den Inhalt der Mitteilung ist der Emittent verantwortlich.&#8212;&#8212;&#8212;&#8212;&#8212;&#8212;&#8212;&#8212;&#8212;&#8212;&#8212;&#8212;&#8212;&#8212;&#8212;&#8212;&#8212;&#8212;&#8212;&#8212;&#8212;&#8212;&#8212;&#8212;&#8212;Allgeier Gruppe erwirbt Personalservice UnternehmenM\u00fcnchen, 10.08.2006 \u2013 Die Gesellschafter der Esterbauer &amp; WindischPersonalservice GmbH mit Sitz in Straubing und die EuW MBO GmbH, einUnternehmen der Allgeier Gruppe, haben am heutigen Tag vertraglichvereinbart, dass die EuW MBO GmbH nach Erf\u00fcllung aller vereinbartenClosing-Bedingungen s\u00e4mtliche Gesch\u00e4ftsanteile der Esterbauer &amp; WindischPersonalservice GmbH \u00fcbernehmen wird. Esterbauer &amp; Windisch erbringtPersonalservices, Personalvermittlung und Beratungsleistungen im BereichZeitarbeit mit \u00fcber 1.000 Mitarbeiter. Das Unternehmen hat im Gesch\u00e4ftsjahr2005 einen Umsatz von 22 Mio. \u20ac erzielt. Es ist stetig gewachsen underwirtschaftet seit Jahren ein positives Ergebnis. Das Investment liegt imzweistelligen Millionenbereich.Die bisherigen gesch\u00e4ftsf\u00fchrenden Gesellschafter der Esterbauer &amp; WindischPersonalservice GmbH, Herr Norbert Esterbauer und Herr Henry Windischbleiben im Zuge der Transaktion weiterhin Gesch\u00e4ftsf\u00fchrer des Unternehmens.Das Management der Esterbauer &amp; Windisch Personalservice GmbH beteiligtsich im Zuge der Transaktion in H\u00f6he von 10% am Stammkapital der EuW MBOGmbH.Kontakt:Carl Georg D\u00fcrschmidtVorstandAllgeier Holding AGWehrlestr. 1281679 M\u00fcnchenTel. 089-998421-0Fax  089-998421-11www.allgeier-holding.deDas UnternehmenDie Allgeier Holding AG fungiert als F\u00fchrungsholding einer europaweitagierenden Unternehmensgruppe, die sich auf zwei wachstumsstarke M\u00e4rktekonzentriert: IT-Services und Personal-Services. Mit unseren IT-Servicesunterst\u00fctzen wir Unternehmen bei der Umsetzung von Innovationen, derVerbesserung des Informationsflusses und der Optimierung vonGesch\u00e4ftsabl\u00e4ufen. Die on-demand Personal-Services helfen unseren Kunden,ihre Prozesse und Kapazit\u00e4ten flexibel an die Auftragslage anzupassen. Ende2005 besch\u00e4ftigte die Allgeier-Gruppe knapp 2000 Mitarbeiter in dreizehneigenst\u00e4ndigen, leistungsf\u00e4higen Mittelstands-Unternehmen. Die AllgeierHolding AG hat ihren Sitz in M\u00fcnchen und ist am geregelten Markt derFrankfurter B\u00f6rse im Segment General Standard notiert (WKN 508630\/ISIN DE000508630).Wichtiger Hinweis: Diese Ad-hoc Mitteilung\/Pressemitteilung enth\u00e4lt in dieZukunft gerichtete Aussagen, die auf Annahmen und Sch\u00e4tzungen derUnternehmensleitung der Allgeier Holding AG beruhen. Auch wenn dieUnternehmensleitung der Ansicht ist, dass diese Annahmen und Sch\u00e4tzungenzutreffend sind, k\u00f6nnen die k\u00fcnftige tats\u00e4chliche Entwicklung und diek\u00fcnftigen tats\u00e4chlichen Ergebnisse von diesen Annahmen und Sch\u00e4tzungenaufgrund vielf\u00e4ltiger Faktoren erheblich abweichen. Zu diesen Faktorenk\u00f6nnen beispielsweise die Ver\u00e4nderung der gesamtwirtschaftlichen Lage, derWechselkurse, der Zinss\u00e4tze sowie Ver\u00e4nderungen innerhalb derMarktentwicklung und der sich ver\u00e4nderten Wettbewerbssituation geh\u00f6ren. DieAllgeier Holding AG \u00fcbernimmt keine Gew\u00e4hrleistung und keine Haftung daf\u00fcr,dass die k\u00fcnftige Entwicklung und die k\u00fcnftig erzielten tats\u00e4chlichenErgebnisse mit den in dieser Ad-hoc Mitteilung\/Pressemitteilung ge\u00e4u\u00dfertenAnnahmen und Sch\u00e4tzungen \u00fcbereinstimmen werden.DGAP 10.08.2006 &#8212;&#8212;&#8212;&#8212;&#8212;&#8212;&#8212;&#8212;&#8212;&#8212;&#8212;&#8212;&#8212;&#8212;&#8212;&#8212;&#8212;&#8212;&#8212;&#8212;&#8212;&#8212;&#8212;&#8212;&#8212; Sprache:      DeutschEmittent:     Allgeier Holding AG              Wehrlestrasse 12              81679 M\u00fcnchen DeutschlandTelefon:      +49 (0)89 998 421-0Fax:          +49 (0)89 998 421-11E-mail:       info@allgeier.comWWW:          www.allgeier-holding.comISIN:         DE0005086300WKN:          508630Indizes:      CDAXB\u00f6rsen:       Geregelter Markt in Frankfurt (General Standard); Freiverkehr              in Berlin-Bremen, Stuttgart, Hamburg, D\u00fcsseldorf Ende der Mitteilung                             DGAP News-Service &#8212;&#8212;&#8212;&#8212;&#8212;&#8212;&#8212;&#8212;&#8212;&#8212;&#8212;&#8212;&#8212;&#8212;&#8212;&#8212;&#8212;&#8212;&#8212;&#8212;&#8212;&#8212;&#8212;&#8212;&#8212;<\/p>\n","protected":false},"excerpt":{"rendered":"<p>Allgeier Gruppe erwirbt Personalservice Unternehmen M\u00fcnchen, 10.08.2006 \u2013 Die Gesellschafter der Esterbauer &#038; Windisch Personalservice GmbH mit Sitz in Straubing und die EuW MBO GmbH, ein Unternehmen der Allgeier Gruppe, haben am heutigen Tag vertraglich vereinbart, dass die EuW MBO GmbH nach Erf\u00fcllung<\/p>\n","protected":false},"author":4,"featured_media":0,"parent":1155,"menu_order":0,"comment_status":"close","ping_status":"closed","template":"","meta":{"_acf_changed":false,"footnotes":""},"categories":[],"tags":[],"class_list":["post-5678","page","type-page","status-publish","hentry"],"acf":[],"yoast_head":"<!-- This site is optimized with the Yoast SEO plugin v27.4 - https:\/\/yoast.com\/product\/yoast-seo-wordpress\/ -->\n<title>Allgeier Gruppe erwirbt Personalservice Unternehmen - Allgeier SE<\/title>\n<meta name=\"robots\" content=\"index, follow, max-snippet:-1, max-image-preview:large, max-video-preview:-1\" \/>\n<link rel=\"canonical\" href=\"https:\/\/www.allgeier.com\/de\/investor-relations\/adhoc-announcements\/allgeier-gruppe-erwirbt-personalservice-unternehmen\/\" \/>\n<meta property=\"og:locale\" content=\"de_DE\" \/>\n<meta property=\"og:type\" content=\"article\" \/>\n<meta property=\"og:title\" content=\"Allgeier Gruppe erwirbt Personalservice Unternehmen - Allgeier SE\" \/>\n<meta property=\"og:description\" content=\"Allgeier Gruppe erwirbt Personalservice Unternehmen M\u00fcnchen, 10.08.2006 \u2013 Die Gesellschafter der Esterbauer &amp; Windisch Personalservice GmbH mit Sitz in Straubing und die EuW MBO GmbH, ein Unternehmen der Allgeier Gruppe, haben am heutigen Tag vertraglich vereinbart, dass die EuW MBO GmbH nach Erf\u00fcllung\" \/>\n<meta property=\"og:url\" content=\"https:\/\/www.allgeier.com\/de\/investor-relations\/adhoc-announcements\/allgeier-gruppe-erwirbt-personalservice-unternehmen\/\" \/>\n<meta property=\"og:site_name\" content=\"Allgeier SE\" \/>\n<meta property=\"article:modified_time\" content=\"2023-01-22T17:10:11+00:00\" \/>\n<meta name=\"twitter:card\" content=\"summary_large_image\" \/>\n<meta name=\"twitter:label1\" content=\"Gesch\u00e4tzte Lesezeit\" \/>\n\t<meta name=\"twitter:data1\" content=\"2\u00a0Minuten\" \/>\n<script type=\"application\/ld+json\" class=\"yoast-schema-graph\">{\"@context\":\"https:\\\/\\\/schema.org\",\"@graph\":[{\"@type\":\"WebPage\",\"@id\":\"https:\\\/\\\/www.allgeier.com\\\/de\\\/investor-relations\\\/adhoc-announcements\\\/allgeier-gruppe-erwirbt-personalservice-unternehmen\\\/\",\"url\":\"https:\\\/\\\/www.allgeier.com\\\/de\\\/investor-relations\\\/adhoc-announcements\\\/allgeier-gruppe-erwirbt-personalservice-unternehmen\\\/\",\"name\":\"Allgeier Gruppe erwirbt Personalservice Unternehmen - Allgeier SE\",\"isPartOf\":{\"@id\":\"https:\\\/\\\/www.allgeier.com\\\/de\\\/#website\"},\"datePublished\":\"2006-08-10T16:52:10+00:00\",\"dateModified\":\"2023-01-22T17:10:11+00:00\",\"breadcrumb\":{\"@id\":\"https:\\\/\\\/www.allgeier.com\\\/de\\\/investor-relations\\\/adhoc-announcements\\\/allgeier-gruppe-erwirbt-personalservice-unternehmen\\\/#breadcrumb\"},\"inLanguage\":\"de\",\"potentialAction\":[{\"@type\":\"ReadAction\",\"target\":[\"https:\\\/\\\/www.allgeier.com\\\/de\\\/investor-relations\\\/adhoc-announcements\\\/allgeier-gruppe-erwirbt-personalservice-unternehmen\\\/\"]}]},{\"@type\":\"BreadcrumbList\",\"@id\":\"https:\\\/\\\/www.allgeier.com\\\/de\\\/investor-relations\\\/adhoc-announcements\\\/allgeier-gruppe-erwirbt-personalservice-unternehmen\\\/#breadcrumb\",\"itemListElement\":[{\"@type\":\"ListItem\",\"position\":1,\"name\":\"Home\",\"item\":\"https:\\\/\\\/www.allgeier.com\\\/de\\\/\"},{\"@type\":\"ListItem\",\"position\":2,\"name\":\"Investor Relations\",\"item\":\"https:\\\/\\\/www.allgeier.com\\\/de\\\/investor-relations\\\/\"},{\"@type\":\"ListItem\",\"position\":3,\"name\":\"Ad hoc-Mitteilungen\",\"item\":\"https:\\\/\\\/www.allgeier.com\\\/de\\\/investor-relations\\\/adhoc-announcements\\\/\"},{\"@type\":\"ListItem\",\"position\":4,\"name\":\"Allgeier Gruppe erwirbt Personalservice Unternehmen\"}]},{\"@type\":\"WebSite\",\"@id\":\"https:\\\/\\\/www.allgeier.com\\\/de\\\/#website\",\"url\":\"https:\\\/\\\/www.allgeier.com\\\/de\\\/\",\"name\":\"Allgeier SE\",\"description\":\"Software &amp; IT Services for digital transformation\",\"potentialAction\":[{\"@type\":\"SearchAction\",\"target\":{\"@type\":\"EntryPoint\",\"urlTemplate\":\"https:\\\/\\\/www.allgeier.com\\\/de\\\/?s={search_term_string}\"},\"query-input\":{\"@type\":\"PropertyValueSpecification\",\"valueRequired\":true,\"valueName\":\"search_term_string\"}}],\"inLanguage\":\"de\"}]}<\/script>\n<!-- \/ Yoast SEO plugin. -->","yoast_head_json":{"title":"Allgeier Gruppe erwirbt Personalservice Unternehmen - Allgeier SE","robots":{"index":"index","follow":"follow","max-snippet":"max-snippet:-1","max-image-preview":"max-image-preview:large","max-video-preview":"max-video-preview:-1"},"canonical":"https:\/\/www.allgeier.com\/de\/investor-relations\/adhoc-announcements\/allgeier-gruppe-erwirbt-personalservice-unternehmen\/","og_locale":"de_DE","og_type":"article","og_title":"Allgeier Gruppe erwirbt Personalservice Unternehmen - Allgeier SE","og_description":"Allgeier Gruppe erwirbt Personalservice Unternehmen M\u00fcnchen, 10.08.2006 \u2013 Die Gesellschafter der Esterbauer & Windisch Personalservice GmbH mit Sitz in Straubing und die EuW MBO GmbH, ein Unternehmen der Allgeier Gruppe, haben am heutigen Tag vertraglich vereinbart, dass die EuW MBO GmbH nach Erf\u00fcllung","og_url":"https:\/\/www.allgeier.com\/de\/investor-relations\/adhoc-announcements\/allgeier-gruppe-erwirbt-personalservice-unternehmen\/","og_site_name":"Allgeier SE","article_modified_time":"2023-01-22T17:10:11+00:00","twitter_card":"summary_large_image","twitter_misc":{"Gesch\u00e4tzte Lesezeit":"2\u00a0Minuten"},"schema":{"@context":"https:\/\/schema.org","@graph":[{"@type":"WebPage","@id":"https:\/\/www.allgeier.com\/de\/investor-relations\/adhoc-announcements\/allgeier-gruppe-erwirbt-personalservice-unternehmen\/","url":"https:\/\/www.allgeier.com\/de\/investor-relations\/adhoc-announcements\/allgeier-gruppe-erwirbt-personalservice-unternehmen\/","name":"Allgeier Gruppe erwirbt Personalservice Unternehmen - Allgeier SE","isPartOf":{"@id":"https:\/\/www.allgeier.com\/de\/#website"},"datePublished":"2006-08-10T16:52:10+00:00","dateModified":"2023-01-22T17:10:11+00:00","breadcrumb":{"@id":"https:\/\/www.allgeier.com\/de\/investor-relations\/adhoc-announcements\/allgeier-gruppe-erwirbt-personalservice-unternehmen\/#breadcrumb"},"inLanguage":"de","potentialAction":[{"@type":"ReadAction","target":["https:\/\/www.allgeier.com\/de\/investor-relations\/adhoc-announcements\/allgeier-gruppe-erwirbt-personalservice-unternehmen\/"]}]},{"@type":"BreadcrumbList","@id":"https:\/\/www.allgeier.com\/de\/investor-relations\/adhoc-announcements\/allgeier-gruppe-erwirbt-personalservice-unternehmen\/#breadcrumb","itemListElement":[{"@type":"ListItem","position":1,"name":"Home","item":"https:\/\/www.allgeier.com\/de\/"},{"@type":"ListItem","position":2,"name":"Investor Relations","item":"https:\/\/www.allgeier.com\/de\/investor-relations\/"},{"@type":"ListItem","position":3,"name":"Ad hoc-Mitteilungen","item":"https:\/\/www.allgeier.com\/de\/investor-relations\/adhoc-announcements\/"},{"@type":"ListItem","position":4,"name":"Allgeier Gruppe erwirbt Personalservice Unternehmen"}]},{"@type":"WebSite","@id":"https:\/\/www.allgeier.com\/de\/#website","url":"https:\/\/www.allgeier.com\/de\/","name":"Allgeier SE","description":"Software &amp; IT Services for digital transformation","potentialAction":[{"@type":"SearchAction","target":{"@type":"EntryPoint","urlTemplate":"https:\/\/www.allgeier.com\/de\/?s={search_term_string}"},"query-input":{"@type":"PropertyValueSpecification","valueRequired":true,"valueName":"search_term_string"}}],"inLanguage":"de"}]}},"_links":{"self":[{"href":"https:\/\/www.allgeier.com\/de\/wp-json\/wp\/v2\/pages\/5678","targetHints":{"allow":["GET"]}}],"collection":[{"href":"https:\/\/www.allgeier.com\/de\/wp-json\/wp\/v2\/pages"}],"about":[{"href":"https:\/\/www.allgeier.com\/de\/wp-json\/wp\/v2\/types\/page"}],"author":[{"embeddable":true,"href":"https:\/\/www.allgeier.com\/de\/wp-json\/wp\/v2\/users\/4"}],"replies":[{"embeddable":true,"href":"https:\/\/www.allgeier.com\/de\/wp-json\/wp\/v2\/comments?post=5678"}],"version-history":[{"count":1,"href":"https:\/\/www.allgeier.com\/de\/wp-json\/wp\/v2\/pages\/5678\/revisions"}],"predecessor-version":[{"id":5679,"href":"https:\/\/www.allgeier.com\/de\/wp-json\/wp\/v2\/pages\/5678\/revisions\/5679"}],"up":[{"embeddable":true,"href":"https:\/\/www.allgeier.com\/de\/wp-json\/wp\/v2\/pages\/1155"}],"wp:attachment":[{"href":"https:\/\/www.allgeier.com\/de\/wp-json\/wp\/v2\/media?parent=5678"}],"wp:term":[{"taxonomy":"category","embeddable":true,"href":"https:\/\/www.allgeier.com\/de\/wp-json\/wp\/v2\/categories?post=5678"},{"taxonomy":"post_tag","embeddable":true,"href":"https:\/\/www.allgeier.com\/de\/wp-json\/wp\/v2\/tags?post=5678"}],"curies":[{"name":"wp","href":"https:\/\/api.w.org\/{rel}","templated":true}]}}