{"id":5682,"date":"2006-07-12T16:58:27","date_gmt":"2006-07-12T16:58:27","guid":{"rendered":"https:\/\/www.allgeier.com\/de\/?page_id=5682"},"modified":"2023-01-22T17:10:11","modified_gmt":"2023-01-22T17:10:11","slug":"allgeier-plant-kapitalerhoehung-fuer-akquisitionen","status":"publish","type":"page","link":"https:\/\/www.allgeier.com\/de\/investor-relations\/adhoc-announcements\/allgeier-plant-kapitalerhoehung-fuer-akquisitionen\/","title":{"rendered":"Allgeier plant Kapitalerh\u00f6hung f\u00fcr Akquisitionen"},"content":{"rendered":"<p><b>Allgeier Holding AG \/ Jahresergebnis\/Kapitalerh\u00f6hung<\/b>Ad-hoc-Meldung nach \u00a7 15 WpHG \u00fcbermittelt durch die DGAP &#8211; ein Unternehmen der EquityStory AG.F\u00fcr den Inhalt der Mitteilung ist der Emittent verantwortlich.&#8212;&#8212;&#8212;&#8212;&#8212;&#8212;&#8212;&#8212;&#8212;&#8212;&#8212;&#8212;&#8212;&#8212;&#8212;&#8212;&#8212;&#8212;&#8212;&#8212;&#8212;&#8212;&#8212;&#8212;&#8212;Allgeier legt Jahresabschluss 2005 vor, keine wesentlichen Abweichungen zubereits gemeldeten ZahlenStarker Ausbau der Gruppe durch drei weitere Beteiligungen geplantDeutliche Auswirkungen in 2007 erwartet: Umsatz ca. 210 Mio. \u20ac, EBIT ca. 14Mio. \u20acPr\u00fcfung einer Kapitalerh\u00f6hung aus genehmigtem KapitalM\u00fcnchen 12.07.2006 Jahresabschluss 2005Allgeier legt abschlie\u00dfende und gepr\u00fcfte Zahlen f\u00fcr das Gesch\u00e4ftsjahr 2005vor. Der Aufsichtsrat hat mit Beschluss vom 12.07.2006 den Jahresabschlussder Allgeier Holding AG und den Konzernabschluss gebilligt. DerJahresabschluss der Allgeier Holding AG ist damit festgestellt. DerKonzernabschluss 2005 enth\u00e4lt keine wesentlichen Abweichungen zu den schonmit Ad-hoc-Mitteilung am 16.06.2006 ver\u00f6ffentlichten Zahlen. DerGesch\u00e4ftsbericht mit dem darin enthaltenen Konzernabschluss wird bissp\u00e4testens zum 21.07.2006 in dem IR Bereich der Unternehmens-Webseitever\u00f6ffentlicht werden.Starker Ausbau der Gruppe durch drei weitere Akquisitionen geplantAllgeier h\u00e4lt an seiner Wachstumsstrategie fest und beabsichtigt, dasKerngesch\u00e4ft IT-Services und Personal-Services weiter deutlich auszubauen.In den letzten Monaten wurden drei weitere Akquisitionen vorbereitet, diein den n\u00e4chsten Wochen umgesetzt werden sollen:  &#8211; Im Bereich IT-Services soll die bereits mit Ad-hoc-Mitteilung am    24.04.2006 angek\u00fcndigte Akquisition durchgef\u00fchrt werden. Das    Zielunternehmen erwirtschaftete in seinem zum 30.06.2006    abgeschlossenen Gesch\u00e4ftsjahr einen Umsatz von ca. 27 Mio. \u20ac bei einem    positiven Ergebnis vor Zinsen und Steuern (EBIT) von ca. 1,5 Mio. \u20ac und    soll zu 100% erworben werden. Die Pr\u00fcfung der betreffenden Beteiligung    (Due Diligence) ist mit positivem Ergebnis abgeschlossen und die    Transaktion vom Aufsichtsrat genehmigt. Die Durchf\u00fchrung des    Firmenkaufs h\u00e4ngt noch von einer zufrieden stellenden Finanzierung ab.    Diese soll aus Eigen- und Fremdkapitalkomponenten bestehen. Das stark    wachsende Zielunternehmen w\u00fcrde bei angenommener Konsolidierung im    Konzern ab September im laufenden Konzerngesch\u00e4ftsjahr (31.12.2006)    voraussichtlich einen Umsatzbeitrag in H\u00f6he von ca. 10 Mio. \u20ac leisten.  &#8211; Im Bereich Personal-Services ist die Akquisition eines etablierten    mittelst\u00e4ndischen Unternehmens im Sektor Zeitarbeit weitgehend    endverhandelt. Das Zielunternehmen erwirtschaftete zum 31.12.2005 einen    Jahresumsatz von \u00fcber 20 Mio. \u20ac, ist im ersten Halbjahr 2006 erheblich    gewachsen und soll zu 90% \u00fcbernommen werden. Die Beteiligungspr\u00fcfung    (Due Diligence) ist abgeschlossen und der Aufsichtsrat hat der    Transaktion unter dem Vorbehalt einer zufrieden stellenden Finanzierung    zugestimmt. Das stark wachsende Zielunternehmen w\u00fcrde bei angenommener    Konsolidierung im Konzern ab Oktober 2006 im laufenden    Konzerngesch\u00e4ftsjahr (31.12.2006) voraussichtlich einen Umsatzbeitrag    in H\u00f6he von 8 Mio. \u20ac leisten.Dar\u00fcber hinaus ist die Akquisition eines weiteren etabliertenmittelst\u00e4ndischen Unternehmens im Sektor Zeitarbeit in Verhandlung. DasZielunternehmen erwirtschaftete zum 31.12.2005 einen Jahresumsatz von \u00fcber10 Mio. \u20ac, ist im ersten Halbjahr 2006 erheblich gewachsen und soll zu 90%\u00fcbernommen werden. Die Beteiligungspr\u00fcfung (Due Diligence) ist ebenfallsabgeschlossen, der Aufsichtsrat hat seine Zustimmung unter dem Vorbehalteiner noch abschlie\u00dfenden Pr\u00fcfung der Finanzierung erteilt. Das starkwachsende Zielunternehmen w\u00fcrde bei angenommener Konsolidierung ab Oktober2006 im laufenden Gesch\u00e4ftsjahr (31.12.2006) voraussichtlich einenUmsatzbeitrag in H\u00f6he von 2 Mio. \u20ac leisten.Auswirkungen der Neuakquisitionen in den Jahren 2006 und 2007F\u00fcr das laufende Konzerngesch\u00e4ftsjahr (31.12.2006) w\u00fcrde unter derVoraussetzung des erfolgreichen Abschlusses der Transaktionen auf Basiseiner Konsolidierung der neuen Beteiligungen ab September bzw. Oktober 2006ein voraussichtlicher Umsatzbeitrag in H\u00f6he von ca. 20 Mio. \u20ac erwartet. DieEffekte der IFRS Erstkonsolidierung (Purchase Price Allocation) f\u00fchren 2006voraussichtlich dazu, dass aus den Neuakquisitionen kein bedeutenderErgebnisbeitrag nach Abschreibungen (EBIT) entsteht.F\u00fcr das Konzerngesch\u00e4ftsjahr 2007 (31.12.2007) w\u00fcrde unter derVoraussetzung des erfolgreichen Abschlusses der Transaktionen, der Umsatzund das Ergebnis des Konzerns erheblich ausgeweitet. Die Firmenk\u00e4ufe w\u00fcrdenauf Basis ihrer bestehenden Unternehmensplanungen einen Beitrag zumKonzernumsatz 2007 von ca. 80 Mio. \u20ac und zum Konzern-EBIT 2007 von ca. 5Mio. \u20ac leisten. Mit den geplanten Firmenk\u00e4ufen w\u00fcrde die Allgeier Gruppedas anvisierte Ziel erreichen, in den beiden Gesch\u00e4ftsbereichen IT-Servicesund Personal-Services einen Umsatz von jeweils \u00fcber 100 Mio. \u20ac zuerreichen.Guidance f\u00fcr die Jahre 2006 und 2007F\u00fcr das laufende Konzerngesch\u00e4ftsjahr (31.12.2006) betr\u00e4gt die bisherver\u00f6ffentlichte Guidance zum Konzernumsatz 120 Mio. \u20ac, (2005: 72 Mio. \u20ac)und zum Konzern-EBIT 9 Mio. \u20ac (2005: 3,1 Mio. \u20ac), die nochmals best\u00e4tigtwerden. Eine Guidance f\u00fcr das Konzernergebnis 2006 vor Abschreibungen,Zinsen und Steuern (EBITDA) wird erstmals gegeben und auf 12 Mio. \u20ac (2005:6,6 Mio. \u20ac) gesetzt.Im Falle der erfolgreichen Umsetzung der Transaktionen wie obendargestellt, w\u00fcrde die Guidance f\u00fcr das Konzerngesch\u00e4ftsjahr 2006 zumKonzernumsatz von 120 Mio. \u20ac auf 140 Mio. \u20ac angehoben werden. Die Guidancef\u00fcr das Konzern-EBITDA 2006 w\u00fcrde von 12 Mio. \u20ac auf 13 Mio. \u20ac heraufgesetztwerden. Die Guidance f\u00fcr das Konzern-EBIT w\u00fcrde auch mit den neuenAkquisitionen nicht heraufgesetzt werden und w\u00fcrde weiter bei ca. 9 Mio. \u20ac(2005: 3,2 Mio. \u20ac) liegen.F\u00fcr das Konzerngesch\u00e4ftsjahr 2007 (31.12.2007) w\u00fcrde auf Basis derbestehenden Unternehmensplanungen der Tochtergesellschaften sowie dervoraussichtlichen Neuakquisitionen ein Konzernumsatz von \u00fcber 210 Mio. \u20ac,ein Konzern-EBITDA in H\u00f6he von ca. 18 Mio. \u20ac und ein Konzern-EBIT in derGr\u00f6\u00dfenordnung von \u00fcber 14 Mio. \u20ac erwartet.Die geplanten Transaktionen f\u00fchren zu einer Erh\u00f6hung der Verschuldung undder Zinslast im Konzern. Trotz steigender Zinsen w\u00fcrde eine Erh\u00f6hung desKonzernergebnisses vor Steuern (EBT) erwartet. Inklusive der drei neuenBeteiligungen w\u00fcrde die Guidance zum Konzern-EBT 2006 auf \u00fcber 6 Mio. \u20ac,f\u00fcr 2007 auf \u00fcber 11 Mio. \u20ac gesetzt.Pr\u00fcfung einer Kapitalerh\u00f6hungZur Finanzierung der weiteren Entwicklung des Konzerns, insbesondere deranstehenden Akquisitionen, ist eine St\u00e4rkung der Eigenkapitalbasis derGesellschaft erforderlich. Vor diesem Hintergrund pr\u00fcft der Vorstand inAbstimmung mit dem Aufsichtsrat eine Erh\u00f6hung des Grundkapitals um bis zu10% durch Ausgabe von bis zu 412.000 neuen Aktien der Gesellschaft. DieKapitalerh\u00f6hung soll kurzfristig unter teilweiser Ausnutzung desgenehmigten Kapitals zum b\u00f6rsennahen Kurs unter Ausschluss des Bezugsrechtsder Altaktion\u00e4re erfolgen. Die VEM Aktienbank AG wird beauftragt, einekurzfristige Platzierung der Kapitalerh\u00f6hung an einzelne private undinstitutionelle Investoren zu pr\u00fcfen. Einzelne Mitglieder von Vorstand undAufsichtsrat sowie Mitglieder des oberen F\u00fchrungskreises des Konzerns habenihre Bereitschaft erkl\u00e4rt, Teile der Kapitalerh\u00f6hung zu zeichnen.Durch die Kapitalerh\u00f6hung soll auch die Bewertung und das Vertrauen in dasUnternehmen im Kapitalmarkt gest\u00e4rkt werden. \u00dcber die Durchf\u00fchrung derKapitalerh\u00f6hung werden Vorstand und Aufsichtsrat kurzfristig beschlie\u00dfen.Absage PREPS 2006Da konkrete Angebote zur Finanzierung der neuen Beteiligungen vorliegen,hat die Gesellschaft ihre mit Ad-hoc-Meldung vom 26.04.2006 angek\u00fcndigteTeilnahme an der weiteren Aufnahme von Genussrechtskapital nach demProgramm PREPS abgesagt.Allgeier Holding AGCarl Georg D\u00fcrschmidtVorstandWehrlestr. 1281679 M\u00fcnchenTel. 089-998421-0Fax  089-998421-11E-Mail: ir@allgeier-holding.dewww.allgeier-holding.deDas UnternehmenDie Allgeier Holding AG fungiert als F\u00fchrungsholding einer europaweitagierenden Unternehmensgruppe, die sich auf zwei wachstumsstarke M\u00e4rktekonzentriert: IT-Services und Personal-Services. Mit unseren IT-Servicesunterst\u00fctzen wir Unternehmen bei der Umsetzung von Innovationen, derVerbesserung des Informationsflusses und der Optimierung vonGesch\u00e4ftsabl\u00e4ufen. Die on-demand Personal-Services helfen unseren Kunden,ihre Prozesse und Kapazit\u00e4ten flexibel an die Auftragslage anzupassen. Ende2005 besch\u00e4ftigte die Allgeier-Gruppe \u00fcber 2000 Mitarbeiter in neuneigenst\u00e4ndigen, leistungsf\u00e4higen Mittelstands-Unternehmen. Die AllgeierHolding AG hat ihren Sitz in M\u00fcnchen und ist am geregelten Markt derFrankfurter B\u00f6rse im Segment General Standard notiert (WKN 508630\/ISIN DE000508630).Wichtiger Hinweis: Diese Ad-hoc Mitteilung\/Pressemitteilung enth\u00e4lt in dieZukunft gerichtete Aussagen, die auf Annahmen und Sch\u00e4tzungen derUnternehmensleitung der Allgeier Holding AG beruhen. Auch wenn dieUnternehmensleitung der Ansicht ist, dass diese Annahmen und Sch\u00e4tzungenzutreffend sind, k\u00f6nnen die k\u00fcnftige tats\u00e4chliche Entwicklung und diek\u00fcnftigen tats\u00e4chlichen Ergebnisse von diesen Annahmen und Sch\u00e4tzungenaufgrund vielf\u00e4ltiger Faktoren erheblich abweichen. Zu diesen Faktorenk\u00f6nnen beispielsweise die Ver\u00e4nderung der gesamtwirtschaftlichen Lage, derWechselkurse, der Zinss\u00e4tze sowie Ver\u00e4nderungen innerhalb derMarktentwicklung und der sich ver\u00e4nderten Wettbewerbssituation geh\u00f6ren. DieAllgeier Holding AG \u00fcbernimmt keine Gew\u00e4hrleistung und keine Haftung daf\u00fcr,dass die k\u00fcnftige Entwicklung und die k\u00fcnftig erzielten tats\u00e4chlichenErgebnisse mit den in dieser Ad-hoc Mitteilung\/Pressemitteilung ge\u00e4u\u00dfertenAnnahmen und Sch\u00e4tzungen \u00fcbereinstimmen werden.DGAP 12.07.2006 &#8212;&#8212;&#8212;&#8212;&#8212;&#8212;&#8212;&#8212;&#8212;&#8212;&#8212;&#8212;&#8212;&#8212;&#8212;&#8212;&#8212;&#8212;&#8212;&#8212;&#8212;&#8212;&#8212;&#8212;&#8212; Sprache:      DeutschEmittent:     Allgeier Holding AG              Wehrlestrasse 12              81679 M\u00fcnchen DeutschlandTelefon:      +49 (0)89 998 421-0Fax:          +49 (0)89 998 421-11E-mail:       info@allgeier.comWWW:          www.allgeier-holding.comISIN:         DE0005086300WKN:          508630Indizes:      CDAXB\u00f6rsen:       Geregelter Markt in Frankfurt (General Standard); Freiverkehr              in Berlin-Bremen, Stuttgart, Hamburg, D\u00fcsseldorf Ende der Mitteilung                             DGAP News-Service &#8212;&#8212;&#8212;&#8212;&#8212;&#8212;&#8212;&#8212;&#8212;&#8212;&#8212;&#8212;&#8212;&#8212;&#8212;&#8212;&#8212;&#8212;&#8212;&#8212;&#8212;&#8212;&#8212;&#8212;&#8212;<\/p>\n","protected":false},"excerpt":{"rendered":"<p>Allgeier legt Jahresabschluss 2005 vor, keine wesentlichen Abweichungen zu bereits gemeldeten Zahlen Starker Ausbau der Gruppe durch drei weitere Beteiligungen geplant Deutliche Auswirkungen in 2007 erwartet: Umsatz ca. 210 Mio. \u20ac, EBIT ca. 14 Mio. \u20ac Pr\u00fcfung einer Kapitalerh\u00f6hung aus genehmigtem Kapital<\/p>\n","protected":false},"author":4,"featured_media":0,"parent":1155,"menu_order":0,"comment_status":"close","ping_status":"closed","template":"","meta":{"_acf_changed":false,"footnotes":""},"categories":[],"tags":[],"class_list":["post-5682","page","type-page","status-publish","hentry"],"acf":[],"yoast_head":"<!-- This site is optimized with the Yoast SEO plugin v27.4 - https:\/\/yoast.com\/product\/yoast-seo-wordpress\/ -->\n<title>Allgeier plant Kapitalerh\u00f6hung f\u00fcr Akquisitionen - Allgeier SE<\/title>\n<meta name=\"robots\" content=\"index, follow, max-snippet:-1, max-image-preview:large, max-video-preview:-1\" \/>\n<link rel=\"canonical\" href=\"https:\/\/www.allgeier.com\/de\/investor-relations\/adhoc-announcements\/allgeier-plant-kapitalerhoehung-fuer-akquisitionen\/\" \/>\n<meta property=\"og:locale\" content=\"de_DE\" \/>\n<meta property=\"og:type\" content=\"article\" \/>\n<meta property=\"og:title\" content=\"Allgeier plant Kapitalerh\u00f6hung f\u00fcr Akquisitionen - Allgeier SE\" \/>\n<meta property=\"og:description\" content=\"Allgeier legt Jahresabschluss 2005 vor, keine wesentlichen Abweichungen zu bereits gemeldeten Zahlen Starker Ausbau der Gruppe durch drei weitere Beteiligungen geplant Deutliche Auswirkungen in 2007 erwartet: Umsatz ca. 210 Mio. \u20ac, EBIT ca. 14 Mio. \u20ac Pr\u00fcfung einer Kapitalerh\u00f6hung aus genehmigtem Kapital\" \/>\n<meta property=\"og:url\" content=\"https:\/\/www.allgeier.com\/de\/investor-relations\/adhoc-announcements\/allgeier-plant-kapitalerhoehung-fuer-akquisitionen\/\" \/>\n<meta property=\"og:site_name\" content=\"Allgeier SE\" \/>\n<meta property=\"article:modified_time\" content=\"2023-01-22T17:10:11+00:00\" \/>\n<meta name=\"twitter:card\" content=\"summary_large_image\" \/>\n<meta name=\"twitter:label1\" content=\"Gesch\u00e4tzte Lesezeit\" \/>\n\t<meta name=\"twitter:data1\" content=\"6\u00a0Minuten\" \/>\n<script type=\"application\/ld+json\" class=\"yoast-schema-graph\">{\"@context\":\"https:\\\/\\\/schema.org\",\"@graph\":[{\"@type\":\"WebPage\",\"@id\":\"https:\\\/\\\/www.allgeier.com\\\/de\\\/investor-relations\\\/adhoc-announcements\\\/allgeier-plant-kapitalerhoehung-fuer-akquisitionen\\\/\",\"url\":\"https:\\\/\\\/www.allgeier.com\\\/de\\\/investor-relations\\\/adhoc-announcements\\\/allgeier-plant-kapitalerhoehung-fuer-akquisitionen\\\/\",\"name\":\"Allgeier plant Kapitalerh\u00f6hung f\u00fcr Akquisitionen - Allgeier SE\",\"isPartOf\":{\"@id\":\"https:\\\/\\\/www.allgeier.com\\\/de\\\/#website\"},\"datePublished\":\"2006-07-12T16:58:27+00:00\",\"dateModified\":\"2023-01-22T17:10:11+00:00\",\"breadcrumb\":{\"@id\":\"https:\\\/\\\/www.allgeier.com\\\/de\\\/investor-relations\\\/adhoc-announcements\\\/allgeier-plant-kapitalerhoehung-fuer-akquisitionen\\\/#breadcrumb\"},\"inLanguage\":\"de\",\"potentialAction\":[{\"@type\":\"ReadAction\",\"target\":[\"https:\\\/\\\/www.allgeier.com\\\/de\\\/investor-relations\\\/adhoc-announcements\\\/allgeier-plant-kapitalerhoehung-fuer-akquisitionen\\\/\"]}]},{\"@type\":\"BreadcrumbList\",\"@id\":\"https:\\\/\\\/www.allgeier.com\\\/de\\\/investor-relations\\\/adhoc-announcements\\\/allgeier-plant-kapitalerhoehung-fuer-akquisitionen\\\/#breadcrumb\",\"itemListElement\":[{\"@type\":\"ListItem\",\"position\":1,\"name\":\"Home\",\"item\":\"https:\\\/\\\/www.allgeier.com\\\/de\\\/\"},{\"@type\":\"ListItem\",\"position\":2,\"name\":\"Investor Relations\",\"item\":\"https:\\\/\\\/www.allgeier.com\\\/de\\\/investor-relations\\\/\"},{\"@type\":\"ListItem\",\"position\":3,\"name\":\"Ad hoc-Mitteilungen\",\"item\":\"https:\\\/\\\/www.allgeier.com\\\/de\\\/investor-relations\\\/adhoc-announcements\\\/\"},{\"@type\":\"ListItem\",\"position\":4,\"name\":\"Allgeier plant Kapitalerh\u00f6hung f\u00fcr Akquisitionen\"}]},{\"@type\":\"WebSite\",\"@id\":\"https:\\\/\\\/www.allgeier.com\\\/de\\\/#website\",\"url\":\"https:\\\/\\\/www.allgeier.com\\\/de\\\/\",\"name\":\"Allgeier SE\",\"description\":\"Software &amp; IT Services for digital transformation\",\"potentialAction\":[{\"@type\":\"SearchAction\",\"target\":{\"@type\":\"EntryPoint\",\"urlTemplate\":\"https:\\\/\\\/www.allgeier.com\\\/de\\\/?s={search_term_string}\"},\"query-input\":{\"@type\":\"PropertyValueSpecification\",\"valueRequired\":true,\"valueName\":\"search_term_string\"}}],\"inLanguage\":\"de\"}]}<\/script>\n<!-- \/ Yoast SEO plugin. -->","yoast_head_json":{"title":"Allgeier plant Kapitalerh\u00f6hung f\u00fcr Akquisitionen - Allgeier SE","robots":{"index":"index","follow":"follow","max-snippet":"max-snippet:-1","max-image-preview":"max-image-preview:large","max-video-preview":"max-video-preview:-1"},"canonical":"https:\/\/www.allgeier.com\/de\/investor-relations\/adhoc-announcements\/allgeier-plant-kapitalerhoehung-fuer-akquisitionen\/","og_locale":"de_DE","og_type":"article","og_title":"Allgeier plant Kapitalerh\u00f6hung f\u00fcr Akquisitionen - Allgeier SE","og_description":"Allgeier legt Jahresabschluss 2005 vor, keine wesentlichen Abweichungen zu bereits gemeldeten Zahlen Starker Ausbau der Gruppe durch drei weitere Beteiligungen geplant Deutliche Auswirkungen in 2007 erwartet: Umsatz ca. 210 Mio. \u20ac, EBIT ca. 14 Mio. \u20ac Pr\u00fcfung einer Kapitalerh\u00f6hung aus genehmigtem Kapital","og_url":"https:\/\/www.allgeier.com\/de\/investor-relations\/adhoc-announcements\/allgeier-plant-kapitalerhoehung-fuer-akquisitionen\/","og_site_name":"Allgeier SE","article_modified_time":"2023-01-22T17:10:11+00:00","twitter_card":"summary_large_image","twitter_misc":{"Gesch\u00e4tzte Lesezeit":"6\u00a0Minuten"},"schema":{"@context":"https:\/\/schema.org","@graph":[{"@type":"WebPage","@id":"https:\/\/www.allgeier.com\/de\/investor-relations\/adhoc-announcements\/allgeier-plant-kapitalerhoehung-fuer-akquisitionen\/","url":"https:\/\/www.allgeier.com\/de\/investor-relations\/adhoc-announcements\/allgeier-plant-kapitalerhoehung-fuer-akquisitionen\/","name":"Allgeier plant Kapitalerh\u00f6hung f\u00fcr Akquisitionen - Allgeier SE","isPartOf":{"@id":"https:\/\/www.allgeier.com\/de\/#website"},"datePublished":"2006-07-12T16:58:27+00:00","dateModified":"2023-01-22T17:10:11+00:00","breadcrumb":{"@id":"https:\/\/www.allgeier.com\/de\/investor-relations\/adhoc-announcements\/allgeier-plant-kapitalerhoehung-fuer-akquisitionen\/#breadcrumb"},"inLanguage":"de","potentialAction":[{"@type":"ReadAction","target":["https:\/\/www.allgeier.com\/de\/investor-relations\/adhoc-announcements\/allgeier-plant-kapitalerhoehung-fuer-akquisitionen\/"]}]},{"@type":"BreadcrumbList","@id":"https:\/\/www.allgeier.com\/de\/investor-relations\/adhoc-announcements\/allgeier-plant-kapitalerhoehung-fuer-akquisitionen\/#breadcrumb","itemListElement":[{"@type":"ListItem","position":1,"name":"Home","item":"https:\/\/www.allgeier.com\/de\/"},{"@type":"ListItem","position":2,"name":"Investor Relations","item":"https:\/\/www.allgeier.com\/de\/investor-relations\/"},{"@type":"ListItem","position":3,"name":"Ad hoc-Mitteilungen","item":"https:\/\/www.allgeier.com\/de\/investor-relations\/adhoc-announcements\/"},{"@type":"ListItem","position":4,"name":"Allgeier plant Kapitalerh\u00f6hung f\u00fcr Akquisitionen"}]},{"@type":"WebSite","@id":"https:\/\/www.allgeier.com\/de\/#website","url":"https:\/\/www.allgeier.com\/de\/","name":"Allgeier SE","description":"Software &amp; IT Services for digital transformation","potentialAction":[{"@type":"SearchAction","target":{"@type":"EntryPoint","urlTemplate":"https:\/\/www.allgeier.com\/de\/?s={search_term_string}"},"query-input":{"@type":"PropertyValueSpecification","valueRequired":true,"valueName":"search_term_string"}}],"inLanguage":"de"}]}},"_links":{"self":[{"href":"https:\/\/www.allgeier.com\/de\/wp-json\/wp\/v2\/pages\/5682","targetHints":{"allow":["GET"]}}],"collection":[{"href":"https:\/\/www.allgeier.com\/de\/wp-json\/wp\/v2\/pages"}],"about":[{"href":"https:\/\/www.allgeier.com\/de\/wp-json\/wp\/v2\/types\/page"}],"author":[{"embeddable":true,"href":"https:\/\/www.allgeier.com\/de\/wp-json\/wp\/v2\/users\/4"}],"replies":[{"embeddable":true,"href":"https:\/\/www.allgeier.com\/de\/wp-json\/wp\/v2\/comments?post=5682"}],"version-history":[{"count":1,"href":"https:\/\/www.allgeier.com\/de\/wp-json\/wp\/v2\/pages\/5682\/revisions"}],"predecessor-version":[{"id":5683,"href":"https:\/\/www.allgeier.com\/de\/wp-json\/wp\/v2\/pages\/5682\/revisions\/5683"}],"up":[{"embeddable":true,"href":"https:\/\/www.allgeier.com\/de\/wp-json\/wp\/v2\/pages\/1155"}],"wp:attachment":[{"href":"https:\/\/www.allgeier.com\/de\/wp-json\/wp\/v2\/media?parent=5682"}],"wp:term":[{"taxonomy":"category","embeddable":true,"href":"https:\/\/www.allgeier.com\/de\/wp-json\/wp\/v2\/categories?post=5682"},{"taxonomy":"post_tag","embeddable":true,"href":"https:\/\/www.allgeier.com\/de\/wp-json\/wp\/v2\/tags?post=5682"}],"curies":[{"name":"wp","href":"https:\/\/api.w.org\/{rel}","templated":true}]}}