{"id":5686,"date":"2006-06-16T13:43:53","date_gmt":"2006-06-16T13:43:53","guid":{"rendered":"https:\/\/www.allgeier.com\/de\/?page_id=5686"},"modified":"2023-01-22T17:10:11","modified_gmt":"2023-01-22T17:10:11","slug":"allgeier-meldet-mit-dem-wirtschaftspruefer-abgestimmte-konzernzahlen-2005-und-bestaetigt-prognose-2006","status":"publish","type":"page","link":"https:\/\/www.allgeier.com\/de\/investor-relations\/adhoc-announcements\/allgeier-meldet-mit-dem-wirtschaftspruefer-abgestimmte-konzernzahlen-2005-und-bestaetigt-prognose-2006\/","title":{"rendered":"Allgeier meldet mit dem Wirtschaftspr\u00fcfer abgestimmte Konzernzahlen 2005 und best\u00e4tigt Prognose 2006"},"content":{"rendered":"<p><b>Allgeier Holding AG \/ Jahresergebnis<\/b>Ad-hoc-Meldung nach \u00a7 15 WpHG \u00fcbermittelt durch die DGAP &#8211; ein Unternehmen der EquityStory AG.F\u00fcr den Inhalt der Mitteilung ist der Emittent verantwortlich.&#8212;&#8212;&#8212;&#8212;&#8212;&#8212;&#8212;&#8212;&#8212;&#8212;&#8212;&#8212;&#8212;&#8212;&#8212;&#8212;&#8212;&#8212;&#8212;&#8212;&#8212;&#8212;&#8212;&#8212;&#8212;M\u00fcnchen, 16.06.2006 &#8211; Allgeier Holding AG meldete am 02.05.2006Abweichungen zu den vorl\u00e4ufigen Zahlen 2005 aufgrund von IFRS Bilanzierung.Inzwischen liegen die mit dem Wirtschaftspr\u00fcfer abgestimmtenKonzernergebnisse f\u00fcr das Jahr 2005 vor. Der Konzernumsatz 2005 konntegegen\u00fcber Vorjahr um 82 % auf 72,0 Mio. EUR (Vorjahr 39,6 Mio. EUR)gesteigert werden. Das Ergebnis vor Abschreibungen und Zinsen (EBITDA)stieg um 93 % auf 5,8 Mio. EUR (Vorjahr 3,0 Mio. EUR). Nach Abschreibungenentstand im Konzern ein Ergebnis vor Zinsen und Steuern (EBIT) von 3,3 Mio.EUR (Vorjahr \u20132,6 Mio. EUR), das Ergebnis vor Steuern lag mit 2,4 Mio. EURebenfalls deutlich \u00fcber dem Vorjahr (Vorjahr -2,8 Mio. EUR). Nach hohenVerlusten in den Vorjahren konnte der Konzern in 2005 erstmals wieder einpositives Ergebnis nach Steuern und Minderheitsanteilen von 2,0 Mio. EURerwirtschaften (Vorjahr -1,1 Mio. EUR).Der gepr\u00fcfte Konzernabschluss 2005 wird im Juli 2006 dem Aufsichtsratvorgelegt.F\u00fcr das Gesch\u00e4ftsjahr 2006 best\u00e4tigt der Vorstand seine im M\u00e4rz 2006ver\u00f6ffentlichte Prognose und geht nach wie vor von einem Konzernumsatz 2006von \u00fcber 120 Mio. EUR und einem Konzern-EBIT von ca. 9 Mio. EUR aus.Ferner teilte der Vorstand am 02.05.2006 mit, dass die Deutsche Pr\u00fcfstellef\u00fcr Rechnungslegung (DPR) den Konzernabschluss der Allgeier Holding AG f\u00fcrdas Gesch\u00e4ftsjahr 2004 pr\u00fcft. Die mit der Pr\u00fcfstelle abgestimmtenPr\u00fcfungsfeststellungen werden Anpassungen bei den zum 31.12.2004aktivierten latenten Steuern und der Verteilung des Unterschiedsbetragszwischen dem Kaufpreis und den erworbenen Verm\u00f6genswerten und Schuldeneiner in 2004 akquirierten Gesellschaft sowie daraus resultierendenAufwendungen zur Folge haben. Die Anpassungen betragen rund 3 Mio. EUR undwerden erfolgsneutral gegen das Eigenkapital verbucht. S\u00e4mtliche Effektesind Cash Flow neutral.Kontakt:Allgeier Holding AGChristian EggenbergerVorstandWehrlestr. 1281679 M\u00fcnchenTel. 089 \u2013 998421-0Fax 089 \u2013 998421-11E-Mail: ir@allgeier-holding.dewww.allgeier-holding.deDas UnternehmenDie Allgeier Holding AG fungiert als F\u00fchrungsholding einer europaweitagierenden Unternehmensgruppe, die sich auf zwei wachstumsstarke M\u00e4rktekonzentriert: IT-Services und Personal-Services. Mit unseren IT-Servicesunterst\u00fctzen wir Unternehmen bei der Umsetzung von Innovationen, derVerbesserung des Informationsflusses und der Optimierung vonGesch\u00e4ftsabl\u00e4ufen. Die on-demand Personal-Services helfen unseren Kunden,ihre Prozesse und Kapazit\u00e4ten flexibel an die Auftragslage anzupassen. Ende2005 besch\u00e4ftigte die Allgeier-Gruppe \u00fcber 2000 Mitarbeiter in neuneigenst\u00e4ndigen, leistungsf\u00e4higen Mittelstands-Unternehmen. Die AllgeierHolding AG hat ihren Sitz in M\u00fcnchen und ist am geregelten Markt derFrankfurter B\u00f6rse im Segment General Standard notiert (WKN 508630\/ISIN DE000508630).Wichtiger Hinweis:Diese Ad-hoc Mitteilung\/Pressemitteilung enth\u00e4lt in die Zukunft gerichteteAussagen, die auf Annahmen und Sch\u00e4tzungen der Unternehmensleitung derAllgeier Holding AG beruhen. Auch wenn die Unternehmensleitung der Ansichtist, dass diese Annahmen und Sch\u00e4tzungen zutreffend sind, k\u00f6nnen diek\u00fcnftige tats\u00e4chliche Entwicklung und die k\u00fcnftigen tats\u00e4chlichenErgebnisse von diesen Annahmen und Sch\u00e4tzungen aufgrund vielf\u00e4ltigerFaktoren erheblich abweichen. Zu diesen Faktoren k\u00f6nnen beispielsweise dieVer\u00e4nderung der gesamtwirtschaftlichen Lage, der Wechselkurse, derZinss\u00e4tze sowie Ver\u00e4nderungen innerhalb der Marktentwicklung und der sichver\u00e4nderten Wettbewerbssituation geh\u00f6ren. Die Allgeier Holding AG \u00fcbernimmtkeine Gew\u00e4hrleistung und keine Haftung daf\u00fcr, dass die k\u00fcnftige Entwicklungund die k\u00fcnftig erzielten tats\u00e4chlichen Ergebnisse mit den in dieser Ad-hocMitteilung\/Pressemitteilung ge\u00e4u\u00dferten Annahmen und Sch\u00e4tzungen\u00fcbereinstimmen werden.DGAP 16.06.2006 &#8212;&#8212;&#8212;&#8212;&#8212;&#8212;&#8212;&#8212;&#8212;&#8212;&#8212;&#8212;&#8212;&#8212;&#8212;&#8212;&#8212;&#8212;&#8212;&#8212;&#8212;&#8212;&#8212;&#8212;&#8212; Sprache:      DeutschEmittent:     Allgeier Holding AG              Wehrlestrasse 12              81679 M\u00fcnchen DeutschlandTelefon:      +49 (0)89 998 421-0Fax:          +49 (0)89 998 421-11Email:        info@allgeier.comWWW:          www.allgeier-holding.comISIN:         DE0005086300WKN:          508630Indizes:      CDAXB\u00f6rsen:       Geregelter Markt in Frankfurt (General Standard); Freiverkehr              in Berlin-Bremen, Hannover, D\u00fcsseldorf, Hamburg, Stuttgart Ende der Mitteilung                             DGAP News-Service &#8212;&#8212;&#8212;&#8212;&#8212;&#8212;&#8212;&#8212;&#8212;&#8212;&#8212;&#8212;&#8212;&#8212;&#8212;&#8212;&#8212;&#8212;&#8212;&#8212;&#8212;&#8212;&#8212;&#8212;&#8212;<\/p>\n","protected":false},"excerpt":{"rendered":"<p>M\u00fcnchen, 16.06.2006 &#8211; Allgeier Holding AG meldete am 02.05.2006 Abweichungen zu den vorl\u00e4ufigen Zahlen 2005 aufgrund von IFRS Bilanzierung. Inzwischen liegen die mit dem Wirtschaftspr\u00fcfer abgestimmten Konzernergebnisse f\u00fcr das Jahr 2005 vor. Der Konzernumsatz 2005 konnte gegen\u00fcber Vorjahr um 82 % auf<\/p>\n","protected":false},"author":4,"featured_media":0,"parent":1155,"menu_order":0,"comment_status":"close","ping_status":"closed","template":"","meta":{"_acf_changed":false,"footnotes":""},"categories":[],"tags":[],"class_list":["post-5686","page","type-page","status-publish","hentry"],"acf":[],"yoast_head":"<!-- This site is optimized with the Yoast SEO plugin v27.4 - https:\/\/yoast.com\/product\/yoast-seo-wordpress\/ -->\n<title>Allgeier meldet mit dem Wirtschaftspr\u00fcfer abgestimmte Konzernzahlen 2005 und best\u00e4tigt Prognose 2006 - Allgeier SE<\/title>\n<meta name=\"robots\" content=\"index, follow, max-snippet:-1, max-image-preview:large, max-video-preview:-1\" \/>\n<link rel=\"canonical\" href=\"https:\/\/www.allgeier.com\/de\/investor-relations\/adhoc-announcements\/allgeier-meldet-mit-dem-wirtschaftspruefer-abgestimmte-konzernzahlen-2005-und-bestaetigt-prognose-2006\/\" \/>\n<meta property=\"og:locale\" content=\"de_DE\" \/>\n<meta property=\"og:type\" content=\"article\" \/>\n<meta property=\"og:title\" content=\"Allgeier meldet mit dem Wirtschaftspr\u00fcfer abgestimmte Konzernzahlen 2005 und best\u00e4tigt Prognose 2006 - Allgeier SE\" \/>\n<meta property=\"og:description\" content=\"M\u00fcnchen, 16.06.2006 - Allgeier Holding AG meldete am 02.05.2006 Abweichungen zu den vorl\u00e4ufigen Zahlen 2005 aufgrund von IFRS Bilanzierung. Inzwischen liegen die mit dem Wirtschaftspr\u00fcfer abgestimmten Konzernergebnisse f\u00fcr das Jahr 2005 vor. Der Konzernumsatz 2005 konnte gegen\u00fcber Vorjahr um 82 % auf\" \/>\n<meta property=\"og:url\" content=\"https:\/\/www.allgeier.com\/de\/investor-relations\/adhoc-announcements\/allgeier-meldet-mit-dem-wirtschaftspruefer-abgestimmte-konzernzahlen-2005-und-bestaetigt-prognose-2006\/\" \/>\n<meta property=\"og:site_name\" content=\"Allgeier SE\" \/>\n<meta property=\"article:modified_time\" content=\"2023-01-22T17:10:11+00:00\" \/>\n<meta name=\"twitter:card\" content=\"summary_large_image\" \/>\n<meta name=\"twitter:label1\" content=\"Gesch\u00e4tzte Lesezeit\" \/>\n\t<meta name=\"twitter:data1\" content=\"3\u00a0Minuten\" \/>\n<script type=\"application\/ld+json\" class=\"yoast-schema-graph\">{\"@context\":\"https:\\\/\\\/schema.org\",\"@graph\":[{\"@type\":\"WebPage\",\"@id\":\"https:\\\/\\\/www.allgeier.com\\\/de\\\/investor-relations\\\/adhoc-announcements\\\/allgeier-meldet-mit-dem-wirtschaftspruefer-abgestimmte-konzernzahlen-2005-und-bestaetigt-prognose-2006\\\/\",\"url\":\"https:\\\/\\\/www.allgeier.com\\\/de\\\/investor-relations\\\/adhoc-announcements\\\/allgeier-meldet-mit-dem-wirtschaftspruefer-abgestimmte-konzernzahlen-2005-und-bestaetigt-prognose-2006\\\/\",\"name\":\"Allgeier meldet mit dem Wirtschaftspr\u00fcfer abgestimmte Konzernzahlen 2005 und best\u00e4tigt Prognose 2006 - Allgeier SE\",\"isPartOf\":{\"@id\":\"https:\\\/\\\/www.allgeier.com\\\/de\\\/#website\"},\"datePublished\":\"2006-06-16T13:43:53+00:00\",\"dateModified\":\"2023-01-22T17:10:11+00:00\",\"breadcrumb\":{\"@id\":\"https:\\\/\\\/www.allgeier.com\\\/de\\\/investor-relations\\\/adhoc-announcements\\\/allgeier-meldet-mit-dem-wirtschaftspruefer-abgestimmte-konzernzahlen-2005-und-bestaetigt-prognose-2006\\\/#breadcrumb\"},\"inLanguage\":\"de\",\"potentialAction\":[{\"@type\":\"ReadAction\",\"target\":[\"https:\\\/\\\/www.allgeier.com\\\/de\\\/investor-relations\\\/adhoc-announcements\\\/allgeier-meldet-mit-dem-wirtschaftspruefer-abgestimmte-konzernzahlen-2005-und-bestaetigt-prognose-2006\\\/\"]}]},{\"@type\":\"BreadcrumbList\",\"@id\":\"https:\\\/\\\/www.allgeier.com\\\/de\\\/investor-relations\\\/adhoc-announcements\\\/allgeier-meldet-mit-dem-wirtschaftspruefer-abgestimmte-konzernzahlen-2005-und-bestaetigt-prognose-2006\\\/#breadcrumb\",\"itemListElement\":[{\"@type\":\"ListItem\",\"position\":1,\"name\":\"Home\",\"item\":\"https:\\\/\\\/www.allgeier.com\\\/de\\\/\"},{\"@type\":\"ListItem\",\"position\":2,\"name\":\"Investor Relations\",\"item\":\"https:\\\/\\\/www.allgeier.com\\\/de\\\/investor-relations\\\/\"},{\"@type\":\"ListItem\",\"position\":3,\"name\":\"Ad hoc-Mitteilungen\",\"item\":\"https:\\\/\\\/www.allgeier.com\\\/de\\\/investor-relations\\\/adhoc-announcements\\\/\"},{\"@type\":\"ListItem\",\"position\":4,\"name\":\"Allgeier meldet mit dem Wirtschaftspr\u00fcfer abgestimmte Konzernzahlen 2005 und best\u00e4tigt Prognose 2006\"}]},{\"@type\":\"WebSite\",\"@id\":\"https:\\\/\\\/www.allgeier.com\\\/de\\\/#website\",\"url\":\"https:\\\/\\\/www.allgeier.com\\\/de\\\/\",\"name\":\"Allgeier SE\",\"description\":\"Software &amp; IT Services for digital transformation\",\"potentialAction\":[{\"@type\":\"SearchAction\",\"target\":{\"@type\":\"EntryPoint\",\"urlTemplate\":\"https:\\\/\\\/www.allgeier.com\\\/de\\\/?s={search_term_string}\"},\"query-input\":{\"@type\":\"PropertyValueSpecification\",\"valueRequired\":true,\"valueName\":\"search_term_string\"}}],\"inLanguage\":\"de\"}]}<\/script>\n<!-- \/ Yoast SEO plugin. -->","yoast_head_json":{"title":"Allgeier meldet mit dem Wirtschaftspr\u00fcfer abgestimmte Konzernzahlen 2005 und best\u00e4tigt Prognose 2006 - Allgeier SE","robots":{"index":"index","follow":"follow","max-snippet":"max-snippet:-1","max-image-preview":"max-image-preview:large","max-video-preview":"max-video-preview:-1"},"canonical":"https:\/\/www.allgeier.com\/de\/investor-relations\/adhoc-announcements\/allgeier-meldet-mit-dem-wirtschaftspruefer-abgestimmte-konzernzahlen-2005-und-bestaetigt-prognose-2006\/","og_locale":"de_DE","og_type":"article","og_title":"Allgeier meldet mit dem Wirtschaftspr\u00fcfer abgestimmte Konzernzahlen 2005 und best\u00e4tigt Prognose 2006 - Allgeier SE","og_description":"M\u00fcnchen, 16.06.2006 - Allgeier Holding AG meldete am 02.05.2006 Abweichungen zu den vorl\u00e4ufigen Zahlen 2005 aufgrund von IFRS Bilanzierung. Inzwischen liegen die mit dem Wirtschaftspr\u00fcfer abgestimmten Konzernergebnisse f\u00fcr das Jahr 2005 vor. Der Konzernumsatz 2005 konnte gegen\u00fcber Vorjahr um 82 % auf","og_url":"https:\/\/www.allgeier.com\/de\/investor-relations\/adhoc-announcements\/allgeier-meldet-mit-dem-wirtschaftspruefer-abgestimmte-konzernzahlen-2005-und-bestaetigt-prognose-2006\/","og_site_name":"Allgeier SE","article_modified_time":"2023-01-22T17:10:11+00:00","twitter_card":"summary_large_image","twitter_misc":{"Gesch\u00e4tzte Lesezeit":"3\u00a0Minuten"},"schema":{"@context":"https:\/\/schema.org","@graph":[{"@type":"WebPage","@id":"https:\/\/www.allgeier.com\/de\/investor-relations\/adhoc-announcements\/allgeier-meldet-mit-dem-wirtschaftspruefer-abgestimmte-konzernzahlen-2005-und-bestaetigt-prognose-2006\/","url":"https:\/\/www.allgeier.com\/de\/investor-relations\/adhoc-announcements\/allgeier-meldet-mit-dem-wirtschaftspruefer-abgestimmte-konzernzahlen-2005-und-bestaetigt-prognose-2006\/","name":"Allgeier meldet mit dem Wirtschaftspr\u00fcfer abgestimmte Konzernzahlen 2005 und best\u00e4tigt Prognose 2006 - Allgeier SE","isPartOf":{"@id":"https:\/\/www.allgeier.com\/de\/#website"},"datePublished":"2006-06-16T13:43:53+00:00","dateModified":"2023-01-22T17:10:11+00:00","breadcrumb":{"@id":"https:\/\/www.allgeier.com\/de\/investor-relations\/adhoc-announcements\/allgeier-meldet-mit-dem-wirtschaftspruefer-abgestimmte-konzernzahlen-2005-und-bestaetigt-prognose-2006\/#breadcrumb"},"inLanguage":"de","potentialAction":[{"@type":"ReadAction","target":["https:\/\/www.allgeier.com\/de\/investor-relations\/adhoc-announcements\/allgeier-meldet-mit-dem-wirtschaftspruefer-abgestimmte-konzernzahlen-2005-und-bestaetigt-prognose-2006\/"]}]},{"@type":"BreadcrumbList","@id":"https:\/\/www.allgeier.com\/de\/investor-relations\/adhoc-announcements\/allgeier-meldet-mit-dem-wirtschaftspruefer-abgestimmte-konzernzahlen-2005-und-bestaetigt-prognose-2006\/#breadcrumb","itemListElement":[{"@type":"ListItem","position":1,"name":"Home","item":"https:\/\/www.allgeier.com\/de\/"},{"@type":"ListItem","position":2,"name":"Investor Relations","item":"https:\/\/www.allgeier.com\/de\/investor-relations\/"},{"@type":"ListItem","position":3,"name":"Ad hoc-Mitteilungen","item":"https:\/\/www.allgeier.com\/de\/investor-relations\/adhoc-announcements\/"},{"@type":"ListItem","position":4,"name":"Allgeier meldet mit dem Wirtschaftspr\u00fcfer abgestimmte Konzernzahlen 2005 und best\u00e4tigt Prognose 2006"}]},{"@type":"WebSite","@id":"https:\/\/www.allgeier.com\/de\/#website","url":"https:\/\/www.allgeier.com\/de\/","name":"Allgeier SE","description":"Software &amp; IT Services for digital transformation","potentialAction":[{"@type":"SearchAction","target":{"@type":"EntryPoint","urlTemplate":"https:\/\/www.allgeier.com\/de\/?s={search_term_string}"},"query-input":{"@type":"PropertyValueSpecification","valueRequired":true,"valueName":"search_term_string"}}],"inLanguage":"de"}]}},"_links":{"self":[{"href":"https:\/\/www.allgeier.com\/de\/wp-json\/wp\/v2\/pages\/5686","targetHints":{"allow":["GET"]}}],"collection":[{"href":"https:\/\/www.allgeier.com\/de\/wp-json\/wp\/v2\/pages"}],"about":[{"href":"https:\/\/www.allgeier.com\/de\/wp-json\/wp\/v2\/types\/page"}],"author":[{"embeddable":true,"href":"https:\/\/www.allgeier.com\/de\/wp-json\/wp\/v2\/users\/4"}],"replies":[{"embeddable":true,"href":"https:\/\/www.allgeier.com\/de\/wp-json\/wp\/v2\/comments?post=5686"}],"version-history":[{"count":1,"href":"https:\/\/www.allgeier.com\/de\/wp-json\/wp\/v2\/pages\/5686\/revisions"}],"predecessor-version":[{"id":5687,"href":"https:\/\/www.allgeier.com\/de\/wp-json\/wp\/v2\/pages\/5686\/revisions\/5687"}],"up":[{"embeddable":true,"href":"https:\/\/www.allgeier.com\/de\/wp-json\/wp\/v2\/pages\/1155"}],"wp:attachment":[{"href":"https:\/\/www.allgeier.com\/de\/wp-json\/wp\/v2\/media?parent=5686"}],"wp:term":[{"taxonomy":"category","embeddable":true,"href":"https:\/\/www.allgeier.com\/de\/wp-json\/wp\/v2\/categories?post=5686"},{"taxonomy":"post_tag","embeddable":true,"href":"https:\/\/www.allgeier.com\/de\/wp-json\/wp\/v2\/tags?post=5686"}],"curies":[{"name":"wp","href":"https:\/\/api.w.org\/{rel}","templated":true}]}}