{"id":5688,"date":"2006-05-02T17:25:32","date_gmt":"2006-05-02T17:25:32","guid":{"rendered":"https:\/\/www.allgeier.com\/de\/?page_id=5688"},"modified":"2023-01-22T17:10:12","modified_gmt":"2023-01-22T17:10:12","slug":"jahresabschlusspruefung-ergibt-abweichungen-zu-vorlaeufigen-konzernergebnissen-2005-aufgrund-ifrs-bilanzierung","status":"publish","type":"page","link":"https:\/\/www.allgeier.com\/de\/investor-relations\/adhoc-announcements\/jahresabschlusspruefung-ergibt-abweichungen-zu-vorlaeufigen-konzernergebnissen-2005-aufgrund-ifrs-bilanzierung\/","title":{"rendered":"Jahresabschlusspr\u00fcfung ergibt Abweichungen zu vorl\u00e4ufigen Konzernergebnissen 2005 aufgrund IFRS Bilanzierung"},"content":{"rendered":"<p><b>Allgeier Holding AG \/ Vorl\u00e4ufiges Ergebnis<\/b>Ad-hoc-Meldung nach \u00a7 15 WpHG \u00fcbermittelt durch die DGAP &#8211; ein Unternehmen der EquityStory AG.F\u00fcr den Inhalt der Mitteilung ist der Emittent verantwortlich.&#8212;&#8212;&#8212;&#8212;&#8212;&#8212;&#8212;&#8212;&#8212;&#8212;&#8212;&#8212;&#8212;&#8212;&#8212;&#8212;&#8212;&#8212;&#8212;&#8212;&#8212;&#8212;&#8212;&#8212;&#8212;M\u00fcnchen, 02.05.2006 \u2013 Allgeier Holding AG hat in der Ad-hoc Mitteilung vom3.2.2006 die vorl\u00e4ufigen Konzernergebnisse f\u00fcr das Gesch\u00e4ftsjahr 2005mitgeteilt, die sich aus dem vom Vorstand aufgestellten, noch nichtgepr\u00fcften Konzernabschluss gem\u00e4\u00df IFRS ergeben haben. Der Konzernabschlusswird derzeit von den Abschlusspr\u00fcfern der Gesellschaft gepr\u00fcft. Im Laufeder Pr\u00fcfungsarbeiten haben sich Punkte ergeben, die aufgrundunterschiedlicher Auffassungen bei der Anwendung einzelnerBilanzierungsregeln gem\u00e4\u00df IFRS voraussichtlich zu einer von dem vorl\u00e4ufigenKonzernabschluss abweichenden Bilanzierung f\u00fchren werden. DieseAbweichungen werden Auswirkungen auf das im Konzernabschluss 2005auszuweisende Ergebnis haben. Davon nicht betroffen sind die Angaben zumoperativen Gesch\u00e4ft der Konzerngesellschaften.Im Einzelnen handelt es sich insbesondere um die folgenden Punkte:- Bei der Erstkonsolidierung der in 2005 in den Konzern eingegliedertenNeuakquisitionen wird voraussichtlich als Ergebnis derKonzernabschlusspr\u00fcfung eine Ver\u00e4nderung der bilanziellen Zusammensetzungder zu aktivierenden Wirtschaftsg\u00fcter, insbesondere Firmenwerte vorzunehmensein. Von den insgesamt aktivierten Firmenwerten der Neuakquisitionen inH\u00f6he von ca. \u20ac 14 Mio. ist ein Anteil von ca. \u20ac 3 Mio. im Zuge der PurchasePrice Allocation umzugliedern. Dies wird voraussichtlich zu h\u00f6herem Aufwand(Materialaufwand, Abschreibungen) in der Gr\u00f6\u00dfenordnung von ca. \u20ac 1,3 Mio.f\u00fchren mit der Folge einer entsprechenden Reduzierung des Ergebnisausweisesim Konzernabschluss.- Bei der Entkonsolidierung des in 2005 ver\u00e4u\u00dferten Gesch\u00e4ftsbereichsBasistechnologien ist voraussichtlich gegen\u00fcber dem vorl\u00e4ufigenKonzernabschluss eine \u00c4nderung des bilanziellen Ausweises von latentenSteuern vorzunehmen. Die betreffenden Ergebnispositionen werden dabei nichtmehr als sonstige Ertr\u00e4ge ausgewiesen, sondern unmittelbar demSteuerausweis zugeordnet. Dadurch reduziert sich das Ergebnis vor Steuernentsprechend. Die \u00c4nderung ist jedoch ohne Auswirkung auf denJahres\u00fcberschuss des Konzerns.Ferner pr\u00fcft die Deutsche Pr\u00fcfstelle f\u00fcr Rechnungslegung (DPR) seitNovember 2005 den Konzernabschluss der Allgeier Holding AG f\u00fcr dasGesch\u00e4ftsjahr 2004. Dabei hat die DPR eine von der Auffassung derVerwaltung der Allgeier Holding AG und der Konzernabschlusspr\u00fcferabweichende Auffassung zur Auslegung einzelner Bilanzierungsregeln gem\u00e4\u00dfIFRS entwickelt. Diese Auffassungsunterschiede betreffen insbesondere dieBilanzierung latenter Steuern im Gesch\u00e4ftsjahr 2004 auf Konzernebene unddie Verteilung des Unterschiedsbetrags zwischen dem Kaufpreis und demerworbenen Eigenkapital einer in 2004 erfolgten Akquisition. W\u00e4hrend derVorstand und der Abschlusspr\u00fcfer der Gesellschaft den Unterschiedsbetragdem Firmenwert zugeordnet haben, scheint die DPR Teile desUnterschiedsbetrages dem Auftragsbestand und dem Kundenstamm zuordnen zuwollen. Dies w\u00fcrde in 2004 und den Folgejahren zu erh\u00f6hten Aufwendungen undentsprechenden Ergebnisreduzierungen f\u00fchren.Der Vorstand erw\u00e4gt den Konzernabschluss 2004 entsprechend der von der DPRvertretenen Auffassung zu \u00e4ndern um den zeitaufw\u00e4ndigen undkapazit\u00e4tsbindenden Pr\u00fcfungs- und Diskussionsprozess mit der DPR damit zubeenden. Die m\u00f6gliche \u00c4nderung des Konzernabschlusses f\u00fcr das Gesch\u00e4ftsjahr2004 w\u00fcrde zu einer Anpassung bei der Aktivierung latenter Steuern in derGr\u00f6\u00dfenordnung von ca. \u20ac 4,0 Mio. und einer entsprechenden Reduzierung derVorjahreszahlen des Konzerns f\u00fchren. Als Folge m\u00fcsste aber ein wesentlicherTeilbetrag im Konzernabschluss 2005 ergebniserh\u00f6hend wieder gebildetwerden, sodass es sich im Wesentlichen um Verschiebungseffekte zwischen2004 und 2005 handelt.Die Abschlusspr\u00fcfung f\u00fcr den Konzernabschluss 2005 ist noch nicht beendet.Der Vorstand wird die vorstehenden Punkte umfassend mit denAbschlusspr\u00fcfern diskutieren und danach eine abschlie\u00dfende Entscheidung\u00fcber die endg\u00fcltige Fassung des Konzernabschlusses 2005 treffen.Kontakt:Allgeier Holding AGChristian EggenbergerVorstandWehrlestr. 1281679 M\u00fcnchenTel. 089 \u2013 998421-0Fax 089 \u2013 998421-11E-Mail: ir@allgeier-holding.dewww.allgeier-holding.deDas UnternehmenDie Allgeier Holding AG fungiert als F\u00fchrungsholding einer europaweitagierenden Unternehmensgruppe, die sich auf zwei wachstumsstarke M\u00e4rktekonzentriert: IT-Services und Personal-Services. Mit unseren IT-Servicesunterst\u00fctzen wir Unternehmen bei der Umsetzung von Innovationen, derVerbesserung des Informationsflusses und der Optimierung vonGesch\u00e4ftsabl\u00e4ufen. Die on-demand Personal-Services helfen unseren Kunden,ihre Prozesse und Kapazit\u00e4ten flexibel an die Auftragslage anzupassen. Ende2005 besch\u00e4ftigte die Allgeier-Gruppe \u00fcber 2000 Mitarbeiter in neuneigenst\u00e4ndigen, leistungsf\u00e4higen Mittelstands-Unternehmen. Die AllgeierHolding AG hat ihren Sitz in M\u00fcnchen und ist am geregelten Markt derFrankfurter B\u00f6rse im Segment General Standard notiert (WKN 508630\/ISIN DE000508630).Wichtiger Hinweis:Diese Ad-hoc Mitteilung\/Pressemitteilung enth\u00e4lt in die Zukunft gerichteteAussagen, die auf Annahmen und Sch\u00e4tzungen der Unternehmensleitung derAllgeier Holding AG beruhen. Auch wenn die Unternehmensleitung der Ansichtist, dass diese Annahmen und Sch\u00e4tzungen zutreffend sind, k\u00f6nnen diek\u00fcnftige tats\u00e4chliche Entwicklung und die k\u00fcnftigen tats\u00e4chlichenErgebnisse von diesen Annahmen und Sch\u00e4tzungen aufgrund vielf\u00e4ltigerFaktoren erheblich abweichen. Zu diesen Faktoren k\u00f6nnen beispielsweise dieVer\u00e4nderung der gesamtwirtschaftlichen Lage, der Wechselkurse, derZinss\u00e4tze sowie Ver\u00e4nderungen innerhalb der Marktentwicklung und der sichver\u00e4nderten Wettbewerbssituation geh\u00f6ren. Die Allgeier Holding AG \u00fcbernimmtkeine Gew\u00e4hrleistung und keine Haftung daf\u00fcr, dass die k\u00fcnftige Entwicklungund die k\u00fcnftig erzielten tats\u00e4chlichen Ergebnisse mit den in dieser Ad-hocMitteilung\/Pressemitteilung ge\u00e4u\u00dferten Annahmen und Sch\u00e4tzungen\u00fcbereinstimmen werden.DGAP 02.05.2006 &#8212;&#8212;&#8212;&#8212;&#8212;&#8212;&#8212;&#8212;&#8212;&#8212;&#8212;&#8212;&#8212;&#8212;&#8212;&#8212;&#8212;&#8212;&#8212;&#8212;&#8212;&#8212;&#8212;&#8212;&#8212; Sprache:      DeutschEmittent:     Allgeier Holding AG              Wehrlestrasse 12              81679 M\u00fcnchen DeutschlandTelefon:      +49 (0)89 998 421-0Fax:          +49 (0)89 998 421-11Email:        info@allgeier.comWWW:          www.allgeier-holding.comISIN:         DE0005086300WKN:          508630Indizes:      CDAXB\u00f6rsen:       Geregelter Markt in Frankfurt (General Standard); Freiverkehr              in Berlin-Bremen, Hannover, D\u00fcsseldorf, Hamburg, Stuttgart Ende der Mitteilung                             DGAP News-Service &#8212;&#8212;&#8212;&#8212;&#8212;&#8212;&#8212;&#8212;&#8212;&#8212;&#8212;&#8212;&#8212;&#8212;&#8212;&#8212;&#8212;&#8212;&#8212;&#8212;&#8212;&#8212;&#8212;&#8212;&#8212;<\/p>\n","protected":false},"excerpt":{"rendered":"<p>M\u00fcnchen, 02.05.2006 \u2013 Allgeier Holding AG hat in der Ad-hoc Mitteilung vom 3.2.2006 die vorl\u00e4ufigen Konzernergebnisse f\u00fcr das Gesch\u00e4ftsjahr 2005 mitgeteilt, die sich aus dem vom Vorstand aufgestellten, noch nicht gepr\u00fcften Konzernabschluss gem\u00e4\u00df IFRS ergeben haben. Der Konzernabschluss wird derzeit von<\/p>\n","protected":false},"author":4,"featured_media":0,"parent":1155,"menu_order":0,"comment_status":"close","ping_status":"closed","template":"","meta":{"_acf_changed":false,"footnotes":""},"categories":[],"tags":[],"class_list":["post-5688","page","type-page","status-publish","hentry"],"acf":[],"yoast_head":"<!-- This site is optimized with the Yoast SEO plugin v27.4 - https:\/\/yoast.com\/product\/yoast-seo-wordpress\/ -->\n<title>Jahresabschlusspr\u00fcfung ergibt Abweichungen zu vorl\u00e4ufigen Konzernergebnissen 2005 aufgrund IFRS Bilanzierung - Allgeier SE<\/title>\n<meta name=\"robots\" content=\"index, follow, max-snippet:-1, max-image-preview:large, max-video-preview:-1\" \/>\n<link rel=\"canonical\" href=\"https:\/\/www.allgeier.com\/de\/investor-relations\/adhoc-announcements\/jahresabschlusspruefung-ergibt-abweichungen-zu-vorlaeufigen-konzernergebnissen-2005-aufgrund-ifrs-bilanzierung\/\" \/>\n<meta property=\"og:locale\" content=\"de_DE\" \/>\n<meta property=\"og:type\" content=\"article\" \/>\n<meta property=\"og:title\" content=\"Jahresabschlusspr\u00fcfung ergibt Abweichungen zu vorl\u00e4ufigen Konzernergebnissen 2005 aufgrund IFRS Bilanzierung - Allgeier SE\" \/>\n<meta property=\"og:description\" content=\"M\u00fcnchen, 02.05.2006 \u2013 Allgeier Holding AG hat in der Ad-hoc Mitteilung vom 3.2.2006 die vorl\u00e4ufigen Konzernergebnisse f\u00fcr das Gesch\u00e4ftsjahr 2005 mitgeteilt, die sich aus dem vom Vorstand aufgestellten, noch nicht gepr\u00fcften Konzernabschluss gem\u00e4\u00df IFRS ergeben haben. Der Konzernabschluss wird derzeit von\" \/>\n<meta property=\"og:url\" content=\"https:\/\/www.allgeier.com\/de\/investor-relations\/adhoc-announcements\/jahresabschlusspruefung-ergibt-abweichungen-zu-vorlaeufigen-konzernergebnissen-2005-aufgrund-ifrs-bilanzierung\/\" \/>\n<meta property=\"og:site_name\" content=\"Allgeier SE\" \/>\n<meta property=\"article:modified_time\" content=\"2023-01-22T17:10:12+00:00\" \/>\n<meta name=\"twitter:card\" content=\"summary_large_image\" \/>\n<meta name=\"twitter:label1\" content=\"Gesch\u00e4tzte Lesezeit\" \/>\n\t<meta name=\"twitter:data1\" content=\"4\u00a0Minuten\" \/>\n<script type=\"application\/ld+json\" class=\"yoast-schema-graph\">{\"@context\":\"https:\\\/\\\/schema.org\",\"@graph\":[{\"@type\":\"WebPage\",\"@id\":\"https:\\\/\\\/www.allgeier.com\\\/de\\\/investor-relations\\\/adhoc-announcements\\\/jahresabschlusspruefung-ergibt-abweichungen-zu-vorlaeufigen-konzernergebnissen-2005-aufgrund-ifrs-bilanzierung\\\/\",\"url\":\"https:\\\/\\\/www.allgeier.com\\\/de\\\/investor-relations\\\/adhoc-announcements\\\/jahresabschlusspruefung-ergibt-abweichungen-zu-vorlaeufigen-konzernergebnissen-2005-aufgrund-ifrs-bilanzierung\\\/\",\"name\":\"Jahresabschlusspr\u00fcfung ergibt Abweichungen zu vorl\u00e4ufigen Konzernergebnissen 2005 aufgrund IFRS Bilanzierung - Allgeier SE\",\"isPartOf\":{\"@id\":\"https:\\\/\\\/www.allgeier.com\\\/de\\\/#website\"},\"datePublished\":\"2006-05-02T17:25:32+00:00\",\"dateModified\":\"2023-01-22T17:10:12+00:00\",\"breadcrumb\":{\"@id\":\"https:\\\/\\\/www.allgeier.com\\\/de\\\/investor-relations\\\/adhoc-announcements\\\/jahresabschlusspruefung-ergibt-abweichungen-zu-vorlaeufigen-konzernergebnissen-2005-aufgrund-ifrs-bilanzierung\\\/#breadcrumb\"},\"inLanguage\":\"de\",\"potentialAction\":[{\"@type\":\"ReadAction\",\"target\":[\"https:\\\/\\\/www.allgeier.com\\\/de\\\/investor-relations\\\/adhoc-announcements\\\/jahresabschlusspruefung-ergibt-abweichungen-zu-vorlaeufigen-konzernergebnissen-2005-aufgrund-ifrs-bilanzierung\\\/\"]}]},{\"@type\":\"BreadcrumbList\",\"@id\":\"https:\\\/\\\/www.allgeier.com\\\/de\\\/investor-relations\\\/adhoc-announcements\\\/jahresabschlusspruefung-ergibt-abweichungen-zu-vorlaeufigen-konzernergebnissen-2005-aufgrund-ifrs-bilanzierung\\\/#breadcrumb\",\"itemListElement\":[{\"@type\":\"ListItem\",\"position\":1,\"name\":\"Home\",\"item\":\"https:\\\/\\\/www.allgeier.com\\\/de\\\/\"},{\"@type\":\"ListItem\",\"position\":2,\"name\":\"Investor Relations\",\"item\":\"https:\\\/\\\/www.allgeier.com\\\/de\\\/investor-relations\\\/\"},{\"@type\":\"ListItem\",\"position\":3,\"name\":\"Ad hoc-Mitteilungen\",\"item\":\"https:\\\/\\\/www.allgeier.com\\\/de\\\/investor-relations\\\/adhoc-announcements\\\/\"},{\"@type\":\"ListItem\",\"position\":4,\"name\":\"Jahresabschlusspr\u00fcfung ergibt Abweichungen zu vorl\u00e4ufigen Konzernergebnissen 2005 aufgrund IFRS Bilanzierung\"}]},{\"@type\":\"WebSite\",\"@id\":\"https:\\\/\\\/www.allgeier.com\\\/de\\\/#website\",\"url\":\"https:\\\/\\\/www.allgeier.com\\\/de\\\/\",\"name\":\"Allgeier SE\",\"description\":\"Software &amp; IT Services for digital transformation\",\"potentialAction\":[{\"@type\":\"SearchAction\",\"target\":{\"@type\":\"EntryPoint\",\"urlTemplate\":\"https:\\\/\\\/www.allgeier.com\\\/de\\\/?s={search_term_string}\"},\"query-input\":{\"@type\":\"PropertyValueSpecification\",\"valueRequired\":true,\"valueName\":\"search_term_string\"}}],\"inLanguage\":\"de\"}]}<\/script>\n<!-- \/ Yoast SEO plugin. -->","yoast_head_json":{"title":"Jahresabschlusspr\u00fcfung ergibt Abweichungen zu vorl\u00e4ufigen Konzernergebnissen 2005 aufgrund IFRS Bilanzierung - Allgeier SE","robots":{"index":"index","follow":"follow","max-snippet":"max-snippet:-1","max-image-preview":"max-image-preview:large","max-video-preview":"max-video-preview:-1"},"canonical":"https:\/\/www.allgeier.com\/de\/investor-relations\/adhoc-announcements\/jahresabschlusspruefung-ergibt-abweichungen-zu-vorlaeufigen-konzernergebnissen-2005-aufgrund-ifrs-bilanzierung\/","og_locale":"de_DE","og_type":"article","og_title":"Jahresabschlusspr\u00fcfung ergibt Abweichungen zu vorl\u00e4ufigen Konzernergebnissen 2005 aufgrund IFRS Bilanzierung - Allgeier SE","og_description":"M\u00fcnchen, 02.05.2006 \u2013 Allgeier Holding AG hat in der Ad-hoc Mitteilung vom 3.2.2006 die vorl\u00e4ufigen Konzernergebnisse f\u00fcr das Gesch\u00e4ftsjahr 2005 mitgeteilt, die sich aus dem vom Vorstand aufgestellten, noch nicht gepr\u00fcften Konzernabschluss gem\u00e4\u00df IFRS ergeben haben. Der Konzernabschluss wird derzeit von","og_url":"https:\/\/www.allgeier.com\/de\/investor-relations\/adhoc-announcements\/jahresabschlusspruefung-ergibt-abweichungen-zu-vorlaeufigen-konzernergebnissen-2005-aufgrund-ifrs-bilanzierung\/","og_site_name":"Allgeier SE","article_modified_time":"2023-01-22T17:10:12+00:00","twitter_card":"summary_large_image","twitter_misc":{"Gesch\u00e4tzte Lesezeit":"4\u00a0Minuten"},"schema":{"@context":"https:\/\/schema.org","@graph":[{"@type":"WebPage","@id":"https:\/\/www.allgeier.com\/de\/investor-relations\/adhoc-announcements\/jahresabschlusspruefung-ergibt-abweichungen-zu-vorlaeufigen-konzernergebnissen-2005-aufgrund-ifrs-bilanzierung\/","url":"https:\/\/www.allgeier.com\/de\/investor-relations\/adhoc-announcements\/jahresabschlusspruefung-ergibt-abweichungen-zu-vorlaeufigen-konzernergebnissen-2005-aufgrund-ifrs-bilanzierung\/","name":"Jahresabschlusspr\u00fcfung ergibt Abweichungen zu vorl\u00e4ufigen Konzernergebnissen 2005 aufgrund IFRS Bilanzierung - Allgeier SE","isPartOf":{"@id":"https:\/\/www.allgeier.com\/de\/#website"},"datePublished":"2006-05-02T17:25:32+00:00","dateModified":"2023-01-22T17:10:12+00:00","breadcrumb":{"@id":"https:\/\/www.allgeier.com\/de\/investor-relations\/adhoc-announcements\/jahresabschlusspruefung-ergibt-abweichungen-zu-vorlaeufigen-konzernergebnissen-2005-aufgrund-ifrs-bilanzierung\/#breadcrumb"},"inLanguage":"de","potentialAction":[{"@type":"ReadAction","target":["https:\/\/www.allgeier.com\/de\/investor-relations\/adhoc-announcements\/jahresabschlusspruefung-ergibt-abweichungen-zu-vorlaeufigen-konzernergebnissen-2005-aufgrund-ifrs-bilanzierung\/"]}]},{"@type":"BreadcrumbList","@id":"https:\/\/www.allgeier.com\/de\/investor-relations\/adhoc-announcements\/jahresabschlusspruefung-ergibt-abweichungen-zu-vorlaeufigen-konzernergebnissen-2005-aufgrund-ifrs-bilanzierung\/#breadcrumb","itemListElement":[{"@type":"ListItem","position":1,"name":"Home","item":"https:\/\/www.allgeier.com\/de\/"},{"@type":"ListItem","position":2,"name":"Investor Relations","item":"https:\/\/www.allgeier.com\/de\/investor-relations\/"},{"@type":"ListItem","position":3,"name":"Ad hoc-Mitteilungen","item":"https:\/\/www.allgeier.com\/de\/investor-relations\/adhoc-announcements\/"},{"@type":"ListItem","position":4,"name":"Jahresabschlusspr\u00fcfung ergibt Abweichungen zu vorl\u00e4ufigen Konzernergebnissen 2005 aufgrund IFRS Bilanzierung"}]},{"@type":"WebSite","@id":"https:\/\/www.allgeier.com\/de\/#website","url":"https:\/\/www.allgeier.com\/de\/","name":"Allgeier SE","description":"Software &amp; IT Services for digital transformation","potentialAction":[{"@type":"SearchAction","target":{"@type":"EntryPoint","urlTemplate":"https:\/\/www.allgeier.com\/de\/?s={search_term_string}"},"query-input":{"@type":"PropertyValueSpecification","valueRequired":true,"valueName":"search_term_string"}}],"inLanguage":"de"}]}},"_links":{"self":[{"href":"https:\/\/www.allgeier.com\/de\/wp-json\/wp\/v2\/pages\/5688","targetHints":{"allow":["GET"]}}],"collection":[{"href":"https:\/\/www.allgeier.com\/de\/wp-json\/wp\/v2\/pages"}],"about":[{"href":"https:\/\/www.allgeier.com\/de\/wp-json\/wp\/v2\/types\/page"}],"author":[{"embeddable":true,"href":"https:\/\/www.allgeier.com\/de\/wp-json\/wp\/v2\/users\/4"}],"replies":[{"embeddable":true,"href":"https:\/\/www.allgeier.com\/de\/wp-json\/wp\/v2\/comments?post=5688"}],"version-history":[{"count":1,"href":"https:\/\/www.allgeier.com\/de\/wp-json\/wp\/v2\/pages\/5688\/revisions"}],"predecessor-version":[{"id":5689,"href":"https:\/\/www.allgeier.com\/de\/wp-json\/wp\/v2\/pages\/5688\/revisions\/5689"}],"up":[{"embeddable":true,"href":"https:\/\/www.allgeier.com\/de\/wp-json\/wp\/v2\/pages\/1155"}],"wp:attachment":[{"href":"https:\/\/www.allgeier.com\/de\/wp-json\/wp\/v2\/media?parent=5688"}],"wp:term":[{"taxonomy":"category","embeddable":true,"href":"https:\/\/www.allgeier.com\/de\/wp-json\/wp\/v2\/categories?post=5688"},{"taxonomy":"post_tag","embeddable":true,"href":"https:\/\/www.allgeier.com\/de\/wp-json\/wp\/v2\/tags?post=5688"}],"curies":[{"name":"wp","href":"https:\/\/api.w.org\/{rel}","templated":true}]}}