{"id":5700,"date":"2006-02-03T16:30:59","date_gmt":"2006-02-03T17:30:59","guid":{"rendered":"https:\/\/www.allgeier.com\/de\/?page_id=5700"},"modified":"2023-01-22T17:10:12","modified_gmt":"2023-01-22T17:10:12","slug":"vorlaeufige-zahlen-zeigen-gewinnsprung-bei-allgeier-fuer-2005","status":"publish","type":"page","link":"https:\/\/www.allgeier.com\/de\/investor-relations\/adhoc-announcements\/vorlaeufige-zahlen-zeigen-gewinnsprung-bei-allgeier-fuer-2005\/","title":{"rendered":"Vorl\u00e4ufige Zahlen zeigen Gewinnsprung bei Allgeier f\u00fcr 2005"},"content":{"rendered":"<p><b>Allgeier Holding AG \/ Vorl\u00e4ufiges Ergebnis<\/b>Ad-hoc-Meldung nach \u00a7 15 WpHG \u00fcbermittelt durch die DGAP &#8211; ein Unternehmen der EquityStory AG.F\u00fcr den Inhalt der Mitteilung ist der Emittent verantwortlich.&#8212;&#8212;&#8212;&#8212;&#8212;&#8212;&#8212;&#8212;&#8212;&#8212;&#8212;&#8212;&#8212;&#8212;&#8212;&#8212;&#8212;&#8212;&#8212;&#8212;&#8212;&#8212;&#8212;&#8212;&#8212;Allgeier Holding AG: Vorl\u00e4ufige Ergebnisse 2005 nach IFRS; WeitereAkquisitionenUngepr\u00fcfter, vorl\u00e4ufiger Konzernumsatz EUR 72,9 Mio.Operatives Konzernergebnis vor Abschreibungen (EBITDA) ca. EUR 6,5 Mio.Ergebnis vor Zinsen (EBIT) ca. EUR 4,7 Mio. Konzernergebnis vor Steuern (EBT) ca. EUR 3,7 Mio.M\u00fcnchen, 3.2.2006 \u2013 Die Allgeier Holding AG wird die bisherigen Prognosenf\u00fcr das Gesch\u00e4ftsjahr 2005 deutlich \u00fcbertreffen. Gem\u00e4\u00df der vorl\u00e4ufigen,ungepr\u00fcften Konzernzahlen nach IFRS 2005 stieg der Umsatz um 84%, von 39,6Mio. EUR 2004 auf 72,9 Mio. EUR 2005. Das operative Konzernergebnis vorAbschreibungen (EBITDA) wuchs um 117%, von 3,0 Mio. EUR 2004 auf ca. 6,5Mio. EUR 2005. Nach betrieblichen Abschreibungen von ca. 1,8 Mio. EURentsteht im Konzern ein vorl\u00e4ufiges Ergebnis vor Zinsen und Steuern (EBIT)von ca. 4,7 Mio. EUR (Vorjahr &#8211; 2,6 Mio. EUR) und ein Konzernergebnis vorSteuern (EBT) von ca. 3,7 Mio. EUR. Aufgrund der komplexen Berechnung derSteuern im Konzern macht Allgeier vor abschlie\u00dfender Pr\u00fcfung keine Aussagezum Ergebnis nach Steuern. Der Vorstand geht jedoch davon aus, dass dasJahresergebnis erstmals in der Geschichte der AG positiv sein wird.Mit der erfolgreichen Entwicklung von operativem Gesch\u00e4ft und Cash Flowsowie der im Herbst 2005 erfolgten Platzierung von Genussrechtskapital inH\u00f6he von 6 Mio. EUR ist die Kapital- und Liquidit\u00e4tsausstattung der Gruppekomfortabel. Die liquiden Mittel des Konzerns betragen zum 31.12.2005 ca.14 Mio. EUR.Die deutliche Verbesserung von Konzernleistung und Ergebnis istzur\u00fcckzuf\u00fchren auf die anhaltend gute Entwicklung der operativenGesellschaften der Allgeier-Gruppe. Alle Gesch\u00e4ftsbereiche trugen zurpositiven Entwicklung bei. Die im September 2005 neu erworbenenBeteiligungen an der Softcon AG, M\u00fcnchen, (80%) sowie an denPersonalservice-Unternehmensgruppen MR und IP, beide Mannheim, (90%) wurdenzeitanteilig ab September 2005 mit 4 Monaten konsolidiert.Die Aussichten f\u00fcr das Gesch\u00e4ftsjahr 2006 sind vor dem Hintergrund derguten Entwicklung der operativen Gesellschaften positiv einzusch\u00e4tzen. Nachder vorliegenden Unternehmensplanung rechnet der Vorstand f\u00fcr dasGesch\u00e4ftsjahr 2006 auf Basis eines unver\u00e4nderten Konsolidierungskreises miteinem Konzernumsatz von ca. 110 Mio. EUR und einem Konzern-EBIT von \u00fcber 8Mio. EUR.Die erwartet gute Entwicklung der Gruppe soll auch 2006 durch weitereAkquisitionen gest\u00e4rkt werden. Aktuell erwartet der Vorstand dieerfolgreiche Verhandlung und Durchf\u00fchrung einer Akquisition eines imBereich IT-Services t\u00e4tigen Unternehmens mit einem voraussichtlichenJahresumsatz in 2005 von ca. EUR 14,5 Mio. und einem voraussichtlichen EBIT2005 von ca. EUR 2 Mio. Ein entsprechender Kaufvertrag wird derzeit auf derGrundlage eines unterzeichneten Letter of Intent noch verhandelt und sollvoraussichtlich innerhalb der n\u00e4chsten f\u00fcnf Wochen abgeschlossen werden.Kontakt:Allgeier Holding AGCarl Georg D\u00fcrschmidtVorstandWehrlestr. 1281679 M\u00fcnchenTel. 089-998421-0Fax  089-998421-11www.allgeier-holding.deDas UnternehmenDie Allgeier Holding AG fungiert als F\u00fchrungsholding einer europaweitagierenden Unternehmensgruppe, die sich auf zwei wachstumsstarke M\u00e4rktekonzentriert: IT-Services und Personal-Services. Mit unseren IT-Servicesunterst\u00fctzen wir Unternehmen bei der Umsetzung von Innovationen, derVerbesserung des Informationsflusses und der Optimierung vonGesch\u00e4ftsabl\u00e4ufen. Die on-demand Personal-Services helfen unseren Kunden,ihre Prozesse und Kapazit\u00e4ten flexibel an die Auftragslage anzupassen. Ende2005 besch\u00e4ftigte die Allgeier-Gruppe \u00fcber 2000 Mitarbeiter in neuneigenst\u00e4ndigen, leistungsf\u00e4higen Mittelstands-Unternehmen. Die AllgeierHolding AG hat ihren Sitz in M\u00fcnchen und ist an der Frankfurter B\u00f6rse imSegment General Standard notiert (WKN 508630\/ISIN DE 000508630).Wichtiger Hinweis:Diese Ad-hoc Mitteilung\/Pressemitteilung enth\u00e4lt in die Zukunft gerichteteAussagen, die auf Annahmen und Sch\u00e4tzungen der Unternehmensleitung derAllgeier Holding AG beruhen. Auch wenn die Unternehmensleitung der Ansichtist, dass diese Annahmen und Sch\u00e4tzungen zutreffend sind, k\u00f6nnen diek\u00fcnftige tats\u00e4chliche Entwicklung und die k\u00fcnftigen tats\u00e4chlichenErgebnisse von diesen Annahmen und Sch\u00e4tzungen aufgrund vielf\u00e4ltigerFaktoren erheblich abweichen. Zu diesen Faktoren k\u00f6nnen beispielsweise dieVer\u00e4nderung der gesamtwirtschaftlichen Lage, der Wechselkurse, derZinss\u00e4tze sowie Ver\u00e4nderungen innerhalb der Marktentwicklung und der sichver\u00e4nderten Wettbewerbssituation geh\u00f6ren. Die Allgeier Holding AG \u00fcbernimmtkeine Gew\u00e4hrleistung und keine Haftung daf\u00fcr, dass die k\u00fcnftige Entwicklungund die k\u00fcnftig erzielten tats\u00e4chlichen Ergebnisse mit den in dieser Ad-hocMitteilung\/Pressemitteilung ge\u00e4u\u00dferten Annahmen und Sch\u00e4tzungen\u00fcbereinstimmen werden.DGAP 03.02.2006 &#8212;&#8212;&#8212;&#8212;&#8212;&#8212;&#8212;&#8212;&#8212;&#8212;&#8212;&#8212;&#8212;&#8212;&#8212;&#8212;&#8212;&#8212;&#8212;&#8212;&#8212;&#8212;&#8212;&#8212;&#8212; Sprache:      DeutschEmittent:     Allgeier Holding AG              Wehrlestrasse 12              81679 M\u00fcnchen DeutschlandTelefon:      +49 (0)89 998 421-0Fax:          +49 (0)89 998 421-11Email:        info@allgeier.comWWW:          www.allgeier-holding.comISIN:         DE0005086300WKN:          508630Indizes:      CDAXB\u00f6rsen:       Geregelter Markt in Frankfurt; Freiverkehr in Berlin-Bremen,              Hannover, D\u00fcsseldorf, Hamburg, Stuttgart Ende der Mitteilung                             DGAP News-Service &#8212;&#8212;&#8212;&#8212;&#8212;&#8212;&#8212;&#8212;&#8212;&#8212;&#8212;&#8212;&#8212;&#8212;&#8212;&#8212;&#8212;&#8212;&#8212;&#8212;&#8212;&#8212;&#8212;&#8212;&#8212;<\/p>\n","protected":false},"excerpt":{"rendered":"<p>Allgeier Holding AG: Vorl\u00e4ufige Ergebnisse 2005 nach IFRS; Weitere Akquisitionen Ungepr\u00fcfter, vorl\u00e4ufiger Konzernumsatz EUR 72,9 Mio. Operatives Konzernergebnis vor Abschreibungen (EBITDA) ca. EUR 6,5 Mio. Ergebnis vor Zinsen (EBIT) ca. EUR 4,7 Mio. Konzernergebnis vor Steuern (EBT) ca. EUR 3,7 Mio.<\/p>\n","protected":false},"author":4,"featured_media":0,"parent":1155,"menu_order":0,"comment_status":"close","ping_status":"closed","template":"","meta":{"_acf_changed":false,"footnotes":""},"categories":[],"tags":[],"class_list":["post-5700","page","type-page","status-publish","hentry"],"acf":[],"yoast_head":"<!-- This site is optimized with the Yoast SEO plugin v27.4 - https:\/\/yoast.com\/product\/yoast-seo-wordpress\/ -->\n<title>Vorl\u00e4ufige Zahlen zeigen Gewinnsprung bei Allgeier f\u00fcr 2005 - Allgeier SE<\/title>\n<meta name=\"robots\" content=\"index, follow, max-snippet:-1, max-image-preview:large, max-video-preview:-1\" \/>\n<link rel=\"canonical\" href=\"https:\/\/www.allgeier.com\/de\/investor-relations\/adhoc-announcements\/vorlaeufige-zahlen-zeigen-gewinnsprung-bei-allgeier-fuer-2005\/\" \/>\n<meta property=\"og:locale\" content=\"de_DE\" \/>\n<meta property=\"og:type\" content=\"article\" \/>\n<meta property=\"og:title\" content=\"Vorl\u00e4ufige Zahlen zeigen Gewinnsprung bei Allgeier f\u00fcr 2005 - Allgeier SE\" \/>\n<meta property=\"og:description\" content=\"Allgeier Holding AG: Vorl\u00e4ufige Ergebnisse 2005 nach IFRS; Weitere Akquisitionen Ungepr\u00fcfter, vorl\u00e4ufiger Konzernumsatz EUR 72,9 Mio. Operatives Konzernergebnis vor Abschreibungen (EBITDA) ca. EUR 6,5 Mio. Ergebnis vor Zinsen (EBIT) ca. EUR 4,7 Mio. Konzernergebnis vor Steuern (EBT) ca. EUR 3,7 Mio.\" \/>\n<meta property=\"og:url\" content=\"https:\/\/www.allgeier.com\/de\/investor-relations\/adhoc-announcements\/vorlaeufige-zahlen-zeigen-gewinnsprung-bei-allgeier-fuer-2005\/\" \/>\n<meta property=\"og:site_name\" content=\"Allgeier SE\" \/>\n<meta property=\"article:modified_time\" content=\"2023-01-22T17:10:12+00:00\" \/>\n<meta name=\"twitter:card\" content=\"summary_large_image\" \/>\n<meta name=\"twitter:label1\" content=\"Gesch\u00e4tzte Lesezeit\" \/>\n\t<meta name=\"twitter:data1\" content=\"3\u00a0Minuten\" \/>\n<script type=\"application\/ld+json\" class=\"yoast-schema-graph\">{\"@context\":\"https:\\\/\\\/schema.org\",\"@graph\":[{\"@type\":\"WebPage\",\"@id\":\"https:\\\/\\\/www.allgeier.com\\\/de\\\/investor-relations\\\/adhoc-announcements\\\/vorlaeufige-zahlen-zeigen-gewinnsprung-bei-allgeier-fuer-2005\\\/\",\"url\":\"https:\\\/\\\/www.allgeier.com\\\/de\\\/investor-relations\\\/adhoc-announcements\\\/vorlaeufige-zahlen-zeigen-gewinnsprung-bei-allgeier-fuer-2005\\\/\",\"name\":\"Vorl\u00e4ufige Zahlen zeigen Gewinnsprung bei Allgeier f\u00fcr 2005 - Allgeier SE\",\"isPartOf\":{\"@id\":\"https:\\\/\\\/www.allgeier.com\\\/de\\\/#website\"},\"datePublished\":\"2006-02-03T17:30:59+00:00\",\"dateModified\":\"2023-01-22T17:10:12+00:00\",\"breadcrumb\":{\"@id\":\"https:\\\/\\\/www.allgeier.com\\\/de\\\/investor-relations\\\/adhoc-announcements\\\/vorlaeufige-zahlen-zeigen-gewinnsprung-bei-allgeier-fuer-2005\\\/#breadcrumb\"},\"inLanguage\":\"de\",\"potentialAction\":[{\"@type\":\"ReadAction\",\"target\":[\"https:\\\/\\\/www.allgeier.com\\\/de\\\/investor-relations\\\/adhoc-announcements\\\/vorlaeufige-zahlen-zeigen-gewinnsprung-bei-allgeier-fuer-2005\\\/\"]}]},{\"@type\":\"BreadcrumbList\",\"@id\":\"https:\\\/\\\/www.allgeier.com\\\/de\\\/investor-relations\\\/adhoc-announcements\\\/vorlaeufige-zahlen-zeigen-gewinnsprung-bei-allgeier-fuer-2005\\\/#breadcrumb\",\"itemListElement\":[{\"@type\":\"ListItem\",\"position\":1,\"name\":\"Home\",\"item\":\"https:\\\/\\\/www.allgeier.com\\\/de\\\/\"},{\"@type\":\"ListItem\",\"position\":2,\"name\":\"Investor Relations\",\"item\":\"https:\\\/\\\/www.allgeier.com\\\/de\\\/investor-relations\\\/\"},{\"@type\":\"ListItem\",\"position\":3,\"name\":\"Ad hoc-Mitteilungen\",\"item\":\"https:\\\/\\\/www.allgeier.com\\\/de\\\/investor-relations\\\/adhoc-announcements\\\/\"},{\"@type\":\"ListItem\",\"position\":4,\"name\":\"Vorl\u00e4ufige Zahlen zeigen Gewinnsprung bei Allgeier f\u00fcr 2005\"}]},{\"@type\":\"WebSite\",\"@id\":\"https:\\\/\\\/www.allgeier.com\\\/de\\\/#website\",\"url\":\"https:\\\/\\\/www.allgeier.com\\\/de\\\/\",\"name\":\"Allgeier SE\",\"description\":\"Software &amp; IT Services for digital transformation\",\"potentialAction\":[{\"@type\":\"SearchAction\",\"target\":{\"@type\":\"EntryPoint\",\"urlTemplate\":\"https:\\\/\\\/www.allgeier.com\\\/de\\\/?s={search_term_string}\"},\"query-input\":{\"@type\":\"PropertyValueSpecification\",\"valueRequired\":true,\"valueName\":\"search_term_string\"}}],\"inLanguage\":\"de\"}]}<\/script>\n<!-- \/ Yoast SEO plugin. -->","yoast_head_json":{"title":"Vorl\u00e4ufige Zahlen zeigen Gewinnsprung bei Allgeier f\u00fcr 2005 - Allgeier SE","robots":{"index":"index","follow":"follow","max-snippet":"max-snippet:-1","max-image-preview":"max-image-preview:large","max-video-preview":"max-video-preview:-1"},"canonical":"https:\/\/www.allgeier.com\/de\/investor-relations\/adhoc-announcements\/vorlaeufige-zahlen-zeigen-gewinnsprung-bei-allgeier-fuer-2005\/","og_locale":"de_DE","og_type":"article","og_title":"Vorl\u00e4ufige Zahlen zeigen Gewinnsprung bei Allgeier f\u00fcr 2005 - Allgeier SE","og_description":"Allgeier Holding AG: Vorl\u00e4ufige Ergebnisse 2005 nach IFRS; Weitere Akquisitionen Ungepr\u00fcfter, vorl\u00e4ufiger Konzernumsatz EUR 72,9 Mio. Operatives Konzernergebnis vor Abschreibungen (EBITDA) ca. EUR 6,5 Mio. Ergebnis vor Zinsen (EBIT) ca. EUR 4,7 Mio. Konzernergebnis vor Steuern (EBT) ca. EUR 3,7 Mio.","og_url":"https:\/\/www.allgeier.com\/de\/investor-relations\/adhoc-announcements\/vorlaeufige-zahlen-zeigen-gewinnsprung-bei-allgeier-fuer-2005\/","og_site_name":"Allgeier SE","article_modified_time":"2023-01-22T17:10:12+00:00","twitter_card":"summary_large_image","twitter_misc":{"Gesch\u00e4tzte Lesezeit":"3\u00a0Minuten"},"schema":{"@context":"https:\/\/schema.org","@graph":[{"@type":"WebPage","@id":"https:\/\/www.allgeier.com\/de\/investor-relations\/adhoc-announcements\/vorlaeufige-zahlen-zeigen-gewinnsprung-bei-allgeier-fuer-2005\/","url":"https:\/\/www.allgeier.com\/de\/investor-relations\/adhoc-announcements\/vorlaeufige-zahlen-zeigen-gewinnsprung-bei-allgeier-fuer-2005\/","name":"Vorl\u00e4ufige Zahlen zeigen Gewinnsprung bei Allgeier f\u00fcr 2005 - Allgeier SE","isPartOf":{"@id":"https:\/\/www.allgeier.com\/de\/#website"},"datePublished":"2006-02-03T17:30:59+00:00","dateModified":"2023-01-22T17:10:12+00:00","breadcrumb":{"@id":"https:\/\/www.allgeier.com\/de\/investor-relations\/adhoc-announcements\/vorlaeufige-zahlen-zeigen-gewinnsprung-bei-allgeier-fuer-2005\/#breadcrumb"},"inLanguage":"de","potentialAction":[{"@type":"ReadAction","target":["https:\/\/www.allgeier.com\/de\/investor-relations\/adhoc-announcements\/vorlaeufige-zahlen-zeigen-gewinnsprung-bei-allgeier-fuer-2005\/"]}]},{"@type":"BreadcrumbList","@id":"https:\/\/www.allgeier.com\/de\/investor-relations\/adhoc-announcements\/vorlaeufige-zahlen-zeigen-gewinnsprung-bei-allgeier-fuer-2005\/#breadcrumb","itemListElement":[{"@type":"ListItem","position":1,"name":"Home","item":"https:\/\/www.allgeier.com\/de\/"},{"@type":"ListItem","position":2,"name":"Investor Relations","item":"https:\/\/www.allgeier.com\/de\/investor-relations\/"},{"@type":"ListItem","position":3,"name":"Ad hoc-Mitteilungen","item":"https:\/\/www.allgeier.com\/de\/investor-relations\/adhoc-announcements\/"},{"@type":"ListItem","position":4,"name":"Vorl\u00e4ufige Zahlen zeigen Gewinnsprung bei Allgeier f\u00fcr 2005"}]},{"@type":"WebSite","@id":"https:\/\/www.allgeier.com\/de\/#website","url":"https:\/\/www.allgeier.com\/de\/","name":"Allgeier SE","description":"Software &amp; IT Services for digital transformation","potentialAction":[{"@type":"SearchAction","target":{"@type":"EntryPoint","urlTemplate":"https:\/\/www.allgeier.com\/de\/?s={search_term_string}"},"query-input":{"@type":"PropertyValueSpecification","valueRequired":true,"valueName":"search_term_string"}}],"inLanguage":"de"}]}},"_links":{"self":[{"href":"https:\/\/www.allgeier.com\/de\/wp-json\/wp\/v2\/pages\/5700","targetHints":{"allow":["GET"]}}],"collection":[{"href":"https:\/\/www.allgeier.com\/de\/wp-json\/wp\/v2\/pages"}],"about":[{"href":"https:\/\/www.allgeier.com\/de\/wp-json\/wp\/v2\/types\/page"}],"author":[{"embeddable":true,"href":"https:\/\/www.allgeier.com\/de\/wp-json\/wp\/v2\/users\/4"}],"replies":[{"embeddable":true,"href":"https:\/\/www.allgeier.com\/de\/wp-json\/wp\/v2\/comments?post=5700"}],"version-history":[{"count":1,"href":"https:\/\/www.allgeier.com\/de\/wp-json\/wp\/v2\/pages\/5700\/revisions"}],"predecessor-version":[{"id":5701,"href":"https:\/\/www.allgeier.com\/de\/wp-json\/wp\/v2\/pages\/5700\/revisions\/5701"}],"up":[{"embeddable":true,"href":"https:\/\/www.allgeier.com\/de\/wp-json\/wp\/v2\/pages\/1155"}],"wp:attachment":[{"href":"https:\/\/www.allgeier.com\/de\/wp-json\/wp\/v2\/media?parent=5700"}],"wp:term":[{"taxonomy":"category","embeddable":true,"href":"https:\/\/www.allgeier.com\/de\/wp-json\/wp\/v2\/categories?post=5700"},{"taxonomy":"post_tag","embeddable":true,"href":"https:\/\/www.allgeier.com\/de\/wp-json\/wp\/v2\/tags?post=5700"}],"curies":[{"name":"wp","href":"https:\/\/api.w.org\/{rel}","templated":true}]}}