{"id":5704,"date":"2005-12-09T09:48:37","date_gmt":"2005-12-09T10:48:37","guid":{"rendered":"https:\/\/www.allgeier.com\/de\/?page_id=5704"},"modified":"2023-01-22T17:10:12","modified_gmt":"2023-01-22T17:10:12","slug":"allgeier-trennt-sich-vom-verlustbringenden-teil-der-ea-gruppe","status":"publish","type":"page","link":"https:\/\/www.allgeier.com\/de\/investor-relations\/adhoc-announcements\/allgeier-trennt-sich-vom-verlustbringenden-teil-der-ea-gruppe\/","title":{"rendered":"Allgeier trennt sich vom verlustbringenden Teil der EA Gruppe"},"content":{"rendered":"<p><b>Allgeier Holding AG \/ Verkauf\/Firmen\u00fcbernahme<\/b>Ad-hoc-Meldung nach \u00a7 15 WpHG \u00fcbermittelt durch die EquityStory AG.F\u00fcr den Inhalt der Mitteilung ist der Emittent verantwortlich.&#8212;&#8212;&#8212;&#8212;&#8212;&#8212;&#8212;&#8212;&#8212;&#8212;&#8212;&#8212;&#8212;&#8212;&#8212;&#8212;&#8212;&#8212;&#8212;&#8212;&#8212;&#8212;&#8212;&#8212;&#8212;M\u00fcnchen 9.12.2005Die Allgeier Beteiligungen GmbH, eine 100 % Tochter der Allgeier HoldingAG, hat heute im Zuge der Neuordnung ihrer Beteiligung an der EA Elektro-Automatik GmbH &amp; Co. KG, von dieser Gesellschaft 100 % der Gesch\u00e4ftsanteileder EA-Schaltnetzger\u00e4te GmbH, Bremen, sowie 51 % derAnteile an der EA Elektro-Automatik Ltd., UK, gegen Zahlung einesGesamtkaufpreises im knapp siebenstelligen Bereich erworben. Gleichzeitighat die Allgeier Beteiligungen GmbH die von ihr gehaltenen 51 % derKommanditanteile an der EA Elektro-Automatik GmbH &amp; Co. KG, Viersen, sowiedie Gesch\u00e4ftsanteile an der Komplement\u00e4rin EA Elektro-AutomatikBeteiligungen GmbH an den bisherigen Mitgesellschafter H. Nolden InvestmentGmbH, gegen Zahlung eines Gesamtkaufpreises im knapp siebenstelligenBereich verkauft. Mit diesem Schritt wurde eine Bereinigung imGesch\u00e4ftsbereich Basistechnologie umgesetzt und der verlustbringende Teilder EA Gruppe verkauft. Die im Rahmen der Transaktion von der AllgeierBeteiligungen GmbH heute erworbenen EA Gesellschaften tragen seit 2003positiv zum Konzernergebnis bei. Der im Zuge des Verkaufs voraussichtlichentstehende Endkonsolidierungsaufwand im Bereich der latenten Steuern wirddas erwartete Nachsteuerergebnis im Konzern in der Gr\u00f6\u00dfenordung bis zu EUR1,5 Mio. belasten. F\u00fcr das Gesch\u00e4ftsjahr 2005 erwartet der Vorstand einErgebnis vor Steuern (EBT) von deutlich \u00fcber \u20ac 3,0 Mio. auf Konzernebene.Kontakt:Carl Georg D\u00fcrschmidtVorstandTel. 089-998421-0Fax  089-998421-11EquityStory AG 09.12.2005 &#8212;&#8212;&#8212;&#8212;&#8212;&#8212;&#8212;&#8212;&#8212;&#8212;&#8212;&#8212;&#8212;&#8212;&#8212;&#8212;&#8212;&#8212;&#8212;&#8212;&#8212;&#8212;&#8212;&#8212;&#8212; Sprache:      DeutschEmittent:     Allgeier Holding AG              Wehrlestrasse 12              81679 M\u00fcnchen DeutschlandTelefon:      +49 (0)89 998 421-0Fax:          +49 (0)89 998 421-11Email:        info@allgeier.comWWW:          www.allgeier-holding.comISIN:         DE0005086300WKN:          508630Indizes:      CDAXB\u00f6rsen:       Geregelter Markt in Frankfurt; Freiverkehr in Berlin-Bremen,              Hannover, D\u00fcsseldorf, Hamburg, Stuttgart Ende der Mitteilung                             EQS News-Service &#8212;&#8212;&#8212;&#8212;&#8212;&#8212;&#8212;&#8212;&#8212;&#8212;&#8212;&#8212;&#8212;&#8212;&#8212;&#8212;&#8212;&#8212;&#8212;&#8212;&#8212;&#8212;&#8212;&#8212;&#8212;<\/p>\n","protected":false},"excerpt":{"rendered":"<p>M\u00fcnchen 9.12.2005 Die Allgeier Beteiligungen GmbH, eine 100 % Tochter der Allgeier Holding AG, hat heute im Zuge der Neuordnung ihrer Beteiligung an der EA Elektro- Automatik GmbH &#038; Co. KG, von dieser Gesellschaft 100 % der Gesch\u00e4ftsanteile der EA-Schaltnetzger\u00e4te GmbH, Bremen, sowie 51 % der Anteile<\/p>\n","protected":false},"author":4,"featured_media":0,"parent":1155,"menu_order":0,"comment_status":"close","ping_status":"closed","template":"","meta":{"_acf_changed":false,"footnotes":""},"categories":[],"tags":[],"class_list":["post-5704","page","type-page","status-publish","hentry"],"acf":[],"yoast_head":"<!-- This site is optimized with the Yoast SEO plugin v27.4 - https:\/\/yoast.com\/product\/yoast-seo-wordpress\/ -->\n<title>Allgeier trennt sich vom verlustbringenden Teil der EA Gruppe - Allgeier SE<\/title>\n<meta name=\"robots\" content=\"index, follow, max-snippet:-1, max-image-preview:large, max-video-preview:-1\" \/>\n<link rel=\"canonical\" href=\"https:\/\/www.allgeier.com\/de\/investor-relations\/adhoc-announcements\/allgeier-trennt-sich-vom-verlustbringenden-teil-der-ea-gruppe\/\" \/>\n<meta property=\"og:locale\" content=\"de_DE\" \/>\n<meta property=\"og:type\" content=\"article\" \/>\n<meta property=\"og:title\" content=\"Allgeier trennt sich vom verlustbringenden Teil der EA Gruppe - Allgeier SE\" \/>\n<meta property=\"og:description\" content=\"M\u00fcnchen 9.12.2005 Die Allgeier Beteiligungen GmbH, eine 100 % Tochter der Allgeier Holding AG, hat heute im Zuge der Neuordnung ihrer Beteiligung an der EA Elektro- Automatik GmbH &amp; Co. KG, von dieser Gesellschaft 100 % der Gesch\u00e4ftsanteile der EA-Schaltnetzger\u00e4te GmbH, Bremen, sowie 51 % der Anteile\" \/>\n<meta property=\"og:url\" content=\"https:\/\/www.allgeier.com\/de\/investor-relations\/adhoc-announcements\/allgeier-trennt-sich-vom-verlustbringenden-teil-der-ea-gruppe\/\" \/>\n<meta property=\"og:site_name\" content=\"Allgeier SE\" \/>\n<meta property=\"article:modified_time\" content=\"2023-01-22T17:10:12+00:00\" \/>\n<meta name=\"twitter:card\" content=\"summary_large_image\" \/>\n<meta name=\"twitter:label1\" content=\"Gesch\u00e4tzte Lesezeit\" \/>\n\t<meta name=\"twitter:data1\" content=\"1\u00a0Minute\" \/>\n<script type=\"application\/ld+json\" class=\"yoast-schema-graph\">{\"@context\":\"https:\\\/\\\/schema.org\",\"@graph\":[{\"@type\":\"WebPage\",\"@id\":\"https:\\\/\\\/www.allgeier.com\\\/de\\\/investor-relations\\\/adhoc-announcements\\\/allgeier-trennt-sich-vom-verlustbringenden-teil-der-ea-gruppe\\\/\",\"url\":\"https:\\\/\\\/www.allgeier.com\\\/de\\\/investor-relations\\\/adhoc-announcements\\\/allgeier-trennt-sich-vom-verlustbringenden-teil-der-ea-gruppe\\\/\",\"name\":\"Allgeier trennt sich vom verlustbringenden Teil der EA Gruppe - Allgeier SE\",\"isPartOf\":{\"@id\":\"https:\\\/\\\/www.allgeier.com\\\/de\\\/#website\"},\"datePublished\":\"2005-12-09T10:48:37+00:00\",\"dateModified\":\"2023-01-22T17:10:12+00:00\",\"breadcrumb\":{\"@id\":\"https:\\\/\\\/www.allgeier.com\\\/de\\\/investor-relations\\\/adhoc-announcements\\\/allgeier-trennt-sich-vom-verlustbringenden-teil-der-ea-gruppe\\\/#breadcrumb\"},\"inLanguage\":\"de\",\"potentialAction\":[{\"@type\":\"ReadAction\",\"target\":[\"https:\\\/\\\/www.allgeier.com\\\/de\\\/investor-relations\\\/adhoc-announcements\\\/allgeier-trennt-sich-vom-verlustbringenden-teil-der-ea-gruppe\\\/\"]}]},{\"@type\":\"BreadcrumbList\",\"@id\":\"https:\\\/\\\/www.allgeier.com\\\/de\\\/investor-relations\\\/adhoc-announcements\\\/allgeier-trennt-sich-vom-verlustbringenden-teil-der-ea-gruppe\\\/#breadcrumb\",\"itemListElement\":[{\"@type\":\"ListItem\",\"position\":1,\"name\":\"Home\",\"item\":\"https:\\\/\\\/www.allgeier.com\\\/de\\\/\"},{\"@type\":\"ListItem\",\"position\":2,\"name\":\"Investor Relations\",\"item\":\"https:\\\/\\\/www.allgeier.com\\\/de\\\/investor-relations\\\/\"},{\"@type\":\"ListItem\",\"position\":3,\"name\":\"Ad hoc-Mitteilungen\",\"item\":\"https:\\\/\\\/www.allgeier.com\\\/de\\\/investor-relations\\\/adhoc-announcements\\\/\"},{\"@type\":\"ListItem\",\"position\":4,\"name\":\"Allgeier trennt sich vom verlustbringenden Teil der EA Gruppe\"}]},{\"@type\":\"WebSite\",\"@id\":\"https:\\\/\\\/www.allgeier.com\\\/de\\\/#website\",\"url\":\"https:\\\/\\\/www.allgeier.com\\\/de\\\/\",\"name\":\"Allgeier SE\",\"description\":\"Software &amp; IT Services for digital transformation\",\"potentialAction\":[{\"@type\":\"SearchAction\",\"target\":{\"@type\":\"EntryPoint\",\"urlTemplate\":\"https:\\\/\\\/www.allgeier.com\\\/de\\\/?s={search_term_string}\"},\"query-input\":{\"@type\":\"PropertyValueSpecification\",\"valueRequired\":true,\"valueName\":\"search_term_string\"}}],\"inLanguage\":\"de\"}]}<\/script>\n<!-- \/ Yoast SEO plugin. -->","yoast_head_json":{"title":"Allgeier trennt sich vom verlustbringenden Teil der EA Gruppe - Allgeier SE","robots":{"index":"index","follow":"follow","max-snippet":"max-snippet:-1","max-image-preview":"max-image-preview:large","max-video-preview":"max-video-preview:-1"},"canonical":"https:\/\/www.allgeier.com\/de\/investor-relations\/adhoc-announcements\/allgeier-trennt-sich-vom-verlustbringenden-teil-der-ea-gruppe\/","og_locale":"de_DE","og_type":"article","og_title":"Allgeier trennt sich vom verlustbringenden Teil der EA Gruppe - Allgeier SE","og_description":"M\u00fcnchen 9.12.2005 Die Allgeier Beteiligungen GmbH, eine 100 % Tochter der Allgeier Holding AG, hat heute im Zuge der Neuordnung ihrer Beteiligung an der EA Elektro- Automatik GmbH & Co. KG, von dieser Gesellschaft 100 % der Gesch\u00e4ftsanteile der EA-Schaltnetzger\u00e4te GmbH, Bremen, sowie 51 % der Anteile","og_url":"https:\/\/www.allgeier.com\/de\/investor-relations\/adhoc-announcements\/allgeier-trennt-sich-vom-verlustbringenden-teil-der-ea-gruppe\/","og_site_name":"Allgeier SE","article_modified_time":"2023-01-22T17:10:12+00:00","twitter_card":"summary_large_image","twitter_misc":{"Gesch\u00e4tzte Lesezeit":"1\u00a0Minute"},"schema":{"@context":"https:\/\/schema.org","@graph":[{"@type":"WebPage","@id":"https:\/\/www.allgeier.com\/de\/investor-relations\/adhoc-announcements\/allgeier-trennt-sich-vom-verlustbringenden-teil-der-ea-gruppe\/","url":"https:\/\/www.allgeier.com\/de\/investor-relations\/adhoc-announcements\/allgeier-trennt-sich-vom-verlustbringenden-teil-der-ea-gruppe\/","name":"Allgeier trennt sich vom verlustbringenden Teil der EA Gruppe - Allgeier SE","isPartOf":{"@id":"https:\/\/www.allgeier.com\/de\/#website"},"datePublished":"2005-12-09T10:48:37+00:00","dateModified":"2023-01-22T17:10:12+00:00","breadcrumb":{"@id":"https:\/\/www.allgeier.com\/de\/investor-relations\/adhoc-announcements\/allgeier-trennt-sich-vom-verlustbringenden-teil-der-ea-gruppe\/#breadcrumb"},"inLanguage":"de","potentialAction":[{"@type":"ReadAction","target":["https:\/\/www.allgeier.com\/de\/investor-relations\/adhoc-announcements\/allgeier-trennt-sich-vom-verlustbringenden-teil-der-ea-gruppe\/"]}]},{"@type":"BreadcrumbList","@id":"https:\/\/www.allgeier.com\/de\/investor-relations\/adhoc-announcements\/allgeier-trennt-sich-vom-verlustbringenden-teil-der-ea-gruppe\/#breadcrumb","itemListElement":[{"@type":"ListItem","position":1,"name":"Home","item":"https:\/\/www.allgeier.com\/de\/"},{"@type":"ListItem","position":2,"name":"Investor Relations","item":"https:\/\/www.allgeier.com\/de\/investor-relations\/"},{"@type":"ListItem","position":3,"name":"Ad hoc-Mitteilungen","item":"https:\/\/www.allgeier.com\/de\/investor-relations\/adhoc-announcements\/"},{"@type":"ListItem","position":4,"name":"Allgeier trennt sich vom verlustbringenden Teil der EA Gruppe"}]},{"@type":"WebSite","@id":"https:\/\/www.allgeier.com\/de\/#website","url":"https:\/\/www.allgeier.com\/de\/","name":"Allgeier SE","description":"Software &amp; IT Services for digital transformation","potentialAction":[{"@type":"SearchAction","target":{"@type":"EntryPoint","urlTemplate":"https:\/\/www.allgeier.com\/de\/?s={search_term_string}"},"query-input":{"@type":"PropertyValueSpecification","valueRequired":true,"valueName":"search_term_string"}}],"inLanguage":"de"}]}},"_links":{"self":[{"href":"https:\/\/www.allgeier.com\/de\/wp-json\/wp\/v2\/pages\/5704","targetHints":{"allow":["GET"]}}],"collection":[{"href":"https:\/\/www.allgeier.com\/de\/wp-json\/wp\/v2\/pages"}],"about":[{"href":"https:\/\/www.allgeier.com\/de\/wp-json\/wp\/v2\/types\/page"}],"author":[{"embeddable":true,"href":"https:\/\/www.allgeier.com\/de\/wp-json\/wp\/v2\/users\/4"}],"replies":[{"embeddable":true,"href":"https:\/\/www.allgeier.com\/de\/wp-json\/wp\/v2\/comments?post=5704"}],"version-history":[{"count":1,"href":"https:\/\/www.allgeier.com\/de\/wp-json\/wp\/v2\/pages\/5704\/revisions"}],"predecessor-version":[{"id":5705,"href":"https:\/\/www.allgeier.com\/de\/wp-json\/wp\/v2\/pages\/5704\/revisions\/5705"}],"up":[{"embeddable":true,"href":"https:\/\/www.allgeier.com\/de\/wp-json\/wp\/v2\/pages\/1155"}],"wp:attachment":[{"href":"https:\/\/www.allgeier.com\/de\/wp-json\/wp\/v2\/media?parent=5704"}],"wp:term":[{"taxonomy":"category","embeddable":true,"href":"https:\/\/www.allgeier.com\/de\/wp-json\/wp\/v2\/categories?post=5704"},{"taxonomy":"post_tag","embeddable":true,"href":"https:\/\/www.allgeier.com\/de\/wp-json\/wp\/v2\/tags?post=5704"}],"curies":[{"name":"wp","href":"https:\/\/api.w.org\/{rel}","templated":true}]}}